{"id":46140,"date":"2025-05-23T12:55:55","date_gmt":"2025-05-23T09:55:55","guid":{"rendered":"https:\/\/toidupakk.ee\/toode\/universalus-mil-tec-molle-krepselis-su-tvirtinimu\/"},"modified":"2026-04-30T07:01:30","modified_gmt":"2026-04-30T04:01:30","slug":"universalus-mil-tec-molle-krepselis-su-tvirtinimu","status":"publish","type":"product","link":"https:\/\/toidupakk.ee\/lt\/toode\/universalus-mil-tec-molle-krepselis-su-tvirtinimu\/","title":{"rendered":"Universalus MIL-TEC\u00ae MOLLE krep\u0161elis su tvirtinimu"},"content":{"rendered":"<h3 class=\"\" data-start=\"408\" data-end=\"494\">Universalus MOLLE krep\u0161elis \u2013 funkcionalus ir patvarus palydovas lauko s\u0105lygomis<\/h3>\n<p class=\"\" data-start=\"496\" data-end=\"1048\"><strong data-start=\"496\" data-end=\"524\">Universalus MOLLE krep\u0161elis<\/strong> sukurtas aktyviam naudojimui \u017eygiuose, lauko darbuose, karin\u0117je ekipiruot\u0117je ar kasdien\u0117je taktin\u0117je konfig\u016bracijoje. D\u0117l universalaus dizaino ir patvari\u0173 med\u017eiag\u0173 jis idealiai tinka papildomai vietai daiktams susid\u0117ti, kad reikiama \u012franga visada b\u016bt\u0173 po ranka. Krep\u0161elis pagamintas i\u0161 100 % \u201eOxford\u201c poliesterio, padengto PVC sluoksniu \u2013 tai u\u017etikrina ger\u0105 atsparum\u0105 dilimui ir dr\u0117gmei. Be to, krep\u0161elis turi nutek\u0117jimo ang\u0105, kuri i\u0161leid\u017eia susikaupus\u012f vanden\u012f ir i\u0161laiko turin\u012f sausesn\u012f.   <\/p>\n<p class=\"\" data-start=\"1050\" data-end=\"1572\">Krep\u0161elis turi <strong data-start=\"1060\" data-end=\"1092\">MOLLE kilpas tiek priekyje, tiek gale<\/strong>, kurios leid\u017eia j\u012f patogiai pritvirtinti prie kit\u0173 MOLLE sistemos element\u0173. Dvipusis u\u017etrauktukas u\u017etikrina patogi\u0105 prieig\u0105 prie turinio i\u0161 bet kurios pus\u0117s. Vir\u0161uje esantis \u201eVelcro\u201c pagrindas leid\u017eia prid\u0117ti pavard\u017ei\u0173 juosteles, emblemas ar kitus skiriamuosius \u017eenklus. Viduje yra papildomos ki\u0161en\u0117s ir dvi pla\u010dios elastingos juostos, kurios prilaiko \u012frankius, priedus ar pirmosios pagalbos priemones. \u0160onin\u0117s kilpos leid\u017eia pritvirtinti dar daugiau \u012frangos, jei prireikt\u0173.    <\/p>\n<p data-start=\"1050\" data-end=\"1572\"><img fetchpriority=\"high\" decoding=\"async\" class=\"alignnone wp-image-35418 size-thumbnail\" src=\"https:\/\/toidupakk.ee\/wp-content\/uploads\/2025\/05\/2-2-500x500.png\" alt=\"Universalaus MOLLE krep\u0161elio nugar\u0117l\u0117 ir dugnas, matomos MOLLE tvirtinimo kilpos bei anga dr\u0117gmei ir sm\u0117liui pasi\u0161alinti.\" width=\"500\" height=\"500\" srcset=\"https:\/\/toidupakk.ee\/wp-content\/uploads\/2025\/05\/2-2-500x500.png 500w, https:\/\/toidupakk.ee\/wp-content\/uploads\/2025\/05\/2-2-300x300.png 300w, https:\/\/toidupakk.ee\/wp-content\/uploads\/2025\/05\/2-2-768x768.png 768w, https:\/\/toidupakk.ee\/wp-content\/uploads\/2025\/05\/2-2-400x400.png 400w, https:\/\/toidupakk.ee\/wp-content\/uploads\/2025\/05\/2-2-100x100.png 100w, https:\/\/toidupakk.ee\/wp-content\/uploads\/2025\/05\/2-2.png 800w\" sizes=\"(max-width: 500px) 100vw, 500px\" \/><\/p>\n<h3 data-start=\"1050\" data-end=\"1572\">Apgalvotas vidus palaiko tvark\u0105<\/h3>\n<p>Papildom\u0105 vert\u0119 suteikia <strong data-start=\"202\" data-end=\"227\">i\u0161manus krep\u0161elio vidaus i\u0161planavimas<\/strong>, padedantis ma\u017eesnius daiktus laikyti atskirai ir lengvai pasiekiamus. Pagrindiniame skyriuje yra papildoma ki\u0161en\u0117 su lipniu u\u017esegimu ir dvi pla\u010dios elastingos juostos, kuriose galima saugiai laikyti, pavyzd\u017eiui, daugiafunkc\u012f \u012frank\u012f, \u017eibintuv\u0117l\u012f, laidus, \u017eymeklius ar kitus kasdienius priedus. Tai puikus pasirinkimas tiems, kurie vertina sisteming\u0105 \u012frangos i\u0161d\u0117stym\u0105 ir nori i\u0161vengti ma\u017e\u0173 daikt\u0173 pasimetimo pagrindiniame skyriuje. Taip pat puikiai tinka EDC ar medicininei \u012frangai.   <\/p>\n<h3 class=\"\" data-start=\"1574\" data-end=\"1634\">Idealiai tinka prie MIL-TEC 36 l taktin\u0117s kuprin\u0117s \u2013 kuprin\u0119 rasi <a href=\"https:\/\/toidupakk.ee\/toode\/taktikaline-militaar-seljakott-mil-tec-36l-roheline\/\">\u010cIA<\/a><\/h3>\n<p class=\"\" data-start=\"1636\" data-end=\"2223\">D\u0117l standartinio MOLLE tvirtinimo sprendimo \u0161is <strong data-start=\"1690\" data-end=\"1766\">universalus MOLLE krep\u0161elis puikiai tinka prie <a href=\"https:\/\/toidupakk.ee\/toode\/taktikaline-militaar-seljakott-mil-tec-36l-roheline\/\">MIL-TEC 36 l taktin\u0117s kuprin\u0117s<\/a><\/strong>. MOLLE kilpos kuprin\u0117s \u0161onuose ir priekyje leid\u017eia lengvai ir saugiai pritvirtinti krep\u0161el\u012f, netrikdant judesi\u0173 ar svorio pusiausvyros. Tai leid\u017eia vartotojui prid\u0117ti papildomos vietos konkre\u010diai paskir\u010diai \u2013 pavyzd\u017eiui, pirmosios pagalbos rinkiniui, vandens valymo priemon\u0117ms, \u012frankiams ar fotoaparatui \u2013 paliekant pagrindin\u012f skyri\u0173 laisv\u0105 didesniems daiktams. D\u0117l pana\u0161aus atspalvio ir med\u017eiagos krep\u0161elis vizualiai dera prie bendros kuprin\u0117s i\u0161vaizdos.   <\/p>\n<p class=\"\" data-start=\"1661\" data-end=\"1758\">Susipa\u017eink ir su kitais m\u016bs\u0173 asortimente esan\u010diais <a href=\"https:\/\/toidupakk.ee\/lt\/tootekategooria\/mil-tec\/\">MIL-TEC\u00ae priedais<\/a> bei papildyk savo \u012frang\u0105 geriausiais sprendimais.<\/p>\n<p data-start=\"1661\" data-end=\"1758\">Domiesi maistu \u017eygiams? \u017di\u016br\u0117k <a href=\"\/?product_cat=snakk#section-3-79\">\u010cIA<\/a><\/p>\n<p data-start=\"1661\" data-end=\"1758\">Pasisemk \u012fkv\u0117pimo kitiems nuotykiams \u201eToidupakk\u201c <a href=\"https:\/\/www.instagram.com\/toidupakk\/\">Instagram<\/a> ir <a href=\"https:\/\/www.facebook.com\/Toidupakk\/\">Facebook<\/a> paskyrose.<\/p>\n","protected":false},"excerpt":{"rendered":"<p class=\"\" data-start=\"331\" data-end=\"605\"><strong>MIL-TEC\u00ae universalus MOLLE krep\u0161elis tinka tvirtinti tiek prie kuprin\u0117s, tiek prie dir\u017eo, suteikdamas daugyb\u0119 galimybi\u0173 \u012fvairiai \u012frangai susid\u0117ti. I\u0161 tvirto poliesterio pagamintas krep\u0161elis turi MOLLE kilpas priekyje ir gale, kelias vidines ki\u0161enes ir elastines juostas daiktams pritvirtinti. <\/strong><\/p>\n<ul>\n<li data-start=\"607\" data-end=\"1024\">MOLLE kilp\u0173 sistema priekyje ir gale<\/li>\n<li data-start=\"607\" data-end=\"1024\">Dvipusis u\u017etrauktukas \u2013 patogi prieiga i\u0161 abiej\u0173 pusi\u0173<\/li>\n<li data-start=\"607\" data-end=\"1024\">\u201eVelcro\u201c pavir\u0161ius emblemoms ar \u017eenklams<\/li>\n<li data-start=\"607\" data-end=\"1024\">\u0160onin\u0117s kilpos papildomai \u012frangai tvirtinti<\/li>\n<li data-start=\"607\" data-end=\"1024\">Vidin\u0117s ki\u0161en\u0117s ir elastin\u0117s juostos \u012frankiams ar priedams fiksuoti<\/li>\n<li data-start=\"607\" data-end=\"1024\">Tvirta med\u017eiaga: 100 % poliesteris (\u201eOxford\u201c), padengtas PVC<\/li>\n<li data-start=\"607\" data-end=\"1024\">Vandens \/ sm\u0117lio nutek\u0117jimo anga dugne<\/li>\n<li data-start=\"607\" data-end=\"1024\">Matmenys: 19 \u00d7 7 \u00d7 23 cm<\/li>\n<\/ul>\n<p>\u2705 Turime sand\u0117lyje, greitas pristatymas per 1\u20133 darbo dienas<\/p>\n","protected":false},"featured_media":35417,"comment_status":"open","ping_status":"closed","template":"","meta":{"_acf_changed":false},"product_brand":[],"product_cat":[193,201,210,192,189,190],"product_tag":[],"class_list":{"0":"post-46140","1":"product","2":"type-product","3":"status-publish","4":"has-post-thumbnail","6":"product_cat-karine-ekipuote","7":"product_cat-kuprines","8":"product_cat-mil-tec","9":"product_cat-molle-deklai-ir-priedai","10":"product_cat-zygio-iranga","11":"product_cat-zygio-prekes","13":"first","14":"instock","15":"taxable","16":"shipping-taxable","17":"purchasable","18":"product-type-simple"},"bundled_by":[],"bundle_stock_status":"instock","bundle_stock_quantity":1,"bundle_virtual":false,"bundle_layout":"","bundle_add_to_cart_form_location":"","bundle_editable_in_cart":false,"bundle_sold_individually_context":"","bundle_item_grouping":"","bundle_min_size":"","bundle_max_size":"","bundle_price":[],"bundled_items":[],"bundle_sell_ids":[],"acf":[],"yoast_head":"<!-- This site is optimized with the Yoast SEO plugin v27.3 - https:\/\/yoast.com\/product\/yoast-seo-wordpress\/ -->\n<title>Universalus MIL-TEC\u00ae MOLLE krep\u0161elis su tvirtinimu<\/title>\n<meta name=\"description\" content=\"Universalus MOLLE krep\u0161elis, tinkamas tvirtinti prie kuprin\u0117s ar dir\u017eo. Talpus ir patvarus sprendimas ma\u017eesniems priedams ne\u0161iotis.\" \/>\n<meta name=\"robots\" content=\"index, follow, max-snippet:-1, max-image-preview:large, max-video-preview:-1\" \/>\n<link rel=\"canonical\" href=\"https:\/\/toidupakk.ee\/lt\/toode\/universalus-mil-tec-molle-krepselis-su-tvirtinimu\/\" \/>\n<meta property=\"og:locale\" content=\"lt_LT\" \/>\n<meta property=\"og:type\" content=\"article\" \/>\n<meta property=\"og:title\" content=\"Universalus MIL-TEC\u00ae MOLLE krep\u0161elis su tvirtinimu\" \/>\n<meta property=\"og:description\" content=\"Universalus MOLLE krep\u0161elis, tinkamas tvirtinti prie kuprin\u0117s ar dir\u017eo. Talpus ir patvarus sprendimas ma\u017eesniems priedams ne\u0161iotis.\" \/>\n<meta property=\"og:url\" content=\"https:\/\/toidupakk.ee\/lt\/toode\/universalus-mil-tec-molle-krepselis-su-tvirtinimu\/\" \/>\n<meta property=\"og:site_name\" content=\"Toidupakk.ee - Tactical Foodpack toidupakid\" \/>\n<meta property=\"article:publisher\" content=\"https:\/\/www.facebook.com\/Toidupakk\" \/>\n<meta property=\"article:modified_time\" content=\"2026-04-30T04:01:30+00:00\" \/>\n<meta property=\"og:image\" content=\"https:\/\/toidupakk.ee\/wp-content\/uploads\/2025\/05\/1-2.png\" \/>\n\t<meta property=\"og:image:width\" content=\"800\" \/>\n\t<meta property=\"og:image:height\" content=\"800\" \/>\n\t<meta property=\"og:image:type\" content=\"image\/png\" \/>\n<meta name=\"twitter:card\" content=\"summary_large_image\" \/>\n<meta name=\"twitter:label1\" content=\"Est. reading time\" \/>\n\t<meta name=\"twitter:data1\" content=\"2 minut\u0117s\" \/>\n<script type=\"application\/ld+json\" class=\"yoast-schema-graph\">{\"@context\":\"https:\\\/\\\/schema.org\",\"@graph\":[{\"@type\":\"WebPage\",\"@id\":\"https:\\\/\\\/toidupakk.ee\\\/lt\\\/toode\\\/universalus-mil-tec-molle-krepselis-su-tvirtinimu\\\/\",\"url\":\"https:\\\/\\\/toidupakk.ee\\\/lt\\\/toode\\\/universalus-mil-tec-molle-krepselis-su-tvirtinimu\\\/\",\"name\":\"Universalus MIL-TEC\u00ae MOLLE krep\u0161elis su tvirtinimu\",\"isPartOf\":{\"@id\":\"https:\\\/\\\/toidupakk.ee\\\/lt\\\/#website\"},\"primaryImageOfPage\":{\"@id\":\"https:\\\/\\\/toidupakk.ee\\\/lt\\\/toode\\\/universalus-mil-tec-molle-krepselis-su-tvirtinimu\\\/#primaryimage\"},\"image\":{\"@id\":\"https:\\\/\\\/toidupakk.ee\\\/lt\\\/toode\\\/universalus-mil-tec-molle-krepselis-su-tvirtinimu\\\/#primaryimage\"},\"thumbnailUrl\":\"https:\\\/\\\/toidupakk.ee\\\/wp-content\\\/uploads\\\/2025\\\/05\\\/1-2.png\",\"datePublished\":\"2025-05-23T09:55:55+00:00\",\"dateModified\":\"2026-04-30T04:01:30+00:00\",\"description\":\"Universalus MOLLE krep\u0161elis, tinkamas tvirtinti prie kuprin\u0117s ar dir\u017eo. Talpus ir patvarus sprendimas ma\u017eesniems priedams ne\u0161iotis.\",\"breadcrumb\":{\"@id\":\"https:\\\/\\\/toidupakk.ee\\\/lt\\\/toode\\\/universalus-mil-tec-molle-krepselis-su-tvirtinimu\\\/#breadcrumb\"},\"inLanguage\":\"lt-LT\",\"potentialAction\":[{\"@type\":\"ReadAction\",\"target\":[\"https:\\\/\\\/toidupakk.ee\\\/lt\\\/toode\\\/universalus-mil-tec-molle-krepselis-su-tvirtinimu\\\/\"]}]},{\"@type\":\"ImageObject\",\"inLanguage\":\"lt-LT\",\"@id\":\"https:\\\/\\\/toidupakk.ee\\\/lt\\\/toode\\\/universalus-mil-tec-molle-krepselis-su-tvirtinimu\\\/#primaryimage\",\"url\":\"https:\\\/\\\/toidupakk.ee\\\/wp-content\\\/uploads\\\/2025\\\/05\\\/1-2.png\",\"contentUrl\":\"https:\\\/\\\/toidupakk.ee\\\/wp-content\\\/uploads\\\/2025\\\/05\\\/1-2.png\",\"width\":800,\"height\":800},{\"@type\":\"BreadcrumbList\",\"@id\":\"https:\\\/\\\/toidupakk.ee\\\/lt\\\/toode\\\/universalus-mil-tec-molle-krepselis-su-tvirtinimu\\\/#breadcrumb\",\"itemListElement\":[{\"@type\":\"ListItem\",\"position\":1,\"name\":\"Avaleht\",\"item\":\"https:\\\/\\\/toidupakk.ee\\\/lt\\\/\"},{\"@type\":\"ListItem\",\"position\":2,\"name\":\"El. parduotuv\u0117\",\"item\":\"https:\\\/\\\/toidupakk.ee\\\/lt\\\/el-parduotuve\\\/\"},{\"@type\":\"ListItem\",\"position\":3,\"name\":\"Universalus MIL-TEC\u00ae MOLLE krep\u0161elis su tvirtinimu\"}]},{\"@type\":\"WebSite\",\"@id\":\"https:\\\/\\\/toidupakk.ee\\\/lt\\\/#website\",\"url\":\"https:\\\/\\\/toidupakk.ee\\\/lt\\\/\",\"name\":\"Toidupakk.ee - Tactical Foodpack toidupakid\",\"description\":\"Tactical Foodpack k\u00fclmkuivatatud toidupakid ja matkaeined\",\"publisher\":{\"@id\":\"https:\\\/\\\/toidupakk.ee\\\/lt\\\/#organization\"},\"potentialAction\":[{\"@type\":\"SearchAction\",\"target\":{\"@type\":\"EntryPoint\",\"urlTemplate\":\"https:\\\/\\\/toidupakk.ee\\\/lt\\\/?s={search_term_string}\"},\"query-input\":{\"@type\":\"PropertyValueSpecification\",\"valueRequired\":true,\"valueName\":\"search_term_string\"}}],\"inLanguage\":\"lt-LT\"},{\"@type\":\"Organization\",\"@id\":\"https:\\\/\\\/toidupakk.ee\\\/lt\\\/#organization\",\"name\":\"Tactical Foodpack matkaeined\",\"url\":\"https:\\\/\\\/toidupakk.ee\\\/lt\\\/\",\"logo\":{\"@type\":\"ImageObject\",\"inLanguage\":\"lt-LT\",\"@id\":\"https:\\\/\\\/toidupakk.ee\\\/lt\\\/#\\\/schema\\\/logo\\\/image\\\/\",\"url\":\"https:\\\/\\\/toidupakk.ee\\\/wp-content\\\/uploads\\\/2022\\\/01\\\/Toidupakk-matkapood-logo-transparent.png\",\"contentUrl\":\"https:\\\/\\\/toidupakk.ee\\\/wp-content\\\/uploads\\\/2022\\\/01\\\/Toidupakk-matkapood-logo-transparent.png\",\"width\":500,\"height\":500,\"caption\":\"Tactical Foodpack matkaeined\"},\"image\":{\"@id\":\"https:\\\/\\\/toidupakk.ee\\\/lt\\\/#\\\/schema\\\/logo\\\/image\\\/\"},\"sameAs\":[\"https:\\\/\\\/www.facebook.com\\\/Toidupakk\",\"https:\\\/\\\/www.instagram.com\\\/toidupakk\\\/\"]}]}<\/script>\n<!-- \/ Yoast SEO plugin. -->","yoast_head_json":{"title":"Universalus MIL-TEC\u00ae MOLLE krep\u0161elis su tvirtinimu","description":"Universalus MOLLE krep\u0161elis, tinkamas tvirtinti prie kuprin\u0117s ar dir\u017eo. Talpus ir patvarus sprendimas ma\u017eesniems priedams ne\u0161iotis.","robots":{"index":"index","follow":"follow","max-snippet":"max-snippet:-1","max-image-preview":"max-image-preview:large","max-video-preview":"max-video-preview:-1"},"canonical":"https:\/\/toidupakk.ee\/lt\/toode\/universalus-mil-tec-molle-krepselis-su-tvirtinimu\/","og_locale":"lt_LT","og_type":"article","og_title":"Universalus MIL-TEC\u00ae MOLLE krep\u0161elis su tvirtinimu","og_description":"Universalus MOLLE krep\u0161elis, tinkamas tvirtinti prie kuprin\u0117s ar dir\u017eo. Talpus ir patvarus sprendimas ma\u017eesniems priedams ne\u0161iotis.","og_url":"https:\/\/toidupakk.ee\/lt\/toode\/universalus-mil-tec-molle-krepselis-su-tvirtinimu\/","og_site_name":"Toidupakk.ee - Tactical Foodpack toidupakid","article_publisher":"https:\/\/www.facebook.com\/Toidupakk","article_modified_time":"2026-04-30T04:01:30+00:00","og_image":[{"width":800,"height":800,"url":"https:\/\/toidupakk.ee\/wp-content\/uploads\/2025\/05\/1-2.png","type":"image\/png"}],"twitter_card":"summary_large_image","twitter_misc":{"Est. reading time":"2 minut\u0117s"},"schema":{"@context":"https:\/\/schema.org","@graph":[{"@type":"WebPage","@id":"https:\/\/toidupakk.ee\/lt\/toode\/universalus-mil-tec-molle-krepselis-su-tvirtinimu\/","url":"https:\/\/toidupakk.ee\/lt\/toode\/universalus-mil-tec-molle-krepselis-su-tvirtinimu\/","name":"Universalus MIL-TEC\u00ae MOLLE krep\u0161elis su tvirtinimu","isPartOf":{"@id":"https:\/\/toidupakk.ee\/lt\/#website"},"primaryImageOfPage":{"@id":"https:\/\/toidupakk.ee\/lt\/toode\/universalus-mil-tec-molle-krepselis-su-tvirtinimu\/#primaryimage"},"image":{"@id":"https:\/\/toidupakk.ee\/lt\/toode\/universalus-mil-tec-molle-krepselis-su-tvirtinimu\/#primaryimage"},"thumbnailUrl":"https:\/\/toidupakk.ee\/wp-content\/uploads\/2025\/05\/1-2.png","datePublished":"2025-05-23T09:55:55+00:00","dateModified":"2026-04-30T04:01:30+00:00","description":"Universalus MOLLE krep\u0161elis, tinkamas tvirtinti prie kuprin\u0117s ar dir\u017eo. Talpus ir patvarus sprendimas ma\u017eesniems priedams ne\u0161iotis.","breadcrumb":{"@id":"https:\/\/toidupakk.ee\/lt\/toode\/universalus-mil-tec-molle-krepselis-su-tvirtinimu\/#breadcrumb"},"inLanguage":"lt-LT","potentialAction":[{"@type":"ReadAction","target":["https:\/\/toidupakk.ee\/lt\/toode\/universalus-mil-tec-molle-krepselis-su-tvirtinimu\/"]}]},{"@type":"ImageObject","inLanguage":"lt-LT","@id":"https:\/\/toidupakk.ee\/lt\/toode\/universalus-mil-tec-molle-krepselis-su-tvirtinimu\/#primaryimage","url":"https:\/\/toidupakk.ee\/wp-content\/uploads\/2025\/05\/1-2.png","contentUrl":"https:\/\/toidupakk.ee\/wp-content\/uploads\/2025\/05\/1-2.png","width":800,"height":800},{"@type":"BreadcrumbList","@id":"https:\/\/toidupakk.ee\/lt\/toode\/universalus-mil-tec-molle-krepselis-su-tvirtinimu\/#breadcrumb","itemListElement":[{"@type":"ListItem","position":1,"name":"Avaleht","item":"https:\/\/toidupakk.ee\/lt\/"},{"@type":"ListItem","position":2,"name":"El. parduotuv\u0117","item":"https:\/\/toidupakk.ee\/lt\/el-parduotuve\/"},{"@type":"ListItem","position":3,"name":"Universalus MIL-TEC\u00ae MOLLE krep\u0161elis su tvirtinimu"}]},{"@type":"WebSite","@id":"https:\/\/toidupakk.ee\/lt\/#website","url":"https:\/\/toidupakk.ee\/lt\/","name":"Toidupakk.ee - Tactical Foodpack toidupakid","description":"Tactical Foodpack k\u00fclmkuivatatud toidupakid ja matkaeined","publisher":{"@id":"https:\/\/toidupakk.ee\/lt\/#organization"},"potentialAction":[{"@type":"SearchAction","target":{"@type":"EntryPoint","urlTemplate":"https:\/\/toidupakk.ee\/lt\/?s={search_term_string}"},"query-input":{"@type":"PropertyValueSpecification","valueRequired":true,"valueName":"search_term_string"}}],"inLanguage":"lt-LT"},{"@type":"Organization","@id":"https:\/\/toidupakk.ee\/lt\/#organization","name":"Tactical Foodpack matkaeined","url":"https:\/\/toidupakk.ee\/lt\/","logo":{"@type":"ImageObject","inLanguage":"lt-LT","@id":"https:\/\/toidupakk.ee\/lt\/#\/schema\/logo\/image\/","url":"https:\/\/toidupakk.ee\/wp-content\/uploads\/2022\/01\/Toidupakk-matkapood-logo-transparent.png","contentUrl":"https:\/\/toidupakk.ee\/wp-content\/uploads\/2022\/01\/Toidupakk-matkapood-logo-transparent.png","width":500,"height":500,"caption":"Tactical Foodpack matkaeined"},"image":{"@id":"https:\/\/toidupakk.ee\/lt\/#\/schema\/logo\/image\/"},"sameAs":["https:\/\/www.facebook.com\/Toidupakk","https:\/\/www.instagram.com\/toidupakk\/"]}]}},"jetpack_sharing_enabled":true,"_links":{"self":[{"href":"https:\/\/toidupakk.ee\/lt\/wp-json\/wp\/v2\/product\/46140","targetHints":{"allow":["GET"]}}],"collection":[{"href":"https:\/\/toidupakk.ee\/lt\/wp-json\/wp\/v2\/product"}],"about":[{"href":"https:\/\/toidupakk.ee\/lt\/wp-json\/wp\/v2\/types\/product"}],"replies":[{"embeddable":true,"href":"https:\/\/toidupakk.ee\/lt\/wp-json\/wp\/v2\/comments?post=46140"}],"wp:featuredmedia":[{"embeddable":true,"href":"https:\/\/toidupakk.ee\/lt\/wp-json\/wp\/v2\/media\/35417"}],"wp:attachment":[{"href":"https:\/\/toidupakk.ee\/lt\/wp-json\/wp\/v2\/media?parent=46140"}],"wp:term":[{"taxonomy":"product_brand","embeddable":true,"href":"https:\/\/toidupakk.ee\/lt\/wp-json\/wp\/v2\/product_brand?post=46140"},{"taxonomy":"product_cat","embeddable":true,"href":"https:\/\/toidupakk.ee\/lt\/wp-json\/wp\/v2\/product_cat?post=46140"},{"taxonomy":"product_tag","embeddable":true,"href":"https:\/\/toidupakk.ee\/lt\/wp-json\/wp\/v2\/product_tag?post=46140"}],"curies":[{"name":"wp","href":"https:\/\/api.w.org\/{rel}","templated":true}]}}