{"id":46135,"date":"2025-05-23T13:02:57","date_gmt":"2025-05-23T10:02:57","guid":{"rendered":"https:\/\/toidupakk.ee\/toode\/pirmosios-pagalbos-rinkinys-mil-tec-25-daliu-mid\/"},"modified":"2026-04-16T13:01:25","modified_gmt":"2026-04-16T10:01:25","slug":"pirmosios-pagalbos-rinkinys-mil-tec-25-daliu-mid","status":"publish","type":"product","link":"https:\/\/toidupakk.ee\/lt\/toode\/pirmosios-pagalbos-rinkinys-mil-tec-25-daliu-mid\/","title":{"rendered":"Pirmosios pagalbos rinkinys MIL-TEC\u00ae 25 dali\u0173 MID"},"content":{"rendered":"<h3 class=\"\" data-start=\"148\" data-end=\"188\">Kompakti\u0161kas ir efektyvus pirmosios pagalbos rinkinys<\/h3>\n<p class=\"\" data-start=\"189\" data-end=\"589\">Pirmosios pagalbos rinkinys yra apgalvotas ir b\u016btinas \u012frangos elementas kiekvienam \u017eygeiviui, nuotyki\u0173 ie\u0161kotojui ar profesionalui. Rinkinys supakuotas \u012f tvirt\u0105 krep\u0161el\u012f, pagamint\u0105 i\u0161 100 % Oxford poliesterio ir padengt\u0105 polivinilchloridu, u\u017etikrinant\u012f atsparum\u0105 dilimui ir oro s\u0105lygoms. Tai patikima priemon\u0117, padedanti greitai reaguoti \u012f nedidelius su\u017eeidimus.  <\/p>\n<p data-start=\"189\" data-end=\"589\"><img fetchpriority=\"high\" decoding=\"async\" class=\"alignnone wp-image-35445 size-thumbnail\" src=\"https:\/\/toidupakk.ee\/wp-content\/uploads\/2025\/05\/1-6-500x500.png\" alt=\"Ma\u017eas pirmosios pagalbos rinkinys su MOLLE tvirtinimu, kurio sud\u0117tyje yra tvar\u0161\u010diai, pleistrai, pir\u0161tin\u0117s, \u017eirkl\u0117s ir termoizoliacin\u0117 antklod\u0117 \u2013 tinka \u017eygiams, automobiliui ar taktiniam naudojimui.\" width=\"500\" height=\"500\" srcset=\"https:\/\/toidupakk.ee\/wp-content\/uploads\/2025\/05\/1-6-500x500.png 500w, https:\/\/toidupakk.ee\/wp-content\/uploads\/2025\/05\/1-6-300x300.png 300w, https:\/\/toidupakk.ee\/wp-content\/uploads\/2025\/05\/1-6-768x768.png 768w, https:\/\/toidupakk.ee\/wp-content\/uploads\/2025\/05\/1-6-400x400.png 400w, https:\/\/toidupakk.ee\/wp-content\/uploads\/2025\/05\/1-6-100x100.png 100w, https:\/\/toidupakk.ee\/wp-content\/uploads\/2025\/05\/1-6.png 800w\" sizes=\"(max-width: 500px) 100vw, 500px\" \/><\/p>\n<h3 class=\"\" data-start=\"121\" data-end=\"139\">Rinkinio sud\u0117tis<\/h3>\n<p class=\"\" data-start=\"141\" data-end=\"250\">Pirmosios pagalbos rinkin\u012f sudaro 25 kruop\u0161\u010diai parinkti reikmenys, tenkinantys pirminius poreikius \u012fvairiose situacijose:<\/p>\n<ul>\n<li data-start=\"254\" data-end=\"318\">Sidabrin\u0117-auksin\u0117 termoizoliacin\u0117 antklod\u0117 (160 \u00d7 210 cm)<\/li>\n<li data-start=\"254\" data-end=\"318\">Trikampis tvarstis (136 \u00d7 96 \u00d7 96 cm)<\/li>\n<li data-start=\"254\" data-end=\"318\">Medicinin\u0117s \u017eirkl\u0117s<\/li>\n<li data-start=\"254\" data-end=\"318\">Lipnus pleistras (5 m \u00d7 2,5 cm)<\/li>\n<\/ul>\n<p>Pleistr\u0173 rinkin\u012f sudaro:<\/p>\n<ul>\n<li data-start=\"570\" data-end=\"597\">4 \u00d7 pleistrai (10 \u00d7 6 cm)<\/li>\n<li data-start=\"570\" data-end=\"597\">2 \u00d7 pleistrai pir\u0161t\u0173 galiukams<\/li>\n<li data-start=\"570\" data-end=\"597\">2 \u00d7 siauri pleistrai pir\u0161tams (12 \u00d7 2 cm)<\/li>\n<li data-start=\"570\" data-end=\"597\">2 \u00d7 pleistr\u0173 juostel\u0117s (1,9 \u00d7 7,2 cm)<\/li>\n<li data-start=\"570\" data-end=\"597\">4 \u00d7 pleistr\u0173 juostel\u0117s (2,5 \u00d7 7,2 cm)<\/li>\n<\/ul>\n<p class=\"\" data-start=\"742\" data-end=\"756\">Papildomai:<\/p>\n<ul>\n<li data-start=\"759\" data-end=\"788\">Sterilus tvarstis (40 \u00d7 60 cm)<\/li>\n<li data-start=\"759\" data-end=\"788\">2 poros pirmosios pagalbos pir\u0161tini\u0173<\/li>\n<li data-start=\"759\" data-end=\"788\">Pirmosios pagalbos instrukcija \u2013 ai\u0161k\u016bs ir suprantami \u017eingsniai veiksmams<\/li>\n<\/ul>\n<h3 class=\"\" data-start=\"1057\" data-end=\"1113\">Pagaminta Vokietijoje \u2013 kokyb\u0117, kuria gali pasikliauti<\/h3>\n<p class=\"\" data-start=\"1114\" data-end=\"1383\">Rinkin\u012f Vokietijoje pagamino \u201eLeina-Werke GmbH\u201c, o tai garantuoja auk\u0161t\u0105 kokyb\u0119 ir patikimum\u0105. Visi elementai atitinka Europos standartus ir yra skirti naudoti realiose situacijose. Tai ne \u0161iaip turistinis rinkinys, o rimta \u012frangos dalis.  <\/p>\n<h3 class=\"\" data-start=\"73\" data-end=\"114\">Patogu naudoti ir lengva pritvirtinti<\/h3>\n<p class=\"\" data-start=\"116\" data-end=\"569\">Pirmosios pagalbos rinkinio krep\u0161ys yra kompakti\u0161kas ir lengvas, tod\u0117l j\u012f galima greitai ir saugiai pritvirtinti prie dir\u017eo, kuprin\u0117s ar kitos \u012frangos. D\u0117l to rinkinys yra idealus palydovas \u017eygiuose, automobilyje, darbo vietoje ar taktiniame naudojime. D\u0117l gerai organizuoto turinio ir ai\u0161kiai matom\u0173 reikmen\u0173 reikiamos priemon\u0117s pasiekiamos akimirksniu, tod\u0117l kritiniu momentu galima veikti greitai ir efektyviai.  <\/p>\n<h3 class=\"\" data-start=\"151\" data-end=\"188\">Pirmosios pagalbos rinkinys tinka kiekvienam naudotojui<\/h3>\n<p class=\"\" data-start=\"190\" data-end=\"681\">Nesvarbu, ar esi \u017eygi\u0173 entuziastas, savanoris, vairuotojas, t\u0117vas ar darbininkas \u2013 <strong data-start=\"269\" data-end=\"288\">pirmosios pagalbos rinkinys<\/strong> yra \u012franga, kurios tur\u0117jimas netik\u0117tu momentu gali b\u016bti lemiamas. Ma\u017ei \u012fpjovimai, nubrozdinimai, nudegimai ar net stipresni su\u017ealojimai reikalauja greito \u012fsiki\u0161imo, o b\u016btent toks kompakti\u0161kas rinkinys leid\u017eia reaguoti operatyviai. D\u0117l tinkamai parinkto turinio ir suprantamo i\u0161d\u0117stymo naudotojui neb\u016btina b\u016bti medicinos darbuotoju \u2013 pakanka pagrindini\u0173 \u012fg\u016bd\u017ei\u0173 ir sekti instrukcijas.  <\/p>\n<p class=\"\" data-start=\"683\" data-end=\"1258\">\u0160is pirmosios pagalbos rinkinys puikiai tinka tiems, kurie nenori saugumo palikti atsitiktinumui. Be to, tai idealus pasirinkimas \u017emon\u0117ms, vertinantiems kompakti\u0161kum\u0105, paprastum\u0105 ir patikimum\u0105. Jei da\u017enai medicinos priemon\u0117s lieka namuose ar kur nors toli, tai \u0161\u012f rinkin\u012f d\u0117l Molle tvirtinimo visada gali tur\u0117ti su savimi \u2013 ant dir\u017eo, kuprin\u0117s ar taktin\u0117s liemen\u0117s. B\u016btent tod\u0117l jis tinka tiek kasdieniam naudojimui miesto aplinkoje, tiek reiklioms lauko s\u0105lygoms. Tai ma\u017eas, bet svarbus \u017eingsnis didesnio saugumo ir atsakingo pasiruo\u0161imo link.    <\/p>\n<p class=\"\" data-start=\"1661\" data-end=\"1758\">Susipa\u017eink ir su kitais <a href=\"https:\/\/toidupakk.ee\/lt\/tootekategooria\/mil-tec\/\">MIL-TEC\u00ae priedais<\/a> m\u016bs\u0173 asortimente bei papildyk savo \u012frang\u0105 geriausiais sprendimais.<\/p>\n<p data-start=\"1661\" data-end=\"1758\">Pasisemk \u012fkv\u0117pimo kitiems nuotykiams \u201eToidupakk\u201c <a href=\"https:\/\/www.instagram.com\/toidupakk\/\">Instagram<\/a> ir <a href=\"https:\/\/www.facebook.com\/Toidupakk\/\">Facebook<\/a> paskyrose.<\/p>\n","protected":false},"excerpt":{"rendered":"<p class=\"\" data-start=\"77\" data-end=\"309\"><strong>MIL-TEC\u00ae pirmosios pagalbos rinkinyje yra visi reikmenys, b\u016btini pirmajai pagalbai suteikti, kad b\u016bt\u0173 u\u017etikrinta galimyb\u0117 greitai reaguoti netik\u0117tose situacijose. Prakti\u0161kas pasirinkimas \u017eygiui, darbui, automobiliui ar taktin\u0117s \u012frangos papildymui. <\/strong><\/p>\n<ul>\n<li data-start=\"311\" data-end=\"739\">Sud\u0117tyje yra 25 pirmosios pagalbos reikmenys: pleistrai, tvar\u0161\u010diai, \u017eirkl\u0117s, pir\u0161tin\u0117s, termoizoliacin\u0117 antklod\u0117 ir kt.<\/li>\n<li data-start=\"311\" data-end=\"739\">Tvirtas krep\u0161ys: pagamintas i\u0161 100 % Oxford poliesterio su poliuretano danga \u2013 atsparus dilimui ir dr\u0117gmei<\/li>\n<li data-start=\"311\" data-end=\"739\">Prakti\u0161kas dydis, tinka tvirtinti su MOLLE sistema<\/li>\n<li data-start=\"311\" data-end=\"739\">Lengvas ir ne\u0161iojamas<\/li>\n<li data-start=\"311\" data-end=\"739\">Idealiai tinka \u017eygiams, automobiliui, darbo vietai ar \u012frangos krep\u0161iui<\/li>\n<\/ul>\n<p class=\"\" data-start=\"741\" data-end=\"783\">\u2705 Turime sand\u0117lyje, greitas pristatymas per 1\u20133 darbo dienas<\/p>\n","protected":false},"featured_media":35445,"comment_status":"open","ping_status":"closed","template":"","meta":{"_acf_changed":false},"product_brand":[],"product_cat":[193,210,192,254,189,190],"product_tag":[],"class_list":{"0":"post-46135","1":"product","2":"type-product","3":"status-publish","4":"has-post-thumbnail","6":"product_cat-karine-ekipuote","7":"product_cat-mil-tec","8":"product_cat-molle-deklai-ir-priedai","9":"product_cat-pirmosios-pagalbos-rinkiniai","10":"product_cat-zygio-iranga","11":"product_cat-zygio-prekes","13":"first","14":"instock","15":"taxable","16":"shipping-taxable","17":"purchasable","18":"product-type-simple"},"bundled_by":[],"bundle_stock_status":"instock","bundle_stock_quantity":5,"bundle_virtual":false,"bundle_layout":"","bundle_add_to_cart_form_location":"","bundle_editable_in_cart":false,"bundle_sold_individually_context":"","bundle_item_grouping":"","bundle_min_size":"","bundle_max_size":"","bundle_price":[],"bundled_items":[],"bundle_sell_ids":[],"acf":[],"yoast_head":"<!-- This site is optimized with the Yoast SEO plugin v27.3 - https:\/\/yoast.com\/product\/yoast-seo-wordpress\/ -->\n<title>Pirmosios pagalbos rinkinys MIL-TEC\u00ae 25 dali\u0173 MID<\/title>\n<meta name=\"description\" content=\"Pirmosios pagalbos rinkinys ma\u017eame MOLLE krep\u0161yje \u2013 jame yra 25 svarbiausi reikmenys: tvar\u0161\u010diai, pleistrai, pir\u0161tin\u0117s ir termoizoliacin\u0117 antklod\u0117.\" \/>\n<meta name=\"robots\" content=\"index, follow, max-snippet:-1, max-image-preview:large, max-video-preview:-1\" \/>\n<link rel=\"canonical\" href=\"https:\/\/toidupakk.ee\/lt\/toode\/pirmosios-pagalbos-rinkinys-mil-tec-25-daliu-mid\/\" \/>\n<meta property=\"og:locale\" content=\"lt_LT\" \/>\n<meta property=\"og:type\" content=\"article\" \/>\n<meta property=\"og:title\" content=\"Pirmosios pagalbos rinkinys MIL-TEC\u00ae 25 dali\u0173 MID\" \/>\n<meta property=\"og:description\" content=\"Pirmosios pagalbos rinkinys ma\u017eame MOLLE krep\u0161yje \u2013 jame yra 25 svarbiausi reikmenys: tvar\u0161\u010diai, pleistrai, pir\u0161tin\u0117s ir termoizoliacin\u0117 antklod\u0117.\" \/>\n<meta property=\"og:url\" content=\"https:\/\/toidupakk.ee\/lt\/toode\/pirmosios-pagalbos-rinkinys-mil-tec-25-daliu-mid\/\" \/>\n<meta property=\"og:site_name\" content=\"Toidupakk.ee - Tactical Foodpack toidupakid\" \/>\n<meta property=\"article:publisher\" content=\"https:\/\/www.facebook.com\/Toidupakk\" \/>\n<meta property=\"article:modified_time\" content=\"2026-04-16T10:01:25+00:00\" \/>\n<meta property=\"og:image\" content=\"https:\/\/toidupakk.ee\/wp-content\/uploads\/2025\/05\/1-6.png\" \/>\n\t<meta property=\"og:image:width\" content=\"800\" \/>\n\t<meta property=\"og:image:height\" content=\"800\" \/>\n\t<meta property=\"og:image:type\" content=\"image\/png\" \/>\n<meta name=\"twitter:card\" content=\"summary_large_image\" \/>\n<meta name=\"twitter:label1\" content=\"Est. reading time\" \/>\n\t<meta name=\"twitter:data1\" content=\"2 minut\u0117s\" \/>\n<script type=\"application\/ld+json\" class=\"yoast-schema-graph\">{\"@context\":\"https:\\\/\\\/schema.org\",\"@graph\":[{\"@type\":\"WebPage\",\"@id\":\"https:\\\/\\\/toidupakk.ee\\\/lt\\\/toode\\\/pirmosios-pagalbos-rinkinys-mil-tec-25-daliu-mid\\\/\",\"url\":\"https:\\\/\\\/toidupakk.ee\\\/lt\\\/toode\\\/pirmosios-pagalbos-rinkinys-mil-tec-25-daliu-mid\\\/\",\"name\":\"Pirmosios pagalbos rinkinys MIL-TEC\u00ae 25 dali\u0173 MID\",\"isPartOf\":{\"@id\":\"https:\\\/\\\/toidupakk.ee\\\/lt\\\/#website\"},\"primaryImageOfPage\":{\"@id\":\"https:\\\/\\\/toidupakk.ee\\\/lt\\\/toode\\\/pirmosios-pagalbos-rinkinys-mil-tec-25-daliu-mid\\\/#primaryimage\"},\"image\":{\"@id\":\"https:\\\/\\\/toidupakk.ee\\\/lt\\\/toode\\\/pirmosios-pagalbos-rinkinys-mil-tec-25-daliu-mid\\\/#primaryimage\"},\"thumbnailUrl\":\"https:\\\/\\\/toidupakk.ee\\\/wp-content\\\/uploads\\\/2025\\\/05\\\/1-6.png\",\"datePublished\":\"2025-05-23T10:02:57+00:00\",\"dateModified\":\"2026-04-16T10:01:25+00:00\",\"description\":\"Pirmosios pagalbos rinkinys ma\u017eame MOLLE krep\u0161yje \u2013 jame yra 25 svarbiausi reikmenys: tvar\u0161\u010diai, pleistrai, pir\u0161tin\u0117s ir termoizoliacin\u0117 antklod\u0117.\",\"breadcrumb\":{\"@id\":\"https:\\\/\\\/toidupakk.ee\\\/lt\\\/toode\\\/pirmosios-pagalbos-rinkinys-mil-tec-25-daliu-mid\\\/#breadcrumb\"},\"inLanguage\":\"lt-LT\",\"potentialAction\":[{\"@type\":\"ReadAction\",\"target\":[\"https:\\\/\\\/toidupakk.ee\\\/lt\\\/toode\\\/pirmosios-pagalbos-rinkinys-mil-tec-25-daliu-mid\\\/\"]}]},{\"@type\":\"ImageObject\",\"inLanguage\":\"lt-LT\",\"@id\":\"https:\\\/\\\/toidupakk.ee\\\/lt\\\/toode\\\/pirmosios-pagalbos-rinkinys-mil-tec-25-daliu-mid\\\/#primaryimage\",\"url\":\"https:\\\/\\\/toidupakk.ee\\\/wp-content\\\/uploads\\\/2025\\\/05\\\/1-6.png\",\"contentUrl\":\"https:\\\/\\\/toidupakk.ee\\\/wp-content\\\/uploads\\\/2025\\\/05\\\/1-6.png\",\"width\":800,\"height\":800},{\"@type\":\"BreadcrumbList\",\"@id\":\"https:\\\/\\\/toidupakk.ee\\\/lt\\\/toode\\\/pirmosios-pagalbos-rinkinys-mil-tec-25-daliu-mid\\\/#breadcrumb\",\"itemListElement\":[{\"@type\":\"ListItem\",\"position\":1,\"name\":\"Avaleht\",\"item\":\"https:\\\/\\\/toidupakk.ee\\\/lt\\\/\"},{\"@type\":\"ListItem\",\"position\":2,\"name\":\"El. parduotuv\u0117\",\"item\":\"https:\\\/\\\/toidupakk.ee\\\/lt\\\/el-parduotuve\\\/\"},{\"@type\":\"ListItem\",\"position\":3,\"name\":\"Pirmosios pagalbos rinkinys MIL-TEC\u00ae 25 dali\u0173 MID\"}]},{\"@type\":\"WebSite\",\"@id\":\"https:\\\/\\\/toidupakk.ee\\\/lt\\\/#website\",\"url\":\"https:\\\/\\\/toidupakk.ee\\\/lt\\\/\",\"name\":\"Toidupakk.ee - Tactical Foodpack toidupakid\",\"description\":\"Tactical Foodpack k\u00fclmkuivatatud toidupakid ja matkaeined\",\"publisher\":{\"@id\":\"https:\\\/\\\/toidupakk.ee\\\/lt\\\/#organization\"},\"potentialAction\":[{\"@type\":\"SearchAction\",\"target\":{\"@type\":\"EntryPoint\",\"urlTemplate\":\"https:\\\/\\\/toidupakk.ee\\\/lt\\\/?s={search_term_string}\"},\"query-input\":{\"@type\":\"PropertyValueSpecification\",\"valueRequired\":true,\"valueName\":\"search_term_string\"}}],\"inLanguage\":\"lt-LT\"},{\"@type\":\"Organization\",\"@id\":\"https:\\\/\\\/toidupakk.ee\\\/lt\\\/#organization\",\"name\":\"Tactical Foodpack matkaeined\",\"url\":\"https:\\\/\\\/toidupakk.ee\\\/lt\\\/\",\"logo\":{\"@type\":\"ImageObject\",\"inLanguage\":\"lt-LT\",\"@id\":\"https:\\\/\\\/toidupakk.ee\\\/lt\\\/#\\\/schema\\\/logo\\\/image\\\/\",\"url\":\"https:\\\/\\\/toidupakk.ee\\\/wp-content\\\/uploads\\\/2022\\\/01\\\/Toidupakk-matkapood-logo-transparent.png\",\"contentUrl\":\"https:\\\/\\\/toidupakk.ee\\\/wp-content\\\/uploads\\\/2022\\\/01\\\/Toidupakk-matkapood-logo-transparent.png\",\"width\":500,\"height\":500,\"caption\":\"Tactical Foodpack matkaeined\"},\"image\":{\"@id\":\"https:\\\/\\\/toidupakk.ee\\\/lt\\\/#\\\/schema\\\/logo\\\/image\\\/\"},\"sameAs\":[\"https:\\\/\\\/www.facebook.com\\\/Toidupakk\",\"https:\\\/\\\/www.instagram.com\\\/toidupakk\\\/\"]}]}<\/script>\n<!-- \/ Yoast SEO plugin. -->","yoast_head_json":{"title":"Pirmosios pagalbos rinkinys MIL-TEC\u00ae 25 dali\u0173 MID","description":"Pirmosios pagalbos rinkinys ma\u017eame MOLLE krep\u0161yje \u2013 jame yra 25 svarbiausi reikmenys: tvar\u0161\u010diai, pleistrai, pir\u0161tin\u0117s ir termoizoliacin\u0117 antklod\u0117.","robots":{"index":"index","follow":"follow","max-snippet":"max-snippet:-1","max-image-preview":"max-image-preview:large","max-video-preview":"max-video-preview:-1"},"canonical":"https:\/\/toidupakk.ee\/lt\/toode\/pirmosios-pagalbos-rinkinys-mil-tec-25-daliu-mid\/","og_locale":"lt_LT","og_type":"article","og_title":"Pirmosios pagalbos rinkinys MIL-TEC\u00ae 25 dali\u0173 MID","og_description":"Pirmosios pagalbos rinkinys ma\u017eame MOLLE krep\u0161yje \u2013 jame yra 25 svarbiausi reikmenys: tvar\u0161\u010diai, pleistrai, pir\u0161tin\u0117s ir termoizoliacin\u0117 antklod\u0117.","og_url":"https:\/\/toidupakk.ee\/lt\/toode\/pirmosios-pagalbos-rinkinys-mil-tec-25-daliu-mid\/","og_site_name":"Toidupakk.ee - Tactical Foodpack toidupakid","article_publisher":"https:\/\/www.facebook.com\/Toidupakk","article_modified_time":"2026-04-16T10:01:25+00:00","og_image":[{"width":800,"height":800,"url":"https:\/\/toidupakk.ee\/wp-content\/uploads\/2025\/05\/1-6.png","type":"image\/png"}],"twitter_card":"summary_large_image","twitter_misc":{"Est. reading time":"2 minut\u0117s"},"schema":{"@context":"https:\/\/schema.org","@graph":[{"@type":"WebPage","@id":"https:\/\/toidupakk.ee\/lt\/toode\/pirmosios-pagalbos-rinkinys-mil-tec-25-daliu-mid\/","url":"https:\/\/toidupakk.ee\/lt\/toode\/pirmosios-pagalbos-rinkinys-mil-tec-25-daliu-mid\/","name":"Pirmosios pagalbos rinkinys MIL-TEC\u00ae 25 dali\u0173 MID","isPartOf":{"@id":"https:\/\/toidupakk.ee\/lt\/#website"},"primaryImageOfPage":{"@id":"https:\/\/toidupakk.ee\/lt\/toode\/pirmosios-pagalbos-rinkinys-mil-tec-25-daliu-mid\/#primaryimage"},"image":{"@id":"https:\/\/toidupakk.ee\/lt\/toode\/pirmosios-pagalbos-rinkinys-mil-tec-25-daliu-mid\/#primaryimage"},"thumbnailUrl":"https:\/\/toidupakk.ee\/wp-content\/uploads\/2025\/05\/1-6.png","datePublished":"2025-05-23T10:02:57+00:00","dateModified":"2026-04-16T10:01:25+00:00","description":"Pirmosios pagalbos rinkinys ma\u017eame MOLLE krep\u0161yje \u2013 jame yra 25 svarbiausi reikmenys: tvar\u0161\u010diai, pleistrai, pir\u0161tin\u0117s ir termoizoliacin\u0117 antklod\u0117.","breadcrumb":{"@id":"https:\/\/toidupakk.ee\/lt\/toode\/pirmosios-pagalbos-rinkinys-mil-tec-25-daliu-mid\/#breadcrumb"},"inLanguage":"lt-LT","potentialAction":[{"@type":"ReadAction","target":["https:\/\/toidupakk.ee\/lt\/toode\/pirmosios-pagalbos-rinkinys-mil-tec-25-daliu-mid\/"]}]},{"@type":"ImageObject","inLanguage":"lt-LT","@id":"https:\/\/toidupakk.ee\/lt\/toode\/pirmosios-pagalbos-rinkinys-mil-tec-25-daliu-mid\/#primaryimage","url":"https:\/\/toidupakk.ee\/wp-content\/uploads\/2025\/05\/1-6.png","contentUrl":"https:\/\/toidupakk.ee\/wp-content\/uploads\/2025\/05\/1-6.png","width":800,"height":800},{"@type":"BreadcrumbList","@id":"https:\/\/toidupakk.ee\/lt\/toode\/pirmosios-pagalbos-rinkinys-mil-tec-25-daliu-mid\/#breadcrumb","itemListElement":[{"@type":"ListItem","position":1,"name":"Avaleht","item":"https:\/\/toidupakk.ee\/lt\/"},{"@type":"ListItem","position":2,"name":"El. parduotuv\u0117","item":"https:\/\/toidupakk.ee\/lt\/el-parduotuve\/"},{"@type":"ListItem","position":3,"name":"Pirmosios pagalbos rinkinys MIL-TEC\u00ae 25 dali\u0173 MID"}]},{"@type":"WebSite","@id":"https:\/\/toidupakk.ee\/lt\/#website","url":"https:\/\/toidupakk.ee\/lt\/","name":"Toidupakk.ee - Tactical Foodpack toidupakid","description":"Tactical Foodpack k\u00fclmkuivatatud toidupakid ja matkaeined","publisher":{"@id":"https:\/\/toidupakk.ee\/lt\/#organization"},"potentialAction":[{"@type":"SearchAction","target":{"@type":"EntryPoint","urlTemplate":"https:\/\/toidupakk.ee\/lt\/?s={search_term_string}"},"query-input":{"@type":"PropertyValueSpecification","valueRequired":true,"valueName":"search_term_string"}}],"inLanguage":"lt-LT"},{"@type":"Organization","@id":"https:\/\/toidupakk.ee\/lt\/#organization","name":"Tactical Foodpack matkaeined","url":"https:\/\/toidupakk.ee\/lt\/","logo":{"@type":"ImageObject","inLanguage":"lt-LT","@id":"https:\/\/toidupakk.ee\/lt\/#\/schema\/logo\/image\/","url":"https:\/\/toidupakk.ee\/wp-content\/uploads\/2022\/01\/Toidupakk-matkapood-logo-transparent.png","contentUrl":"https:\/\/toidupakk.ee\/wp-content\/uploads\/2022\/01\/Toidupakk-matkapood-logo-transparent.png","width":500,"height":500,"caption":"Tactical Foodpack matkaeined"},"image":{"@id":"https:\/\/toidupakk.ee\/lt\/#\/schema\/logo\/image\/"},"sameAs":["https:\/\/www.facebook.com\/Toidupakk","https:\/\/www.instagram.com\/toidupakk\/"]}]}},"jetpack_sharing_enabled":true,"_links":{"self":[{"href":"https:\/\/toidupakk.ee\/lt\/wp-json\/wp\/v2\/product\/46135","targetHints":{"allow":["GET"]}}],"collection":[{"href":"https:\/\/toidupakk.ee\/lt\/wp-json\/wp\/v2\/product"}],"about":[{"href":"https:\/\/toidupakk.ee\/lt\/wp-json\/wp\/v2\/types\/product"}],"replies":[{"embeddable":true,"href":"https:\/\/toidupakk.ee\/lt\/wp-json\/wp\/v2\/comments?post=46135"}],"wp:featuredmedia":[{"embeddable":true,"href":"https:\/\/toidupakk.ee\/lt\/wp-json\/wp\/v2\/media\/35445"}],"wp:attachment":[{"href":"https:\/\/toidupakk.ee\/lt\/wp-json\/wp\/v2\/media?parent=46135"}],"wp:term":[{"taxonomy":"product_brand","embeddable":true,"href":"https:\/\/toidupakk.ee\/lt\/wp-json\/wp\/v2\/product_brand?post=46135"},{"taxonomy":"product_cat","embeddable":true,"href":"https:\/\/toidupakk.ee\/lt\/wp-json\/wp\/v2\/product_cat?post=46135"},{"taxonomy":"product_tag","embeddable":true,"href":"https:\/\/toidupakk.ee\/lt\/wp-json\/wp\/v2\/product_tag?post=46135"}],"curies":[{"name":"wp","href":"https:\/\/api.w.org\/{rel}","templated":true}]}}