{"id":46131,"date":"2025-05-23T13:03:54","date_gmt":"2025-05-23T10:03:54","guid":{"rendered":"https:\/\/toidupakk.ee\/toode\/pirmosios-pagalbos-rinkinys-mil-tec-43-daliu-large\/"},"modified":"2026-04-16T23:30:56","modified_gmt":"2026-04-16T20:30:56","slug":"pirmosios-pagalbos-rinkinys-mil-tec-43-daliu-large","status":"publish","type":"product","link":"https:\/\/toidupakk.ee\/lt\/toode\/pirmosios-pagalbos-rinkinys-mil-tec-43-daliu-large\/","title":{"rendered":"Pirmosios pagalbos rinkinys MIL-TEC\u00ae 43 dali\u0173 LARGE"},"content":{"rendered":"<h3 class=\"\" data-start=\"84\" data-end=\"170\">43 dali\u0173 pirmosios pagalbos rinkinys MOLLE krep\u0161yje \u2013 pilna komplektacija bet kokiai situacijai<\/h3>\n<p class=\"\" data-start=\"172\" data-end=\"582\">Tvirtame ir atmosferos poveikiui atspariame MOLLE krep\u0161yje esantis 43 dali\u0173 pirmosios pagalbos rinkinys sukurtas tiems, kurie nori b\u016bti pasiruo\u0161\u0119 netik\u0117toms situacijoms gamtoje, darbe ar kasdienyb\u0117je. \u0160iame kompakti\u0161kame, bet gausiame rinkinyje yra visi reikalingi priedai lengviems ir sunkesniems su\u017ealojimams gydyti. <\/p>\n<p data-start=\"172\" data-end=\"582\"><img fetchpriority=\"high\" decoding=\"async\" class=\"alignnone wp-image-35435 size-thumbnail\" src=\"https:\/\/toidupakk.ee\/wp-content\/uploads\/2025\/05\/1-5-500x500.png\" alt=\"43 dali\u0173 pirmosios pagalbos rinkinys su MOLLE tvirtinimo krep\u0161iu \u2013 jame yra \u012fvairi\u0173 tvars\u010di\u0173, pleistr\u0173, medicinos reikmen\u0173 ir \u017eirkl\u0117s skubioms situacijoms.\" width=\"500\" height=\"500\" srcset=\"https:\/\/toidupakk.ee\/wp-content\/uploads\/2025\/05\/1-5-500x500.png 500w, https:\/\/toidupakk.ee\/wp-content\/uploads\/2025\/05\/1-5-300x300.png 300w, https:\/\/toidupakk.ee\/wp-content\/uploads\/2025\/05\/1-5-768x768.png 768w, https:\/\/toidupakk.ee\/wp-content\/uploads\/2025\/05\/1-5-400x400.png 400w, https:\/\/toidupakk.ee\/wp-content\/uploads\/2025\/05\/1-5-100x100.png 100w, https:\/\/toidupakk.ee\/wp-content\/uploads\/2025\/05\/1-5.png 800w\" sizes=\"(max-width: 500px) 100vw, 500px\" \/><\/p>\n<p class=\"\" data-start=\"584\" data-end=\"1040\">Rinkinio turinys i\u0161d\u0117stytas logi\u0161kai ir organizuotai, kad viskas b\u016bt\u0173 po ranka b\u016btent tada, kai svarbi kiekviena sekund\u0117. D\u0117l to \u0161is pirmosios pagalbos rinkinys yra ypa\u010d prakti\u0161kas \u017eygiuose, automobilyje, statybviet\u0117je, stovykloje ar net nam\u0173 \u016bkyje. D\u0117l MOLLE sistemos krep\u0161\u012f galima saugiai pritvirtinti prie kuprin\u0117s, taktinio dir\u017eo ar liemen\u0117s, tod\u0117l jis yra idealus palydovas kariams savanoriams, \u017eygi\u0173 specialistams ar apsaugos darbuotojams.  <\/p>\n<h3 class=\"\" data-start=\"185\" data-end=\"203\">Kas viduje:<\/h3>\n<p class=\"\" data-start=\"205\" data-end=\"322\"><strong data-start=\"207\" data-end=\"243\">Steril\u016bs spaud\u017eiamieji tvars\u010diai:<\/strong><br data-start=\"243\" data-end=\"246\">\u2022 1\u00d7 ma\u017eas (6 \u00d7 8 cm)<br data-start=\"267\" data-end=\"270\">\u2022 2\u00d7 vidutiniai (8 \u00d7 10 cm)<br data-start=\"295\" data-end=\"298\">\u2022 1\u00d7 didelis (10 \u00d7 12 cm)<\/p>\n<p class=\"\" data-start=\"324\" data-end=\"395\"><strong data-start=\"326\" data-end=\"353\">Sterilios tvarsliavos skiaut\u0117s:<\/strong><br data-start=\"353\" data-end=\"356\">\u2022 1\u00d7 (40 \u00d7 60 cm)<br data-start=\"373\" data-end=\"376\">\u2022 1\u00d7 (60 \u00d7 80 cm)<\/p>\n<p class=\"\" data-start=\"397\" data-end=\"451\"><strong data-start=\"399\" data-end=\"424\">Medicinin\u0117 marl\u0117:<\/strong><br data-start=\"424\" data-end=\"427\">\u2022 6\u00d7 vnt. (10 \u00d7 10 cm)<\/p>\n<p class=\"\" data-start=\"453\" data-end=\"503\"><strong data-start=\"455\" data-end=\"479\">Odos valymo servet\u0117l\u0117s:<\/strong><br data-start=\"479\" data-end=\"482\">\u2022 2\u00d7 (standartinio dyd\u017eio)<\/p>\n<p class=\"\" data-start=\"505\" data-end=\"716\"><strong data-start=\"507\" data-end=\"521\">Pleistrai:<\/strong><br data-start=\"521\" data-end=\"524\">\u2022 1\u00d7 pleistro rulonas (5 m \u00d7 2,5 cm)<br data-start=\"556\" data-end=\"559\">\u2022 4\u00d7 \u017eaizd\u0173 pleistrai (10 \u00d7 6 cm)<br data-start=\"589\" data-end=\"592\">\u2022 2\u00d7 pleistrai pir\u0161t\u0173 galiukams<br data-start=\"610\" data-end=\"613\">\u2022 2\u00d7 pleistrai pir\u0161tams (12 \u00d7 2 cm)<br data-start=\"644\" data-end=\"647\">\u2022 2\u00d7 pleistro juostel\u0117s (1,9 \u00d7 7,2 cm)<br data-start=\"679\" data-end=\"682\">\u2022 4\u00d7 pleistro juostel\u0117s (2,5 \u00d7 7,2 cm)<\/p>\n<p class=\"\" data-start=\"718\" data-end=\"773\"><strong data-start=\"720\" data-end=\"743\">Fiksuojamieji tvars\u010diai:<\/strong><br data-start=\"743\" data-end=\"746\">\u2022 2\u00d7 (6 cm)<br data-start=\"757\" data-end=\"760\">\u2022 2\u00d7 (8 cm)<\/p>\n<p class=\"\" data-start=\"775\" data-end=\"952\"><strong data-start=\"777\" data-end=\"794\">Kita \u012franga:<\/strong><br data-start=\"794\" data-end=\"797\">\u2022 1\u00d7 termo antklod\u0117 (160 \u00d7 210 cm, sidabrin\u0117 \/ auksin\u0117)<br data-start=\"837\" data-end=\"840\">\u2022 2\u00d7 trikamp\u0117s skarel\u0117s (136 \u00d7 96 \u00d7 96 cm)<br data-start=\"879\" data-end=\"882\">\u2022 1\u00d7 pirmosios pagalbos \u017eirkl\u0117s<br data-start=\"900\" data-end=\"903\">\u2022 2\u00d7 poros pirmosios pagalbos pir\u0161tini\u0173<br data-start=\"928\" data-end=\"931\">\u2022 1\u00d7 pirmosios pagalbos instrukcija<\/p>\n<h3 class=\"\" data-start=\"180\" data-end=\"247\">Sukurta tiems, kurie vertina pasiruo\u0161im\u0105, prevencij\u0105 ir atsakomyb\u0119<\/h3>\n<p class=\"\" data-start=\"249\" data-end=\"634\">\u0160iuolaikinis greitas ir nenusp\u0117jamas pasaulis reikalauja daugiau nei tik patogumo \u2013 jis reikalauja pasiruo\u0161imo. <strong data-start=\"351\" data-end=\"381\">43 dali\u0173 pirmosios pagalbos rinkinys<\/strong> yra ne tik reikmen\u0173 rinkinys, bet ir svarbi kiekvienos s\u0105moningos bei atsakingos ekipuot\u0117s dalis. Jis idealiai tinka \u017eygiams, transporto priemon\u0117ms, darbo vietai ar taktiniam naudojimui \u2013 visur, kur netik\u0117tos situacijos gali pareikalauti greit\u0173 veiksm\u0173. <\/p>\n<p class=\"\" data-start=\"636\" data-end=\"970\">Susi\u017eeidus n\u0117ra laiko ie\u0161koti tvars\u010dio ar \u017eirkli\u0173 kuprin\u0117s dugne. B\u016btent tod\u0117l svarbu, kad reikiamos pirmosios pagalbos priemon\u0117s b\u016bt\u0173 po ranka, saugioje vietoje, lengvai randamos ir paruo\u0161tos naudoti. \u0160is rinkinys suteikia ne tik \u012frang\u0105, bet ir ramyb\u0119 \u2013 \u017einojim\u0105, kad padarei visk\u0105, k\u0105 gal\u0117jai, kad apsaugotum save ir kitus.  <\/p>\n<p data-start=\"636\" data-end=\"970\">Kompakti\u0161kas ir patvarus MOLLE krep\u0161ys leid\u017eia patogiai pritvirtinti ir lengvai ne\u0161iotis, o tai rei\u0161kia, kad \u0161is pirmosios pagalbos rinkinys gali tapti tavo kasdienio pasiruo\u0161imo dalimi, o ne i\u0161skirtine \u012franga tik \u201ekiekvienam atvejui\u201c.<\/p>\n<p>Pasisemk \u012fkv\u0117pimo kitiems nuotykiams \u201eToidupakk\u201c  <a href=\"https:\/\/www.instagram.com\/toidupakk\/\">Instagram<\/a>  ir  <a href=\"https:\/\/www.facebook.com\/Toidupakk\/\">Facebook<\/a>.<\/p>\n<p>\u017di\u016br\u0117k \u017eygi\u0173 prekes <a href=\"https:\/\/toidupakk.ee\/lt\/tootekategooria\/zygio-iranga\/#section-3-79\">\u010cIA<\/a>.<\/p>\n","protected":false},"excerpt":{"rendered":"<p class=\"\" data-start=\"112\" data-end=\"204\"><strong data-start=\"112\" data-end=\"202\">43 dali\u0173 pirmosios pagalbos rinkinys MOLLE krep\u0161yje \u2013 i\u0161sami pagalbos priemon\u0117 netik\u0117toms situacijoms<\/strong><\/p>\n<ul>\n<li data-start=\"206\" data-end=\"767\">Prakti\u0161kas ir gerai sukomplektuotas pirmosios pagalbos rinkinys, tinkantis \u017eygiams, automobiliui, darbui ar kasdieniam naudojimui<\/li>\n<li data-start=\"206\" data-end=\"767\">Sud\u0117tyje yra 43 kruop\u0161\u010diai atrinkti priedai: tvars\u010diai, pleistrai, marl\u0117s, pir\u0161tin\u0117s, \u017eirkl\u0117s, termo pl\u0117vel\u0117 ir daug daugiau<\/li>\n<li data-start=\"206\" data-end=\"767\">Tvirtas ir atmosferos poveikiui atsparus krep\u0161ys, kuris d\u0117l MOLLE sistemos patogiai tvirtinamas prie dir\u017eo ar \u012frangos<\/li>\n<li data-start=\"206\" data-end=\"767\">Rinkinys pagamintas Vokietijoje \u2013 garantuojama auk\u0161ta kokyb\u0117 ir patikimumas<\/li>\n<\/ul>\n<p class=\"\" data-start=\"769\" data-end=\"853\">\u2705 Turime sand\u0117lyje, greitas pristatymas per 1\u20133 darbo dienas<br data-start=\"810\" data-end=\"813\">\u2705 Pirk dabar, mok\u0117k v\u0117liau (pal\u016bkanos 0 %)<\/p>\n","protected":false},"featured_media":46134,"comment_status":"open","ping_status":"closed","template":"","meta":{"_acf_changed":false},"product_brand":[],"product_cat":[193,210,192,254,189,190],"product_tag":[],"class_list":{"0":"post-46131","1":"product","2":"type-product","3":"status-publish","4":"has-post-thumbnail","6":"product_cat-karine-ekipuote","7":"product_cat-mil-tec","8":"product_cat-molle-deklai-ir-priedai","9":"product_cat-pirmosios-pagalbos-rinkiniai","10":"product_cat-zygio-iranga","11":"product_cat-zygio-prekes","13":"first","14":"instock","15":"taxable","16":"shipping-taxable","17":"purchasable","18":"product-type-simple"},"bundled_by":[],"bundle_stock_status":"instock","bundle_stock_quantity":3,"bundle_virtual":false,"bundle_layout":"","bundle_add_to_cart_form_location":"","bundle_editable_in_cart":false,"bundle_sold_individually_context":"","bundle_item_grouping":"","bundle_min_size":"","bundle_max_size":"","bundle_price":[],"bundled_items":[],"bundle_sell_ids":[],"acf":[],"yoast_head":"<!-- This site is optimized with the Yoast SEO plugin v27.3 - https:\/\/yoast.com\/product\/yoast-seo-wordpress\/ -->\n<title>Pirmosios pagalbos rinkinys MIL-TEC\u00ae 43 dali\u0173 LARGE<\/title>\n<meta name=\"description\" content=\"Kompakti\u0161kas ir talpus 43 dali\u0173 pirmosios pagalbos rinkinys \u2013 jame yra viskas, ko reikia pirmajai pagalbai susi\u017eeidus. Patvarus krep\u0161ys, MOLLE tvirtinimas.\" \/>\n<meta name=\"robots\" content=\"index, follow, max-snippet:-1, max-image-preview:large, max-video-preview:-1\" \/>\n<link rel=\"canonical\" href=\"https:\/\/toidupakk.ee\/lt\/toode\/pirmosios-pagalbos-rinkinys-mil-tec-43-daliu-large\/\" \/>\n<meta property=\"og:locale\" content=\"lt_LT\" \/>\n<meta property=\"og:type\" content=\"article\" \/>\n<meta property=\"og:title\" content=\"Pirmosios pagalbos rinkinys MIL-TEC\u00ae 43 dali\u0173 LARGE\" \/>\n<meta property=\"og:description\" content=\"Kompakti\u0161kas ir talpus 43 dali\u0173 pirmosios pagalbos rinkinys \u2013 jame yra viskas, ko reikia pirmajai pagalbai susi\u017eeidus. Patvarus krep\u0161ys, MOLLE tvirtinimas.\" \/>\n<meta property=\"og:url\" content=\"https:\/\/toidupakk.ee\/lt\/toode\/pirmosios-pagalbos-rinkinys-mil-tec-43-daliu-large\/\" \/>\n<meta property=\"og:site_name\" content=\"Toidupakk.ee - Tactical Foodpack toidupakid\" \/>\n<meta property=\"article:publisher\" content=\"https:\/\/www.facebook.com\/Toidupakk\" \/>\n<meta property=\"article:modified_time\" content=\"2026-04-16T20:30:56+00:00\" \/>\n<meta property=\"og:image\" content=\"https:\/\/toidupakk.ee\/wp-content\/uploads\/2025\/05\/Nimetu-kujundus-13.png\" \/>\n\t<meta property=\"og:image:width\" content=\"800\" \/>\n\t<meta property=\"og:image:height\" content=\"800\" \/>\n\t<meta property=\"og:image:type\" content=\"image\/png\" \/>\n<meta name=\"twitter:card\" content=\"summary_large_image\" \/>\n<meta name=\"twitter:label1\" content=\"Est. reading time\" \/>\n\t<meta name=\"twitter:data1\" content=\"2 minut\u0117s\" \/>\n<script type=\"application\/ld+json\" class=\"yoast-schema-graph\">{\"@context\":\"https:\\\/\\\/schema.org\",\"@graph\":[{\"@type\":\"WebPage\",\"@id\":\"https:\\\/\\\/toidupakk.ee\\\/lt\\\/toode\\\/pirmosios-pagalbos-rinkinys-mil-tec-43-daliu-large\\\/\",\"url\":\"https:\\\/\\\/toidupakk.ee\\\/lt\\\/toode\\\/pirmosios-pagalbos-rinkinys-mil-tec-43-daliu-large\\\/\",\"name\":\"Pirmosios pagalbos rinkinys MIL-TEC\u00ae 43 dali\u0173 LARGE\",\"isPartOf\":{\"@id\":\"https:\\\/\\\/toidupakk.ee\\\/lt\\\/#website\"},\"primaryImageOfPage\":{\"@id\":\"https:\\\/\\\/toidupakk.ee\\\/lt\\\/toode\\\/pirmosios-pagalbos-rinkinys-mil-tec-43-daliu-large\\\/#primaryimage\"},\"image\":{\"@id\":\"https:\\\/\\\/toidupakk.ee\\\/lt\\\/toode\\\/pirmosios-pagalbos-rinkinys-mil-tec-43-daliu-large\\\/#primaryimage\"},\"thumbnailUrl\":\"https:\\\/\\\/toidupakk.ee\\\/wp-content\\\/uploads\\\/2025\\\/05\\\/Nimetu-kujundus-13.png\",\"datePublished\":\"2025-05-23T10:03:54+00:00\",\"dateModified\":\"2026-04-16T20:30:56+00:00\",\"description\":\"Kompakti\u0161kas ir talpus 43 dali\u0173 pirmosios pagalbos rinkinys \u2013 jame yra viskas, ko reikia pirmajai pagalbai susi\u017eeidus. Patvarus krep\u0161ys, MOLLE tvirtinimas.\",\"breadcrumb\":{\"@id\":\"https:\\\/\\\/toidupakk.ee\\\/lt\\\/toode\\\/pirmosios-pagalbos-rinkinys-mil-tec-43-daliu-large\\\/#breadcrumb\"},\"inLanguage\":\"lt-LT\",\"potentialAction\":[{\"@type\":\"ReadAction\",\"target\":[\"https:\\\/\\\/toidupakk.ee\\\/lt\\\/toode\\\/pirmosios-pagalbos-rinkinys-mil-tec-43-daliu-large\\\/\"]}]},{\"@type\":\"ImageObject\",\"inLanguage\":\"lt-LT\",\"@id\":\"https:\\\/\\\/toidupakk.ee\\\/lt\\\/toode\\\/pirmosios-pagalbos-rinkinys-mil-tec-43-daliu-large\\\/#primaryimage\",\"url\":\"https:\\\/\\\/toidupakk.ee\\\/wp-content\\\/uploads\\\/2025\\\/05\\\/Nimetu-kujundus-13.png\",\"contentUrl\":\"https:\\\/\\\/toidupakk.ee\\\/wp-content\\\/uploads\\\/2025\\\/05\\\/Nimetu-kujundus-13.png\",\"width\":800,\"height\":800},{\"@type\":\"BreadcrumbList\",\"@id\":\"https:\\\/\\\/toidupakk.ee\\\/lt\\\/toode\\\/pirmosios-pagalbos-rinkinys-mil-tec-43-daliu-large\\\/#breadcrumb\",\"itemListElement\":[{\"@type\":\"ListItem\",\"position\":1,\"name\":\"Avaleht\",\"item\":\"https:\\\/\\\/toidupakk.ee\\\/lt\\\/\"},{\"@type\":\"ListItem\",\"position\":2,\"name\":\"El. parduotuv\u0117\",\"item\":\"https:\\\/\\\/toidupakk.ee\\\/lt\\\/el-parduotuve\\\/\"},{\"@type\":\"ListItem\",\"position\":3,\"name\":\"Pirmosios pagalbos rinkinys MIL-TEC\u00ae 43 dali\u0173 LARGE\"}]},{\"@type\":\"WebSite\",\"@id\":\"https:\\\/\\\/toidupakk.ee\\\/lt\\\/#website\",\"url\":\"https:\\\/\\\/toidupakk.ee\\\/lt\\\/\",\"name\":\"Toidupakk.ee - Tactical Foodpack toidupakid\",\"description\":\"Tactical Foodpack k\u00fclmkuivatatud toidupakid ja matkaeined\",\"publisher\":{\"@id\":\"https:\\\/\\\/toidupakk.ee\\\/lt\\\/#organization\"},\"potentialAction\":[{\"@type\":\"SearchAction\",\"target\":{\"@type\":\"EntryPoint\",\"urlTemplate\":\"https:\\\/\\\/toidupakk.ee\\\/lt\\\/?s={search_term_string}\"},\"query-input\":{\"@type\":\"PropertyValueSpecification\",\"valueRequired\":true,\"valueName\":\"search_term_string\"}}],\"inLanguage\":\"lt-LT\"},{\"@type\":\"Organization\",\"@id\":\"https:\\\/\\\/toidupakk.ee\\\/lt\\\/#organization\",\"name\":\"Tactical Foodpack matkaeined\",\"url\":\"https:\\\/\\\/toidupakk.ee\\\/lt\\\/\",\"logo\":{\"@type\":\"ImageObject\",\"inLanguage\":\"lt-LT\",\"@id\":\"https:\\\/\\\/toidupakk.ee\\\/lt\\\/#\\\/schema\\\/logo\\\/image\\\/\",\"url\":\"https:\\\/\\\/toidupakk.ee\\\/wp-content\\\/uploads\\\/2022\\\/01\\\/Toidupakk-matkapood-logo-transparent.png\",\"contentUrl\":\"https:\\\/\\\/toidupakk.ee\\\/wp-content\\\/uploads\\\/2022\\\/01\\\/Toidupakk-matkapood-logo-transparent.png\",\"width\":500,\"height\":500,\"caption\":\"Tactical Foodpack matkaeined\"},\"image\":{\"@id\":\"https:\\\/\\\/toidupakk.ee\\\/lt\\\/#\\\/schema\\\/logo\\\/image\\\/\"},\"sameAs\":[\"https:\\\/\\\/www.facebook.com\\\/Toidupakk\",\"https:\\\/\\\/www.instagram.com\\\/toidupakk\\\/\"]}]}<\/script>\n<!-- \/ Yoast SEO plugin. -->","yoast_head_json":{"title":"Pirmosios pagalbos rinkinys MIL-TEC\u00ae 43 dali\u0173 LARGE","description":"Kompakti\u0161kas ir talpus 43 dali\u0173 pirmosios pagalbos rinkinys \u2013 jame yra viskas, ko reikia pirmajai pagalbai susi\u017eeidus. Patvarus krep\u0161ys, MOLLE tvirtinimas.","robots":{"index":"index","follow":"follow","max-snippet":"max-snippet:-1","max-image-preview":"max-image-preview:large","max-video-preview":"max-video-preview:-1"},"canonical":"https:\/\/toidupakk.ee\/lt\/toode\/pirmosios-pagalbos-rinkinys-mil-tec-43-daliu-large\/","og_locale":"lt_LT","og_type":"article","og_title":"Pirmosios pagalbos rinkinys MIL-TEC\u00ae 43 dali\u0173 LARGE","og_description":"Kompakti\u0161kas ir talpus 43 dali\u0173 pirmosios pagalbos rinkinys \u2013 jame yra viskas, ko reikia pirmajai pagalbai susi\u017eeidus. Patvarus krep\u0161ys, MOLLE tvirtinimas.","og_url":"https:\/\/toidupakk.ee\/lt\/toode\/pirmosios-pagalbos-rinkinys-mil-tec-43-daliu-large\/","og_site_name":"Toidupakk.ee - Tactical Foodpack toidupakid","article_publisher":"https:\/\/www.facebook.com\/Toidupakk","article_modified_time":"2026-04-16T20:30:56+00:00","og_image":[{"width":800,"height":800,"url":"https:\/\/toidupakk.ee\/wp-content\/uploads\/2025\/05\/Nimetu-kujundus-13.png","type":"image\/png"}],"twitter_card":"summary_large_image","twitter_misc":{"Est. reading time":"2 minut\u0117s"},"schema":{"@context":"https:\/\/schema.org","@graph":[{"@type":"WebPage","@id":"https:\/\/toidupakk.ee\/lt\/toode\/pirmosios-pagalbos-rinkinys-mil-tec-43-daliu-large\/","url":"https:\/\/toidupakk.ee\/lt\/toode\/pirmosios-pagalbos-rinkinys-mil-tec-43-daliu-large\/","name":"Pirmosios pagalbos rinkinys MIL-TEC\u00ae 43 dali\u0173 LARGE","isPartOf":{"@id":"https:\/\/toidupakk.ee\/lt\/#website"},"primaryImageOfPage":{"@id":"https:\/\/toidupakk.ee\/lt\/toode\/pirmosios-pagalbos-rinkinys-mil-tec-43-daliu-large\/#primaryimage"},"image":{"@id":"https:\/\/toidupakk.ee\/lt\/toode\/pirmosios-pagalbos-rinkinys-mil-tec-43-daliu-large\/#primaryimage"},"thumbnailUrl":"https:\/\/toidupakk.ee\/wp-content\/uploads\/2025\/05\/Nimetu-kujundus-13.png","datePublished":"2025-05-23T10:03:54+00:00","dateModified":"2026-04-16T20:30:56+00:00","description":"Kompakti\u0161kas ir talpus 43 dali\u0173 pirmosios pagalbos rinkinys \u2013 jame yra viskas, ko reikia pirmajai pagalbai susi\u017eeidus. Patvarus krep\u0161ys, MOLLE tvirtinimas.","breadcrumb":{"@id":"https:\/\/toidupakk.ee\/lt\/toode\/pirmosios-pagalbos-rinkinys-mil-tec-43-daliu-large\/#breadcrumb"},"inLanguage":"lt-LT","potentialAction":[{"@type":"ReadAction","target":["https:\/\/toidupakk.ee\/lt\/toode\/pirmosios-pagalbos-rinkinys-mil-tec-43-daliu-large\/"]}]},{"@type":"ImageObject","inLanguage":"lt-LT","@id":"https:\/\/toidupakk.ee\/lt\/toode\/pirmosios-pagalbos-rinkinys-mil-tec-43-daliu-large\/#primaryimage","url":"https:\/\/toidupakk.ee\/wp-content\/uploads\/2025\/05\/Nimetu-kujundus-13.png","contentUrl":"https:\/\/toidupakk.ee\/wp-content\/uploads\/2025\/05\/Nimetu-kujundus-13.png","width":800,"height":800},{"@type":"BreadcrumbList","@id":"https:\/\/toidupakk.ee\/lt\/toode\/pirmosios-pagalbos-rinkinys-mil-tec-43-daliu-large\/#breadcrumb","itemListElement":[{"@type":"ListItem","position":1,"name":"Avaleht","item":"https:\/\/toidupakk.ee\/lt\/"},{"@type":"ListItem","position":2,"name":"El. parduotuv\u0117","item":"https:\/\/toidupakk.ee\/lt\/el-parduotuve\/"},{"@type":"ListItem","position":3,"name":"Pirmosios pagalbos rinkinys MIL-TEC\u00ae 43 dali\u0173 LARGE"}]},{"@type":"WebSite","@id":"https:\/\/toidupakk.ee\/lt\/#website","url":"https:\/\/toidupakk.ee\/lt\/","name":"Toidupakk.ee - Tactical Foodpack toidupakid","description":"Tactical Foodpack k\u00fclmkuivatatud toidupakid ja matkaeined","publisher":{"@id":"https:\/\/toidupakk.ee\/lt\/#organization"},"potentialAction":[{"@type":"SearchAction","target":{"@type":"EntryPoint","urlTemplate":"https:\/\/toidupakk.ee\/lt\/?s={search_term_string}"},"query-input":{"@type":"PropertyValueSpecification","valueRequired":true,"valueName":"search_term_string"}}],"inLanguage":"lt-LT"},{"@type":"Organization","@id":"https:\/\/toidupakk.ee\/lt\/#organization","name":"Tactical Foodpack matkaeined","url":"https:\/\/toidupakk.ee\/lt\/","logo":{"@type":"ImageObject","inLanguage":"lt-LT","@id":"https:\/\/toidupakk.ee\/lt\/#\/schema\/logo\/image\/","url":"https:\/\/toidupakk.ee\/wp-content\/uploads\/2022\/01\/Toidupakk-matkapood-logo-transparent.png","contentUrl":"https:\/\/toidupakk.ee\/wp-content\/uploads\/2022\/01\/Toidupakk-matkapood-logo-transparent.png","width":500,"height":500,"caption":"Tactical Foodpack matkaeined"},"image":{"@id":"https:\/\/toidupakk.ee\/lt\/#\/schema\/logo\/image\/"},"sameAs":["https:\/\/www.facebook.com\/Toidupakk","https:\/\/www.instagram.com\/toidupakk\/"]}]}},"jetpack_sharing_enabled":true,"_links":{"self":[{"href":"https:\/\/toidupakk.ee\/lt\/wp-json\/wp\/v2\/product\/46131","targetHints":{"allow":["GET"]}}],"collection":[{"href":"https:\/\/toidupakk.ee\/lt\/wp-json\/wp\/v2\/product"}],"about":[{"href":"https:\/\/toidupakk.ee\/lt\/wp-json\/wp\/v2\/types\/product"}],"replies":[{"embeddable":true,"href":"https:\/\/toidupakk.ee\/lt\/wp-json\/wp\/v2\/comments?post=46131"}],"wp:featuredmedia":[{"embeddable":true,"href":"https:\/\/toidupakk.ee\/lt\/wp-json\/wp\/v2\/media\/46134"}],"wp:attachment":[{"href":"https:\/\/toidupakk.ee\/lt\/wp-json\/wp\/v2\/media?parent=46131"}],"wp:term":[{"taxonomy":"product_brand","embeddable":true,"href":"https:\/\/toidupakk.ee\/lt\/wp-json\/wp\/v2\/product_brand?post=46131"},{"taxonomy":"product_cat","embeddable":true,"href":"https:\/\/toidupakk.ee\/lt\/wp-json\/wp\/v2\/product_cat?post=46131"},{"taxonomy":"product_tag","embeddable":true,"href":"https:\/\/toidupakk.ee\/lt\/wp-json\/wp\/v2\/product_tag?post=46131"}],"curies":[{"name":"wp","href":"https:\/\/api.w.org\/{rel}","templated":true}]}}