{"id":46113,"date":"2025-06-16T13:35:31","date_gmt":"2025-06-16T10:35:31","guid":{"rendered":"https:\/\/toidupakk.ee\/toode\/burgundiskas-jautienos-troskinys\/"},"modified":"2026-04-15T01:30:39","modified_gmt":"2026-04-14T22:30:39","slug":"burgundiskas-jautienos-troskinys","status":"publish","type":"product","link":"https:\/\/toidupakk.ee\/lt\/toode\/burgundiskas-jautienos-troskinys\/","title":{"rendered":"Burgundi\u0161kas jautienos tro\u0161kinys"},"content":{"rendered":"<h2 data-start=\"165\" data-end=\"208\"><strong data-start=\"169\" data-end=\"208\">Tactical Foodpack burgundi\u0161kas jautienos tro\u0161kinys<\/strong><\/h2>\n<p data-start=\"168\" data-end=\"578\"><strong data-start=\"219\" data-end=\"273\">Tactical Foodpack burgundi\u0161kas jautienos tro\u0161kinys, 110 g<\/strong> \u2013 tai prakti\u0161kas ir maistingas patiekalas, kur\u012f sudaro 27 % jautienos, bulv\u0117s, morkos, dar\u017eov\u0117s ir raudonasis vynas. \u0160is sodraus skonio, restorano lygio patiekalas puikiai tinka \u017eygiams, darbui ar krizi\u0173 atsargoms. D\u0117l liofilizavimo technologijos maistas ilgai galioja, i\u0161laiko savo tekst\u016br\u0105 bei maistin\u0119 vert\u0119.  <\/p>\n<p data-start=\"168\" data-end=\"578\"><img fetchpriority=\"high\" decoding=\"async\" class=\"alignnone wp-image-36376 size-thumbnail\" src=\"https:\/\/toidupakk.ee\/wp-content\/uploads\/2025\/06\/Tactical-Foodpack-Outdoor-Food-Beef-Burgundy-Stew-500x500.webp\" alt=\"Burgundi\u0161kas jautienos tro\u0161kinys \u2013 tai sotus \u0161altyje d\u017eiovintas \u017eygio maistas, kuriame dera mink\u0161ta jautiena, dar\u017eov\u0117s ir raudonojo vyno pada\u017eas. Idealus maistas m\u0117gautis skoniu net ir sunkiomis s\u0105lygomis.\" width=\"500\" height=\"500\" srcset=\"https:\/\/toidupakk.ee\/wp-content\/uploads\/2025\/06\/Tactical-Foodpack-Outdoor-Food-Beef-Burgundy-Stew-500x500.webp 500w, https:\/\/toidupakk.ee\/wp-content\/uploads\/2025\/06\/Tactical-Foodpack-Outdoor-Food-Beef-Burgundy-Stew-300x300.webp 300w, https:\/\/toidupakk.ee\/wp-content\/uploads\/2025\/06\/Tactical-Foodpack-Outdoor-Food-Beef-Burgundy-Stew-400x400.webp 400w, https:\/\/toidupakk.ee\/wp-content\/uploads\/2025\/06\/Tactical-Foodpack-Outdoor-Food-Beef-Burgundy-Stew-100x100.webp 100w\" sizes=\"(max-width: 500px) 100vw, 500px\" \/><\/p>\n<h3 data-start=\"564\" data-end=\"601\"><strong data-start=\"567\" data-end=\"601\">Kod\u0117l verta rinktis burgundi\u0161k\u0105 jautienos tro\u0161kin\u012f?<\/strong><\/h3>\n<p class=\"\" data-start=\"603\" data-end=\"905\"><strong>Burgundi\u0161kas jautienos tro\u0161kinys<\/strong> yra maistingas ir lengvai paruo\u0161iamas patiekalas, suteikiantis puiki\u0105 skonio patirt\u012f ir pakankamai energijos visai dienai.<br data-start=\"743\" data-end=\"746\"><strong data-start=\"746\" data-end=\"767\">Tactical Foodpack<\/strong> gars\u0117ja auk\u0161ta kokybe bei prakti\u0161kumu, si\u016blydamas visaver\u010dius patiekalus patiems i\u0161rankiausiems maisto m\u0117g\u0117jams.<\/p>\n<ul>\n<li data-start=\"907\" data-end=\"1451\"><strong data-start=\"910\" data-end=\"932\">Lengva paruo\u0161ti:<\/strong> \u012fpilk 380 ml kar\u0161to vandens, i\u0161mai\u0161yk ir palauk 15 minu\u010di\u0173 \u2013 greitas ir patogus \u0161iltas maistas bet kuriuo metu<\/li>\n<li data-start=\"907\" data-end=\"1451\"><strong data-start=\"1021\" data-end=\"1047\">Didel\u0117 energin\u0117 vert\u0117:<\/strong> porcijoje yra 500 kcal \u2013 pakankamai energijos bet kokiai veiklai<\/li>\n<li data-start=\"907\" data-end=\"1451\"><strong data-start=\"1114\" data-end=\"1137\">Nat\u016brali sud\u0117tis:<\/strong> be konservant\u0173 ir dirbtini\u0173 pried\u0173 \u2013 tik kokybi\u0161kos ir nat\u016bralios \u017ealiavos<\/li>\n<li data-start=\"907\" data-end=\"1451\"><strong data-start=\"1241\" data-end=\"1262\">Ilgas galiojimo laikas:<\/strong> geriausias 8 metus nuo pagaminimo datos \u2013 idealus \u017eygio maistas ar atsargos nenumatytiems atvejams<\/li>\n<li data-start=\"907\" data-end=\"1451\"><strong data-start=\"1356\" data-end=\"1379\">Pagaminta Vokietijoje:<\/strong> voki\u0161ka kokyb\u0117 u\u017etikrina skon\u012f ir maistin\u0119 vert\u0119 ilgai saugant<\/li>\n<\/ul>\n<h3><strong data-start=\"145\" data-end=\"195\">Kuo ypatingas burgundi\u0161kas jautienos tro\u0161kinys?<\/strong><\/h3>\n<p>\u0160iame patiekale susijungia 27 % jautienos, bulv\u0117s, morkos, grybai ir sodrus raudonojo vyno pada\u017eas. Aromatingos \u017eolel\u0117s, tokios kaip \u010diobreliai, rozmarinai ir kadagio uogos, suteikia gylio ir sukuria prabangi\u0105, restorano lygio skonio patirt\u012f. Tai visavertis patiekalas, idealiai tinkantis kaip \u017eygio palydovas, krizi\u0173 atsarga ar patog\u016bs piet\u016bs biure ar namuose.  <\/p>\n<table style=\"width: 495px; border-collapse: collapse; font-family: Arial, sans-serif; font-size: 15px; background-color: #f6f4f2; height: 370px;\">\n<thead>\n<tr style=\"background-color: #e7e3df;\">\n<th style=\"text-align: left; padding: 10px; border: 1px solid #d1ccc7;\">Maistin\u0117 vert\u0117<\/th>\n<th style=\"text-align: left; padding: 10px; border: 1px solid #d1ccc7;\">Porcijoje<\/th>\n<th style=\"text-align: left; padding: 10px; border: 1px solid #d1ccc7;\">100 g<\/th>\n<\/tr>\n<\/thead>\n<tbody>\n<tr>\n<td style=\"padding: 10px; border: 1px solid #d1ccc7;\">Energija<\/td>\n<td style=\"padding: 10px; border: 1px solid #d1ccc7;\">2066 kJ \/ 500 kcal<\/td>\n<td style=\"padding: 10px; border: 1px solid #d1ccc7;\">1578 kJ \/ 454 kcal<\/td>\n<\/tr>\n<tr>\n<td style=\"padding: 10px; border: 1px solid #d1ccc7;\">Riebalai<\/td>\n<td style=\"padding: 10px; border: 1px solid #d1ccc7;\">25 g<\/td>\n<td style=\"padding: 10px; border: 1px solid #d1ccc7;\">23 g<\/td>\n<\/tr>\n<tr>\n<td style=\"padding: 10px; border: 1px solid #d1ccc7;\">\u2013 i\u0161 kuri\u0173 so\u010di\u0173j\u0173 riebal\u0173 r\u016bg\u0161\u010di\u0173<\/td>\n<td style=\"padding: 10px; border: 1px solid #d1ccc7;\">10 g<\/td>\n<td style=\"padding: 10px; border: 1px solid #d1ccc7;\">8,8 g<\/td>\n<\/tr>\n<tr>\n<td style=\"padding: 10px; border: 1px solid #d1ccc7;\">Angliavandeniai<\/td>\n<td style=\"padding: 10px; border: 1px solid #d1ccc7;\">28 g<\/td>\n<td style=\"padding: 10px; border: 1px solid #d1ccc7;\">25 g<\/td>\n<\/tr>\n<tr>\n<td style=\"padding: 10px; border: 1px solid #d1ccc7;\">\u2013 i\u0161 kuri\u0173 cukr\u0173<\/td>\n<td style=\"padding: 10px; border: 1px solid #d1ccc7;\">13 g<\/td>\n<td style=\"padding: 10px; border: 1px solid #d1ccc7;\">12 g<\/td>\n<\/tr>\n<tr>\n<td style=\"padding: 10px; border: 1px solid #d1ccc7;\">Skaidulin\u0117s med\u017eiagos<\/td>\n<td style=\"padding: 10px; border: 1px solid #d1ccc7;\">7 g<\/td>\n<td style=\"padding: 10px; border: 1px solid #d1ccc7;\">6,3 g<\/td>\n<\/tr>\n<tr>\n<td style=\"padding: 10px; border: 1px solid #d1ccc7;\">Baltymai<\/td>\n<td style=\"padding: 10px; border: 1px solid #d1ccc7;\">41 g<\/td>\n<td style=\"padding: 10px; border: 1px solid #d1ccc7;\">37 g<\/td>\n<\/tr>\n<tr>\n<td style=\"padding: 10px; border: 1px solid #d1ccc7;\">Druska<\/td>\n<td style=\"padding: 10px; border: 1px solid #d1ccc7;\">3,6 g<\/td>\n<td style=\"padding: 10px; border: 1px solid #d1ccc7;\">2,9 g<\/td>\n<\/tr>\n<\/tbody>\n<\/table>\n<h3 data-start=\"2704\" data-end=\"2734\"><strong data-start=\"2707\" data-end=\"2734\">Liofilizavimo privalumai<\/strong><\/h3>\n<p class=\"\" data-start=\"2736\" data-end=\"3015\">Liofilizavimas u\u017etikrina maisto \u0161vie\u017eum\u0105, tekst\u016br\u0105 ir maistin\u0119 vert\u0119, pa\u0161alinant vanden\u012f \u017eemoje temperat\u016broje. <strong data-start=\"2854\" data-end=\"2875\">Tactical Foodpack<\/strong> naudoja \u0161i\u0105 technologij\u0105, kad pasi\u016blyt\u0173 lengvai transportuojamus ir ilgai galiojan\u010dius patiekalus, kurie i\u0161laiko savo skon\u012f net po keleri\u0173 met\u0173.<\/p>\n<h3 data-start=\"3022\" data-end=\"3066\"><strong data-start=\"3025\" data-end=\"3066\">Kam skirtas burgundi\u0161kas jautienos tro\u0161kinys?<\/strong><\/h3>\n<ul>\n<li data-start=\"3068\" data-end=\"3377\"><strong data-start=\"3071\" data-end=\"3102\">\u017dygeiviams ir stovyklautojams:<\/strong> lengva paruo\u0161ti, lengva ne\u0161tis \u2013 idealus \u017eygio maistas<\/li>\n<li data-start=\"3068\" data-end=\"3377\"><strong data-start=\"3167\" data-end=\"3201\">Nuotyki\u0173 ie\u0161kotojams ir i\u0161gyvenimo entuziastams:<\/strong> ilgas galiojimo laikas ir didel\u0117 energin\u0117 vert\u0117 \u2013 patikimas pasirinkimas<\/li>\n<li data-start=\"3068\" data-end=\"3377\"><strong data-start=\"3271\" data-end=\"3306\">Kasdieniam greitam maistui namuose:<\/strong> kai reikia greito, skanaus ir maistingo patiekalo \u2013 tiesiog \u012fpilk kar\u0161to vandens!<\/li>\n<\/ul>\n<h3 data-start=\"3384\" data-end=\"3424\"><strong data-start=\"3387\" data-end=\"3424\">Produkto informacija ir laikymo s\u0105lygos<\/strong><\/h3>\n<p class=\"\" data-start=\"3426\" data-end=\"3730\"><strong data-start=\"3426\" data-end=\"3465\">Tactical Foodpack burgundi\u0161kas jautienos tro\u0161kinys<\/strong> tiekiamas <strong data-start=\"3478\" data-end=\"3496\">110 g pakuot\u0117je<\/strong>, i\u0161 kurios paruo\u0161iama apie <strong data-start=\"3519\" data-end=\"3541\">490 g \u0161ilto maisto.<\/strong><br data-start=\"3541\" data-end=\"3544\"><strong data-start=\"3544\" data-end=\"3576\">Geriausia laikymo temperat\u016bra:<\/strong> nuo 10 \u00b0C iki +30 \u00b0C.<br data-start=\"3595\" data-end=\"3598\">Kompakti\u0161ka pakuot\u0117 ir liofilizavimo technologija paver\u010dia j\u012f idealiu pasirinkimu \u017eygeiviams, biurui ar atsargoms namuose.<\/p>\n<h4><img decoding=\"async\" class=\"alignnone size-full wp-image-676 lazyloaded\" src=\"https:\/\/toidupakk.ee\/wp-content\/uploads\/2021\/12\/TF_logo_RGB-22-16-43-849.png\" alt=\"Tactical Foodpack \u017ealias logotipas\" width=\"238\" height=\"100\" data-src=\"https:\/\/toidupakk.ee\/wp-content\/uploads\/2021\/12\/TF_logo_RGB-22-16-43-849.png\" data-eio-rwidth=\"238\" data-eio-rheight=\"100\"><\/h4>\n<h3 data-start=\"3737\" data-end=\"3785\"><strong data-start=\"3740\" data-end=\"3785\">Tactical Foodpack patiekalai \u2013 kaip naudoti<\/strong><\/h3>\n<ol>\n<li data-start=\"3790\" data-end=\"3834\">Atidaryk pakuot\u0119 ir i\u0161imk deguonies absorbatori\u0173<\/li>\n<li data-start=\"3790\" data-end=\"3834\">\u012epilk 380 ml kar\u0161to vandens ir gerai i\u0161mai\u0161yk<\/li>\n<li data-start=\"3790\" data-end=\"3834\">U\u017edaryk pakuot\u0119 ir leisk pastov\u0117ti 15 minu\u010di\u0173<\/li>\n<li data-start=\"3790\" data-end=\"3834\">M\u0117gaukis so\u010diu ir skaniu jautienos patiekalu!<\/li>\n<\/ol>\n<h3>\u017di\u016br\u0117ti visus Tactical Foodpack patiekalus<\/h3>\n<p>Nepamir\u0161k susipa\u017einti ir su kitais <a href=\"https:\/\/toidupakk.ee\/lt\/tootekategooria\/tactical-foodpack-patiekalai\/\">Tactical Foodpack \u017eygio patiekalais<\/a>, kad rastum sau tinkam\u0105 maist\u0105 kiekvienam nuotykiui.<\/p>\n<h3>Rask \u012fkv\u0117pimo kitam nuotykiui<\/h3>\n<p>Sek mus <a href=\"https:\/\/www.instagram.com\/toidupakk\/\">Instagram<\/a> ir <a href=\"https:\/\/www.facebook.com\/Toidupakk\/\">Facebook<\/a>, kad gautum \u012fkv\u0117pimo, recept\u0173 ir naujien\u0173 apie m\u016bs\u0173 asortiment\u0105!<\/p>\n","protected":false},"excerpt":{"rendered":"<p><strong>Tikras Tactical Foodpack pranc\u016bz\u0173 virtuv\u0117s perlas \u2013 burgundi\u0161kas jautienos tro\u0161kinys<\/strong><\/p>\n<ul>\n<li>Grynasis kiekis 110 g (liofilizuotas)<\/li>\n<li>Paruo\u0161to maisto svoris apie 490 g<\/li>\n<li>Energin\u0117 vert\u0117 porcijoje: 2066 kJ \/ 500 kcal<\/li>\n<li>Paruo\u0161tas maistas \u2013 \u012fpilk 380 ml kar\u0161to vandens ir palauk 15 minu\u010di\u0173<\/li>\n<li data-start=\"228\" data-end=\"640\">Nat\u016brali sud\u0117tis, be konservant\u0173 ir pried\u0173<\/li>\n<li>Galiojimo laikas: 8 metai nuo pagaminimo datos<\/li>\n<li>Pagaminta Vokietijoje<\/li>\n<\/ul>\n<p><strong>Burgundi\u0161ko jautienos tro\u0161kinio sudedamosios dalys: <\/strong>jautiena (27 %), bulv\u0117s, morkos, raudonasis vynas (sud\u0117tyje yra sulfit\u0173), pomidorai, svog\u016bnai, vanduo, grybai, sviestas, druska, \u010desnakai, cukrus, porai,<br \/>\nkvietiniai miltai, bulvi\u0173 krakmolas, pipirai, \u010diobreliai, rozmarinai, bazilikai, raudon\u0117liai, kadagio uogos, lauro lapai. Gali b\u016bti nedideli kiekiai: \u017euvies,<br \/>\nsojos, rie\u0161ut\u0173, salier\u0173, v\u0117\u017eiagyvi\u0173, kiau\u0161ini\u0173 ir garsty\u010di\u0173. <\/p>\n<p>\u2705 Turime sand\u0117lyje, greitas pristatymas per 1\u20133 darbo dienas<\/p>\n","protected":false},"featured_media":46114,"comment_status":"open","ping_status":"closed","template":"","meta":{"_acf_changed":false},"product_brand":[],"product_cat":[256,204,231,190],"product_tag":[205],"class_list":{"0":"post-46113","1":"product","2":"type-product","3":"status-publish","4":"has-post-thumbnail","6":"product_cat-pagrindiniai-patiekalai","7":"product_cat-tactical-foodpack-patiekalai","8":"product_cat-zygio-maistas","9":"product_cat-zygio-prekes","10":"product_tag-tactical-foodpack","12":"first","13":"instock","14":"taxable","15":"shipping-taxable","16":"purchasable","17":"product-type-simple"},"bundled_by":[],"bundle_stock_status":"instock","bundle_stock_quantity":9,"bundle_virtual":false,"bundle_layout":"","bundle_add_to_cart_form_location":"","bundle_editable_in_cart":false,"bundle_sold_individually_context":"","bundle_item_grouping":"","bundle_min_size":"","bundle_max_size":"","bundle_price":[],"bundled_items":[],"bundle_sell_ids":[],"acf":[],"yoast_head":"<!-- This site is optimized with the Yoast SEO plugin v27.3 - https:\/\/yoast.com\/product\/yoast-seo-wordpress\/ -->\n<title>Burgundi\u0161kas jautienos tro\u0161kinys<\/title>\n<meta name=\"description\" content=\"Burgundi\u0161kas jautienos tro\u0161kinys \u2013 tai sotus \u0161altyje d\u017eiovintas (lajofilizuotas) \u017eygio maistas, kuriame dera mink\u0161ta jautiena, dar\u017eov\u0117s ir raudonojo vyno pada\u017eas. Skonio kelion\u0117 sunkiomis s\u0105lygomis.\" \/>\n<meta name=\"robots\" content=\"index, follow, max-snippet:-1, max-image-preview:large, max-video-preview:-1\" \/>\n<link rel=\"canonical\" href=\"https:\/\/toidupakk.ee\/lt\/toode\/burgundiskas-jautienos-troskinys\/\" \/>\n<meta property=\"og:locale\" content=\"lt_LT\" \/>\n<meta property=\"og:type\" content=\"article\" \/>\n<meta property=\"og:title\" content=\"Burgundi\u0161kas jautienos tro\u0161kinys\" \/>\n<meta property=\"og:description\" content=\"Burgundi\u0161kas jautienos tro\u0161kinys \u2013 tai sotus \u0161altyje d\u017eiovintas (lajofilizuotas) \u017eygio maistas, kuriame dera mink\u0161ta jautiena, dar\u017eov\u0117s ir raudonojo vyno pada\u017eas. Skonio kelion\u0117 sunkiomis s\u0105lygomis.\" \/>\n<meta property=\"og:url\" content=\"https:\/\/toidupakk.ee\/lt\/toode\/burgundiskas-jautienos-troskinys\/\" \/>\n<meta property=\"og:site_name\" content=\"Toidupakk.ee - Tactical Foodpack toidupakid\" \/>\n<meta property=\"article:publisher\" content=\"https:\/\/www.facebook.com\/Toidupakk\" \/>\n<meta property=\"article:modified_time\" content=\"2026-04-14T22:30:39+00:00\" \/>\n<meta property=\"og:image\" content=\"https:\/\/toidupakk.ee\/wp-content\/uploads\/2025\/06\/Nimetu-kujundus-21.png\" \/>\n\t<meta property=\"og:image:width\" content=\"800\" \/>\n\t<meta property=\"og:image:height\" content=\"800\" \/>\n\t<meta property=\"og:image:type\" content=\"image\/png\" \/>\n<meta name=\"twitter:card\" content=\"summary_large_image\" \/>\n<meta name=\"twitter:label1\" content=\"Est. reading time\" \/>\n\t<meta name=\"twitter:data1\" content=\"3 minut\u0117s\" \/>\n<script type=\"application\/ld+json\" class=\"yoast-schema-graph\">{\"@context\":\"https:\\\/\\\/schema.org\",\"@graph\":[{\"@type\":\"WebPage\",\"@id\":\"https:\\\/\\\/toidupakk.ee\\\/lt\\\/toode\\\/burgundiskas-jautienos-troskinys\\\/\",\"url\":\"https:\\\/\\\/toidupakk.ee\\\/lt\\\/toode\\\/burgundiskas-jautienos-troskinys\\\/\",\"name\":\"Burgundi\u0161kas jautienos tro\u0161kinys\",\"isPartOf\":{\"@id\":\"https:\\\/\\\/toidupakk.ee\\\/lt\\\/#website\"},\"primaryImageOfPage\":{\"@id\":\"https:\\\/\\\/toidupakk.ee\\\/lt\\\/toode\\\/burgundiskas-jautienos-troskinys\\\/#primaryimage\"},\"image\":{\"@id\":\"https:\\\/\\\/toidupakk.ee\\\/lt\\\/toode\\\/burgundiskas-jautienos-troskinys\\\/#primaryimage\"},\"thumbnailUrl\":\"https:\\\/\\\/toidupakk.ee\\\/wp-content\\\/uploads\\\/2025\\\/06\\\/Nimetu-kujundus-21.png\",\"datePublished\":\"2025-06-16T10:35:31+00:00\",\"dateModified\":\"2026-04-14T22:30:39+00:00\",\"description\":\"Burgundi\u0161kas jautienos tro\u0161kinys \u2013 tai sotus \u0161altyje d\u017eiovintas (lajofilizuotas) \u017eygio maistas, kuriame dera mink\u0161ta jautiena, dar\u017eov\u0117s ir raudonojo vyno pada\u017eas. Skonio kelion\u0117 sunkiomis s\u0105lygomis.\",\"breadcrumb\":{\"@id\":\"https:\\\/\\\/toidupakk.ee\\\/lt\\\/toode\\\/burgundiskas-jautienos-troskinys\\\/#breadcrumb\"},\"inLanguage\":\"lt-LT\",\"potentialAction\":[{\"@type\":\"ReadAction\",\"target\":[\"https:\\\/\\\/toidupakk.ee\\\/lt\\\/toode\\\/burgundiskas-jautienos-troskinys\\\/\"]}]},{\"@type\":\"ImageObject\",\"inLanguage\":\"lt-LT\",\"@id\":\"https:\\\/\\\/toidupakk.ee\\\/lt\\\/toode\\\/burgundiskas-jautienos-troskinys\\\/#primaryimage\",\"url\":\"https:\\\/\\\/toidupakk.ee\\\/wp-content\\\/uploads\\\/2025\\\/06\\\/Nimetu-kujundus-21.png\",\"contentUrl\":\"https:\\\/\\\/toidupakk.ee\\\/wp-content\\\/uploads\\\/2025\\\/06\\\/Nimetu-kujundus-21.png\",\"width\":800,\"height\":800},{\"@type\":\"BreadcrumbList\",\"@id\":\"https:\\\/\\\/toidupakk.ee\\\/lt\\\/toode\\\/burgundiskas-jautienos-troskinys\\\/#breadcrumb\",\"itemListElement\":[{\"@type\":\"ListItem\",\"position\":1,\"name\":\"Avaleht\",\"item\":\"https:\\\/\\\/toidupakk.ee\\\/lt\\\/\"},{\"@type\":\"ListItem\",\"position\":2,\"name\":\"El. parduotuv\u0117\",\"item\":\"https:\\\/\\\/toidupakk.ee\\\/lt\\\/el-parduotuve\\\/\"},{\"@type\":\"ListItem\",\"position\":3,\"name\":\"Burgundi\u0161kas jautienos tro\u0161kinys\"}]},{\"@type\":\"WebSite\",\"@id\":\"https:\\\/\\\/toidupakk.ee\\\/lt\\\/#website\",\"url\":\"https:\\\/\\\/toidupakk.ee\\\/lt\\\/\",\"name\":\"Toidupakk.ee - Tactical Foodpack toidupakid\",\"description\":\"Tactical Foodpack k\u00fclmkuivatatud toidupakid ja matkaeined\",\"publisher\":{\"@id\":\"https:\\\/\\\/toidupakk.ee\\\/lt\\\/#organization\"},\"potentialAction\":[{\"@type\":\"SearchAction\",\"target\":{\"@type\":\"EntryPoint\",\"urlTemplate\":\"https:\\\/\\\/toidupakk.ee\\\/lt\\\/?s={search_term_string}\"},\"query-input\":{\"@type\":\"PropertyValueSpecification\",\"valueRequired\":true,\"valueName\":\"search_term_string\"}}],\"inLanguage\":\"lt-LT\"},{\"@type\":\"Organization\",\"@id\":\"https:\\\/\\\/toidupakk.ee\\\/lt\\\/#organization\",\"name\":\"Tactical Foodpack matkaeined\",\"url\":\"https:\\\/\\\/toidupakk.ee\\\/lt\\\/\",\"logo\":{\"@type\":\"ImageObject\",\"inLanguage\":\"lt-LT\",\"@id\":\"https:\\\/\\\/toidupakk.ee\\\/lt\\\/#\\\/schema\\\/logo\\\/image\\\/\",\"url\":\"https:\\\/\\\/toidupakk.ee\\\/wp-content\\\/uploads\\\/2022\\\/01\\\/Toidupakk-matkapood-logo-transparent.png\",\"contentUrl\":\"https:\\\/\\\/toidupakk.ee\\\/wp-content\\\/uploads\\\/2022\\\/01\\\/Toidupakk-matkapood-logo-transparent.png\",\"width\":500,\"height\":500,\"caption\":\"Tactical Foodpack matkaeined\"},\"image\":{\"@id\":\"https:\\\/\\\/toidupakk.ee\\\/lt\\\/#\\\/schema\\\/logo\\\/image\\\/\"},\"sameAs\":[\"https:\\\/\\\/www.facebook.com\\\/Toidupakk\",\"https:\\\/\\\/www.instagram.com\\\/toidupakk\\\/\"]}]}<\/script>\n<!-- \/ Yoast SEO plugin. -->","yoast_head_json":{"title":"Burgundi\u0161kas jautienos tro\u0161kinys","description":"Burgundi\u0161kas jautienos tro\u0161kinys \u2013 tai sotus \u0161altyje d\u017eiovintas (lajofilizuotas) \u017eygio maistas, kuriame dera mink\u0161ta jautiena, dar\u017eov\u0117s ir raudonojo vyno pada\u017eas. Skonio kelion\u0117 sunkiomis s\u0105lygomis.","robots":{"index":"index","follow":"follow","max-snippet":"max-snippet:-1","max-image-preview":"max-image-preview:large","max-video-preview":"max-video-preview:-1"},"canonical":"https:\/\/toidupakk.ee\/lt\/toode\/burgundiskas-jautienos-troskinys\/","og_locale":"lt_LT","og_type":"article","og_title":"Burgundi\u0161kas jautienos tro\u0161kinys","og_description":"Burgundi\u0161kas jautienos tro\u0161kinys \u2013 tai sotus \u0161altyje d\u017eiovintas (lajofilizuotas) \u017eygio maistas, kuriame dera mink\u0161ta jautiena, dar\u017eov\u0117s ir raudonojo vyno pada\u017eas. Skonio kelion\u0117 sunkiomis s\u0105lygomis.","og_url":"https:\/\/toidupakk.ee\/lt\/toode\/burgundiskas-jautienos-troskinys\/","og_site_name":"Toidupakk.ee - Tactical Foodpack toidupakid","article_publisher":"https:\/\/www.facebook.com\/Toidupakk","article_modified_time":"2026-04-14T22:30:39+00:00","og_image":[{"width":800,"height":800,"url":"https:\/\/toidupakk.ee\/wp-content\/uploads\/2025\/06\/Nimetu-kujundus-21.png","type":"image\/png"}],"twitter_card":"summary_large_image","twitter_misc":{"Est. reading time":"3 minut\u0117s"},"schema":{"@context":"https:\/\/schema.org","@graph":[{"@type":"WebPage","@id":"https:\/\/toidupakk.ee\/lt\/toode\/burgundiskas-jautienos-troskinys\/","url":"https:\/\/toidupakk.ee\/lt\/toode\/burgundiskas-jautienos-troskinys\/","name":"Burgundi\u0161kas jautienos tro\u0161kinys","isPartOf":{"@id":"https:\/\/toidupakk.ee\/lt\/#website"},"primaryImageOfPage":{"@id":"https:\/\/toidupakk.ee\/lt\/toode\/burgundiskas-jautienos-troskinys\/#primaryimage"},"image":{"@id":"https:\/\/toidupakk.ee\/lt\/toode\/burgundiskas-jautienos-troskinys\/#primaryimage"},"thumbnailUrl":"https:\/\/toidupakk.ee\/wp-content\/uploads\/2025\/06\/Nimetu-kujundus-21.png","datePublished":"2025-06-16T10:35:31+00:00","dateModified":"2026-04-14T22:30:39+00:00","description":"Burgundi\u0161kas jautienos tro\u0161kinys \u2013 tai sotus \u0161altyje d\u017eiovintas (lajofilizuotas) \u017eygio maistas, kuriame dera mink\u0161ta jautiena, dar\u017eov\u0117s ir raudonojo vyno pada\u017eas. Skonio kelion\u0117 sunkiomis s\u0105lygomis.","breadcrumb":{"@id":"https:\/\/toidupakk.ee\/lt\/toode\/burgundiskas-jautienos-troskinys\/#breadcrumb"},"inLanguage":"lt-LT","potentialAction":[{"@type":"ReadAction","target":["https:\/\/toidupakk.ee\/lt\/toode\/burgundiskas-jautienos-troskinys\/"]}]},{"@type":"ImageObject","inLanguage":"lt-LT","@id":"https:\/\/toidupakk.ee\/lt\/toode\/burgundiskas-jautienos-troskinys\/#primaryimage","url":"https:\/\/toidupakk.ee\/wp-content\/uploads\/2025\/06\/Nimetu-kujundus-21.png","contentUrl":"https:\/\/toidupakk.ee\/wp-content\/uploads\/2025\/06\/Nimetu-kujundus-21.png","width":800,"height":800},{"@type":"BreadcrumbList","@id":"https:\/\/toidupakk.ee\/lt\/toode\/burgundiskas-jautienos-troskinys\/#breadcrumb","itemListElement":[{"@type":"ListItem","position":1,"name":"Avaleht","item":"https:\/\/toidupakk.ee\/lt\/"},{"@type":"ListItem","position":2,"name":"El. parduotuv\u0117","item":"https:\/\/toidupakk.ee\/lt\/el-parduotuve\/"},{"@type":"ListItem","position":3,"name":"Burgundi\u0161kas jautienos tro\u0161kinys"}]},{"@type":"WebSite","@id":"https:\/\/toidupakk.ee\/lt\/#website","url":"https:\/\/toidupakk.ee\/lt\/","name":"Toidupakk.ee - Tactical Foodpack toidupakid","description":"Tactical Foodpack k\u00fclmkuivatatud toidupakid ja matkaeined","publisher":{"@id":"https:\/\/toidupakk.ee\/lt\/#organization"},"potentialAction":[{"@type":"SearchAction","target":{"@type":"EntryPoint","urlTemplate":"https:\/\/toidupakk.ee\/lt\/?s={search_term_string}"},"query-input":{"@type":"PropertyValueSpecification","valueRequired":true,"valueName":"search_term_string"}}],"inLanguage":"lt-LT"},{"@type":"Organization","@id":"https:\/\/toidupakk.ee\/lt\/#organization","name":"Tactical Foodpack matkaeined","url":"https:\/\/toidupakk.ee\/lt\/","logo":{"@type":"ImageObject","inLanguage":"lt-LT","@id":"https:\/\/toidupakk.ee\/lt\/#\/schema\/logo\/image\/","url":"https:\/\/toidupakk.ee\/wp-content\/uploads\/2022\/01\/Toidupakk-matkapood-logo-transparent.png","contentUrl":"https:\/\/toidupakk.ee\/wp-content\/uploads\/2022\/01\/Toidupakk-matkapood-logo-transparent.png","width":500,"height":500,"caption":"Tactical Foodpack matkaeined"},"image":{"@id":"https:\/\/toidupakk.ee\/lt\/#\/schema\/logo\/image\/"},"sameAs":["https:\/\/www.facebook.com\/Toidupakk","https:\/\/www.instagram.com\/toidupakk\/"]}]}},"jetpack_sharing_enabled":true,"_links":{"self":[{"href":"https:\/\/toidupakk.ee\/lt\/wp-json\/wp\/v2\/product\/46113","targetHints":{"allow":["GET"]}}],"collection":[{"href":"https:\/\/toidupakk.ee\/lt\/wp-json\/wp\/v2\/product"}],"about":[{"href":"https:\/\/toidupakk.ee\/lt\/wp-json\/wp\/v2\/types\/product"}],"replies":[{"embeddable":true,"href":"https:\/\/toidupakk.ee\/lt\/wp-json\/wp\/v2\/comments?post=46113"}],"wp:featuredmedia":[{"embeddable":true,"href":"https:\/\/toidupakk.ee\/lt\/wp-json\/wp\/v2\/media\/46114"}],"wp:attachment":[{"href":"https:\/\/toidupakk.ee\/lt\/wp-json\/wp\/v2\/media?parent=46113"}],"wp:term":[{"taxonomy":"product_brand","embeddable":true,"href":"https:\/\/toidupakk.ee\/lt\/wp-json\/wp\/v2\/product_brand?post=46113"},{"taxonomy":"product_cat","embeddable":true,"href":"https:\/\/toidupakk.ee\/lt\/wp-json\/wp\/v2\/product_cat?post=46113"},{"taxonomy":"product_tag","embeddable":true,"href":"https:\/\/toidupakk.ee\/lt\/wp-json\/wp\/v2\/product_tag?post=46113"}],"curies":[{"name":"wp","href":"https:\/\/api.w.org\/{rel}","templated":true}]}}