{"id":46104,"date":"2025-09-04T15:24:51","date_gmt":"2025-09-04T12:24:51","guid":{"rendered":"https:\/\/toidupakk.ee\/toode\/tarp-3x3-woodland\/"},"modified":"2026-04-29T16:30:52","modified_gmt":"2026-04-29T13:30:52","slug":"tarp-3x3-woodland","status":"publish","type":"product","link":"https:\/\/toidupakk.ee\/lt\/toode\/tarp-3x3-woodland\/","title":{"rendered":"Tarp 3&#215;3 Woodland"},"content":{"rendered":"<h2 data-start=\"207\" data-end=\"280\">\u201eTarp 3&#215;3 Woodland\u201c \u2013 tavo patvarus ir universalus palydovas gamtoje<\/h2>\n<p data-start=\"282\" data-end=\"639\">Jei esi \u017eygeivis, gamtos nuotyki\u0173 ie\u0161kotojas ar med\u017eiotojas, \u017einai, kokia svarbi yra patikima \u012franga. <strong data-start=\"416\" data-end=\"437\">Tarp 3&#215;3 Woodland<\/strong> sukurtas u\u017etikrinti apsaug\u0105 ir komfort\u0105 bet kokiomis s\u0105lygomis \u2013 lyjant, \u0161vie\u010diant saulei ar pu\u010diant v\u0117jui. D\u0117l patvarios polietileno med\u017eiagos ir vandeniui atsparaus apdirbimo \u0161is tentas yra idealus sprendimas kiekvienam nuotykiui. <\/p>\n<p data-start=\"282\" data-end=\"639\"><img fetchpriority=\"high\" decoding=\"async\" class=\"alignnone wp-image-38736 size-thumbnail\" src=\"https:\/\/toidupakk.ee\/wp-content\/uploads\/2025\/09\/319600_51_04-500x500.jpg\" alt=\"\u201eTarp 3x3 Woodland\u201c yra vandeniui atsparus ir patvarus tentas \u017eygiams, med\u017eioklei ar stovyklavimui. Lengvas ir kompakti\u0161kas, u\u017etikrina apsaug\u0105 nuo lietaus, v\u0117jo ir saul\u0117s.\" width=\"500\" height=\"500\" srcset=\"https:\/\/toidupakk.ee\/wp-content\/uploads\/2025\/09\/319600_51_04-500x500.jpg 500w, https:\/\/toidupakk.ee\/wp-content\/uploads\/2025\/09\/319600_51_04-300x300.jpg 300w, https:\/\/toidupakk.ee\/wp-content\/uploads\/2025\/09\/319600_51_04-768x768.jpg 768w, https:\/\/toidupakk.ee\/wp-content\/uploads\/2025\/09\/319600_51_04-400x400.jpg 400w, https:\/\/toidupakk.ee\/wp-content\/uploads\/2025\/09\/319600_51_04-800x800.jpg 800w, https:\/\/toidupakk.ee\/wp-content\/uploads\/2025\/09\/319600_51_04-100x100.jpg 100w, https:\/\/toidupakk.ee\/wp-content\/uploads\/2025\/09\/319600_51_04.jpg 960w\" sizes=\"(max-width: 500px) 100vw, 500px\" \/><\/p>\n<h2 data-start=\"646\" data-end=\"681\">Kod\u0117l verta rinktis \u201eTarp 3&#215;3 Woodland\u201c?<\/h2>\n<h3 data-start=\"683\" data-end=\"726\">1. Kokybi\u0161ka ir patvari med\u017eiaga<\/h3>\n<p data-start=\"727\" data-end=\"864\">Tentas pagamintas i\u0161 100 % polietileno, kuris yra ir lengvas, ir tvirtas. Tai u\u017etikrina ilgaam\u017ei\u0161kum\u0105 ir apsaug\u0105 net at\u0161iauriausiomis gamtos s\u0105lygomis. <\/p>\n<h3 data-start=\"866\" data-end=\"909\">2. Atsparumas vandeniui ir patikima apsauga<\/h3>\n<p data-start=\"910\" data-end=\"1116\">Nesvarbu, ar patekai \u012f li\u016bt\u012f, ar tau reikia papildomos apsaugos nuo dr\u0117gm\u0117s \u2013 <strong data-start=\"995\" data-end=\"1016\">Tarp 3&#215;3 Woodland<\/strong> pad\u0117s tau i\u0161likti sausam. Juo gal\u0117si saugiai u\u017edengti savo \u012frang\u0105, \u017eygio reikmenis ar stovyklaviet\u0119. <\/p>\n<h3 data-start=\"1118\" data-end=\"1157\">3. Universalios panaudojimo galimyb\u0117s<\/h3>\n<p>Tentas n\u0117ra tik paprasta danga \u2013 tai tikras universalus pagalbininkas gamtoje:<\/p>\n<ul>\n<li data-start=\"1158\" data-end=\"1602\"><strong data-start=\"1241\" data-end=\"1252\">Kaip palapin\u0117<\/strong> \u2013 greita ir lengva pastog\u0117 miegui ar poilsiui.<\/li>\n<li data-start=\"1158\" data-end=\"1602\"><strong data-start=\"1312\" data-end=\"1329\">Apsaugai nuo lietaus<\/strong> \u2013 saugo tave ir tavo \u012frang\u0105 nuo dr\u0117gm\u0117s.<\/li>\n<li data-start=\"1158\" data-end=\"1602\"><strong data-start=\"1372\" data-end=\"1391\">Apsaugai nuo saul\u0117s<\/strong> \u2013 suteikia pav\u0117s\u012f kar\u0161t\u0105 vasaros dien\u0105.<\/li>\n<li data-start=\"1158\" data-end=\"1602\"><strong data-start=\"1429\" data-end=\"1443\">Kaip patiesalas<\/strong> \u2013 gali naudoti kaip pagrind\u0105, kad tu ir tavo \u012franga i\u0161liktum\u0117te sausi.<\/li>\n<li data-start=\"1158\" data-end=\"1602\"><strong data-start=\"1512\" data-end=\"1535\">\u012erangos u\u017edengimui<\/strong> \u2013 saugo kuprines, \u012frankius ar kitus daiktus nuo oro s\u0105lyg\u0173.<\/li>\n<\/ul>\n<h3 data-start=\"1604\" data-end=\"1631\">4. Patogu transportuoti<\/h3>\n<p data-start=\"1632\" data-end=\"1811\">D\u0117l lengvumo (tik 590 g) ir kompakti\u0161kumo tent\u0105 gali visada tur\u0117ti su savimi. 3&#215;3 metr\u0173 plotas suteikia pakankamai vietos, ta\u010diau kuprin\u0117je jis beveik neu\u017eima vietos. <\/p>\n<h3 data-start=\"1813\" data-end=\"1844\">5. Gamtos spalv\u0173 dizainas<\/h3>\n<p data-start=\"1845\" data-end=\"2068\">\u201eWoodland\u201c ra\u0161tas puikiai susilieja su gamta, suteikdamas maskuot\u0119 ir harmonij\u0105 mi\u0161ke ar stovyklaviet\u0117je. Tod\u0117l \u0161is tentas ypa\u010d tinka med\u017eiotojams, i\u0161gyvenimo gamtoje entuziastams ir visiems, vertinantiems prakti\u0161kum\u0105 bei artum\u0105 gamtai. <\/p>\n<h2><strong data-start=\"2090\" data-end=\"2111\">Tarp 3&#215;3 Woodland<\/strong> \u2013 apibendrinimas<\/h2>\n<p data-start=\"2090\" data-end=\"2432\"><strong data-start=\"2090\" data-end=\"2111\">Tarp 3&#215;3<\/strong> yra patikimas, lengvas ir vandeniui atsparus tentas, tinkamas \u017eygiams, med\u017eioklei, stovyklavimui ar nam\u0173 sodui. Jo patvari med\u017eiaga, paprastas montavimas ir nat\u016bralios spalvos paver\u010dia j\u012f nepakei\u010diama \u012franga kiekvienam gamtos myl\u0117tojui. Jei ie\u0161kai prakti\u0161ko ir ilgaam\u017eio sprendimo, \u0161is tentas skirtas b\u016btent tau!  <\/p>\n<p>Su\u017einok daugiau apie \u201eTactical Foodpack\u201c \u017eygi\u0173 maist\u0105  <a href=\"https:\/\/toidupakk.ee\/lt\/tootekategooria\/tactical-foodpack-patiekalai\/\">\u010cIA.<\/a><\/p>\n<p>Daugiau \u017eygio reikmen\u0173 rasi <a href=\"https:\/\/toidupakk.ee\/lt\/tootekategooria\/zygio-iranga\/#section-3-79\">\u010cIA<\/a><\/p>\n<p>Pasisemk \u012fkv\u0117pimo kitiems nuotykiams \u201eToidupakk\u201c <a href=\"https:\/\/www.instagram.com\/toidupakk\/\">Instagram<\/a> ir <a href=\"https:\/\/www.facebook.com\/Toidupakk\/\">Facebook<\/a> paskyrose.<\/p>\n","protected":false},"excerpt":{"rendered":"<p data-start=\"152\" data-end=\"548\"><strong>\u201eTarp 3&#215;3 Woodland\u201c yra universali ir vandeniui atspari pastog\u0117, puikiai tinkanti \u012fvairiai veiklai lauke. Nesvarbu, ar tai \u017eygis, i\u0161gyvenimo mokymai, ar tiesiog stovyklos \u012frengimas \u2013 \u0161is tentas u\u017etikrina patikim\u0105 apsaug\u0105 nuo lietaus, v\u0117jo ir saul\u0117s. D\u0117l gamtai artim\u0173 atspalvi\u0173 jis idealiai susilieja su mi\u0161ku ir aplinka, tod\u0117l tinka naudoti ir atvirose vietose.  <\/strong><\/p>\n<ul>\n<li data-start=\"550\" data-end=\"876\"><strong data-start=\"552\" data-end=\"570\">Vandeniui atspari danga<\/strong> \u2013 saugo nuo lietaus ir dr\u0117gm\u0117s bet kokiomis s\u0105lygomis<\/li>\n<li data-start=\"550\" data-end=\"876\"><strong data-start=\"623\" data-end=\"646\">Patvari med\u017eiaga<\/strong> \u2013 pagaminta i\u0161 100 % polietileno<\/li>\n<li data-start=\"550\" data-end=\"876\"><strong data-start=\"685\" data-end=\"708\">Lengvas ir prakti\u0161kas<\/strong> \u2013 sveria tik 590 g, lengva pasiimti ir pastatyti<\/li>\n<li data-start=\"550\" data-end=\"876\"><strong data-start=\"765\" data-end=\"776\">Matmenys:<\/strong> 3 x 3 metrai<\/li>\n<li data-start=\"550\" data-end=\"876\"><strong data-start=\"795\" data-end=\"823\">Tinka \u012fvairiems tikslams<\/strong> \u2013 \u017eygiams, stovyklavimui ar nam\u0173 sodui<\/li>\n<\/ul>\n<p data-start=\"878\" data-end=\"930\"><strong data-start=\"878\" data-end=\"888\">Prek\u0117s \u017eenklas:<\/strong> Fosco Industries<br data-start=\"905\" data-end=\"908\"><strong data-start=\"908\" data-end=\"919\">Spalva:<\/strong> Woodland camo<\/p>\n<p data-start=\"932\" data-end=\"1010\">\u2705 Turime sand\u0117lyje, greitas pristatymas per 1\u20133 darbo dienas<\/p>\n","protected":false},"featured_media":38735,"comment_status":"open","ping_status":"closed","template":"","meta":{"_acf_changed":false},"product_brand":[],"product_cat":[258,217,257,189,190],"product_tag":[],"class_list":{"0":"post-46104","1":"product","2":"type-product","3":"status-publish","4":"has-post-thumbnail","6":"product_cat-hamakas","7":"product_cat-nakvyne-gamtoje","8":"product_cat-palapines","9":"product_cat-zygio-iranga","10":"product_cat-zygio-prekes","12":"first","13":"instock","14":"taxable","15":"shipping-taxable","16":"purchasable","17":"product-type-simple"},"bundled_by":[],"bundle_stock_status":"instock","bundle_stock_quantity":3,"bundle_virtual":false,"bundle_layout":"","bundle_add_to_cart_form_location":"","bundle_editable_in_cart":false,"bundle_sold_individually_context":"","bundle_item_grouping":"","bundle_min_size":"","bundle_max_size":"","bundle_price":[],"bundled_items":[],"bundle_sell_ids":[],"acf":[],"yoast_head":"<!-- This site is optimized with the Yoast SEO plugin v27.3 - https:\/\/yoast.com\/product\/yoast-seo-wordpress\/ -->\n<title>Tarp 3x3 Woodland<\/title>\n<meta name=\"description\" content=\"\u201eTarp 3x3 Woodland\u201c yra vandeniui atsparus ir patvarus tentas \u017eygiams, med\u017eioklei ar stovyklavimui. Lengvas ir kompakti\u0161kas, u\u017etikrina apsaug\u0105 nuo lietaus, v\u0117jo ir saul\u0117s.\" \/>\n<meta name=\"robots\" content=\"index, follow, max-snippet:-1, max-image-preview:large, max-video-preview:-1\" \/>\n<link rel=\"canonical\" href=\"https:\/\/toidupakk.ee\/lt\/toode\/tarp-3x3-woodland\/\" \/>\n<meta property=\"og:locale\" content=\"lt_LT\" \/>\n<meta property=\"og:type\" content=\"article\" \/>\n<meta property=\"og:title\" content=\"Tarp 3x3 Woodland\" \/>\n<meta property=\"og:description\" content=\"\u201eTarp 3x3 Woodland\u201c yra vandeniui atsparus ir patvarus tentas \u017eygiams, med\u017eioklei ar stovyklavimui. Lengvas ir kompakti\u0161kas, u\u017etikrina apsaug\u0105 nuo lietaus, v\u0117jo ir saul\u0117s.\" \/>\n<meta property=\"og:url\" content=\"https:\/\/toidupakk.ee\/lt\/toode\/tarp-3x3-woodland\/\" \/>\n<meta property=\"og:site_name\" content=\"Toidupakk.ee - Tactical Foodpack toidupakid\" \/>\n<meta property=\"article:publisher\" content=\"https:\/\/www.facebook.com\/Toidupakk\" \/>\n<meta property=\"article:modified_time\" content=\"2026-04-29T13:30:52+00:00\" \/>\n<meta property=\"og:image\" content=\"https:\/\/toidupakk.ee\/wp-content\/uploads\/2025\/09\/Nimetu-kujundus-29.png\" \/>\n\t<meta property=\"og:image:width\" content=\"800\" \/>\n\t<meta property=\"og:image:height\" content=\"800\" \/>\n\t<meta property=\"og:image:type\" content=\"image\/png\" \/>\n<meta name=\"twitter:card\" content=\"summary_large_image\" \/>\n<meta name=\"twitter:label1\" content=\"Est. reading time\" \/>\n\t<meta name=\"twitter:data1\" content=\"2 minut\u0117s\" \/>\n<script type=\"application\/ld+json\" class=\"yoast-schema-graph\">{\"@context\":\"https:\\\/\\\/schema.org\",\"@graph\":[{\"@type\":\"WebPage\",\"@id\":\"https:\\\/\\\/toidupakk.ee\\\/lt\\\/toode\\\/tarp-3x3-woodland\\\/\",\"url\":\"https:\\\/\\\/toidupakk.ee\\\/lt\\\/toode\\\/tarp-3x3-woodland\\\/\",\"name\":\"Tarp 3x3 Woodland\",\"isPartOf\":{\"@id\":\"https:\\\/\\\/toidupakk.ee\\\/lt\\\/#website\"},\"primaryImageOfPage\":{\"@id\":\"https:\\\/\\\/toidupakk.ee\\\/lt\\\/toode\\\/tarp-3x3-woodland\\\/#primaryimage\"},\"image\":{\"@id\":\"https:\\\/\\\/toidupakk.ee\\\/lt\\\/toode\\\/tarp-3x3-woodland\\\/#primaryimage\"},\"thumbnailUrl\":\"https:\\\/\\\/toidupakk.ee\\\/wp-content\\\/uploads\\\/2025\\\/09\\\/Nimetu-kujundus-29.png\",\"datePublished\":\"2025-09-04T12:24:51+00:00\",\"dateModified\":\"2026-04-29T13:30:52+00:00\",\"description\":\"\u201eTarp 3x3 Woodland\u201c yra vandeniui atsparus ir patvarus tentas \u017eygiams, med\u017eioklei ar stovyklavimui. Lengvas ir kompakti\u0161kas, u\u017etikrina apsaug\u0105 nuo lietaus, v\u0117jo ir saul\u0117s.\",\"breadcrumb\":{\"@id\":\"https:\\\/\\\/toidupakk.ee\\\/lt\\\/toode\\\/tarp-3x3-woodland\\\/#breadcrumb\"},\"inLanguage\":\"lt-LT\",\"potentialAction\":[{\"@type\":\"ReadAction\",\"target\":[\"https:\\\/\\\/toidupakk.ee\\\/lt\\\/toode\\\/tarp-3x3-woodland\\\/\"]}]},{\"@type\":\"ImageObject\",\"inLanguage\":\"lt-LT\",\"@id\":\"https:\\\/\\\/toidupakk.ee\\\/lt\\\/toode\\\/tarp-3x3-woodland\\\/#primaryimage\",\"url\":\"https:\\\/\\\/toidupakk.ee\\\/wp-content\\\/uploads\\\/2025\\\/09\\\/Nimetu-kujundus-29.png\",\"contentUrl\":\"https:\\\/\\\/toidupakk.ee\\\/wp-content\\\/uploads\\\/2025\\\/09\\\/Nimetu-kujundus-29.png\",\"width\":800,\"height\":800},{\"@type\":\"BreadcrumbList\",\"@id\":\"https:\\\/\\\/toidupakk.ee\\\/lt\\\/toode\\\/tarp-3x3-woodland\\\/#breadcrumb\",\"itemListElement\":[{\"@type\":\"ListItem\",\"position\":1,\"name\":\"Avaleht\",\"item\":\"https:\\\/\\\/toidupakk.ee\\\/lt\\\/\"},{\"@type\":\"ListItem\",\"position\":2,\"name\":\"El. parduotuv\u0117\",\"item\":\"https:\\\/\\\/toidupakk.ee\\\/lt\\\/el-parduotuve\\\/\"},{\"@type\":\"ListItem\",\"position\":3,\"name\":\"Tarp 3&#215;3 Woodland\"}]},{\"@type\":\"WebSite\",\"@id\":\"https:\\\/\\\/toidupakk.ee\\\/lt\\\/#website\",\"url\":\"https:\\\/\\\/toidupakk.ee\\\/lt\\\/\",\"name\":\"Toidupakk.ee - Tactical Foodpack toidupakid\",\"description\":\"Tactical Foodpack k\u00fclmkuivatatud toidupakid ja matkaeined\",\"publisher\":{\"@id\":\"https:\\\/\\\/toidupakk.ee\\\/lt\\\/#organization\"},\"potentialAction\":[{\"@type\":\"SearchAction\",\"target\":{\"@type\":\"EntryPoint\",\"urlTemplate\":\"https:\\\/\\\/toidupakk.ee\\\/lt\\\/?s={search_term_string}\"},\"query-input\":{\"@type\":\"PropertyValueSpecification\",\"valueRequired\":true,\"valueName\":\"search_term_string\"}}],\"inLanguage\":\"lt-LT\"},{\"@type\":\"Organization\",\"@id\":\"https:\\\/\\\/toidupakk.ee\\\/lt\\\/#organization\",\"name\":\"Tactical Foodpack matkaeined\",\"url\":\"https:\\\/\\\/toidupakk.ee\\\/lt\\\/\",\"logo\":{\"@type\":\"ImageObject\",\"inLanguage\":\"lt-LT\",\"@id\":\"https:\\\/\\\/toidupakk.ee\\\/lt\\\/#\\\/schema\\\/logo\\\/image\\\/\",\"url\":\"https:\\\/\\\/toidupakk.ee\\\/wp-content\\\/uploads\\\/2022\\\/01\\\/Toidupakk-matkapood-logo-transparent.png\",\"contentUrl\":\"https:\\\/\\\/toidupakk.ee\\\/wp-content\\\/uploads\\\/2022\\\/01\\\/Toidupakk-matkapood-logo-transparent.png\",\"width\":500,\"height\":500,\"caption\":\"Tactical Foodpack matkaeined\"},\"image\":{\"@id\":\"https:\\\/\\\/toidupakk.ee\\\/lt\\\/#\\\/schema\\\/logo\\\/image\\\/\"},\"sameAs\":[\"https:\\\/\\\/www.facebook.com\\\/Toidupakk\",\"https:\\\/\\\/www.instagram.com\\\/toidupakk\\\/\"]}]}<\/script>\n<!-- \/ Yoast SEO plugin. -->","yoast_head_json":{"title":"Tarp 3x3 Woodland","description":"\u201eTarp 3x3 Woodland\u201c yra vandeniui atsparus ir patvarus tentas \u017eygiams, med\u017eioklei ar stovyklavimui. Lengvas ir kompakti\u0161kas, u\u017etikrina apsaug\u0105 nuo lietaus, v\u0117jo ir saul\u0117s.","robots":{"index":"index","follow":"follow","max-snippet":"max-snippet:-1","max-image-preview":"max-image-preview:large","max-video-preview":"max-video-preview:-1"},"canonical":"https:\/\/toidupakk.ee\/lt\/toode\/tarp-3x3-woodland\/","og_locale":"lt_LT","og_type":"article","og_title":"Tarp 3x3 Woodland","og_description":"\u201eTarp 3x3 Woodland\u201c yra vandeniui atsparus ir patvarus tentas \u017eygiams, med\u017eioklei ar stovyklavimui. Lengvas ir kompakti\u0161kas, u\u017etikrina apsaug\u0105 nuo lietaus, v\u0117jo ir saul\u0117s.","og_url":"https:\/\/toidupakk.ee\/lt\/toode\/tarp-3x3-woodland\/","og_site_name":"Toidupakk.ee - Tactical Foodpack toidupakid","article_publisher":"https:\/\/www.facebook.com\/Toidupakk","article_modified_time":"2026-04-29T13:30:52+00:00","og_image":[{"width":800,"height":800,"url":"https:\/\/toidupakk.ee\/wp-content\/uploads\/2025\/09\/Nimetu-kujundus-29.png","type":"image\/png"}],"twitter_card":"summary_large_image","twitter_misc":{"Est. reading time":"2 minut\u0117s"},"schema":{"@context":"https:\/\/schema.org","@graph":[{"@type":"WebPage","@id":"https:\/\/toidupakk.ee\/lt\/toode\/tarp-3x3-woodland\/","url":"https:\/\/toidupakk.ee\/lt\/toode\/tarp-3x3-woodland\/","name":"Tarp 3x3 Woodland","isPartOf":{"@id":"https:\/\/toidupakk.ee\/lt\/#website"},"primaryImageOfPage":{"@id":"https:\/\/toidupakk.ee\/lt\/toode\/tarp-3x3-woodland\/#primaryimage"},"image":{"@id":"https:\/\/toidupakk.ee\/lt\/toode\/tarp-3x3-woodland\/#primaryimage"},"thumbnailUrl":"https:\/\/toidupakk.ee\/wp-content\/uploads\/2025\/09\/Nimetu-kujundus-29.png","datePublished":"2025-09-04T12:24:51+00:00","dateModified":"2026-04-29T13:30:52+00:00","description":"\u201eTarp 3x3 Woodland\u201c yra vandeniui atsparus ir patvarus tentas \u017eygiams, med\u017eioklei ar stovyklavimui. Lengvas ir kompakti\u0161kas, u\u017etikrina apsaug\u0105 nuo lietaus, v\u0117jo ir saul\u0117s.","breadcrumb":{"@id":"https:\/\/toidupakk.ee\/lt\/toode\/tarp-3x3-woodland\/#breadcrumb"},"inLanguage":"lt-LT","potentialAction":[{"@type":"ReadAction","target":["https:\/\/toidupakk.ee\/lt\/toode\/tarp-3x3-woodland\/"]}]},{"@type":"ImageObject","inLanguage":"lt-LT","@id":"https:\/\/toidupakk.ee\/lt\/toode\/tarp-3x3-woodland\/#primaryimage","url":"https:\/\/toidupakk.ee\/wp-content\/uploads\/2025\/09\/Nimetu-kujundus-29.png","contentUrl":"https:\/\/toidupakk.ee\/wp-content\/uploads\/2025\/09\/Nimetu-kujundus-29.png","width":800,"height":800},{"@type":"BreadcrumbList","@id":"https:\/\/toidupakk.ee\/lt\/toode\/tarp-3x3-woodland\/#breadcrumb","itemListElement":[{"@type":"ListItem","position":1,"name":"Avaleht","item":"https:\/\/toidupakk.ee\/lt\/"},{"@type":"ListItem","position":2,"name":"El. parduotuv\u0117","item":"https:\/\/toidupakk.ee\/lt\/el-parduotuve\/"},{"@type":"ListItem","position":3,"name":"Tarp 3&#215;3 Woodland"}]},{"@type":"WebSite","@id":"https:\/\/toidupakk.ee\/lt\/#website","url":"https:\/\/toidupakk.ee\/lt\/","name":"Toidupakk.ee - Tactical Foodpack toidupakid","description":"Tactical Foodpack k\u00fclmkuivatatud toidupakid ja matkaeined","publisher":{"@id":"https:\/\/toidupakk.ee\/lt\/#organization"},"potentialAction":[{"@type":"SearchAction","target":{"@type":"EntryPoint","urlTemplate":"https:\/\/toidupakk.ee\/lt\/?s={search_term_string}"},"query-input":{"@type":"PropertyValueSpecification","valueRequired":true,"valueName":"search_term_string"}}],"inLanguage":"lt-LT"},{"@type":"Organization","@id":"https:\/\/toidupakk.ee\/lt\/#organization","name":"Tactical Foodpack matkaeined","url":"https:\/\/toidupakk.ee\/lt\/","logo":{"@type":"ImageObject","inLanguage":"lt-LT","@id":"https:\/\/toidupakk.ee\/lt\/#\/schema\/logo\/image\/","url":"https:\/\/toidupakk.ee\/wp-content\/uploads\/2022\/01\/Toidupakk-matkapood-logo-transparent.png","contentUrl":"https:\/\/toidupakk.ee\/wp-content\/uploads\/2022\/01\/Toidupakk-matkapood-logo-transparent.png","width":500,"height":500,"caption":"Tactical Foodpack matkaeined"},"image":{"@id":"https:\/\/toidupakk.ee\/lt\/#\/schema\/logo\/image\/"},"sameAs":["https:\/\/www.facebook.com\/Toidupakk","https:\/\/www.instagram.com\/toidupakk\/"]}]}},"jetpack_sharing_enabled":true,"_links":{"self":[{"href":"https:\/\/toidupakk.ee\/lt\/wp-json\/wp\/v2\/product\/46104","targetHints":{"allow":["GET"]}}],"collection":[{"href":"https:\/\/toidupakk.ee\/lt\/wp-json\/wp\/v2\/product"}],"about":[{"href":"https:\/\/toidupakk.ee\/lt\/wp-json\/wp\/v2\/types\/product"}],"replies":[{"embeddable":true,"href":"https:\/\/toidupakk.ee\/lt\/wp-json\/wp\/v2\/comments?post=46104"}],"wp:featuredmedia":[{"embeddable":true,"href":"https:\/\/toidupakk.ee\/lt\/wp-json\/wp\/v2\/media\/38735"}],"wp:attachment":[{"href":"https:\/\/toidupakk.ee\/lt\/wp-json\/wp\/v2\/media?parent=46104"}],"wp:term":[{"taxonomy":"product_brand","embeddable":true,"href":"https:\/\/toidupakk.ee\/lt\/wp-json\/wp\/v2\/product_brand?post=46104"},{"taxonomy":"product_cat","embeddable":true,"href":"https:\/\/toidupakk.ee\/lt\/wp-json\/wp\/v2\/product_cat?post=46104"},{"taxonomy":"product_tag","embeddable":true,"href":"https:\/\/toidupakk.ee\/lt\/wp-json\/wp\/v2\/product_tag?post=46104"}],"curies":[{"name":"wp","href":"https:\/\/api.w.org\/{rel}","templated":true}]}}