{"id":46077,"date":"2025-11-05T11:28:49","date_gmt":"2025-11-05T09:28:49","guid":{"rendered":"https:\/\/toidupakk.ee\/toode\/atspindinti-kepure-su-siltu-flisiniu-pamusalu-norfin\/"},"modified":"2026-04-04T00:01:50","modified_gmt":"2026-04-03T21:01:50","slug":"atspindinti-kepure-su-siltu-flisiniu-pamusalu-norfin","status":"publish","type":"product","link":"https:\/\/toidupakk.ee\/lt\/toode\/atspindinti-kepure-su-siltu-flisiniu-pamusalu-norfin\/","title":{"rendered":"Atspindinti kepur\u0117 su \u0161iltu flisiniu pamu\u0161alu Norfin\u00ae"},"content":{"rendered":"<h3 data-start=\"207\" data-end=\"283\"><strong data-start=\"211\" data-end=\"283\">Atspindinti kepur\u0117 su \u0161iltu flisiniu pamu\u0161alu Norfin\u00ae \u2013 \u0161iltas, patogus ir saugus pasirinkimas \u017eiemai<\/strong><\/h3>\n<p data-start=\"285\" data-end=\"625\">Atspindinti kepur\u0117 su \u0161iltu flisiniu pamu\u0161alu Norfin\u00ae sukurta u\u017etikrinti maksimal\u0173 komfort\u0105 ir \u0161ilum\u0105 \u0161altais \u017eiemos m\u0117nesiais. Kepur\u0117 pagaminta i\u0161 kokybi\u0161ko <strong data-start=\"417\" data-end=\"435\">100 % akrilo<\/strong>, kuris yra patvarus, lengvas ir atstumiantis dr\u0117gm\u0119. Vidinis <strong data-start=\"509\" data-end=\"530\">mink\u0161tas flisinis pamu\u0161alas<\/strong> maloniai \u0161ildo galv\u0105 ir suteikia papildomo komforto net ir ilg\u0173 i\u0161vyk\u0173 metu.  <\/p>\n<p data-start=\"627\" data-end=\"876\">\u0160i kepur\u0117 ypatinga tuo, kad joje <strong data-start=\"654\" data-end=\"682\">naudojami atspindintys si\u016blai<\/strong>, \u012fausti tiesiai \u012f kepur\u0117s strukt\u016br\u0105. Jie padeda u\u017etikrinti geresn\u012f matomum\u0105 prieblandoje ir tamsoje \u2013 nesvarbu, ar vaik\u0161\u010diotum, slidin\u0117tum, \u017evejotum, ar jud\u0117tum miesto gatv\u0117mis. Saugumas ir stilius viename!  <\/p>\n<p data-start=\"878\" data-end=\"1069\">Pilkas atspalvis ir minimalistinis dizainas paver\u010dia kepur\u0119 universaliu aksesuaru, tinkan\u010diu tiek prie sportin\u0117s, tiek prie kasdien\u0117s aprangos.<\/p>\n<p>Domiesi \u017eygio reikmenimis? Su\u017einok daugiau  <a href=\"https:\/\/toidupakk.ee\/lt\/tootekategooria\/zygio-iranga\/#section-3-79\">\u010cIA<\/a><\/p>\n<p>O gal domina \u017eygio maistas? \u017di\u016br\u0117k <a href=\"https:\/\/toidupakk.ee\/lt\/tootekategooria\/pagrindiniai-patiekalai\/\">\u010cIA<\/a><\/p>\n<p>Pasisemk \u012fkv\u0117pimo kitiems nuotykiams Toidupakk <a href=\"https:\/\/www.instagram.com\/toidupakk\/\">Instagram<\/a> ir <a href=\"https:\/\/www.facebook.com\/Toidupakk\/\">Facebook<\/a> paskyrose.<\/p>\n","protected":false},"excerpt":{"rendered":"<p data-start=\"175\" data-end=\"415\"><strong>Atspindinti kepur\u0117 su \u0161iltu flisiniu pamu\u0161alu Norfin\u00ae \u2013 \u0161ilta ir patogi \u017eiemin\u0117 kepur\u0117 su atspindin\u010diais si\u016blais, u\u017etikrinan\u010diais geresn\u012f matomum\u0105 tamsoje. 100 % akrilo megzta med\u017eiaga ir mink\u0161tas flisinis pamu\u0161alas saugo \u0161ilum\u0105 net ir \u0161al\u010diausiomis s\u0105lygomis. Populiarus ir prakti\u0161kas pasirinkimas kasdieniam d\u0117v\u0117jimui.  <\/strong><\/p>\n<ul>\n<li>Megzta kepur\u0117 su mink\u0161tu flisiniu pamu\u0161alu<\/li>\n<li>Atspindintys si\u016blai pagerina matomum\u0105 tamsoje<\/li>\n<li>Med\u017eiaga: 100 % akrilas<\/li>\n<li>Spalva: Sidabri\u0161kai pilka<\/li>\n<\/ul>\n<p><img decoding=\"async\" class=\"alignnone wp-image-37368\" src=\"https:\/\/toidupakk.ee\/wp-content\/uploads\/2025\/07\/Norfin-logo-225x100-1.png\" alt=\"\" width=\"150\" height=\"67\"><\/p>\n<p data-start=\"586\" data-end=\"630\">\u2705 Turime sand\u0117lyje, greitas pristatymas per 1\u20133 darbo dienas<\/p>\n","protected":false},"featured_media":40248,"comment_status":"open","ping_status":"closed","template":"","meta":{"_acf_changed":false},"product_brand":[],"product_cat":[221,200,199,189,190],"product_tag":[],"class_list":{"0":"post-46077","1":"product","2":"type-product","3":"status-publish","4":"has-post-thumbnail","6":"product_cat-kepures","7":"product_cat-praktiskos-dovanu-idejos","8":"product_cat-ziemos-prekes","9":"product_cat-zygio-iranga","10":"product_cat-zygio-prekes","12":"first","13":"instock","14":"taxable","15":"shipping-taxable","16":"purchasable","17":"product-type-variable","18":"has-default-attributes"},"bundled_by":[],"bundle_stock_status":"instock","bundle_stock_quantity":null,"bundle_virtual":false,"bundle_layout":"","bundle_add_to_cart_form_location":"","bundle_editable_in_cart":false,"bundle_sold_individually_context":"","bundle_item_grouping":"","bundle_min_size":"","bundle_max_size":"","bundle_price":[],"bundled_items":[],"bundle_sell_ids":[],"acf":[],"yoast_head":"<!-- This site is optimized with the Yoast SEO plugin v27.1.1 - https:\/\/yoast.com\/product\/yoast-seo-wordpress\/ -->\n<title>Atspindinti kepur\u0117 su \u0161iltu flisiniu pamu\u0161alu Norfin\u00ae<\/title>\n<meta name=\"description\" content=\"Atspindinti kepur\u0117 su \u0161iltu flisiniu pamu\u0161alu Norfin\u00ae palaiko galvos \u0161ilum\u0105 \u0161altuoju metu ir pagerina matomum\u0105 tamsoje d\u0117l \u012faust\u0173 atspindin\u010di\u0173 si\u016bl\u0173. Patogi ir lengva.\" \/>\n<meta name=\"robots\" content=\"index, follow, max-snippet:-1, max-image-preview:large, max-video-preview:-1\" \/>\n<link rel=\"canonical\" href=\"https:\/\/toidupakk.ee\/lt\/toode\/atspindinti-kepure-su-siltu-flisiniu-pamusalu-norfin\/\" \/>\n<meta property=\"og:locale\" content=\"lt_LT\" \/>\n<meta property=\"og:type\" content=\"article\" \/>\n<meta property=\"og:title\" content=\"Atspindinti kepur\u0117 su \u0161iltu flisiniu pamu\u0161alu Norfin\u00ae\" \/>\n<meta property=\"og:description\" content=\"Atspindinti kepur\u0117 su \u0161iltu flisiniu pamu\u0161alu Norfin\u00ae palaiko galvos \u0161ilum\u0105 \u0161altuoju metu ir pagerina matomum\u0105 tamsoje d\u0117l \u012faust\u0173 atspindin\u010di\u0173 si\u016bl\u0173. Patogi ir lengva.\" \/>\n<meta property=\"og:url\" content=\"https:\/\/toidupakk.ee\/lt\/toode\/atspindinti-kepure-su-siltu-flisiniu-pamusalu-norfin\/\" \/>\n<meta property=\"og:site_name\" content=\"Toidupakk.ee - Tactical Foodpack toidupakid\" \/>\n<meta property=\"article:publisher\" content=\"https:\/\/www.facebook.com\/Toidupakk\" \/>\n<meta property=\"article:modified_time\" content=\"2026-04-03T21:01:50+00:00\" \/>\n<meta property=\"og:image\" content=\"https:\/\/toidupakk.ee\/wp-content\/uploads\/2025\/10\/Nimetu-kujundus-40.png\" \/>\n\t<meta property=\"og:image:width\" content=\"800\" \/>\n\t<meta property=\"og:image:height\" content=\"800\" \/>\n\t<meta property=\"og:image:type\" content=\"image\/png\" \/>\n<meta name=\"twitter:card\" content=\"summary_large_image\" \/>\n<meta name=\"twitter:label1\" content=\"Est. reading time\" \/>\n\t<meta name=\"twitter:data1\" content=\"1 minut\u0117\" \/>\n<script type=\"application\/ld+json\" class=\"yoast-schema-graph\">{\"@context\":\"https:\/\/schema.org\",\"@graph\":[{\"@type\":\"WebPage\",\"@id\":\"https:\/\/toidupakk.ee\/lt\/toode\/atspindinti-kepure-su-siltu-flisiniu-pamusalu-norfin\/\",\"url\":\"https:\/\/toidupakk.ee\/lt\/toode\/atspindinti-kepure-su-siltu-flisiniu-pamusalu-norfin\/\",\"name\":\"Atspindinti kepur\u0117 su \u0161iltu flisiniu pamu\u0161alu Norfin\u00ae\",\"isPartOf\":{\"@id\":\"https:\/\/toidupakk.ee\/lt\/#website\"},\"primaryImageOfPage\":{\"@id\":\"https:\/\/toidupakk.ee\/lt\/toode\/atspindinti-kepure-su-siltu-flisiniu-pamusalu-norfin\/#primaryimage\"},\"image\":{\"@id\":\"https:\/\/toidupakk.ee\/lt\/toode\/atspindinti-kepure-su-siltu-flisiniu-pamusalu-norfin\/#primaryimage\"},\"thumbnailUrl\":\"https:\/\/toidupakk.ee\/wp-content\/uploads\/2025\/10\/Nimetu-kujundus-40.png\",\"datePublished\":\"2025-11-05T09:28:49+00:00\",\"dateModified\":\"2026-04-03T21:01:50+00:00\",\"description\":\"Atspindinti kepur\u0117 su \u0161iltu flisiniu pamu\u0161alu Norfin\u00ae palaiko galvos \u0161ilum\u0105 \u0161altuoju metu ir pagerina matomum\u0105 tamsoje d\u0117l \u012faust\u0173 atspindin\u010di\u0173 si\u016bl\u0173. Patogi ir lengva.\",\"breadcrumb\":{\"@id\":\"https:\/\/toidupakk.ee\/lt\/toode\/atspindinti-kepure-su-siltu-flisiniu-pamusalu-norfin\/#breadcrumb\"},\"inLanguage\":\"lt-LT\",\"potentialAction\":[{\"@type\":\"ReadAction\",\"target\":[\"https:\/\/toidupakk.ee\/lt\/toode\/atspindinti-kepure-su-siltu-flisiniu-pamusalu-norfin\/\"]}]},{\"@type\":\"ImageObject\",\"inLanguage\":\"lt-LT\",\"@id\":\"https:\/\/toidupakk.ee\/lt\/toode\/atspindinti-kepure-su-siltu-flisiniu-pamusalu-norfin\/#primaryimage\",\"url\":\"https:\/\/toidupakk.ee\/wp-content\/uploads\/2025\/10\/Nimetu-kujundus-40.png\",\"contentUrl\":\"https:\/\/toidupakk.ee\/wp-content\/uploads\/2025\/10\/Nimetu-kujundus-40.png\",\"width\":800,\"height\":800,\"caption\":\"Helkurm\u00fcts sooja fliisvoodriga Norfin\u00ae\"},{\"@type\":\"BreadcrumbList\",\"@id\":\"https:\/\/toidupakk.ee\/lt\/toode\/atspindinti-kepure-su-siltu-flisiniu-pamusalu-norfin\/#breadcrumb\",\"itemListElement\":[{\"@type\":\"ListItem\",\"position\":1,\"name\":\"Avaleht\",\"item\":\"https:\/\/toidupakk.ee\/lt\/\"},{\"@type\":\"ListItem\",\"position\":2,\"name\":\"El. parduotuv\u0117\",\"item\":\"https:\/\/toidupakk.ee\/lt\/el-parduotuve\/\"},{\"@type\":\"ListItem\",\"position\":3,\"name\":\"Atspindinti kepur\u0117 su \u0161iltu flisiniu pamu\u0161alu Norfin\u00ae\"}]},{\"@type\":\"WebSite\",\"@id\":\"https:\/\/toidupakk.ee\/lt\/#website\",\"url\":\"https:\/\/toidupakk.ee\/lt\/\",\"name\":\"Toidupakk.ee - Tactical Foodpack toidupakid\",\"description\":\"Tactical Foodpack k\u00fclmkuivatatud toidupakid ja matkaeined\",\"publisher\":{\"@id\":\"https:\/\/toidupakk.ee\/lt\/#organization\"},\"potentialAction\":[{\"@type\":\"SearchAction\",\"target\":{\"@type\":\"EntryPoint\",\"urlTemplate\":\"https:\/\/toidupakk.ee\/lt\/?s={search_term_string}\"},\"query-input\":{\"@type\":\"PropertyValueSpecification\",\"valueRequired\":true,\"valueName\":\"search_term_string\"}}],\"inLanguage\":\"lt-LT\"},{\"@type\":\"Organization\",\"@id\":\"https:\/\/toidupakk.ee\/lt\/#organization\",\"name\":\"Tactical Foodpack matkaeined\",\"url\":\"https:\/\/toidupakk.ee\/lt\/\",\"logo\":{\"@type\":\"ImageObject\",\"inLanguage\":\"lt-LT\",\"@id\":\"https:\/\/toidupakk.ee\/lt\/#\/schema\/logo\/image\/\",\"url\":\"https:\/\/toidupakk.ee\/wp-content\/uploads\/2022\/01\/Toidupakk-matkapood-logo-transparent.png\",\"contentUrl\":\"https:\/\/toidupakk.ee\/wp-content\/uploads\/2022\/01\/Toidupakk-matkapood-logo-transparent.png\",\"width\":500,\"height\":500,\"caption\":\"Tactical Foodpack matkaeined\"},\"image\":{\"@id\":\"https:\/\/toidupakk.ee\/lt\/#\/schema\/logo\/image\/\"},\"sameAs\":[\"https:\/\/www.facebook.com\/Toidupakk\",\"https:\/\/www.instagram.com\/toidupakk\/\"]}]}<\/script>\n<!-- \/ Yoast SEO plugin. -->","yoast_head_json":{"title":"Atspindinti kepur\u0117 su \u0161iltu flisiniu pamu\u0161alu Norfin\u00ae","description":"Atspindinti kepur\u0117 su \u0161iltu flisiniu pamu\u0161alu Norfin\u00ae palaiko galvos \u0161ilum\u0105 \u0161altuoju metu ir pagerina matomum\u0105 tamsoje d\u0117l \u012faust\u0173 atspindin\u010di\u0173 si\u016bl\u0173. Patogi ir lengva.","robots":{"index":"index","follow":"follow","max-snippet":"max-snippet:-1","max-image-preview":"max-image-preview:large","max-video-preview":"max-video-preview:-1"},"canonical":"https:\/\/toidupakk.ee\/lt\/toode\/atspindinti-kepure-su-siltu-flisiniu-pamusalu-norfin\/","og_locale":"lt_LT","og_type":"article","og_title":"Atspindinti kepur\u0117 su \u0161iltu flisiniu pamu\u0161alu Norfin\u00ae","og_description":"Atspindinti kepur\u0117 su \u0161iltu flisiniu pamu\u0161alu Norfin\u00ae palaiko galvos \u0161ilum\u0105 \u0161altuoju metu ir pagerina matomum\u0105 tamsoje d\u0117l \u012faust\u0173 atspindin\u010di\u0173 si\u016bl\u0173. Patogi ir lengva.","og_url":"https:\/\/toidupakk.ee\/lt\/toode\/atspindinti-kepure-su-siltu-flisiniu-pamusalu-norfin\/","og_site_name":"Toidupakk.ee - Tactical Foodpack toidupakid","article_publisher":"https:\/\/www.facebook.com\/Toidupakk","article_modified_time":"2026-04-03T21:01:50+00:00","og_image":[{"width":800,"height":800,"url":"https:\/\/toidupakk.ee\/wp-content\/uploads\/2025\/10\/Nimetu-kujundus-40.png","type":"image\/png"}],"twitter_card":"summary_large_image","twitter_misc":{"Est. reading time":"1 minut\u0117"},"schema":{"@context":"https:\/\/schema.org","@graph":[{"@type":"WebPage","@id":"https:\/\/toidupakk.ee\/lt\/toode\/atspindinti-kepure-su-siltu-flisiniu-pamusalu-norfin\/","url":"https:\/\/toidupakk.ee\/lt\/toode\/atspindinti-kepure-su-siltu-flisiniu-pamusalu-norfin\/","name":"Atspindinti kepur\u0117 su \u0161iltu flisiniu pamu\u0161alu Norfin\u00ae","isPartOf":{"@id":"https:\/\/toidupakk.ee\/lt\/#website"},"primaryImageOfPage":{"@id":"https:\/\/toidupakk.ee\/lt\/toode\/atspindinti-kepure-su-siltu-flisiniu-pamusalu-norfin\/#primaryimage"},"image":{"@id":"https:\/\/toidupakk.ee\/lt\/toode\/atspindinti-kepure-su-siltu-flisiniu-pamusalu-norfin\/#primaryimage"},"thumbnailUrl":"https:\/\/toidupakk.ee\/wp-content\/uploads\/2025\/10\/Nimetu-kujundus-40.png","datePublished":"2025-11-05T09:28:49+00:00","dateModified":"2026-04-03T21:01:50+00:00","description":"Atspindinti kepur\u0117 su \u0161iltu flisiniu pamu\u0161alu Norfin\u00ae palaiko galvos \u0161ilum\u0105 \u0161altuoju metu ir pagerina matomum\u0105 tamsoje d\u0117l \u012faust\u0173 atspindin\u010di\u0173 si\u016bl\u0173. Patogi ir lengva.","breadcrumb":{"@id":"https:\/\/toidupakk.ee\/lt\/toode\/atspindinti-kepure-su-siltu-flisiniu-pamusalu-norfin\/#breadcrumb"},"inLanguage":"lt-LT","potentialAction":[{"@type":"ReadAction","target":["https:\/\/toidupakk.ee\/lt\/toode\/atspindinti-kepure-su-siltu-flisiniu-pamusalu-norfin\/"]}]},{"@type":"ImageObject","inLanguage":"lt-LT","@id":"https:\/\/toidupakk.ee\/lt\/toode\/atspindinti-kepure-su-siltu-flisiniu-pamusalu-norfin\/#primaryimage","url":"https:\/\/toidupakk.ee\/wp-content\/uploads\/2025\/10\/Nimetu-kujundus-40.png","contentUrl":"https:\/\/toidupakk.ee\/wp-content\/uploads\/2025\/10\/Nimetu-kujundus-40.png","width":800,"height":800,"caption":"Helkurm\u00fcts sooja fliisvoodriga Norfin\u00ae"},{"@type":"BreadcrumbList","@id":"https:\/\/toidupakk.ee\/lt\/toode\/atspindinti-kepure-su-siltu-flisiniu-pamusalu-norfin\/#breadcrumb","itemListElement":[{"@type":"ListItem","position":1,"name":"Avaleht","item":"https:\/\/toidupakk.ee\/lt\/"},{"@type":"ListItem","position":2,"name":"El. parduotuv\u0117","item":"https:\/\/toidupakk.ee\/lt\/el-parduotuve\/"},{"@type":"ListItem","position":3,"name":"Atspindinti kepur\u0117 su \u0161iltu flisiniu pamu\u0161alu Norfin\u00ae"}]},{"@type":"WebSite","@id":"https:\/\/toidupakk.ee\/lt\/#website","url":"https:\/\/toidupakk.ee\/lt\/","name":"Toidupakk.ee - Tactical Foodpack toidupakid","description":"Tactical Foodpack k\u00fclmkuivatatud toidupakid ja matkaeined","publisher":{"@id":"https:\/\/toidupakk.ee\/lt\/#organization"},"potentialAction":[{"@type":"SearchAction","target":{"@type":"EntryPoint","urlTemplate":"https:\/\/toidupakk.ee\/lt\/?s={search_term_string}"},"query-input":{"@type":"PropertyValueSpecification","valueRequired":true,"valueName":"search_term_string"}}],"inLanguage":"lt-LT"},{"@type":"Organization","@id":"https:\/\/toidupakk.ee\/lt\/#organization","name":"Tactical Foodpack matkaeined","url":"https:\/\/toidupakk.ee\/lt\/","logo":{"@type":"ImageObject","inLanguage":"lt-LT","@id":"https:\/\/toidupakk.ee\/lt\/#\/schema\/logo\/image\/","url":"https:\/\/toidupakk.ee\/wp-content\/uploads\/2022\/01\/Toidupakk-matkapood-logo-transparent.png","contentUrl":"https:\/\/toidupakk.ee\/wp-content\/uploads\/2022\/01\/Toidupakk-matkapood-logo-transparent.png","width":500,"height":500,"caption":"Tactical Foodpack matkaeined"},"image":{"@id":"https:\/\/toidupakk.ee\/lt\/#\/schema\/logo\/image\/"},"sameAs":["https:\/\/www.facebook.com\/Toidupakk","https:\/\/www.instagram.com\/toidupakk\/"]}]}},"jetpack_sharing_enabled":true,"_links":{"self":[{"href":"https:\/\/toidupakk.ee\/lt\/wp-json\/wp\/v2\/product\/46077","targetHints":{"allow":["GET"]}}],"collection":[{"href":"https:\/\/toidupakk.ee\/lt\/wp-json\/wp\/v2\/product"}],"about":[{"href":"https:\/\/toidupakk.ee\/lt\/wp-json\/wp\/v2\/types\/product"}],"replies":[{"embeddable":true,"href":"https:\/\/toidupakk.ee\/lt\/wp-json\/wp\/v2\/comments?post=46077"}],"wp:featuredmedia":[{"embeddable":true,"href":"https:\/\/toidupakk.ee\/lt\/wp-json\/wp\/v2\/media\/40248"}],"wp:attachment":[{"href":"https:\/\/toidupakk.ee\/lt\/wp-json\/wp\/v2\/media?parent=46077"}],"wp:term":[{"taxonomy":"product_brand","embeddable":true,"href":"https:\/\/toidupakk.ee\/lt\/wp-json\/wp\/v2\/product_brand?post=46077"},{"taxonomy":"product_cat","embeddable":true,"href":"https:\/\/toidupakk.ee\/lt\/wp-json\/wp\/v2\/product_cat?post=46077"},{"taxonomy":"product_tag","embeddable":true,"href":"https:\/\/toidupakk.ee\/lt\/wp-json\/wp\/v2\/product_tag?post=46077"}],"curies":[{"name":"wp","href":"https:\/\/api.w.org\/{rel}","templated":true}]}}