{"id":46070,"date":"2025-10-20T11:25:52","date_gmt":"2025-10-20T08:25:52","guid":{"rendered":"https:\/\/toidupakk.ee\/toode\/fire-maple-turistiniu-puodu-rinkinys\/"},"modified":"2026-04-29T16:31:28","modified_gmt":"2026-04-29T13:31:28","slug":"fire-maple-turistiniu-puodu-rinkinys","status":"publish","type":"product","link":"https:\/\/toidupakk.ee\/lt\/toode\/fire-maple-turistiniu-puodu-rinkinys\/","title":{"rendered":"\u201eFire-Maple\u201c turistini\u0173 puod\u0173 rinkinys"},"content":{"rendered":"<h2 data-start=\"159\" data-end=\"242\">\u201eFire-Maple\u201c turistini\u0173 puod\u0173 rinkinys \u2013 idealus palydovas vienam \u017eygeiviui<\/h2>\n<p data-start=\"283\" data-end=\"723\">Esi vienas keliaujantis \u017eygeivis, \u017evejys ar tiesiog leidi laik\u0105 gamtoje? \u201eFire-Maple\u201c turistini\u0173 puod\u0173 rinkinys sukurtas b\u016btent Tau. \u0160is lengvas ir patvarus rinkinys idealiai tinka tiems, kurie vertina prakti\u0161kum\u0105, vietos taupym\u0105 ir kokyb\u0119. Rinkin\u012f sudaro 0,75 l puodas ir 0,3 l dangtis, kuris prireikus gali tarnauti kaip duben\u0117lis ar l\u0117k\u0161t\u0117 \u2013 viskas, ko reikia vienam asmeniui pasigaminti ir m\u0117gautis maistu gamtoje.   <\/p>\n<p data-start=\"283\" data-end=\"723\"><img fetchpriority=\"high\" decoding=\"async\" class=\"aligncenter wp-image-40044 size-full\" src=\"https:\/\/toidupakk.ee\/wp-content\/uploads\/2025\/10\/Nimetu-kujundus-39.jpg\" alt=\"\" width=\"1200\" height=\"800\" srcset=\"https:\/\/toidupakk.ee\/wp-content\/uploads\/2025\/10\/Nimetu-kujundus-39.jpg 1200w, https:\/\/toidupakk.ee\/wp-content\/uploads\/2025\/10\/Nimetu-kujundus-39-300x200.jpg 300w, https:\/\/toidupakk.ee\/wp-content\/uploads\/2025\/10\/Nimetu-kujundus-39-1024x683.jpg 1024w, https:\/\/toidupakk.ee\/wp-content\/uploads\/2025\/10\/Nimetu-kujundus-39-768x512.jpg 768w, https:\/\/toidupakk.ee\/wp-content\/uploads\/2025\/10\/Nimetu-kujundus-39-800x533.jpg 800w\" sizes=\"(max-width: 1200px) 100vw, 1200px\" \/><\/p>\n<h2 data-start=\"730\" data-end=\"765\">Universalus ir sumanus dizainas<\/h2>\n<p data-start=\"766\" data-end=\"848\">Turistini\u0173 puod\u0173 rinkinys sukurtas galvojant apie itin lengv\u0105 ir funkcionali\u0105 \u017eygio \u012frang\u0105.<\/p>\n<ul>\n<li data-start=\"851\" data-end=\"950\">Dang\u010dio ir puodo derinys leid\u017eia gaminti, patiekti ir valgyti maist\u0105 naudojant vien\u0105 rinkin\u012f.<\/li>\n<li data-start=\"851\" data-end=\"950\">Puode telpa ma\u017eas 110 g duj\u0173 balion\u0117lis ir virykl\u0117 (nepridedama), tod\u0117l tai tikrai viet\u0105 taupantis sprendimas.<\/li>\n<li data-start=\"851\" data-end=\"950\">Sulankstomos kar\u0161\u010diui atsparios rankenos u\u017etikrina saug\u0173 naudojim\u0105 net ir su kar\u0161tu puodu bei leid\u017eia kompakti\u0161kai supakuoti rinkin\u012f.<\/li>\n<\/ul>\n<p data-start=\"1227\" data-end=\"1335\">Visos detal\u0117s apgalvotos siekiant sutaupyti vietos ir svorio \u2013 idealu tiems, kurie juda greitai ir lengvai.<\/p>\n<h2 data-start=\"1342\" data-end=\"1381\">Patvari ir ugniai atspari med\u017eiaga<\/h2>\n<p data-start=\"1382\" data-end=\"1732\">Puodai pagaminti i\u0161 auk\u0161tos kokyb\u0117s anoduoto aliuminio, kuris u\u017etikrina puik\u0173 patvarum\u0105 ir ilg\u0105 tarnavimo laik\u0105. \u0160i med\u017eiaga yra atspari ugniai, lengva ir lengvai valoma, tod\u0117l maisto gaminimas ir prie\u017ei\u016bra tampa paprasti. D\u0117l anoduoto pavir\u0161iaus rinkinys yra atsparus \u012fbr\u0117\u017eimams ir gerai atlaiko \u017eygio s\u0105lygomis kylan\u010dias apkrovas.  <\/p>\n<h2 data-start=\"1739\" data-end=\"1762\">Sauga ir patogumas<\/h2>\n<p data-start=\"1763\" data-end=\"2024\">\u017dygiuose saugumas visada svarbus. Kar\u0161\u010diui atsparios plastikin\u0117s rankenos u\u017etikrina tvirt\u0105 su\u0117mim\u0105 ir padeda i\u0161vengti nudegim\u0173 pavojaus, net kai puodas yra \u012fkait\u0119s. Stabili konstrukcija ir gerai subalansuotas svoris palengvina maisto gaminim\u0105 net ant nelygaus pavir\u0161iaus.  <\/p>\n<p data-start=\"2026\" data-end=\"2185\">Rinkinyje yra valymo kempin\u0117l\u0117 ir tinklinis mai\u0161elis, kuris saugo pavir\u0161ius nuo \u012fbr\u0117\u017eim\u0173 ir leid\u017eia patogiai pakabinti puodus arba pritvirtinti juos prie kuprin\u0117s.<\/p>\n<h2 data-start=\"2192\" data-end=\"2217\">Lengva ne\u0161iotis<\/h2>\n<p data-start=\"2218\" data-end=\"2514\">Sveriantis vos 195 g, tai vienas lengviausi\u0173 turistini\u0173 rinkini\u0173 savo klas\u0117je. Jis lengvai telpa \u012f kuprin\u0119 ar net ma\u017eesn\u012f krep\u0161\u012f, kartu u\u017etikrindamas visi\u0161k\u0105 funkcionalum\u0105. Nesvarbu, ar tai \u017eygis \u012f kalnus, \u017evejyba, ar nakvyn\u0117 palapin\u0117je \u2013 \u0161is puod\u0173 rinkinys visada ras vietos tavo baga\u017ee.  <\/p>\n<h2 data-start=\"2521\" data-end=\"2544\">Techniniai duomenys \u2013 \u201eFire-Maple\u201c turistini\u0173 puod\u0173 rinkinys<\/h2>\n<ul>\n<li data-start=\"2547\" data-end=\"2570\">Puodo talpa: 0,75 l<\/li>\n<li data-start=\"2547\" data-end=\"2570\">Dang\u010dio talpa: 0,3 l<\/li>\n<li data-start=\"2547\" data-end=\"2570\">Med\u017eiaga: anoduotas aliuminis<\/li>\n<li data-start=\"2547\" data-end=\"2570\">Matmenys: puodas \u2013 125 \u00d7 102 mm, dangtis \u2013 120 \u00d7 60 mm<\/li>\n<li data-start=\"2547\" data-end=\"2570\">Svoris: 195 g<\/li>\n<\/ul>\n<h3 data-start=\"2720\" data-end=\"2786\">\u201eFire-Maple\u201c turistini\u0173 puod\u0173 rinkinys \u2013 tavo patikimas palydovas gamtoje<\/h3>\n<p data-start=\"2787\" data-end=\"3023\">\u0160is \u017eygio rinkinys sukurtas \u017emon\u0117ms, vertinantiems paprastum\u0105, patvarum\u0105 ir prakti\u0161kum\u0105. FMC-207 sujungia visas svarbias savybes, kuri\u0173 reikia gaminant maist\u0105 vienam gamtoje \u2013 kompakti\u0161kas, lengvas, saugus ir ilgaam\u017eis. <\/p>\n<p data-start=\"3025\" data-end=\"3165\">Pasiimk \u201eFire-Maple\u201c turistini\u0173 puod\u0173 rinkin\u012f \u012f kit\u0105 savo nuotyk\u012f ir m\u0117gaukis ner\u016bpestingu maisto gaminimu mi\u0161ke, kalnuose ar ant e\u017eero kranto!<\/p>\n<p>Daugiau \u017eygio preki\u0173 rasi  <a href=\"https:\/\/toidupakk.ee\/lt\/tootekategooria\/zygio-iranga\/#section-3-79\">\u010cIA<\/a><\/p>\n<p>Pasisemk \u012fkv\u0117pimo kitiems nuotykiams \u201eToidupakk\u201c <a href=\"https:\/\/www.instagram.com\/toidupakk\/\">Instagram<\/a> ir <a href=\"https:\/\/www.facebook.com\/Toidupakk\/\">Facebook<\/a> paskyrose<\/p>\n","protected":false},"excerpt":{"rendered":"<p data-start=\"195\" data-end=\"270\"><strong data-start=\"195\" data-end=\"268\">\u201eFire-Maple\u201c turistini\u0173 puod\u0173 rinkinys yra lengvas ir patvarus \u2013 idealus sprendimas vienam ar dviem \u017eygeiviams.<\/strong><\/p>\n<ul>\n<li data-start=\"272\" data-end=\"816\">Susideda i\u0161 dviej\u0173 dali\u0173 \u2013 0,75 l puodo ir 0,3 l dang\u010dio, kur\u012f <strong>galima naudoti ir kaip l\u0117k\u0161t\u0119 ar duben\u0117l\u012f<\/strong><\/li>\n<li data-start=\"272\" data-end=\"816\"><strong>Viduje telpa 110 g duj\u0173 balion\u0117lis ir ma\u017ea virykl\u0117<\/strong> (nepridedama) \u2013 taupo viet\u0105 kuprin\u0117je<\/li>\n<li data-start=\"272\" data-end=\"816\">Pagamintas i\u0161 ugniai atsparaus ir <strong>anoduoto aliuminio<\/strong>, kuris yra <strong>patvarus ir lengvai valomas<\/strong><\/li>\n<li data-start=\"272\" data-end=\"816\">Kar\u0161\u010diui atsparios plastikin\u0117s rankenos u\u017etikrina tvirt\u0105 ir saug\u0173 su\u0117mim\u0105<\/li>\n<li data-start=\"272\" data-end=\"816\"><strong>Svoris tik 195 g<\/strong> \u2013 idealus sprendimas itin lengvai \u017eygio \u012frangai<\/li>\n<li data-start=\"272\" data-end=\"816\"><strong>Rinkinyje yra valymo kempin\u0117l\u0117 ir tinklinis mai\u0161elis<\/strong> patogiam laikymui ir transportavimui<\/li>\n<\/ul>\n<p data-start=\"818\" data-end=\"862\">\u2705 Turime sand\u0117lyje, greitas pristatymas per 1\u20133 darbo dienas<\/p>\n","protected":false},"featured_media":40033,"comment_status":"open","ping_status":"closed","template":"","meta":{"_acf_changed":false},"product_brand":[],"product_cat":[200,197,189,190],"product_tag":[],"class_list":{"0":"post-46070","1":"product","2":"type-product","3":"status-publish","4":"has-post-thumbnail","6":"product_cat-praktiskos-dovanu-idejos","7":"product_cat-stalo-irankiai","8":"product_cat-zygio-iranga","9":"product_cat-zygio-prekes","11":"first","12":"instock","13":"taxable","14":"shipping-taxable","15":"purchasable","16":"product-type-simple"},"bundled_by":[],"bundle_stock_status":"instock","bundle_stock_quantity":2,"bundle_virtual":false,"bundle_layout":"","bundle_add_to_cart_form_location":"","bundle_editable_in_cart":false,"bundle_sold_individually_context":"","bundle_item_grouping":"","bundle_min_size":"","bundle_max_size":"","bundle_price":[],"bundled_items":[],"bundle_sell_ids":[],"acf":[],"yoast_head":"<!-- This site is optimized with the Yoast SEO plugin v27.3 - https:\/\/yoast.com\/product\/yoast-seo-wordpress\/ -->\n<title>\u201eFire-Maple\u201c turistini\u0173 puod\u0173 rinkinys<\/title>\n<meta name=\"description\" content=\"\u201eFire-Maple\u201c turistini\u0173 puod\u0173 rinkinys \u2013 lengvas ir patvarus rinkinys vienam \u017eygeiviui. Telpa duj\u0173 balion\u0117lis ir virykl\u0117, idealiai tinka gaminti maist\u0105 gamtoje.\" \/>\n<meta name=\"robots\" content=\"index, follow, max-snippet:-1, max-image-preview:large, max-video-preview:-1\" \/>\n<link rel=\"canonical\" href=\"https:\/\/toidupakk.ee\/lt\/toode\/fire-maple-turistiniu-puodu-rinkinys\/\" \/>\n<meta property=\"og:locale\" content=\"lt_LT\" \/>\n<meta property=\"og:type\" content=\"article\" \/>\n<meta property=\"og:title\" content=\"\u201eFire-Maple\u201c turistini\u0173 puod\u0173 rinkinys\" \/>\n<meta property=\"og:description\" content=\"\u201eFire-Maple\u201c turistini\u0173 puod\u0173 rinkinys \u2013 lengvas ir patvarus rinkinys vienam \u017eygeiviui. Telpa duj\u0173 balion\u0117lis ir virykl\u0117, idealiai tinka gaminti maist\u0105 gamtoje.\" \/>\n<meta property=\"og:url\" content=\"https:\/\/toidupakk.ee\/lt\/toode\/fire-maple-turistiniu-puodu-rinkinys\/\" \/>\n<meta property=\"og:site_name\" content=\"Toidupakk.ee - Tactical Foodpack toidupakid\" \/>\n<meta property=\"article:publisher\" content=\"https:\/\/www.facebook.com\/Toidupakk\" \/>\n<meta property=\"article:modified_time\" content=\"2026-04-29T13:31:28+00:00\" \/>\n<meta property=\"og:image\" content=\"https:\/\/toidupakk.ee\/wp-content\/uploads\/2025\/10\/1-2.png\" \/>\n\t<meta property=\"og:image:width\" content=\"800\" \/>\n\t<meta property=\"og:image:height\" content=\"800\" \/>\n\t<meta property=\"og:image:type\" content=\"image\/png\" \/>\n<meta name=\"twitter:card\" content=\"summary_large_image\" \/>\n<meta name=\"twitter:label1\" content=\"Est. reading time\" \/>\n\t<meta name=\"twitter:data1\" content=\"2 minut\u0117s\" \/>\n<script type=\"application\/ld+json\" class=\"yoast-schema-graph\">{\"@context\":\"https:\\\/\\\/schema.org\",\"@graph\":[{\"@type\":\"WebPage\",\"@id\":\"https:\\\/\\\/toidupakk.ee\\\/lt\\\/toode\\\/fire-maple-turistiniu-puodu-rinkinys\\\/\",\"url\":\"https:\\\/\\\/toidupakk.ee\\\/lt\\\/toode\\\/fire-maple-turistiniu-puodu-rinkinys\\\/\",\"name\":\"\u201eFire-Maple\u201c turistini\u0173 puod\u0173 rinkinys\",\"isPartOf\":{\"@id\":\"https:\\\/\\\/toidupakk.ee\\\/lt\\\/#website\"},\"primaryImageOfPage\":{\"@id\":\"https:\\\/\\\/toidupakk.ee\\\/lt\\\/toode\\\/fire-maple-turistiniu-puodu-rinkinys\\\/#primaryimage\"},\"image\":{\"@id\":\"https:\\\/\\\/toidupakk.ee\\\/lt\\\/toode\\\/fire-maple-turistiniu-puodu-rinkinys\\\/#primaryimage\"},\"thumbnailUrl\":\"https:\\\/\\\/toidupakk.ee\\\/wp-content\\\/uploads\\\/2025\\\/10\\\/1-2.png\",\"datePublished\":\"2025-10-20T08:25:52+00:00\",\"dateModified\":\"2026-04-29T13:31:28+00:00\",\"description\":\"\u201eFire-Maple\u201c turistini\u0173 puod\u0173 rinkinys \u2013 lengvas ir patvarus rinkinys vienam \u017eygeiviui. Telpa duj\u0173 balion\u0117lis ir virykl\u0117, idealiai tinka gaminti maist\u0105 gamtoje.\",\"breadcrumb\":{\"@id\":\"https:\\\/\\\/toidupakk.ee\\\/lt\\\/toode\\\/fire-maple-turistiniu-puodu-rinkinys\\\/#breadcrumb\"},\"inLanguage\":\"lt-LT\",\"potentialAction\":[{\"@type\":\"ReadAction\",\"target\":[\"https:\\\/\\\/toidupakk.ee\\\/lt\\\/toode\\\/fire-maple-turistiniu-puodu-rinkinys\\\/\"]}]},{\"@type\":\"ImageObject\",\"inLanguage\":\"lt-LT\",\"@id\":\"https:\\\/\\\/toidupakk.ee\\\/lt\\\/toode\\\/fire-maple-turistiniu-puodu-rinkinys\\\/#primaryimage\",\"url\":\"https:\\\/\\\/toidupakk.ee\\\/wp-content\\\/uploads\\\/2025\\\/10\\\/1-2.png\",\"contentUrl\":\"https:\\\/\\\/toidupakk.ee\\\/wp-content\\\/uploads\\\/2025\\\/10\\\/1-2.png\",\"width\":800,\"height\":800},{\"@type\":\"BreadcrumbList\",\"@id\":\"https:\\\/\\\/toidupakk.ee\\\/lt\\\/toode\\\/fire-maple-turistiniu-puodu-rinkinys\\\/#breadcrumb\",\"itemListElement\":[{\"@type\":\"ListItem\",\"position\":1,\"name\":\"Avaleht\",\"item\":\"https:\\\/\\\/toidupakk.ee\\\/lt\\\/\"},{\"@type\":\"ListItem\",\"position\":2,\"name\":\"El. parduotuv\u0117\",\"item\":\"https:\\\/\\\/toidupakk.ee\\\/lt\\\/el-parduotuve\\\/\"},{\"@type\":\"ListItem\",\"position\":3,\"name\":\"\u201eFire-Maple\u201c turistini\u0173 puod\u0173 rinkinys\"}]},{\"@type\":\"WebSite\",\"@id\":\"https:\\\/\\\/toidupakk.ee\\\/lt\\\/#website\",\"url\":\"https:\\\/\\\/toidupakk.ee\\\/lt\\\/\",\"name\":\"Toidupakk.ee - Tactical Foodpack toidupakid\",\"description\":\"Tactical Foodpack k\u00fclmkuivatatud toidupakid ja matkaeined\",\"publisher\":{\"@id\":\"https:\\\/\\\/toidupakk.ee\\\/lt\\\/#organization\"},\"potentialAction\":[{\"@type\":\"SearchAction\",\"target\":{\"@type\":\"EntryPoint\",\"urlTemplate\":\"https:\\\/\\\/toidupakk.ee\\\/lt\\\/?s={search_term_string}\"},\"query-input\":{\"@type\":\"PropertyValueSpecification\",\"valueRequired\":true,\"valueName\":\"search_term_string\"}}],\"inLanguage\":\"lt-LT\"},{\"@type\":\"Organization\",\"@id\":\"https:\\\/\\\/toidupakk.ee\\\/lt\\\/#organization\",\"name\":\"Tactical Foodpack matkaeined\",\"url\":\"https:\\\/\\\/toidupakk.ee\\\/lt\\\/\",\"logo\":{\"@type\":\"ImageObject\",\"inLanguage\":\"lt-LT\",\"@id\":\"https:\\\/\\\/toidupakk.ee\\\/lt\\\/#\\\/schema\\\/logo\\\/image\\\/\",\"url\":\"https:\\\/\\\/toidupakk.ee\\\/wp-content\\\/uploads\\\/2022\\\/01\\\/Toidupakk-matkapood-logo-transparent.png\",\"contentUrl\":\"https:\\\/\\\/toidupakk.ee\\\/wp-content\\\/uploads\\\/2022\\\/01\\\/Toidupakk-matkapood-logo-transparent.png\",\"width\":500,\"height\":500,\"caption\":\"Tactical Foodpack matkaeined\"},\"image\":{\"@id\":\"https:\\\/\\\/toidupakk.ee\\\/lt\\\/#\\\/schema\\\/logo\\\/image\\\/\"},\"sameAs\":[\"https:\\\/\\\/www.facebook.com\\\/Toidupakk\",\"https:\\\/\\\/www.instagram.com\\\/toidupakk\\\/\"]}]}<\/script>\n<!-- \/ Yoast SEO plugin. -->","yoast_head_json":{"title":"\u201eFire-Maple\u201c turistini\u0173 puod\u0173 rinkinys","description":"\u201eFire-Maple\u201c turistini\u0173 puod\u0173 rinkinys \u2013 lengvas ir patvarus rinkinys vienam \u017eygeiviui. Telpa duj\u0173 balion\u0117lis ir virykl\u0117, idealiai tinka gaminti maist\u0105 gamtoje.","robots":{"index":"index","follow":"follow","max-snippet":"max-snippet:-1","max-image-preview":"max-image-preview:large","max-video-preview":"max-video-preview:-1"},"canonical":"https:\/\/toidupakk.ee\/lt\/toode\/fire-maple-turistiniu-puodu-rinkinys\/","og_locale":"lt_LT","og_type":"article","og_title":"\u201eFire-Maple\u201c turistini\u0173 puod\u0173 rinkinys","og_description":"\u201eFire-Maple\u201c turistini\u0173 puod\u0173 rinkinys \u2013 lengvas ir patvarus rinkinys vienam \u017eygeiviui. Telpa duj\u0173 balion\u0117lis ir virykl\u0117, idealiai tinka gaminti maist\u0105 gamtoje.","og_url":"https:\/\/toidupakk.ee\/lt\/toode\/fire-maple-turistiniu-puodu-rinkinys\/","og_site_name":"Toidupakk.ee - Tactical Foodpack toidupakid","article_publisher":"https:\/\/www.facebook.com\/Toidupakk","article_modified_time":"2026-04-29T13:31:28+00:00","og_image":[{"width":800,"height":800,"url":"https:\/\/toidupakk.ee\/wp-content\/uploads\/2025\/10\/1-2.png","type":"image\/png"}],"twitter_card":"summary_large_image","twitter_misc":{"Est. reading time":"2 minut\u0117s"},"schema":{"@context":"https:\/\/schema.org","@graph":[{"@type":"WebPage","@id":"https:\/\/toidupakk.ee\/lt\/toode\/fire-maple-turistiniu-puodu-rinkinys\/","url":"https:\/\/toidupakk.ee\/lt\/toode\/fire-maple-turistiniu-puodu-rinkinys\/","name":"\u201eFire-Maple\u201c turistini\u0173 puod\u0173 rinkinys","isPartOf":{"@id":"https:\/\/toidupakk.ee\/lt\/#website"},"primaryImageOfPage":{"@id":"https:\/\/toidupakk.ee\/lt\/toode\/fire-maple-turistiniu-puodu-rinkinys\/#primaryimage"},"image":{"@id":"https:\/\/toidupakk.ee\/lt\/toode\/fire-maple-turistiniu-puodu-rinkinys\/#primaryimage"},"thumbnailUrl":"https:\/\/toidupakk.ee\/wp-content\/uploads\/2025\/10\/1-2.png","datePublished":"2025-10-20T08:25:52+00:00","dateModified":"2026-04-29T13:31:28+00:00","description":"\u201eFire-Maple\u201c turistini\u0173 puod\u0173 rinkinys \u2013 lengvas ir patvarus rinkinys vienam \u017eygeiviui. Telpa duj\u0173 balion\u0117lis ir virykl\u0117, idealiai tinka gaminti maist\u0105 gamtoje.","breadcrumb":{"@id":"https:\/\/toidupakk.ee\/lt\/toode\/fire-maple-turistiniu-puodu-rinkinys\/#breadcrumb"},"inLanguage":"lt-LT","potentialAction":[{"@type":"ReadAction","target":["https:\/\/toidupakk.ee\/lt\/toode\/fire-maple-turistiniu-puodu-rinkinys\/"]}]},{"@type":"ImageObject","inLanguage":"lt-LT","@id":"https:\/\/toidupakk.ee\/lt\/toode\/fire-maple-turistiniu-puodu-rinkinys\/#primaryimage","url":"https:\/\/toidupakk.ee\/wp-content\/uploads\/2025\/10\/1-2.png","contentUrl":"https:\/\/toidupakk.ee\/wp-content\/uploads\/2025\/10\/1-2.png","width":800,"height":800},{"@type":"BreadcrumbList","@id":"https:\/\/toidupakk.ee\/lt\/toode\/fire-maple-turistiniu-puodu-rinkinys\/#breadcrumb","itemListElement":[{"@type":"ListItem","position":1,"name":"Avaleht","item":"https:\/\/toidupakk.ee\/lt\/"},{"@type":"ListItem","position":2,"name":"El. parduotuv\u0117","item":"https:\/\/toidupakk.ee\/lt\/el-parduotuve\/"},{"@type":"ListItem","position":3,"name":"\u201eFire-Maple\u201c turistini\u0173 puod\u0173 rinkinys"}]},{"@type":"WebSite","@id":"https:\/\/toidupakk.ee\/lt\/#website","url":"https:\/\/toidupakk.ee\/lt\/","name":"Toidupakk.ee - Tactical Foodpack toidupakid","description":"Tactical Foodpack k\u00fclmkuivatatud toidupakid ja matkaeined","publisher":{"@id":"https:\/\/toidupakk.ee\/lt\/#organization"},"potentialAction":[{"@type":"SearchAction","target":{"@type":"EntryPoint","urlTemplate":"https:\/\/toidupakk.ee\/lt\/?s={search_term_string}"},"query-input":{"@type":"PropertyValueSpecification","valueRequired":true,"valueName":"search_term_string"}}],"inLanguage":"lt-LT"},{"@type":"Organization","@id":"https:\/\/toidupakk.ee\/lt\/#organization","name":"Tactical Foodpack matkaeined","url":"https:\/\/toidupakk.ee\/lt\/","logo":{"@type":"ImageObject","inLanguage":"lt-LT","@id":"https:\/\/toidupakk.ee\/lt\/#\/schema\/logo\/image\/","url":"https:\/\/toidupakk.ee\/wp-content\/uploads\/2022\/01\/Toidupakk-matkapood-logo-transparent.png","contentUrl":"https:\/\/toidupakk.ee\/wp-content\/uploads\/2022\/01\/Toidupakk-matkapood-logo-transparent.png","width":500,"height":500,"caption":"Tactical Foodpack matkaeined"},"image":{"@id":"https:\/\/toidupakk.ee\/lt\/#\/schema\/logo\/image\/"},"sameAs":["https:\/\/www.facebook.com\/Toidupakk","https:\/\/www.instagram.com\/toidupakk\/"]}]}},"jetpack_sharing_enabled":true,"_links":{"self":[{"href":"https:\/\/toidupakk.ee\/lt\/wp-json\/wp\/v2\/product\/46070","targetHints":{"allow":["GET"]}}],"collection":[{"href":"https:\/\/toidupakk.ee\/lt\/wp-json\/wp\/v2\/product"}],"about":[{"href":"https:\/\/toidupakk.ee\/lt\/wp-json\/wp\/v2\/types\/product"}],"replies":[{"embeddable":true,"href":"https:\/\/toidupakk.ee\/lt\/wp-json\/wp\/v2\/comments?post=46070"}],"wp:featuredmedia":[{"embeddable":true,"href":"https:\/\/toidupakk.ee\/lt\/wp-json\/wp\/v2\/media\/40033"}],"wp:attachment":[{"href":"https:\/\/toidupakk.ee\/lt\/wp-json\/wp\/v2\/media?parent=46070"}],"wp:term":[{"taxonomy":"product_brand","embeddable":true,"href":"https:\/\/toidupakk.ee\/lt\/wp-json\/wp\/v2\/product_brand?post=46070"},{"taxonomy":"product_cat","embeddable":true,"href":"https:\/\/toidupakk.ee\/lt\/wp-json\/wp\/v2\/product_cat?post=46070"},{"taxonomy":"product_tag","embeddable":true,"href":"https:\/\/toidupakk.ee\/lt\/wp-json\/wp\/v2\/product_tag?post=46070"}],"curies":[{"name":"wp","href":"https:\/\/api.w.org\/{rel}","templated":true}]}}