{"id":46068,"date":"2025-10-06T13:24:35","date_gmt":"2025-10-06T10:24:35","guid":{"rendered":"https:\/\/toidupakk.ee\/toode\/vistienos-sriuba-food-force\/"},"modified":"2026-04-14T11:30:52","modified_gmt":"2026-04-14T08:30:52","slug":"vistienos-sriuba-food-force","status":"publish","type":"product","link":"https:\/\/toidupakk.ee\/lt\/toode\/vistienos-sriuba-food-force\/","title":{"rendered":"Vi\u0161tienos sriuba FOOD FORCE"},"content":{"rendered":"<p><img decoding=\"async\" class=\"alignnone size-full wp-image-23874\" src=\"https:\/\/toidupakk.ee\/wp-content\/uploads\/2024\/06\/Food-Force-logo-transparent-150-x-75-px.png\" alt=\"\" width=\"150\" height=\"75\"><\/p>\n<h2><strong>Vi\u0161tienos sriuba <\/strong>FOOD FORCE \u2013 paruo\u0161imo instrukcija<\/h2>\n<p>Atidaryk Vi\u0161tienos sriubos FOOD FORCE pakuot\u0119 ir visi\u0161kai i\u0161skleisk jos dugn\u0105, kad u\u017etikrintum tolyg\u0173 kaitim\u0105. \u012epilk \u012f mai\u0161el\u012f apie <strong data-start=\"233\" data-end=\"254\">400 ml kar\u0161to vandens<\/strong> ir kruop\u0161\u010diai i\u0161mai\u0161yk turin\u012f, kol visi ingredientai su\u0161laps. Leisk sriubai pastov\u0117ti ir i\u0161brinkti <strong data-start=\"352\" data-end=\"371\">apie 5 minutes<\/strong>, kad skoniai visi\u0161kai atsiskleist\u0173. Prie\u0161 patiekdamas dar kart\u0105 i\u0161mai\u0161yk, kad pasiektum tolygi\u0105 ir maloni\u0105 tekst\u016br\u0105. Jei nori skystesn\u0117s sriubos, gali papildomai \u012fpilti \u0161iek tiek kar\u0161to vandens.    <\/p>\n<h2>Food Force sausas maistas<\/h2>\n<p>\u201eFood Force\u201c yra Estijos maisto gamintojas, besispecializuojantis dehidratuot\u0173 paruo\u0161t\u0173 patiekal\u0173 ir ilgo galiojimo u\u017ekand\u017ei\u0173 gamyboje.<br data-start=\"1264\" data-end=\"1267\">Produktai skirti kariuomenei, pagalbos organizacijoms ir krizi\u0173 valdymo daliniams, ta\u010diau puikiai tinka ir \u017eygeiviams, j\u016breiviams bei visiems, kuriems reikia skanaus ir sotaus maisto neturint galimyb\u0117s jo pasigaminti i\u0161 \u0161vie\u017ei\u0173 ingredient\u0173.<\/p>\n<p>Su\u017einok daugiau apie \u201eTactical Foodpack\u201c \u017eygi\u0173 maist\u0105 <a href=\"https:\/\/toidupakk.ee\/lt\/tootekategooria\/tactical-foodpack-patiekalai\/\">\u010cIA.<\/a><\/p>\n<p>Daugiau \u017eygio reikmen\u0173 rasi <a href=\"https:\/\/toidupakk.ee\/lt\/tootekategooria\/zygio-iranga\/#section-3-79\">\u010cIA<\/a><\/p>\n<p>Pasisemk \u012fkv\u0117pimo kitiems nuotykiams \u201eToidupakk\u201c <a href=\"https:\/\/www.instagram.com\/toidupakk\/\">Instagram<\/a> ir <a href=\"https:\/\/www.facebook.com\/Toidupakk\/\">Facebook<\/a> paskyrose.<\/p>\n","protected":false},"excerpt":{"rendered":"<p><strong>Vi\u0161tienos sriuba FOOD FORCE yra skanus ir sotus patiekalas, puikiai tinkantis greitam pavalgymui tiek namuose, tiek \u017eygyje ar netik\u0117tose situacijose. Klasikinis vi\u0161tienos sultinys su dar\u017eov\u0117mis ir aromatingomis \u017eolel\u0117mis sukuria tobul\u0105 \u0161velnaus skonio ir sotaus turinio pusiausvyr\u0105. Paruo\u0161iama vos per kelias minutes \u012fpylus kar\u0161to vandens, suteikiant namin\u0117s sriubos patirt\u012f bet kur ir bet kada.  <\/strong><\/p>\n<p data-start=\"529\" data-end=\"839\"><strong data-start=\"529\" data-end=\"545\">Sudedamosios dalys:<\/strong><br data-start=\"545\" data-end=\"548\">sultinio mi\u0161inys [tir\u0161tiklis: modifikuotas krakmolas, augaliniai riebalai (palmi\u0173 aliejus) (sud\u0117tyje yra LAKTOZ\u0116S), S\u016aRIO milteliai, \u010desnakai (nat\u016bral\u016bs SULFITAI), \u0161ampinjonai, petra\u017eol\u0117s, GRIETIN\u0116L\u0116S milteliai, druska, prieskoniai (vi\u0161tiena)], makaronai (KVIE\u010cIAI), vi\u0161tienos fil\u0117 5 %.<\/p>\n<p data-start=\"841\" data-end=\"1036\"><strong data-start=\"841\" data-end=\"877\">Maistin\u0117 vert\u0117 100 g:<\/strong> energin\u0117 vert\u0117 1963 kJ \/ 469 kcal, riebalai 25 g, i\u0161 kuri\u0173 so\u010di\u0173j\u0173 riebal\u0173 r\u016bg\u0161\u010di\u0173 13 g, angliavandeniai 46 g, i\u0161 kuri\u0173 cukr\u0173 3,0 g, skaidulin\u0117s med\u017eiagos 1,4 g, baltymai 15 g, druska 4,6 g.<\/p>\n<p data-start=\"841\" data-end=\"1036\">\u2705 Turime sand\u0117lyje, greitas pristatymas per 1\u20133 darbo dienas<\/p>\n","protected":false},"featured_media":39665,"comment_status":"open","ping_status":"closed","template":"","meta":{"_acf_changed":false},"product_brand":[],"product_cat":[232,250,249,189,231,190],"product_tag":[194],"class_list":{"0":"post-46068","1":"product","2":"type-product","3":"status-publish","4":"has-post-thumbnail","6":"product_cat-food-force-sauso-maisto-paketai","7":"product_cat-food-force-sriubos","8":"product_cat-sriubos","9":"product_cat-zygio-iranga","10":"product_cat-zygio-maistas","11":"product_cat-zygio-prekes","12":"product_tag-no_ads","14":"first","15":"instock","16":"taxable","17":"shipping-taxable","18":"purchasable","19":"product-type-simple"},"bundled_by":[],"bundle_stock_status":"instock","bundle_stock_quantity":10,"bundle_virtual":false,"bundle_layout":"","bundle_add_to_cart_form_location":"","bundle_editable_in_cart":false,"bundle_sold_individually_context":"","bundle_item_grouping":"","bundle_min_size":"","bundle_max_size":"","bundle_price":[],"bundled_items":[],"bundle_sell_ids":[],"acf":[],"yoast_head":"<!-- This site is optimized with the Yoast SEO plugin v27.3 - https:\/\/yoast.com\/product\/yoast-seo-wordpress\/ -->\n<title>Vi\u0161tienos sriuba FOOD FORCE<\/title>\n<meta name=\"description\" content=\"Vi\u0161tienos sriuba FOOD FORCE \u2013 \u0161iltas ir naminis patiekalas, paruo\u0161iamas vos per kelias minutes. \u0160velni vi\u0161tiena su dar\u017eov\u0117mis ir makaronais sukuria skan\u0173 bei sot\u0173 valg\u012f bet kuriuo metu.\" \/>\n<meta name=\"robots\" content=\"index, follow, max-snippet:-1, max-image-preview:large, max-video-preview:-1\" \/>\n<link rel=\"canonical\" href=\"https:\/\/toidupakk.ee\/lt\/toode\/vistienos-sriuba-food-force\/\" \/>\n<meta property=\"og:locale\" content=\"lt_LT\" \/>\n<meta property=\"og:type\" content=\"article\" \/>\n<meta property=\"og:title\" content=\"Vi\u0161tienos sriuba FOOD FORCE\" \/>\n<meta property=\"og:description\" content=\"Vi\u0161tienos sriuba FOOD FORCE \u2013 \u0161iltas ir naminis patiekalas, paruo\u0161iamas vos per kelias minutes. \u0160velni vi\u0161tiena su dar\u017eov\u0117mis ir makaronais sukuria skan\u0173 bei sot\u0173 valg\u012f bet kuriuo metu.\" \/>\n<meta property=\"og:url\" content=\"https:\/\/toidupakk.ee\/lt\/toode\/vistienos-sriuba-food-force\/\" \/>\n<meta property=\"og:site_name\" content=\"Toidupakk.ee - Tactical Foodpack toidupakid\" \/>\n<meta property=\"article:publisher\" content=\"https:\/\/www.facebook.com\/Toidupakk\" \/>\n<meta property=\"article:modified_time\" content=\"2026-04-14T08:30:52+00:00\" \/>\n<meta property=\"og:image\" content=\"https:\/\/toidupakk.ee\/wp-content\/uploads\/2025\/10\/Nimetu-kujundus-35.png\" \/>\n\t<meta property=\"og:image:width\" content=\"800\" \/>\n\t<meta property=\"og:image:height\" content=\"800\" \/>\n\t<meta property=\"og:image:type\" content=\"image\/png\" \/>\n<meta name=\"twitter:card\" content=\"summary_large_image\" \/>\n<meta name=\"twitter:label1\" content=\"Est. reading time\" \/>\n\t<meta name=\"twitter:data1\" content=\"1 minut\u0117\" \/>\n<script type=\"application\/ld+json\" class=\"yoast-schema-graph\">{\"@context\":\"https:\\\/\\\/schema.org\",\"@graph\":[{\"@type\":\"WebPage\",\"@id\":\"https:\\\/\\\/toidupakk.ee\\\/lt\\\/toode\\\/vistienos-sriuba-food-force\\\/\",\"url\":\"https:\\\/\\\/toidupakk.ee\\\/lt\\\/toode\\\/vistienos-sriuba-food-force\\\/\",\"name\":\"Vi\u0161tienos sriuba FOOD FORCE\",\"isPartOf\":{\"@id\":\"https:\\\/\\\/toidupakk.ee\\\/lt\\\/#website\"},\"primaryImageOfPage\":{\"@id\":\"https:\\\/\\\/toidupakk.ee\\\/lt\\\/toode\\\/vistienos-sriuba-food-force\\\/#primaryimage\"},\"image\":{\"@id\":\"https:\\\/\\\/toidupakk.ee\\\/lt\\\/toode\\\/vistienos-sriuba-food-force\\\/#primaryimage\"},\"thumbnailUrl\":\"https:\\\/\\\/toidupakk.ee\\\/wp-content\\\/uploads\\\/2025\\\/10\\\/Nimetu-kujundus-35.png\",\"datePublished\":\"2025-10-06T10:24:35+00:00\",\"dateModified\":\"2026-04-14T08:30:52+00:00\",\"description\":\"Vi\u0161tienos sriuba FOOD FORCE \u2013 \u0161iltas ir naminis patiekalas, paruo\u0161iamas vos per kelias minutes. \u0160velni vi\u0161tiena su dar\u017eov\u0117mis ir makaronais sukuria skan\u0173 bei sot\u0173 valg\u012f bet kuriuo metu.\",\"breadcrumb\":{\"@id\":\"https:\\\/\\\/toidupakk.ee\\\/lt\\\/toode\\\/vistienos-sriuba-food-force\\\/#breadcrumb\"},\"inLanguage\":\"lt-LT\",\"potentialAction\":[{\"@type\":\"ReadAction\",\"target\":[\"https:\\\/\\\/toidupakk.ee\\\/lt\\\/toode\\\/vistienos-sriuba-food-force\\\/\"]}]},{\"@type\":\"ImageObject\",\"inLanguage\":\"lt-LT\",\"@id\":\"https:\\\/\\\/toidupakk.ee\\\/lt\\\/toode\\\/vistienos-sriuba-food-force\\\/#primaryimage\",\"url\":\"https:\\\/\\\/toidupakk.ee\\\/wp-content\\\/uploads\\\/2025\\\/10\\\/Nimetu-kujundus-35.png\",\"contentUrl\":\"https:\\\/\\\/toidupakk.ee\\\/wp-content\\\/uploads\\\/2025\\\/10\\\/Nimetu-kujundus-35.png\",\"width\":800,\"height\":800,\"caption\":\"Kanasupp FOOD FORCE\"},{\"@type\":\"BreadcrumbList\",\"@id\":\"https:\\\/\\\/toidupakk.ee\\\/lt\\\/toode\\\/vistienos-sriuba-food-force\\\/#breadcrumb\",\"itemListElement\":[{\"@type\":\"ListItem\",\"position\":1,\"name\":\"Avaleht\",\"item\":\"https:\\\/\\\/toidupakk.ee\\\/lt\\\/\"},{\"@type\":\"ListItem\",\"position\":2,\"name\":\"El. parduotuv\u0117\",\"item\":\"https:\\\/\\\/toidupakk.ee\\\/lt\\\/el-parduotuve\\\/\"},{\"@type\":\"ListItem\",\"position\":3,\"name\":\"Vi\u0161tienos sriuba FOOD FORCE\"}]},{\"@type\":\"WebSite\",\"@id\":\"https:\\\/\\\/toidupakk.ee\\\/lt\\\/#website\",\"url\":\"https:\\\/\\\/toidupakk.ee\\\/lt\\\/\",\"name\":\"Toidupakk.ee - Tactical Foodpack toidupakid\",\"description\":\"Tactical Foodpack k\u00fclmkuivatatud toidupakid ja matkaeined\",\"publisher\":{\"@id\":\"https:\\\/\\\/toidupakk.ee\\\/lt\\\/#organization\"},\"potentialAction\":[{\"@type\":\"SearchAction\",\"target\":{\"@type\":\"EntryPoint\",\"urlTemplate\":\"https:\\\/\\\/toidupakk.ee\\\/lt\\\/?s={search_term_string}\"},\"query-input\":{\"@type\":\"PropertyValueSpecification\",\"valueRequired\":true,\"valueName\":\"search_term_string\"}}],\"inLanguage\":\"lt-LT\"},{\"@type\":\"Organization\",\"@id\":\"https:\\\/\\\/toidupakk.ee\\\/lt\\\/#organization\",\"name\":\"Tactical Foodpack matkaeined\",\"url\":\"https:\\\/\\\/toidupakk.ee\\\/lt\\\/\",\"logo\":{\"@type\":\"ImageObject\",\"inLanguage\":\"lt-LT\",\"@id\":\"https:\\\/\\\/toidupakk.ee\\\/lt\\\/#\\\/schema\\\/logo\\\/image\\\/\",\"url\":\"https:\\\/\\\/toidupakk.ee\\\/wp-content\\\/uploads\\\/2022\\\/01\\\/Toidupakk-matkapood-logo-transparent.png\",\"contentUrl\":\"https:\\\/\\\/toidupakk.ee\\\/wp-content\\\/uploads\\\/2022\\\/01\\\/Toidupakk-matkapood-logo-transparent.png\",\"width\":500,\"height\":500,\"caption\":\"Tactical Foodpack matkaeined\"},\"image\":{\"@id\":\"https:\\\/\\\/toidupakk.ee\\\/lt\\\/#\\\/schema\\\/logo\\\/image\\\/\"},\"sameAs\":[\"https:\\\/\\\/www.facebook.com\\\/Toidupakk\",\"https:\\\/\\\/www.instagram.com\\\/toidupakk\\\/\"]}]}<\/script>\n<!-- \/ Yoast SEO plugin. -->","yoast_head_json":{"title":"Vi\u0161tienos sriuba FOOD FORCE","description":"Vi\u0161tienos sriuba FOOD FORCE \u2013 \u0161iltas ir naminis patiekalas, paruo\u0161iamas vos per kelias minutes. \u0160velni vi\u0161tiena su dar\u017eov\u0117mis ir makaronais sukuria skan\u0173 bei sot\u0173 valg\u012f bet kuriuo metu.","robots":{"index":"index","follow":"follow","max-snippet":"max-snippet:-1","max-image-preview":"max-image-preview:large","max-video-preview":"max-video-preview:-1"},"canonical":"https:\/\/toidupakk.ee\/lt\/toode\/vistienos-sriuba-food-force\/","og_locale":"lt_LT","og_type":"article","og_title":"Vi\u0161tienos sriuba FOOD FORCE","og_description":"Vi\u0161tienos sriuba FOOD FORCE \u2013 \u0161iltas ir naminis patiekalas, paruo\u0161iamas vos per kelias minutes. \u0160velni vi\u0161tiena su dar\u017eov\u0117mis ir makaronais sukuria skan\u0173 bei sot\u0173 valg\u012f bet kuriuo metu.","og_url":"https:\/\/toidupakk.ee\/lt\/toode\/vistienos-sriuba-food-force\/","og_site_name":"Toidupakk.ee - Tactical Foodpack toidupakid","article_publisher":"https:\/\/www.facebook.com\/Toidupakk","article_modified_time":"2026-04-14T08:30:52+00:00","og_image":[{"width":800,"height":800,"url":"https:\/\/toidupakk.ee\/wp-content\/uploads\/2025\/10\/Nimetu-kujundus-35.png","type":"image\/png"}],"twitter_card":"summary_large_image","twitter_misc":{"Est. reading time":"1 minut\u0117"},"schema":{"@context":"https:\/\/schema.org","@graph":[{"@type":"WebPage","@id":"https:\/\/toidupakk.ee\/lt\/toode\/vistienos-sriuba-food-force\/","url":"https:\/\/toidupakk.ee\/lt\/toode\/vistienos-sriuba-food-force\/","name":"Vi\u0161tienos sriuba FOOD FORCE","isPartOf":{"@id":"https:\/\/toidupakk.ee\/lt\/#website"},"primaryImageOfPage":{"@id":"https:\/\/toidupakk.ee\/lt\/toode\/vistienos-sriuba-food-force\/#primaryimage"},"image":{"@id":"https:\/\/toidupakk.ee\/lt\/toode\/vistienos-sriuba-food-force\/#primaryimage"},"thumbnailUrl":"https:\/\/toidupakk.ee\/wp-content\/uploads\/2025\/10\/Nimetu-kujundus-35.png","datePublished":"2025-10-06T10:24:35+00:00","dateModified":"2026-04-14T08:30:52+00:00","description":"Vi\u0161tienos sriuba FOOD FORCE \u2013 \u0161iltas ir naminis patiekalas, paruo\u0161iamas vos per kelias minutes. \u0160velni vi\u0161tiena su dar\u017eov\u0117mis ir makaronais sukuria skan\u0173 bei sot\u0173 valg\u012f bet kuriuo metu.","breadcrumb":{"@id":"https:\/\/toidupakk.ee\/lt\/toode\/vistienos-sriuba-food-force\/#breadcrumb"},"inLanguage":"lt-LT","potentialAction":[{"@type":"ReadAction","target":["https:\/\/toidupakk.ee\/lt\/toode\/vistienos-sriuba-food-force\/"]}]},{"@type":"ImageObject","inLanguage":"lt-LT","@id":"https:\/\/toidupakk.ee\/lt\/toode\/vistienos-sriuba-food-force\/#primaryimage","url":"https:\/\/toidupakk.ee\/wp-content\/uploads\/2025\/10\/Nimetu-kujundus-35.png","contentUrl":"https:\/\/toidupakk.ee\/wp-content\/uploads\/2025\/10\/Nimetu-kujundus-35.png","width":800,"height":800,"caption":"Kanasupp FOOD FORCE"},{"@type":"BreadcrumbList","@id":"https:\/\/toidupakk.ee\/lt\/toode\/vistienos-sriuba-food-force\/#breadcrumb","itemListElement":[{"@type":"ListItem","position":1,"name":"Avaleht","item":"https:\/\/toidupakk.ee\/lt\/"},{"@type":"ListItem","position":2,"name":"El. parduotuv\u0117","item":"https:\/\/toidupakk.ee\/lt\/el-parduotuve\/"},{"@type":"ListItem","position":3,"name":"Vi\u0161tienos sriuba FOOD FORCE"}]},{"@type":"WebSite","@id":"https:\/\/toidupakk.ee\/lt\/#website","url":"https:\/\/toidupakk.ee\/lt\/","name":"Toidupakk.ee - Tactical Foodpack toidupakid","description":"Tactical Foodpack k\u00fclmkuivatatud toidupakid ja matkaeined","publisher":{"@id":"https:\/\/toidupakk.ee\/lt\/#organization"},"potentialAction":[{"@type":"SearchAction","target":{"@type":"EntryPoint","urlTemplate":"https:\/\/toidupakk.ee\/lt\/?s={search_term_string}"},"query-input":{"@type":"PropertyValueSpecification","valueRequired":true,"valueName":"search_term_string"}}],"inLanguage":"lt-LT"},{"@type":"Organization","@id":"https:\/\/toidupakk.ee\/lt\/#organization","name":"Tactical Foodpack matkaeined","url":"https:\/\/toidupakk.ee\/lt\/","logo":{"@type":"ImageObject","inLanguage":"lt-LT","@id":"https:\/\/toidupakk.ee\/lt\/#\/schema\/logo\/image\/","url":"https:\/\/toidupakk.ee\/wp-content\/uploads\/2022\/01\/Toidupakk-matkapood-logo-transparent.png","contentUrl":"https:\/\/toidupakk.ee\/wp-content\/uploads\/2022\/01\/Toidupakk-matkapood-logo-transparent.png","width":500,"height":500,"caption":"Tactical Foodpack matkaeined"},"image":{"@id":"https:\/\/toidupakk.ee\/lt\/#\/schema\/logo\/image\/"},"sameAs":["https:\/\/www.facebook.com\/Toidupakk","https:\/\/www.instagram.com\/toidupakk\/"]}]}},"jetpack_sharing_enabled":true,"_links":{"self":[{"href":"https:\/\/toidupakk.ee\/lt\/wp-json\/wp\/v2\/product\/46068","targetHints":{"allow":["GET"]}}],"collection":[{"href":"https:\/\/toidupakk.ee\/lt\/wp-json\/wp\/v2\/product"}],"about":[{"href":"https:\/\/toidupakk.ee\/lt\/wp-json\/wp\/v2\/types\/product"}],"replies":[{"embeddable":true,"href":"https:\/\/toidupakk.ee\/lt\/wp-json\/wp\/v2\/comments?post=46068"}],"wp:featuredmedia":[{"embeddable":true,"href":"https:\/\/toidupakk.ee\/lt\/wp-json\/wp\/v2\/media\/39665"}],"wp:attachment":[{"href":"https:\/\/toidupakk.ee\/lt\/wp-json\/wp\/v2\/media?parent=46068"}],"wp:term":[{"taxonomy":"product_brand","embeddable":true,"href":"https:\/\/toidupakk.ee\/lt\/wp-json\/wp\/v2\/product_brand?post=46068"},{"taxonomy":"product_cat","embeddable":true,"href":"https:\/\/toidupakk.ee\/lt\/wp-json\/wp\/v2\/product_cat?post=46068"},{"taxonomy":"product_tag","embeddable":true,"href":"https:\/\/toidupakk.ee\/lt\/wp-json\/wp\/v2\/product_tag?post=46068"}],"curies":[{"name":"wp","href":"https:\/\/api.w.org\/{rel}","templated":true}]}}