{"id":46060,"date":"2025-09-30T12:58:58","date_gmt":"2025-09-30T09:58:58","guid":{"rendered":"https:\/\/toidupakk.ee\/toode\/pedu-sildytuvai-arba-silti-vidpadziai-matkapro\/"},"modified":"2026-04-04T00:01:16","modified_gmt":"2026-04-03T21:01:16","slug":"pedu-sildytuvai-arba-silti-vidpadziai-matkapro","status":"publish","type":"product","link":"https:\/\/toidupakk.ee\/lt\/toode\/pedu-sildytuvai-arba-silti-vidpadziai-matkapro\/","title":{"rendered":"P\u0117d\u0173 \u0161ildytuvai arba \u0161ilti vidpad\u017eiai MATKAPRO"},"content":{"rendered":"<p>&nbsp;<\/p>\n<h1><img fetchpriority=\"high\" decoding=\"async\" class=\"alignright wp-image-39590 size-thumbnail\" src=\"https:\/\/toidupakk.ee\/wp-content\/uploads\/2025\/09\/Jalasoojendajad-ehk-soojad-tallad-MATKAPRO2-500x500.jpg\" alt=\"\u0161ilti vidpad\u017eiai arba p\u0117d\u0173 \u0161ildytuvai\" width=\"500\" height=\"500\" srcset=\"https:\/\/toidupakk.ee\/wp-content\/uploads\/2025\/09\/Jalasoojendajad-ehk-soojad-tallad-MATKAPRO2-500x500.jpg 500w, https:\/\/toidupakk.ee\/wp-content\/uploads\/2025\/09\/Jalasoojendajad-ehk-soojad-tallad-MATKAPRO2-300x300.jpg 300w, https:\/\/toidupakk.ee\/wp-content\/uploads\/2025\/09\/Jalasoojendajad-ehk-soojad-tallad-MATKAPRO2-768x768.jpg 768w, https:\/\/toidupakk.ee\/wp-content\/uploads\/2025\/09\/Jalasoojendajad-ehk-soojad-tallad-MATKAPRO2-400x400.jpg 400w, https:\/\/toidupakk.ee\/wp-content\/uploads\/2025\/09\/Jalasoojendajad-ehk-soojad-tallad-MATKAPRO2-100x100.jpg 100w, https:\/\/toidupakk.ee\/wp-content\/uploads\/2025\/09\/Jalasoojendajad-ehk-soojad-tallad-MATKAPRO2.jpg 800w\" sizes=\"(max-width: 500px) 100vw, 500px\" \/><\/h1>\n<h1>P\u0117d\u0173 \u0161ildytuvai arba \u0161ilti vidpad\u017eiai ir kaip naudoti gamin\u012f<\/h1>\n<p>Atidaryk <strong>p\u0117d\u0173 \u0161ildytuv\u0173 MATKAPRO<\/strong> pakuot\u0119 rankomis, pl\u0117\u0161damas tam skirtose vietose. Atidarydamas pakuot\u0119 nenaudok \u017eirkli\u0173, peilio ar kit\u0173 pana\u0161i\u0173 a\u0161tri\u0173 \u012franki\u0173! Savaiminio \u0161ilimo procesas prasideda automati\u0161kai, kai pakuot\u0117 atidaroma ir gaminys gauna s\u0105lyt\u012f su oru. Gaminys darbin\u0119 temperat\u016br\u0105 pasiekia per kelias minutes. \u012esid\u0117k p\u0117d\u0173 \u0161ildytuvus \u012f batus kaip papildomus vidpad\u017eius. Gaminys skirtas naudoti avalyn\u0117s viduje. Tur\u0117k omenyje, kad storos kojin\u0117s gali \u0161iek tiek suma\u017einti \u0161ilumos poj\u016bt\u012f. Ned\u0117k gaminio tiesiai ant odos. Jei p\u0117d\u0173 \u0161ildytuvai tampa nemaloniai kar\u0161ti, nedelsdamas nustok juos naudoti. Neskirta vaikams iki 12 met\u0173. Panaudojus ir gaminiui atv\u0117sus, i\u0161mesk \u012f buitines atliekas.          <\/p>\n<p><strong>P\u0117d\u0173 \u0161ildytuv\u0173 negalima naudoti:<\/strong><\/p>\n<ul>\n<li>Ant patinim\u0173 ar m\u0117lyni\u0173<\/li>\n<li>Ant nu\u0161alusios odos<\/li>\n<li>Vaikams iki 12 met\u0173<\/li>\n<li>Medicininiais tikslais<\/li>\n<\/ul>\n<p>Nebandyk atidaryti \u0161ildan\u010di\u0173 vidpad\u017ei\u0173, t. y. nepa\u017eeisk gaminio. Jei gaminio turinio patekt\u0173 \u012f burn\u0105 ar akis, nedelsdamas kreipkis \u012f gydytoj\u0105. <\/p>\n<h2>P\u0117d\u0173 \u0161ildytuv\u0173 MATKAPRO naudojimo sritys<\/h2>\n<p>Gaminys puikiai tinka \u017eygeiviams, dirbantiems v\u0117sioje aplinkoje, \u017evejams, med\u017eiotojams, dviratininkams, slidininkams. Taip pat prekybininkams lauke, sporto var\u017eyb\u0173 \u017ei\u016brovams. Ploni ir patog\u016bs \u2013 tinka vis\u0173 r\u016b\u0161i\u0173 avalynei.  <\/p>\n<p>Daugiau \u017eygio preki\u0173 rasi <a href=\"https:\/\/toidupakk.ee\/lt\/tootekategooria\/zygio-iranga\/#section-3-79\">\u010cIA<\/a><\/p>\n<p>Pasisemk \u012fkv\u0117pimo kitiems nuotykiams \u201eToidupakk\u201c <a href=\"https:\/\/www.instagram.com\/toidupakk\/\">Instagram<\/a> ir <a href=\"https:\/\/www.facebook.com\/Toidupakk\/\">Facebook<\/a> paskyrose.<\/p>\n","protected":false},"excerpt":{"rendered":"<p><strong>P\u0117d\u0173 \u0161ildytuvai arba \u0161ilti vidpad\u017eiai maloniai \u0161ildys vis\u0105 p\u0117d\u0105 net ir per did\u017eiausi\u0105 \u0161alt\u012f. Savaime su\u0161ylantys vidpad\u017eiai dedami \u012f bat\u0173 vid\u0173 po p\u0117da. \u0160ildo iki 12 valand\u0173. Sud\u0117tyje n\u0117ra pavojing\u0173 med\u017eiag\u0173.   <\/strong><\/p>\n<ul>\n<li>\u0160ildo <strong>iki 12 valand\u0173<\/strong><\/li>\n<li><strong>Sud\u0117tyje n\u0117ra pavojing\u0173 med\u017eiag\u0173<\/strong><\/li>\n<li>Nesukelia alergij\u0173<\/li>\n<li><strong>Aktyvuojasi s\u0105lytyje su oru<\/strong> per kelias minutes po pakuot\u0117s atidarymo<\/li>\n<li><strong>Komplekte 2 vidpad\u017eiai<\/strong> (1 pora)<\/li>\n<li>Sud\u0117tis: vermikulitas, druska, gele\u017eies milteliai, vanduo<\/li>\n<li>Skirta vienkartiniam naudojimui, panaudojus ir atv\u0117sus i\u0161mesti \u012f buitines atliekas<\/li>\n<li>Laikymas: sausoje vietoje, atokiau nuo tiesiogini\u0173 saul\u0117s spinduli\u0173<\/li>\n<li>Galiojimo laikas \u2013 2 metai nuo pagaminimo datos<\/li>\n<li><strong>D\u0116MESIO! Sand\u0117lyje turime 40\u201343 dyd\u017eio vyri\u0161kus vidpad\u017eius. \u0160iuo metu kit\u0173 dyd\u017ei\u0173 pasi\u016blyti negalime.  <\/strong><\/li>\n<\/ul>\n<p>\u2705 Turime sand\u0117lyje, greitas pristatymas per 1\u20133 darbo dienas<\/p>\n","protected":false},"featured_media":39589,"comment_status":"open","ping_status":"closed","template":"","meta":{"_acf_changed":false},"product_brand":[],"product_cat":[229,228,199,189,190],"product_tag":[],"class_list":{"0":"post-46060","1":"product","2":"type-product","3":"status-publish","4":"has-post-thumbnail","6":"product_cat-kuno-sildytuvai","7":"product_cat-sildymo-elementai","8":"product_cat-ziemos-prekes","9":"product_cat-zygio-iranga","10":"product_cat-zygio-prekes","12":"first","13":"instock","14":"sale","15":"taxable","16":"shipping-taxable","17":"purchasable","18":"product-type-simple"},"bundled_by":[],"bundle_stock_status":"instock","bundle_stock_quantity":159,"bundle_virtual":false,"bundle_layout":"","bundle_add_to_cart_form_location":"","bundle_editable_in_cart":false,"bundle_sold_individually_context":"","bundle_item_grouping":"","bundle_min_size":"","bundle_max_size":"","bundle_price":[],"bundled_items":[],"bundle_sell_ids":[],"acf":[],"yoast_head":"<!-- This site is optimized with the Yoast SEO plugin v27.1.1 - https:\/\/yoast.com\/product\/yoast-seo-wordpress\/ -->\n<title>P\u0117d\u0173 \u0161ildytuvai arba \u0161ilti vidpad\u017eiai MATKAPRO<\/title>\n<meta name=\"description\" content=\"P\u0117d\u0173 \u0161ildytuvai maloniai \u0161ildys tavo p\u0117das net ir per did\u017eiausi\u0105 \u0161alt\u012f. \u0160ilti vidpad\u017eiai \u0161ildo iki 12 valand\u0173.\" \/>\n<meta name=\"robots\" content=\"index, follow, max-snippet:-1, max-image-preview:large, max-video-preview:-1\" \/>\n<link rel=\"canonical\" href=\"https:\/\/toidupakk.ee\/lt\/toode\/pedu-sildytuvai-arba-silti-vidpadziai-matkapro\/\" \/>\n<meta property=\"og:locale\" content=\"lt_LT\" \/>\n<meta property=\"og:type\" content=\"article\" \/>\n<meta property=\"og:title\" content=\"P\u0117d\u0173 \u0161ildytuvai arba \u0161ilti vidpad\u017eiai MATKAPRO\" \/>\n<meta property=\"og:description\" content=\"P\u0117d\u0173 \u0161ildytuvai maloniai \u0161ildys tavo p\u0117das net ir per did\u017eiausi\u0105 \u0161alt\u012f. \u0160ilti vidpad\u017eiai \u0161ildo iki 12 valand\u0173.\" \/>\n<meta property=\"og:url\" content=\"https:\/\/toidupakk.ee\/lt\/toode\/pedu-sildytuvai-arba-silti-vidpadziai-matkapro\/\" \/>\n<meta property=\"og:site_name\" content=\"Toidupakk.ee - Tactical Foodpack toidupakid\" \/>\n<meta property=\"article:publisher\" content=\"https:\/\/www.facebook.com\/Toidupakk\" \/>\n<meta property=\"article:modified_time\" content=\"2026-04-03T21:01:16+00:00\" \/>\n<meta property=\"og:image\" content=\"https:\/\/toidupakk.ee\/wp-content\/uploads\/2025\/09\/Jalasoojendajad-ehk-soojad-tallad-MATKAPRO1.png\" \/>\n\t<meta property=\"og:image:width\" content=\"800\" \/>\n\t<meta property=\"og:image:height\" content=\"800\" \/>\n\t<meta property=\"og:image:type\" content=\"image\/png\" \/>\n<meta name=\"twitter:card\" content=\"summary_large_image\" \/>\n<meta name=\"twitter:label1\" content=\"Est. reading time\" \/>\n\t<meta name=\"twitter:data1\" content=\"1 minut\u0117\" \/>\n<script type=\"application\/ld+json\" class=\"yoast-schema-graph\">{\"@context\":\"https:\/\/schema.org\",\"@graph\":[{\"@type\":\"WebPage\",\"@id\":\"https:\/\/toidupakk.ee\/lt\/toode\/pedu-sildytuvai-arba-silti-vidpadziai-matkapro\/\",\"url\":\"https:\/\/toidupakk.ee\/lt\/toode\/pedu-sildytuvai-arba-silti-vidpadziai-matkapro\/\",\"name\":\"P\u0117d\u0173 \u0161ildytuvai arba \u0161ilti vidpad\u017eiai MATKAPRO\",\"isPartOf\":{\"@id\":\"https:\/\/toidupakk.ee\/lt\/#website\"},\"primaryImageOfPage\":{\"@id\":\"https:\/\/toidupakk.ee\/lt\/toode\/pedu-sildytuvai-arba-silti-vidpadziai-matkapro\/#primaryimage\"},\"image\":{\"@id\":\"https:\/\/toidupakk.ee\/lt\/toode\/pedu-sildytuvai-arba-silti-vidpadziai-matkapro\/#primaryimage\"},\"thumbnailUrl\":\"https:\/\/toidupakk.ee\/wp-content\/uploads\/2025\/09\/Jalasoojendajad-ehk-soojad-tallad-MATKAPRO1.png\",\"datePublished\":\"2025-09-30T09:58:58+00:00\",\"dateModified\":\"2026-04-03T21:01:16+00:00\",\"description\":\"P\u0117d\u0173 \u0161ildytuvai maloniai \u0161ildys tavo p\u0117das net ir per did\u017eiausi\u0105 \u0161alt\u012f. \u0160ilti vidpad\u017eiai \u0161ildo iki 12 valand\u0173.\",\"breadcrumb\":{\"@id\":\"https:\/\/toidupakk.ee\/lt\/toode\/pedu-sildytuvai-arba-silti-vidpadziai-matkapro\/#breadcrumb\"},\"inLanguage\":\"lt-LT\",\"potentialAction\":[{\"@type\":\"ReadAction\",\"target\":[\"https:\/\/toidupakk.ee\/lt\/toode\/pedu-sildytuvai-arba-silti-vidpadziai-matkapro\/\"]}]},{\"@type\":\"ImageObject\",\"inLanguage\":\"lt-LT\",\"@id\":\"https:\/\/toidupakk.ee\/lt\/toode\/pedu-sildytuvai-arba-silti-vidpadziai-matkapro\/#primaryimage\",\"url\":\"https:\/\/toidupakk.ee\/wp-content\/uploads\/2025\/09\/Jalasoojendajad-ehk-soojad-tallad-MATKAPRO1.png\",\"contentUrl\":\"https:\/\/toidupakk.ee\/wp-content\/uploads\/2025\/09\/Jalasoojendajad-ehk-soojad-tallad-MATKAPRO1.png\",\"width\":800,\"height\":800,\"caption\":\"jalasoojendajad ehk soojad tallad jalatsite sisse\"},{\"@type\":\"BreadcrumbList\",\"@id\":\"https:\/\/toidupakk.ee\/lt\/toode\/pedu-sildytuvai-arba-silti-vidpadziai-matkapro\/#breadcrumb\",\"itemListElement\":[{\"@type\":\"ListItem\",\"position\":1,\"name\":\"Avaleht\",\"item\":\"https:\/\/toidupakk.ee\/lt\/\"},{\"@type\":\"ListItem\",\"position\":2,\"name\":\"El. parduotuv\u0117\",\"item\":\"https:\/\/toidupakk.ee\/lt\/el-parduotuve\/\"},{\"@type\":\"ListItem\",\"position\":3,\"name\":\"P\u0117d\u0173 \u0161ildytuvai arba \u0161ilti vidpad\u017eiai MATKAPRO\"}]},{\"@type\":\"WebSite\",\"@id\":\"https:\/\/toidupakk.ee\/lt\/#website\",\"url\":\"https:\/\/toidupakk.ee\/lt\/\",\"name\":\"Toidupakk.ee - Tactical Foodpack toidupakid\",\"description\":\"Tactical Foodpack k\u00fclmkuivatatud toidupakid ja matkaeined\",\"publisher\":{\"@id\":\"https:\/\/toidupakk.ee\/lt\/#organization\"},\"potentialAction\":[{\"@type\":\"SearchAction\",\"target\":{\"@type\":\"EntryPoint\",\"urlTemplate\":\"https:\/\/toidupakk.ee\/lt\/?s={search_term_string}\"},\"query-input\":{\"@type\":\"PropertyValueSpecification\",\"valueRequired\":true,\"valueName\":\"search_term_string\"}}],\"inLanguage\":\"lt-LT\"},{\"@type\":\"Organization\",\"@id\":\"https:\/\/toidupakk.ee\/lt\/#organization\",\"name\":\"Tactical Foodpack matkaeined\",\"url\":\"https:\/\/toidupakk.ee\/lt\/\",\"logo\":{\"@type\":\"ImageObject\",\"inLanguage\":\"lt-LT\",\"@id\":\"https:\/\/toidupakk.ee\/lt\/#\/schema\/logo\/image\/\",\"url\":\"https:\/\/toidupakk.ee\/wp-content\/uploads\/2022\/01\/Toidupakk-matkapood-logo-transparent.png\",\"contentUrl\":\"https:\/\/toidupakk.ee\/wp-content\/uploads\/2022\/01\/Toidupakk-matkapood-logo-transparent.png\",\"width\":500,\"height\":500,\"caption\":\"Tactical Foodpack matkaeined\"},\"image\":{\"@id\":\"https:\/\/toidupakk.ee\/lt\/#\/schema\/logo\/image\/\"},\"sameAs\":[\"https:\/\/www.facebook.com\/Toidupakk\",\"https:\/\/www.instagram.com\/toidupakk\/\"]}]}<\/script>\n<!-- \/ Yoast SEO plugin. -->","yoast_head_json":{"title":"P\u0117d\u0173 \u0161ildytuvai arba \u0161ilti vidpad\u017eiai MATKAPRO","description":"P\u0117d\u0173 \u0161ildytuvai maloniai \u0161ildys tavo p\u0117das net ir per did\u017eiausi\u0105 \u0161alt\u012f. \u0160ilti vidpad\u017eiai \u0161ildo iki 12 valand\u0173.","robots":{"index":"index","follow":"follow","max-snippet":"max-snippet:-1","max-image-preview":"max-image-preview:large","max-video-preview":"max-video-preview:-1"},"canonical":"https:\/\/toidupakk.ee\/lt\/toode\/pedu-sildytuvai-arba-silti-vidpadziai-matkapro\/","og_locale":"lt_LT","og_type":"article","og_title":"P\u0117d\u0173 \u0161ildytuvai arba \u0161ilti vidpad\u017eiai MATKAPRO","og_description":"P\u0117d\u0173 \u0161ildytuvai maloniai \u0161ildys tavo p\u0117das net ir per did\u017eiausi\u0105 \u0161alt\u012f. \u0160ilti vidpad\u017eiai \u0161ildo iki 12 valand\u0173.","og_url":"https:\/\/toidupakk.ee\/lt\/toode\/pedu-sildytuvai-arba-silti-vidpadziai-matkapro\/","og_site_name":"Toidupakk.ee - Tactical Foodpack toidupakid","article_publisher":"https:\/\/www.facebook.com\/Toidupakk","article_modified_time":"2026-04-03T21:01:16+00:00","og_image":[{"width":800,"height":800,"url":"https:\/\/toidupakk.ee\/wp-content\/uploads\/2025\/09\/Jalasoojendajad-ehk-soojad-tallad-MATKAPRO1.png","type":"image\/png"}],"twitter_card":"summary_large_image","twitter_misc":{"Est. reading time":"1 minut\u0117"},"schema":{"@context":"https:\/\/schema.org","@graph":[{"@type":"WebPage","@id":"https:\/\/toidupakk.ee\/lt\/toode\/pedu-sildytuvai-arba-silti-vidpadziai-matkapro\/","url":"https:\/\/toidupakk.ee\/lt\/toode\/pedu-sildytuvai-arba-silti-vidpadziai-matkapro\/","name":"P\u0117d\u0173 \u0161ildytuvai arba \u0161ilti vidpad\u017eiai MATKAPRO","isPartOf":{"@id":"https:\/\/toidupakk.ee\/lt\/#website"},"primaryImageOfPage":{"@id":"https:\/\/toidupakk.ee\/lt\/toode\/pedu-sildytuvai-arba-silti-vidpadziai-matkapro\/#primaryimage"},"image":{"@id":"https:\/\/toidupakk.ee\/lt\/toode\/pedu-sildytuvai-arba-silti-vidpadziai-matkapro\/#primaryimage"},"thumbnailUrl":"https:\/\/toidupakk.ee\/wp-content\/uploads\/2025\/09\/Jalasoojendajad-ehk-soojad-tallad-MATKAPRO1.png","datePublished":"2025-09-30T09:58:58+00:00","dateModified":"2026-04-03T21:01:16+00:00","description":"P\u0117d\u0173 \u0161ildytuvai maloniai \u0161ildys tavo p\u0117das net ir per did\u017eiausi\u0105 \u0161alt\u012f. \u0160ilti vidpad\u017eiai \u0161ildo iki 12 valand\u0173.","breadcrumb":{"@id":"https:\/\/toidupakk.ee\/lt\/toode\/pedu-sildytuvai-arba-silti-vidpadziai-matkapro\/#breadcrumb"},"inLanguage":"lt-LT","potentialAction":[{"@type":"ReadAction","target":["https:\/\/toidupakk.ee\/lt\/toode\/pedu-sildytuvai-arba-silti-vidpadziai-matkapro\/"]}]},{"@type":"ImageObject","inLanguage":"lt-LT","@id":"https:\/\/toidupakk.ee\/lt\/toode\/pedu-sildytuvai-arba-silti-vidpadziai-matkapro\/#primaryimage","url":"https:\/\/toidupakk.ee\/wp-content\/uploads\/2025\/09\/Jalasoojendajad-ehk-soojad-tallad-MATKAPRO1.png","contentUrl":"https:\/\/toidupakk.ee\/wp-content\/uploads\/2025\/09\/Jalasoojendajad-ehk-soojad-tallad-MATKAPRO1.png","width":800,"height":800,"caption":"jalasoojendajad ehk soojad tallad jalatsite sisse"},{"@type":"BreadcrumbList","@id":"https:\/\/toidupakk.ee\/lt\/toode\/pedu-sildytuvai-arba-silti-vidpadziai-matkapro\/#breadcrumb","itemListElement":[{"@type":"ListItem","position":1,"name":"Avaleht","item":"https:\/\/toidupakk.ee\/lt\/"},{"@type":"ListItem","position":2,"name":"El. parduotuv\u0117","item":"https:\/\/toidupakk.ee\/lt\/el-parduotuve\/"},{"@type":"ListItem","position":3,"name":"P\u0117d\u0173 \u0161ildytuvai arba \u0161ilti vidpad\u017eiai MATKAPRO"}]},{"@type":"WebSite","@id":"https:\/\/toidupakk.ee\/lt\/#website","url":"https:\/\/toidupakk.ee\/lt\/","name":"Toidupakk.ee - Tactical Foodpack toidupakid","description":"Tactical Foodpack k\u00fclmkuivatatud toidupakid ja matkaeined","publisher":{"@id":"https:\/\/toidupakk.ee\/lt\/#organization"},"potentialAction":[{"@type":"SearchAction","target":{"@type":"EntryPoint","urlTemplate":"https:\/\/toidupakk.ee\/lt\/?s={search_term_string}"},"query-input":{"@type":"PropertyValueSpecification","valueRequired":true,"valueName":"search_term_string"}}],"inLanguage":"lt-LT"},{"@type":"Organization","@id":"https:\/\/toidupakk.ee\/lt\/#organization","name":"Tactical Foodpack matkaeined","url":"https:\/\/toidupakk.ee\/lt\/","logo":{"@type":"ImageObject","inLanguage":"lt-LT","@id":"https:\/\/toidupakk.ee\/lt\/#\/schema\/logo\/image\/","url":"https:\/\/toidupakk.ee\/wp-content\/uploads\/2022\/01\/Toidupakk-matkapood-logo-transparent.png","contentUrl":"https:\/\/toidupakk.ee\/wp-content\/uploads\/2022\/01\/Toidupakk-matkapood-logo-transparent.png","width":500,"height":500,"caption":"Tactical Foodpack matkaeined"},"image":{"@id":"https:\/\/toidupakk.ee\/lt\/#\/schema\/logo\/image\/"},"sameAs":["https:\/\/www.facebook.com\/Toidupakk","https:\/\/www.instagram.com\/toidupakk\/"]}]}},"jetpack_sharing_enabled":true,"_links":{"self":[{"href":"https:\/\/toidupakk.ee\/lt\/wp-json\/wp\/v2\/product\/46060","targetHints":{"allow":["GET"]}}],"collection":[{"href":"https:\/\/toidupakk.ee\/lt\/wp-json\/wp\/v2\/product"}],"about":[{"href":"https:\/\/toidupakk.ee\/lt\/wp-json\/wp\/v2\/types\/product"}],"replies":[{"embeddable":true,"href":"https:\/\/toidupakk.ee\/lt\/wp-json\/wp\/v2\/comments?post=46060"}],"wp:featuredmedia":[{"embeddable":true,"href":"https:\/\/toidupakk.ee\/lt\/wp-json\/wp\/v2\/media\/39589"}],"wp:attachment":[{"href":"https:\/\/toidupakk.ee\/lt\/wp-json\/wp\/v2\/media?parent=46060"}],"wp:term":[{"taxonomy":"product_brand","embeddable":true,"href":"https:\/\/toidupakk.ee\/lt\/wp-json\/wp\/v2\/product_brand?post=46060"},{"taxonomy":"product_cat","embeddable":true,"href":"https:\/\/toidupakk.ee\/lt\/wp-json\/wp\/v2\/product_cat?post=46060"},{"taxonomy":"product_tag","embeddable":true,"href":"https:\/\/toidupakk.ee\/lt\/wp-json\/wp\/v2\/product_tag?post=46060"}],"curies":[{"name":"wp","href":"https:\/\/api.w.org\/{rel}","templated":true}]}}