{"id":46028,"date":"2025-08-13T16:34:16","date_gmt":"2025-08-13T13:34:16","guid":{"rendered":"https:\/\/toidupakk.ee\/toode\/bulviu-vafliai-long-chips-su-triufeliais\/"},"modified":"2026-04-15T09:00:58","modified_gmt":"2026-04-15T06:00:58","slug":"bulviu-vafliai-long-chips-su-triufeliais","status":"publish","type":"product","link":"https:\/\/toidupakk.ee\/lt\/toode\/bulviu-vafliai-long-chips-su-triufeliais\/","title":{"rendered":"Bulvi\u0173 vafliai \u201eLong Chips\u201c su triufeliais"},"content":{"rendered":"<p><img fetchpriority=\"high\" decoding=\"async\" class=\"alignright wp-image-38233 size-thumbnail\" src=\"https:\/\/toidupakk.ee\/wp-content\/uploads\/2025\/08\/Kartulivahvel-truhvli-maitsega-Long-Chip-imagopilt-500x500.jpg\" alt=\"Bulvi\u0173 vaflis su triufeliais \u201eLong Chips\u201c\" width=\"500\" height=\"500\" srcset=\"https:\/\/toidupakk.ee\/wp-content\/uploads\/2025\/08\/Kartulivahvel-truhvli-maitsega-Long-Chip-imagopilt-500x500.jpg 500w, https:\/\/toidupakk.ee\/wp-content\/uploads\/2025\/08\/Kartulivahvel-truhvli-maitsega-Long-Chip-imagopilt-300x300.jpg 300w, https:\/\/toidupakk.ee\/wp-content\/uploads\/2025\/08\/Kartulivahvel-truhvli-maitsega-Long-Chip-imagopilt-768x768.jpg 768w, https:\/\/toidupakk.ee\/wp-content\/uploads\/2025\/08\/Kartulivahvel-truhvli-maitsega-Long-Chip-imagopilt-400x400.jpg 400w, https:\/\/toidupakk.ee\/wp-content\/uploads\/2025\/08\/Kartulivahvel-truhvli-maitsega-Long-Chip-imagopilt-100x100.jpg 100w, https:\/\/toidupakk.ee\/wp-content\/uploads\/2025\/08\/Kartulivahvel-truhvli-maitsega-Long-Chip-imagopilt.jpg 800w\" sizes=\"(max-width: 500px) 100vw, 500px\" \/><\/p>\n<p><strong>Bulvi\u0173 vafliai su triufeliais \u2013 idealus pasirinkimas, jei nori ko nors ypatingo ir prabangaus. Kiekviena plona ir tra\u0161ki riekel\u0117 pagardinta tikru triufeli\u0173 aromatu, tod\u0117l \u0161is u\u017ekandis puikiai tinka prie vyno taur\u0117s ar prabangaus u\u017ekand\u017ei\u0173 stalo. <\/strong><\/p>\n<h2>Vartojimo rekomendacijos<\/h2>\n<ul>\n<li>Patiek kaip gurmani\u0161k\u0105 u\u017ekand\u012f prie vyno ar \u0161ampano.<\/li>\n<li>Papildyk s\u016brio ir m\u0117sos rinkinius, kad suteiktum sve\u010diams prabangi\u0173 skonio potyri\u0173.<\/li>\n<li>M\u0117gaukis kaip ypatingu u\u017ekand\u017eiu per darbo ar film\u0173 pertrauk\u0117les.<\/li>\n<\/ul>\n<hr>\n<h2>Bulvi\u0173 vafliai su triufeliais \u2013 kod\u0117l verta rinktis b\u016btent juos?<\/h2>\n<ul>\n<li>Unikali ilga ir plona forma, besiskirianti nuo \u012fprast\u0173 tra\u0161ku\u010di\u0173.<\/li>\n<li>I\u0161skirtinis triufeli\u0173 skonis \u2013 tinka gurmanams.<\/li>\n<li>Lengva, tra\u0161ki tekst\u016bra ir intensyvus skonis.<\/li>\n<li>Idealiai tinka tiek dovanai, tiek pasilepinti pa\u010diam.<\/li>\n<\/ul>\n<p>Daugiau u\u017ekand\u017ei\u0173 rasi <a href=\"https:\/\/toidupakk.ee\/lt\/tootekategooria\/uzkandziai\/\">\u010cIA<\/a>.<\/p>\n<p>Pasisemk \u012fkv\u0117pimo kitiems nuotykiams \u201eToidupakk\u201c <a href=\"https:\/\/www.instagram.com\/toidupakk\/\">Instagram<\/a> ir <a href=\"https:\/\/www.facebook.com\/Toidupakk\/\">Facebook<\/a> paskyrose.<\/p>\n","protected":false},"excerpt":{"rendered":"<p><strong>Atrask nauj\u0105 tra\u0161ki\u0173 bulvi\u0173 vafli\u0173 lyg\u012f \u2013 \u201eLong Chips\u201c ant tavo stalo atne\u0161a subtil\u0173 ir aromating\u0105 triufeli\u0173 skon\u012f, tinkant\u012f tiek gurmani\u0161kam vakarui, tiek kasdieniam u\u017ekand\u017eiui.<\/strong><\/p>\n<ul>\n<li>\u201eLong Chips\u201c bulvi\u0173 vafliai gaminami i\u0161 tikros bulvi\u0173 ko\u0161\u0117s<\/li>\n<li>Tobulas bulvi\u0173 vafli\u0173 tra\u0161kumas ir maloniai puri tekst\u016bra pasiekiami d\u0117ka greito kepimo technologijos, kai kiekvienas tra\u0161kutis kepamas vos 10 sekund\u017ei\u0173<\/li>\n<li>Pagaminta Latvijoje<\/li>\n<li>Svoris 75 g<\/li>\n<li>Laikyti sausoje ir v\u0117sioje vietoje<\/li>\n<\/ul>\n<p><strong>Sud\u0117tis:<\/strong> bulvi\u0173 dribsniai (48 %), saul\u0117gr\u0105\u017e\u0173 aliejus, kvie\u010di\u0173 man\u0173 kruopos, bulvi\u0173 krakmolas, kvapi\u0173j\u0173 med\u017eiag\u0173 mi\u0161inys [ry\u017ei\u0173 miltai, druska, cukrus, d\u017eiovinti svog\u016bnai, prieskoniai, nat\u016brali kvapioji med\u017eiaga, d\u017eiovinti \u010desnakai, pomidor\u0173 milteliai, \u017eolel\u0117s, s\u016brio milteliai (pienas), mieli\u0173 ekstraktai, r\u016bg\u0161tis: citrin\u0173 r\u016bg\u0161tis, pieno r\u016bg\u0161tis, kalcio laktatas], druska, antioksidantas (rozmarin\u0173 ekstraktas). Gali b\u016bti garsty\u010di\u0173 p\u0117dsak\u0173. <\/p>\n<p>\u2705 Turime sand\u0117lyje, greitas pristatymas per 1\u20133 darbo dienas<\/p>\n","protected":false},"featured_media":38235,"comment_status":"open","ping_status":"closed","template":"","meta":{"_acf_changed":false},"product_brand":[],"product_cat":[222,213,189,190],"product_tag":[194],"class_list":{"0":"post-46028","1":"product","2":"type-product","3":"status-publish","4":"has-post-thumbnail","6":"product_cat-long-chips-bulviu-vafliai","7":"product_cat-uzkandziai","8":"product_cat-zygio-iranga","9":"product_cat-zygio-prekes","10":"product_tag-no_ads","12":"first","13":"instock","14":"taxable","15":"shipping-taxable","16":"purchasable","17":"product-type-simple"},"bundled_by":[],"bundle_stock_status":"instock","bundle_stock_quantity":7,"bundle_virtual":false,"bundle_layout":"","bundle_add_to_cart_form_location":"","bundle_editable_in_cart":false,"bundle_sold_individually_context":"","bundle_item_grouping":"","bundle_min_size":"","bundle_max_size":"","bundle_price":[],"bundled_items":[],"bundle_sell_ids":[],"acf":[],"yoast_head":"<!-- This site is optimized with the Yoast SEO plugin v27.3 - https:\/\/yoast.com\/product\/yoast-seo-wordpress\/ -->\n<title>Bulvi\u0173 vafliai \u201eLong Chips\u201c su triufeliais<\/title>\n<meta name=\"description\" content=\"Bulvi\u0173 vafliai \u201eLong Chips\u201c su triufeliais. Maloniai tra\u0161ki tekst\u016bra ir i\u0161skirtinis skonis. Turime sand\u0117lyje \u2013 greitas pristatymas per 1\u20132 dienas \u012f tavo pa\u0161tomat\u0105.\" \/>\n<meta name=\"robots\" content=\"index, follow, max-snippet:-1, max-image-preview:large, max-video-preview:-1\" \/>\n<link rel=\"canonical\" href=\"https:\/\/toidupakk.ee\/lt\/toode\/bulviu-vafliai-long-chips-su-triufeliais\/\" \/>\n<meta property=\"og:locale\" content=\"lt_LT\" \/>\n<meta property=\"og:type\" content=\"article\" \/>\n<meta property=\"og:title\" content=\"Bulvi\u0173 vafliai \u201eLong Chips\u201c su triufeliais\" \/>\n<meta property=\"og:description\" content=\"Bulvi\u0173 vafliai \u201eLong Chips\u201c su triufeliais. Maloniai tra\u0161ki tekst\u016bra ir i\u0161skirtinis skonis. Turime sand\u0117lyje \u2013 greitas pristatymas per 1\u20132 dienas \u012f tavo pa\u0161tomat\u0105.\" \/>\n<meta property=\"og:url\" content=\"https:\/\/toidupakk.ee\/lt\/toode\/bulviu-vafliai-long-chips-su-triufeliais\/\" \/>\n<meta property=\"og:site_name\" content=\"Toidupakk.ee - Tactical Foodpack toidupakid\" \/>\n<meta property=\"article:publisher\" content=\"https:\/\/www.facebook.com\/Toidupakk\" \/>\n<meta property=\"article:modified_time\" content=\"2026-04-15T06:00:58+00:00\" \/>\n<meta property=\"og:image\" content=\"https:\/\/toidupakk.ee\/wp-content\/uploads\/2025\/08\/Truhvli-maitseline-kartulivahvel.png\" \/>\n\t<meta property=\"og:image:width\" content=\"800\" \/>\n\t<meta property=\"og:image:height\" content=\"800\" \/>\n\t<meta property=\"og:image:type\" content=\"image\/png\" \/>\n<meta name=\"twitter:card\" content=\"summary_large_image\" \/>\n<meta name=\"twitter:label1\" content=\"Est. reading time\" \/>\n\t<meta name=\"twitter:data1\" content=\"1 minut\u0117\" \/>\n<script type=\"application\/ld+json\" class=\"yoast-schema-graph\">{\"@context\":\"https:\\\/\\\/schema.org\",\"@graph\":[{\"@type\":\"WebPage\",\"@id\":\"https:\\\/\\\/toidupakk.ee\\\/lt\\\/toode\\\/bulviu-vafliai-long-chips-su-triufeliais\\\/\",\"url\":\"https:\\\/\\\/toidupakk.ee\\\/lt\\\/toode\\\/bulviu-vafliai-long-chips-su-triufeliais\\\/\",\"name\":\"Bulvi\u0173 vafliai \u201eLong Chips\u201c su triufeliais\",\"isPartOf\":{\"@id\":\"https:\\\/\\\/toidupakk.ee\\\/lt\\\/#website\"},\"primaryImageOfPage\":{\"@id\":\"https:\\\/\\\/toidupakk.ee\\\/lt\\\/toode\\\/bulviu-vafliai-long-chips-su-triufeliais\\\/#primaryimage\"},\"image\":{\"@id\":\"https:\\\/\\\/toidupakk.ee\\\/lt\\\/toode\\\/bulviu-vafliai-long-chips-su-triufeliais\\\/#primaryimage\"},\"thumbnailUrl\":\"https:\\\/\\\/toidupakk.ee\\\/wp-content\\\/uploads\\\/2025\\\/08\\\/Truhvli-maitseline-kartulivahvel.png\",\"datePublished\":\"2025-08-13T13:34:16+00:00\",\"dateModified\":\"2026-04-15T06:00:58+00:00\",\"description\":\"Bulvi\u0173 vafliai \u201eLong Chips\u201c su triufeliais. Maloniai tra\u0161ki tekst\u016bra ir i\u0161skirtinis skonis. Turime sand\u0117lyje \u2013 greitas pristatymas per 1\u20132 dienas \u012f tavo pa\u0161tomat\u0105.\",\"breadcrumb\":{\"@id\":\"https:\\\/\\\/toidupakk.ee\\\/lt\\\/toode\\\/bulviu-vafliai-long-chips-su-triufeliais\\\/#breadcrumb\"},\"inLanguage\":\"lt-LT\",\"potentialAction\":[{\"@type\":\"ReadAction\",\"target\":[\"https:\\\/\\\/toidupakk.ee\\\/lt\\\/toode\\\/bulviu-vafliai-long-chips-su-triufeliais\\\/\"]}]},{\"@type\":\"ImageObject\",\"inLanguage\":\"lt-LT\",\"@id\":\"https:\\\/\\\/toidupakk.ee\\\/lt\\\/toode\\\/bulviu-vafliai-long-chips-su-triufeliais\\\/#primaryimage\",\"url\":\"https:\\\/\\\/toidupakk.ee\\\/wp-content\\\/uploads\\\/2025\\\/08\\\/Truhvli-maitseline-kartulivahvel.png\",\"contentUrl\":\"https:\\\/\\\/toidupakk.ee\\\/wp-content\\\/uploads\\\/2025\\\/08\\\/Truhvli-maitseline-kartulivahvel.png\",\"width\":800,\"height\":800,\"caption\":\"Tr\u00fchvli maitseline kartulivahvel\"},{\"@type\":\"BreadcrumbList\",\"@id\":\"https:\\\/\\\/toidupakk.ee\\\/lt\\\/toode\\\/bulviu-vafliai-long-chips-su-triufeliais\\\/#breadcrumb\",\"itemListElement\":[{\"@type\":\"ListItem\",\"position\":1,\"name\":\"Avaleht\",\"item\":\"https:\\\/\\\/toidupakk.ee\\\/lt\\\/\"},{\"@type\":\"ListItem\",\"position\":2,\"name\":\"El. parduotuv\u0117\",\"item\":\"https:\\\/\\\/toidupakk.ee\\\/lt\\\/el-parduotuve\\\/\"},{\"@type\":\"ListItem\",\"position\":3,\"name\":\"Bulvi\u0173 vafliai \u201eLong Chips\u201c su triufeliais\"}]},{\"@type\":\"WebSite\",\"@id\":\"https:\\\/\\\/toidupakk.ee\\\/lt\\\/#website\",\"url\":\"https:\\\/\\\/toidupakk.ee\\\/lt\\\/\",\"name\":\"Toidupakk.ee - Tactical Foodpack toidupakid\",\"description\":\"Tactical Foodpack k\u00fclmkuivatatud toidupakid ja matkaeined\",\"publisher\":{\"@id\":\"https:\\\/\\\/toidupakk.ee\\\/lt\\\/#organization\"},\"potentialAction\":[{\"@type\":\"SearchAction\",\"target\":{\"@type\":\"EntryPoint\",\"urlTemplate\":\"https:\\\/\\\/toidupakk.ee\\\/lt\\\/?s={search_term_string}\"},\"query-input\":{\"@type\":\"PropertyValueSpecification\",\"valueRequired\":true,\"valueName\":\"search_term_string\"}}],\"inLanguage\":\"lt-LT\"},{\"@type\":\"Organization\",\"@id\":\"https:\\\/\\\/toidupakk.ee\\\/lt\\\/#organization\",\"name\":\"Tactical Foodpack matkaeined\",\"url\":\"https:\\\/\\\/toidupakk.ee\\\/lt\\\/\",\"logo\":{\"@type\":\"ImageObject\",\"inLanguage\":\"lt-LT\",\"@id\":\"https:\\\/\\\/toidupakk.ee\\\/lt\\\/#\\\/schema\\\/logo\\\/image\\\/\",\"url\":\"https:\\\/\\\/toidupakk.ee\\\/wp-content\\\/uploads\\\/2022\\\/01\\\/Toidupakk-matkapood-logo-transparent.png\",\"contentUrl\":\"https:\\\/\\\/toidupakk.ee\\\/wp-content\\\/uploads\\\/2022\\\/01\\\/Toidupakk-matkapood-logo-transparent.png\",\"width\":500,\"height\":500,\"caption\":\"Tactical Foodpack matkaeined\"},\"image\":{\"@id\":\"https:\\\/\\\/toidupakk.ee\\\/lt\\\/#\\\/schema\\\/logo\\\/image\\\/\"},\"sameAs\":[\"https:\\\/\\\/www.facebook.com\\\/Toidupakk\",\"https:\\\/\\\/www.instagram.com\\\/toidupakk\\\/\"]}]}<\/script>\n<!-- \/ Yoast SEO plugin. -->","yoast_head_json":{"title":"Bulvi\u0173 vafliai \u201eLong Chips\u201c su triufeliais","description":"Bulvi\u0173 vafliai \u201eLong Chips\u201c su triufeliais. Maloniai tra\u0161ki tekst\u016bra ir i\u0161skirtinis skonis. Turime sand\u0117lyje \u2013 greitas pristatymas per 1\u20132 dienas \u012f tavo pa\u0161tomat\u0105.","robots":{"index":"index","follow":"follow","max-snippet":"max-snippet:-1","max-image-preview":"max-image-preview:large","max-video-preview":"max-video-preview:-1"},"canonical":"https:\/\/toidupakk.ee\/lt\/toode\/bulviu-vafliai-long-chips-su-triufeliais\/","og_locale":"lt_LT","og_type":"article","og_title":"Bulvi\u0173 vafliai \u201eLong Chips\u201c su triufeliais","og_description":"Bulvi\u0173 vafliai \u201eLong Chips\u201c su triufeliais. Maloniai tra\u0161ki tekst\u016bra ir i\u0161skirtinis skonis. Turime sand\u0117lyje \u2013 greitas pristatymas per 1\u20132 dienas \u012f tavo pa\u0161tomat\u0105.","og_url":"https:\/\/toidupakk.ee\/lt\/toode\/bulviu-vafliai-long-chips-su-triufeliais\/","og_site_name":"Toidupakk.ee - Tactical Foodpack toidupakid","article_publisher":"https:\/\/www.facebook.com\/Toidupakk","article_modified_time":"2026-04-15T06:00:58+00:00","og_image":[{"width":800,"height":800,"url":"https:\/\/toidupakk.ee\/wp-content\/uploads\/2025\/08\/Truhvli-maitseline-kartulivahvel.png","type":"image\/png"}],"twitter_card":"summary_large_image","twitter_misc":{"Est. reading time":"1 minut\u0117"},"schema":{"@context":"https:\/\/schema.org","@graph":[{"@type":"WebPage","@id":"https:\/\/toidupakk.ee\/lt\/toode\/bulviu-vafliai-long-chips-su-triufeliais\/","url":"https:\/\/toidupakk.ee\/lt\/toode\/bulviu-vafliai-long-chips-su-triufeliais\/","name":"Bulvi\u0173 vafliai \u201eLong Chips\u201c su triufeliais","isPartOf":{"@id":"https:\/\/toidupakk.ee\/lt\/#website"},"primaryImageOfPage":{"@id":"https:\/\/toidupakk.ee\/lt\/toode\/bulviu-vafliai-long-chips-su-triufeliais\/#primaryimage"},"image":{"@id":"https:\/\/toidupakk.ee\/lt\/toode\/bulviu-vafliai-long-chips-su-triufeliais\/#primaryimage"},"thumbnailUrl":"https:\/\/toidupakk.ee\/wp-content\/uploads\/2025\/08\/Truhvli-maitseline-kartulivahvel.png","datePublished":"2025-08-13T13:34:16+00:00","dateModified":"2026-04-15T06:00:58+00:00","description":"Bulvi\u0173 vafliai \u201eLong Chips\u201c su triufeliais. Maloniai tra\u0161ki tekst\u016bra ir i\u0161skirtinis skonis. Turime sand\u0117lyje \u2013 greitas pristatymas per 1\u20132 dienas \u012f tavo pa\u0161tomat\u0105.","breadcrumb":{"@id":"https:\/\/toidupakk.ee\/lt\/toode\/bulviu-vafliai-long-chips-su-triufeliais\/#breadcrumb"},"inLanguage":"lt-LT","potentialAction":[{"@type":"ReadAction","target":["https:\/\/toidupakk.ee\/lt\/toode\/bulviu-vafliai-long-chips-su-triufeliais\/"]}]},{"@type":"ImageObject","inLanguage":"lt-LT","@id":"https:\/\/toidupakk.ee\/lt\/toode\/bulviu-vafliai-long-chips-su-triufeliais\/#primaryimage","url":"https:\/\/toidupakk.ee\/wp-content\/uploads\/2025\/08\/Truhvli-maitseline-kartulivahvel.png","contentUrl":"https:\/\/toidupakk.ee\/wp-content\/uploads\/2025\/08\/Truhvli-maitseline-kartulivahvel.png","width":800,"height":800,"caption":"Tr\u00fchvli maitseline kartulivahvel"},{"@type":"BreadcrumbList","@id":"https:\/\/toidupakk.ee\/lt\/toode\/bulviu-vafliai-long-chips-su-triufeliais\/#breadcrumb","itemListElement":[{"@type":"ListItem","position":1,"name":"Avaleht","item":"https:\/\/toidupakk.ee\/lt\/"},{"@type":"ListItem","position":2,"name":"El. parduotuv\u0117","item":"https:\/\/toidupakk.ee\/lt\/el-parduotuve\/"},{"@type":"ListItem","position":3,"name":"Bulvi\u0173 vafliai \u201eLong Chips\u201c su triufeliais"}]},{"@type":"WebSite","@id":"https:\/\/toidupakk.ee\/lt\/#website","url":"https:\/\/toidupakk.ee\/lt\/","name":"Toidupakk.ee - Tactical Foodpack toidupakid","description":"Tactical Foodpack k\u00fclmkuivatatud toidupakid ja matkaeined","publisher":{"@id":"https:\/\/toidupakk.ee\/lt\/#organization"},"potentialAction":[{"@type":"SearchAction","target":{"@type":"EntryPoint","urlTemplate":"https:\/\/toidupakk.ee\/lt\/?s={search_term_string}"},"query-input":{"@type":"PropertyValueSpecification","valueRequired":true,"valueName":"search_term_string"}}],"inLanguage":"lt-LT"},{"@type":"Organization","@id":"https:\/\/toidupakk.ee\/lt\/#organization","name":"Tactical Foodpack matkaeined","url":"https:\/\/toidupakk.ee\/lt\/","logo":{"@type":"ImageObject","inLanguage":"lt-LT","@id":"https:\/\/toidupakk.ee\/lt\/#\/schema\/logo\/image\/","url":"https:\/\/toidupakk.ee\/wp-content\/uploads\/2022\/01\/Toidupakk-matkapood-logo-transparent.png","contentUrl":"https:\/\/toidupakk.ee\/wp-content\/uploads\/2022\/01\/Toidupakk-matkapood-logo-transparent.png","width":500,"height":500,"caption":"Tactical Foodpack matkaeined"},"image":{"@id":"https:\/\/toidupakk.ee\/lt\/#\/schema\/logo\/image\/"},"sameAs":["https:\/\/www.facebook.com\/Toidupakk","https:\/\/www.instagram.com\/toidupakk\/"]}]}},"jetpack_sharing_enabled":true,"_links":{"self":[{"href":"https:\/\/toidupakk.ee\/lt\/wp-json\/wp\/v2\/product\/46028","targetHints":{"allow":["GET"]}}],"collection":[{"href":"https:\/\/toidupakk.ee\/lt\/wp-json\/wp\/v2\/product"}],"about":[{"href":"https:\/\/toidupakk.ee\/lt\/wp-json\/wp\/v2\/types\/product"}],"replies":[{"embeddable":true,"href":"https:\/\/toidupakk.ee\/lt\/wp-json\/wp\/v2\/comments?post=46028"}],"wp:featuredmedia":[{"embeddable":true,"href":"https:\/\/toidupakk.ee\/lt\/wp-json\/wp\/v2\/media\/38235"}],"wp:attachment":[{"href":"https:\/\/toidupakk.ee\/lt\/wp-json\/wp\/v2\/media?parent=46028"}],"wp:term":[{"taxonomy":"product_brand","embeddable":true,"href":"https:\/\/toidupakk.ee\/lt\/wp-json\/wp\/v2\/product_brand?post=46028"},{"taxonomy":"product_cat","embeddable":true,"href":"https:\/\/toidupakk.ee\/lt\/wp-json\/wp\/v2\/product_cat?post=46028"},{"taxonomy":"product_tag","embeddable":true,"href":"https:\/\/toidupakk.ee\/lt\/wp-json\/wp\/v2\/product_tag?post=46028"}],"curies":[{"name":"wp","href":"https:\/\/api.w.org\/{rel}","templated":true}]}}