{"id":46027,"date":"2025-08-08T17:13:11","date_gmt":"2025-08-08T14:13:11","guid":{"rendered":"https:\/\/toidupakk.ee\/toode\/miegmaisis-norfin-atlantis-comfort-plus-350r\/"},"modified":"2026-04-29T16:31:45","modified_gmt":"2026-04-29T13:31:45","slug":"miegmaisis-norfin-atlantis-comfort-plus-350r","status":"publish","type":"product","link":"https:\/\/toidupakk.ee\/lt\/toode\/miegmaisis-norfin-atlantis-comfort-plus-350r\/","title":{"rendered":"Miegmai\u0161is Norfin ATLANTIS COMFORT PLUS 350R"},"content":{"rendered":"<h2>Miegmai\u0161is Norfin ATLANTIS COMFORT PLUS 350R \u2013 patogus ir patvarus miegmai\u0161is<\/h2>\n<p data-start=\"516\" data-end=\"900\">Miegmai\u0161is Norfin ATLANTIS COMFORT PLUS 350R yra erdvus ir patogus, i\u0161skleid\u017eiamas kaip antklod\u0117. Jo plotis \u2013 1 metras, o tai u\u017etikrina maksimal\u0173 komfort\u0105 ir leid\u017eia \u0161altesn\u0117mis s\u0105lygomis po miegmai\u0161iu d\u0117v\u0117ti storesn\u012f drabu\u017ei\u0173 sluoksn\u012f. D\u0117l \u0161ios savyb\u0117s miegmai\u0161is puikiai tinka tiek \u017eygiams, tiek stovyklavimui, kur reikia pakankamai \u0161ilumos ir jud\u0117jimo laisv\u0117s.  <img fetchpriority=\"high\" decoding=\"async\" class=\" wp-image-37837 alignright\" src=\"https:\/\/toidupakk.ee\/wp-content\/uploads\/2025\/07\/350R-4-300x300.png\" alt=\"Supakuotas miegmai\u0161is 350R\" width=\"480\" height=\"480\" srcset=\"https:\/\/toidupakk.ee\/wp-content\/uploads\/2025\/07\/350R-4-300x300.png 300w, https:\/\/toidupakk.ee\/wp-content\/uploads\/2025\/07\/350R-4-500x500.png 500w, https:\/\/toidupakk.ee\/wp-content\/uploads\/2025\/07\/350R-4-768x768.png 768w, https:\/\/toidupakk.ee\/wp-content\/uploads\/2025\/07\/350R-4-400x400.png 400w, https:\/\/toidupakk.ee\/wp-content\/uploads\/2025\/07\/350R-4-100x100.png 100w, https:\/\/toidupakk.ee\/wp-content\/uploads\/2025\/07\/350R-4.png 800w\" sizes=\"(max-width: 480px) 100vw, 480px\" \/><\/p>\n<p data-start=\"902\" data-end=\"1320\">Miegmai\u0161io Norfin ATLANTIS COMFORT PLUS 350R i\u0161orin\u0117 med\u017eiaga yra patvarus \u201ePolyester 210T Diamond RipStop\u201c, u\u017etikrinantis ger\u0105 apsaug\u0105 nuo nusid\u0117v\u0117jimo ir dr\u0117gm\u0117s. Miegmai\u0161io vidus i\u0161klotas mink\u0161tu ir kv\u0117puojan\u010diu medvilniniu audiniu, tod\u0117l miegas malonus net ir \u0161iltesn\u0117mis naktimis. Izoliacijai naudojamas 350 g\/m\u00b2 kokybi\u0161kas tu\u0161\u010diaviduris pluo\u0161tas (hollow fiber), kuris sulaiko \u0161ilum\u0105 net dr\u0117gnomis s\u0105lygomis ir u\u017etikrina ger\u0105 \u0161ilumos izoliacij\u0105.  <\/p>\n<p data-start=\"1322\" data-end=\"1752\">Miegmai\u0161is turi de\u0161in\u0117s pus\u0117s u\u017etrauktuk\u0105 su apsaugine juostele, neleid\u017eian\u010dia audiniui \u012fstrigti. Anatominis gobtuvas palaiko galvos \u0161ilum\u0105, o \u0161ilta apykakl\u0117 suma\u017eina \u0161ilumos praradim\u0105. Pagalv\u0117s sritis su dviem angomis leid\u017eia patogiai naudoti savo pagalv\u0119. Be to, miegmai\u0161is turi prakti\u0161k\u0105 vidin\u0119 ki\u0161en\u0119 smulkiems daiktams. Prireikus du miegmai\u0161ius galima sujungti, sukuriant didesn\u0119 miegam\u0105j\u0105 viet\u0105 dviem asmenims.    <\/p>\n<p data-start=\"1754\" data-end=\"1932\">Miegmai\u0161io Norfin ATLANTIS COMFORT PLUS 350R pakabinimo kilpos palengvina jo d\u017eiovinim\u0105 ir laikym\u0105. Kompresinis krep\u0161ys leid\u017eia miegmai\u0161\u012f transportuoti lengvai ir patogiai. <\/p>\n<p data-start=\"1934\" data-end=\"2274\">Jei nori \u012fsigyti kokybi\u0161k\u0105 ir patog\u0173 miegmai\u0161\u012f, kuris puikiai tinka vasaros ir pereinamajam sezonui, miegmai\u0161is Norfin ATLANTIS COMFORT PLUS 350R yra puikus pasirinkimas.<\/p>\n<p>Daugiau preki\u0173 \u017eygiams \u017ei\u016br\u0117k  <a href=\"https:\/\/toidupakk.ee\/lt\/tootekategooria\/zygio-iranga\/#section-3-79\">\u010cIA<\/a><\/p>\n<p>Pasisemk \u012fkv\u0117pimo kitiems nuotykiams \u201eToidupakk\u201c <a href=\"https:\/\/www.instagram.com\/toidupakk\/\">Instagram<\/a> ir <a href=\"https:\/\/www.facebook.com\/Toidupakk\/\">Facebook<\/a> paskyrose.<\/p>\n","protected":false},"excerpt":{"rendered":"<ul>\n<li data-start=\"119\" data-end=\"761\">Norfin ATLANTIS COMFORT PLUS 350R yra erdvus ir patogus, <strong>kaip antklod\u0117 i\u0161skleid\u017eiamas<\/strong> miegmai\u0161is<\/li>\n<li data-start=\"119\" data-end=\"761\"><strong>Tinka naudoti nuo +10 \u00b0C iki -10 \u00b0C temperat\u016broje<\/strong><\/li>\n<li data-start=\"119\" data-end=\"761\">U\u017epildytas 350 g\/m\u00b2 tu\u0161\u010diaviduriu pluo\u0161tu, kuris <strong>sulaiko \u0161ilum\u0105 net dr\u0117gnomis s\u0105lygomis<\/strong><\/li>\n<li data-start=\"119\" data-end=\"761\">I\u0161orin\u0117 med\u017eiaga \u2013 patvarus \u201ePolyester 210T Diamond RipStop\u201c<\/li>\n<li data-start=\"119\" data-end=\"761\">Vidinis pamu\u0161alas \u2013 mink\u0161tas ir <strong>kv\u0117puojantis medvilninis audinys<\/strong><\/li>\n<li data-start=\"119\" data-end=\"761\">De\u0161in\u0117s pus\u0117s u\u017etrauktukas su apsaugine juostele<\/li>\n<li data-start=\"119\" data-end=\"761\">Anatominis gobtuvas, \u0161ilta apykakl\u0117 ir pagalv\u0117s sritis komfortui<\/li>\n<li data-start=\"119\" data-end=\"761\"><strong>Vidin\u0117 ki\u0161en\u0117<\/strong> smulkmenoms ir kilpos d\u017eiovinimui<\/li>\n<li data-start=\"119\" data-end=\"761\"><strong>Galimyb\u0117 sujungti du miegmai\u0161ius<\/strong><\/li>\n<li data-start=\"119\" data-end=\"761\">Svoris: 2,9 kg<\/li>\n<li data-start=\"119\" data-end=\"761\">Matmenys: 230 x 100 cm<\/li>\n<li data-start=\"119\" data-end=\"761\">Dydis supakavus: 27 \u00d7 44 cm<\/li>\n<\/ul>\n<p>\u2705 Turime sand\u0117lyje, greitas pristatymas per 1\u20133 d. d.<br \/>\n\u2705 Pirk dabar, mok\u0117k v\u0117liau (pal\u016bkanos 0 %)<\/p>\n","protected":false},"featured_media":37839,"comment_status":"open","ping_status":"closed","template":"","meta":{"_acf_changed":false},"product_brand":[],"product_cat":[252,217,189,190],"product_tag":[],"class_list":{"0":"post-46027","1":"product","2":"type-product","3":"status-publish","4":"has-post-thumbnail","6":"product_cat-miegmaisiai","7":"product_cat-nakvyne-gamtoje","8":"product_cat-zygio-iranga","9":"product_cat-zygio-prekes","11":"first","12":"instock","13":"taxable","14":"shipping-taxable","15":"purchasable","16":"product-type-simple"},"bundled_by":[],"bundle_stock_status":"instock","bundle_stock_quantity":1,"bundle_virtual":false,"bundle_layout":"","bundle_add_to_cart_form_location":"","bundle_editable_in_cart":false,"bundle_sold_individually_context":"","bundle_item_grouping":"","bundle_min_size":"","bundle_max_size":"","bundle_price":[],"bundled_items":[],"bundle_sell_ids":[],"acf":[],"yoast_head":"<!-- This site is optimized with the Yoast SEO plugin v27.3 - https:\/\/yoast.com\/product\/yoast-seo-wordpress\/ -->\n<title>Miegmai\u0161is Norfin ATLANTIS COMFORT PLUS 350R<\/title>\n<meta name=\"description\" content=\"Miegmai\u0161is Norfin ATLANTIS COMFORT PLUS 350R yra patogus ir erdvus miegmai\u0161is, idealiai tinkantis \u017eygiams ir stovyklavimui.\" \/>\n<meta name=\"robots\" content=\"index, follow, max-snippet:-1, max-image-preview:large, max-video-preview:-1\" \/>\n<link rel=\"canonical\" href=\"https:\/\/toidupakk.ee\/lt\/toode\/miegmaisis-norfin-atlantis-comfort-plus-350r\/\" \/>\n<meta property=\"og:locale\" content=\"lt_LT\" \/>\n<meta property=\"og:type\" content=\"article\" \/>\n<meta property=\"og:title\" content=\"Miegmai\u0161is Norfin ATLANTIS COMFORT PLUS 350R\" \/>\n<meta property=\"og:description\" content=\"Miegmai\u0161is Norfin ATLANTIS COMFORT PLUS 350R yra patogus ir erdvus miegmai\u0161is, idealiai tinkantis \u017eygiams ir stovyklavimui.\" \/>\n<meta property=\"og:url\" content=\"https:\/\/toidupakk.ee\/lt\/toode\/miegmaisis-norfin-atlantis-comfort-plus-350r\/\" \/>\n<meta property=\"og:site_name\" content=\"Toidupakk.ee - Tactical Foodpack toidupakid\" \/>\n<meta property=\"article:publisher\" content=\"https:\/\/www.facebook.com\/Toidupakk\" \/>\n<meta property=\"article:modified_time\" content=\"2026-04-29T13:31:45+00:00\" \/>\n<meta property=\"og:image\" content=\"https:\/\/toidupakk.ee\/wp-content\/uploads\/2025\/07\/350R-2.png\" \/>\n\t<meta property=\"og:image:width\" content=\"800\" \/>\n\t<meta property=\"og:image:height\" content=\"800\" \/>\n\t<meta property=\"og:image:type\" content=\"image\/png\" \/>\n<meta name=\"twitter:card\" content=\"summary_large_image\" \/>\n<meta name=\"twitter:label1\" content=\"Est. reading time\" \/>\n\t<meta name=\"twitter:data1\" content=\"1 minut\u0117\" \/>\n<script type=\"application\/ld+json\" class=\"yoast-schema-graph\">{\"@context\":\"https:\\\/\\\/schema.org\",\"@graph\":[{\"@type\":\"WebPage\",\"@id\":\"https:\\\/\\\/toidupakk.ee\\\/lt\\\/toode\\\/miegmaisis-norfin-atlantis-comfort-plus-350r\\\/\",\"url\":\"https:\\\/\\\/toidupakk.ee\\\/lt\\\/toode\\\/miegmaisis-norfin-atlantis-comfort-plus-350r\\\/\",\"name\":\"Miegmai\u0161is Norfin ATLANTIS COMFORT PLUS 350R\",\"isPartOf\":{\"@id\":\"https:\\\/\\\/toidupakk.ee\\\/lt\\\/#website\"},\"primaryImageOfPage\":{\"@id\":\"https:\\\/\\\/toidupakk.ee\\\/lt\\\/toode\\\/miegmaisis-norfin-atlantis-comfort-plus-350r\\\/#primaryimage\"},\"image\":{\"@id\":\"https:\\\/\\\/toidupakk.ee\\\/lt\\\/toode\\\/miegmaisis-norfin-atlantis-comfort-plus-350r\\\/#primaryimage\"},\"thumbnailUrl\":\"https:\\\/\\\/toidupakk.ee\\\/wp-content\\\/uploads\\\/2025\\\/07\\\/350R-2.png\",\"datePublished\":\"2025-08-08T14:13:11+00:00\",\"dateModified\":\"2026-04-29T13:31:45+00:00\",\"description\":\"Miegmai\u0161is Norfin ATLANTIS COMFORT PLUS 350R yra patogus ir erdvus miegmai\u0161is, idealiai tinkantis \u017eygiams ir stovyklavimui.\",\"breadcrumb\":{\"@id\":\"https:\\\/\\\/toidupakk.ee\\\/lt\\\/toode\\\/miegmaisis-norfin-atlantis-comfort-plus-350r\\\/#breadcrumb\"},\"inLanguage\":\"lt-LT\",\"potentialAction\":[{\"@type\":\"ReadAction\",\"target\":[\"https:\\\/\\\/toidupakk.ee\\\/lt\\\/toode\\\/miegmaisis-norfin-atlantis-comfort-plus-350r\\\/\"]}]},{\"@type\":\"ImageObject\",\"inLanguage\":\"lt-LT\",\"@id\":\"https:\\\/\\\/toidupakk.ee\\\/lt\\\/toode\\\/miegmaisis-norfin-atlantis-comfort-plus-350r\\\/#primaryimage\",\"url\":\"https:\\\/\\\/toidupakk.ee\\\/wp-content\\\/uploads\\\/2025\\\/07\\\/350R-2.png\",\"contentUrl\":\"https:\\\/\\\/toidupakk.ee\\\/wp-content\\\/uploads\\\/2025\\\/07\\\/350R-2.png\",\"width\":800,\"height\":800,\"caption\":\"Magamiskott Atlantis 350R\"},{\"@type\":\"BreadcrumbList\",\"@id\":\"https:\\\/\\\/toidupakk.ee\\\/lt\\\/toode\\\/miegmaisis-norfin-atlantis-comfort-plus-350r\\\/#breadcrumb\",\"itemListElement\":[{\"@type\":\"ListItem\",\"position\":1,\"name\":\"Avaleht\",\"item\":\"https:\\\/\\\/toidupakk.ee\\\/lt\\\/\"},{\"@type\":\"ListItem\",\"position\":2,\"name\":\"El. parduotuv\u0117\",\"item\":\"https:\\\/\\\/toidupakk.ee\\\/lt\\\/el-parduotuve\\\/\"},{\"@type\":\"ListItem\",\"position\":3,\"name\":\"Miegmai\u0161is Norfin ATLANTIS COMFORT PLUS 350R\"}]},{\"@type\":\"WebSite\",\"@id\":\"https:\\\/\\\/toidupakk.ee\\\/lt\\\/#website\",\"url\":\"https:\\\/\\\/toidupakk.ee\\\/lt\\\/\",\"name\":\"Toidupakk.ee - Tactical Foodpack toidupakid\",\"description\":\"Tactical Foodpack k\u00fclmkuivatatud toidupakid ja matkaeined\",\"publisher\":{\"@id\":\"https:\\\/\\\/toidupakk.ee\\\/lt\\\/#organization\"},\"potentialAction\":[{\"@type\":\"SearchAction\",\"target\":{\"@type\":\"EntryPoint\",\"urlTemplate\":\"https:\\\/\\\/toidupakk.ee\\\/lt\\\/?s={search_term_string}\"},\"query-input\":{\"@type\":\"PropertyValueSpecification\",\"valueRequired\":true,\"valueName\":\"search_term_string\"}}],\"inLanguage\":\"lt-LT\"},{\"@type\":\"Organization\",\"@id\":\"https:\\\/\\\/toidupakk.ee\\\/lt\\\/#organization\",\"name\":\"Tactical Foodpack matkaeined\",\"url\":\"https:\\\/\\\/toidupakk.ee\\\/lt\\\/\",\"logo\":{\"@type\":\"ImageObject\",\"inLanguage\":\"lt-LT\",\"@id\":\"https:\\\/\\\/toidupakk.ee\\\/lt\\\/#\\\/schema\\\/logo\\\/image\\\/\",\"url\":\"https:\\\/\\\/toidupakk.ee\\\/wp-content\\\/uploads\\\/2022\\\/01\\\/Toidupakk-matkapood-logo-transparent.png\",\"contentUrl\":\"https:\\\/\\\/toidupakk.ee\\\/wp-content\\\/uploads\\\/2022\\\/01\\\/Toidupakk-matkapood-logo-transparent.png\",\"width\":500,\"height\":500,\"caption\":\"Tactical Foodpack matkaeined\"},\"image\":{\"@id\":\"https:\\\/\\\/toidupakk.ee\\\/lt\\\/#\\\/schema\\\/logo\\\/image\\\/\"},\"sameAs\":[\"https:\\\/\\\/www.facebook.com\\\/Toidupakk\",\"https:\\\/\\\/www.instagram.com\\\/toidupakk\\\/\"]}]}<\/script>\n<!-- \/ Yoast SEO plugin. -->","yoast_head_json":{"title":"Miegmai\u0161is Norfin ATLANTIS COMFORT PLUS 350R","description":"Miegmai\u0161is Norfin ATLANTIS COMFORT PLUS 350R yra patogus ir erdvus miegmai\u0161is, idealiai tinkantis \u017eygiams ir stovyklavimui.","robots":{"index":"index","follow":"follow","max-snippet":"max-snippet:-1","max-image-preview":"max-image-preview:large","max-video-preview":"max-video-preview:-1"},"canonical":"https:\/\/toidupakk.ee\/lt\/toode\/miegmaisis-norfin-atlantis-comfort-plus-350r\/","og_locale":"lt_LT","og_type":"article","og_title":"Miegmai\u0161is Norfin ATLANTIS COMFORT PLUS 350R","og_description":"Miegmai\u0161is Norfin ATLANTIS COMFORT PLUS 350R yra patogus ir erdvus miegmai\u0161is, idealiai tinkantis \u017eygiams ir stovyklavimui.","og_url":"https:\/\/toidupakk.ee\/lt\/toode\/miegmaisis-norfin-atlantis-comfort-plus-350r\/","og_site_name":"Toidupakk.ee - Tactical Foodpack toidupakid","article_publisher":"https:\/\/www.facebook.com\/Toidupakk","article_modified_time":"2026-04-29T13:31:45+00:00","og_image":[{"width":800,"height":800,"url":"https:\/\/toidupakk.ee\/wp-content\/uploads\/2025\/07\/350R-2.png","type":"image\/png"}],"twitter_card":"summary_large_image","twitter_misc":{"Est. reading time":"1 minut\u0117"},"schema":{"@context":"https:\/\/schema.org","@graph":[{"@type":"WebPage","@id":"https:\/\/toidupakk.ee\/lt\/toode\/miegmaisis-norfin-atlantis-comfort-plus-350r\/","url":"https:\/\/toidupakk.ee\/lt\/toode\/miegmaisis-norfin-atlantis-comfort-plus-350r\/","name":"Miegmai\u0161is Norfin ATLANTIS COMFORT PLUS 350R","isPartOf":{"@id":"https:\/\/toidupakk.ee\/lt\/#website"},"primaryImageOfPage":{"@id":"https:\/\/toidupakk.ee\/lt\/toode\/miegmaisis-norfin-atlantis-comfort-plus-350r\/#primaryimage"},"image":{"@id":"https:\/\/toidupakk.ee\/lt\/toode\/miegmaisis-norfin-atlantis-comfort-plus-350r\/#primaryimage"},"thumbnailUrl":"https:\/\/toidupakk.ee\/wp-content\/uploads\/2025\/07\/350R-2.png","datePublished":"2025-08-08T14:13:11+00:00","dateModified":"2026-04-29T13:31:45+00:00","description":"Miegmai\u0161is Norfin ATLANTIS COMFORT PLUS 350R yra patogus ir erdvus miegmai\u0161is, idealiai tinkantis \u017eygiams ir stovyklavimui.","breadcrumb":{"@id":"https:\/\/toidupakk.ee\/lt\/toode\/miegmaisis-norfin-atlantis-comfort-plus-350r\/#breadcrumb"},"inLanguage":"lt-LT","potentialAction":[{"@type":"ReadAction","target":["https:\/\/toidupakk.ee\/lt\/toode\/miegmaisis-norfin-atlantis-comfort-plus-350r\/"]}]},{"@type":"ImageObject","inLanguage":"lt-LT","@id":"https:\/\/toidupakk.ee\/lt\/toode\/miegmaisis-norfin-atlantis-comfort-plus-350r\/#primaryimage","url":"https:\/\/toidupakk.ee\/wp-content\/uploads\/2025\/07\/350R-2.png","contentUrl":"https:\/\/toidupakk.ee\/wp-content\/uploads\/2025\/07\/350R-2.png","width":800,"height":800,"caption":"Magamiskott Atlantis 350R"},{"@type":"BreadcrumbList","@id":"https:\/\/toidupakk.ee\/lt\/toode\/miegmaisis-norfin-atlantis-comfort-plus-350r\/#breadcrumb","itemListElement":[{"@type":"ListItem","position":1,"name":"Avaleht","item":"https:\/\/toidupakk.ee\/lt\/"},{"@type":"ListItem","position":2,"name":"El. parduotuv\u0117","item":"https:\/\/toidupakk.ee\/lt\/el-parduotuve\/"},{"@type":"ListItem","position":3,"name":"Miegmai\u0161is Norfin ATLANTIS COMFORT PLUS 350R"}]},{"@type":"WebSite","@id":"https:\/\/toidupakk.ee\/lt\/#website","url":"https:\/\/toidupakk.ee\/lt\/","name":"Toidupakk.ee - Tactical Foodpack toidupakid","description":"Tactical Foodpack k\u00fclmkuivatatud toidupakid ja matkaeined","publisher":{"@id":"https:\/\/toidupakk.ee\/lt\/#organization"},"potentialAction":[{"@type":"SearchAction","target":{"@type":"EntryPoint","urlTemplate":"https:\/\/toidupakk.ee\/lt\/?s={search_term_string}"},"query-input":{"@type":"PropertyValueSpecification","valueRequired":true,"valueName":"search_term_string"}}],"inLanguage":"lt-LT"},{"@type":"Organization","@id":"https:\/\/toidupakk.ee\/lt\/#organization","name":"Tactical Foodpack matkaeined","url":"https:\/\/toidupakk.ee\/lt\/","logo":{"@type":"ImageObject","inLanguage":"lt-LT","@id":"https:\/\/toidupakk.ee\/lt\/#\/schema\/logo\/image\/","url":"https:\/\/toidupakk.ee\/wp-content\/uploads\/2022\/01\/Toidupakk-matkapood-logo-transparent.png","contentUrl":"https:\/\/toidupakk.ee\/wp-content\/uploads\/2022\/01\/Toidupakk-matkapood-logo-transparent.png","width":500,"height":500,"caption":"Tactical Foodpack matkaeined"},"image":{"@id":"https:\/\/toidupakk.ee\/lt\/#\/schema\/logo\/image\/"},"sameAs":["https:\/\/www.facebook.com\/Toidupakk","https:\/\/www.instagram.com\/toidupakk\/"]}]}},"jetpack_sharing_enabled":true,"_links":{"self":[{"href":"https:\/\/toidupakk.ee\/lt\/wp-json\/wp\/v2\/product\/46027","targetHints":{"allow":["GET"]}}],"collection":[{"href":"https:\/\/toidupakk.ee\/lt\/wp-json\/wp\/v2\/product"}],"about":[{"href":"https:\/\/toidupakk.ee\/lt\/wp-json\/wp\/v2\/types\/product"}],"replies":[{"embeddable":true,"href":"https:\/\/toidupakk.ee\/lt\/wp-json\/wp\/v2\/comments?post=46027"}],"wp:featuredmedia":[{"embeddable":true,"href":"https:\/\/toidupakk.ee\/lt\/wp-json\/wp\/v2\/media\/37839"}],"wp:attachment":[{"href":"https:\/\/toidupakk.ee\/lt\/wp-json\/wp\/v2\/media?parent=46027"}],"wp:term":[{"taxonomy":"product_brand","embeddable":true,"href":"https:\/\/toidupakk.ee\/lt\/wp-json\/wp\/v2\/product_brand?post=46027"},{"taxonomy":"product_cat","embeddable":true,"href":"https:\/\/toidupakk.ee\/lt\/wp-json\/wp\/v2\/product_cat?post=46027"},{"taxonomy":"product_tag","embeddable":true,"href":"https:\/\/toidupakk.ee\/lt\/wp-json\/wp\/v2\/product_tag?post=46027"}],"curies":[{"name":"wp","href":"https:\/\/api.w.org\/{rel}","templated":true}]}}