{"id":46010,"date":"2025-06-12T13:52:22","date_gmt":"2025-06-12T10:52:22","guid":{"rendered":"https:\/\/toidupakk.ee\/toode\/burnos-skalavimo-tabletes-fresmy\/"},"modified":"2026-05-01T02:01:24","modified_gmt":"2026-04-30T23:01:24","slug":"burnos-skalavimo-tabletes-fresmy","status":"publish","type":"product","link":"https:\/\/toidupakk.ee\/lt\/toode\/burnos-skalavimo-tabletes-fresmy\/","title":{"rendered":"Burnos skalavimo tablet\u0117s \u201eFresmy\u201c"},"content":{"rendered":"<h3 data-start=\"275\" data-end=\"331\"><img fetchpriority=\"high\" decoding=\"async\" class=\"alignnone wp-image-36247 size-full\" src=\"https:\/\/toidupakk.ee\/wp-content\/uploads\/2025\/06\/2-1.png\" alt=\"\u201eFresmy\u201c burnos skalavimo table\u010di\u0173 pakuot\u0117 m\u0117lyname fone su m\u0117t\u0173 lap\u0173 ir vandens la\u0161\u0173 iliustracijomis, pary\u0161kintas tekstas \u201eBURNOS SKALAVIMO TABLET\u0116S\u201c. \" width=\"1200\" height=\"800\" srcset=\"https:\/\/toidupakk.ee\/wp-content\/uploads\/2025\/06\/2-1.png 1200w, https:\/\/toidupakk.ee\/wp-content\/uploads\/2025\/06\/2-1-300x200.png 300w, https:\/\/toidupakk.ee\/wp-content\/uploads\/2025\/06\/2-1-1024x683.png 1024w, https:\/\/toidupakk.ee\/wp-content\/uploads\/2025\/06\/2-1-768x512.png 768w, https:\/\/toidupakk.ee\/wp-content\/uploads\/2025\/06\/2-1-800x533.png 800w\" sizes=\"(max-width: 1200px) 100vw, 1200px\" \/><\/h3>\n<h3 data-start=\"275\" data-end=\"331\">Burnos skalavimo tablet\u0117s \u2013 gaiva ir burnos prie\u017ei\u016bra nauja forma<\/h3>\n<p data-start=\"332\" data-end=\"753\">\u201eFresmy\u201c <strong data-start=\"339\" data-end=\"357\">burnos skalavimo tablet\u0117s<\/strong> yra inovatyvus ir prakti\u0161kas b\u016bdas palaikyti burnos \u0161var\u0105 ir gaiv\u0173 kvap\u0105 net ir tada, kai esi ne namuose. \u0160i sumani alternatyva skystam burnos skalavimo skys\u010diui neu\u017eima daug vietos, nei\u0161sipila ir jai nereikia joki\u0173 papildom\u0173 pried\u0173 \u2013 viena tablet\u0117, gurk\u0161nis vandens ir 30 sekund\u017ei\u0173 skalavimo yra viskas, ko tau reikia. Nat\u016brali sud\u0117tis u\u017etikrina \u0161velni\u0105, bet veiksming\u0105 visos burnos ertm\u0117s prie\u017ei\u016br\u0105, padeda subalansuoti mikrobiom\u0105 ir stiprinti dantis.  <\/p>\n<p data-start=\"755\" data-end=\"970\">Idealus pasirinkimas kelion\u0117ms, darbui, mokyklai, automobiliui ar \u017eygiui \u2013 \u201eFresmy\u201c burnos skalavimo tabletes patogu pasiimti su savimi, jos supakuotos aplinkai draugi\u0161koje aliuminio d\u0117\u017eut\u0117je ir tinka naudoti bet kada, kai reikia greitos atgaivos.<\/p>\n<p data-start=\"755\" data-end=\"970\"><img decoding=\"async\" class=\"alignnone wp-image-36248 size-full\" src=\"https:\/\/toidupakk.ee\/wp-content\/uploads\/2025\/06\/Kuidas_kasutada_suuvett-1024x570-1.jpg\" alt=\"Vizualin\u0117 \u201eFresmy\u201c burnos skalavimo table\u010di\u0173 naudojimo instrukcija: sukramtyk tablet\u0119, skalauk 30 sekund\u017ei\u0173 ir i\u0161spjauk. \" width=\"1024\" height=\"570\" srcset=\"https:\/\/toidupakk.ee\/wp-content\/uploads\/2025\/06\/Kuidas_kasutada_suuvett-1024x570-1.jpg 1024w, https:\/\/toidupakk.ee\/wp-content\/uploads\/2025\/06\/Kuidas_kasutada_suuvett-1024x570-1-300x167.jpg 300w, https:\/\/toidupakk.ee\/wp-content\/uploads\/2025\/06\/Kuidas_kasutada_suuvett-1024x570-1-768x428.jpg 768w, https:\/\/toidupakk.ee\/wp-content\/uploads\/2025\/06\/Kuidas_kasutada_suuvett-1024x570-1-800x445.jpg 800w\" sizes=\"(max-width: 1024px) 100vw, 1024px\" \/><\/p>\n<h3 data-start=\"977\" data-end=\"1013\">Kaip naudoti burnos skalavimo tabletes<\/h3>\n<p data-start=\"1014\" data-end=\"1058\">Tablet\u0119 naudoti paprasta ir patogu:<\/p>\n<ol>\n<li data-start=\"1062\" data-end=\"1088\">Sukramtyk tablet\u0119 burnoje.<\/li>\n<li data-start=\"1062\" data-end=\"1088\">I\u0161gerk gurk\u0161n\u012f vandens arba naudok savo seiles.<\/li>\n<li data-start=\"1062\" data-end=\"1088\">Skalauk mi\u0161in\u012f burnoje bent 30 sekund\u017ei\u0173 ir i\u0161spjauk.<\/li>\n<\/ol>\n<p data-start=\"1191\" data-end=\"1484\">Geriausiam rezultatui pasiekti nevalgyk ir negerk bent 30 minu\u010di\u0173 po naudojimo \u2013 taip naudingos veikliosios med\u017eiagos gal\u0117s veikti ir saugoti tavo dantis bei dantenas vis\u0105 dien\u0105. Saugu net ir atsitiktinai prarijus. Vaikai iki 6 met\u0173 produkt\u0105 tur\u0117t\u0173 naudoti pri\u017ei\u016brimi suaugusi\u0173j\u0173.  <\/p>\n<h3 data-start=\"1491\" data-end=\"1548\">Burnos skalavimo tablet\u0117s \u2013 veiksminga ir nat\u016brali sud\u0117tis kasdienei prie\u017ei\u016brai<\/h3>\n<p data-start=\"1549\" data-end=\"1684\">\u201eFresmy\u201c <strong data-start=\"1556\" data-end=\"1574\">burnos skalavimo tablet\u0117se<\/strong> yra stipri\u0173 nat\u016brali\u0173 komponent\u0173, kurie palaiko kasdien\u0119 burnos higien\u0105 be agresyvi\u0173 chemikal\u0173.<\/p>\n<ul>\n<li data-start=\"1688\" data-end=\"1806\"><strong data-start=\"1688\" data-end=\"1713\">Hidroksiapatitas (HAp)<\/strong> \u2013 nat\u016brali alternatyva fluoridui, kuri stiprina dant\u0173 emal\u012f ir padeda ma\u017einti jautrum\u0105.<\/li>\n<li data-start=\"1688\" data-end=\"1806\"><strong data-start=\"1809\" data-end=\"1822\">Ksilitolis<\/strong> \u2013 padeda ma\u017einti kenksming\u0173 bakterij\u0173 dauginim\u0105si ir subalansuoti burnos pH.<\/li>\n<li data-start=\"1688\" data-end=\"1806\"><strong data-start=\"1899\" data-end=\"1918\">Postbiotikai<\/strong> \u2013 palaiko burnos mikrobiom\u0105, pad\u0117dami i\u0161laikyti sveik\u0105 bakterij\u0173 pusiausvyr\u0105.<\/li>\n<li data-start=\"1688\" data-end=\"1806\"><strong data-start=\"2006\" data-end=\"2039\">Mentolis ir m\u0117t\u0173 ekstraktas<\/strong> \u2013 u\u017etikrina maloniai gaiv\u0173 burnos kvap\u0105.<\/li>\n<\/ul>\n<p data-start=\"2081\" data-end=\"2267\">\u2714 Be alkoholio<br data-start=\"2095\" data-end=\"2098\">\u2714 Be fluorido<br data-start=\"2113\" data-end=\"2116\">\u2714 Netoksi\u0161ka ir be gliuteno<br data-start=\"2148\" data-end=\"2151\">\u2714 Tinka veganams<br data-start=\"2169\" data-end=\"2172\">\u2714 Sud\u0117tyje yra vitamino B12 ir antibakterinio cinko<br data-start=\"2223\" data-end=\"2226\">\u2714 Draugi\u0161kas kelion\u0117ms ir gamtai pasirinkimas<\/p>\n<h3 data-start=\"2274\" data-end=\"2324\">Prakti\u0161ka pakuot\u0117 ir aplinkai draugi\u0161kas pasirinkimas<\/h3>\n<p data-start=\"2325\" data-end=\"2585\">Lengvoje ir patvarioje aliuminio d\u0117\u017eut\u0117je yra 80 table\u010di\u0173, o tai rei\u0161kia, kad j\u0173 u\u017eteks daugiau nei dviem m\u0117nesiams (naudojant 2 k. per dien\u0105). D\u0117l kompakti\u0161ko dizaino ji lengvai telpa \u012f ki\u0161en\u0119, kuprin\u0119 ar rankin\u0119. Be to, pakuot\u0117 be plastiko padeda ma\u017einti ekologin\u012f p\u0117dsak\u0105.  <\/p>\n<p data-start=\"2587\" data-end=\"2758\" data-is-last-node=\"\" data-is-only-node=\"\"><strong data-start=\"2587\" data-end=\"2612\">\u201eFresmy\u201c burnos skalavimo tablet\u0117s<\/strong> yra idealus pasirinkimas tiems, kurie vertina veiksmingum\u0105, nat\u016bralum\u0105 ir patogum\u0105 \u2013 tiek kasdieniam naudojimui, tiek greitai atgaivai kelyje.<\/p>\n<p>\u017di\u016br\u0117ti daugiau \u017eygio preki\u0173  <a href=\"https:\/\/toidupakk.ee\/lt\/tootekategooria\/zygio-iranga\/#section-3-79\">\u010cIA<\/a><\/p>\n<p>Pasisemk \u012fkv\u0117pimo kitiems nuotykiams \u201eToidupakk\u201c <a href=\"https:\/\/www.instagram.com\/toidupakk\/\">Instagram<\/a> ir <a href=\"https:\/\/www.facebook.com\/Toidupakk\/\">Facebook<\/a> paskyrose.<\/p>\n","protected":false},"excerpt":{"rendered":"<p data-start=\"147\" data-end=\"584\"><strong data-start=\"147\" data-end=\"195\">\u201eFresmy\u201c burnos skalavimo tablet\u0117s \u2013 nat\u016brali gaiva ir burnos sveikata tablet\u0117s pavidalu<\/strong><\/p>\n<ul>\n<li data-start=\"147\" data-end=\"584\">Paprasta naudoti: sukramtyk tablet\u0119, skalauk burn\u0105 vandeniu ir i\u0161spjauk<\/li>\n<li data-start=\"147\" data-end=\"584\">Padeda stiprinti dant\u0173 emal\u012f ir ma\u017einti jautrum\u0105 (sud\u0117tyje yra hidroksiapatito)<\/li>\n<li data-start=\"147\" data-end=\"584\">Sud\u0117tis be alkoholio, fluorido, gliuteno ir toksin\u0173<\/li>\n<li data-start=\"147\" data-end=\"584\">Sud\u0117tyje yra postbiotik\u0173, kurie palaiko burnos mikrobiom\u0105<\/li>\n<li data-start=\"147\" data-end=\"584\">Patogu ir tinka kelion\u0117ms \u2013 idealu kasdienei gaivai<\/li>\n<li data-start=\"147\" data-end=\"584\">M\u0117t\u0173 skonio<\/li>\n<li data-start=\"147\" data-end=\"584\">Pakuot\u0117je 80 table\u010di\u0173<\/li>\n<\/ul>\n<p data-start=\"586\" data-end=\"627\" data-is-last-node=\"\" data-is-only-node=\"\">\u2705 Turime sand\u0117lyje, greitas pristatymas per 1\u20133 darbo dienas<\/p>\n","protected":false},"featured_media":36243,"comment_status":"open","ping_status":"closed","template":"","meta":{"_acf_changed":false},"product_brand":[],"product_cat":[189,190],"product_tag":[],"class_list":{"0":"post-46010","1":"product","2":"type-product","3":"status-publish","4":"has-post-thumbnail","6":"product_cat-zygio-iranga","7":"product_cat-zygio-prekes","9":"first","10":"instock","11":"taxable","12":"shipping-taxable","13":"purchasable","14":"product-type-simple"},"bundled_by":[],"bundle_stock_status":"instock","bundle_stock_quantity":7,"bundle_virtual":false,"bundle_layout":"","bundle_add_to_cart_form_location":"","bundle_editable_in_cart":false,"bundle_sold_individually_context":"","bundle_item_grouping":"","bundle_min_size":"","bundle_max_size":"","bundle_price":[],"bundled_items":[],"bundle_sell_ids":[],"acf":[],"yoast_head":"<!-- This site is optimized with the Yoast SEO plugin v27.3 - https:\/\/yoast.com\/product\/yoast-seo-wordpress\/ -->\n<title>Burnos skalavimo tablet\u0117s \u201eFresmy\u201c<\/title>\n<meta name=\"description\" content=\"Nat\u016bralios, be fluorido ir alkoholio burnos skalavimo tablet\u0117s gaiviam burnos kvapui ir burnos sveikatai palaikyti tiek namuose, tiek kelion\u0117je.\" \/>\n<meta name=\"robots\" content=\"index, follow, max-snippet:-1, max-image-preview:large, max-video-preview:-1\" \/>\n<link rel=\"canonical\" href=\"https:\/\/toidupakk.ee\/lt\/toode\/burnos-skalavimo-tabletes-fresmy\/\" \/>\n<meta property=\"og:locale\" content=\"lt_LT\" \/>\n<meta property=\"og:type\" content=\"article\" \/>\n<meta property=\"og:title\" content=\"Burnos skalavimo tablet\u0117s \u201eFresmy\u201c\" \/>\n<meta property=\"og:description\" content=\"Nat\u016bralios, be fluorido ir alkoholio burnos skalavimo tablet\u0117s gaiviam burnos kvapui ir burnos sveikatai palaikyti tiek namuose, tiek kelion\u0117je.\" \/>\n<meta property=\"og:url\" content=\"https:\/\/toidupakk.ee\/lt\/toode\/burnos-skalavimo-tabletes-fresmy\/\" \/>\n<meta property=\"og:site_name\" content=\"Toidupakk.ee - Tactical Foodpack toidupakid\" \/>\n<meta property=\"article:publisher\" content=\"https:\/\/www.facebook.com\/Toidupakk\" \/>\n<meta property=\"article:modified_time\" content=\"2026-04-30T23:01:24+00:00\" \/>\n<meta property=\"og:image\" content=\"https:\/\/toidupakk.ee\/wp-content\/uploads\/2025\/06\/N80_MW_4745010365539_2.png\" \/>\n\t<meta property=\"og:image:width\" content=\"1000\" \/>\n\t<meta property=\"og:image:height\" content=\"1000\" \/>\n\t<meta property=\"og:image:type\" content=\"image\/png\" \/>\n<meta name=\"twitter:card\" content=\"summary_large_image\" \/>\n<meta name=\"twitter:label1\" content=\"Est. reading time\" \/>\n\t<meta name=\"twitter:data1\" content=\"2 minut\u0117s\" \/>\n<script type=\"application\/ld+json\" class=\"yoast-schema-graph\">{\"@context\":\"https:\\\/\\\/schema.org\",\"@graph\":[{\"@type\":\"WebPage\",\"@id\":\"https:\\\/\\\/toidupakk.ee\\\/lt\\\/toode\\\/burnos-skalavimo-tabletes-fresmy\\\/\",\"url\":\"https:\\\/\\\/toidupakk.ee\\\/lt\\\/toode\\\/burnos-skalavimo-tabletes-fresmy\\\/\",\"name\":\"Burnos skalavimo tablet\u0117s \u201eFresmy\u201c\",\"isPartOf\":{\"@id\":\"https:\\\/\\\/toidupakk.ee\\\/lt\\\/#website\"},\"primaryImageOfPage\":{\"@id\":\"https:\\\/\\\/toidupakk.ee\\\/lt\\\/toode\\\/burnos-skalavimo-tabletes-fresmy\\\/#primaryimage\"},\"image\":{\"@id\":\"https:\\\/\\\/toidupakk.ee\\\/lt\\\/toode\\\/burnos-skalavimo-tabletes-fresmy\\\/#primaryimage\"},\"thumbnailUrl\":\"https:\\\/\\\/toidupakk.ee\\\/wp-content\\\/uploads\\\/2025\\\/06\\\/N80_MW_4745010365539_2.png\",\"datePublished\":\"2025-06-12T10:52:22+00:00\",\"dateModified\":\"2026-04-30T23:01:24+00:00\",\"description\":\"Nat\u016bralios, be fluorido ir alkoholio burnos skalavimo tablet\u0117s gaiviam burnos kvapui ir burnos sveikatai palaikyti tiek namuose, tiek kelion\u0117je.\",\"breadcrumb\":{\"@id\":\"https:\\\/\\\/toidupakk.ee\\\/lt\\\/toode\\\/burnos-skalavimo-tabletes-fresmy\\\/#breadcrumb\"},\"inLanguage\":\"lt-LT\",\"potentialAction\":[{\"@type\":\"ReadAction\",\"target\":[\"https:\\\/\\\/toidupakk.ee\\\/lt\\\/toode\\\/burnos-skalavimo-tabletes-fresmy\\\/\"]}]},{\"@type\":\"ImageObject\",\"inLanguage\":\"lt-LT\",\"@id\":\"https:\\\/\\\/toidupakk.ee\\\/lt\\\/toode\\\/burnos-skalavimo-tabletes-fresmy\\\/#primaryimage\",\"url\":\"https:\\\/\\\/toidupakk.ee\\\/wp-content\\\/uploads\\\/2025\\\/06\\\/N80_MW_4745010365539_2.png\",\"contentUrl\":\"https:\\\/\\\/toidupakk.ee\\\/wp-content\\\/uploads\\\/2025\\\/06\\\/N80_MW_4745010365539_2.png\",\"width\":1000,\"height\":1000},{\"@type\":\"BreadcrumbList\",\"@id\":\"https:\\\/\\\/toidupakk.ee\\\/lt\\\/toode\\\/burnos-skalavimo-tabletes-fresmy\\\/#breadcrumb\",\"itemListElement\":[{\"@type\":\"ListItem\",\"position\":1,\"name\":\"Avaleht\",\"item\":\"https:\\\/\\\/toidupakk.ee\\\/lt\\\/\"},{\"@type\":\"ListItem\",\"position\":2,\"name\":\"El. parduotuv\u0117\",\"item\":\"https:\\\/\\\/toidupakk.ee\\\/lt\\\/el-parduotuve\\\/\"},{\"@type\":\"ListItem\",\"position\":3,\"name\":\"Burnos skalavimo tablet\u0117s \u201eFresmy\u201c\"}]},{\"@type\":\"WebSite\",\"@id\":\"https:\\\/\\\/toidupakk.ee\\\/lt\\\/#website\",\"url\":\"https:\\\/\\\/toidupakk.ee\\\/lt\\\/\",\"name\":\"Toidupakk.ee - Tactical Foodpack toidupakid\",\"description\":\"Tactical Foodpack k\u00fclmkuivatatud toidupakid ja matkaeined\",\"publisher\":{\"@id\":\"https:\\\/\\\/toidupakk.ee\\\/lt\\\/#organization\"},\"potentialAction\":[{\"@type\":\"SearchAction\",\"target\":{\"@type\":\"EntryPoint\",\"urlTemplate\":\"https:\\\/\\\/toidupakk.ee\\\/lt\\\/?s={search_term_string}\"},\"query-input\":{\"@type\":\"PropertyValueSpecification\",\"valueRequired\":true,\"valueName\":\"search_term_string\"}}],\"inLanguage\":\"lt-LT\"},{\"@type\":\"Organization\",\"@id\":\"https:\\\/\\\/toidupakk.ee\\\/lt\\\/#organization\",\"name\":\"Tactical Foodpack matkaeined\",\"url\":\"https:\\\/\\\/toidupakk.ee\\\/lt\\\/\",\"logo\":{\"@type\":\"ImageObject\",\"inLanguage\":\"lt-LT\",\"@id\":\"https:\\\/\\\/toidupakk.ee\\\/lt\\\/#\\\/schema\\\/logo\\\/image\\\/\",\"url\":\"https:\\\/\\\/toidupakk.ee\\\/wp-content\\\/uploads\\\/2022\\\/01\\\/Toidupakk-matkapood-logo-transparent.png\",\"contentUrl\":\"https:\\\/\\\/toidupakk.ee\\\/wp-content\\\/uploads\\\/2022\\\/01\\\/Toidupakk-matkapood-logo-transparent.png\",\"width\":500,\"height\":500,\"caption\":\"Tactical Foodpack matkaeined\"},\"image\":{\"@id\":\"https:\\\/\\\/toidupakk.ee\\\/lt\\\/#\\\/schema\\\/logo\\\/image\\\/\"},\"sameAs\":[\"https:\\\/\\\/www.facebook.com\\\/Toidupakk\",\"https:\\\/\\\/www.instagram.com\\\/toidupakk\\\/\"]}]}<\/script>\n<!-- \/ Yoast SEO plugin. -->","yoast_head_json":{"title":"Burnos skalavimo tablet\u0117s \u201eFresmy\u201c","description":"Nat\u016bralios, be fluorido ir alkoholio burnos skalavimo tablet\u0117s gaiviam burnos kvapui ir burnos sveikatai palaikyti tiek namuose, tiek kelion\u0117je.","robots":{"index":"index","follow":"follow","max-snippet":"max-snippet:-1","max-image-preview":"max-image-preview:large","max-video-preview":"max-video-preview:-1"},"canonical":"https:\/\/toidupakk.ee\/lt\/toode\/burnos-skalavimo-tabletes-fresmy\/","og_locale":"lt_LT","og_type":"article","og_title":"Burnos skalavimo tablet\u0117s \u201eFresmy\u201c","og_description":"Nat\u016bralios, be fluorido ir alkoholio burnos skalavimo tablet\u0117s gaiviam burnos kvapui ir burnos sveikatai palaikyti tiek namuose, tiek kelion\u0117je.","og_url":"https:\/\/toidupakk.ee\/lt\/toode\/burnos-skalavimo-tabletes-fresmy\/","og_site_name":"Toidupakk.ee - Tactical Foodpack toidupakid","article_publisher":"https:\/\/www.facebook.com\/Toidupakk","article_modified_time":"2026-04-30T23:01:24+00:00","og_image":[{"width":1000,"height":1000,"url":"https:\/\/toidupakk.ee\/wp-content\/uploads\/2025\/06\/N80_MW_4745010365539_2.png","type":"image\/png"}],"twitter_card":"summary_large_image","twitter_misc":{"Est. reading time":"2 minut\u0117s"},"schema":{"@context":"https:\/\/schema.org","@graph":[{"@type":"WebPage","@id":"https:\/\/toidupakk.ee\/lt\/toode\/burnos-skalavimo-tabletes-fresmy\/","url":"https:\/\/toidupakk.ee\/lt\/toode\/burnos-skalavimo-tabletes-fresmy\/","name":"Burnos skalavimo tablet\u0117s \u201eFresmy\u201c","isPartOf":{"@id":"https:\/\/toidupakk.ee\/lt\/#website"},"primaryImageOfPage":{"@id":"https:\/\/toidupakk.ee\/lt\/toode\/burnos-skalavimo-tabletes-fresmy\/#primaryimage"},"image":{"@id":"https:\/\/toidupakk.ee\/lt\/toode\/burnos-skalavimo-tabletes-fresmy\/#primaryimage"},"thumbnailUrl":"https:\/\/toidupakk.ee\/wp-content\/uploads\/2025\/06\/N80_MW_4745010365539_2.png","datePublished":"2025-06-12T10:52:22+00:00","dateModified":"2026-04-30T23:01:24+00:00","description":"Nat\u016bralios, be fluorido ir alkoholio burnos skalavimo tablet\u0117s gaiviam burnos kvapui ir burnos sveikatai palaikyti tiek namuose, tiek kelion\u0117je.","breadcrumb":{"@id":"https:\/\/toidupakk.ee\/lt\/toode\/burnos-skalavimo-tabletes-fresmy\/#breadcrumb"},"inLanguage":"lt-LT","potentialAction":[{"@type":"ReadAction","target":["https:\/\/toidupakk.ee\/lt\/toode\/burnos-skalavimo-tabletes-fresmy\/"]}]},{"@type":"ImageObject","inLanguage":"lt-LT","@id":"https:\/\/toidupakk.ee\/lt\/toode\/burnos-skalavimo-tabletes-fresmy\/#primaryimage","url":"https:\/\/toidupakk.ee\/wp-content\/uploads\/2025\/06\/N80_MW_4745010365539_2.png","contentUrl":"https:\/\/toidupakk.ee\/wp-content\/uploads\/2025\/06\/N80_MW_4745010365539_2.png","width":1000,"height":1000},{"@type":"BreadcrumbList","@id":"https:\/\/toidupakk.ee\/lt\/toode\/burnos-skalavimo-tabletes-fresmy\/#breadcrumb","itemListElement":[{"@type":"ListItem","position":1,"name":"Avaleht","item":"https:\/\/toidupakk.ee\/lt\/"},{"@type":"ListItem","position":2,"name":"El. parduotuv\u0117","item":"https:\/\/toidupakk.ee\/lt\/el-parduotuve\/"},{"@type":"ListItem","position":3,"name":"Burnos skalavimo tablet\u0117s \u201eFresmy\u201c"}]},{"@type":"WebSite","@id":"https:\/\/toidupakk.ee\/lt\/#website","url":"https:\/\/toidupakk.ee\/lt\/","name":"Toidupakk.ee - Tactical Foodpack toidupakid","description":"Tactical Foodpack k\u00fclmkuivatatud toidupakid ja matkaeined","publisher":{"@id":"https:\/\/toidupakk.ee\/lt\/#organization"},"potentialAction":[{"@type":"SearchAction","target":{"@type":"EntryPoint","urlTemplate":"https:\/\/toidupakk.ee\/lt\/?s={search_term_string}"},"query-input":{"@type":"PropertyValueSpecification","valueRequired":true,"valueName":"search_term_string"}}],"inLanguage":"lt-LT"},{"@type":"Organization","@id":"https:\/\/toidupakk.ee\/lt\/#organization","name":"Tactical Foodpack matkaeined","url":"https:\/\/toidupakk.ee\/lt\/","logo":{"@type":"ImageObject","inLanguage":"lt-LT","@id":"https:\/\/toidupakk.ee\/lt\/#\/schema\/logo\/image\/","url":"https:\/\/toidupakk.ee\/wp-content\/uploads\/2022\/01\/Toidupakk-matkapood-logo-transparent.png","contentUrl":"https:\/\/toidupakk.ee\/wp-content\/uploads\/2022\/01\/Toidupakk-matkapood-logo-transparent.png","width":500,"height":500,"caption":"Tactical Foodpack matkaeined"},"image":{"@id":"https:\/\/toidupakk.ee\/lt\/#\/schema\/logo\/image\/"},"sameAs":["https:\/\/www.facebook.com\/Toidupakk","https:\/\/www.instagram.com\/toidupakk\/"]}]}},"jetpack_sharing_enabled":true,"_links":{"self":[{"href":"https:\/\/toidupakk.ee\/lt\/wp-json\/wp\/v2\/product\/46010","targetHints":{"allow":["GET"]}}],"collection":[{"href":"https:\/\/toidupakk.ee\/lt\/wp-json\/wp\/v2\/product"}],"about":[{"href":"https:\/\/toidupakk.ee\/lt\/wp-json\/wp\/v2\/types\/product"}],"replies":[{"embeddable":true,"href":"https:\/\/toidupakk.ee\/lt\/wp-json\/wp\/v2\/comments?post=46010"}],"wp:featuredmedia":[{"embeddable":true,"href":"https:\/\/toidupakk.ee\/lt\/wp-json\/wp\/v2\/media\/36243"}],"wp:attachment":[{"href":"https:\/\/toidupakk.ee\/lt\/wp-json\/wp\/v2\/media?parent=46010"}],"wp:term":[{"taxonomy":"product_brand","embeddable":true,"href":"https:\/\/toidupakk.ee\/lt\/wp-json\/wp\/v2\/product_brand?post=46010"},{"taxonomy":"product_cat","embeddable":true,"href":"https:\/\/toidupakk.ee\/lt\/wp-json\/wp\/v2\/product_cat?post=46010"},{"taxonomy":"product_tag","embeddable":true,"href":"https:\/\/toidupakk.ee\/lt\/wp-json\/wp\/v2\/product_tag?post=46010"}],"curies":[{"name":"wp","href":"https:\/\/api.w.org\/{rel}","templated":true}]}}