{"id":46005,"date":"2025-06-05T13:32:45","date_gmt":"2025-06-05T10:32:45","guid":{"rendered":"https:\/\/toidupakk.ee\/toode\/zemelapio-kompasas-terrax-pro\/"},"modified":"2026-04-29T16:30:37","modified_gmt":"2026-04-29T13:30:37","slug":"zemelapio-kompasas-terrax-pro","status":"publish","type":"product","link":"https:\/\/toidupakk.ee\/lt\/toode\/zemelapio-kompasas-terrax-pro\/","title":{"rendered":"\u017dem\u0117lapio kompasas \u201eTerraX PRO\u201c"},"content":{"rendered":"<h2 data-start=\"203\" data-end=\"269\"><img fetchpriority=\"high\" decoding=\"async\" class=\"alignright wp-image-35889 size-thumbnail\" src=\"https:\/\/toidupakk.ee\/wp-content\/uploads\/2025\/06\/Kaardikompass-TerraX-PRO2-500x500.png\" alt=\"\u017eem\u0117lapio kompasas orientavimuisi arba naudojimui ant \u017eem\u0117lapio\" width=\"500\" height=\"500\" srcset=\"https:\/\/toidupakk.ee\/wp-content\/uploads\/2025\/06\/Kaardikompass-TerraX-PRO2-500x500.png 500w, https:\/\/toidupakk.ee\/wp-content\/uploads\/2025\/06\/Kaardikompass-TerraX-PRO2-300x300.png 300w, https:\/\/toidupakk.ee\/wp-content\/uploads\/2025\/06\/Kaardikompass-TerraX-PRO2-768x768.png 768w, https:\/\/toidupakk.ee\/wp-content\/uploads\/2025\/06\/Kaardikompass-TerraX-PRO2-400x400.png 400w, https:\/\/toidupakk.ee\/wp-content\/uploads\/2025\/06\/Kaardikompass-TerraX-PRO2-100x100.png 100w, https:\/\/toidupakk.ee\/wp-content\/uploads\/2025\/06\/Kaardikompass-TerraX-PRO2.png 800w\" sizes=\"(max-width: 500px) 100vw, 500px\" \/><\/h2>\n<h2 data-start=\"203\" data-end=\"269\"><strong data-start=\"206\" data-end=\"269\">\u017dem\u0117lapio kompasas \u201eTerraX PRO\u201c \u2013 tikslumas ir pasitik\u0117jimas bet kokioje situacijoje<\/strong><\/h2>\n<p data-start=\"271\" data-end=\"559\"><strong data-start=\"271\" data-end=\"299\">\u017dem\u0117lapio kompasas \u201eTerraX PRO\u201c<\/strong> yra profesionalus \u012frankis visiems, kuriems reikia tikslaus ir patikimo krypties rodiklio gamtoje, \u017eygyje ar dirbant su \u017eem\u0117lapiu. \u0160is <strong data-start=\"425\" data-end=\"448\">skaidrus kompasas<\/strong> sukurtas naudoti tiesiai ant \u017eem\u0117lapio, leid\u017eiantis greitai ir tiksliai nustatyti kryptis, azimutus bei atstumus. <\/p>\n<p data-start=\"561\" data-end=\"877\">Pagamintas i\u0161 tvirto ir patvaraus skaidraus plastiko, <strong data-start=\"628\" data-end=\"642\">\u201eTerraX PRO\u201c<\/strong> yra idealus \u012frankis tiek \u017eygeiviui m\u0117g\u0117jui, tiek patyrusiam orientacininkui. D\u0117l skaidraus pagrindo kompas\u0105 galima patogiai pad\u0117ti ant \u017eem\u0117lapio taip, kad visa informacija likt\u0173 matoma \u2013 tai paver\u010dia navigacij\u0105 paprasta ir logi\u0161ka. <\/p>\n<h3 data-start=\"879\" data-end=\"913\"><strong data-start=\"883\" data-end=\"913\">Tikslumas, kuriuo gali pasikliauti<\/strong><\/h3>\n<p data-start=\"917\" data-end=\"1006\"><strong data-start=\"917\" data-end=\"951\">Masteliai 1:25 000 ir 1:50 000<\/strong>, tinkantys da\u017eniausiai naudojamiems \u017eygi\u0173 ir topografiniams \u017eem\u0117lapiams<\/p>\n<p data-start=\"1009\" data-end=\"1067\"><strong data-start=\"1009\" data-end=\"1036\">Liniuot\u0117 centimetrais<\/strong> tiksliam atstum\u0173 matavimui<\/p>\n<p data-start=\"1070\" data-end=\"1131\"><strong data-start=\"1070\" data-end=\"1088\">Didinamasis stiklas<\/strong> padeda \u012f\u017ei\u016br\u0117ti net smulkiausias \u017eem\u0117lapio detales<\/p>\n<p data-start=\"1134\" data-end=\"1222\"><strong data-start=\"1134\" data-end=\"1163\">360\u00b0 besisukanti kompaso ro\u017e\u0117<\/strong>, kuria lengvai ir greitai nustatysi krypt\u012f bei azimut\u0105<\/p>\n<p data-start=\"1225\" data-end=\"1300\"><strong data-start=\"1225\" data-end=\"1259\">Reakcijos laikas vos 2 sekund\u0117s<\/strong> \u2013 greitas ir tikslus orientyras bet kuri\u0105 akimirk\u0105<\/p>\n<p data-start=\"1302\" data-end=\"1502\">Komplekte yra <strong data-start=\"1316\" data-end=\"1329\">virvel\u0117 kaklui<\/strong>, kuria kompas\u0105 galima patogiai ir saugiai pasikabinti. Tai rei\u0161kia, kad <strong data-start=\"1410\" data-end=\"1438\">\u017dem\u0117lapio kompasas \u201eTerraX PRO\u201c<\/strong> visada bus po ranka, kai prireiks greitos pagalbos naviguojant. <\/p>\n<hr data-start=\"1504\" data-end=\"1507\">\n<h3 data-start=\"1509\" data-end=\"1557\"><strong data-start=\"1516\" data-end=\"1557\">Kod\u0117l verta rinktis \u201eTerraX PRO\u201c \u017eem\u0117lapio kompas\u0105?<\/strong><\/h3>\n<p data-start=\"1561\" data-end=\"1621\"><strong data-start=\"1564\" data-end=\"1582\">Ai\u0161kus matomumas<\/strong> \u2013 skaidrus dizainas neu\u017edengia \u017eem\u0117lapio<\/p>\n<p data-start=\"1624\" data-end=\"1702\"><strong data-start=\"1627\" data-end=\"1653\">Profesionalus tikslumas<\/strong> \u2013 \u012frankis, kuriuo pasitiki ir patyr\u0119 \u017eygeiviai<\/p>\n<p data-start=\"1705\" data-end=\"1817\"><strong data-start=\"1708\" data-end=\"1731\">Daugiafunkcis<\/strong> \u2013 idealiai tinka navigacijai \u017eem\u0117lapyje, atstum\u0173 matavimui ir krypties nustatymui<\/p>\n<p data-start=\"1820\" data-end=\"1907\"><strong data-start=\"1823\" data-end=\"1846\">Lengvas ir patvarus<\/strong> \u2013 idealus kiekvienam \u017eygiui, i\u0161gyvenimo kursams ar mokymuisi lauke<\/p>\n<h3 data-start=\"1909\" data-end=\"1942\"><strong data-start=\"1916\" data-end=\"1942\">Papildyk savo \u012frang\u0105:<\/strong><\/h3>\n<p data-start=\"1946\" data-end=\"2080\">Reikia papildomos apsaugos nuo uod\u0173? Per\u017ei\u016br\u0117k <a class=\"\" href=\"https:\/\/toidupakk.ee\/toode\/saasetorjevahend-deet-50\/\" target=\"_new\" rel=\"noopener\" data-start=\"1993\" data-end=\"2078\">DEET 50 % repelent\u0105 nuo uod\u0173 \u00bb<\/a> <\/p>\n<p data-start=\"2083\" data-end=\"2213\">Planuoji keli\u0173 dien\u0173 \u017eyg\u012f? Turime <a class=\"cursor-pointer\" target=\"_new\" rel=\"noopener\" data-start=\"2126\" data-end=\"2211\">maisto atsarg\u0173 rinkini\u0173 \u017eygeiviams \u00bb<\/a> <\/p>\n<hr data-start=\"2453\" data-end=\"2456\">\n<p data-start=\"2458\" data-end=\"2651\"><strong data-start=\"2458\" data-end=\"2486\">\u017dem\u0117lapio kompasas \u201eTerraX PRO\u201c<\/strong> tinka tiek mokyklai, tiek rimtiems \u017eygiams gamtoje.<br data-start=\"2587\" data-end=\"2590\">\ud83d\uded2 <strong data-start=\"2593\" data-end=\"2651\">U\u017esisakyk jau \u0161iandien ir \u017eenk u\u017etikrintai teisinga kryptimi!<\/strong><\/p>\n<p>Per\u017ei\u016br\u0117k ir kitas \u017eygio prekes  <a href=\"https:\/\/toidupakk.ee\/lt\/tootekategooria\/zygio-iranga\/#section-3-79\">\u010cIA<\/a><\/p>\n<p>Jei tave domina \u017eygio maistas \u2013 \u017ei\u016br\u0117k <a href=\"\/?product_cat=snakk#section-3-79\">\u010cIA<\/a><\/p>\n<p>Pasisemk \u012fkv\u0117pimo kitiems nuotykiams \u201eToidupakk\u201c <a href=\"https:\/\/www.instagram.com\/toidupakk\/\">Instagram<\/a> ir <a href=\"https:\/\/www.facebook.com\/Toidupakk\/\">Facebook<\/a> paskyrose.<\/p>\n","protected":false},"excerpt":{"rendered":"<ul>\n<li>Skaidrus kompasas orientavimuisi gamtoje arba darbui su \u017eem\u0117lapiu<\/li>\n<li>Skaidrus plastikas leid\u017eia patogiai naudoti kompas\u0105 tiesiai ant \u017eem\u0117lapio<\/li>\n<li>Mastelis 1:25 000 ir 1:5 000 (kilometrais)<\/li>\n<li>Liniuot\u0117 su cm \u017eymomis ir didinamasis stiklas<\/li>\n<li>Ideali priemon\u0117 kryp\u010di\u0173, azimut\u0173 ir atstum\u0173 nustatymui \u017eem\u0117lapyje<\/li>\n<li>360 laipsni\u0173 besisukanti kompaso dalis<\/li>\n<li>I\u0161 tvirto skaidraus plastiko<\/li>\n<li>Kompaso reakcijos laikas \u2013 2 sekund\u0117s<\/li>\n<li>Komplekte yra virvel\u0117 pakabinimui<\/li>\n<\/ul>\n<p>\u2705 Turime sand\u0117lyje, greitas pristatymas per 1\u20133 darbo dienas<\/p>\n","protected":false},"featured_media":35888,"comment_status":"open","ping_status":"closed","template":"","meta":{"_acf_changed":false},"product_brand":[],"product_cat":[212,189,190],"product_tag":[],"class_list":{"0":"post-46005","1":"product","2":"type-product","3":"status-publish","4":"has-post-thumbnail","6":"product_cat-kompasai","7":"product_cat-zygio-iranga","8":"product_cat-zygio-prekes","10":"first","11":"outofstock","12":"sale","13":"taxable","14":"shipping-taxable","15":"purchasable","16":"product-type-simple"},"bundled_by":[],"bundle_stock_status":"outofstock","bundle_stock_quantity":0,"bundle_virtual":false,"bundle_layout":"","bundle_add_to_cart_form_location":"","bundle_editable_in_cart":false,"bundle_sold_individually_context":"","bundle_item_grouping":"","bundle_min_size":"","bundle_max_size":"","bundle_price":[],"bundled_items":[],"bundle_sell_ids":[],"acf":[],"yoast_head":"<!-- This site is optimized with the Yoast SEO plugin v27.3 - https:\/\/yoast.com\/product\/yoast-seo-wordpress\/ -->\n<title>\u017dem\u0117lapio kompasas \u201eTerraX PRO\u201c<\/title>\n<meta name=\"description\" content=\"\u017dem\u0117lapio kompasas \u201eTerraX PRO\u201c \u2013 patikimas pasirinkimas kiekvienam \u017eygeiviui ir orientacininkui. Masteliai ir didinamasis stiklas \u2013 viskas, ko reikia navigacijai gamtoje.\" \/>\n<meta name=\"robots\" content=\"index, follow, max-snippet:-1, max-image-preview:large, max-video-preview:-1\" \/>\n<link rel=\"canonical\" href=\"https:\/\/toidupakk.ee\/lt\/toode\/zemelapio-kompasas-terrax-pro\/\" \/>\n<meta property=\"og:locale\" content=\"lt_LT\" \/>\n<meta property=\"og:type\" content=\"article\" \/>\n<meta property=\"og:title\" content=\"\u017dem\u0117lapio kompasas \u201eTerraX PRO\u201c\" \/>\n<meta property=\"og:description\" content=\"\u017dem\u0117lapio kompasas \u201eTerraX PRO\u201c \u2013 patikimas pasirinkimas kiekvienam \u017eygeiviui ir orientacininkui. Masteliai ir didinamasis stiklas \u2013 viskas, ko reikia navigacijai gamtoje.\" \/>\n<meta property=\"og:url\" content=\"https:\/\/toidupakk.ee\/lt\/toode\/zemelapio-kompasas-terrax-pro\/\" \/>\n<meta property=\"og:site_name\" content=\"Toidupakk.ee - Tactical Foodpack toidupakid\" \/>\n<meta property=\"article:publisher\" content=\"https:\/\/www.facebook.com\/Toidupakk\" \/>\n<meta property=\"article:modified_time\" content=\"2026-04-29T13:30:37+00:00\" \/>\n<meta property=\"og:image\" content=\"https:\/\/toidupakk.ee\/wp-content\/uploads\/2025\/06\/Kaardikompass-TerraX-PRO1.png\" \/>\n\t<meta property=\"og:image:width\" content=\"800\" \/>\n\t<meta property=\"og:image:height\" content=\"800\" \/>\n\t<meta property=\"og:image:type\" content=\"image\/png\" \/>\n<meta name=\"twitter:card\" content=\"summary_large_image\" \/>\n<meta name=\"twitter:label1\" content=\"Est. reading time\" \/>\n\t<meta name=\"twitter:data1\" content=\"2 minut\u0117s\" \/>\n<script type=\"application\/ld+json\" class=\"yoast-schema-graph\">{\"@context\":\"https:\\\/\\\/schema.org\",\"@graph\":[{\"@type\":\"WebPage\",\"@id\":\"https:\\\/\\\/toidupakk.ee\\\/lt\\\/toode\\\/zemelapio-kompasas-terrax-pro\\\/\",\"url\":\"https:\\\/\\\/toidupakk.ee\\\/lt\\\/toode\\\/zemelapio-kompasas-terrax-pro\\\/\",\"name\":\"\u017dem\u0117lapio kompasas \u201eTerraX PRO\u201c\",\"isPartOf\":{\"@id\":\"https:\\\/\\\/toidupakk.ee\\\/lt\\\/#website\"},\"primaryImageOfPage\":{\"@id\":\"https:\\\/\\\/toidupakk.ee\\\/lt\\\/toode\\\/zemelapio-kompasas-terrax-pro\\\/#primaryimage\"},\"image\":{\"@id\":\"https:\\\/\\\/toidupakk.ee\\\/lt\\\/toode\\\/zemelapio-kompasas-terrax-pro\\\/#primaryimage\"},\"thumbnailUrl\":\"https:\\\/\\\/toidupakk.ee\\\/wp-content\\\/uploads\\\/2025\\\/06\\\/Kaardikompass-TerraX-PRO1.png\",\"datePublished\":\"2025-06-05T10:32:45+00:00\",\"dateModified\":\"2026-04-29T13:30:37+00:00\",\"description\":\"\u017dem\u0117lapio kompasas \u201eTerraX PRO\u201c \u2013 patikimas pasirinkimas kiekvienam \u017eygeiviui ir orientacininkui. Masteliai ir didinamasis stiklas \u2013 viskas, ko reikia navigacijai gamtoje.\",\"breadcrumb\":{\"@id\":\"https:\\\/\\\/toidupakk.ee\\\/lt\\\/toode\\\/zemelapio-kompasas-terrax-pro\\\/#breadcrumb\"},\"inLanguage\":\"lt-LT\",\"potentialAction\":[{\"@type\":\"ReadAction\",\"target\":[\"https:\\\/\\\/toidupakk.ee\\\/lt\\\/toode\\\/zemelapio-kompasas-terrax-pro\\\/\"]}]},{\"@type\":\"ImageObject\",\"inLanguage\":\"lt-LT\",\"@id\":\"https:\\\/\\\/toidupakk.ee\\\/lt\\\/toode\\\/zemelapio-kompasas-terrax-pro\\\/#primaryimage\",\"url\":\"https:\\\/\\\/toidupakk.ee\\\/wp-content\\\/uploads\\\/2025\\\/06\\\/Kaardikompass-TerraX-PRO1.png\",\"contentUrl\":\"https:\\\/\\\/toidupakk.ee\\\/wp-content\\\/uploads\\\/2025\\\/06\\\/Kaardikompass-TerraX-PRO1.png\",\"width\":800,\"height\":800,\"caption\":\"kaardikompass kaardit\u00f6\u00f6 jaoks v\u00f5i orienteerumiseks\"},{\"@type\":\"BreadcrumbList\",\"@id\":\"https:\\\/\\\/toidupakk.ee\\\/lt\\\/toode\\\/zemelapio-kompasas-terrax-pro\\\/#breadcrumb\",\"itemListElement\":[{\"@type\":\"ListItem\",\"position\":1,\"name\":\"Avaleht\",\"item\":\"https:\\\/\\\/toidupakk.ee\\\/lt\\\/\"},{\"@type\":\"ListItem\",\"position\":2,\"name\":\"El. parduotuv\u0117\",\"item\":\"https:\\\/\\\/toidupakk.ee\\\/lt\\\/el-parduotuve\\\/\"},{\"@type\":\"ListItem\",\"position\":3,\"name\":\"\u017dem\u0117lapio kompasas \u201eTerraX PRO\u201c\"}]},{\"@type\":\"WebSite\",\"@id\":\"https:\\\/\\\/toidupakk.ee\\\/lt\\\/#website\",\"url\":\"https:\\\/\\\/toidupakk.ee\\\/lt\\\/\",\"name\":\"Toidupakk.ee - Tactical Foodpack toidupakid\",\"description\":\"Tactical Foodpack k\u00fclmkuivatatud toidupakid ja matkaeined\",\"publisher\":{\"@id\":\"https:\\\/\\\/toidupakk.ee\\\/lt\\\/#organization\"},\"potentialAction\":[{\"@type\":\"SearchAction\",\"target\":{\"@type\":\"EntryPoint\",\"urlTemplate\":\"https:\\\/\\\/toidupakk.ee\\\/lt\\\/?s={search_term_string}\"},\"query-input\":{\"@type\":\"PropertyValueSpecification\",\"valueRequired\":true,\"valueName\":\"search_term_string\"}}],\"inLanguage\":\"lt-LT\"},{\"@type\":\"Organization\",\"@id\":\"https:\\\/\\\/toidupakk.ee\\\/lt\\\/#organization\",\"name\":\"Tactical Foodpack matkaeined\",\"url\":\"https:\\\/\\\/toidupakk.ee\\\/lt\\\/\",\"logo\":{\"@type\":\"ImageObject\",\"inLanguage\":\"lt-LT\",\"@id\":\"https:\\\/\\\/toidupakk.ee\\\/lt\\\/#\\\/schema\\\/logo\\\/image\\\/\",\"url\":\"https:\\\/\\\/toidupakk.ee\\\/wp-content\\\/uploads\\\/2022\\\/01\\\/Toidupakk-matkapood-logo-transparent.png\",\"contentUrl\":\"https:\\\/\\\/toidupakk.ee\\\/wp-content\\\/uploads\\\/2022\\\/01\\\/Toidupakk-matkapood-logo-transparent.png\",\"width\":500,\"height\":500,\"caption\":\"Tactical Foodpack matkaeined\"},\"image\":{\"@id\":\"https:\\\/\\\/toidupakk.ee\\\/lt\\\/#\\\/schema\\\/logo\\\/image\\\/\"},\"sameAs\":[\"https:\\\/\\\/www.facebook.com\\\/Toidupakk\",\"https:\\\/\\\/www.instagram.com\\\/toidupakk\\\/\"]}]}<\/script>\n<!-- \/ Yoast SEO plugin. -->","yoast_head_json":{"title":"\u017dem\u0117lapio kompasas \u201eTerraX PRO\u201c","description":"\u017dem\u0117lapio kompasas \u201eTerraX PRO\u201c \u2013 patikimas pasirinkimas kiekvienam \u017eygeiviui ir orientacininkui. Masteliai ir didinamasis stiklas \u2013 viskas, ko reikia navigacijai gamtoje.","robots":{"index":"index","follow":"follow","max-snippet":"max-snippet:-1","max-image-preview":"max-image-preview:large","max-video-preview":"max-video-preview:-1"},"canonical":"https:\/\/toidupakk.ee\/lt\/toode\/zemelapio-kompasas-terrax-pro\/","og_locale":"lt_LT","og_type":"article","og_title":"\u017dem\u0117lapio kompasas \u201eTerraX PRO\u201c","og_description":"\u017dem\u0117lapio kompasas \u201eTerraX PRO\u201c \u2013 patikimas pasirinkimas kiekvienam \u017eygeiviui ir orientacininkui. Masteliai ir didinamasis stiklas \u2013 viskas, ko reikia navigacijai gamtoje.","og_url":"https:\/\/toidupakk.ee\/lt\/toode\/zemelapio-kompasas-terrax-pro\/","og_site_name":"Toidupakk.ee - Tactical Foodpack toidupakid","article_publisher":"https:\/\/www.facebook.com\/Toidupakk","article_modified_time":"2026-04-29T13:30:37+00:00","og_image":[{"width":800,"height":800,"url":"https:\/\/toidupakk.ee\/wp-content\/uploads\/2025\/06\/Kaardikompass-TerraX-PRO1.png","type":"image\/png"}],"twitter_card":"summary_large_image","twitter_misc":{"Est. reading time":"2 minut\u0117s"},"schema":{"@context":"https:\/\/schema.org","@graph":[{"@type":"WebPage","@id":"https:\/\/toidupakk.ee\/lt\/toode\/zemelapio-kompasas-terrax-pro\/","url":"https:\/\/toidupakk.ee\/lt\/toode\/zemelapio-kompasas-terrax-pro\/","name":"\u017dem\u0117lapio kompasas \u201eTerraX PRO\u201c","isPartOf":{"@id":"https:\/\/toidupakk.ee\/lt\/#website"},"primaryImageOfPage":{"@id":"https:\/\/toidupakk.ee\/lt\/toode\/zemelapio-kompasas-terrax-pro\/#primaryimage"},"image":{"@id":"https:\/\/toidupakk.ee\/lt\/toode\/zemelapio-kompasas-terrax-pro\/#primaryimage"},"thumbnailUrl":"https:\/\/toidupakk.ee\/wp-content\/uploads\/2025\/06\/Kaardikompass-TerraX-PRO1.png","datePublished":"2025-06-05T10:32:45+00:00","dateModified":"2026-04-29T13:30:37+00:00","description":"\u017dem\u0117lapio kompasas \u201eTerraX PRO\u201c \u2013 patikimas pasirinkimas kiekvienam \u017eygeiviui ir orientacininkui. Masteliai ir didinamasis stiklas \u2013 viskas, ko reikia navigacijai gamtoje.","breadcrumb":{"@id":"https:\/\/toidupakk.ee\/lt\/toode\/zemelapio-kompasas-terrax-pro\/#breadcrumb"},"inLanguage":"lt-LT","potentialAction":[{"@type":"ReadAction","target":["https:\/\/toidupakk.ee\/lt\/toode\/zemelapio-kompasas-terrax-pro\/"]}]},{"@type":"ImageObject","inLanguage":"lt-LT","@id":"https:\/\/toidupakk.ee\/lt\/toode\/zemelapio-kompasas-terrax-pro\/#primaryimage","url":"https:\/\/toidupakk.ee\/wp-content\/uploads\/2025\/06\/Kaardikompass-TerraX-PRO1.png","contentUrl":"https:\/\/toidupakk.ee\/wp-content\/uploads\/2025\/06\/Kaardikompass-TerraX-PRO1.png","width":800,"height":800,"caption":"kaardikompass kaardit\u00f6\u00f6 jaoks v\u00f5i orienteerumiseks"},{"@type":"BreadcrumbList","@id":"https:\/\/toidupakk.ee\/lt\/toode\/zemelapio-kompasas-terrax-pro\/#breadcrumb","itemListElement":[{"@type":"ListItem","position":1,"name":"Avaleht","item":"https:\/\/toidupakk.ee\/lt\/"},{"@type":"ListItem","position":2,"name":"El. parduotuv\u0117","item":"https:\/\/toidupakk.ee\/lt\/el-parduotuve\/"},{"@type":"ListItem","position":3,"name":"\u017dem\u0117lapio kompasas \u201eTerraX PRO\u201c"}]},{"@type":"WebSite","@id":"https:\/\/toidupakk.ee\/lt\/#website","url":"https:\/\/toidupakk.ee\/lt\/","name":"Toidupakk.ee - Tactical Foodpack toidupakid","description":"Tactical Foodpack k\u00fclmkuivatatud toidupakid ja matkaeined","publisher":{"@id":"https:\/\/toidupakk.ee\/lt\/#organization"},"potentialAction":[{"@type":"SearchAction","target":{"@type":"EntryPoint","urlTemplate":"https:\/\/toidupakk.ee\/lt\/?s={search_term_string}"},"query-input":{"@type":"PropertyValueSpecification","valueRequired":true,"valueName":"search_term_string"}}],"inLanguage":"lt-LT"},{"@type":"Organization","@id":"https:\/\/toidupakk.ee\/lt\/#organization","name":"Tactical Foodpack matkaeined","url":"https:\/\/toidupakk.ee\/lt\/","logo":{"@type":"ImageObject","inLanguage":"lt-LT","@id":"https:\/\/toidupakk.ee\/lt\/#\/schema\/logo\/image\/","url":"https:\/\/toidupakk.ee\/wp-content\/uploads\/2022\/01\/Toidupakk-matkapood-logo-transparent.png","contentUrl":"https:\/\/toidupakk.ee\/wp-content\/uploads\/2022\/01\/Toidupakk-matkapood-logo-transparent.png","width":500,"height":500,"caption":"Tactical Foodpack matkaeined"},"image":{"@id":"https:\/\/toidupakk.ee\/lt\/#\/schema\/logo\/image\/"},"sameAs":["https:\/\/www.facebook.com\/Toidupakk","https:\/\/www.instagram.com\/toidupakk\/"]}]}},"jetpack_sharing_enabled":true,"_links":{"self":[{"href":"https:\/\/toidupakk.ee\/lt\/wp-json\/wp\/v2\/product\/46005","targetHints":{"allow":["GET"]}}],"collection":[{"href":"https:\/\/toidupakk.ee\/lt\/wp-json\/wp\/v2\/product"}],"about":[{"href":"https:\/\/toidupakk.ee\/lt\/wp-json\/wp\/v2\/types\/product"}],"replies":[{"embeddable":true,"href":"https:\/\/toidupakk.ee\/lt\/wp-json\/wp\/v2\/comments?post=46005"}],"wp:featuredmedia":[{"embeddable":true,"href":"https:\/\/toidupakk.ee\/lt\/wp-json\/wp\/v2\/media\/35888"}],"wp:attachment":[{"href":"https:\/\/toidupakk.ee\/lt\/wp-json\/wp\/v2\/media?parent=46005"}],"wp:term":[{"taxonomy":"product_brand","embeddable":true,"href":"https:\/\/toidupakk.ee\/lt\/wp-json\/wp\/v2\/product_brand?post=46005"},{"taxonomy":"product_cat","embeddable":true,"href":"https:\/\/toidupakk.ee\/lt\/wp-json\/wp\/v2\/product_cat?post=46005"},{"taxonomy":"product_tag","embeddable":true,"href":"https:\/\/toidupakk.ee\/lt\/wp-json\/wp\/v2\/product_tag?post=46005"}],"curies":[{"name":"wp","href":"https:\/\/api.w.org\/{rel}","templated":true}]}}