{"id":45985,"date":"2025-06-16T14:30:51","date_gmt":"2025-06-16T11:30:51","guid":{"rendered":"https:\/\/toidupakk.ee\/toode\/super-sausainis-strength-su-suria-karamele\/"},"modified":"2026-04-14T11:30:43","modified_gmt":"2026-04-14T08:30:43","slug":"super-sausainis-strength-su-suria-karamele","status":"publish","type":"product","link":"https:\/\/toidupakk.ee\/lt\/toode\/super-sausainis-strength-su-suria-karamele\/","title":{"rendered":"Super sausainis STRENGTH su s\u016bria karamele"},"content":{"rendered":"<h3 data-start=\"171\" data-end=\"245\">Super sausainis STRENGTH su s\u016bria karamele \u2013 s\u0105moningas pasirinkimas darbingai dienai<\/h3>\n<p data-start=\"247\" data-end=\"567\">Super sausainis STRENGTH su s\u016bria karamele yra puikus sveikas u\u017ekandis tiems, kurie nori apr\u016bpinti k\u016bn\u0105 naudingomis med\u017eiagomis be nereikaling\u0173 pried\u0173. \u0160is skanus sausainis sujungia sodr\u0173 s\u016brios karamel\u0117s skon\u012f ir maisting\u0105 sud\u0117t\u012f, tod\u0117l tai idealus u\u017ekandis tarp darb\u0173, treniruo\u010di\u0173 ar kasdieni\u0173 veikl\u0173. <\/p>\n<p data-start=\"569\" data-end=\"887\">Sausainyje gausu <strong data-start=\"597\" data-end=\"624\">avi\u017eini\u0173 dribsni\u0173 ir datuli\u0173<\/strong>, kurie suteikia nat\u016bralios energijos bei apr\u016bpina k\u016bn\u0105 skaidulomis ir mineralais. Kiekviename k\u0105snyje yra augalini\u0173 baltym\u0173, padedan\u010di\u0173 atsistatyti raumenims ir ilgiau i\u0161laikan\u010di\u0173 sotumo jausm\u0105. Puikus pasirinkimas, jei nori sveiko, bet kartu ir skanaus u\u017ekand\u017eio.  <\/p>\n<p data-start=\"569\" data-end=\"887\"><img fetchpriority=\"high\" decoding=\"async\" class=\"alignnone wp-image-36355 size-thumbnail\" src=\"https:\/\/toidupakk.ee\/wp-content\/uploads\/2025\/06\/greenbite0755_huge-500x500.webp\" alt=\"Super sausainis STRENGTH su s\u016bria karamele\" width=\"500\" height=\"500\" srcset=\"https:\/\/toidupakk.ee\/wp-content\/uploads\/2025\/06\/greenbite0755_huge-500x500.webp 500w, https:\/\/toidupakk.ee\/wp-content\/uploads\/2025\/06\/greenbite0755_huge-300x300.webp 300w, https:\/\/toidupakk.ee\/wp-content\/uploads\/2025\/06\/greenbite0755_huge-400x400.webp 400w, https:\/\/toidupakk.ee\/wp-content\/uploads\/2025\/06\/greenbite0755_huge-100x100.webp 100w\" sizes=\"(max-width: 500px) 100vw, 500px\" \/><\/p>\n<h3 data-start=\"889\" data-end=\"928\">Stiprus turinys \u2013 i\u0161 \u0161vari\u0173 ingredient\u0173<\/h3>\n<p data-start=\"930\" data-end=\"1307\">STRENGTH super sausainis n\u0117ra tiesiog sveikas u\u017ekandis \u2013 jis kruop\u0161\u010diai sukurtas siekiant pasi\u016blyti geriausi\u0105 mitybos ir skonio pusiausvyr\u0105. Jis yra <strong data-start=\"1073\" data-end=\"1098\">vegani\u0161kas ir be glitimo<\/strong>, be prid\u0117tinio cukraus ir tinka daugeliui \u017emoni\u0173, turin\u010di\u0173 \u012fvairi\u0173 mitybos poreiki\u0173. S\u016brios karamel\u0117s skonis kiekvienam k\u0105sniui suteikia prabangos atspalv\u012f, nereikalaujant joki\u0173 nuolaid\u0173 tavo mitybai.  <\/p>\n<h3 data-start=\"1309\" data-end=\"1358\">Pasirinkimas, kuris r\u016bpinasi tavo sveikata ir gamta<\/h3>\n<p data-start=\"1360\" data-end=\"1621\">Pasirinkdamas STRENGTH super sausain\u012f, <strong data-start=\"1393\" data-end=\"1449\">prisidedi prie aplink\u0105 tausojan\u010dios ir s\u0105moningos mitybos<\/strong>. U\u017euot palaik\u0119s daug i\u0161tekli\u0173 reikalaujant\u012f gyv\u016bnin\u0117s kilm\u0117s baltym\u0173 \u0161altin\u012f, renkiesi <strong data-start=\"1522\" data-end=\"1563\">augalin\u012f ir planetai draugi\u0161k\u0105 variant\u0105<\/strong>, kuris maitina tavo k\u016bn\u0105 ir padeda saugoti m\u016bs\u0173 aplink\u0105. <\/p>\n<p data-start=\"1360\" data-end=\"1621\"><img decoding=\"async\" class=\"alignnone wp-image-36354 size-thumbnail\" src=\"https:\/\/toidupakk.ee\/wp-content\/uploads\/2025\/06\/greenbite0880_large-500x500.webp\" alt=\"Super sausainis POWER-UP su \u017eem\u0117s rie\u0161utais, Super sausainis STRENGTH su s\u016bria karamele, Super sausainis POWER su \u0161okoladu ir kokosu \" width=\"500\" height=\"500\" srcset=\"https:\/\/toidupakk.ee\/wp-content\/uploads\/2025\/06\/greenbite0880_large-500x500.webp 500w, https:\/\/toidupakk.ee\/wp-content\/uploads\/2025\/06\/greenbite0880_large-300x300.webp 300w, https:\/\/toidupakk.ee\/wp-content\/uploads\/2025\/06\/greenbite0880_large-400x400.webp 400w, https:\/\/toidupakk.ee\/wp-content\/uploads\/2025\/06\/greenbite0880_large-100x100.webp 100w\" sizes=\"(max-width: 500px) 100vw, 500px\" \/><\/p>\n<p data-start=\"1623\" data-end=\"1773\" data-is-last-node=\"\" data-is-only-node=\"\">Patraukli pakuot\u0117, subalansuota sud\u0117tis ir energijos suteikiantis turinys \u2013 \u0161is sausainis yra idealus pasirinkimas tiems, kurie juda, stengiasi ir m\u0105sto pla\u010diai.<\/p>\n<p>Domiesi \u017eygio reikmenimis? Su\u017einok daugiau  <a href=\"https:\/\/toidupakk.ee\/lt\/tootekategooria\/zygio-iranga\/#section-3-79\">\u010cIA<\/a><\/p>\n<p>O gal domina \u017eygio maistas? \u017di\u016br\u0117k <a href=\"https:\/\/toidupakk.ee\/lt\/tootekategooria\/pagrindiniai-patiekalai\/\">\u010cIA<\/a><\/p>\n<p>Pasisemk \u012fkv\u0117pimo kitiems nuotykiams \u201eToidupakk\u201c <a href=\"https:\/\/www.instagram.com\/toidupakk\/\">Instagram<\/a> ir <a href=\"https:\/\/www.facebook.com\/Toidupakk\/\">Facebook<\/a> paskyrose.<\/p>\n","protected":false},"excerpt":{"rendered":"<p data-start=\"126\" data-end=\"169\"><strong>Super sausainis STRENGTH su s\u016bria karamele \u2013 augalinis ir baltym\u0173 gausus super sausainis, sujungiantis sodr\u0173 s\u016brios karamel\u0117s skon\u012f ir maisting\u0105 sud\u0117t\u012f. Idealiai tinka greitam u\u017ekand\u017eiui ar atsistatymui po treniruot\u0117s. Sausainyje yra sveik\u0173 avi\u017eini\u0173 dribsni\u0173, datuli\u0173 ir augalini\u0173 baltym\u0173, suteikian\u010di\u0173 energijos ir j\u0117g\u0173 bet kurioje situacijoje. Pasirinkdamas Strength super sausain\u012f, priimi aplinkai draugi\u0161k\u0105 sprendim\u0105 \u2013 vietoj tradicin\u0117s gyvulininkyst\u0117s palaikai \u0161vari\u0173 ir sveik\u0173 baltym\u0173 gamyb\u0105 bei renkiesi i\u0161teklius tausojan\u010dius baltymus, kurie tinka tiek tau, tiek planetai.   <\/strong><\/p>\n<ul>\n<li data-start=\"685\" data-end=\"947\">18 g augalini\u0173 baltym\u0173 100 gram\u0173<\/li>\n<li data-start=\"685\" data-end=\"947\">Sveiki avi\u017einiai dribsniai ir datul\u0117s<\/li>\n<li data-start=\"685\" data-end=\"947\">S\u016brios karamel\u0117s skonis<\/li>\n<li data-start=\"685\" data-end=\"947\">Vegani\u0161kas ir be glitimo<\/li>\n<li data-start=\"685\" data-end=\"947\">Be prid\u0117tinio cukraus<\/li>\n<li data-start=\"685\" data-end=\"947\">Draugi\u0161kas aplinkai ir tvarus pasirinkimas<\/li>\n<li data-start=\"685\" data-end=\"947\">Tinka sportininkams ir aktyviam gyvenimo b\u016bdui<\/li>\n<li data-start=\"685\" data-end=\"947\">Idealus u\u017ekandis bet kuriuo metu<\/li>\n<\/ul>\n<p data-start=\"949\" data-end=\"996\" data-is-last-node=\"\" data-is-only-node=\"\">\u2705 Turime sand\u0117lyje, greitas pristatymas per 1\u20133 darbo dienas<\/p>\n","protected":false},"featured_media":36353,"comment_status":"open","ping_status":"closed","template":"","meta":{"_acf_changed":false},"product_brand":[],"product_cat":[214,215,213,189,190],"product_tag":[194],"class_list":{"0":"post-45985","1":"product","2":"type-product","3":"status-publish","4":"has-post-thumbnail","6":"product_cat-energijos-batoneliai","7":"product_cat-svirpliu-uzkandziai","8":"product_cat-uzkandziai","9":"product_cat-zygio-iranga","10":"product_cat-zygio-prekes","11":"product_tag-no_ads","13":"first","14":"instock","15":"taxable","16":"shipping-taxable","17":"purchasable","18":"product-type-simple"},"bundled_by":[],"bundle_stock_status":"instock","bundle_stock_quantity":20,"bundle_virtual":false,"bundle_layout":"","bundle_add_to_cart_form_location":"","bundle_editable_in_cart":false,"bundle_sold_individually_context":"","bundle_item_grouping":"","bundle_min_size":"","bundle_max_size":"","bundle_price":[],"bundled_items":[],"bundle_sell_ids":[],"acf":[],"yoast_head":"<!-- This site is optimized with the Yoast SEO plugin v27.3 - https:\/\/yoast.com\/product\/yoast-seo-wordpress\/ -->\n<title>Super sausainis STRENGTH su s\u016bria karamele<\/title>\n<meta name=\"description\" content=\"Super sausainis STRENGTH su s\u016bria karamele \u2013 baltym\u0173 gausus u\u017ekandis. Vegani\u0161kas, be glitimo ir draugi\u0161kas aplinkai pasirinkimas kiekvienai aktyviai dienai.\" \/>\n<meta name=\"robots\" content=\"index, follow, max-snippet:-1, max-image-preview:large, max-video-preview:-1\" \/>\n<link rel=\"canonical\" href=\"https:\/\/toidupakk.ee\/lt\/toode\/super-sausainis-strength-su-suria-karamele\/\" \/>\n<meta property=\"og:locale\" content=\"lt_LT\" \/>\n<meta property=\"og:type\" content=\"article\" \/>\n<meta property=\"og:title\" content=\"Super sausainis STRENGTH su s\u016bria karamele\" \/>\n<meta property=\"og:description\" content=\"Super sausainis STRENGTH su s\u016bria karamele \u2013 baltym\u0173 gausus u\u017ekandis. Vegani\u0161kas, be glitimo ir draugi\u0161kas aplinkai pasirinkimas kiekvienai aktyviai dienai.\" \/>\n<meta property=\"og:url\" content=\"https:\/\/toidupakk.ee\/lt\/toode\/super-sausainis-strength-su-suria-karamele\/\" \/>\n<meta property=\"og:site_name\" content=\"Toidupakk.ee - Tactical Foodpack toidupakid\" \/>\n<meta property=\"article:publisher\" content=\"https:\/\/www.facebook.com\/Toidupakk\" \/>\n<meta property=\"article:modified_time\" content=\"2026-04-14T08:30:43+00:00\" \/>\n<meta property=\"og:image\" content=\"https:\/\/toidupakk.ee\/wp-content\/uploads\/2025\/06\/Nimetu-kujundus-19-1.png\" \/>\n\t<meta property=\"og:image:width\" content=\"800\" \/>\n\t<meta property=\"og:image:height\" content=\"800\" \/>\n\t<meta property=\"og:image:type\" content=\"image\/png\" \/>\n<meta name=\"twitter:card\" content=\"summary_large_image\" \/>\n<meta name=\"twitter:label1\" content=\"Est. reading time\" \/>\n\t<meta name=\"twitter:data1\" content=\"1 minut\u0117\" \/>\n<script type=\"application\/ld+json\" class=\"yoast-schema-graph\">{\"@context\":\"https:\\\/\\\/schema.org\",\"@graph\":[{\"@type\":\"WebPage\",\"@id\":\"https:\\\/\\\/toidupakk.ee\\\/lt\\\/toode\\\/super-sausainis-strength-su-suria-karamele\\\/\",\"url\":\"https:\\\/\\\/toidupakk.ee\\\/lt\\\/toode\\\/super-sausainis-strength-su-suria-karamele\\\/\",\"name\":\"Super sausainis STRENGTH su s\u016bria karamele\",\"isPartOf\":{\"@id\":\"https:\\\/\\\/toidupakk.ee\\\/lt\\\/#website\"},\"primaryImageOfPage\":{\"@id\":\"https:\\\/\\\/toidupakk.ee\\\/lt\\\/toode\\\/super-sausainis-strength-su-suria-karamele\\\/#primaryimage\"},\"image\":{\"@id\":\"https:\\\/\\\/toidupakk.ee\\\/lt\\\/toode\\\/super-sausainis-strength-su-suria-karamele\\\/#primaryimage\"},\"thumbnailUrl\":\"https:\\\/\\\/toidupakk.ee\\\/wp-content\\\/uploads\\\/2025\\\/06\\\/Nimetu-kujundus-19-1.png\",\"datePublished\":\"2025-06-16T11:30:51+00:00\",\"dateModified\":\"2026-04-14T08:30:43+00:00\",\"description\":\"Super sausainis STRENGTH su s\u016bria karamele \u2013 baltym\u0173 gausus u\u017ekandis. Vegani\u0161kas, be glitimo ir draugi\u0161kas aplinkai pasirinkimas kiekvienai aktyviai dienai.\",\"breadcrumb\":{\"@id\":\"https:\\\/\\\/toidupakk.ee\\\/lt\\\/toode\\\/super-sausainis-strength-su-suria-karamele\\\/#breadcrumb\"},\"inLanguage\":\"lt-LT\",\"potentialAction\":[{\"@type\":\"ReadAction\",\"target\":[\"https:\\\/\\\/toidupakk.ee\\\/lt\\\/toode\\\/super-sausainis-strength-su-suria-karamele\\\/\"]}]},{\"@type\":\"ImageObject\",\"inLanguage\":\"lt-LT\",\"@id\":\"https:\\\/\\\/toidupakk.ee\\\/lt\\\/toode\\\/super-sausainis-strength-su-suria-karamele\\\/#primaryimage\",\"url\":\"https:\\\/\\\/toidupakk.ee\\\/wp-content\\\/uploads\\\/2025\\\/06\\\/Nimetu-kujundus-19-1.png\",\"contentUrl\":\"https:\\\/\\\/toidupakk.ee\\\/wp-content\\\/uploads\\\/2025\\\/06\\\/Nimetu-kujundus-19-1.png\",\"width\":800,\"height\":800},{\"@type\":\"BreadcrumbList\",\"@id\":\"https:\\\/\\\/toidupakk.ee\\\/lt\\\/toode\\\/super-sausainis-strength-su-suria-karamele\\\/#breadcrumb\",\"itemListElement\":[{\"@type\":\"ListItem\",\"position\":1,\"name\":\"Avaleht\",\"item\":\"https:\\\/\\\/toidupakk.ee\\\/lt\\\/\"},{\"@type\":\"ListItem\",\"position\":2,\"name\":\"El. parduotuv\u0117\",\"item\":\"https:\\\/\\\/toidupakk.ee\\\/lt\\\/el-parduotuve\\\/\"},{\"@type\":\"ListItem\",\"position\":3,\"name\":\"Super sausainis STRENGTH su s\u016bria karamele\"}]},{\"@type\":\"WebSite\",\"@id\":\"https:\\\/\\\/toidupakk.ee\\\/lt\\\/#website\",\"url\":\"https:\\\/\\\/toidupakk.ee\\\/lt\\\/\",\"name\":\"Toidupakk.ee - Tactical Foodpack toidupakid\",\"description\":\"Tactical Foodpack k\u00fclmkuivatatud toidupakid ja matkaeined\",\"publisher\":{\"@id\":\"https:\\\/\\\/toidupakk.ee\\\/lt\\\/#organization\"},\"potentialAction\":[{\"@type\":\"SearchAction\",\"target\":{\"@type\":\"EntryPoint\",\"urlTemplate\":\"https:\\\/\\\/toidupakk.ee\\\/lt\\\/?s={search_term_string}\"},\"query-input\":{\"@type\":\"PropertyValueSpecification\",\"valueRequired\":true,\"valueName\":\"search_term_string\"}}],\"inLanguage\":\"lt-LT\"},{\"@type\":\"Organization\",\"@id\":\"https:\\\/\\\/toidupakk.ee\\\/lt\\\/#organization\",\"name\":\"Tactical Foodpack matkaeined\",\"url\":\"https:\\\/\\\/toidupakk.ee\\\/lt\\\/\",\"logo\":{\"@type\":\"ImageObject\",\"inLanguage\":\"lt-LT\",\"@id\":\"https:\\\/\\\/toidupakk.ee\\\/lt\\\/#\\\/schema\\\/logo\\\/image\\\/\",\"url\":\"https:\\\/\\\/toidupakk.ee\\\/wp-content\\\/uploads\\\/2022\\\/01\\\/Toidupakk-matkapood-logo-transparent.png\",\"contentUrl\":\"https:\\\/\\\/toidupakk.ee\\\/wp-content\\\/uploads\\\/2022\\\/01\\\/Toidupakk-matkapood-logo-transparent.png\",\"width\":500,\"height\":500,\"caption\":\"Tactical Foodpack matkaeined\"},\"image\":{\"@id\":\"https:\\\/\\\/toidupakk.ee\\\/lt\\\/#\\\/schema\\\/logo\\\/image\\\/\"},\"sameAs\":[\"https:\\\/\\\/www.facebook.com\\\/Toidupakk\",\"https:\\\/\\\/www.instagram.com\\\/toidupakk\\\/\"]}]}<\/script>\n<!-- \/ Yoast SEO plugin. -->","yoast_head_json":{"title":"Super sausainis STRENGTH su s\u016bria karamele","description":"Super sausainis STRENGTH su s\u016bria karamele \u2013 baltym\u0173 gausus u\u017ekandis. Vegani\u0161kas, be glitimo ir draugi\u0161kas aplinkai pasirinkimas kiekvienai aktyviai dienai.","robots":{"index":"index","follow":"follow","max-snippet":"max-snippet:-1","max-image-preview":"max-image-preview:large","max-video-preview":"max-video-preview:-1"},"canonical":"https:\/\/toidupakk.ee\/lt\/toode\/super-sausainis-strength-su-suria-karamele\/","og_locale":"lt_LT","og_type":"article","og_title":"Super sausainis STRENGTH su s\u016bria karamele","og_description":"Super sausainis STRENGTH su s\u016bria karamele \u2013 baltym\u0173 gausus u\u017ekandis. Vegani\u0161kas, be glitimo ir draugi\u0161kas aplinkai pasirinkimas kiekvienai aktyviai dienai.","og_url":"https:\/\/toidupakk.ee\/lt\/toode\/super-sausainis-strength-su-suria-karamele\/","og_site_name":"Toidupakk.ee - Tactical Foodpack toidupakid","article_publisher":"https:\/\/www.facebook.com\/Toidupakk","article_modified_time":"2026-04-14T08:30:43+00:00","og_image":[{"width":800,"height":800,"url":"https:\/\/toidupakk.ee\/wp-content\/uploads\/2025\/06\/Nimetu-kujundus-19-1.png","type":"image\/png"}],"twitter_card":"summary_large_image","twitter_misc":{"Est. reading time":"1 minut\u0117"},"schema":{"@context":"https:\/\/schema.org","@graph":[{"@type":"WebPage","@id":"https:\/\/toidupakk.ee\/lt\/toode\/super-sausainis-strength-su-suria-karamele\/","url":"https:\/\/toidupakk.ee\/lt\/toode\/super-sausainis-strength-su-suria-karamele\/","name":"Super sausainis STRENGTH su s\u016bria karamele","isPartOf":{"@id":"https:\/\/toidupakk.ee\/lt\/#website"},"primaryImageOfPage":{"@id":"https:\/\/toidupakk.ee\/lt\/toode\/super-sausainis-strength-su-suria-karamele\/#primaryimage"},"image":{"@id":"https:\/\/toidupakk.ee\/lt\/toode\/super-sausainis-strength-su-suria-karamele\/#primaryimage"},"thumbnailUrl":"https:\/\/toidupakk.ee\/wp-content\/uploads\/2025\/06\/Nimetu-kujundus-19-1.png","datePublished":"2025-06-16T11:30:51+00:00","dateModified":"2026-04-14T08:30:43+00:00","description":"Super sausainis STRENGTH su s\u016bria karamele \u2013 baltym\u0173 gausus u\u017ekandis. Vegani\u0161kas, be glitimo ir draugi\u0161kas aplinkai pasirinkimas kiekvienai aktyviai dienai.","breadcrumb":{"@id":"https:\/\/toidupakk.ee\/lt\/toode\/super-sausainis-strength-su-suria-karamele\/#breadcrumb"},"inLanguage":"lt-LT","potentialAction":[{"@type":"ReadAction","target":["https:\/\/toidupakk.ee\/lt\/toode\/super-sausainis-strength-su-suria-karamele\/"]}]},{"@type":"ImageObject","inLanguage":"lt-LT","@id":"https:\/\/toidupakk.ee\/lt\/toode\/super-sausainis-strength-su-suria-karamele\/#primaryimage","url":"https:\/\/toidupakk.ee\/wp-content\/uploads\/2025\/06\/Nimetu-kujundus-19-1.png","contentUrl":"https:\/\/toidupakk.ee\/wp-content\/uploads\/2025\/06\/Nimetu-kujundus-19-1.png","width":800,"height":800},{"@type":"BreadcrumbList","@id":"https:\/\/toidupakk.ee\/lt\/toode\/super-sausainis-strength-su-suria-karamele\/#breadcrumb","itemListElement":[{"@type":"ListItem","position":1,"name":"Avaleht","item":"https:\/\/toidupakk.ee\/lt\/"},{"@type":"ListItem","position":2,"name":"El. parduotuv\u0117","item":"https:\/\/toidupakk.ee\/lt\/el-parduotuve\/"},{"@type":"ListItem","position":3,"name":"Super sausainis STRENGTH su s\u016bria karamele"}]},{"@type":"WebSite","@id":"https:\/\/toidupakk.ee\/lt\/#website","url":"https:\/\/toidupakk.ee\/lt\/","name":"Toidupakk.ee - Tactical Foodpack toidupakid","description":"Tactical Foodpack k\u00fclmkuivatatud toidupakid ja matkaeined","publisher":{"@id":"https:\/\/toidupakk.ee\/lt\/#organization"},"potentialAction":[{"@type":"SearchAction","target":{"@type":"EntryPoint","urlTemplate":"https:\/\/toidupakk.ee\/lt\/?s={search_term_string}"},"query-input":{"@type":"PropertyValueSpecification","valueRequired":true,"valueName":"search_term_string"}}],"inLanguage":"lt-LT"},{"@type":"Organization","@id":"https:\/\/toidupakk.ee\/lt\/#organization","name":"Tactical Foodpack matkaeined","url":"https:\/\/toidupakk.ee\/lt\/","logo":{"@type":"ImageObject","inLanguage":"lt-LT","@id":"https:\/\/toidupakk.ee\/lt\/#\/schema\/logo\/image\/","url":"https:\/\/toidupakk.ee\/wp-content\/uploads\/2022\/01\/Toidupakk-matkapood-logo-transparent.png","contentUrl":"https:\/\/toidupakk.ee\/wp-content\/uploads\/2022\/01\/Toidupakk-matkapood-logo-transparent.png","width":500,"height":500,"caption":"Tactical Foodpack matkaeined"},"image":{"@id":"https:\/\/toidupakk.ee\/lt\/#\/schema\/logo\/image\/"},"sameAs":["https:\/\/www.facebook.com\/Toidupakk","https:\/\/www.instagram.com\/toidupakk\/"]}]}},"jetpack_sharing_enabled":true,"_links":{"self":[{"href":"https:\/\/toidupakk.ee\/lt\/wp-json\/wp\/v2\/product\/45985","targetHints":{"allow":["GET"]}}],"collection":[{"href":"https:\/\/toidupakk.ee\/lt\/wp-json\/wp\/v2\/product"}],"about":[{"href":"https:\/\/toidupakk.ee\/lt\/wp-json\/wp\/v2\/types\/product"}],"replies":[{"embeddable":true,"href":"https:\/\/toidupakk.ee\/lt\/wp-json\/wp\/v2\/comments?post=45985"}],"wp:featuredmedia":[{"embeddable":true,"href":"https:\/\/toidupakk.ee\/lt\/wp-json\/wp\/v2\/media\/36353"}],"wp:attachment":[{"href":"https:\/\/toidupakk.ee\/lt\/wp-json\/wp\/v2\/media?parent=45985"}],"wp:term":[{"taxonomy":"product_brand","embeddable":true,"href":"https:\/\/toidupakk.ee\/lt\/wp-json\/wp\/v2\/product_brand?post=45985"},{"taxonomy":"product_cat","embeddable":true,"href":"https:\/\/toidupakk.ee\/lt\/wp-json\/wp\/v2\/product_cat?post=45985"},{"taxonomy":"product_tag","embeddable":true,"href":"https:\/\/toidupakk.ee\/lt\/wp-json\/wp\/v2\/product_tag?post=45985"}],"curies":[{"name":"wp","href":"https:\/\/api.w.org\/{rel}","templated":true}]}}