{"id":45975,"date":"2025-03-21T14:27:14","date_gmt":"2025-03-21T12:27:14","guid":{"rendered":"https:\/\/toidupakk.ee\/toode\/bcb-nestuvu-paklode\/"},"modified":"2026-04-14T23:01:40","modified_gmt":"2026-04-14T20:01:40","slug":"bcb-nestuvu-paklode","status":"publish","type":"product","link":"https:\/\/toidupakk.ee\/lt\/toode\/bcb-nestuvu-paklode\/","title":{"rendered":"BCB ne\u0161tuv\u0173 paklod\u0117"},"content":{"rendered":"<h2 data-start=\"118\" data-end=\"182\"><strong data-start=\"121\" data-end=\"180\">BCB Vital Emergency Aid Carry Sheet \u2013 avarin\u0117 ne\u0161tuv\u0173 paklod\u0117<\/strong><\/h2>\n<p data-start=\"184\" data-end=\"567\"><strong data-start=\"184\" data-end=\"209\">BCB avarin\u0117 ne\u0161tuv\u0173 paklod\u0117<\/strong> yra specialiai sukurta greitai ir saugiai evakuoti nevaik\u0161tan\u010dius pacientus i\u0161 pavojing\u0173 situacij\u0173. \u0160i <strong data-start=\"333\" data-end=\"346\">ne\u0161tuv\u0173 paklod\u0117<\/strong> yra b\u016btina \u012franga gelb\u0117jimo komandoms, pirmosios pagalbos brigadoms ir krizi\u0173 valdymo specialistams, si\u016blanti patvar\u0173 bei ergonomi\u0161k\u0105 sprendim\u0105 nukent\u0117jusiems gabenti sud\u0117tingomis s\u0105lygomis. Taip pat tai puikus pirmosios pagalbos rinkinio papildymas bet kokioms i\u0161vykoms ar \u017eygiams.  <\/p>\n<p data-start=\"184\" data-end=\"567\"><img fetchpriority=\"high\" decoding=\"async\" class=\"size-medium wp-image-33310 alignnone\" src=\"https:\/\/toidupakk.ee\/wp-content\/uploads\/2025\/03\/Nimetu-kujundus-300x300.png\" alt=\"\u201eBCB avarin\u0117 ne\u0161tuv\u0173 paklod\u0117 pakuot\u0117je \u2013 patvari ir kompakti\u0161ka paklod\u0117 nevaik\u0161tan\u010di\u0173 pacient\u0173 evakuacijai. I\u0161laiko iki 1 000 kg\" width=\"300\" height=\"300\" srcset=\"https:\/\/toidupakk.ee\/wp-content\/uploads\/2025\/03\/Nimetu-kujundus-300x300.png 300w, https:\/\/toidupakk.ee\/wp-content\/uploads\/2025\/03\/Nimetu-kujundus-400x400.png 400w, https:\/\/toidupakk.ee\/wp-content\/uploads\/2025\/03\/Nimetu-kujundus-100x100.png 100w, https:\/\/toidupakk.ee\/wp-content\/uploads\/2025\/03\/Nimetu-kujundus-500x500.png 500w, https:\/\/toidupakk.ee\/wp-content\/uploads\/2025\/03\/Nimetu-kujundus-768x768.png 768w, https:\/\/toidupakk.ee\/wp-content\/uploads\/2025\/03\/Nimetu-kujundus.png 800w\" sizes=\"(max-width: 300px) 100vw, 300px\" \/><\/p>\n<h3 data-start=\"569\" data-end=\"632\"><\/h3>\n<h3 data-start=\"569\" data-end=\"632\"><strong data-start=\"573\" data-end=\"630\">Patikima ir patvari \u2013 paruo\u0161ta bet kokiai situacijai<\/strong><\/h3>\n<p data-start=\"634\" data-end=\"955\">Pagaminta i\u0161 <strong data-start=\"671\" data-end=\"708\">100 % ripstop nailono su PU danga<\/strong>, u\u017etikrinan\u010dio puik\u0173 atsparum\u0105 trin\u010diai, dr\u0117gmei ir irimui. \u0160i med\u017eiaga sukurta atlaikyti sunkias s\u0105lygas, leid\u017eiant saugiai ir efektyviai transportuoti pacientus net sud\u0117tingose vietov\u0117se ar ank\u0161tose erdv\u0117se. <\/p>\n<p data-start=\"957\" data-end=\"1190\"><strong data-start=\"957\" data-end=\"970\">Ne\u0161tuv\u0173 paklod\u0117<\/strong> yra lengva ir kompakti\u0161kai sulankstoma, tod\u0117l j\u0105 paprasta laikyti pirmosios pagalbos rinkiniuose ar gelb\u0117jimo \u012frangoje. Po naudojimo j\u0105 galima lengvai nuvalyti ir greitai paruo\u0161ti kitam kartui. <\/p>\n<h3 data-start=\"1192\" data-end=\"1248\"><strong data-start=\"1196\" data-end=\"1246\">Maksimali keliamoji galia ir ergonomi\u0161kas dizainas<\/strong><\/h3>\n<p data-start=\"1250\" data-end=\"1533\"><strong data-start=\"1250\" data-end=\"1275\">BCB avarin\u0117 ne\u0161tuv\u0173 paklod\u0117<\/strong> sukurta atlaikyti iki <strong data-start=\"1298\" data-end=\"1318\">1 000 kg svor\u012f<\/strong>, u\u017etikrinant saug\u0173 paciento gabenim\u0105 be med\u017eiagos ply\u0161imo. Ji turi <strong data-start=\"1399\" data-end=\"1429\">\u0161e\u0161is sutvirtintus dir\u017eus<\/strong>, kurie tolygiai paskirsto svor\u012f iki \u0161e\u0161i\u0173 ne\u0161\u0117j\u0173, tod\u0117l transportavimas tampa patogesnis ir saugesnis. <\/p>\n<p data-start=\"1535\" data-end=\"1700\"><strong data-start=\"1535\" data-end=\"1548\">Ne\u0161tuv\u0173 paklod\u0119<\/strong> galima naudoti <strong data-start=\"1563\" data-end=\"1590\">susukt\u0105 arba sulankstyt\u0105<\/strong>, o tai palengvina paciento paguldym\u0105 net ank\u0161tomis s\u0105lygomis, pavyzd\u017eiui, po griuv\u0117siais ar transporto priemon\u0117se.<\/p>\n<h3 data-start=\"1702\" data-end=\"1730\"><strong data-start=\"1706\" data-end=\"1728\">Techniniai duomenys:<\/strong><\/h3>\n<ul>\n<li data-start=\"1732\" data-end=\"1905\"><strong data-start=\"1735\" data-end=\"1746\">Matmenys:<\/strong> 180 \u00d7 70 cm<\/li>\n<li data-start=\"1732\" data-end=\"1905\"><strong data-start=\"1763\" data-end=\"1772\">Svoris:<\/strong> 200 g<\/li>\n<li data-start=\"1732\" data-end=\"1905\"><strong data-start=\"1784\" data-end=\"1795\">Spalva:<\/strong> \u017dalia<\/li>\n<li data-start=\"1732\" data-end=\"1905\"><strong data-start=\"1810\" data-end=\"1823\">Med\u017eiaga:<\/strong> 100 % ripstop nailonas su PU danga, sutvirtinti 1&#8243; (2,54 cm) poliamido dir\u017eai<\/li>\n<\/ul>\n<h3 data-start=\"1907\" data-end=\"1951\"><strong data-start=\"1911\" data-end=\"1949\">Kod\u0117l verta rinktis BCB avarin\u0119 ne\u0161tuv\u0173 paklod\u0119?<\/strong><\/h3>\n<ul>\n<li data-start=\"1953\" data-end=\"2305\"><strong data-start=\"1955\" data-end=\"1980\">Ypatinga keliamoji galia<\/strong> \u2013 i\u0161laiko iki <strong data-start=\"1994\" data-end=\"2014\">1 000 kg svor\u012f<\/strong><\/li>\n<li data-start=\"1953\" data-end=\"2305\"><strong data-start=\"2019\" data-end=\"2045\">Ergonomi\u0161ka ir saugu<\/strong> \u2013 tolygus svorio paskirstymas \u0161e\u0161iems ne\u0161\u0117jams<\/li>\n<li data-start=\"1953\" data-end=\"2305\"><strong data-start=\"2091\" data-end=\"2115\">Lengva ir sulankstoma<\/strong> \u2013 patogu ne\u0161iotis ir laikyti<\/li>\n<li data-start=\"1953\" data-end=\"2305\"><strong data-start=\"2154\" data-end=\"2184\">Patvari ir higieni\u0161ka<\/strong> \u2013 lengvai valoma, atspari skys\u010diams ir nusid\u0117v\u0117jimui<\/li>\n<li data-start=\"1953\" data-end=\"2305\"><strong data-start=\"2251\" data-end=\"2303\">Tinka gelb\u0117jimo, medicinos ir krizin\u0117ms situacijoms<\/strong><\/li>\n<\/ul>\n<div class=\"flex max-w-full flex-col flex-grow\">\n<div class=\"min-h-8 text-message relative flex w-full flex-col items-end gap-2 whitespace-normal break-words text-start [.text-message+&amp;]:mt-5\" dir=\"auto\" data-message-author-role=\"assistant\" data-message-id=\"02075420-3566-4552-a7df-a7cffa329e11\" data-message-model-slug=\"gpt-4o\">\n<div class=\"flex w-full flex-col gap-1 empty:hidden first:pt-[3px]\">\n<div class=\"markdown prose w-full break-words dark:prose-invert dark\">\n<p data-start=\"0\" data-end=\"237\" data-is-last-node=\"\" data-is-only-node=\"\">\u201eBCB Vital Emergency Aid Carry Sheet\u201c yra prakti\u0161ka ir patvari gelb\u0117jimo \u012franga, skirta greitam ir saugiam su\u017eeist\u0173 ar nejudan\u010di\u0173 asmen\u0173 transportavimui. Ji idealiai tinka ne tik gelb\u0117jimo darbams ar \u017eygiams, bet ir nam\u0173 pirmosios pagalbos vaistin\u0117lei, sporto renginiams, festivaliams bei kitoms kasdien\u0117ms situacijoms, kai gali prireikti saugiai ir patogiai perkelti \u017emog\u0173. <\/p>\n<\/div>\n<\/div>\n<\/div>\n<\/div>\n<p>Daugiau \u017eygio preki\u0173 rasi <a href=\"https:\/\/toidupakk.ee\/lt\/tootekategooria\/zygio-iranga\/#section-3-79\">\u010cIA<\/a><\/p>\n<p>Jei domina maistas \u017eygiams \u2013 \u017ei\u016br\u0117k <a href=\"\/?product_cat=snakk#section-3-79\">\u010cIA<\/a><\/p>\n<p>Pasisemk \u012fkv\u0117pimo kitiems nuotykiams \u201eToidupakk\u201c <a href=\"https:\/\/www.instagram.com\/toidupakk\/\">Instagram<\/a> ir <a href=\"https:\/\/www.facebook.com\/Toidupakk\/\">Facebook<\/a> paskyrose.<\/p>\n<p data-start=\"1951\" data-end=\"2299\">\n","protected":false},"excerpt":{"rendered":"<p data-start=\"120\" data-end=\"393\"><strong data-start=\"111\" data-end=\"143\">Patvari avarin\u0117 ne\u0161tuv\u0173 paklod\u0117<\/strong>, sukurta saugiai nevaik\u0161tan\u010di\u0173 pacient\u0173 evakuacijai ir transportavimui sud\u0117tingomis s\u0105lygomis. <strong data-start=\"260\" data-end=\"273\">Ne\u0161tuv\u0173 paklod\u0117<\/strong> <strong>\/ ne\u0161imo drobul\u0117<\/strong> pagaminta i\u0161 tvirto ripstop nailono su PU danga, u\u017etikrinan\u010dio patvarum\u0105 bei apsaug\u0105 nuo dr\u0117gm\u0117s ir trinties.<\/p>\n<ul>\n<li data-start=\"425\" data-end=\"545\"><strong data-start=\"428\" data-end=\"456\">Keliamoji galia iki 1 000 kg<\/strong> \u2013 patvari konstrukcija leid\u017eia saugiai transportuoti ir sunkesnius pacientus.<\/li>\n<li data-start=\"547\" data-end=\"669\"><strong data-start=\"550\" data-end=\"575\">Iki \u0161e\u0161i\u0173 \u017emoni\u0173<\/strong> \u2013 ergonomi\u0161kas dizainas u\u017etikrina tolyg\u0173 svorio paskirstym\u0105 tarp ne\u0161\u0117j\u0173, palengvindamas jud\u0117jim\u0105.<\/li>\n<li data-start=\"671\" data-end=\"776\"><strong data-start=\"674\" data-end=\"708\">100 % ripstop nailonas su PU danga<\/strong> \u2013 tvirta med\u017eiaga saugo nuo irimo, trinties ir skys\u010di\u0173.<\/li>\n<li data-start=\"778\" data-end=\"870\"><strong data-start=\"781\" data-end=\"818\">Lengva valyti ir sulankstyti<\/strong> \u2013 i\u0161lieka kompakti\u0161ka ir yra greitai paruo\u0161iama naudojimui.<\/li>\n<li data-start=\"872\" data-end=\"1003\"><strong data-start=\"875\" data-end=\"919\">Tinka naudoti ank\u0161tomis s\u0105lygomis<\/strong> \u2013 galima susukti arba sulankstyti, kad b\u016bt\u0173 lengviau pad\u0117ti pacientui ribotoje erdv\u0117je.<\/li>\n<\/ul>\n<p>\u2705 Turime sand\u0117lyje, greitas pristatymas per 1\u20133 d. d.<br \/>\n\u2705 Pirk dabar, mok\u0117k v\u0117liau (pal\u016bkanos 0 %)<\/p>\n","protected":false},"featured_media":45979,"comment_status":"open","ping_status":"closed","template":"","meta":{"_acf_changed":false},"product_brand":[],"product_cat":[189,190],"product_tag":[],"class_list":{"0":"post-45975","1":"product","2":"type-product","3":"status-publish","4":"has-post-thumbnail","6":"product_cat-zygio-iranga","7":"product_cat-zygio-prekes","9":"first","10":"outofstock","11":"taxable","12":"shipping-taxable","13":"purchasable","14":"product-type-simple"},"bundled_by":[],"bundle_stock_status":"outofstock","bundle_stock_quantity":0,"bundle_virtual":false,"bundle_layout":"","bundle_add_to_cart_form_location":"","bundle_editable_in_cart":false,"bundle_sold_individually_context":"","bundle_item_grouping":"","bundle_min_size":"","bundle_max_size":"","bundle_price":[],"bundled_items":[],"bundle_sell_ids":[],"acf":[],"yoast_head":"<!-- This site is optimized with the Yoast SEO plugin v27.3 - https:\/\/yoast.com\/product\/yoast-seo-wordpress\/ -->\n<title>BCB ne\u0161tuv\u0173 paklod\u0117<\/title>\n<meta name=\"description\" content=\"BCB avarin\u0117 ne\u0161tuv\u0173 paklod\u0117 yra patvari ir lengva, i\u0161laiko iki 1 000 kg. Tinka evakuacijai, gelb\u0117jimo komandoms ir avarin\u0117ms situacijoms.\" \/>\n<meta name=\"robots\" content=\"index, follow, max-snippet:-1, max-image-preview:large, max-video-preview:-1\" \/>\n<link rel=\"canonical\" href=\"https:\/\/toidupakk.ee\/lt\/toode\/bcb-nestuvu-paklode\/\" \/>\n<meta property=\"og:locale\" content=\"lt_LT\" \/>\n<meta property=\"og:type\" content=\"article\" \/>\n<meta property=\"og:title\" content=\"BCB ne\u0161tuv\u0173 paklod\u0117\" \/>\n<meta property=\"og:description\" content=\"BCB avarin\u0117 ne\u0161tuv\u0173 paklod\u0117 yra patvari ir lengva, i\u0161laiko iki 1 000 kg. Tinka evakuacijai, gelb\u0117jimo komandoms ir avarin\u0117ms situacijoms.\" \/>\n<meta property=\"og:url\" content=\"https:\/\/toidupakk.ee\/lt\/toode\/bcb-nestuvu-paklode\/\" \/>\n<meta property=\"og:site_name\" content=\"Toidupakk.ee - Tactical Foodpack toidupakid\" \/>\n<meta property=\"article:publisher\" content=\"https:\/\/www.facebook.com\/Toidupakk\" \/>\n<meta property=\"article:modified_time\" content=\"2026-04-14T20:01:40+00:00\" \/>\n<meta property=\"og:image\" content=\"https:\/\/toidupakk.ee\/wp-content\/uploads\/2025\/03\/1-4.png\" \/>\n\t<meta property=\"og:image:width\" content=\"800\" \/>\n\t<meta property=\"og:image:height\" content=\"800\" \/>\n\t<meta property=\"og:image:type\" content=\"image\/png\" \/>\n<meta name=\"twitter:card\" content=\"summary_large_image\" \/>\n<meta name=\"twitter:label1\" content=\"Est. reading time\" \/>\n\t<meta name=\"twitter:data1\" content=\"2 minut\u0117s\" \/>\n<script type=\"application\/ld+json\" class=\"yoast-schema-graph\">{\"@context\":\"https:\\\/\\\/schema.org\",\"@graph\":[{\"@type\":\"WebPage\",\"@id\":\"https:\\\/\\\/toidupakk.ee\\\/lt\\\/toode\\\/bcb-nestuvu-paklode\\\/\",\"url\":\"https:\\\/\\\/toidupakk.ee\\\/lt\\\/toode\\\/bcb-nestuvu-paklode\\\/\",\"name\":\"BCB ne\u0161tuv\u0173 paklod\u0117\",\"isPartOf\":{\"@id\":\"https:\\\/\\\/toidupakk.ee\\\/lt\\\/#website\"},\"primaryImageOfPage\":{\"@id\":\"https:\\\/\\\/toidupakk.ee\\\/lt\\\/toode\\\/bcb-nestuvu-paklode\\\/#primaryimage\"},\"image\":{\"@id\":\"https:\\\/\\\/toidupakk.ee\\\/lt\\\/toode\\\/bcb-nestuvu-paklode\\\/#primaryimage\"},\"thumbnailUrl\":\"https:\\\/\\\/toidupakk.ee\\\/wp-content\\\/uploads\\\/2025\\\/03\\\/1-4.png\",\"datePublished\":\"2025-03-21T12:27:14+00:00\",\"dateModified\":\"2026-04-14T20:01:40+00:00\",\"description\":\"BCB avarin\u0117 ne\u0161tuv\u0173 paklod\u0117 yra patvari ir lengva, i\u0161laiko iki 1 000 kg. Tinka evakuacijai, gelb\u0117jimo komandoms ir avarin\u0117ms situacijoms.\",\"breadcrumb\":{\"@id\":\"https:\\\/\\\/toidupakk.ee\\\/lt\\\/toode\\\/bcb-nestuvu-paklode\\\/#breadcrumb\"},\"inLanguage\":\"lt-LT\",\"potentialAction\":[{\"@type\":\"ReadAction\",\"target\":[\"https:\\\/\\\/toidupakk.ee\\\/lt\\\/toode\\\/bcb-nestuvu-paklode\\\/\"]}]},{\"@type\":\"ImageObject\",\"inLanguage\":\"lt-LT\",\"@id\":\"https:\\\/\\\/toidupakk.ee\\\/lt\\\/toode\\\/bcb-nestuvu-paklode\\\/#primaryimage\",\"url\":\"https:\\\/\\\/toidupakk.ee\\\/wp-content\\\/uploads\\\/2025\\\/03\\\/1-4.png\",\"contentUrl\":\"https:\\\/\\\/toidupakk.ee\\\/wp-content\\\/uploads\\\/2025\\\/03\\\/1-4.png\",\"width\":800,\"height\":800,\"caption\":\"\u201eBCB avarin\u0117 ne\u0161tuv\u0173 paklod\u0117 \u2013 patvarus ir lengvas evakuacijos sprendimas, i\u0161laikantis iki 1 000 kg. Tinka gelb\u0117jimo komandoms\"},{\"@type\":\"BreadcrumbList\",\"@id\":\"https:\\\/\\\/toidupakk.ee\\\/lt\\\/toode\\\/bcb-nestuvu-paklode\\\/#breadcrumb\",\"itemListElement\":[{\"@type\":\"ListItem\",\"position\":1,\"name\":\"Avaleht\",\"item\":\"https:\\\/\\\/toidupakk.ee\\\/lt\\\/\"},{\"@type\":\"ListItem\",\"position\":2,\"name\":\"El. parduotuv\u0117\",\"item\":\"https:\\\/\\\/toidupakk.ee\\\/lt\\\/el-parduotuve\\\/\"},{\"@type\":\"ListItem\",\"position\":3,\"name\":\"BCB ne\u0161tuv\u0173 paklod\u0117\"}]},{\"@type\":\"WebSite\",\"@id\":\"https:\\\/\\\/toidupakk.ee\\\/lt\\\/#website\",\"url\":\"https:\\\/\\\/toidupakk.ee\\\/lt\\\/\",\"name\":\"Toidupakk.ee - Tactical Foodpack toidupakid\",\"description\":\"Tactical Foodpack k\u00fclmkuivatatud toidupakid ja matkaeined\",\"publisher\":{\"@id\":\"https:\\\/\\\/toidupakk.ee\\\/lt\\\/#organization\"},\"potentialAction\":[{\"@type\":\"SearchAction\",\"target\":{\"@type\":\"EntryPoint\",\"urlTemplate\":\"https:\\\/\\\/toidupakk.ee\\\/lt\\\/?s={search_term_string}\"},\"query-input\":{\"@type\":\"PropertyValueSpecification\",\"valueRequired\":true,\"valueName\":\"search_term_string\"}}],\"inLanguage\":\"lt-LT\"},{\"@type\":\"Organization\",\"@id\":\"https:\\\/\\\/toidupakk.ee\\\/lt\\\/#organization\",\"name\":\"Tactical Foodpack matkaeined\",\"url\":\"https:\\\/\\\/toidupakk.ee\\\/lt\\\/\",\"logo\":{\"@type\":\"ImageObject\",\"inLanguage\":\"lt-LT\",\"@id\":\"https:\\\/\\\/toidupakk.ee\\\/lt\\\/#\\\/schema\\\/logo\\\/image\\\/\",\"url\":\"https:\\\/\\\/toidupakk.ee\\\/wp-content\\\/uploads\\\/2022\\\/01\\\/Toidupakk-matkapood-logo-transparent.png\",\"contentUrl\":\"https:\\\/\\\/toidupakk.ee\\\/wp-content\\\/uploads\\\/2022\\\/01\\\/Toidupakk-matkapood-logo-transparent.png\",\"width\":500,\"height\":500,\"caption\":\"Tactical Foodpack matkaeined\"},\"image\":{\"@id\":\"https:\\\/\\\/toidupakk.ee\\\/lt\\\/#\\\/schema\\\/logo\\\/image\\\/\"},\"sameAs\":[\"https:\\\/\\\/www.facebook.com\\\/Toidupakk\",\"https:\\\/\\\/www.instagram.com\\\/toidupakk\\\/\"]}]}<\/script>\n<!-- \/ Yoast SEO plugin. -->","yoast_head_json":{"title":"BCB ne\u0161tuv\u0173 paklod\u0117","description":"BCB avarin\u0117 ne\u0161tuv\u0173 paklod\u0117 yra patvari ir lengva, i\u0161laiko iki 1 000 kg. Tinka evakuacijai, gelb\u0117jimo komandoms ir avarin\u0117ms situacijoms.","robots":{"index":"index","follow":"follow","max-snippet":"max-snippet:-1","max-image-preview":"max-image-preview:large","max-video-preview":"max-video-preview:-1"},"canonical":"https:\/\/toidupakk.ee\/lt\/toode\/bcb-nestuvu-paklode\/","og_locale":"lt_LT","og_type":"article","og_title":"BCB ne\u0161tuv\u0173 paklod\u0117","og_description":"BCB avarin\u0117 ne\u0161tuv\u0173 paklod\u0117 yra patvari ir lengva, i\u0161laiko iki 1 000 kg. Tinka evakuacijai, gelb\u0117jimo komandoms ir avarin\u0117ms situacijoms.","og_url":"https:\/\/toidupakk.ee\/lt\/toode\/bcb-nestuvu-paklode\/","og_site_name":"Toidupakk.ee - Tactical Foodpack toidupakid","article_publisher":"https:\/\/www.facebook.com\/Toidupakk","article_modified_time":"2026-04-14T20:01:40+00:00","og_image":[{"width":800,"height":800,"url":"https:\/\/toidupakk.ee\/wp-content\/uploads\/2025\/03\/1-4.png","type":"image\/png"}],"twitter_card":"summary_large_image","twitter_misc":{"Est. reading time":"2 minut\u0117s"},"schema":{"@context":"https:\/\/schema.org","@graph":[{"@type":"WebPage","@id":"https:\/\/toidupakk.ee\/lt\/toode\/bcb-nestuvu-paklode\/","url":"https:\/\/toidupakk.ee\/lt\/toode\/bcb-nestuvu-paklode\/","name":"BCB ne\u0161tuv\u0173 paklod\u0117","isPartOf":{"@id":"https:\/\/toidupakk.ee\/lt\/#website"},"primaryImageOfPage":{"@id":"https:\/\/toidupakk.ee\/lt\/toode\/bcb-nestuvu-paklode\/#primaryimage"},"image":{"@id":"https:\/\/toidupakk.ee\/lt\/toode\/bcb-nestuvu-paklode\/#primaryimage"},"thumbnailUrl":"https:\/\/toidupakk.ee\/wp-content\/uploads\/2025\/03\/1-4.png","datePublished":"2025-03-21T12:27:14+00:00","dateModified":"2026-04-14T20:01:40+00:00","description":"BCB avarin\u0117 ne\u0161tuv\u0173 paklod\u0117 yra patvari ir lengva, i\u0161laiko iki 1 000 kg. Tinka evakuacijai, gelb\u0117jimo komandoms ir avarin\u0117ms situacijoms.","breadcrumb":{"@id":"https:\/\/toidupakk.ee\/lt\/toode\/bcb-nestuvu-paklode\/#breadcrumb"},"inLanguage":"lt-LT","potentialAction":[{"@type":"ReadAction","target":["https:\/\/toidupakk.ee\/lt\/toode\/bcb-nestuvu-paklode\/"]}]},{"@type":"ImageObject","inLanguage":"lt-LT","@id":"https:\/\/toidupakk.ee\/lt\/toode\/bcb-nestuvu-paklode\/#primaryimage","url":"https:\/\/toidupakk.ee\/wp-content\/uploads\/2025\/03\/1-4.png","contentUrl":"https:\/\/toidupakk.ee\/wp-content\/uploads\/2025\/03\/1-4.png","width":800,"height":800,"caption":"\u201eBCB avarin\u0117 ne\u0161tuv\u0173 paklod\u0117 \u2013 patvarus ir lengvas evakuacijos sprendimas, i\u0161laikantis iki 1 000 kg. Tinka gelb\u0117jimo komandoms"},{"@type":"BreadcrumbList","@id":"https:\/\/toidupakk.ee\/lt\/toode\/bcb-nestuvu-paklode\/#breadcrumb","itemListElement":[{"@type":"ListItem","position":1,"name":"Avaleht","item":"https:\/\/toidupakk.ee\/lt\/"},{"@type":"ListItem","position":2,"name":"El. parduotuv\u0117","item":"https:\/\/toidupakk.ee\/lt\/el-parduotuve\/"},{"@type":"ListItem","position":3,"name":"BCB ne\u0161tuv\u0173 paklod\u0117"}]},{"@type":"WebSite","@id":"https:\/\/toidupakk.ee\/lt\/#website","url":"https:\/\/toidupakk.ee\/lt\/","name":"Toidupakk.ee - Tactical Foodpack toidupakid","description":"Tactical Foodpack k\u00fclmkuivatatud toidupakid ja matkaeined","publisher":{"@id":"https:\/\/toidupakk.ee\/lt\/#organization"},"potentialAction":[{"@type":"SearchAction","target":{"@type":"EntryPoint","urlTemplate":"https:\/\/toidupakk.ee\/lt\/?s={search_term_string}"},"query-input":{"@type":"PropertyValueSpecification","valueRequired":true,"valueName":"search_term_string"}}],"inLanguage":"lt-LT"},{"@type":"Organization","@id":"https:\/\/toidupakk.ee\/lt\/#organization","name":"Tactical Foodpack matkaeined","url":"https:\/\/toidupakk.ee\/lt\/","logo":{"@type":"ImageObject","inLanguage":"lt-LT","@id":"https:\/\/toidupakk.ee\/lt\/#\/schema\/logo\/image\/","url":"https:\/\/toidupakk.ee\/wp-content\/uploads\/2022\/01\/Toidupakk-matkapood-logo-transparent.png","contentUrl":"https:\/\/toidupakk.ee\/wp-content\/uploads\/2022\/01\/Toidupakk-matkapood-logo-transparent.png","width":500,"height":500,"caption":"Tactical Foodpack matkaeined"},"image":{"@id":"https:\/\/toidupakk.ee\/lt\/#\/schema\/logo\/image\/"},"sameAs":["https:\/\/www.facebook.com\/Toidupakk","https:\/\/www.instagram.com\/toidupakk\/"]}]}},"jetpack_sharing_enabled":true,"_links":{"self":[{"href":"https:\/\/toidupakk.ee\/lt\/wp-json\/wp\/v2\/product\/45975","targetHints":{"allow":["GET"]}}],"collection":[{"href":"https:\/\/toidupakk.ee\/lt\/wp-json\/wp\/v2\/product"}],"about":[{"href":"https:\/\/toidupakk.ee\/lt\/wp-json\/wp\/v2\/types\/product"}],"replies":[{"embeddable":true,"href":"https:\/\/toidupakk.ee\/lt\/wp-json\/wp\/v2\/comments?post=45975"}],"wp:featuredmedia":[{"embeddable":true,"href":"https:\/\/toidupakk.ee\/lt\/wp-json\/wp\/v2\/media\/45979"}],"wp:attachment":[{"href":"https:\/\/toidupakk.ee\/lt\/wp-json\/wp\/v2\/media?parent=45975"}],"wp:term":[{"taxonomy":"product_brand","embeddable":true,"href":"https:\/\/toidupakk.ee\/lt\/wp-json\/wp\/v2\/product_brand?post=45975"},{"taxonomy":"product_cat","embeddable":true,"href":"https:\/\/toidupakk.ee\/lt\/wp-json\/wp\/v2\/product_cat?post=45975"},{"taxonomy":"product_tag","embeddable":true,"href":"https:\/\/toidupakk.ee\/lt\/wp-json\/wp\/v2\/product_tag?post=45975"}],"curies":[{"name":"wp","href":"https:\/\/api.w.org\/{rel}","templated":true}]}}