{"id":45974,"date":"2025-06-16T14:29:15","date_gmt":"2025-06-16T11:29:15","guid":{"rendered":"https:\/\/toidupakk.ee\/toode\/super-sausainis-power-su-sokoladu-ir-kokosu\/"},"modified":"2026-04-14T11:01:22","modified_gmt":"2026-04-14T08:01:22","slug":"super-sausainis-power-su-sokoladu-ir-kokosu","status":"publish","type":"product","link":"https:\/\/toidupakk.ee\/lt\/toode\/super-sausainis-power-su-sokoladu-ir-kokosu\/","title":{"rendered":"Super sausainis POWER su \u0161okoladu ir kokosu"},"content":{"rendered":"<h3 data-start=\"44\" data-end=\"135\">Super sausainis POWER su \u0161okoladu ir kokosu \u2013 skanus ir maistingas pasirinkimas aktyviam \u017emogui<\/h3>\n<p data-start=\"137\" data-end=\"421\">Super sausainis POWER su \u0161okoladu ir kokosu yra puikus augalinis energijos sausainis, sukurtas palaikyti aktyv\u0173 gyvenimo b\u016bd\u0105 ir s\u0105moning\u0105 mityb\u0105. Derantis skonis \u2013 sodr\u016bs juodojo \u0161okolado gabal\u0117liai ir tropinis kokoso akcentas \u2013 leid\u017eia m\u0117gautis \u0161iuo sausainiu bet kuri\u0105 akimirk\u0105. <\/p>\n<p data-start=\"137\" data-end=\"421\"><img fetchpriority=\"high\" decoding=\"async\" class=\"alignnone wp-image-36369 size-thumbnail\" src=\"https:\/\/toidupakk.ee\/wp-content\/uploads\/2025\/06\/greenbite0751_LAHI_large-500x500.webp\" alt=\"Super sausainis POWER su \u0161okoladu ir kokosu\" width=\"500\" height=\"500\" srcset=\"https:\/\/toidupakk.ee\/wp-content\/uploads\/2025\/06\/greenbite0751_LAHI_large-500x500.webp 500w, https:\/\/toidupakk.ee\/wp-content\/uploads\/2025\/06\/greenbite0751_LAHI_large-300x300.webp 300w, https:\/\/toidupakk.ee\/wp-content\/uploads\/2025\/06\/greenbite0751_LAHI_large-400x400.webp 400w, https:\/\/toidupakk.ee\/wp-content\/uploads\/2025\/06\/greenbite0751_LAHI_large-100x100.webp 100w\" sizes=\"(max-width: 500px) 100vw, 500px\" \/><\/p>\n<h3 data-start=\"428\" data-end=\"462\">Viso gr\u016bdo ir augalin\u0117 sud\u0117tis<\/h3>\n<p data-start=\"464\" data-end=\"501\"><span class=\"relative -mx-px my-[-0.2rem] rounded px-px py-[0.2rem] transition-colors duration-100 ease-in-out\">\u0160iame sausainyje yra 14 % baltym\u0173 ir 18 % skaidul\u0173, kurios padeda ilgam i\u0161likti sotiems ir palaiko raumen\u0173 atsistatym\u0105. Gausus kiekis u\u017etikrina ne tik malonum\u0105, bet ir sveik\u0105 maistin\u0119 vert\u0119. <\/span><\/p>\n<p data-start=\"503\" data-end=\"663\">Vitaminas B12 padeda ma\u017einti nuovarg\u012f ir palaiko nerv\u0173 sistem\u0105, tad tai ne tik skanu \u2013 tai ir s\u0105moningas pasirinkimas tavo sveikatai.<\/p>\n<p data-start=\"665\" data-end=\"702\"><span class=\"relative -mx-px my-[-0.2rem] rounded px-px py-[0.2rem] transition-colors duration-100 ease-in-out\">Be to, produkte yra gele\u017eies ir omega\u20113 riebal\u0173 r\u016bg\u0161\u010di\u0173, jis yra be glitimo ir be prid\u0117tinio cukraus, tod\u0117l puikiai tinka tiems, kurie renkasi \u0161varius ir skanius u\u017ekand\u017eius.<\/span><\/p>\n<h3 data-start=\"709\" data-end=\"743\">Draugi\u0161kas aplinkai baltym\u0173 \u0161altinis \u2013 super sausainis POWER su \u0161okoladu ir kokosu<\/h3>\n<p data-start=\"745\" data-end=\"782\"><span class=\"relative -mx-px my-[-0.2rem] rounded px-px py-[0.2rem] transition-colors duration-100 ease-in-out\">Vienas svarbiausi\u0173 POWER super sausainio privalum\u0173 yra jo baltym\u0173 \u0161altinis, ma\u017einantis poveik\u012f aplinkai \u2013 svirpliai sunaudoja 1000\u00d7 ma\u017eiau vandens, jiems reikia 100\u00d7 ma\u017eiau \u017eem\u0117s ir jie i\u0161skiria 100\u00d7 ma\u017eiau \u0161iltnamio efekt\u0105 sukelian\u010di\u0173 duj\u0173 nei galvijai. Tai rei\u0161kia, kad darai s\u0105moning\u0105 ir planetai draugi\u0161k\u0105 pasirinkim\u0105, kuris palaiko tiek tavo k\u016bn\u0105, tiek aplink\u0105. <\/span><\/p>\n<p data-start=\"745\" data-end=\"782\"><img decoding=\"async\" class=\"alignnone wp-image-36368 size-thumbnail\" src=\"https:\/\/toidupakk.ee\/wp-content\/uploads\/2025\/06\/greenbite0768_huge-500x500.webp\" alt=\"Super sausainis POWER-UP su \u017eem\u0117s rie\u0161utais, super sausainis STRENGTH su s\u016bria karamele, super sausainis POWER su \u0161okoladu ir kokosu \" width=\"500\" height=\"500\" srcset=\"https:\/\/toidupakk.ee\/wp-content\/uploads\/2025\/06\/greenbite0768_huge-500x500.webp 500w, https:\/\/toidupakk.ee\/wp-content\/uploads\/2025\/06\/greenbite0768_huge-300x300.webp 300w, https:\/\/toidupakk.ee\/wp-content\/uploads\/2025\/06\/greenbite0768_huge-400x400.webp 400w, https:\/\/toidupakk.ee\/wp-content\/uploads\/2025\/06\/greenbite0768_huge-100x100.webp 100w\" sizes=\"(max-width: 500px) 100vw, 500px\" \/><\/p>\n<h3 data-start=\"79\" data-end=\"116\">I\u0161maniai parinktas k\u0105snelis kiekvienai dienai<\/h3>\n<p data-start=\"118\" data-end=\"596\" data-is-last-node=\"\" data-is-only-node=\"\"><strong data-start=\"118\" data-end=\"162\">Super sausainis<\/strong> n\u0117ra tiesiog skanus u\u017ekandis \u2013 tai apgalvotas pasirinkimas tiems, kurie i\u0161 mitybos tikisi daugiau. D\u0117l savo \u0161varios sud\u0117ties, augalini\u0173 baltym\u0173 ir aplinkai draugi\u0161ko baltym\u0173 \u0161altinio \u0161is sausainis si\u016blo i\u0161mani\u0105 ir s\u0105moning\u0105 alternatyv\u0105 \u012fprastiems u\u017ekand\u017eiams. Nesvarbu, ar tai b\u016bt\u0173 greiti pusry\u010diai, u\u017ekandis per darbo pertrauk\u0105 ar atsistatymas po treniruot\u0117s \u2013 \u0161is sausainis pad\u0117s tau i\u0161likti aktyviam ir r\u016bpintis tiek savo k\u016bnu, tiek planeta.  <\/p>\n<p>Domiesi \u017eygio reikmenimis? Su\u017einok daugiau  <a href=\"https:\/\/toidupakk.ee\/lt\/tootekategooria\/zygio-iranga\/#section-3-79\">\u010cIA<\/a><\/p>\n<p>O gal domina \u017eygio maistas? \u017di\u016br\u0117k <a href=\"https:\/\/toidupakk.ee\/lt\/tootekategooria\/pagrindiniai-patiekalai\/\">\u010cIA<\/a><\/p>\n<p>Pasisemk \u012fkv\u0117pimo kitiems nuotykiams \u201eToidupakk\u201c <a href=\"https:\/\/www.instagram.com\/toidupakk\/\">Instagram<\/a> ir <a href=\"https:\/\/www.facebook.com\/Toidupakk\/\">Facebook<\/a> paskyrose.<\/p>\n","protected":false},"excerpt":{"rendered":"<p data-start=\"94\" data-end=\"394\"><strong data-start=\"94\" data-end=\"164\">Augalinis energijos sausainis su sodriu juodojo \u0161okolado ir kokoso skoniu<\/strong> \u2013 idealus u\u017ekandis aktyviam \u017emogui. \u0160is mink\u0161tas super sausainis sujungia intensyv\u0173 \u0161okolad\u0105 ir tropin\u012f kokos\u0105, suteikdamas tikr\u0105 malonum\u0105 tiek skoniu, tiek maistine verte. <\/p>\n<ul>\n<li data-start=\"396\" data-end=\"642\">14 g augalini\u0173 baltym\u0173 100 g<\/li>\n<li data-start=\"396\" data-end=\"642\">Gausu juodojo \u0161okolado gabal\u0117li\u0173<\/li>\n<li data-start=\"396\" data-end=\"642\">Subtilus kokoso skonis<\/li>\n<li data-start=\"396\" data-end=\"642\">Vegani\u0161kas ir be glitimo<\/li>\n<li data-start=\"396\" data-end=\"642\">Be prid\u0117tinio cukraus<\/li>\n<li data-start=\"396\" data-end=\"642\">Draugi\u0161kas aplinkai pasirinkimas<\/li>\n<li data-start=\"396\" data-end=\"642\">Tinka sportininkams ir aktyviam gyvenimo b\u016bdui<\/li>\n<li data-start=\"396\" data-end=\"642\">Idealus u\u017ekandis bet kuriuo metu<\/li>\n<\/ul>\n<p data-start=\"644\" data-end=\"692\">\u2705 Turime sand\u0117lyje, greitas pristatymas per 1\u20133 darbo dienas<\/p>\n","protected":false},"featured_media":36367,"comment_status":"open","ping_status":"closed","template":"","meta":{"_acf_changed":false},"product_brand":[],"product_cat":[214,215,213,189,190],"product_tag":[194],"class_list":{"0":"post-45974","1":"product","2":"type-product","3":"status-publish","4":"has-post-thumbnail","6":"product_cat-energijos-batoneliai","7":"product_cat-svirpliu-uzkandziai","8":"product_cat-uzkandziai","9":"product_cat-zygio-iranga","10":"product_cat-zygio-prekes","11":"product_tag-no_ads","13":"first","14":"instock","15":"taxable","16":"shipping-taxable","17":"purchasable","18":"product-type-simple"},"bundled_by":[],"bundle_stock_status":"instock","bundle_stock_quantity":8,"bundle_virtual":false,"bundle_layout":"","bundle_add_to_cart_form_location":"","bundle_editable_in_cart":false,"bundle_sold_individually_context":"","bundle_item_grouping":"","bundle_min_size":"","bundle_max_size":"","bundle_price":[],"bundled_items":[],"bundle_sell_ids":[],"acf":[],"yoast_head":"<!-- This site is optimized with the Yoast SEO plugin v27.3 - https:\/\/yoast.com\/product\/yoast-seo-wordpress\/ -->\n<title>Super sausainis POWER su \u0161okoladu ir kokosu<\/title>\n<meta name=\"description\" content=\"Super sausainis POWER su \u0161okoladu ir kokosu \u2013 sveikas u\u017ekandis, turintis 14 % baltym\u0173 ir 18 % skaidul\u0173. Skanus, be glitimo ir draugi\u0161kas aplinkai pasirinkimas kiekvienai dienai.\" \/>\n<meta name=\"robots\" content=\"index, follow, max-snippet:-1, max-image-preview:large, max-video-preview:-1\" \/>\n<link rel=\"canonical\" href=\"https:\/\/toidupakk.ee\/lt\/toode\/super-sausainis-power-su-sokoladu-ir-kokosu\/\" \/>\n<meta property=\"og:locale\" content=\"lt_LT\" \/>\n<meta property=\"og:type\" content=\"article\" \/>\n<meta property=\"og:title\" content=\"Super sausainis POWER su \u0161okoladu ir kokosu\" \/>\n<meta property=\"og:description\" content=\"Super sausainis POWER su \u0161okoladu ir kokosu \u2013 sveikas u\u017ekandis, turintis 14 % baltym\u0173 ir 18 % skaidul\u0173. Skanus, be glitimo ir draugi\u0161kas aplinkai pasirinkimas kiekvienai dienai.\" \/>\n<meta property=\"og:url\" content=\"https:\/\/toidupakk.ee\/lt\/toode\/super-sausainis-power-su-sokoladu-ir-kokosu\/\" \/>\n<meta property=\"og:site_name\" content=\"Toidupakk.ee - Tactical Foodpack toidupakid\" \/>\n<meta property=\"article:publisher\" content=\"https:\/\/www.facebook.com\/Toidupakk\" \/>\n<meta property=\"article:modified_time\" content=\"2026-04-14T08:01:22+00:00\" \/>\n<meta property=\"og:image\" content=\"https:\/\/toidupakk.ee\/wp-content\/uploads\/2025\/06\/Nimetu-kujundus-20.png\" \/>\n\t<meta property=\"og:image:width\" content=\"800\" \/>\n\t<meta property=\"og:image:height\" content=\"800\" \/>\n\t<meta property=\"og:image:type\" content=\"image\/png\" \/>\n<meta name=\"twitter:card\" content=\"summary_large_image\" \/>\n<meta name=\"twitter:label1\" content=\"Est. reading time\" \/>\n\t<meta name=\"twitter:data1\" content=\"2 minut\u0117s\" \/>\n<script type=\"application\/ld+json\" class=\"yoast-schema-graph\">{\"@context\":\"https:\\\/\\\/schema.org\",\"@graph\":[{\"@type\":\"WebPage\",\"@id\":\"https:\\\/\\\/toidupakk.ee\\\/lt\\\/toode\\\/super-sausainis-power-su-sokoladu-ir-kokosu\\\/\",\"url\":\"https:\\\/\\\/toidupakk.ee\\\/lt\\\/toode\\\/super-sausainis-power-su-sokoladu-ir-kokosu\\\/\",\"name\":\"Super sausainis POWER su \u0161okoladu ir kokosu\",\"isPartOf\":{\"@id\":\"https:\\\/\\\/toidupakk.ee\\\/lt\\\/#website\"},\"primaryImageOfPage\":{\"@id\":\"https:\\\/\\\/toidupakk.ee\\\/lt\\\/toode\\\/super-sausainis-power-su-sokoladu-ir-kokosu\\\/#primaryimage\"},\"image\":{\"@id\":\"https:\\\/\\\/toidupakk.ee\\\/lt\\\/toode\\\/super-sausainis-power-su-sokoladu-ir-kokosu\\\/#primaryimage\"},\"thumbnailUrl\":\"https:\\\/\\\/toidupakk.ee\\\/wp-content\\\/uploads\\\/2025\\\/06\\\/Nimetu-kujundus-20.png\",\"datePublished\":\"2025-06-16T11:29:15+00:00\",\"dateModified\":\"2026-04-14T08:01:22+00:00\",\"description\":\"Super sausainis POWER su \u0161okoladu ir kokosu \u2013 sveikas u\u017ekandis, turintis 14 % baltym\u0173 ir 18 % skaidul\u0173. Skanus, be glitimo ir draugi\u0161kas aplinkai pasirinkimas kiekvienai dienai.\",\"breadcrumb\":{\"@id\":\"https:\\\/\\\/toidupakk.ee\\\/lt\\\/toode\\\/super-sausainis-power-su-sokoladu-ir-kokosu\\\/#breadcrumb\"},\"inLanguage\":\"lt-LT\",\"potentialAction\":[{\"@type\":\"ReadAction\",\"target\":[\"https:\\\/\\\/toidupakk.ee\\\/lt\\\/toode\\\/super-sausainis-power-su-sokoladu-ir-kokosu\\\/\"]}]},{\"@type\":\"ImageObject\",\"inLanguage\":\"lt-LT\",\"@id\":\"https:\\\/\\\/toidupakk.ee\\\/lt\\\/toode\\\/super-sausainis-power-su-sokoladu-ir-kokosu\\\/#primaryimage\",\"url\":\"https:\\\/\\\/toidupakk.ee\\\/wp-content\\\/uploads\\\/2025\\\/06\\\/Nimetu-kujundus-20.png\",\"contentUrl\":\"https:\\\/\\\/toidupakk.ee\\\/wp-content\\\/uploads\\\/2025\\\/06\\\/Nimetu-kujundus-20.png\",\"width\":800,\"height\":800},{\"@type\":\"BreadcrumbList\",\"@id\":\"https:\\\/\\\/toidupakk.ee\\\/lt\\\/toode\\\/super-sausainis-power-su-sokoladu-ir-kokosu\\\/#breadcrumb\",\"itemListElement\":[{\"@type\":\"ListItem\",\"position\":1,\"name\":\"Avaleht\",\"item\":\"https:\\\/\\\/toidupakk.ee\\\/lt\\\/\"},{\"@type\":\"ListItem\",\"position\":2,\"name\":\"El. parduotuv\u0117\",\"item\":\"https:\\\/\\\/toidupakk.ee\\\/lt\\\/el-parduotuve\\\/\"},{\"@type\":\"ListItem\",\"position\":3,\"name\":\"Super sausainis POWER su \u0161okoladu ir kokosu\"}]},{\"@type\":\"WebSite\",\"@id\":\"https:\\\/\\\/toidupakk.ee\\\/lt\\\/#website\",\"url\":\"https:\\\/\\\/toidupakk.ee\\\/lt\\\/\",\"name\":\"Toidupakk.ee - Tactical Foodpack toidupakid\",\"description\":\"Tactical Foodpack k\u00fclmkuivatatud toidupakid ja matkaeined\",\"publisher\":{\"@id\":\"https:\\\/\\\/toidupakk.ee\\\/lt\\\/#organization\"},\"potentialAction\":[{\"@type\":\"SearchAction\",\"target\":{\"@type\":\"EntryPoint\",\"urlTemplate\":\"https:\\\/\\\/toidupakk.ee\\\/lt\\\/?s={search_term_string}\"},\"query-input\":{\"@type\":\"PropertyValueSpecification\",\"valueRequired\":true,\"valueName\":\"search_term_string\"}}],\"inLanguage\":\"lt-LT\"},{\"@type\":\"Organization\",\"@id\":\"https:\\\/\\\/toidupakk.ee\\\/lt\\\/#organization\",\"name\":\"Tactical Foodpack matkaeined\",\"url\":\"https:\\\/\\\/toidupakk.ee\\\/lt\\\/\",\"logo\":{\"@type\":\"ImageObject\",\"inLanguage\":\"lt-LT\",\"@id\":\"https:\\\/\\\/toidupakk.ee\\\/lt\\\/#\\\/schema\\\/logo\\\/image\\\/\",\"url\":\"https:\\\/\\\/toidupakk.ee\\\/wp-content\\\/uploads\\\/2022\\\/01\\\/Toidupakk-matkapood-logo-transparent.png\",\"contentUrl\":\"https:\\\/\\\/toidupakk.ee\\\/wp-content\\\/uploads\\\/2022\\\/01\\\/Toidupakk-matkapood-logo-transparent.png\",\"width\":500,\"height\":500,\"caption\":\"Tactical Foodpack matkaeined\"},\"image\":{\"@id\":\"https:\\\/\\\/toidupakk.ee\\\/lt\\\/#\\\/schema\\\/logo\\\/image\\\/\"},\"sameAs\":[\"https:\\\/\\\/www.facebook.com\\\/Toidupakk\",\"https:\\\/\\\/www.instagram.com\\\/toidupakk\\\/\"]}]}<\/script>\n<!-- \/ Yoast SEO plugin. -->","yoast_head_json":{"title":"Super sausainis POWER su \u0161okoladu ir kokosu","description":"Super sausainis POWER su \u0161okoladu ir kokosu \u2013 sveikas u\u017ekandis, turintis 14 % baltym\u0173 ir 18 % skaidul\u0173. Skanus, be glitimo ir draugi\u0161kas aplinkai pasirinkimas kiekvienai dienai.","robots":{"index":"index","follow":"follow","max-snippet":"max-snippet:-1","max-image-preview":"max-image-preview:large","max-video-preview":"max-video-preview:-1"},"canonical":"https:\/\/toidupakk.ee\/lt\/toode\/super-sausainis-power-su-sokoladu-ir-kokosu\/","og_locale":"lt_LT","og_type":"article","og_title":"Super sausainis POWER su \u0161okoladu ir kokosu","og_description":"Super sausainis POWER su \u0161okoladu ir kokosu \u2013 sveikas u\u017ekandis, turintis 14 % baltym\u0173 ir 18 % skaidul\u0173. Skanus, be glitimo ir draugi\u0161kas aplinkai pasirinkimas kiekvienai dienai.","og_url":"https:\/\/toidupakk.ee\/lt\/toode\/super-sausainis-power-su-sokoladu-ir-kokosu\/","og_site_name":"Toidupakk.ee - Tactical Foodpack toidupakid","article_publisher":"https:\/\/www.facebook.com\/Toidupakk","article_modified_time":"2026-04-14T08:01:22+00:00","og_image":[{"width":800,"height":800,"url":"https:\/\/toidupakk.ee\/wp-content\/uploads\/2025\/06\/Nimetu-kujundus-20.png","type":"image\/png"}],"twitter_card":"summary_large_image","twitter_misc":{"Est. reading time":"2 minut\u0117s"},"schema":{"@context":"https:\/\/schema.org","@graph":[{"@type":"WebPage","@id":"https:\/\/toidupakk.ee\/lt\/toode\/super-sausainis-power-su-sokoladu-ir-kokosu\/","url":"https:\/\/toidupakk.ee\/lt\/toode\/super-sausainis-power-su-sokoladu-ir-kokosu\/","name":"Super sausainis POWER su \u0161okoladu ir kokosu","isPartOf":{"@id":"https:\/\/toidupakk.ee\/lt\/#website"},"primaryImageOfPage":{"@id":"https:\/\/toidupakk.ee\/lt\/toode\/super-sausainis-power-su-sokoladu-ir-kokosu\/#primaryimage"},"image":{"@id":"https:\/\/toidupakk.ee\/lt\/toode\/super-sausainis-power-su-sokoladu-ir-kokosu\/#primaryimage"},"thumbnailUrl":"https:\/\/toidupakk.ee\/wp-content\/uploads\/2025\/06\/Nimetu-kujundus-20.png","datePublished":"2025-06-16T11:29:15+00:00","dateModified":"2026-04-14T08:01:22+00:00","description":"Super sausainis POWER su \u0161okoladu ir kokosu \u2013 sveikas u\u017ekandis, turintis 14 % baltym\u0173 ir 18 % skaidul\u0173. Skanus, be glitimo ir draugi\u0161kas aplinkai pasirinkimas kiekvienai dienai.","breadcrumb":{"@id":"https:\/\/toidupakk.ee\/lt\/toode\/super-sausainis-power-su-sokoladu-ir-kokosu\/#breadcrumb"},"inLanguage":"lt-LT","potentialAction":[{"@type":"ReadAction","target":["https:\/\/toidupakk.ee\/lt\/toode\/super-sausainis-power-su-sokoladu-ir-kokosu\/"]}]},{"@type":"ImageObject","inLanguage":"lt-LT","@id":"https:\/\/toidupakk.ee\/lt\/toode\/super-sausainis-power-su-sokoladu-ir-kokosu\/#primaryimage","url":"https:\/\/toidupakk.ee\/wp-content\/uploads\/2025\/06\/Nimetu-kujundus-20.png","contentUrl":"https:\/\/toidupakk.ee\/wp-content\/uploads\/2025\/06\/Nimetu-kujundus-20.png","width":800,"height":800},{"@type":"BreadcrumbList","@id":"https:\/\/toidupakk.ee\/lt\/toode\/super-sausainis-power-su-sokoladu-ir-kokosu\/#breadcrumb","itemListElement":[{"@type":"ListItem","position":1,"name":"Avaleht","item":"https:\/\/toidupakk.ee\/lt\/"},{"@type":"ListItem","position":2,"name":"El. parduotuv\u0117","item":"https:\/\/toidupakk.ee\/lt\/el-parduotuve\/"},{"@type":"ListItem","position":3,"name":"Super sausainis POWER su \u0161okoladu ir kokosu"}]},{"@type":"WebSite","@id":"https:\/\/toidupakk.ee\/lt\/#website","url":"https:\/\/toidupakk.ee\/lt\/","name":"Toidupakk.ee - Tactical Foodpack toidupakid","description":"Tactical Foodpack k\u00fclmkuivatatud toidupakid ja matkaeined","publisher":{"@id":"https:\/\/toidupakk.ee\/lt\/#organization"},"potentialAction":[{"@type":"SearchAction","target":{"@type":"EntryPoint","urlTemplate":"https:\/\/toidupakk.ee\/lt\/?s={search_term_string}"},"query-input":{"@type":"PropertyValueSpecification","valueRequired":true,"valueName":"search_term_string"}}],"inLanguage":"lt-LT"},{"@type":"Organization","@id":"https:\/\/toidupakk.ee\/lt\/#organization","name":"Tactical Foodpack matkaeined","url":"https:\/\/toidupakk.ee\/lt\/","logo":{"@type":"ImageObject","inLanguage":"lt-LT","@id":"https:\/\/toidupakk.ee\/lt\/#\/schema\/logo\/image\/","url":"https:\/\/toidupakk.ee\/wp-content\/uploads\/2022\/01\/Toidupakk-matkapood-logo-transparent.png","contentUrl":"https:\/\/toidupakk.ee\/wp-content\/uploads\/2022\/01\/Toidupakk-matkapood-logo-transparent.png","width":500,"height":500,"caption":"Tactical Foodpack matkaeined"},"image":{"@id":"https:\/\/toidupakk.ee\/lt\/#\/schema\/logo\/image\/"},"sameAs":["https:\/\/www.facebook.com\/Toidupakk","https:\/\/www.instagram.com\/toidupakk\/"]}]}},"jetpack_sharing_enabled":true,"_links":{"self":[{"href":"https:\/\/toidupakk.ee\/lt\/wp-json\/wp\/v2\/product\/45974","targetHints":{"allow":["GET"]}}],"collection":[{"href":"https:\/\/toidupakk.ee\/lt\/wp-json\/wp\/v2\/product"}],"about":[{"href":"https:\/\/toidupakk.ee\/lt\/wp-json\/wp\/v2\/types\/product"}],"replies":[{"embeddable":true,"href":"https:\/\/toidupakk.ee\/lt\/wp-json\/wp\/v2\/comments?post=45974"}],"wp:featuredmedia":[{"embeddable":true,"href":"https:\/\/toidupakk.ee\/lt\/wp-json\/wp\/v2\/media\/36367"}],"wp:attachment":[{"href":"https:\/\/toidupakk.ee\/lt\/wp-json\/wp\/v2\/media?parent=45974"}],"wp:term":[{"taxonomy":"product_brand","embeddable":true,"href":"https:\/\/toidupakk.ee\/lt\/wp-json\/wp\/v2\/product_brand?post=45974"},{"taxonomy":"product_cat","embeddable":true,"href":"https:\/\/toidupakk.ee\/lt\/wp-json\/wp\/v2\/product_cat?post=45974"},{"taxonomy":"product_tag","embeddable":true,"href":"https:\/\/toidupakk.ee\/lt\/wp-json\/wp\/v2\/product_tag?post=45974"}],"curies":[{"name":"wp","href":"https:\/\/api.w.org\/{rel}","templated":true}]}}