{"id":45967,"date":"2025-03-21T14:21:42","date_gmt":"2025-03-21T12:21:42","guid":{"rendered":"https:\/\/toidupakk.ee\/toode\/turistinis-kilimelis-miegamasis-pagrindas-18-mm\/"},"modified":"2026-04-04T00:00:49","modified_gmt":"2026-04-03T21:00:49","slug":"turistinis-kilimelis-miegamasis-pagrindas-18-mm","status":"publish","type":"product","link":"https:\/\/toidupakk.ee\/lt\/toode\/turistinis-kilimelis-miegamasis-pagrindas-18-mm\/","title":{"rendered":"Turistinis kilim\u0117lis-miegamasis pagrindas 18 mm"},"content":{"rendered":"<h3 data-start=\"0\" data-end=\"75\"><strong data-start=\"4\" data-end=\"73\">M90 turistinis kilim\u0117lis \u2013 patikimas ir patvarus pasirinkimas kiekvienam \u017eygeiviui<\/strong><\/h3>\n<p data-start=\"77\" data-end=\"671\">Jei ie\u0161kai prakti\u0161ko, patvaraus ir lengvai ne\u0161iojamo miegojimo kilim\u0117lio, <strong data-start=\"158\" data-end=\"175\">M90 turistinis kilim\u0117lis<\/strong> yra idealus pasirinkimas. \u0160is kokybi\u0161kas ir universalus <strong data-start=\"226\" data-end=\"239\">turistinis kilim\u0117lis<\/strong> sukurtas \u017eygiams, stovyklavimui ir kaip karin\u0117s ekipiruot\u0117s dalis, u\u017etikrinanti puiki\u0105 apsaug\u0105 nuo \u0161al\u010dio bei nelygaus pavir\u0161iaus. <strong data-start=\"368\" data-end=\"398\">18 mm storio putplastis<\/strong> garantuoja efektyvi\u0105 izoliacij\u0105 ir komfort\u0105 net sud\u0117tingiausiomis oro s\u0105lygomis. D\u0117l <strong data-start=\"488\" data-end=\"527\">lengvos ir sulankstomos konstrukcijos<\/strong> j\u012f paprasta transportuoti bei pritvirtinti prie kuprin\u0117s, tod\u0117l jis tampa idealiu palydovu tiek trumpose, tiek ilgesn\u0117se kelion\u0117se.  <\/p>\n<h3 data-start=\"678\" data-end=\"734\"><strong data-start=\"682\" data-end=\"732\">Efektyvi \u0161ilumos izoliacija ir maksimalus komfortas<\/strong><\/h3>\n<p data-start=\"736\" data-end=\"1099\"><strong data-start=\"736\" data-end=\"753\">M90 turistinis kilim\u0117lis<\/strong> sukurtas suteikti <strong data-start=\"776\" data-end=\"830\">maksimal\u0173 komfort\u0105 net ekstremaliomis s\u0105lygomis<\/strong>. Jo patvarus putplastis padeda <strong data-start=\"868\" data-end=\"889\">i\u0161laikyti k\u016bno \u0161ilum\u0105<\/strong>, neleisdamas \u0161al\u010diui skverbtis nuo \u017eem\u0117s. Tai u\u017etikrina gilesn\u012f mieg\u0105 ir geresn\u012f poils\u012f \u2013 tai svarbus privalumas nakvojant v\u0117sioje ar dr\u0117gnoje aplinkoje, kur \u012fprasto pagrindo gali nepakakti.  <\/p>\n<ul>\n<li data-start=\"1101\" data-end=\"1369\"><strong data-start=\"1103\" data-end=\"1133\">18 mm storio putplastis<\/strong> \u2013 efektyvi \u0161ilumos izoliacija ir patogus mink\u0161tumas.<\/li>\n<li data-start=\"1101\" data-end=\"1369\"><strong data-start=\"1184\" data-end=\"1212\">Dr\u0117gmei atsparus pavir\u0161ius<\/strong> \u2013 neleid\u017eia gertis vandeniui ir purvui, taip prailgindamas kilim\u0117lio tarnavimo laik\u0105.<\/li>\n<li data-start=\"1101\" data-end=\"1369\"><strong data-start=\"1280\" data-end=\"1303\">Lengvas ir patvarus<\/strong> \u2013 paprasta pasiimti kartu, o d\u0117l ma\u017eo svorio jis neprideda papildomos na\u0161tos ir yra atsparesnis reljefo nelygumams nei bet koks pripu\u010diamas \u010diu\u017einys.<\/li>\n<\/ul>\n<p><img fetchpriority=\"high\" decoding=\"async\" class=\"alignnone wp-image-33300 size-medium\" src=\"https:\/\/toidupakk.ee\/wp-content\/uploads\/2025\/03\/313237_11_07-300x300.jpg\" alt=\"M90 turistinis kilim\u0117lis \u2013 patvarus ir kompakti\u0161kas miegojimo pagrindas \u017eygiams, stovyklavimui ir karinei ekipiruotei, u\u017etikrinantis \u0161ilum\u0105 ir komfort\u0105 bet kokioje situacijoje\" width=\"300\" height=\"300\" srcset=\"https:\/\/toidupakk.ee\/wp-content\/uploads\/2025\/03\/313237_11_07-300x300.jpg 300w, https:\/\/toidupakk.ee\/wp-content\/uploads\/2025\/03\/313237_11_07-400x400.jpg 400w, https:\/\/toidupakk.ee\/wp-content\/uploads\/2025\/03\/313237_11_07-100x100.jpg 100w, https:\/\/toidupakk.ee\/wp-content\/uploads\/2025\/03\/313237_11_07-500x500.jpg 500w, https:\/\/toidupakk.ee\/wp-content\/uploads\/2025\/03\/313237_11_07-768x768.jpg 768w, https:\/\/toidupakk.ee\/wp-content\/uploads\/2025\/03\/313237_11_07.jpg 800w\" sizes=\"(max-width: 300px) 100vw, 300px\" \/><\/p>\n<h3 data-start=\"1376\" data-end=\"1410\"><strong data-start=\"1380\" data-end=\"1408\">Paprasta ir patogu naudoti \u2013 universalus turistinis kilim\u0117lis<\/strong><\/h3>\n<p data-start=\"1412\" data-end=\"1657\">Skirtingai nei pripu\u010diam\u0173 \u010diu\u017eini\u0173, <strong data-start=\"1438\" data-end=\"1476\">M90 kilim\u0117lio nereikia prip\u016bsti<\/strong> \u2013 jis <strong data-start=\"1486\" data-end=\"1508\">i\u0161kart paruo\u0161tas naudoti<\/strong>. Nereikia pompos, taip pat nereikia sukti galvos d\u0117l prad\u016brim\u0173 ar oro nuot\u0117kio. Tiesiog patiesk j\u012f ir m\u0117gaukis patogia poilsio vieta.  <\/p>\n<ul>\n<li data-start=\"1659\" data-end=\"1921\"><strong data-start=\"1662\" data-end=\"1686\">Matmenys i\u0161skleidus:<\/strong> 190 \u00d7 60 cm \u2013 pakankamai didelis ir tinkamas \u012fvairioms miegojimo pozoms.<\/li>\n<li data-start=\"1659\" data-end=\"1921\"><strong data-start=\"1759\" data-end=\"1781\">Kompakti\u0161kas ir lengvas<\/strong> \u2013 sulankstyt\u0105 paprasta transportuoti ir laikyti.<\/li>\n<li data-start=\"1659\" data-end=\"1921\"><strong data-start=\"1836\" data-end=\"1872\">Lengva pritvirtinti prie kuprin\u0117s<\/strong> \u2013 neu\u017eima daug vietos ir neprideda perteklinio svorio.<\/li>\n<\/ul>\n<h3 data-start=\"1928\" data-end=\"1965\"><strong data-start=\"1932\" data-end=\"1963\">Universalus panaudojimas<\/strong><\/h3>\n<p data-start=\"1967\" data-end=\"2030\"><strong data-start=\"1967\" data-end=\"1984\">M90 turistinis kilim\u0117lis<\/strong> tinka daugeliui \u012fvairi\u0173 veikl\u0173:<\/p>\n<ul>\n<li data-start=\"2032\" data-end=\"2319\"><strong data-start=\"2035\" data-end=\"2061\">\u017dygiai ir stovyklavimas<\/strong> \u2013 idealus sprendimas, u\u017etikrinantis skland\u017ei\u0105 i\u0161vyk\u0105 ir garantuojantis sald\u0173 mieg\u0105.<\/li>\n<li data-start=\"2032\" data-end=\"2319\"><strong data-start=\"2128\" data-end=\"2148\">Karin\u0117 ekipiruot\u0117<\/strong> \u2013 patvarus ir patikimas, tinkamas net at\u0161iauriausioms s\u0105lygoms.<\/li>\n<li data-start=\"2032\" data-end=\"2319\"><strong data-start=\"2220\" data-end=\"2253\">Ekstremalios situacijos ir atsargin\u0117 \u012franga<\/strong> \u2013 naudingas automobilyje ar netik\u0117t\u0173 krizi\u0173 atvejais.<\/li>\n<\/ul>\n<p><strong data-start=\"4\" data-end=\"45\">M90 18 mm miegojimo pagrindas<\/strong> yra patvarus ir patogus kilim\u0117lis, suteikiantis ger\u0105 izoliacij\u0105 ir atram\u0105 nakvynei lauke, idealiai tinkantis \u017eygiams ir naudojimui lauko s\u0105lygomis.<\/p>\n<p data-start=\"2326\" data-end=\"2365\">Daugiau turizmo preki\u0173 rasi <a href=\"https:\/\/toidupakk.ee\/lt\/tootekategooria\/zygio-iranga\/#section-3-79\">\u010cIA<\/a><\/p>\n<p data-start=\"2367\" data-end=\"2453\" data-is-last-node=\"\" data-is-only-node=\"\">Pasisemk \u012fkv\u0117pimo kitiems nuotykiams \u201eToidupakk\u201c <strong data-start=\"2411\" data-end=\"2452\"><a href=\"https:\/\/www.instagram.com\/toidupakk\/\">Instagram<\/a> ir <a href=\"https:\/\/www.facebook.com\/Toidupakk\/\">Facebook<\/a><\/strong> paskyrose.<\/p>\n","protected":false},"excerpt":{"rendered":"<p data-start=\"200\" data-end=\"570\"><strong data-start=\"200\" data-end=\"217\">M90 turistinis kilim\u0117lis<\/strong> sukurtas suteikti maksimal\u0173 komfort\u0105 ir izoliacij\u0105 bet kokioje situacijoje. \u0160is patvarus ir lengvas <strong data-start=\"314\" data-end=\"327\">turistinis kilim\u0117lis<\/strong> u\u017etikrina ger\u0105 apsaug\u0105 nuo \u0161al\u010dio bei dr\u0117gm\u0117s, kartu yra lengvai ne\u0161iojamas ir sulankstomas. <strong data-start=\"427\" data-end=\"444\">Turistinis kilim\u0117lis M90<\/strong> puikiai tinka tiek kariniam naudojimui, tiek laisvalaikiui, suteikdamas tvirt\u0105 ir patikim\u0105 miegojimo pavir\u0161i\u0173 bet kokiame reljefe. <\/p>\n<ul>\n<li data-start=\"440\" data-end=\"948\"><strong data-start=\"443\" data-end=\"464\">Efektyvi izoliacija<\/strong> \u2013 18 mm storio putplastis u\u017etikrina puik\u0173 \u0161ilumos i\u0161laikym\u0105 ir komfort\u0105.<\/li>\n<li data-start=\"440\" data-end=\"948\"><strong data-start=\"544\" data-end=\"569\">Lengvas ir ne\u0161iojamas<\/strong> \u2013 paprasta sulankstyti ir pritvirtinti prie kuprin\u0117s.<\/li>\n<li data-start=\"440\" data-end=\"948\"><strong data-start=\"628\" data-end=\"659\">Atsparus dr\u0117gmei ir patvarus<\/strong> \u2013 pavir\u0161ius saugo nuo dr\u0117gm\u0117s ir purvo, tinka bet kokiam orui.<\/li>\n<li data-start=\"440\" data-end=\"948\"><strong data-start=\"737\" data-end=\"755\">Patog\u016bs matmenys<\/strong> \u2013 190 \u00d7 60 cm dyd\u017eio pagrindas suteikia pakankamai vietos patogiai miegoti bet kokioje pozoje.<\/li>\n<li data-start=\"440\" data-end=\"948\"><strong data-start=\"844\" data-end=\"867\">Universalus naudojimas<\/strong> \u2013 idealiai tinka stovyklavimui, \u017eygiams, karinei ekipiruotei ar ekstremalioms situacijoms.<\/li>\n<\/ul>\n<p>\u2705 Turime sand\u0117lyje, greitas pristatymas per 1\u20133 d. d.<br \/>\n\u2705 Pirk dabar, mok\u0117k v\u0117liau (pal\u016bkanos 0 %)<\/p>\n","protected":false},"featured_media":45970,"comment_status":"open","ping_status":"closed","template":"","meta":{"_acf_changed":false},"product_brand":[],"product_cat":[216,189,190],"product_tag":[],"class_list":{"0":"post-45967","1":"product","2":"type-product","3":"status-publish","4":"has-post-thumbnail","6":"product_cat-pripuciami-kilimeliai-turistiniai-kilimeliai","7":"product_cat-zygio-iranga","8":"product_cat-zygio-prekes","10":"first","11":"instock","12":"sale","13":"taxable","14":"shipping-taxable","15":"purchasable","16":"product-type-simple"},"bundled_by":[],"bundle_stock_status":"instock","bundle_stock_quantity":2,"bundle_virtual":false,"bundle_layout":"","bundle_add_to_cart_form_location":"","bundle_editable_in_cart":false,"bundle_sold_individually_context":"","bundle_item_grouping":"","bundle_min_size":"","bundle_max_size":"","bundle_price":[],"bundled_items":[],"bundle_sell_ids":[],"acf":[],"yoast_head":"<!-- This site is optimized with the Yoast SEO plugin v27.1.1 - https:\/\/yoast.com\/product\/yoast-seo-wordpress\/ -->\n<title>Turistinis kilim\u0117lis-miegamasis pagrindas 18 mm<\/title>\n<meta name=\"description\" content=\"M90 turistinis kilim\u0117lis yra patvarus, lengvas ir dr\u0117gmei atsparus pagrindas \u017eygiams bei stovyklavimui. 18 mm storio putplastis u\u017etikrina komfort\u0105 ir \u0161ilumos izoliacij\u0105.\" \/>\n<meta name=\"robots\" content=\"index, follow, max-snippet:-1, max-image-preview:large, max-video-preview:-1\" \/>\n<link rel=\"canonical\" href=\"https:\/\/toidupakk.ee\/lt\/toode\/turistinis-kilimelis-miegamasis-pagrindas-18-mm\/\" \/>\n<meta property=\"og:locale\" content=\"lt_LT\" \/>\n<meta property=\"og:type\" content=\"article\" \/>\n<meta property=\"og:title\" content=\"Turistinis kilim\u0117lis-miegamasis pagrindas 18 mm\" \/>\n<meta property=\"og:description\" content=\"M90 turistinis kilim\u0117lis yra patvarus, lengvas ir dr\u0117gmei atsparus pagrindas \u017eygiams bei stovyklavimui. 18 mm storio putplastis u\u017etikrina komfort\u0105 ir \u0161ilumos izoliacij\u0105.\" \/>\n<meta property=\"og:url\" content=\"https:\/\/toidupakk.ee\/lt\/toode\/turistinis-kilimelis-miegamasis-pagrindas-18-mm\/\" \/>\n<meta property=\"og:site_name\" content=\"Toidupakk.ee - Tactical Foodpack toidupakid\" \/>\n<meta property=\"article:publisher\" content=\"https:\/\/www.facebook.com\/Toidupakk\" \/>\n<meta property=\"article:modified_time\" content=\"2026-04-03T21:00:49+00:00\" \/>\n<meta property=\"og:image\" content=\"https:\/\/toidupakk.ee\/wp-content\/uploads\/2025\/03\/1-3.png\" \/>\n\t<meta property=\"og:image:width\" content=\"800\" \/>\n\t<meta property=\"og:image:height\" content=\"800\" \/>\n\t<meta property=\"og:image:type\" content=\"image\/png\" \/>\n<meta name=\"twitter:card\" content=\"summary_large_image\" \/>\n<meta name=\"twitter:label1\" content=\"Est. reading time\" \/>\n\t<meta name=\"twitter:data1\" content=\"2 minut\u0117s\" \/>\n<script type=\"application\/ld+json\" class=\"yoast-schema-graph\">{\"@context\":\"https:\/\/schema.org\",\"@graph\":[{\"@type\":\"WebPage\",\"@id\":\"https:\/\/toidupakk.ee\/lt\/toode\/turistinis-kilimelis-miegamasis-pagrindas-18-mm\/\",\"url\":\"https:\/\/toidupakk.ee\/lt\/toode\/turistinis-kilimelis-miegamasis-pagrindas-18-mm\/\",\"name\":\"Turistinis kilim\u0117lis-miegamasis pagrindas 18 mm\",\"isPartOf\":{\"@id\":\"https:\/\/toidupakk.ee\/lt\/#website\"},\"primaryImageOfPage\":{\"@id\":\"https:\/\/toidupakk.ee\/lt\/toode\/turistinis-kilimelis-miegamasis-pagrindas-18-mm\/#primaryimage\"},\"image\":{\"@id\":\"https:\/\/toidupakk.ee\/lt\/toode\/turistinis-kilimelis-miegamasis-pagrindas-18-mm\/#primaryimage\"},\"thumbnailUrl\":\"https:\/\/toidupakk.ee\/wp-content\/uploads\/2025\/03\/1-3.png\",\"datePublished\":\"2025-03-21T12:21:42+00:00\",\"dateModified\":\"2026-04-03T21:00:49+00:00\",\"description\":\"M90 turistinis kilim\u0117lis yra patvarus, lengvas ir dr\u0117gmei atsparus pagrindas \u017eygiams bei stovyklavimui. 18 mm storio putplastis u\u017etikrina komfort\u0105 ir \u0161ilumos izoliacij\u0105.\",\"breadcrumb\":{\"@id\":\"https:\/\/toidupakk.ee\/lt\/toode\/turistinis-kilimelis-miegamasis-pagrindas-18-mm\/#breadcrumb\"},\"inLanguage\":\"lt-LT\",\"potentialAction\":[{\"@type\":\"ReadAction\",\"target\":[\"https:\/\/toidupakk.ee\/lt\/toode\/turistinis-kilimelis-miegamasis-pagrindas-18-mm\/\"]}]},{\"@type\":\"ImageObject\",\"inLanguage\":\"lt-LT\",\"@id\":\"https:\/\/toidupakk.ee\/lt\/toode\/turistinis-kilimelis-miegamasis-pagrindas-18-mm\/#primaryimage\",\"url\":\"https:\/\/toidupakk.ee\/wp-content\/uploads\/2025\/03\/1-3.png\",\"contentUrl\":\"https:\/\/toidupakk.ee\/wp-content\/uploads\/2025\/03\/1-3.png\",\"width\":800,\"height\":800},{\"@type\":\"BreadcrumbList\",\"@id\":\"https:\/\/toidupakk.ee\/lt\/toode\/turistinis-kilimelis-miegamasis-pagrindas-18-mm\/#breadcrumb\",\"itemListElement\":[{\"@type\":\"ListItem\",\"position\":1,\"name\":\"Avaleht\",\"item\":\"https:\/\/toidupakk.ee\/lt\/\"},{\"@type\":\"ListItem\",\"position\":2,\"name\":\"El. parduotuv\u0117\",\"item\":\"https:\/\/toidupakk.ee\/lt\/el-parduotuve\/\"},{\"@type\":\"ListItem\",\"position\":3,\"name\":\"Turistinis kilim\u0117lis-miegamasis pagrindas 18 mm\"}]},{\"@type\":\"WebSite\",\"@id\":\"https:\/\/toidupakk.ee\/lt\/#website\",\"url\":\"https:\/\/toidupakk.ee\/lt\/\",\"name\":\"Toidupakk.ee - Tactical Foodpack toidupakid\",\"description\":\"Tactical Foodpack k\u00fclmkuivatatud toidupakid ja matkaeined\",\"publisher\":{\"@id\":\"https:\/\/toidupakk.ee\/lt\/#organization\"},\"potentialAction\":[{\"@type\":\"SearchAction\",\"target\":{\"@type\":\"EntryPoint\",\"urlTemplate\":\"https:\/\/toidupakk.ee\/lt\/?s={search_term_string}\"},\"query-input\":{\"@type\":\"PropertyValueSpecification\",\"valueRequired\":true,\"valueName\":\"search_term_string\"}}],\"inLanguage\":\"lt-LT\"},{\"@type\":\"Organization\",\"@id\":\"https:\/\/toidupakk.ee\/lt\/#organization\",\"name\":\"Tactical Foodpack matkaeined\",\"url\":\"https:\/\/toidupakk.ee\/lt\/\",\"logo\":{\"@type\":\"ImageObject\",\"inLanguage\":\"lt-LT\",\"@id\":\"https:\/\/toidupakk.ee\/lt\/#\/schema\/logo\/image\/\",\"url\":\"https:\/\/toidupakk.ee\/wp-content\/uploads\/2022\/01\/Toidupakk-matkapood-logo-transparent.png\",\"contentUrl\":\"https:\/\/toidupakk.ee\/wp-content\/uploads\/2022\/01\/Toidupakk-matkapood-logo-transparent.png\",\"width\":500,\"height\":500,\"caption\":\"Tactical Foodpack matkaeined\"},\"image\":{\"@id\":\"https:\/\/toidupakk.ee\/lt\/#\/schema\/logo\/image\/\"},\"sameAs\":[\"https:\/\/www.facebook.com\/Toidupakk\",\"https:\/\/www.instagram.com\/toidupakk\/\"]}]}<\/script>\n<!-- \/ Yoast SEO plugin. -->","yoast_head_json":{"title":"Turistinis kilim\u0117lis-miegamasis pagrindas 18 mm","description":"M90 turistinis kilim\u0117lis yra patvarus, lengvas ir dr\u0117gmei atsparus pagrindas \u017eygiams bei stovyklavimui. 18 mm storio putplastis u\u017etikrina komfort\u0105 ir \u0161ilumos izoliacij\u0105.","robots":{"index":"index","follow":"follow","max-snippet":"max-snippet:-1","max-image-preview":"max-image-preview:large","max-video-preview":"max-video-preview:-1"},"canonical":"https:\/\/toidupakk.ee\/lt\/toode\/turistinis-kilimelis-miegamasis-pagrindas-18-mm\/","og_locale":"lt_LT","og_type":"article","og_title":"Turistinis kilim\u0117lis-miegamasis pagrindas 18 mm","og_description":"M90 turistinis kilim\u0117lis yra patvarus, lengvas ir dr\u0117gmei atsparus pagrindas \u017eygiams bei stovyklavimui. 18 mm storio putplastis u\u017etikrina komfort\u0105 ir \u0161ilumos izoliacij\u0105.","og_url":"https:\/\/toidupakk.ee\/lt\/toode\/turistinis-kilimelis-miegamasis-pagrindas-18-mm\/","og_site_name":"Toidupakk.ee - Tactical Foodpack toidupakid","article_publisher":"https:\/\/www.facebook.com\/Toidupakk","article_modified_time":"2026-04-03T21:00:49+00:00","og_image":[{"width":800,"height":800,"url":"https:\/\/toidupakk.ee\/wp-content\/uploads\/2025\/03\/1-3.png","type":"image\/png"}],"twitter_card":"summary_large_image","twitter_misc":{"Est. reading time":"2 minut\u0117s"},"schema":{"@context":"https:\/\/schema.org","@graph":[{"@type":"WebPage","@id":"https:\/\/toidupakk.ee\/lt\/toode\/turistinis-kilimelis-miegamasis-pagrindas-18-mm\/","url":"https:\/\/toidupakk.ee\/lt\/toode\/turistinis-kilimelis-miegamasis-pagrindas-18-mm\/","name":"Turistinis kilim\u0117lis-miegamasis pagrindas 18 mm","isPartOf":{"@id":"https:\/\/toidupakk.ee\/lt\/#website"},"primaryImageOfPage":{"@id":"https:\/\/toidupakk.ee\/lt\/toode\/turistinis-kilimelis-miegamasis-pagrindas-18-mm\/#primaryimage"},"image":{"@id":"https:\/\/toidupakk.ee\/lt\/toode\/turistinis-kilimelis-miegamasis-pagrindas-18-mm\/#primaryimage"},"thumbnailUrl":"https:\/\/toidupakk.ee\/wp-content\/uploads\/2025\/03\/1-3.png","datePublished":"2025-03-21T12:21:42+00:00","dateModified":"2026-04-03T21:00:49+00:00","description":"M90 turistinis kilim\u0117lis yra patvarus, lengvas ir dr\u0117gmei atsparus pagrindas \u017eygiams bei stovyklavimui. 18 mm storio putplastis u\u017etikrina komfort\u0105 ir \u0161ilumos izoliacij\u0105.","breadcrumb":{"@id":"https:\/\/toidupakk.ee\/lt\/toode\/turistinis-kilimelis-miegamasis-pagrindas-18-mm\/#breadcrumb"},"inLanguage":"lt-LT","potentialAction":[{"@type":"ReadAction","target":["https:\/\/toidupakk.ee\/lt\/toode\/turistinis-kilimelis-miegamasis-pagrindas-18-mm\/"]}]},{"@type":"ImageObject","inLanguage":"lt-LT","@id":"https:\/\/toidupakk.ee\/lt\/toode\/turistinis-kilimelis-miegamasis-pagrindas-18-mm\/#primaryimage","url":"https:\/\/toidupakk.ee\/wp-content\/uploads\/2025\/03\/1-3.png","contentUrl":"https:\/\/toidupakk.ee\/wp-content\/uploads\/2025\/03\/1-3.png","width":800,"height":800},{"@type":"BreadcrumbList","@id":"https:\/\/toidupakk.ee\/lt\/toode\/turistinis-kilimelis-miegamasis-pagrindas-18-mm\/#breadcrumb","itemListElement":[{"@type":"ListItem","position":1,"name":"Avaleht","item":"https:\/\/toidupakk.ee\/lt\/"},{"@type":"ListItem","position":2,"name":"El. parduotuv\u0117","item":"https:\/\/toidupakk.ee\/lt\/el-parduotuve\/"},{"@type":"ListItem","position":3,"name":"Turistinis kilim\u0117lis-miegamasis pagrindas 18 mm"}]},{"@type":"WebSite","@id":"https:\/\/toidupakk.ee\/lt\/#website","url":"https:\/\/toidupakk.ee\/lt\/","name":"Toidupakk.ee - Tactical Foodpack toidupakid","description":"Tactical Foodpack k\u00fclmkuivatatud toidupakid ja matkaeined","publisher":{"@id":"https:\/\/toidupakk.ee\/lt\/#organization"},"potentialAction":[{"@type":"SearchAction","target":{"@type":"EntryPoint","urlTemplate":"https:\/\/toidupakk.ee\/lt\/?s={search_term_string}"},"query-input":{"@type":"PropertyValueSpecification","valueRequired":true,"valueName":"search_term_string"}}],"inLanguage":"lt-LT"},{"@type":"Organization","@id":"https:\/\/toidupakk.ee\/lt\/#organization","name":"Tactical Foodpack matkaeined","url":"https:\/\/toidupakk.ee\/lt\/","logo":{"@type":"ImageObject","inLanguage":"lt-LT","@id":"https:\/\/toidupakk.ee\/lt\/#\/schema\/logo\/image\/","url":"https:\/\/toidupakk.ee\/wp-content\/uploads\/2022\/01\/Toidupakk-matkapood-logo-transparent.png","contentUrl":"https:\/\/toidupakk.ee\/wp-content\/uploads\/2022\/01\/Toidupakk-matkapood-logo-transparent.png","width":500,"height":500,"caption":"Tactical Foodpack matkaeined"},"image":{"@id":"https:\/\/toidupakk.ee\/lt\/#\/schema\/logo\/image\/"},"sameAs":["https:\/\/www.facebook.com\/Toidupakk","https:\/\/www.instagram.com\/toidupakk\/"]}]}},"jetpack_sharing_enabled":true,"_links":{"self":[{"href":"https:\/\/toidupakk.ee\/lt\/wp-json\/wp\/v2\/product\/45967","targetHints":{"allow":["GET"]}}],"collection":[{"href":"https:\/\/toidupakk.ee\/lt\/wp-json\/wp\/v2\/product"}],"about":[{"href":"https:\/\/toidupakk.ee\/lt\/wp-json\/wp\/v2\/types\/product"}],"replies":[{"embeddable":true,"href":"https:\/\/toidupakk.ee\/lt\/wp-json\/wp\/v2\/comments?post=45967"}],"wp:featuredmedia":[{"embeddable":true,"href":"https:\/\/toidupakk.ee\/lt\/wp-json\/wp\/v2\/media\/45970"}],"wp:attachment":[{"href":"https:\/\/toidupakk.ee\/lt\/wp-json\/wp\/v2\/media?parent=45967"}],"wp:term":[{"taxonomy":"product_brand","embeddable":true,"href":"https:\/\/toidupakk.ee\/lt\/wp-json\/wp\/v2\/product_brand?post=45967"},{"taxonomy":"product_cat","embeddable":true,"href":"https:\/\/toidupakk.ee\/lt\/wp-json\/wp\/v2\/product_cat?post=45967"},{"taxonomy":"product_tag","embeddable":true,"href":"https:\/\/toidupakk.ee\/lt\/wp-json\/wp\/v2\/product_tag?post=45967"}],"curies":[{"name":"wp","href":"https:\/\/api.w.org\/{rel}","templated":true}]}}