{"id":45966,"date":"2025-06-16T13:27:24","date_gmt":"2025-06-16T10:27:24","guid":{"rendered":"https:\/\/toidupakk.ee\/toode\/dantu-valymo-tabletes-vaikams-persiku-skonio\/"},"modified":"2026-04-04T04:00:57","modified_gmt":"2026-04-04T01:00:57","slug":"dantu-valymo-tabletes-vaikams-persiku-skonio","status":"publish","type":"product","link":"https:\/\/toidupakk.ee\/lt\/toode\/dantu-valymo-tabletes-vaikams-persiku-skonio\/","title":{"rendered":"Dant\u0173 valymo tablet\u0117s vaikams (persik\u0173 skonio)"},"content":{"rendered":"<h3 data-start=\"103\" data-end=\"185\">Dant\u0173 valymo tablet\u0117s vaikams \u2013 nat\u016bralus ir \u017eaismingas b\u016bdas pri\u017ei\u016br\u0117ti dantis<\/h3>\n<p data-start=\"186\" data-end=\"701\"><strong data-start=\"186\" data-end=\"320\">Nat\u016bralios persik\u0173 skonio dant\u0173 valymo tablet\u0117s vaikams kasdien\u0119 burnos higien\u0105 paver\u010dia malonia ir saugia patirtimi.<\/strong> \u0160velni, bet veiksminga sud\u0117tis sukurta specialiai jautriai vaik\u0173 burnai, o gaminyje n\u0117ra fluorido, alkoholio ar dirbtini\u0173 pried\u0173. D\u0117l ma\u017eo dyd\u017eio ir paprasto naudojimo jos idealiai tinka kelion\u0117ms ar \u012f mokyklin\u0119 kuprin\u0119. Dant\u0173 valymo tablet\u0117s nat\u016braliai palaiko vaiko burnos sveikat\u0105 ir paver\u010dia dant\u0173 valym\u0105 \u012fdomia rutina, kurios vaikas lauks su d\u017eiaugsmu.  <\/p>\n<p data-start=\"186\" data-end=\"701\"><img fetchpriority=\"high\" decoding=\"async\" class=\"alignnone wp-image-36316 size-thumbnail\" src=\"https:\/\/toidupakk.ee\/wp-content\/uploads\/2025\/06\/virsiku-hambapasta-tabletid-lastele-alumiinium-purgis-30tk-peach-toothpaste-tablets-for-kids-in-aluminium-tin-30pc-500x500.jpg\" alt=\"Persik\u0173 skonio dant\u0173 valymo tablet\u0117s vaikams\" width=\"500\" height=\"500\" srcset=\"https:\/\/toidupakk.ee\/wp-content\/uploads\/2025\/06\/virsiku-hambapasta-tabletid-lastele-alumiinium-purgis-30tk-peach-toothpaste-tablets-for-kids-in-aluminium-tin-30pc-500x500.jpg 500w, https:\/\/toidupakk.ee\/wp-content\/uploads\/2025\/06\/virsiku-hambapasta-tabletid-lastele-alumiinium-purgis-30tk-peach-toothpaste-tablets-for-kids-in-aluminium-tin-30pc-300x300.jpg 300w, https:\/\/toidupakk.ee\/wp-content\/uploads\/2025\/06\/virsiku-hambapasta-tabletid-lastele-alumiinium-purgis-30tk-peach-toothpaste-tablets-for-kids-in-aluminium-tin-30pc-1024x1024.jpg 1024w, https:\/\/toidupakk.ee\/wp-content\/uploads\/2025\/06\/virsiku-hambapasta-tabletid-lastele-alumiinium-purgis-30tk-peach-toothpaste-tablets-for-kids-in-aluminium-tin-30pc-768x768.jpg 768w, https:\/\/toidupakk.ee\/wp-content\/uploads\/2025\/06\/virsiku-hambapasta-tabletid-lastele-alumiinium-purgis-30tk-peach-toothpaste-tablets-for-kids-in-aluminium-tin-30pc-400x400.jpg 400w, https:\/\/toidupakk.ee\/wp-content\/uploads\/2025\/06\/virsiku-hambapasta-tabletid-lastele-alumiinium-purgis-30tk-peach-toothpaste-tablets-for-kids-in-aluminium-tin-30pc-800x800.jpg 800w, https:\/\/toidupakk.ee\/wp-content\/uploads\/2025\/06\/virsiku-hambapasta-tabletid-lastele-alumiinium-purgis-30tk-peach-toothpaste-tablets-for-kids-in-aluminium-tin-30pc-100x100.jpg 100w, https:\/\/toidupakk.ee\/wp-content\/uploads\/2025\/06\/virsiku-hambapasta-tabletid-lastele-alumiinium-purgis-30tk-peach-toothpaste-tablets-for-kids-in-aluminium-tin-30pc.jpg 1080w\" sizes=\"(max-width: 500px) 100vw, 500px\" \/><\/p>\n<h3 data-start=\"708\" data-end=\"745\">Kaip naudoti dant\u0173 valymo tabletes<\/h3>\n<p data-start=\"747\" data-end=\"790\">Tabletes naudoti paprasta ir smagu:<\/p>\n<ol>\n<li data-start=\"794\" data-end=\"814\">Sukramtyk tablet\u0119.<\/li>\n<li data-start=\"794\" data-end=\"814\">Valyk dantis dr\u0117gnu \u0161epet\u0117liu.<\/li>\n<li data-start=\"794\" data-end=\"814\">I\u0161spjauk putas.<\/li>\n<\/ol>\n<p data-start=\"872\" data-end=\"1022\">Po naudojimo burnos skalauti neb\u016btina \u2013 leisk nat\u016bralioms sudedamosioms dalims ramiai veikti, kad jos pad\u0117t\u0173 atkurti dant\u0173 emal\u012f ir palaikyt\u0173 danten\u0173 sveikat\u0105.<\/p>\n<h3 data-start=\"1029\" data-end=\"1064\">Vaikams tinkama nat\u016brali sud\u0117tis<\/h3>\n<p data-start=\"1066\" data-end=\"1491\">Persik\u0173 skonio dant\u0173 valymo tablet\u0117se yra \u0161velni\u0173 ir saugi\u0173 ingredient\u0173, padedan\u010di\u0173 i\u0161laikyti vaiko burn\u0105 sveik\u0105 ir gaivi\u0105. Tablet\u0117se esantis hidroksiapatitas (HAp) skatina dant\u0173 emalio atsistatym\u0105 ir padeda ma\u017einti jautrum\u0105. Vaikams saugus ksilitolis subalansuoja burnos pH ir stabdo kenksming\u0173 bakterij\u0173 dauginim\u0105si, kartu palaikydamas nauding\u0105 mikroflor\u0105. Saldus persik\u0173 skonis paver\u010dia dant\u0173 valym\u0105 malonia kasdiene rutina.   <\/p>\n<h3 data-start=\"157\" data-end=\"188\">Dant\u0173 valymo tablet\u0117s vaikams \u2013 atradimo d\u017eiaugsmas visai \u0161eimai<\/h3>\n<p data-start=\"190\" data-end=\"708\" data-is-last-node=\"\" data-is-only-node=\"\">Jei tavo vaikas noriai naudoja dant\u0173 valymo tabletes, kod\u0117l gi nepasi\u016blius tokios pat patogios ir nat\u016bralios alternatyvos likusiai \u0161eimos daliai? \u201eFresmy\u201c asortimente rasi \u012fvairi\u0173 suaugusiesiems skirt\u0173 skoni\u0173 \u2013 nuo gaivinan\u010di\u0173 pipirm\u0117\u010di\u0173 ir raminan\u010di\u0173 m\u0117t\u0173 iki energingos citrinos ar giliai valan\u010dio varianto su Sibiro k\u0117niais ir aktyvint\u0105ja anglimi. Kiekvienoje d\u0117\u017eut\u0117je yra 30 table\u010di\u0173, supakuot\u0173 patogioje aliuminio talpoje \u2013 idealu kasdieniam naudojimui, kelion\u0117ms ar gamtoje. I\u0161bandyk skirtingus skonius ir rask savo m\u0117gstamiausi\u0105!   <\/p>\n<p data-start=\"190\" data-end=\"708\" data-is-last-node=\"\" data-is-only-node=\"\"><img decoding=\"async\" class=\"alignnone wp-image-36317 size-full\" src=\"https:\/\/toidupakk.ee\/wp-content\/uploads\/2025\/06\/Nimetu-kujundus-18.png\" alt=\"\u201eFresmy\u201c dant\u0173 valymo table\u010di\u0173 skoni\u0173 pasirinkimas\" width=\"1200\" height=\"800\" srcset=\"https:\/\/toidupakk.ee\/wp-content\/uploads\/2025\/06\/Nimetu-kujundus-18.png 1200w, https:\/\/toidupakk.ee\/wp-content\/uploads\/2025\/06\/Nimetu-kujundus-18-300x200.png 300w, https:\/\/toidupakk.ee\/wp-content\/uploads\/2025\/06\/Nimetu-kujundus-18-1024x683.png 1024w, https:\/\/toidupakk.ee\/wp-content\/uploads\/2025\/06\/Nimetu-kujundus-18-768x512.png 768w, https:\/\/toidupakk.ee\/wp-content\/uploads\/2025\/06\/Nimetu-kujundus-18-800x533.png 800w\" sizes=\"(max-width: 1200px) 100vw, 1200px\" \/><\/p>\n<p>Per\u017ei\u016br\u0117k daugiau \u017eygi\u0173 reikmen\u0173 <a href=\"https:\/\/toidupakk.ee\/lt\/tootekategooria\/zygio-iranga\/#section-3-79\">\u010cIA<\/a><\/p>\n<p>Pasisemk \u012fkv\u0117pimo kitiems nuotykiams \u201eToidupakk\u201c <a href=\"https:\/\/www.instagram.com\/toidupakk\/\">Instagram<\/a> ir <a href=\"https:\/\/www.facebook.com\/Toidupakk\/\">Facebook<\/a> paskyrose.<\/p>\n","protected":false},"excerpt":{"rendered":"<p data-start=\"1176\" data-end=\"1246\"><strong>Dant\u0173 valymo tablet\u0117s vaikams sujungia persik\u0173 saldum\u0105 ir nat\u016bralum\u0105, paversdamos burnos higien\u0105 skania ir vaikui malonia kasdiene rutina.<\/strong><\/p>\n<ul>\n<li data-start=\"1248\" data-end=\"1637\">Nat\u016bralios persik\u0173 skonio dant\u0173 valymo tablet\u0117s \u2013 skirtos kasdieniam naudojimui<\/li>\n<li data-start=\"1248\" data-end=\"1637\">Sud\u0117tyje yra hidroksiapatito \u2013 nat\u016bralios alternatyvos fluoridui<\/li>\n<li data-start=\"1248\" data-end=\"1637\">Be fluorido, alkoholio ir glitimo, netoksi\u0161kos<\/li>\n<li data-start=\"1248\" data-end=\"1637\">Tinka naudoti nuo 3 met\u0173 am\u017eiaus \u2013 paprasta sistema \u201ekramtyk-valyk-spjauk\u201c <\/li>\n<li data-start=\"1248\" data-end=\"1637\">Supakuota \u012f sandari\u0105 ir perdirbam\u0105 aliuminio d\u0117\u017eut\u0119<\/li>\n<li data-start=\"1248\" data-end=\"1637\">1 d\u0117\u017eut\u0117 = 30 table\u010di\u0173<\/li>\n<\/ul>\n<p data-start=\"1639\" data-end=\"1681\">\u2705 Turime sand\u0117lyje, greitas pristatymas per 1\u20133 darbo dienas<\/p>\n","protected":false},"featured_media":36315,"comment_status":"open","ping_status":"closed","template":"","meta":{"_acf_changed":false},"product_brand":[],"product_cat":[189,190],"product_tag":[194],"class_list":{"0":"post-45966","1":"product","2":"type-product","3":"status-publish","4":"has-post-thumbnail","6":"product_cat-zygio-iranga","7":"product_cat-zygio-prekes","8":"product_tag-no_ads","10":"first","11":"instock","12":"taxable","13":"shipping-taxable","14":"purchasable","15":"product-type-simple"},"bundled_by":[],"bundle_stock_status":"instock","bundle_stock_quantity":5,"bundle_virtual":false,"bundle_layout":"","bundle_add_to_cart_form_location":"","bundle_editable_in_cart":false,"bundle_sold_individually_context":"","bundle_item_grouping":"","bundle_min_size":"","bundle_max_size":"","bundle_price":[],"bundled_items":[],"bundle_sell_ids":[],"acf":[],"yoast_head":"<!-- This site is optimized with the Yoast SEO plugin v27.1.1 - https:\/\/yoast.com\/product\/yoast-seo-wordpress\/ -->\n<title>Dant\u0173 valymo tablet\u0117s vaikams (persik\u0173 skonio)<\/title>\n<meta name=\"description\" content=\"Nat\u016bralios persik\u0173 skonio dant\u0173 valymo tablet\u0117s vaikams \u2013 \u0161velnios, be fluorido ir patogios burnos higienai tiek namuose, tiek kelion\u0117je.\" \/>\n<meta name=\"robots\" content=\"index, follow, max-snippet:-1, max-image-preview:large, max-video-preview:-1\" \/>\n<link rel=\"canonical\" href=\"https:\/\/toidupakk.ee\/lt\/toode\/dantu-valymo-tabletes-vaikams-persiku-skonio\/\" \/>\n<meta property=\"og:locale\" content=\"lt_LT\" \/>\n<meta property=\"og:type\" content=\"article\" \/>\n<meta property=\"og:title\" content=\"Dant\u0173 valymo tablet\u0117s vaikams (persik\u0173 skonio)\" \/>\n<meta property=\"og:description\" content=\"Nat\u016bralios persik\u0173 skonio dant\u0173 valymo tablet\u0117s vaikams \u2013 \u0161velnios, be fluorido ir patogios burnos higienai tiek namuose, tiek kelion\u0117je.\" \/>\n<meta property=\"og:url\" content=\"https:\/\/toidupakk.ee\/lt\/toode\/dantu-valymo-tabletes-vaikams-persiku-skonio\/\" \/>\n<meta property=\"og:site_name\" content=\"Toidupakk.ee - Tactical Foodpack toidupakid\" \/>\n<meta property=\"article:publisher\" content=\"https:\/\/www.facebook.com\/Toidupakk\" \/>\n<meta property=\"article:modified_time\" content=\"2026-04-04T01:00:57+00:00\" \/>\n<meta property=\"og:image\" content=\"https:\/\/toidupakk.ee\/wp-content\/uploads\/2025\/06\/Nimetu-kujundus-17.png\" \/>\n\t<meta property=\"og:image:width\" content=\"800\" \/>\n\t<meta property=\"og:image:height\" content=\"800\" \/>\n\t<meta property=\"og:image:type\" content=\"image\/png\" \/>\n<meta name=\"twitter:card\" content=\"summary_large_image\" \/>\n<meta name=\"twitter:label1\" content=\"Est. reading time\" \/>\n\t<meta name=\"twitter:data1\" content=\"2 minut\u0117s\" \/>\n<script type=\"application\/ld+json\" class=\"yoast-schema-graph\">{\"@context\":\"https:\/\/schema.org\",\"@graph\":[{\"@type\":\"WebPage\",\"@id\":\"https:\/\/toidupakk.ee\/lt\/toode\/dantu-valymo-tabletes-vaikams-persiku-skonio\/\",\"url\":\"https:\/\/toidupakk.ee\/lt\/toode\/dantu-valymo-tabletes-vaikams-persiku-skonio\/\",\"name\":\"Dant\u0173 valymo tablet\u0117s vaikams (persik\u0173 skonio)\",\"isPartOf\":{\"@id\":\"https:\/\/toidupakk.ee\/lt\/#website\"},\"primaryImageOfPage\":{\"@id\":\"https:\/\/toidupakk.ee\/lt\/toode\/dantu-valymo-tabletes-vaikams-persiku-skonio\/#primaryimage\"},\"image\":{\"@id\":\"https:\/\/toidupakk.ee\/lt\/toode\/dantu-valymo-tabletes-vaikams-persiku-skonio\/#primaryimage\"},\"thumbnailUrl\":\"https:\/\/toidupakk.ee\/wp-content\/uploads\/2025\/06\/Nimetu-kujundus-17.png\",\"datePublished\":\"2025-06-16T10:27:24+00:00\",\"dateModified\":\"2026-04-04T01:00:57+00:00\",\"description\":\"Nat\u016bralios persik\u0173 skonio dant\u0173 valymo tablet\u0117s vaikams \u2013 \u0161velnios, be fluorido ir patogios burnos higienai tiek namuose, tiek kelion\u0117je.\",\"breadcrumb\":{\"@id\":\"https:\/\/toidupakk.ee\/lt\/toode\/dantu-valymo-tabletes-vaikams-persiku-skonio\/#breadcrumb\"},\"inLanguage\":\"lt-LT\",\"potentialAction\":[{\"@type\":\"ReadAction\",\"target\":[\"https:\/\/toidupakk.ee\/lt\/toode\/dantu-valymo-tabletes-vaikams-persiku-skonio\/\"]}]},{\"@type\":\"ImageObject\",\"inLanguage\":\"lt-LT\",\"@id\":\"https:\/\/toidupakk.ee\/lt\/toode\/dantu-valymo-tabletes-vaikams-persiku-skonio\/#primaryimage\",\"url\":\"https:\/\/toidupakk.ee\/wp-content\/uploads\/2025\/06\/Nimetu-kujundus-17.png\",\"contentUrl\":\"https:\/\/toidupakk.ee\/wp-content\/uploads\/2025\/06\/Nimetu-kujundus-17.png\",\"width\":800,\"height\":800},{\"@type\":\"BreadcrumbList\",\"@id\":\"https:\/\/toidupakk.ee\/lt\/toode\/dantu-valymo-tabletes-vaikams-persiku-skonio\/#breadcrumb\",\"itemListElement\":[{\"@type\":\"ListItem\",\"position\":1,\"name\":\"Avaleht\",\"item\":\"https:\/\/toidupakk.ee\/lt\/\"},{\"@type\":\"ListItem\",\"position\":2,\"name\":\"El. parduotuv\u0117\",\"item\":\"https:\/\/toidupakk.ee\/lt\/el-parduotuve\/\"},{\"@type\":\"ListItem\",\"position\":3,\"name\":\"Dant\u0173 valymo tablet\u0117s vaikams (persik\u0173 skonio)\"}]},{\"@type\":\"WebSite\",\"@id\":\"https:\/\/toidupakk.ee\/lt\/#website\",\"url\":\"https:\/\/toidupakk.ee\/lt\/\",\"name\":\"Toidupakk.ee - Tactical Foodpack toidupakid\",\"description\":\"Tactical Foodpack k\u00fclmkuivatatud toidupakid ja matkaeined\",\"publisher\":{\"@id\":\"https:\/\/toidupakk.ee\/lt\/#organization\"},\"potentialAction\":[{\"@type\":\"SearchAction\",\"target\":{\"@type\":\"EntryPoint\",\"urlTemplate\":\"https:\/\/toidupakk.ee\/lt\/?s={search_term_string}\"},\"query-input\":{\"@type\":\"PropertyValueSpecification\",\"valueRequired\":true,\"valueName\":\"search_term_string\"}}],\"inLanguage\":\"lt-LT\"},{\"@type\":\"Organization\",\"@id\":\"https:\/\/toidupakk.ee\/lt\/#organization\",\"name\":\"Tactical Foodpack matkaeined\",\"url\":\"https:\/\/toidupakk.ee\/lt\/\",\"logo\":{\"@type\":\"ImageObject\",\"inLanguage\":\"lt-LT\",\"@id\":\"https:\/\/toidupakk.ee\/lt\/#\/schema\/logo\/image\/\",\"url\":\"https:\/\/toidupakk.ee\/wp-content\/uploads\/2022\/01\/Toidupakk-matkapood-logo-transparent.png\",\"contentUrl\":\"https:\/\/toidupakk.ee\/wp-content\/uploads\/2022\/01\/Toidupakk-matkapood-logo-transparent.png\",\"width\":500,\"height\":500,\"caption\":\"Tactical Foodpack matkaeined\"},\"image\":{\"@id\":\"https:\/\/toidupakk.ee\/lt\/#\/schema\/logo\/image\/\"},\"sameAs\":[\"https:\/\/www.facebook.com\/Toidupakk\",\"https:\/\/www.instagram.com\/toidupakk\/\"]}]}<\/script>\n<!-- \/ Yoast SEO plugin. -->","yoast_head_json":{"title":"Dant\u0173 valymo tablet\u0117s vaikams (persik\u0173 skonio)","description":"Nat\u016bralios persik\u0173 skonio dant\u0173 valymo tablet\u0117s vaikams \u2013 \u0161velnios, be fluorido ir patogios burnos higienai tiek namuose, tiek kelion\u0117je.","robots":{"index":"index","follow":"follow","max-snippet":"max-snippet:-1","max-image-preview":"max-image-preview:large","max-video-preview":"max-video-preview:-1"},"canonical":"https:\/\/toidupakk.ee\/lt\/toode\/dantu-valymo-tabletes-vaikams-persiku-skonio\/","og_locale":"lt_LT","og_type":"article","og_title":"Dant\u0173 valymo tablet\u0117s vaikams (persik\u0173 skonio)","og_description":"Nat\u016bralios persik\u0173 skonio dant\u0173 valymo tablet\u0117s vaikams \u2013 \u0161velnios, be fluorido ir patogios burnos higienai tiek namuose, tiek kelion\u0117je.","og_url":"https:\/\/toidupakk.ee\/lt\/toode\/dantu-valymo-tabletes-vaikams-persiku-skonio\/","og_site_name":"Toidupakk.ee - Tactical Foodpack toidupakid","article_publisher":"https:\/\/www.facebook.com\/Toidupakk","article_modified_time":"2026-04-04T01:00:57+00:00","og_image":[{"width":800,"height":800,"url":"https:\/\/toidupakk.ee\/wp-content\/uploads\/2025\/06\/Nimetu-kujundus-17.png","type":"image\/png"}],"twitter_card":"summary_large_image","twitter_misc":{"Est. reading time":"2 minut\u0117s"},"schema":{"@context":"https:\/\/schema.org","@graph":[{"@type":"WebPage","@id":"https:\/\/toidupakk.ee\/lt\/toode\/dantu-valymo-tabletes-vaikams-persiku-skonio\/","url":"https:\/\/toidupakk.ee\/lt\/toode\/dantu-valymo-tabletes-vaikams-persiku-skonio\/","name":"Dant\u0173 valymo tablet\u0117s vaikams (persik\u0173 skonio)","isPartOf":{"@id":"https:\/\/toidupakk.ee\/lt\/#website"},"primaryImageOfPage":{"@id":"https:\/\/toidupakk.ee\/lt\/toode\/dantu-valymo-tabletes-vaikams-persiku-skonio\/#primaryimage"},"image":{"@id":"https:\/\/toidupakk.ee\/lt\/toode\/dantu-valymo-tabletes-vaikams-persiku-skonio\/#primaryimage"},"thumbnailUrl":"https:\/\/toidupakk.ee\/wp-content\/uploads\/2025\/06\/Nimetu-kujundus-17.png","datePublished":"2025-06-16T10:27:24+00:00","dateModified":"2026-04-04T01:00:57+00:00","description":"Nat\u016bralios persik\u0173 skonio dant\u0173 valymo tablet\u0117s vaikams \u2013 \u0161velnios, be fluorido ir patogios burnos higienai tiek namuose, tiek kelion\u0117je.","breadcrumb":{"@id":"https:\/\/toidupakk.ee\/lt\/toode\/dantu-valymo-tabletes-vaikams-persiku-skonio\/#breadcrumb"},"inLanguage":"lt-LT","potentialAction":[{"@type":"ReadAction","target":["https:\/\/toidupakk.ee\/lt\/toode\/dantu-valymo-tabletes-vaikams-persiku-skonio\/"]}]},{"@type":"ImageObject","inLanguage":"lt-LT","@id":"https:\/\/toidupakk.ee\/lt\/toode\/dantu-valymo-tabletes-vaikams-persiku-skonio\/#primaryimage","url":"https:\/\/toidupakk.ee\/wp-content\/uploads\/2025\/06\/Nimetu-kujundus-17.png","contentUrl":"https:\/\/toidupakk.ee\/wp-content\/uploads\/2025\/06\/Nimetu-kujundus-17.png","width":800,"height":800},{"@type":"BreadcrumbList","@id":"https:\/\/toidupakk.ee\/lt\/toode\/dantu-valymo-tabletes-vaikams-persiku-skonio\/#breadcrumb","itemListElement":[{"@type":"ListItem","position":1,"name":"Avaleht","item":"https:\/\/toidupakk.ee\/lt\/"},{"@type":"ListItem","position":2,"name":"El. parduotuv\u0117","item":"https:\/\/toidupakk.ee\/lt\/el-parduotuve\/"},{"@type":"ListItem","position":3,"name":"Dant\u0173 valymo tablet\u0117s vaikams (persik\u0173 skonio)"}]},{"@type":"WebSite","@id":"https:\/\/toidupakk.ee\/lt\/#website","url":"https:\/\/toidupakk.ee\/lt\/","name":"Toidupakk.ee - Tactical Foodpack toidupakid","description":"Tactical Foodpack k\u00fclmkuivatatud toidupakid ja matkaeined","publisher":{"@id":"https:\/\/toidupakk.ee\/lt\/#organization"},"potentialAction":[{"@type":"SearchAction","target":{"@type":"EntryPoint","urlTemplate":"https:\/\/toidupakk.ee\/lt\/?s={search_term_string}"},"query-input":{"@type":"PropertyValueSpecification","valueRequired":true,"valueName":"search_term_string"}}],"inLanguage":"lt-LT"},{"@type":"Organization","@id":"https:\/\/toidupakk.ee\/lt\/#organization","name":"Tactical Foodpack matkaeined","url":"https:\/\/toidupakk.ee\/lt\/","logo":{"@type":"ImageObject","inLanguage":"lt-LT","@id":"https:\/\/toidupakk.ee\/lt\/#\/schema\/logo\/image\/","url":"https:\/\/toidupakk.ee\/wp-content\/uploads\/2022\/01\/Toidupakk-matkapood-logo-transparent.png","contentUrl":"https:\/\/toidupakk.ee\/wp-content\/uploads\/2022\/01\/Toidupakk-matkapood-logo-transparent.png","width":500,"height":500,"caption":"Tactical Foodpack matkaeined"},"image":{"@id":"https:\/\/toidupakk.ee\/lt\/#\/schema\/logo\/image\/"},"sameAs":["https:\/\/www.facebook.com\/Toidupakk","https:\/\/www.instagram.com\/toidupakk\/"]}]}},"jetpack_sharing_enabled":true,"_links":{"self":[{"href":"https:\/\/toidupakk.ee\/lt\/wp-json\/wp\/v2\/product\/45966","targetHints":{"allow":["GET"]}}],"collection":[{"href":"https:\/\/toidupakk.ee\/lt\/wp-json\/wp\/v2\/product"}],"about":[{"href":"https:\/\/toidupakk.ee\/lt\/wp-json\/wp\/v2\/types\/product"}],"replies":[{"embeddable":true,"href":"https:\/\/toidupakk.ee\/lt\/wp-json\/wp\/v2\/comments?post=45966"}],"wp:featuredmedia":[{"embeddable":true,"href":"https:\/\/toidupakk.ee\/lt\/wp-json\/wp\/v2\/media\/36315"}],"wp:attachment":[{"href":"https:\/\/toidupakk.ee\/lt\/wp-json\/wp\/v2\/media?parent=45966"}],"wp:term":[{"taxonomy":"product_brand","embeddable":true,"href":"https:\/\/toidupakk.ee\/lt\/wp-json\/wp\/v2\/product_brand?post=45966"},{"taxonomy":"product_cat","embeddable":true,"href":"https:\/\/toidupakk.ee\/lt\/wp-json\/wp\/v2\/product_cat?post=45966"},{"taxonomy":"product_tag","embeddable":true,"href":"https:\/\/toidupakk.ee\/lt\/wp-json\/wp\/v2\/product_tag?post=45966"}],"curies":[{"name":"wp","href":"https:\/\/api.w.org\/{rel}","templated":true}]}}