{"id":45959,"date":"2024-12-16T14:16:56","date_gmt":"2024-12-16T12:16:56","guid":{"rendered":"https:\/\/toidupakk.ee\/toode\/isorine-baterija-silicon-power-20-000-mah\/"},"modified":"2026-04-04T00:01:09","modified_gmt":"2026-04-03T21:01:09","slug":"isorine-baterija-silicon-power-20-000-mah","status":"publish","type":"product","link":"https:\/\/toidupakk.ee\/lt\/toode\/isorine-baterija-silicon-power-20-000-mah\/","title":{"rendered":"I\u0161orin\u0117 baterija \u201eSilicon Power\u201c, 20 000 mAh"},"content":{"rendered":"<p>&nbsp;<\/p>\n<p><img fetchpriority=\"high\" decoding=\"async\" class=\"alignnone size-full wp-image-30072\" src=\"https:\/\/toidupakk.ee\/wp-content\/uploads\/2024\/12\/QS28_kv.jpg\" alt=\"\" width=\"1080\" height=\"773\" srcset=\"https:\/\/toidupakk.ee\/wp-content\/uploads\/2024\/12\/QS28_kv.jpg 1080w, https:\/\/toidupakk.ee\/wp-content\/uploads\/2024\/12\/QS28_kv-800x573.jpg 800w, https:\/\/toidupakk.ee\/wp-content\/uploads\/2024\/12\/QS28_kv-300x215.jpg 300w, https:\/\/toidupakk.ee\/wp-content\/uploads\/2024\/12\/QS28_kv-1024x733.jpg 1024w, https:\/\/toidupakk.ee\/wp-content\/uploads\/2024\/12\/QS28_kv-768x550.jpg 768w\" sizes=\"(max-width: 1080px) 100vw, 1080px\" \/><\/p>\n<p style=\"text-align: left;\"><strong>I\u0161orin\u0117 baterija \u201eSilicon Power\u201c 20 000 mAh \u2013 trigubas greitojo \u012fkrovimo sprendimas<\/strong><br \/>\n\u201eSilicon Power\u201c 20 000 mAh i\u0161orin\u0117 baterija si\u016blo geriausi\u0105 greitojo \u012fkrovimo sprendim\u0105, palaikant\u012f tris skirtingas didel\u0117s spartos \u012fkrovimo sistemas. \u012ekrauk iki 2,5 karto grei\u010diau naudodamas 18 W \u201ePower Delivery\u201c (PD) per \u201eType-C\u201c jungt\u012f arba QC3.0 ir 22,5 W \u201eSuper Charge\u201c (\u201eHuawei\u201c modeliams) per \u201eUSB Type-A\u201c jungt\u012f. Nesvarbu, koki\u0105 \u012fkrovimo sistem\u0105 naudoji, \u0161i i\u0161orin\u0117 baterija visada palaikys tavo \u012frengini\u0173 baterijas \u017ealiojoje zonoje.  <\/p>\n<p>&nbsp;<\/p>\n<p><img decoding=\"async\" class=\"alignnone size-full wp-image-30073\" src=\"https:\/\/toidupakk.ee\/wp-content\/uploads\/2024\/12\/QS28_Feature1.jpg\" alt=\"\" width=\"1080\" height=\"718\" srcset=\"https:\/\/toidupakk.ee\/wp-content\/uploads\/2024\/12\/QS28_Feature1.jpg 1080w, https:\/\/toidupakk.ee\/wp-content\/uploads\/2024\/12\/QS28_Feature1-800x532.jpg 800w, https:\/\/toidupakk.ee\/wp-content\/uploads\/2024\/12\/QS28_Feature1-300x199.jpg 300w, https:\/\/toidupakk.ee\/wp-content\/uploads\/2024\/12\/QS28_Feature1-1024x681.jpg 1024w, https:\/\/toidupakk.ee\/wp-content\/uploads\/2024\/12\/QS28_Feature1-768x511.jpg 768w\" sizes=\"(max-width: 1080px) 100vw, 1080px\" \/><\/p>\n<h2>\u201eSilicon Power\u201c 20 000 mAh i\u0161orin\u0117s baterijos naudojimo galimyb\u0117s<\/h2>\n<p><strong>Idealiai tinka:<\/strong><\/p>\n<p><strong>Kasdieniam naudojimui<\/strong> \u2013 mokykloje, darbe ar namuose.<br \/>\n<strong>\u017dygiams ir kelion\u0117ms<\/strong> \u2013 lengvas ir kompakti\u0161kas dizainas.<br \/>\n<strong>Atsarginiam maitinimui<\/strong> \u2013 patikimas pasirinkimas avarin\u0117ms situacijoms.<\/p>\n<p><img decoding=\"async\" class=\"alignnone size-full wp-image-30074\" src=\"https:\/\/toidupakk.ee\/wp-content\/uploads\/2024\/12\/QS28_Feature2.jpg\" alt=\"\" width=\"1080\" height=\"781\" srcset=\"https:\/\/toidupakk.ee\/wp-content\/uploads\/2024\/12\/QS28_Feature2.jpg 1080w, https:\/\/toidupakk.ee\/wp-content\/uploads\/2024\/12\/QS28_Feature2-800x579.jpg 800w, https:\/\/toidupakk.ee\/wp-content\/uploads\/2024\/12\/QS28_Feature2-300x217.jpg 300w, https:\/\/toidupakk.ee\/wp-content\/uploads\/2024\/12\/QS28_Feature2-1024x741.jpg 1024w, https:\/\/toidupakk.ee\/wp-content\/uploads\/2024\/12\/QS28_Feature2-768x555.jpg 768w\" sizes=\"(max-width: 1080px) 100vw, 1080px\" \/><\/p>\n<h1>Kod\u0117l verta rinktis \u201eSilicon Power\u201c 20 000 mAh i\u0161orin\u0119 baterij\u0105?<\/h1>\n<p><strong>Didel\u0117 talpa:<\/strong> \u012fkrauna i\u0161maniuosius telefonus iki 4\u20136 kart\u0173.<br \/>\n<strong>USB-C ir Quick Charge 3.0:<\/strong> u\u017etikrina iki 18 W greit\u0105j\u012f \u012fkrovim\u0105.<br \/>\n<strong>Dviguba \u012fvestis:<\/strong> leid\u017eia \u012fkrauti per USB-C ir \u201eMicro-USB\u201c.<br \/>\n<strong>Trij\u0173 \u012frengini\u0173 \u012fkrovimas:<\/strong> \u012fkrauk 3 \u012frenginius vienu metu.<br \/>\n<strong>LED indikatorius:<\/strong> tiksliai rodo baterijos b\u016bsen\u0105.<\/p>\n<p>Pasir\u016bpink, kad tavo elektroniniai \u012frenginiai b\u016bt\u0173 paruo\u0161ti darbui. D\u0117l keli\u0173 i\u0161ves\u010di\u0173 \u0161i i\u0161orin\u0117 baterija greitai taps tavo m\u0117gstamiausiu ne\u0161iojamuoju maitinimo \u0161altiniu. Gali netgi b\u016bti malonus ir pasidalinti viena ar dviem jungtimis su draugu.  <\/p>\n<p><img loading=\"lazy\" decoding=\"async\" class=\"alignnone size-full wp-image-30075\" src=\"https:\/\/toidupakk.ee\/wp-content\/uploads\/2024\/12\/QS28_Feature3.jpg\" alt=\"\" width=\"1080\" height=\"778\" srcset=\"https:\/\/toidupakk.ee\/wp-content\/uploads\/2024\/12\/QS28_Feature3.jpg 1080w, https:\/\/toidupakk.ee\/wp-content\/uploads\/2024\/12\/QS28_Feature3-800x576.jpg 800w, https:\/\/toidupakk.ee\/wp-content\/uploads\/2024\/12\/QS28_Feature3-300x216.jpg 300w, https:\/\/toidupakk.ee\/wp-content\/uploads\/2024\/12\/QS28_Feature3-1024x738.jpg 1024w, https:\/\/toidupakk.ee\/wp-content\/uploads\/2024\/12\/QS28_Feature3-768x553.jpg 768w\" sizes=\"(max-width: 1080px) 100vw, 1080px\" \/><\/p>\n<p>&nbsp;<\/p>\n<p><strong>Triguba \u012fvesties galia<\/strong><br \/>\nSiekiant maksimalaus patogumo, i\u0161orin\u0117 baterija turi tris skirtingas \u012fvestis \u2013 \u201eType-C\u201c, \u201eLightning\u201c ir \u201eMicro-USB\u201c. \u201eType-C\u201c \u012fvestis puikiai tinka vis did\u0117jan\u010diam mobili\u0173j\u0173 \u012frengini\u0173 skai\u010diui, o su tinkamu adapteriu u\u017etikrina greit\u0105 \u012fkrovim\u0105. \u201eLightning\u201c \u012fvestis idealiai tinka \u201eApple\u201c \u012frengini\u0173 naudotojams, suteikdama patogi\u0105 ir greit\u0105 \u012fkrovimo galimyb\u0119.  <\/p>\n<p><img loading=\"lazy\" decoding=\"async\" class=\"alignnone size-full wp-image-30076\" src=\"https:\/\/toidupakk.ee\/wp-content\/uploads\/2024\/12\/QS28_Feature4.jpg\" alt=\"\" width=\"1080\" height=\"793\" srcset=\"https:\/\/toidupakk.ee\/wp-content\/uploads\/2024\/12\/QS28_Feature4.jpg 1080w, https:\/\/toidupakk.ee\/wp-content\/uploads\/2024\/12\/QS28_Feature4-800x587.jpg 800w, https:\/\/toidupakk.ee\/wp-content\/uploads\/2024\/12\/QS28_Feature4-300x220.jpg 300w, https:\/\/toidupakk.ee\/wp-content\/uploads\/2024\/12\/QS28_Feature4-1024x752.jpg 1024w, https:\/\/toidupakk.ee\/wp-content\/uploads\/2024\/12\/QS28_Feature4-768x564.jpg 768w\" sizes=\"(max-width: 1080px) 100vw, 1080px\" \/><\/p>\n<p><img loading=\"lazy\" decoding=\"async\" class=\"alignnone size-full wp-image-27227\" src=\"https:\/\/toidupakk.ee\/wp-content\/uploads\/2024\/09\/QX55_smartSENSE.jpg\" alt=\"\" width=\"1080\" height=\"800\" srcset=\"https:\/\/toidupakk.ee\/wp-content\/uploads\/2024\/09\/QX55_smartSENSE.jpg 1080w, https:\/\/toidupakk.ee\/wp-content\/uploads\/2024\/09\/QX55_smartSENSE-800x593.jpg 800w, https:\/\/toidupakk.ee\/wp-content\/uploads\/2024\/09\/QX55_smartSENSE-300x222.jpg 300w, https:\/\/toidupakk.ee\/wp-content\/uploads\/2024\/09\/QX55_smartSENSE-1024x759.jpg 1024w, https:\/\/toidupakk.ee\/wp-content\/uploads\/2024\/09\/QX55_smartSENSE-768x569.jpg 768w\" sizes=\"(max-width: 1080px) 100vw, 1080px\" \/><\/p>\n<div class=\"flex-shrink-0 flex flex-col relative items-end\">\n<div>\n<div class=\"pt-0\">\n<div class=\"gizmo-bot-avatar flex h-8 w-8 items-center justify-center overflow-hidden rounded-full\">\n<div class=\"relative p-1 rounded-sm flex items-center justify-center bg-token-main-surface-primary text-token-text-primary h-8 w-8\"><\/div>\n<\/div>\n<\/div>\n<\/div>\n<\/div>\n<div class=\"group\/conversation-turn relative flex w-full min-w-0 flex-col agent-turn\">\n<div class=\"flex-col gap-1 md:gap-3\">\n<div class=\"flex max-w-full flex-col flex-grow\">\n<div class=\"min-h-8 text-message flex w-full flex-col items-end gap-2 whitespace-normal break-words [.text-message+&amp;]:mt-5\" dir=\"auto\" data-message-author-role=\"assistant\" data-message-id=\"f64baa41-5f1b-4d2a-a0a0-cf379291abd6\">\n<div class=\"flex w-full flex-col gap-1 empty:hidden first:pt-[3px]\">\n<div class=\"markdown prose w-full break-words dark:prose-invert light\">\n<p><strong>Saugus ir maksimalus \u012fkrovimas su SP pagrindin\u0117mis technologijomis<\/strong><br \/>\n<strong>smartSENSE:<\/strong> intuityvi ir universaliai suderinama \u012fkrovimo technologija, kuri maksimaliai padidina \u012fkrovimo greit\u012f ir automati\u0161kai prisitaiko prie beveik bet kurio \u012frenginio. Tai u\u017etikrina greit\u0105 ir efektyv\u0173 \u012fkrovim\u0105, nesvarbu, kok\u012f \u012frengin\u012f naudoji. <\/p>\n<hr>\n<hr>\n<p>Visas i\u0161orines baterijas ap\u017ei\u016br\u0117k <a href=\"https:\/\/toidupakk.ee\/lt\/tootekategooria\/isoriniai-akumuliatoriai\/\">\u010cIA<\/a><\/p>\n<p>Jei domiesi \u017eygi\u0173 maistu \u2013 \u017ei\u016br\u0117k <a href=\"https:\/\/toidupakk.ee\/tootekategooria\/zygio-maistas\/pearoad\/\">\u010cIA<\/a><\/p>\n<p>Pasisemk \u012fkv\u0117pimo kitiems nuotykiams \u201eToidupakk\u201c <a href=\"https:\/\/www.instagram.com\/toidupakk\/\">Instagram<\/a> ir <a href=\"https:\/\/www.facebook.com\/Toidupakk\/\">Facebook<\/a> paskyrose.<\/p>\n<\/div>\n<\/div>\n<\/div>\n<\/div>\n<\/div>\n<\/div>\n","protected":false},"excerpt":{"rendered":"<ul>\n<li><strong>Galinga baterija:<\/strong> 20 000 mAh talpa leid\u017eia 4\u20136 pilnus \u012fkrovimo ciklus beveik visiems i\u0161maniesiems telefonams.<\/li>\n<li><strong>Leid\u017eiama pasiimti \u012f l\u0117ktuv\u0105<\/strong><\/li>\n<li><strong>Greitasis \u012fkrovimas:<\/strong> \u012fkrauk iki 2,5 karto grei\u010diau d\u0117l trij\u0173 skirting\u0173 greitojo \u012fkrovimo sistem\u0173:\n<ul>\n<li>\u201eType-C\u201c jungtis palaiko 18 W \u201ePower Delivery\u201c (PD)<\/li>\n<li>\u201eUSB Type-A\u201c jungtis palaiko QC3.0 ir 22,5 W \u201eSuper Charge\u201c (\u201eHuawei\u201c modeliams)<br \/>\n*Norint naudoti greit\u0105j\u012f \u012fkrovim\u0105, prie i\u0161orin\u0117s baterijos vienu metu turi b\u016bti prijungtas tik vienas \u012frenginys.<\/li>\n<\/ul>\n<\/li>\n<li><strong>Palaikomi \u012frenginiai:<\/strong>\n<ul>\n<li>PD suderinama tiek su \u201eAndroid\u201c, tiek su \u201eiOS\u201c \u012frenginiais<\/li>\n<li>QC3.0 palaiko tik \u201eAndroid\u201c \u012frenginius (i\u0161skyrus kai kuriuos \u201eHuawei\u201c ir OPPO modelius).<\/li>\n<\/ul>\n<\/li>\n<li><strong>I\u0161vesties \u012ftampa:<\/strong> USB1 (\u201eUSB Type-A\u201c): 5V\u23933A, 9V\u23932A, 12V\u23931.5A;<br \/>\nUSB2 (\u201eUSB Type-A\u201c): 5V\u23933A, 9V\u23932A, 12V\u23931.5A;<br \/>\nType-C: 5V\u23933A, 9V\u23932A, 12V\u23931.5A;<br \/>\nUSB1+USB2+Type-C: 5V\u23933A (maks.)<\/li>\n<li><strong>\u012evesties s\u0105sajos:<\/strong> i\u0161orin\u0117 baterija turi \u201eType-C\u201c ir \u201emicro-usb\u201c \u012fvestis, u\u017etikrinan\u010dias maksimal\u0173 greit\u012f ir patogum\u0105.<\/li>\n<li>\u012ekrauk i\u0161orin\u0119 baterij\u0105 per 6,5 valandos per USB-C (\u201eType-C\u201c) \u012fvest\u012f naudodamas greitojo \u012fkrovimo adapter\u012f.<\/li>\n<li><strong>Kompakti\u0161kas dizainas:<\/strong> nauja didelio tankio super li\u010dio baterija yra ma\u017eesn\u0117 ir lengvesn\u0117, tod\u0117l \u0161i i\u0161orin\u0117 baterija yra itin mobilus sprendimas.<\/li>\n<li><strong>Greitas \u012fvesties \u012fkrovimas:<\/strong> per \u201eType-C\u201c s\u0105saj\u0105 galimas greitas \u012fvesties \u012fkrovimas, sutrumpinantis pa\u010dios baterijos \u012fkrovimo laik\u0105. *Greitam \u012fvesties \u012fkrovimui reikalingas PD palaikantis greitojo \u012fkrovimo adapteris. <\/li>\n<li><strong>LED ekranas ir funkcinis mygtukas:<\/strong> vienu mygtuko paspaudimu skaitmeninis LED ekranas parodo tiksl\u0173 likusios baterijos procent\u0105. Mygtukas taip pat veikia kaip \u201epa\u017eadinimo\u201c mygtukas \u201eApple iPhone\u201c ir \u201eiPad\u201c \u012frenginiams. <\/li>\n<li><strong>Kabelis:<\/strong> komplekte yra 1 \u201eUSB Type-A\u201c \u012f \u201eType-C\u201c kabelis.<\/li>\n<li><strong>smartSHIELD saugos technologija:<\/strong> apima visapusi\u0161k\u0105 apsaugos sistem\u0105, \u012fskaitant \u012fvesties ir i\u0161vesties auk\u0161tos \u012ftampos apsaug\u0105, srov\u0117s apsaug\u0105, trumpojo jungimo apsaug\u0105, \u012frenginio perkrovos apsaug\u0105, atvirk\u0161tinio \u012fkrovimo apsaug\u0105 ir ugniai atspari\u0105 apsaug\u0105.<\/li>\n<li><strong>Garantija:<\/strong> gamintojo garantija produktui \u2013 2 metai.<\/li>\n<\/ul>\n<p>\u2705 Yra sand\u0117lyje, greitas pristatymas per 1\u20133 d. d.<br \/>\n\u2705 Pirk dabar, mok\u0117k v\u0117liau (pal\u016bkanos 0 %)<\/p>\n","protected":false},"featured_media":30077,"comment_status":"open","ping_status":"closed","template":"","meta":{"_acf_changed":false},"product_brand":[],"product_cat":[243,189,190],"product_tag":[],"class_list":{"0":"post-45959","1":"product","2":"type-product","3":"status-publish","4":"has-post-thumbnail","6":"product_cat-isoriniai-akumuliatoriai","7":"product_cat-zygio-iranga","8":"product_cat-zygio-prekes","10":"first","11":"outofstock","12":"taxable","13":"shipping-taxable","14":"purchasable","15":"product-type-simple"},"bundled_by":[],"bundle_stock_status":"outofstock","bundle_stock_quantity":0,"bundle_virtual":false,"bundle_layout":"","bundle_add_to_cart_form_location":"","bundle_editable_in_cart":false,"bundle_sold_individually_context":"","bundle_item_grouping":"","bundle_min_size":"","bundle_max_size":"","bundle_price":[],"bundled_items":[],"bundle_sell_ids":[],"acf":[],"yoast_head":"<!-- This site is optimized with the Yoast SEO plugin v27.1.1 - https:\/\/yoast.com\/product\/yoast-seo-wordpress\/ -->\n<title>I\u0161orin\u0117 baterija \u201eSilicon Power\u201c, 20 000 mAh<\/title>\n<meta name=\"description\" content=\"\u201eSilicon Power\u201c 20 000 mAh i\u0161orin\u0117 baterija su 22,5 W \u201eSuper Charge\u201c greituoju \u012fkrovimu. \u012ekrauk iki 3 \u012frengini\u0173 vienu metu. 4\u20136 pilni \u012fkrovimo ciklai beveik visiems i\u0161maniesiems telefonams.\" \/>\n<meta name=\"robots\" content=\"index, follow, max-snippet:-1, max-image-preview:large, max-video-preview:-1\" \/>\n<link rel=\"canonical\" href=\"https:\/\/toidupakk.ee\/lt\/toode\/isorine-baterija-silicon-power-20-000-mah\/\" \/>\n<meta property=\"og:locale\" content=\"lt_LT\" \/>\n<meta property=\"og:type\" content=\"article\" \/>\n<meta property=\"og:title\" content=\"I\u0161orin\u0117 baterija \u201eSilicon Power\u201c, 20 000 mAh\" \/>\n<meta property=\"og:description\" content=\"\u201eSilicon Power\u201c 20 000 mAh i\u0161orin\u0117 baterija su 22,5 W \u201eSuper Charge\u201c greituoju \u012fkrovimu. \u012ekrauk iki 3 \u012frengini\u0173 vienu metu. 4\u20136 pilni \u012fkrovimo ciklai beveik visiems i\u0161maniesiems telefonams.\" \/>\n<meta property=\"og:url\" content=\"https:\/\/toidupakk.ee\/lt\/toode\/isorine-baterija-silicon-power-20-000-mah\/\" \/>\n<meta property=\"og:site_name\" content=\"Toidupakk.ee - Tactical Foodpack toidupakid\" \/>\n<meta property=\"article:publisher\" content=\"https:\/\/www.facebook.com\/Toidupakk\" \/>\n<meta property=\"article:modified_time\" content=\"2026-04-03T21:01:09+00:00\" \/>\n<meta property=\"og:image\" content=\"https:\/\/toidupakk.ee\/wp-content\/uploads\/2024\/12\/20-k-akupank-silicon-power8.png\" \/>\n\t<meta property=\"og:image:width\" content=\"800\" \/>\n\t<meta property=\"og:image:height\" content=\"800\" \/>\n\t<meta property=\"og:image:type\" content=\"image\/png\" \/>\n<meta name=\"twitter:card\" content=\"summary_large_image\" \/>\n<meta name=\"twitter:label1\" content=\"Est. reading time\" \/>\n\t<meta name=\"twitter:data1\" content=\"2 minut\u0117s\" \/>\n<script type=\"application\/ld+json\" class=\"yoast-schema-graph\">{\"@context\":\"https:\/\/schema.org\",\"@graph\":[{\"@type\":\"WebPage\",\"@id\":\"https:\/\/toidupakk.ee\/lt\/toode\/isorine-baterija-silicon-power-20-000-mah\/\",\"url\":\"https:\/\/toidupakk.ee\/lt\/toode\/isorine-baterija-silicon-power-20-000-mah\/\",\"name\":\"I\u0161orin\u0117 baterija \u201eSilicon Power\u201c, 20 000 mAh\",\"isPartOf\":{\"@id\":\"https:\/\/toidupakk.ee\/lt\/#website\"},\"primaryImageOfPage\":{\"@id\":\"https:\/\/toidupakk.ee\/lt\/toode\/isorine-baterija-silicon-power-20-000-mah\/#primaryimage\"},\"image\":{\"@id\":\"https:\/\/toidupakk.ee\/lt\/toode\/isorine-baterija-silicon-power-20-000-mah\/#primaryimage\"},\"thumbnailUrl\":\"https:\/\/toidupakk.ee\/wp-content\/uploads\/2024\/12\/20-k-akupank-silicon-power8.png\",\"datePublished\":\"2024-12-16T12:16:56+00:00\",\"dateModified\":\"2026-04-03T21:01:09+00:00\",\"description\":\"\u201eSilicon Power\u201c 20 000 mAh i\u0161orin\u0117 baterija su 22,5 W \u201eSuper Charge\u201c greituoju \u012fkrovimu. \u012ekrauk iki 3 \u012frengini\u0173 vienu metu. 4\u20136 pilni \u012fkrovimo ciklai beveik visiems i\u0161maniesiems telefonams.\",\"breadcrumb\":{\"@id\":\"https:\/\/toidupakk.ee\/lt\/toode\/isorine-baterija-silicon-power-20-000-mah\/#breadcrumb\"},\"inLanguage\":\"lt-LT\",\"potentialAction\":[{\"@type\":\"ReadAction\",\"target\":[\"https:\/\/toidupakk.ee\/lt\/toode\/isorine-baterija-silicon-power-20-000-mah\/\"]}]},{\"@type\":\"ImageObject\",\"inLanguage\":\"lt-LT\",\"@id\":\"https:\/\/toidupakk.ee\/lt\/toode\/isorine-baterija-silicon-power-20-000-mah\/#primaryimage\",\"url\":\"https:\/\/toidupakk.ee\/wp-content\/uploads\/2024\/12\/20-k-akupank-silicon-power8.png\",\"contentUrl\":\"https:\/\/toidupakk.ee\/wp-content\/uploads\/2024\/12\/20-k-akupank-silicon-power8.png\",\"width\":800,\"height\":800},{\"@type\":\"BreadcrumbList\",\"@id\":\"https:\/\/toidupakk.ee\/lt\/toode\/isorine-baterija-silicon-power-20-000-mah\/#breadcrumb\",\"itemListElement\":[{\"@type\":\"ListItem\",\"position\":1,\"name\":\"Avaleht\",\"item\":\"https:\/\/toidupakk.ee\/lt\/\"},{\"@type\":\"ListItem\",\"position\":2,\"name\":\"El. parduotuv\u0117\",\"item\":\"https:\/\/toidupakk.ee\/lt\/el-parduotuve\/\"},{\"@type\":\"ListItem\",\"position\":3,\"name\":\"I\u0161orin\u0117 baterija \u201eSilicon Power\u201c, 20 000 mAh\"}]},{\"@type\":\"WebSite\",\"@id\":\"https:\/\/toidupakk.ee\/lt\/#website\",\"url\":\"https:\/\/toidupakk.ee\/lt\/\",\"name\":\"Toidupakk.ee - Tactical Foodpack toidupakid\",\"description\":\"Tactical Foodpack k\u00fclmkuivatatud toidupakid ja matkaeined\",\"publisher\":{\"@id\":\"https:\/\/toidupakk.ee\/lt\/#organization\"},\"potentialAction\":[{\"@type\":\"SearchAction\",\"target\":{\"@type\":\"EntryPoint\",\"urlTemplate\":\"https:\/\/toidupakk.ee\/lt\/?s={search_term_string}\"},\"query-input\":{\"@type\":\"PropertyValueSpecification\",\"valueRequired\":true,\"valueName\":\"search_term_string\"}}],\"inLanguage\":\"lt-LT\"},{\"@type\":\"Organization\",\"@id\":\"https:\/\/toidupakk.ee\/lt\/#organization\",\"name\":\"Tactical Foodpack matkaeined\",\"url\":\"https:\/\/toidupakk.ee\/lt\/\",\"logo\":{\"@type\":\"ImageObject\",\"inLanguage\":\"lt-LT\",\"@id\":\"https:\/\/toidupakk.ee\/lt\/#\/schema\/logo\/image\/\",\"url\":\"https:\/\/toidupakk.ee\/wp-content\/uploads\/2022\/01\/Toidupakk-matkapood-logo-transparent.png\",\"contentUrl\":\"https:\/\/toidupakk.ee\/wp-content\/uploads\/2022\/01\/Toidupakk-matkapood-logo-transparent.png\",\"width\":500,\"height\":500,\"caption\":\"Tactical Foodpack matkaeined\"},\"image\":{\"@id\":\"https:\/\/toidupakk.ee\/lt\/#\/schema\/logo\/image\/\"},\"sameAs\":[\"https:\/\/www.facebook.com\/Toidupakk\",\"https:\/\/www.instagram.com\/toidupakk\/\"]}]}<\/script>\n<!-- \/ Yoast SEO plugin. -->","yoast_head_json":{"title":"I\u0161orin\u0117 baterija \u201eSilicon Power\u201c, 20 000 mAh","description":"\u201eSilicon Power\u201c 20 000 mAh i\u0161orin\u0117 baterija su 22,5 W \u201eSuper Charge\u201c greituoju \u012fkrovimu. \u012ekrauk iki 3 \u012frengini\u0173 vienu metu. 4\u20136 pilni \u012fkrovimo ciklai beveik visiems i\u0161maniesiems telefonams.","robots":{"index":"index","follow":"follow","max-snippet":"max-snippet:-1","max-image-preview":"max-image-preview:large","max-video-preview":"max-video-preview:-1"},"canonical":"https:\/\/toidupakk.ee\/lt\/toode\/isorine-baterija-silicon-power-20-000-mah\/","og_locale":"lt_LT","og_type":"article","og_title":"I\u0161orin\u0117 baterija \u201eSilicon Power\u201c, 20 000 mAh","og_description":"\u201eSilicon Power\u201c 20 000 mAh i\u0161orin\u0117 baterija su 22,5 W \u201eSuper Charge\u201c greituoju \u012fkrovimu. \u012ekrauk iki 3 \u012frengini\u0173 vienu metu. 4\u20136 pilni \u012fkrovimo ciklai beveik visiems i\u0161maniesiems telefonams.","og_url":"https:\/\/toidupakk.ee\/lt\/toode\/isorine-baterija-silicon-power-20-000-mah\/","og_site_name":"Toidupakk.ee - Tactical Foodpack toidupakid","article_publisher":"https:\/\/www.facebook.com\/Toidupakk","article_modified_time":"2026-04-03T21:01:09+00:00","og_image":[{"width":800,"height":800,"url":"https:\/\/toidupakk.ee\/wp-content\/uploads\/2024\/12\/20-k-akupank-silicon-power8.png","type":"image\/png"}],"twitter_card":"summary_large_image","twitter_misc":{"Est. reading time":"2 minut\u0117s"},"schema":{"@context":"https:\/\/schema.org","@graph":[{"@type":"WebPage","@id":"https:\/\/toidupakk.ee\/lt\/toode\/isorine-baterija-silicon-power-20-000-mah\/","url":"https:\/\/toidupakk.ee\/lt\/toode\/isorine-baterija-silicon-power-20-000-mah\/","name":"I\u0161orin\u0117 baterija \u201eSilicon Power\u201c, 20 000 mAh","isPartOf":{"@id":"https:\/\/toidupakk.ee\/lt\/#website"},"primaryImageOfPage":{"@id":"https:\/\/toidupakk.ee\/lt\/toode\/isorine-baterija-silicon-power-20-000-mah\/#primaryimage"},"image":{"@id":"https:\/\/toidupakk.ee\/lt\/toode\/isorine-baterija-silicon-power-20-000-mah\/#primaryimage"},"thumbnailUrl":"https:\/\/toidupakk.ee\/wp-content\/uploads\/2024\/12\/20-k-akupank-silicon-power8.png","datePublished":"2024-12-16T12:16:56+00:00","dateModified":"2026-04-03T21:01:09+00:00","description":"\u201eSilicon Power\u201c 20 000 mAh i\u0161orin\u0117 baterija su 22,5 W \u201eSuper Charge\u201c greituoju \u012fkrovimu. \u012ekrauk iki 3 \u012frengini\u0173 vienu metu. 4\u20136 pilni \u012fkrovimo ciklai beveik visiems i\u0161maniesiems telefonams.","breadcrumb":{"@id":"https:\/\/toidupakk.ee\/lt\/toode\/isorine-baterija-silicon-power-20-000-mah\/#breadcrumb"},"inLanguage":"lt-LT","potentialAction":[{"@type":"ReadAction","target":["https:\/\/toidupakk.ee\/lt\/toode\/isorine-baterija-silicon-power-20-000-mah\/"]}]},{"@type":"ImageObject","inLanguage":"lt-LT","@id":"https:\/\/toidupakk.ee\/lt\/toode\/isorine-baterija-silicon-power-20-000-mah\/#primaryimage","url":"https:\/\/toidupakk.ee\/wp-content\/uploads\/2024\/12\/20-k-akupank-silicon-power8.png","contentUrl":"https:\/\/toidupakk.ee\/wp-content\/uploads\/2024\/12\/20-k-akupank-silicon-power8.png","width":800,"height":800},{"@type":"BreadcrumbList","@id":"https:\/\/toidupakk.ee\/lt\/toode\/isorine-baterija-silicon-power-20-000-mah\/#breadcrumb","itemListElement":[{"@type":"ListItem","position":1,"name":"Avaleht","item":"https:\/\/toidupakk.ee\/lt\/"},{"@type":"ListItem","position":2,"name":"El. parduotuv\u0117","item":"https:\/\/toidupakk.ee\/lt\/el-parduotuve\/"},{"@type":"ListItem","position":3,"name":"I\u0161orin\u0117 baterija \u201eSilicon Power\u201c, 20 000 mAh"}]},{"@type":"WebSite","@id":"https:\/\/toidupakk.ee\/lt\/#website","url":"https:\/\/toidupakk.ee\/lt\/","name":"Toidupakk.ee - Tactical Foodpack toidupakid","description":"Tactical Foodpack k\u00fclmkuivatatud toidupakid ja matkaeined","publisher":{"@id":"https:\/\/toidupakk.ee\/lt\/#organization"},"potentialAction":[{"@type":"SearchAction","target":{"@type":"EntryPoint","urlTemplate":"https:\/\/toidupakk.ee\/lt\/?s={search_term_string}"},"query-input":{"@type":"PropertyValueSpecification","valueRequired":true,"valueName":"search_term_string"}}],"inLanguage":"lt-LT"},{"@type":"Organization","@id":"https:\/\/toidupakk.ee\/lt\/#organization","name":"Tactical Foodpack matkaeined","url":"https:\/\/toidupakk.ee\/lt\/","logo":{"@type":"ImageObject","inLanguage":"lt-LT","@id":"https:\/\/toidupakk.ee\/lt\/#\/schema\/logo\/image\/","url":"https:\/\/toidupakk.ee\/wp-content\/uploads\/2022\/01\/Toidupakk-matkapood-logo-transparent.png","contentUrl":"https:\/\/toidupakk.ee\/wp-content\/uploads\/2022\/01\/Toidupakk-matkapood-logo-transparent.png","width":500,"height":500,"caption":"Tactical Foodpack matkaeined"},"image":{"@id":"https:\/\/toidupakk.ee\/lt\/#\/schema\/logo\/image\/"},"sameAs":["https:\/\/www.facebook.com\/Toidupakk","https:\/\/www.instagram.com\/toidupakk\/"]}]}},"jetpack_sharing_enabled":true,"_links":{"self":[{"href":"https:\/\/toidupakk.ee\/lt\/wp-json\/wp\/v2\/product\/45959","targetHints":{"allow":["GET"]}}],"collection":[{"href":"https:\/\/toidupakk.ee\/lt\/wp-json\/wp\/v2\/product"}],"about":[{"href":"https:\/\/toidupakk.ee\/lt\/wp-json\/wp\/v2\/types\/product"}],"replies":[{"embeddable":true,"href":"https:\/\/toidupakk.ee\/lt\/wp-json\/wp\/v2\/comments?post=45959"}],"wp:featuredmedia":[{"embeddable":true,"href":"https:\/\/toidupakk.ee\/lt\/wp-json\/wp\/v2\/media\/30077"}],"wp:attachment":[{"href":"https:\/\/toidupakk.ee\/lt\/wp-json\/wp\/v2\/media?parent=45959"}],"wp:term":[{"taxonomy":"product_brand","embeddable":true,"href":"https:\/\/toidupakk.ee\/lt\/wp-json\/wp\/v2\/product_brand?post=45959"},{"taxonomy":"product_cat","embeddable":true,"href":"https:\/\/toidupakk.ee\/lt\/wp-json\/wp\/v2\/product_cat?post=45959"},{"taxonomy":"product_tag","embeddable":true,"href":"https:\/\/toidupakk.ee\/lt\/wp-json\/wp\/v2\/product_tag?post=45959"}],"curies":[{"name":"wp","href":"https:\/\/api.w.org\/{rel}","templated":true}]}}