{"id":45935,"date":"2025-03-19T14:53:06","date_gmt":"2025-03-19T12:53:06","guid":{"rendered":"https:\/\/toidupakk.ee\/toode\/ikraunamas-kiseninis-radijas-sandberg-pocket-radio-fm-recharge\/"},"modified":"2026-04-04T00:01:08","modified_gmt":"2026-04-03T21:01:08","slug":"ikraunamas-kiseninis-radijas-sandberg-pocket-radio-fm-recharge","status":"publish","type":"product","link":"https:\/\/toidupakk.ee\/lt\/toode\/ikraunamas-kiseninis-radijas-sandberg-pocket-radio-fm-recharge\/","title":{"rendered":"\u012ekraunamas ki\u0161eninis radijas \u201eSandberg\u00ae Pocket Radio FM Recharge\u201c"},"content":{"rendered":"<h2>\u012ekraunamas ki\u0161eninis radijas \u201eSandberg\u00ae Pocket Radio FM Recharge\u201c<\/h2>\n<p data-start=\"186\" data-end=\"659\">\u012ekraunamas ki\u0161eninis radijas yra itin kompakti\u0161kas ir patogus kompanionas leid\u017eiant laik\u0105 lauke. Jis idealiai tinka b\u0117giojimui, va\u017ein\u0117jimui dvira\u010diu, stovyklavimui ir kitai aktyviai veiklai. Be to, tai patikimas radijas ekstremalioms situacijoms, kai n\u0117ra interneto ry\u0161io ir elektros. D\u0117l prakti\u0161ko laikiklio j\u012f galima lengvai pritvirtinti prie drabu\u017ei\u0173 ar kuprin\u0117s. Radijas turi \u012fmontuot\u0105 \u012fkraunam\u0105 baterij\u0105, o komplekte esan\u010dios ausin\u0117s veikia ir kaip FM antena, u\u017etikrinanti ai\u0161k\u0173 radijo pri\u0117mim\u0105 be trukd\u017ei\u0173.    <\/p>\n<p data-start=\"661\" data-end=\"1080\">\u0160is ki\u0161eninis radijas sukurtas tiek aktyviems nuotyki\u0173 ie\u0161kotojams, tiek tiems, kurie nori patogiai klausytis m\u0117gstam\u0173 sto\u010di\u0173 namuose ar biure. Ma\u017eas ir lengvas dizainas leid\u017eia j\u012f lengvai ne\u0161iotis, o patvari konstrukcija u\u017etikrina atsparum\u0105 net ekstremaliomis s\u0105lygomis. Nesvarbu, ar tai \u017eygis, kelion\u0117, ar tiesiog pasivaik\u0161\u010diojimas mieste \u2013 \u201eSandberg Pocket Radio FM Recharge\u201c visada paruo\u0161tas pramogoms.  <\/p>\n<h2 data-start=\"661\" data-end=\"1080\">Ilgai veikianti baterija<\/h2>\n<p>\u012emontuota 300 mAh baterija leid\u017eia m\u0117gautis muzika ir klausytis radijo naujien\u0173 iki 18 valand\u0173 be pertraukos vienu \u012fkrovimu. Tai puikus kompanionas ilgiems \u017eygiams, stovyklavimui ir kasdieniam naudojimui. D\u0117l ma\u017e\u0173 energijos s\u0105naud\u0173 tau nereik\u0117s jaudintis, kad baterija netik\u0117tai i\u0161sikraus. Prireikus \u012fkrauti, tai patogiai padarysi USB-C laidu, u\u017etikrinan\u010diu greit\u0105 ir efektyv\u0173 \u012fkrovim\u0105.   <\/p>\n<p><img fetchpriority=\"high\" decoding=\"async\" class=\"alignleft size-medium wp-image-33269\" src=\"https:\/\/toidupakk.ee\/wp-content\/uploads\/2025\/03\/4-2-300x300.png\" alt=\"\u012ekraunamas ki\u0161eninis radijas \u201eSandberg Pocket Radio FM Recharge\u201c, skaitmeninis ekranas, laidin\u0117s ausin\u0117s su FM antenos funkcija\" width=\"300\" height=\"300\" srcset=\"https:\/\/toidupakk.ee\/wp-content\/uploads\/2025\/03\/4-2-300x300.png 300w, https:\/\/toidupakk.ee\/wp-content\/uploads\/2025\/03\/4-2-400x400.png 400w, https:\/\/toidupakk.ee\/wp-content\/uploads\/2025\/03\/4-2-100x100.png 100w, https:\/\/toidupakk.ee\/wp-content\/uploads\/2025\/03\/4-2-500x500.png 500w, https:\/\/toidupakk.ee\/wp-content\/uploads\/2025\/03\/4-2-768x768.png 768w, https:\/\/toidupakk.ee\/wp-content\/uploads\/2025\/03\/4-2.png 800w\" sizes=\"(max-width: 300px) 100vw, 300px\" \/><\/p>\n<p>&nbsp;<\/p>\n<p>&nbsp;<\/p>\n<p>&nbsp;<\/p>\n<p>&nbsp;<\/p>\n<p>&nbsp;<\/p>\n<p>&nbsp;<\/p>\n<p>&nbsp;<\/p>\n<p>&nbsp;<\/p>\n<h2>Ausin\u0117s kaip antena \u2013 stabilus FM pri\u0117mimas bet kur<\/h2>\n<p>\u201eSandberg Pocket Radio FM Recharge\u201c turi i\u0161man\u0173 antenos sprendim\u0105 \u2013 pridedamos ausin\u0117s veikia kaip FM signalo imtuvas. Tai leid\u017eia klausytis m\u0117gstam\u0173 sto\u010di\u0173 76\u2013108 MHz da\u017eni\u0173 diapazone net ten, kur \u012fprast\u0173 radijo imtuv\u0173 signalas gali b\u016bti silpnas. \u0160i funkcija u\u017etikrina ai\u0161k\u0173 ir kokybi\u0161k\u0105 gars\u0105 net silpnesnio ry\u0161io zonose, pavyzd\u017eiui, mi\u0161ke, \u017eygyje ar atokiose vietov\u0117se.  <\/p>\n<h2>Prakti\u0161kas dizainas \u2013 \u012fkraunamas ki\u0161eninis radijas, kur\u012f patogu visur pasiimti su savimi<\/h2>\n<p>\u012emontuotas laikiklis leid\u017eia lengvai pritvirtinti radij\u0105 prie drabu\u017ei\u0173, krep\u0161io ar dir\u017eo, tod\u0117l jis visada bus po ranka ir netrukdys jud\u0117ti. D\u0117l kompakti\u0161ko ir lengvo dizaino (tik 60 g) jis nesukuria papildomo svorio, tod\u0117l yra idealus palydovas \u017eygiuose, va\u017ein\u0117jant dvira\u010diu, b\u0117giojant ar tiesiog atliekant kasdienius darbus. <\/p>\n<h2>Techniniai duomenys<\/h2>\n<ul>\n<li>FM da\u017eni\u0173 diapazonas: 76\u2013108 MHz<\/li>\n<li>FM signalo ir triuk\u0161mo santykis: &gt;40 dB<\/li>\n<li>USB-C \u012fvestis: \u012fkrovimas pridedamu USB-A \u2013 USB-C laidu<\/li>\n<li>Maksimali i\u0161\u0117jimo galia: 6 mW<\/li>\n<li>\u012emontuotas ekranas<\/li>\n<li>Baterijos talpa: 300 mAh, 3,7 V (1,11 Wh)<\/li>\n<li>Baterijos veikimo laikas: iki 18 valand\u0173 vienu \u012fkrovimu<\/li>\n<li>Gamintojo garantija: 5 metai<\/li>\n<\/ul>\n<p><img decoding=\"async\" class=\"alignleft size-medium wp-image-33267\" src=\"https:\/\/toidupakk.ee\/wp-content\/uploads\/2025\/03\/2-1-300x300.jpg\" alt=\"\u012ekraunamas ki\u0161eninis radijas \u201eSandberg Pocket Radio FM Recharge\u201c su laikikliu tvirtinimui prie dir\u017eo.\" width=\"300\" height=\"300\" srcset=\"https:\/\/toidupakk.ee\/wp-content\/uploads\/2025\/03\/2-1-300x300.jpg 300w, https:\/\/toidupakk.ee\/wp-content\/uploads\/2025\/03\/2-1-400x400.jpg 400w, https:\/\/toidupakk.ee\/wp-content\/uploads\/2025\/03\/2-1-100x100.jpg 100w, https:\/\/toidupakk.ee\/wp-content\/uploads\/2025\/03\/2-1-500x500.jpg 500w, https:\/\/toidupakk.ee\/wp-content\/uploads\/2025\/03\/2-1-768x768.jpg 768w, https:\/\/toidupakk.ee\/wp-content\/uploads\/2025\/03\/2-1.jpg 800w\" sizes=\"(max-width: 300px) 100vw, 300px\" \/><\/p>\n<p>&nbsp;<\/p>\n<p>&nbsp;<\/p>\n<p>&nbsp;<\/p>\n<p>&nbsp;<\/p>\n<p>&nbsp;<\/p>\n<p>&nbsp;<\/p>\n<p>&nbsp;<\/p>\n<p>&nbsp;<\/p>\n<p>Papildomai i\u0161orines baterijas ap\u017ei\u016br\u0117k <a href=\"https:\/\/toidupakk.ee\/lt\/tootekategooria\/isoriniai-akumuliatoriai\/\">\u010cIA<\/a><\/p>\n<p>Domina \u017eygi\u0173 maistas? \u017di\u016br\u0117k <a href=\"https:\/\/toidupakk.ee\/tootekategooria\/zygio-maistas\/pearoad\/\">\u010cIA<\/a><\/p>\n<p>Semkis \u012fkv\u0117pimo kitiems nuotykiams \u201eToidupakk\u201c <a href=\"https:\/\/www.instagram.com\/toidupakk\/\">Instagram<\/a> ir <a href=\"https:\/\/www.facebook.com\/Toidupakk\/\">Facebook<\/a> paskyrose.<\/p>\n","protected":false},"excerpt":{"rendered":"<p><strong>Ma\u017eas, bet efektyvus \u012fkraunamas FM ki\u0161eninis radijas, telpantis \u012f bet kuri\u0105 ki\u0161en\u0119 ir esantis idealus palydovas \u017eygiuose, va\u017ein\u0117jant dvira\u010diu bei kasdieniam naudojimui.<\/strong><\/p>\n<ul>\n<li><strong>Ilgai veikianti baterija<\/strong>: \u012fmontuota 300 mAh baterija u\u017etikrina iki 18 valand\u0173 muzikos ar radijo klausymosi vienu \u012fkrovimu.<\/li>\n<li><strong>USB-C \u012fkrovimas<\/strong>: patogus ir greitas USB-C \u012fkrovimas. Komplekte yra USB-A \u2013 USB-C laidas. <\/li>\n<li><strong>Platus da\u017eni\u0173 diapazonas<\/strong>: palaiko 76\u2013108 MHz FM da\u017enius.<\/li>\n<li><strong>Ausin\u0117s kaip antena<\/strong>: komplekte esan\u010dios ausin\u0117s veikia ir kaip antena, u\u017etikrindamos geresn\u012f signalo pri\u0117mim\u0105 net silpno ry\u0161io zonose.<\/li>\n<li><strong>Prakti\u0161kas dizainas<\/strong>: \u012fmontuotas laikiklis leid\u017eia lengvai pritvirtinti radij\u0105<br \/>\nprie drabu\u017ei\u0173 ar krep\u0161io.<\/li>\n<li><strong>Skaitmeninis ekranas<\/strong>: rodo reikiam\u0105 informacij\u0105 apie FM stotis ir baterijos b\u016bsen\u0105.<\/li>\n<li><strong>Idealiai tinka ekstremalioms situacijoms<\/strong>: naudingas atsarginis \u012frenginys, kai n\u0117ra mobiliojo ry\u0161io ar interneto.<\/li>\n<li><strong>Itin lengvas ir patvarus<\/strong>: radijas sveria tik 60 g, tod\u0117l j\u012f patogu<br \/>\nne\u0161iotis su savimi.<\/li>\n<li><strong>Universalus naudojimas<\/strong>: idealiai tinka veiklai lauke, naudojimui namuose<br \/>\narba darbe ir kelion\u0117se.<\/li>\n<li>Gamintojo <strong>5 met\u0173 garantija<\/strong><\/li>\n<li><strong>Komplekte<\/strong>: 1x \u201eSandberg Pocket Radio FM Recharge\u201c, 1x ausin\u0117s (su FM antena), 1x USB-A \u2013 USB-C \u012fkrovimo laidas (50 cm), 1x trumpasis vadovas<\/li>\n<\/ul>\n<p>\u2705 Turime sand\u0117lyje, greitas pristatymas per 1\u20133 d. d.<br \/>\n\u2705 Pirk dabar, mok\u0117k v\u0117liau (pal\u016bkanos 0 %)<\/p>\n","protected":false},"featured_media":33268,"comment_status":"open","ping_status":"closed","template":"","meta":{"_acf_changed":false},"product_brand":[],"product_cat":[207,242,189,190],"product_tag":[],"class_list":{"0":"post-45935","1":"product","2":"type-product","3":"status-publish","4":"has-post-thumbnail","6":"product_cat-elektronika","7":"product_cat-radijai","8":"product_cat-zygio-iranga","9":"product_cat-zygio-prekes","11":"first","12":"instock","13":"taxable","14":"shipping-taxable","15":"purchasable","16":"product-type-simple"},"bundled_by":[],"bundle_stock_status":"instock","bundle_stock_quantity":4,"bundle_virtual":false,"bundle_layout":"","bundle_add_to_cart_form_location":"","bundle_editable_in_cart":false,"bundle_sold_individually_context":"","bundle_item_grouping":"","bundle_min_size":"","bundle_max_size":"","bundle_price":[],"bundled_items":[],"bundle_sell_ids":[],"acf":[],"yoast_head":"<!-- This site is optimized with the Yoast SEO plugin v27.1.1 - https:\/\/yoast.com\/product\/yoast-seo-wordpress\/ -->\n<title>\u012ekraunamas ki\u0161eninis radijas \u201eSandberg\u00ae Pocket Radio FM Recharge\u201c<\/title>\n<meta name=\"description\" content=\"Klausykis savo m\u0117gstam\u0173 radijo sto\u010di\u0173 bet kur \u2013 darbe, namuose ar \u017eygyje. Belaidis \u012fkraunamas FM ki\u0161eninis radijas, pasi\u017eymintis kompakti\u0161ku ir stilingu dizainu.\" \/>\n<meta name=\"robots\" content=\"index, follow, max-snippet:-1, max-image-preview:large, max-video-preview:-1\" \/>\n<link rel=\"canonical\" href=\"https:\/\/toidupakk.ee\/lt\/toode\/ikraunamas-kiseninis-radijas-sandberg-pocket-radio-fm-recharge\/\" \/>\n<meta property=\"og:locale\" content=\"lt_LT\" \/>\n<meta property=\"og:type\" content=\"article\" \/>\n<meta property=\"og:title\" content=\"\u012ekraunamas ki\u0161eninis radijas \u201eSandberg\u00ae Pocket Radio FM Recharge\u201c\" \/>\n<meta property=\"og:description\" content=\"Klausykis savo m\u0117gstam\u0173 radijo sto\u010di\u0173 bet kur \u2013 darbe, namuose ar \u017eygyje. Belaidis \u012fkraunamas FM ki\u0161eninis radijas, pasi\u017eymintis kompakti\u0161ku ir stilingu dizainu.\" \/>\n<meta property=\"og:url\" content=\"https:\/\/toidupakk.ee\/lt\/toode\/ikraunamas-kiseninis-radijas-sandberg-pocket-radio-fm-recharge\/\" \/>\n<meta property=\"og:site_name\" content=\"Toidupakk.ee - Tactical Foodpack toidupakid\" \/>\n<meta property=\"article:publisher\" content=\"https:\/\/www.facebook.com\/Toidupakk\" \/>\n<meta property=\"article:modified_time\" content=\"2026-04-03T21:01:08+00:00\" \/>\n<meta property=\"og:image\" content=\"https:\/\/toidupakk.ee\/wp-content\/uploads\/2025\/03\/3-1.png\" \/>\n\t<meta property=\"og:image:width\" content=\"800\" \/>\n\t<meta property=\"og:image:height\" content=\"800\" \/>\n\t<meta property=\"og:image:type\" content=\"image\/png\" \/>\n<meta name=\"twitter:card\" content=\"summary_large_image\" \/>\n<meta name=\"twitter:label1\" content=\"Est. reading time\" \/>\n\t<meta name=\"twitter:data1\" content=\"2 minut\u0117s\" \/>\n<script type=\"application\/ld+json\" class=\"yoast-schema-graph\">{\"@context\":\"https:\/\/schema.org\",\"@graph\":[{\"@type\":\"WebPage\",\"@id\":\"https:\/\/toidupakk.ee\/lt\/toode\/ikraunamas-kiseninis-radijas-sandberg-pocket-radio-fm-recharge\/\",\"url\":\"https:\/\/toidupakk.ee\/lt\/toode\/ikraunamas-kiseninis-radijas-sandberg-pocket-radio-fm-recharge\/\",\"name\":\"\u012ekraunamas ki\u0161eninis radijas \u201eSandberg\u00ae Pocket Radio FM Recharge\u201c\",\"isPartOf\":{\"@id\":\"https:\/\/toidupakk.ee\/lt\/#website\"},\"primaryImageOfPage\":{\"@id\":\"https:\/\/toidupakk.ee\/lt\/toode\/ikraunamas-kiseninis-radijas-sandberg-pocket-radio-fm-recharge\/#primaryimage\"},\"image\":{\"@id\":\"https:\/\/toidupakk.ee\/lt\/toode\/ikraunamas-kiseninis-radijas-sandberg-pocket-radio-fm-recharge\/#primaryimage\"},\"thumbnailUrl\":\"https:\/\/toidupakk.ee\/wp-content\/uploads\/2025\/03\/3-1.png\",\"datePublished\":\"2025-03-19T12:53:06+00:00\",\"dateModified\":\"2026-04-03T21:01:08+00:00\",\"description\":\"Klausykis savo m\u0117gstam\u0173 radijo sto\u010di\u0173 bet kur \u2013 darbe, namuose ar \u017eygyje. Belaidis \u012fkraunamas FM ki\u0161eninis radijas, pasi\u017eymintis kompakti\u0161ku ir stilingu dizainu.\",\"breadcrumb\":{\"@id\":\"https:\/\/toidupakk.ee\/lt\/toode\/ikraunamas-kiseninis-radijas-sandberg-pocket-radio-fm-recharge\/#breadcrumb\"},\"inLanguage\":\"lt-LT\",\"potentialAction\":[{\"@type\":\"ReadAction\",\"target\":[\"https:\/\/toidupakk.ee\/lt\/toode\/ikraunamas-kiseninis-radijas-sandberg-pocket-radio-fm-recharge\/\"]}]},{\"@type\":\"ImageObject\",\"inLanguage\":\"lt-LT\",\"@id\":\"https:\/\/toidupakk.ee\/lt\/toode\/ikraunamas-kiseninis-radijas-sandberg-pocket-radio-fm-recharge\/#primaryimage\",\"url\":\"https:\/\/toidupakk.ee\/wp-content\/uploads\/2025\/03\/3-1.png\",\"contentUrl\":\"https:\/\/toidupakk.ee\/wp-content\/uploads\/2025\/03\/3-1.png\",\"width\":800,\"height\":800},{\"@type\":\"BreadcrumbList\",\"@id\":\"https:\/\/toidupakk.ee\/lt\/toode\/ikraunamas-kiseninis-radijas-sandberg-pocket-radio-fm-recharge\/#breadcrumb\",\"itemListElement\":[{\"@type\":\"ListItem\",\"position\":1,\"name\":\"Avaleht\",\"item\":\"https:\/\/toidupakk.ee\/lt\/\"},{\"@type\":\"ListItem\",\"position\":2,\"name\":\"El. parduotuv\u0117\",\"item\":\"https:\/\/toidupakk.ee\/lt\/el-parduotuve\/\"},{\"@type\":\"ListItem\",\"position\":3,\"name\":\"\u012ekraunamas ki\u0161eninis radijas \u201eSandberg\u00ae Pocket Radio FM Recharge\u201c\"}]},{\"@type\":\"WebSite\",\"@id\":\"https:\/\/toidupakk.ee\/lt\/#website\",\"url\":\"https:\/\/toidupakk.ee\/lt\/\",\"name\":\"Toidupakk.ee - Tactical Foodpack toidupakid\",\"description\":\"Tactical Foodpack k\u00fclmkuivatatud toidupakid ja matkaeined\",\"publisher\":{\"@id\":\"https:\/\/toidupakk.ee\/lt\/#organization\"},\"potentialAction\":[{\"@type\":\"SearchAction\",\"target\":{\"@type\":\"EntryPoint\",\"urlTemplate\":\"https:\/\/toidupakk.ee\/lt\/?s={search_term_string}\"},\"query-input\":{\"@type\":\"PropertyValueSpecification\",\"valueRequired\":true,\"valueName\":\"search_term_string\"}}],\"inLanguage\":\"lt-LT\"},{\"@type\":\"Organization\",\"@id\":\"https:\/\/toidupakk.ee\/lt\/#organization\",\"name\":\"Tactical Foodpack matkaeined\",\"url\":\"https:\/\/toidupakk.ee\/lt\/\",\"logo\":{\"@type\":\"ImageObject\",\"inLanguage\":\"lt-LT\",\"@id\":\"https:\/\/toidupakk.ee\/lt\/#\/schema\/logo\/image\/\",\"url\":\"https:\/\/toidupakk.ee\/wp-content\/uploads\/2022\/01\/Toidupakk-matkapood-logo-transparent.png\",\"contentUrl\":\"https:\/\/toidupakk.ee\/wp-content\/uploads\/2022\/01\/Toidupakk-matkapood-logo-transparent.png\",\"width\":500,\"height\":500,\"caption\":\"Tactical Foodpack matkaeined\"},\"image\":{\"@id\":\"https:\/\/toidupakk.ee\/lt\/#\/schema\/logo\/image\/\"},\"sameAs\":[\"https:\/\/www.facebook.com\/Toidupakk\",\"https:\/\/www.instagram.com\/toidupakk\/\"]}]}<\/script>\n<!-- \/ Yoast SEO plugin. -->","yoast_head_json":{"title":"\u012ekraunamas ki\u0161eninis radijas \u201eSandberg\u00ae Pocket Radio FM Recharge\u201c","description":"Klausykis savo m\u0117gstam\u0173 radijo sto\u010di\u0173 bet kur \u2013 darbe, namuose ar \u017eygyje. Belaidis \u012fkraunamas FM ki\u0161eninis radijas, pasi\u017eymintis kompakti\u0161ku ir stilingu dizainu.","robots":{"index":"index","follow":"follow","max-snippet":"max-snippet:-1","max-image-preview":"max-image-preview:large","max-video-preview":"max-video-preview:-1"},"canonical":"https:\/\/toidupakk.ee\/lt\/toode\/ikraunamas-kiseninis-radijas-sandberg-pocket-radio-fm-recharge\/","og_locale":"lt_LT","og_type":"article","og_title":"\u012ekraunamas ki\u0161eninis radijas \u201eSandberg\u00ae Pocket Radio FM Recharge\u201c","og_description":"Klausykis savo m\u0117gstam\u0173 radijo sto\u010di\u0173 bet kur \u2013 darbe, namuose ar \u017eygyje. Belaidis \u012fkraunamas FM ki\u0161eninis radijas, pasi\u017eymintis kompakti\u0161ku ir stilingu dizainu.","og_url":"https:\/\/toidupakk.ee\/lt\/toode\/ikraunamas-kiseninis-radijas-sandberg-pocket-radio-fm-recharge\/","og_site_name":"Toidupakk.ee - Tactical Foodpack toidupakid","article_publisher":"https:\/\/www.facebook.com\/Toidupakk","article_modified_time":"2026-04-03T21:01:08+00:00","og_image":[{"width":800,"height":800,"url":"https:\/\/toidupakk.ee\/wp-content\/uploads\/2025\/03\/3-1.png","type":"image\/png"}],"twitter_card":"summary_large_image","twitter_misc":{"Est. reading time":"2 minut\u0117s"},"schema":{"@context":"https:\/\/schema.org","@graph":[{"@type":"WebPage","@id":"https:\/\/toidupakk.ee\/lt\/toode\/ikraunamas-kiseninis-radijas-sandberg-pocket-radio-fm-recharge\/","url":"https:\/\/toidupakk.ee\/lt\/toode\/ikraunamas-kiseninis-radijas-sandberg-pocket-radio-fm-recharge\/","name":"\u012ekraunamas ki\u0161eninis radijas \u201eSandberg\u00ae Pocket Radio FM Recharge\u201c","isPartOf":{"@id":"https:\/\/toidupakk.ee\/lt\/#website"},"primaryImageOfPage":{"@id":"https:\/\/toidupakk.ee\/lt\/toode\/ikraunamas-kiseninis-radijas-sandberg-pocket-radio-fm-recharge\/#primaryimage"},"image":{"@id":"https:\/\/toidupakk.ee\/lt\/toode\/ikraunamas-kiseninis-radijas-sandberg-pocket-radio-fm-recharge\/#primaryimage"},"thumbnailUrl":"https:\/\/toidupakk.ee\/wp-content\/uploads\/2025\/03\/3-1.png","datePublished":"2025-03-19T12:53:06+00:00","dateModified":"2026-04-03T21:01:08+00:00","description":"Klausykis savo m\u0117gstam\u0173 radijo sto\u010di\u0173 bet kur \u2013 darbe, namuose ar \u017eygyje. Belaidis \u012fkraunamas FM ki\u0161eninis radijas, pasi\u017eymintis kompakti\u0161ku ir stilingu dizainu.","breadcrumb":{"@id":"https:\/\/toidupakk.ee\/lt\/toode\/ikraunamas-kiseninis-radijas-sandberg-pocket-radio-fm-recharge\/#breadcrumb"},"inLanguage":"lt-LT","potentialAction":[{"@type":"ReadAction","target":["https:\/\/toidupakk.ee\/lt\/toode\/ikraunamas-kiseninis-radijas-sandberg-pocket-radio-fm-recharge\/"]}]},{"@type":"ImageObject","inLanguage":"lt-LT","@id":"https:\/\/toidupakk.ee\/lt\/toode\/ikraunamas-kiseninis-radijas-sandberg-pocket-radio-fm-recharge\/#primaryimage","url":"https:\/\/toidupakk.ee\/wp-content\/uploads\/2025\/03\/3-1.png","contentUrl":"https:\/\/toidupakk.ee\/wp-content\/uploads\/2025\/03\/3-1.png","width":800,"height":800},{"@type":"BreadcrumbList","@id":"https:\/\/toidupakk.ee\/lt\/toode\/ikraunamas-kiseninis-radijas-sandberg-pocket-radio-fm-recharge\/#breadcrumb","itemListElement":[{"@type":"ListItem","position":1,"name":"Avaleht","item":"https:\/\/toidupakk.ee\/lt\/"},{"@type":"ListItem","position":2,"name":"El. parduotuv\u0117","item":"https:\/\/toidupakk.ee\/lt\/el-parduotuve\/"},{"@type":"ListItem","position":3,"name":"\u012ekraunamas ki\u0161eninis radijas \u201eSandberg\u00ae Pocket Radio FM Recharge\u201c"}]},{"@type":"WebSite","@id":"https:\/\/toidupakk.ee\/lt\/#website","url":"https:\/\/toidupakk.ee\/lt\/","name":"Toidupakk.ee - Tactical Foodpack toidupakid","description":"Tactical Foodpack k\u00fclmkuivatatud toidupakid ja matkaeined","publisher":{"@id":"https:\/\/toidupakk.ee\/lt\/#organization"},"potentialAction":[{"@type":"SearchAction","target":{"@type":"EntryPoint","urlTemplate":"https:\/\/toidupakk.ee\/lt\/?s={search_term_string}"},"query-input":{"@type":"PropertyValueSpecification","valueRequired":true,"valueName":"search_term_string"}}],"inLanguage":"lt-LT"},{"@type":"Organization","@id":"https:\/\/toidupakk.ee\/lt\/#organization","name":"Tactical Foodpack matkaeined","url":"https:\/\/toidupakk.ee\/lt\/","logo":{"@type":"ImageObject","inLanguage":"lt-LT","@id":"https:\/\/toidupakk.ee\/lt\/#\/schema\/logo\/image\/","url":"https:\/\/toidupakk.ee\/wp-content\/uploads\/2022\/01\/Toidupakk-matkapood-logo-transparent.png","contentUrl":"https:\/\/toidupakk.ee\/wp-content\/uploads\/2022\/01\/Toidupakk-matkapood-logo-transparent.png","width":500,"height":500,"caption":"Tactical Foodpack matkaeined"},"image":{"@id":"https:\/\/toidupakk.ee\/lt\/#\/schema\/logo\/image\/"},"sameAs":["https:\/\/www.facebook.com\/Toidupakk","https:\/\/www.instagram.com\/toidupakk\/"]}]}},"jetpack_sharing_enabled":true,"_links":{"self":[{"href":"https:\/\/toidupakk.ee\/lt\/wp-json\/wp\/v2\/product\/45935","targetHints":{"allow":["GET"]}}],"collection":[{"href":"https:\/\/toidupakk.ee\/lt\/wp-json\/wp\/v2\/product"}],"about":[{"href":"https:\/\/toidupakk.ee\/lt\/wp-json\/wp\/v2\/types\/product"}],"replies":[{"embeddable":true,"href":"https:\/\/toidupakk.ee\/lt\/wp-json\/wp\/v2\/comments?post=45935"}],"wp:featuredmedia":[{"embeddable":true,"href":"https:\/\/toidupakk.ee\/lt\/wp-json\/wp\/v2\/media\/33268"}],"wp:attachment":[{"href":"https:\/\/toidupakk.ee\/lt\/wp-json\/wp\/v2\/media?parent=45935"}],"wp:term":[{"taxonomy":"product_brand","embeddable":true,"href":"https:\/\/toidupakk.ee\/lt\/wp-json\/wp\/v2\/product_brand?post=45935"},{"taxonomy":"product_cat","embeddable":true,"href":"https:\/\/toidupakk.ee\/lt\/wp-json\/wp\/v2\/product_cat?post=45935"},{"taxonomy":"product_tag","embeddable":true,"href":"https:\/\/toidupakk.ee\/lt\/wp-json\/wp\/v2\/product_tag?post=45935"}],"curies":[{"name":"wp","href":"https:\/\/api.w.org\/{rel}","templated":true}]}}