{"id":45896,"date":"2024-10-21T12:27:11","date_gmt":"2024-10-21T09:27:11","guid":{"rendered":"https:\/\/toidupakk.ee\/toode\/miegmaisis-bcb-olif-5-zalias\/"},"modified":"2026-04-16T22:00:31","modified_gmt":"2026-04-16T19:00:31","slug":"miegmaisis-bcb-olif-5-zalias","status":"publish","type":"product","link":"https:\/\/toidupakk.ee\/lt\/toode\/miegmaisis-bcb-olif-5-zalias\/","title":{"rendered":"Miegmai\u0161is BCB Olif 5 (\u017ealias)"},"content":{"rendered":"<h1><img fetchpriority=\"high\" decoding=\"async\" class=\"alignright wp-image-28011 size-thumbnail\" src=\"https:\/\/toidupakk.ee\/wp-content\/uploads\/2024\/10\/Magamiskott-BCB-Olif-5-roheline-3-500x500.png\" alt=\"\" width=\"500\" height=\"500\" srcset=\"https:\/\/toidupakk.ee\/wp-content\/uploads\/2024\/10\/Magamiskott-BCB-Olif-5-roheline-3-500x500.png 500w, https:\/\/toidupakk.ee\/wp-content\/uploads\/2024\/10\/Magamiskott-BCB-Olif-5-roheline-3-400x400.png 400w, https:\/\/toidupakk.ee\/wp-content\/uploads\/2024\/10\/Magamiskott-BCB-Olif-5-roheline-3-100x100.png 100w, https:\/\/toidupakk.ee\/wp-content\/uploads\/2024\/10\/Magamiskott-BCB-Olif-5-roheline-3-300x300.png 300w, https:\/\/toidupakk.ee\/wp-content\/uploads\/2024\/10\/Magamiskott-BCB-Olif-5-roheline-3-768x768.png 768w, https:\/\/toidupakk.ee\/wp-content\/uploads\/2024\/10\/Magamiskott-BCB-Olif-5-roheline-3.png 800w\" sizes=\"(max-width: 500px) 100vw, 500px\" \/><\/h1>\n<h1>Miegmai\u0161is \u2013 kaip i\u0161sirinkti miegmai\u0161\u012f?<\/h1>\n<p>Miegmai\u0161is yra svarbi \u017eygio \u012frangos dalis, u\u017etikrinanti ger\u0105 mieg\u0105 ir komfort\u0105 nakvojant gamtoje ar palapin\u0117je. \u0160tai keletas svarbi\u0173 fakt\u0173 ir savybi\u0173, \u012f kurias verta atsi\u017evelgti perkant ar renkantis miegmai\u0161\u012f: <\/p>\n<p><strong>Temperat\u016bros klas\u0117:<\/strong> Miegmai\u0161iai b\u016bna skirting\u0173 temperat\u016bros klasi\u0173. Temperat\u016bros klas\u0117 nurodo, kokiems temperat\u016bros diapazonams miegmai\u0161is yra skirtas. Pavyzd\u017eiui, b\u016bna vasariniai, \u017eieminiai ir 3 sezon\u0173 miegmai\u0161iai. Steb\u0117k miegmai\u0161io komforto temperat\u016bros rodiklius!   <\/p>\n<p><strong>U\u017epildas:<\/strong> Miegmai\u0161i\u0173 u\u017epildas gali b\u016bti p\u016bkinis, sintetinis arba nat\u016bralus, pavyzd\u017eiui, vilna. Kiekviena med\u017eiaga turi sav\u0173 plius\u0173 ir minus\u0173, tod\u0117l prie\u0161 renkantis verta pasidom\u0117ti. <\/p>\n<p><strong>Forma ir dydis:<\/strong> Miegmai\u0161iai b\u016bna \u012fvairi\u0173 dyd\u017ei\u0173 ir form\u0173, kuriuos gali rinktis pagal savo k\u016bno sud\u0117jim\u0105 ir pageidavimus. Pavyzd\u017eiui, yra kokono tipo miegmai\u0161iai, dar vadinami mumijos formos (mummy-shaped). Paprastai \u0161io tipo miegmai\u0161iai yra \u0161il\u010diausi. Taip pat b\u016bna antklod\u0117s formos miegmai\u0161i\u0173. Jie yra \u0161iek tiek erdvesni, da\u017enai u\u017etrauktuk\u0105 galima atsegti iki galo ir naudoti miegmai\u0161\u012f kaip antklod\u0119. Da\u017eniausiai tokie miegmai\u0161iai skirti naudoti \u0161iltu oru.     <\/p>\n<p><strong>\u0160oninis u\u017etrauktukas:<\/strong> \u0160oninis u\u017etrauktukas yra svarbi detal\u0117, leid\u017eianti patogiai \u012flipti ir i\u0161lipti bei v\u0117dinti miegmai\u0161\u012f. Steb\u0117k, kad vidin\u0119 u\u017etrauktuko dal\u012f dengt\u0173 mink\u0161ta med\u017eiaga. Tokiu atveju u\u017etrauktukas nesilies prie k\u016bno. Tai taip pat u\u017etikrina geresn\u0119 \u0161ilumos izoliacij\u0105.   <\/p>\n<p><strong>Svoris ir kompakti\u0161kumas:<\/strong> Jei miegmai\u0161is naudojamas \u017eygiams, svoris ir kompakti\u0161kumas yra svarb\u016bs veiksniai. Lengvus ir kompakti\u0161kus miegmai\u0161ius patogiau pasiimti su savimi ir transportuoti. <\/p>\n<p><strong>Papildomos detal\u0117s:<\/strong> Daugelyje miegmai\u0161i\u0173 yra papildom\u0173 detali\u0173, pavyzd\u017eiui, gobtuvas, ki\u0161en\u0117s, tvirtinimo dir\u017eeliai ar u\u017etrauktukai, kurie daro naudojim\u0105 dar patogesn\u012f ir prakti\u0161kesn\u012f.<\/p>\n<p>Apibendrinant, miegmai\u0161is yra svarbi investicija, galinti gerokai paveikti tavo miego kokyb\u0119 \u017eygiuojant ar stovyklaujant. Tod\u0117l verta rinktis tok\u012f miegmai\u0161\u012f, kuris atitikt\u0173 tavo poreikius ir u\u017etikrint\u0173 optimal\u0173 komfort\u0105 bei \u0161ilum\u0105. <\/p>\n<h1><\/h1>\n<h2>BCB miegmai\u0161is idealiai tinka naudoti vasar\u0105 net ir \u0161altesniu oru<\/h2>\n<p>Nakvok gamtoje taip pat patogiai kaip namuose. Nakvyn\u0117 miegmai\u0161yje turi b\u016bti maloni patirtis. BCB \u0161alto oro miegmai\u0161is sukurtas u\u017etikrinti ger\u0105 mieg\u0105 po aktyvios dienos net ir esant ekstremalioms temperat\u016broms. BCB miegmai\u0161is sukurtas atlaikyti \u017eemesn\u0119 temperat\u016br\u0105 (nuo 0 iki \u20137 \u2103). Miegmai\u0161io gobtuvas u\u017etikrina svarbiausios k\u016bno dalies \u2013 galvos \u2013 \u0161ilum\u0105. Per galv\u0105 i\u0161 k\u016bno pasi\u0161alina daugiausia \u0161ilumos energijos, tod\u0117l svarbu, kad miegant galva b\u016bt\u0173 miegmai\u0161io gobtuve. BCB Olif 5 miegmai\u0161is sveria 1,6 kg. Miegmai\u0161io matmenys i\u0161skleidus yra 220 x 60 x 50 cm, o supakuoto \u2013 28 x 22 cm.       <\/p>\n<p>&nbsp;<\/p>\n<h2>Miegmai\u0161is su sintetiniu u\u017epildu<\/h2>\n<p>Miegmai\u0161is su sintetiniu u\u017epildu turi daug privalum\u0173 \u2013 jis nesugeria dr\u0117gm\u0117s, greitai d\u017ei\u016bsta, u\u017epildas nesitepa, tod\u0117l nereikalauja da\u017eno skalbimo. Miegmai\u0161is su sintetiniu u\u017epildu nesveria daugiau nei p\u016bkinis. Kuo kokybi\u0161kesnis sintetinis miegmai\u0161is, tuo labiau jo savyb\u0117s prilygsta p\u016bkiniams miegmai\u0161iams.  <\/p>\n<p>&nbsp;<\/p>\n<h3>Kas suteikia miegmai\u0161iui \u0161ilum\u0105?<\/h3>\n<p>\u0160ilum\u0105 miegmai\u0161iui suteikia oras. \u0160ilumos izoliacijos efektas atsiranda d\u0117l to, kad tarp p\u016bk\u0173 ar sintetin\u0117s med\u017eiagos lieka nejudantis oras. Kuo daugiau nejudan\u010dio oro yra miegmai\u0161io u\u017epilde, tuo \u0161iltesnis yra miegmai\u0161is.  <\/p>\n<p>Renkantis miegmai\u0161\u012f, pirmiausia reikia pagalvoti apie savo pageidavimus ir tai, kaip tavo k\u016bnas pats generuoja \u0161ilum\u0105. Tai, kiek \u0161ilta bus miegmai\u0161yje, priklauso nuo daugelio veiksni\u0173: oro s\u0105lyg\u0173, naudojamos palapin\u0117s, kilim\u0117lio. Ne ma\u017eiau svarbi ir termo apranga, miegan\u010diojo b\u016bkl\u0117 bei galvos apdangalas.   <\/p>\n<p>&nbsp;<\/p>\n<p>Pasisemk \u012fkv\u0117pimo kitiems nuotykiams \u201eToidupakk\u201c <a href=\"https:\/\/www.instagram.com\/toidupakk\/\">Instagram<\/a> ir <a href=\"https:\/\/www.facebook.com\/Toidupakk\/\">Facebook<\/a> paskyrose.<\/p>\n<p>\u017di\u016br\u0117k \u017eygio prekes <a href=\"https:\/\/toidupakk.ee\/lt\/tootekategooria\/zygio-iranga\/#section-3-79\">\u010cIA<\/a>.<\/p>\n","protected":false},"excerpt":{"rendered":"<p>Auk\u0161\u010diausios klas\u0117s miegmai\u0161is, tinkamas naudoti ir \u017eiemos laikotarpiu.<\/p>\n<ul>\n<li>Komforto temperat\u016bra (Comfort) 0 \u2103<\/li>\n<li>Ekstremali temperat\u016bra (Extreme) \u201312 \u2103<\/li>\n<li>U\u017epildas: 300 GSM<\/li>\n<li>I\u0161orinis sluoksnis: 70D Ripstop nailonas<\/li>\n<li>Pamu\u0161alas: 40D nailonas<\/li>\n<li>Miegmai\u0161is atitinka EN ISO 23537-1:2016 standart\u0105<\/li>\n<li>Kokono tipo (Mummy shaped) miegmai\u0161is su gobtuvu<\/li>\n<li>svoris: 1,6 kg<\/li>\n<li>matmenys 220 x 60 x 50 cm, supakuoto \u2013 28 x 22 cm<\/li>\n<li>Komplekte yra kompresinis krep\u0161ys<\/li>\n<\/ul>\n<p>\u2705 Turime sand\u0117lyje, greitas pristatymas per 1\u20133 darbo dienas<br \/>\n\u2705 Pirk dabar, mok\u0117k v\u0117liau (pal\u016bkanos 0 %)<\/p>\n","protected":false},"featured_media":28011,"comment_status":"open","ping_status":"closed","template":"","meta":{"_acf_changed":false},"product_brand":[],"product_cat":[252,189,190],"product_tag":[],"class_list":{"0":"post-45896","1":"product","2":"type-product","3":"status-publish","4":"has-post-thumbnail","6":"product_cat-miegmaisiai","7":"product_cat-zygio-iranga","8":"product_cat-zygio-prekes","10":"first","11":"instock","12":"sale","13":"taxable","14":"shipping-taxable","15":"purchasable","16":"product-type-simple"},"bundled_by":[],"bundle_stock_status":"instock","bundle_stock_quantity":3,"bundle_virtual":false,"bundle_layout":"","bundle_add_to_cart_form_location":"","bundle_editable_in_cart":false,"bundle_sold_individually_context":"","bundle_item_grouping":"","bundle_min_size":"","bundle_max_size":"","bundle_price":[],"bundled_items":[],"bundle_sell_ids":[],"acf":[],"yoast_head":"<!-- This site is optimized with the Yoast SEO plugin v27.3 - https:\/\/yoast.com\/product\/yoast-seo-wordpress\/ -->\n<title>Miegmai\u0161is BCB Olif 5 (\u017ealias)<\/title>\n<meta name=\"description\" content=\"BCB Olif 5 miegmai\u0161is tinka naudoti vasar\u0105 net ir v\u0117sesniu oru. Komforto temperat\u016bra 0 \u2103, ekstremali \u20137 \u2103. Mumijos tipo miegmai\u0161is su gobtuvu.\" \/>\n<meta name=\"robots\" content=\"index, follow, max-snippet:-1, max-image-preview:large, max-video-preview:-1\" \/>\n<link rel=\"canonical\" href=\"https:\/\/toidupakk.ee\/lt\/toode\/miegmaisis-bcb-olif-5-zalias\/\" \/>\n<meta property=\"og:locale\" content=\"lt_LT\" \/>\n<meta property=\"og:type\" content=\"article\" \/>\n<meta property=\"og:title\" content=\"Miegmai\u0161is BCB Olif 5 (\u017ealias)\" \/>\n<meta property=\"og:description\" content=\"BCB Olif 5 miegmai\u0161is tinka naudoti vasar\u0105 net ir v\u0117sesniu oru. Komforto temperat\u016bra 0 \u2103, ekstremali \u20137 \u2103. Mumijos tipo miegmai\u0161is su gobtuvu.\" \/>\n<meta property=\"og:url\" content=\"https:\/\/toidupakk.ee\/lt\/toode\/miegmaisis-bcb-olif-5-zalias\/\" \/>\n<meta property=\"og:site_name\" content=\"Toidupakk.ee - Tactical Foodpack toidupakid\" \/>\n<meta property=\"article:publisher\" content=\"https:\/\/www.facebook.com\/Toidupakk\" \/>\n<meta property=\"article:modified_time\" content=\"2026-04-16T19:00:31+00:00\" \/>\n<meta property=\"og:image\" content=\"https:\/\/toidupakk.ee\/wp-content\/uploads\/2024\/10\/Magamiskott-BCB-Olif-5-roheline-3.png\" \/>\n\t<meta property=\"og:image:width\" content=\"800\" \/>\n\t<meta property=\"og:image:height\" content=\"800\" \/>\n\t<meta property=\"og:image:type\" content=\"image\/png\" \/>\n<meta name=\"twitter:card\" content=\"summary_large_image\" \/>\n<meta name=\"twitter:label1\" content=\"Est. reading time\" \/>\n\t<meta name=\"twitter:data1\" content=\"3 minut\u0117s\" \/>\n<script type=\"application\/ld+json\" class=\"yoast-schema-graph\">{\"@context\":\"https:\\\/\\\/schema.org\",\"@graph\":[{\"@type\":\"WebPage\",\"@id\":\"https:\\\/\\\/toidupakk.ee\\\/lt\\\/toode\\\/miegmaisis-bcb-olif-5-zalias\\\/\",\"url\":\"https:\\\/\\\/toidupakk.ee\\\/lt\\\/toode\\\/miegmaisis-bcb-olif-5-zalias\\\/\",\"name\":\"Miegmai\u0161is BCB Olif 5 (\u017ealias)\",\"isPartOf\":{\"@id\":\"https:\\\/\\\/toidupakk.ee\\\/lt\\\/#website\"},\"primaryImageOfPage\":{\"@id\":\"https:\\\/\\\/toidupakk.ee\\\/lt\\\/toode\\\/miegmaisis-bcb-olif-5-zalias\\\/#primaryimage\"},\"image\":{\"@id\":\"https:\\\/\\\/toidupakk.ee\\\/lt\\\/toode\\\/miegmaisis-bcb-olif-5-zalias\\\/#primaryimage\"},\"thumbnailUrl\":\"https:\\\/\\\/toidupakk.ee\\\/wp-content\\\/uploads\\\/2024\\\/10\\\/Magamiskott-BCB-Olif-5-roheline-3.png\",\"datePublished\":\"2024-10-21T09:27:11+00:00\",\"dateModified\":\"2026-04-16T19:00:31+00:00\",\"description\":\"BCB Olif 5 miegmai\u0161is tinka naudoti vasar\u0105 net ir v\u0117sesniu oru. Komforto temperat\u016bra 0 \u2103, ekstremali \u20137 \u2103. Mumijos tipo miegmai\u0161is su gobtuvu.\",\"breadcrumb\":{\"@id\":\"https:\\\/\\\/toidupakk.ee\\\/lt\\\/toode\\\/miegmaisis-bcb-olif-5-zalias\\\/#breadcrumb\"},\"inLanguage\":\"lt-LT\",\"potentialAction\":[{\"@type\":\"ReadAction\",\"target\":[\"https:\\\/\\\/toidupakk.ee\\\/lt\\\/toode\\\/miegmaisis-bcb-olif-5-zalias\\\/\"]}]},{\"@type\":\"ImageObject\",\"inLanguage\":\"lt-LT\",\"@id\":\"https:\\\/\\\/toidupakk.ee\\\/lt\\\/toode\\\/miegmaisis-bcb-olif-5-zalias\\\/#primaryimage\",\"url\":\"https:\\\/\\\/toidupakk.ee\\\/wp-content\\\/uploads\\\/2024\\\/10\\\/Magamiskott-BCB-Olif-5-roheline-3.png\",\"contentUrl\":\"https:\\\/\\\/toidupakk.ee\\\/wp-content\\\/uploads\\\/2024\\\/10\\\/Magamiskott-BCB-Olif-5-roheline-3.png\",\"width\":800,\"height\":800},{\"@type\":\"BreadcrumbList\",\"@id\":\"https:\\\/\\\/toidupakk.ee\\\/lt\\\/toode\\\/miegmaisis-bcb-olif-5-zalias\\\/#breadcrumb\",\"itemListElement\":[{\"@type\":\"ListItem\",\"position\":1,\"name\":\"Avaleht\",\"item\":\"https:\\\/\\\/toidupakk.ee\\\/lt\\\/\"},{\"@type\":\"ListItem\",\"position\":2,\"name\":\"El. parduotuv\u0117\",\"item\":\"https:\\\/\\\/toidupakk.ee\\\/lt\\\/el-parduotuve\\\/\"},{\"@type\":\"ListItem\",\"position\":3,\"name\":\"Miegmai\u0161is BCB Olif 5 (\u017ealias)\"}]},{\"@type\":\"WebSite\",\"@id\":\"https:\\\/\\\/toidupakk.ee\\\/lt\\\/#website\",\"url\":\"https:\\\/\\\/toidupakk.ee\\\/lt\\\/\",\"name\":\"Toidupakk.ee - Tactical Foodpack toidupakid\",\"description\":\"Tactical Foodpack k\u00fclmkuivatatud toidupakid ja matkaeined\",\"publisher\":{\"@id\":\"https:\\\/\\\/toidupakk.ee\\\/lt\\\/#organization\"},\"potentialAction\":[{\"@type\":\"SearchAction\",\"target\":{\"@type\":\"EntryPoint\",\"urlTemplate\":\"https:\\\/\\\/toidupakk.ee\\\/lt\\\/?s={search_term_string}\"},\"query-input\":{\"@type\":\"PropertyValueSpecification\",\"valueRequired\":true,\"valueName\":\"search_term_string\"}}],\"inLanguage\":\"lt-LT\"},{\"@type\":\"Organization\",\"@id\":\"https:\\\/\\\/toidupakk.ee\\\/lt\\\/#organization\",\"name\":\"Tactical Foodpack matkaeined\",\"url\":\"https:\\\/\\\/toidupakk.ee\\\/lt\\\/\",\"logo\":{\"@type\":\"ImageObject\",\"inLanguage\":\"lt-LT\",\"@id\":\"https:\\\/\\\/toidupakk.ee\\\/lt\\\/#\\\/schema\\\/logo\\\/image\\\/\",\"url\":\"https:\\\/\\\/toidupakk.ee\\\/wp-content\\\/uploads\\\/2022\\\/01\\\/Toidupakk-matkapood-logo-transparent.png\",\"contentUrl\":\"https:\\\/\\\/toidupakk.ee\\\/wp-content\\\/uploads\\\/2022\\\/01\\\/Toidupakk-matkapood-logo-transparent.png\",\"width\":500,\"height\":500,\"caption\":\"Tactical Foodpack matkaeined\"},\"image\":{\"@id\":\"https:\\\/\\\/toidupakk.ee\\\/lt\\\/#\\\/schema\\\/logo\\\/image\\\/\"},\"sameAs\":[\"https:\\\/\\\/www.facebook.com\\\/Toidupakk\",\"https:\\\/\\\/www.instagram.com\\\/toidupakk\\\/\"]}]}<\/script>\n<!-- \/ Yoast SEO plugin. -->","yoast_head_json":{"title":"Miegmai\u0161is BCB Olif 5 (\u017ealias)","description":"BCB Olif 5 miegmai\u0161is tinka naudoti vasar\u0105 net ir v\u0117sesniu oru. Komforto temperat\u016bra 0 \u2103, ekstremali \u20137 \u2103. Mumijos tipo miegmai\u0161is su gobtuvu.","robots":{"index":"index","follow":"follow","max-snippet":"max-snippet:-1","max-image-preview":"max-image-preview:large","max-video-preview":"max-video-preview:-1"},"canonical":"https:\/\/toidupakk.ee\/lt\/toode\/miegmaisis-bcb-olif-5-zalias\/","og_locale":"lt_LT","og_type":"article","og_title":"Miegmai\u0161is BCB Olif 5 (\u017ealias)","og_description":"BCB Olif 5 miegmai\u0161is tinka naudoti vasar\u0105 net ir v\u0117sesniu oru. Komforto temperat\u016bra 0 \u2103, ekstremali \u20137 \u2103. Mumijos tipo miegmai\u0161is su gobtuvu.","og_url":"https:\/\/toidupakk.ee\/lt\/toode\/miegmaisis-bcb-olif-5-zalias\/","og_site_name":"Toidupakk.ee - Tactical Foodpack toidupakid","article_publisher":"https:\/\/www.facebook.com\/Toidupakk","article_modified_time":"2026-04-16T19:00:31+00:00","og_image":[{"width":800,"height":800,"url":"https:\/\/toidupakk.ee\/wp-content\/uploads\/2024\/10\/Magamiskott-BCB-Olif-5-roheline-3.png","type":"image\/png"}],"twitter_card":"summary_large_image","twitter_misc":{"Est. reading time":"3 minut\u0117s"},"schema":{"@context":"https:\/\/schema.org","@graph":[{"@type":"WebPage","@id":"https:\/\/toidupakk.ee\/lt\/toode\/miegmaisis-bcb-olif-5-zalias\/","url":"https:\/\/toidupakk.ee\/lt\/toode\/miegmaisis-bcb-olif-5-zalias\/","name":"Miegmai\u0161is BCB Olif 5 (\u017ealias)","isPartOf":{"@id":"https:\/\/toidupakk.ee\/lt\/#website"},"primaryImageOfPage":{"@id":"https:\/\/toidupakk.ee\/lt\/toode\/miegmaisis-bcb-olif-5-zalias\/#primaryimage"},"image":{"@id":"https:\/\/toidupakk.ee\/lt\/toode\/miegmaisis-bcb-olif-5-zalias\/#primaryimage"},"thumbnailUrl":"https:\/\/toidupakk.ee\/wp-content\/uploads\/2024\/10\/Magamiskott-BCB-Olif-5-roheline-3.png","datePublished":"2024-10-21T09:27:11+00:00","dateModified":"2026-04-16T19:00:31+00:00","description":"BCB Olif 5 miegmai\u0161is tinka naudoti vasar\u0105 net ir v\u0117sesniu oru. Komforto temperat\u016bra 0 \u2103, ekstremali \u20137 \u2103. Mumijos tipo miegmai\u0161is su gobtuvu.","breadcrumb":{"@id":"https:\/\/toidupakk.ee\/lt\/toode\/miegmaisis-bcb-olif-5-zalias\/#breadcrumb"},"inLanguage":"lt-LT","potentialAction":[{"@type":"ReadAction","target":["https:\/\/toidupakk.ee\/lt\/toode\/miegmaisis-bcb-olif-5-zalias\/"]}]},{"@type":"ImageObject","inLanguage":"lt-LT","@id":"https:\/\/toidupakk.ee\/lt\/toode\/miegmaisis-bcb-olif-5-zalias\/#primaryimage","url":"https:\/\/toidupakk.ee\/wp-content\/uploads\/2024\/10\/Magamiskott-BCB-Olif-5-roheline-3.png","contentUrl":"https:\/\/toidupakk.ee\/wp-content\/uploads\/2024\/10\/Magamiskott-BCB-Olif-5-roheline-3.png","width":800,"height":800},{"@type":"BreadcrumbList","@id":"https:\/\/toidupakk.ee\/lt\/toode\/miegmaisis-bcb-olif-5-zalias\/#breadcrumb","itemListElement":[{"@type":"ListItem","position":1,"name":"Avaleht","item":"https:\/\/toidupakk.ee\/lt\/"},{"@type":"ListItem","position":2,"name":"El. parduotuv\u0117","item":"https:\/\/toidupakk.ee\/lt\/el-parduotuve\/"},{"@type":"ListItem","position":3,"name":"Miegmai\u0161is BCB Olif 5 (\u017ealias)"}]},{"@type":"WebSite","@id":"https:\/\/toidupakk.ee\/lt\/#website","url":"https:\/\/toidupakk.ee\/lt\/","name":"Toidupakk.ee - Tactical Foodpack toidupakid","description":"Tactical Foodpack k\u00fclmkuivatatud toidupakid ja matkaeined","publisher":{"@id":"https:\/\/toidupakk.ee\/lt\/#organization"},"potentialAction":[{"@type":"SearchAction","target":{"@type":"EntryPoint","urlTemplate":"https:\/\/toidupakk.ee\/lt\/?s={search_term_string}"},"query-input":{"@type":"PropertyValueSpecification","valueRequired":true,"valueName":"search_term_string"}}],"inLanguage":"lt-LT"},{"@type":"Organization","@id":"https:\/\/toidupakk.ee\/lt\/#organization","name":"Tactical Foodpack matkaeined","url":"https:\/\/toidupakk.ee\/lt\/","logo":{"@type":"ImageObject","inLanguage":"lt-LT","@id":"https:\/\/toidupakk.ee\/lt\/#\/schema\/logo\/image\/","url":"https:\/\/toidupakk.ee\/wp-content\/uploads\/2022\/01\/Toidupakk-matkapood-logo-transparent.png","contentUrl":"https:\/\/toidupakk.ee\/wp-content\/uploads\/2022\/01\/Toidupakk-matkapood-logo-transparent.png","width":500,"height":500,"caption":"Tactical Foodpack matkaeined"},"image":{"@id":"https:\/\/toidupakk.ee\/lt\/#\/schema\/logo\/image\/"},"sameAs":["https:\/\/www.facebook.com\/Toidupakk","https:\/\/www.instagram.com\/toidupakk\/"]}]}},"jetpack_sharing_enabled":true,"_links":{"self":[{"href":"https:\/\/toidupakk.ee\/lt\/wp-json\/wp\/v2\/product\/45896","targetHints":{"allow":["GET"]}}],"collection":[{"href":"https:\/\/toidupakk.ee\/lt\/wp-json\/wp\/v2\/product"}],"about":[{"href":"https:\/\/toidupakk.ee\/lt\/wp-json\/wp\/v2\/types\/product"}],"replies":[{"embeddable":true,"href":"https:\/\/toidupakk.ee\/lt\/wp-json\/wp\/v2\/comments?post=45896"}],"wp:featuredmedia":[{"embeddable":true,"href":"https:\/\/toidupakk.ee\/lt\/wp-json\/wp\/v2\/media\/28011"}],"wp:attachment":[{"href":"https:\/\/toidupakk.ee\/lt\/wp-json\/wp\/v2\/media?parent=45896"}],"wp:term":[{"taxonomy":"product_brand","embeddable":true,"href":"https:\/\/toidupakk.ee\/lt\/wp-json\/wp\/v2\/product_brand?post=45896"},{"taxonomy":"product_cat","embeddable":true,"href":"https:\/\/toidupakk.ee\/lt\/wp-json\/wp\/v2\/product_cat?post=45896"},{"taxonomy":"product_tag","embeddable":true,"href":"https:\/\/toidupakk.ee\/lt\/wp-json\/wp\/v2\/product_tag?post=45896"}],"curies":[{"name":"wp","href":"https:\/\/api.w.org\/{rel}","templated":true}]}}