{"id":45883,"date":"2025-01-19T21:00:54","date_gmt":"2025-01-19T19:00:54","guid":{"rendered":"https:\/\/toidupakk.ee\/toode\/sixpack-oscar\/"},"modified":"2026-04-15T10:31:08","modified_gmt":"2026-04-15T07:31:08","slug":"sixpack-oscar","status":"publish","type":"product","link":"https:\/\/toidupakk.ee\/lt\/toode\/sixpack-oscar\/","title":{"rendered":"Sixpack Oscar"},"content":{"rendered":"<p><iframe style=\"width: 455px; height: 809px;\" title=\"\u201eYouTube\u201c vaizdo \u012fra\u0161\u0173 grotuvas\" src=\"https:\/\/www.youtube.com\/embed\/k31f5K3QrPA\" frameborder=\"0\" allowfullscreen=\"allowfullscreen\"><span data-mce-type=\"bookmark\" style=\"display: inline-block; width: 0px; overflow: hidden; line-height: 0;\" class=\"mce_SELRES_start\"><\/span><\/iframe><\/p>\n<h1 data-pm-slice=\"1 1 []\"><\/h1>\n<h1 data-pm-slice=\"1 1 []\">\u201eTactical Foodpack Sixpack Oscar\u201c \u2013 paruo\u0161to maisto rinkinys dviem dienoms<\/h1>\n<p><strong>Sixpack Oscar<\/strong> yra naujausias \u201eTactical Foodpack\u201c paruo\u0161to maisto rinkinys, kuriame yra \u0161e\u0161i skan\u016bs ir maistingi patiekalai. Idealus pasirinkimas \u017eygeiviams, nuotyki\u0173 ie\u0161kotojams ir visiems, vertinantiems patogum\u0105, nat\u016bralum\u0105 bei greit\u0105 maist\u0105. \u0160is rinkinys greitai tapo klient\u0173 m\u0117gstamiausiu!  <\/p>\n<h1 data-pm-slice=\"1 1 []\"><img fetchpriority=\"high\" decoding=\"async\" class=\"alignright wp-image-31368 size-thumbnail\" src=\"https:\/\/toidupakk.ee\/wp-content\/uploads\/2025\/01\/Tactical-Foodpack-Sixpack-Oscar-3-500x500.jpg\" alt=\"\u201eSixpack Oscar\u201c 2 dien\u0173 maisto rinkinys\" width=\"500\" height=\"500\" srcset=\"https:\/\/toidupakk.ee\/wp-content\/uploads\/2025\/01\/Tactical-Foodpack-Sixpack-Oscar-3-500x500.jpg 500w, https:\/\/toidupakk.ee\/wp-content\/uploads\/2025\/01\/Tactical-Foodpack-Sixpack-Oscar-3-400x400.jpg 400w, https:\/\/toidupakk.ee\/wp-content\/uploads\/2025\/01\/Tactical-Foodpack-Sixpack-Oscar-3-100x100.jpg 100w, https:\/\/toidupakk.ee\/wp-content\/uploads\/2025\/01\/Tactical-Foodpack-Sixpack-Oscar-3-300x300.jpg 300w, https:\/\/toidupakk.ee\/wp-content\/uploads\/2025\/01\/Tactical-Foodpack-Sixpack-Oscar-3-768x768.jpg 768w, https:\/\/toidupakk.ee\/wp-content\/uploads\/2025\/01\/Tactical-Foodpack-Sixpack-Oscar-3.jpg 800w\" sizes=\"(max-width: 500px) 100vw, 500px\" \/><\/h1>\n<h2>Kas sudaro \u201eSixpack Oscar\u201c rinkin\u012f?<\/h2>\n<p>\u201eSixpack Oscar\u201c si\u016blo \u0161e\u0161is skirtingus \u0161iltus patiekalus, kuri\u0173 u\u017eteks dviem dienoms:<\/p>\n<ul data-spread=\"false\">\n<li><strong>Bulvi\u0173 ko\u0161\u0117 su vi\u0161tiena<\/strong><\/li>\n<li><strong>\u201eSpaghetti Bolognese\u201c su jautiena<\/strong><\/li>\n<li><strong>Vi\u0161tienos karis su ry\u017eiais<\/strong><\/li>\n<li><strong>Makaron\u0173 patiekalas su vi\u0161tiena<\/strong><\/li>\n<li><strong>Ry\u017ei\u0173 pudingas su uogomis<\/strong><\/li>\n<li><strong>Avi\u017ein\u0117 ko\u0161\u0117 su obuoliais<\/strong><\/li>\n<\/ul>\n<p><strong>SVARBU!<\/strong>  Naujieji \u201esixpack\u201c rinkiniai nebeturi plastikin\u0117s pakuot\u0117s. Vietoj jos rinkinyje yra prakti\u0161kas karabinas, kuris laiko maisto paketus kartu ir kur\u012f v\u0117liau galima naudoti \u012fvairiems tikslams. <\/p>\n<h2>Kod\u0117l verta rinktis \u201eSixpack Oscar\u201c?<\/h2>\n<ul data-spread=\"false\">\n<li><strong>Lengva paruo\u0161ti:<\/strong> tiesiog u\u017epilk kar\u0161to vandens ir po 8 minu\u010di\u0173 skanus patiekalas bus paruo\u0161tas.<\/li>\n<li><strong>Nat\u016brali sud\u0117tis:<\/strong> be konservant\u0173 ir pried\u0173.<\/li>\n<li><strong>Esti\u0161ki receptai:<\/strong> pagaminta Vokietijoje.<\/li>\n<li><strong>Ilgas galiojimo laikas:<\/strong> geriausias 8 metus nuo pagaminimo datos.<\/li>\n<li><strong>Patogus ir greitas pristatymas:<\/strong> 82 % u\u017esakym\u0173 pa\u0161tomat\u0105 pasiekia per 1\u20132 darbo dienas.<\/li>\n<\/ul>\n<p>&nbsp;<\/p>\n<h2>Kam tinka \u201eSixpack Oscar\u201c?<\/h2>\n<ul data-spread=\"false\">\n<li><strong>\u017dygeiviams ir stovyklautojams:<\/strong> idealus \u017eygio maistas, kur\u012f lengva pasiimti su savimi.<\/li>\n<li><strong>I\u0161gyvenimo entuziastams:<\/strong> d\u0117l ilgo galiojimo laiko tai puikus pasirinkimas atsargoms namuose.<\/li>\n<li><strong>Nuotyki\u0173 ie\u0161kotojams ir festivali\u0173 lankytojams:<\/strong> patogus ir greitas sprendimas visavertei mitybai.<\/li>\n<\/ul>\n<h3><img decoding=\"async\" class=\"size-full wp-image-676 alignnone\" src=\"https:\/\/toidupakk.ee\/wp-content\/uploads\/2021\/12\/TF_logo_RGB-22-16-43-849.png\" alt=\"\u017dalias \u201eTactical Foodpack\u201c logotipas\" width=\"238\" height=\"100\"><\/h3>\n<h3>\u201eTactical Foodpack\u201c prek\u0117s \u017eenklas<\/h3>\n<p>\u201eTactical Foodpack\u201c yra Estijoje sukurtas prek\u0117s \u017eenklas, orientuotas \u012f \u0161altyje d\u017eiovintus maisto produktus. M\u016bs\u0173 tikslas \u2013 pasi\u016blyti gaminius, tinkan\u010dius tiek profesionaliems \u017eygiams, karin\u0117ms operacijoms, tiek kasdieniam naudojimui. Kiekvienas m\u016bs\u0173 receptas sukurtas tikr\u0173 nuotyki\u0173 ie\u0161kotoj\u0173, siekiant u\u017etikrinti geriausi\u0105 skonio, maistini\u0173 med\u017eiag\u0173 ir prakti\u0161kumo pusiausvyr\u0105.  <\/p>\n<p><img decoding=\"async\" class=\"alignright wp-image-33838 size-thumbnail\" src=\"https:\/\/toidupakk.ee\/wp-content\/uploads\/2025\/01\/Sixpack-OSCAR-komplekti-sisu-500x500.jpg\" alt=\"\u201eTactical Foodpack OSCAR\u201c rinkinyje rasi\" width=\"500\" height=\"500\" srcset=\"https:\/\/toidupakk.ee\/wp-content\/uploads\/2025\/01\/Sixpack-OSCAR-komplekti-sisu-500x500.jpg 500w, https:\/\/toidupakk.ee\/wp-content\/uploads\/2025\/01\/Sixpack-OSCAR-komplekti-sisu-400x400.jpg 400w, https:\/\/toidupakk.ee\/wp-content\/uploads\/2025\/01\/Sixpack-OSCAR-komplekti-sisu-100x100.jpg 100w, https:\/\/toidupakk.ee\/wp-content\/uploads\/2025\/01\/Sixpack-OSCAR-komplekti-sisu-300x300.jpg 300w, https:\/\/toidupakk.ee\/wp-content\/uploads\/2025\/01\/Sixpack-OSCAR-komplekti-sisu-768x768.jpg 768w, https:\/\/toidupakk.ee\/wp-content\/uploads\/2025\/01\/Sixpack-OSCAR-komplekti-sisu.jpg 800w\" sizes=\"(max-width: 500px) 100vw, 500px\" \/><\/p>\n<h3>Kaip ruo\u0161iami \u201eTactical Foodpack\u201c patiekalai?<\/h3>\n<ul data-spread=\"false\">\n<li>Atidaryk pakuot\u0119 ir i\u0161imk deguonies absorbatori\u0173.<\/li>\n<li>\u012epilk kar\u0161to vandens pagal instrukcij\u0105 (kiekis nurodytas ant pakuot\u0117s).<\/li>\n<li>Kruop\u0161\u010diai i\u0161mai\u0161yk ir u\u017espausk pakuot\u0117s u\u017esegim\u0105.<\/li>\n<li>Palauk 8 minutes, kol maistas bus paruo\u0161tas.<\/li>\n<li>M\u0117gaukis tiesiai i\u0161 pakuot\u0117s \u2013 nereik\u0117s plauti ind\u0173!<\/li>\n<\/ul>\n<h3>Kod\u0117l verta rinktis \u201eTactical Foodpack\u201c \u0161altyje d\u017eiovintus patiekalus?<\/h3>\n<p>&nbsp;<\/p>\n<ul data-spread=\"false\">\n<li><strong>Maistini\u0173 med\u017eiag\u0173 gausa:<\/strong> d\u017eiovinimo \u0161altyje technologija i\u0161saugo visus svarbius vitaminus ir mineralus.<\/li>\n<li><strong>Ma\u017eas svoris:<\/strong> idealiai tinka ne\u0161tis \u012f ilgus \u017eygius.<\/li>\n<li><strong>Maksimalus patogumas:<\/strong> greitai paruo\u0161iama bet kokioje situacijoje \u2013 \u017eygyje, stovykloje ar per darbo pertrauk\u0105.<\/li>\n<\/ul>\n<p>&nbsp;<\/p>\n<p>&nbsp;<\/p>\n<p><img loading=\"lazy\" decoding=\"async\" class=\"alignnone size-full wp-image-31398\" src=\"https:\/\/toidupakk.ee\/wp-content\/uploads\/2025\/01\/sixpacks_landscape.jpg\" alt=\"Sixpack Oscar, Sixpack Vegan Zulu ir Sixpack BIG PAPA\" width=\"1920\" height=\"1440\" srcset=\"https:\/\/toidupakk.ee\/wp-content\/uploads\/2025\/01\/sixpacks_landscape.jpg 1920w, https:\/\/toidupakk.ee\/wp-content\/uploads\/2025\/01\/sixpacks_landscape-800x600.jpg 800w, https:\/\/toidupakk.ee\/wp-content\/uploads\/2025\/01\/sixpacks_landscape-300x225.jpg 300w, https:\/\/toidupakk.ee\/wp-content\/uploads\/2025\/01\/sixpacks_landscape-1024x768.jpg 1024w, https:\/\/toidupakk.ee\/wp-content\/uploads\/2025\/01\/sixpacks_landscape-768x576.jpg 768w, https:\/\/toidupakk.ee\/wp-content\/uploads\/2025\/01\/sixpacks_landscape-1536x1152.jpg 1536w\" sizes=\"(max-width: 1920px) 100vw, 1920px\" \/><\/p>\n<p>Per\u017ei\u016br\u0117k visus <a href=\"https:\/\/toidupakk.ee\/lt\/tootekategooria\/tactical-foodpack-patiekalai\/\">\u201eTactical Foodpack\u201c patiekalus<\/a><\/p>\n<p>Pasisemk \u012fkv\u0117pimo kitiems nuotykiams \u201eToidupakk\u201c <a href=\"https:\/\/www.instagram.com\/toidupakk\/\">\u201eInstagram\u201c<\/a> ir <a href=\"https:\/\/www.facebook.com\/Toidupakk\/\">\u201eFacebook\u201c<\/a> paskyrose.<\/p>\n","protected":false},"excerpt":{"rendered":"<p><strong>\u201eSixpack Oscar\u201c yra vienas naujausi\u0173 \u201eTactical Foodpack\u201c asortimento gamini\u0173, jau sp\u0117j\u0119s tapti daugelio m\u0117gstamiausiu. \u201eSixpack\u201c \u2013 tai paruo\u0161to maisto rinkinys dviem dienoms, kur\u012f sudaro 6 visavert\u0117s porcijos. <\/strong><\/p>\n<ul>\n<li>Rinkinyje rasi <strong>i\u0161 viso 6 \u0161iltus patiekalus<\/strong> (4 pagrindinius patiekalus + 2 pusry\u010dius):<\/li>\n<\/ul>\n<p>\u2705 Bulvi\u0173 ko\u0161\u0117 su vi\u0161tiena<br \/>\n\u2705 \u201eSpaghetti Bolognese\u201c su jautiena<br \/>\n\u2705 Vi\u0161tienos karis su ry\u017eiais<br \/>\n\u2705 Makaron\u0173 patiekalas su vi\u0161tiena<br \/>\n\u2705 Ry\u017ei\u0173 pudingas su uogomis<br \/>\n\u2705 Avi\u017ein\u0117 ko\u0161\u0117 su obuoliais<\/p>\n<ul>\n<li><u>Svarbu! Naujieji \u201esixpack\u201c rinkiniai <strong>nebeturi plastikin\u0117s pakuot\u0117s<\/strong>, vietoj jos <strong>rinkinyje rasi prakti\u0161k\u0105 karabin\u0105<\/strong>, kuriuo susegti maisto paketai. <strong>V\u0117liau karabin\u0105 gal\u0117si naudoti savo nuo\u017ei\u016bra!<\/strong> <\/u><\/li>\n<li>Paruo\u0161tas maistas \u2013 tiesiog u\u017epilk kar\u0161to vandens ir po <strong>8 min.<\/strong> gal\u0117si <strong>m\u0117gautis visaver\u010diu patiekalu<\/strong><\/li>\n<li>Nat\u016brali sud\u0117tis, <strong>be konservant\u0173 ir pried\u0173<\/strong><\/li>\n<li><strong>Esti\u0161ki receptai<\/strong>, pagaminta Vokietijoje<\/li>\n<li>Geriausias iki:<strong> 8 met\u0173 nuo pagaminimo datos<\/strong><\/li>\n<\/ul>\n<p>\u2705 Turime sand\u0117lyje, greitas pristatymas per 1\u20133 darbo dienas<\/p>\n","protected":false},"featured_media":45897,"comment_status":"open","ping_status":"closed","template":"","meta":{"_acf_changed":false},"product_brand":[],"product_cat":[251,204,189,190],"product_tag":[],"class_list":{"0":"post-45883","1":"product","2":"type-product","3":"status-publish","4":"has-post-thumbnail","6":"product_cat-2-dienu-maisto-atsargu-rinkiniai","7":"product_cat-tactical-foodpack-patiekalai","8":"product_cat-zygio-iranga","9":"product_cat-zygio-prekes","11":"first","12":"instock","13":"taxable","14":"shipping-taxable","15":"purchasable","16":"product-type-simple"},"bundled_by":[],"bundle_stock_status":"instock","bundle_stock_quantity":5,"bundle_virtual":false,"bundle_layout":"","bundle_add_to_cart_form_location":"","bundle_editable_in_cart":false,"bundle_sold_individually_context":"","bundle_item_grouping":"","bundle_min_size":"","bundle_max_size":"","bundle_price":[],"bundled_items":[],"bundle_sell_ids":[],"acf":[],"yoast_head":"<!-- This site is optimized with the Yoast SEO plugin v27.3 - https:\/\/yoast.com\/product\/yoast-seo-wordpress\/ -->\n<title>Sixpack Oscar - Toidupakk.ee - Tactical Foodpack toidupakid<\/title>\n<meta name=\"description\" content=\"\u201eTactical Foodpack Sixpack Oscar\u201c \u2013 6 skan\u016bs ir maistingi paruo\u0161ti patiekalai dviem dienoms! Lengva paruo\u0161ti, nat\u016brali sud\u0117tis, galioja iki 8 met\u0173.\" \/>\n<meta name=\"robots\" content=\"index, follow, max-snippet:-1, max-image-preview:large, max-video-preview:-1\" \/>\n<link rel=\"canonical\" href=\"https:\/\/toidupakk.ee\/lt\/toode\/sixpack-oscar\/\" \/>\n<meta property=\"og:locale\" content=\"lt_LT\" \/>\n<meta property=\"og:type\" content=\"article\" \/>\n<meta property=\"og:title\" content=\"Sixpack Oscar - Toidupakk.ee - Tactical Foodpack toidupakid\" \/>\n<meta property=\"og:description\" content=\"\u201eTactical Foodpack Sixpack Oscar\u201c \u2013 6 skan\u016bs ir maistingi paruo\u0161ti patiekalai dviem dienoms! Lengva paruo\u0161ti, nat\u016brali sud\u0117tis, galioja iki 8 met\u0173.\" \/>\n<meta property=\"og:url\" content=\"https:\/\/toidupakk.ee\/lt\/toode\/sixpack-oscar\/\" \/>\n<meta property=\"og:site_name\" content=\"Toidupakk.ee - Tactical Foodpack toidupakid\" \/>\n<meta property=\"article:publisher\" content=\"https:\/\/www.facebook.com\/Toidupakk\" \/>\n<meta property=\"article:modified_time\" content=\"2026-04-15T07:31:08+00:00\" \/>\n<meta property=\"og:image\" content=\"https:\/\/toidupakk.ee\/wp-content\/uploads\/2025\/01\/Tactical-Foodpack-Sixpack-Oscar-1.png\" \/>\n\t<meta property=\"og:image:width\" content=\"800\" \/>\n\t<meta property=\"og:image:height\" content=\"800\" \/>\n\t<meta property=\"og:image:type\" content=\"image\/png\" \/>\n<meta name=\"twitter:card\" content=\"summary_large_image\" \/>\n<meta name=\"twitter:label1\" content=\"Est. reading time\" \/>\n\t<meta name=\"twitter:data1\" content=\"2 minut\u0117s\" \/>\n<script type=\"application\/ld+json\" class=\"yoast-schema-graph\">{\"@context\":\"https:\\\/\\\/schema.org\",\"@graph\":[{\"@type\":\"WebPage\",\"@id\":\"https:\\\/\\\/toidupakk.ee\\\/lt\\\/toode\\\/sixpack-oscar\\\/\",\"url\":\"https:\\\/\\\/toidupakk.ee\\\/lt\\\/toode\\\/sixpack-oscar\\\/\",\"name\":\"Sixpack Oscar - Toidupakk.ee - Tactical Foodpack toidupakid\",\"isPartOf\":{\"@id\":\"https:\\\/\\\/toidupakk.ee\\\/lt\\\/#website\"},\"primaryImageOfPage\":{\"@id\":\"https:\\\/\\\/toidupakk.ee\\\/lt\\\/toode\\\/sixpack-oscar\\\/#primaryimage\"},\"image\":{\"@id\":\"https:\\\/\\\/toidupakk.ee\\\/lt\\\/toode\\\/sixpack-oscar\\\/#primaryimage\"},\"thumbnailUrl\":\"https:\\\/\\\/toidupakk.ee\\\/wp-content\\\/uploads\\\/2025\\\/01\\\/Tactical-Foodpack-Sixpack-Oscar-1.png\",\"datePublished\":\"2025-01-19T19:00:54+00:00\",\"dateModified\":\"2026-04-15T07:31:08+00:00\",\"description\":\"\u201eTactical Foodpack Sixpack Oscar\u201c \u2013 6 skan\u016bs ir maistingi paruo\u0161ti patiekalai dviem dienoms! Lengva paruo\u0161ti, nat\u016brali sud\u0117tis, galioja iki 8 met\u0173.\",\"breadcrumb\":{\"@id\":\"https:\\\/\\\/toidupakk.ee\\\/lt\\\/toode\\\/sixpack-oscar\\\/#breadcrumb\"},\"inLanguage\":\"lt-LT\",\"potentialAction\":[{\"@type\":\"ReadAction\",\"target\":[\"https:\\\/\\\/toidupakk.ee\\\/lt\\\/toode\\\/sixpack-oscar\\\/\"]}]},{\"@type\":\"ImageObject\",\"inLanguage\":\"lt-LT\",\"@id\":\"https:\\\/\\\/toidupakk.ee\\\/lt\\\/toode\\\/sixpack-oscar\\\/#primaryimage\",\"url\":\"https:\\\/\\\/toidupakk.ee\\\/wp-content\\\/uploads\\\/2025\\\/01\\\/Tactical-Foodpack-Sixpack-Oscar-1.png\",\"contentUrl\":\"https:\\\/\\\/toidupakk.ee\\\/wp-content\\\/uploads\\\/2025\\\/01\\\/Tactical-Foodpack-Sixpack-Oscar-1.png\",\"width\":800,\"height\":800,\"caption\":\"\u201eSixpack OSCAR\u201c produkto nuotrauka\"},{\"@type\":\"BreadcrumbList\",\"@id\":\"https:\\\/\\\/toidupakk.ee\\\/lt\\\/toode\\\/sixpack-oscar\\\/#breadcrumb\",\"itemListElement\":[{\"@type\":\"ListItem\",\"position\":1,\"name\":\"Avaleht\",\"item\":\"https:\\\/\\\/toidupakk.ee\\\/lt\\\/\"},{\"@type\":\"ListItem\",\"position\":2,\"name\":\"El. parduotuv\u0117\",\"item\":\"https:\\\/\\\/toidupakk.ee\\\/lt\\\/el-parduotuve\\\/\"},{\"@type\":\"ListItem\",\"position\":3,\"name\":\"Sixpack Oscar\"}]},{\"@type\":\"WebSite\",\"@id\":\"https:\\\/\\\/toidupakk.ee\\\/lt\\\/#website\",\"url\":\"https:\\\/\\\/toidupakk.ee\\\/lt\\\/\",\"name\":\"Toidupakk.ee - Tactical Foodpack toidupakid\",\"description\":\"Tactical Foodpack k\u00fclmkuivatatud toidupakid ja matkaeined\",\"publisher\":{\"@id\":\"https:\\\/\\\/toidupakk.ee\\\/lt\\\/#organization\"},\"potentialAction\":[{\"@type\":\"SearchAction\",\"target\":{\"@type\":\"EntryPoint\",\"urlTemplate\":\"https:\\\/\\\/toidupakk.ee\\\/lt\\\/?s={search_term_string}\"},\"query-input\":{\"@type\":\"PropertyValueSpecification\",\"valueRequired\":true,\"valueName\":\"search_term_string\"}}],\"inLanguage\":\"lt-LT\"},{\"@type\":\"Organization\",\"@id\":\"https:\\\/\\\/toidupakk.ee\\\/lt\\\/#organization\",\"name\":\"Tactical Foodpack matkaeined\",\"url\":\"https:\\\/\\\/toidupakk.ee\\\/lt\\\/\",\"logo\":{\"@type\":\"ImageObject\",\"inLanguage\":\"lt-LT\",\"@id\":\"https:\\\/\\\/toidupakk.ee\\\/lt\\\/#\\\/schema\\\/logo\\\/image\\\/\",\"url\":\"https:\\\/\\\/toidupakk.ee\\\/wp-content\\\/uploads\\\/2022\\\/01\\\/Toidupakk-matkapood-logo-transparent.png\",\"contentUrl\":\"https:\\\/\\\/toidupakk.ee\\\/wp-content\\\/uploads\\\/2022\\\/01\\\/Toidupakk-matkapood-logo-transparent.png\",\"width\":500,\"height\":500,\"caption\":\"Tactical Foodpack matkaeined\"},\"image\":{\"@id\":\"https:\\\/\\\/toidupakk.ee\\\/lt\\\/#\\\/schema\\\/logo\\\/image\\\/\"},\"sameAs\":[\"https:\\\/\\\/www.facebook.com\\\/Toidupakk\",\"https:\\\/\\\/www.instagram.com\\\/toidupakk\\\/\"]}]}<\/script>\n<!-- \/ Yoast SEO plugin. -->","yoast_head_json":{"title":"Sixpack Oscar - Toidupakk.ee - Tactical Foodpack toidupakid","description":"\u201eTactical Foodpack Sixpack Oscar\u201c \u2013 6 skan\u016bs ir maistingi paruo\u0161ti patiekalai dviem dienoms! Lengva paruo\u0161ti, nat\u016brali sud\u0117tis, galioja iki 8 met\u0173.","robots":{"index":"index","follow":"follow","max-snippet":"max-snippet:-1","max-image-preview":"max-image-preview:large","max-video-preview":"max-video-preview:-1"},"canonical":"https:\/\/toidupakk.ee\/lt\/toode\/sixpack-oscar\/","og_locale":"lt_LT","og_type":"article","og_title":"Sixpack Oscar - Toidupakk.ee - Tactical Foodpack toidupakid","og_description":"\u201eTactical Foodpack Sixpack Oscar\u201c \u2013 6 skan\u016bs ir maistingi paruo\u0161ti patiekalai dviem dienoms! Lengva paruo\u0161ti, nat\u016brali sud\u0117tis, galioja iki 8 met\u0173.","og_url":"https:\/\/toidupakk.ee\/lt\/toode\/sixpack-oscar\/","og_site_name":"Toidupakk.ee - Tactical Foodpack toidupakid","article_publisher":"https:\/\/www.facebook.com\/Toidupakk","article_modified_time":"2026-04-15T07:31:08+00:00","og_image":[{"width":800,"height":800,"url":"https:\/\/toidupakk.ee\/wp-content\/uploads\/2025\/01\/Tactical-Foodpack-Sixpack-Oscar-1.png","type":"image\/png"}],"twitter_card":"summary_large_image","twitter_misc":{"Est. reading time":"2 minut\u0117s"},"schema":{"@context":"https:\/\/schema.org","@graph":[{"@type":"WebPage","@id":"https:\/\/toidupakk.ee\/lt\/toode\/sixpack-oscar\/","url":"https:\/\/toidupakk.ee\/lt\/toode\/sixpack-oscar\/","name":"Sixpack Oscar - Toidupakk.ee - Tactical Foodpack toidupakid","isPartOf":{"@id":"https:\/\/toidupakk.ee\/lt\/#website"},"primaryImageOfPage":{"@id":"https:\/\/toidupakk.ee\/lt\/toode\/sixpack-oscar\/#primaryimage"},"image":{"@id":"https:\/\/toidupakk.ee\/lt\/toode\/sixpack-oscar\/#primaryimage"},"thumbnailUrl":"https:\/\/toidupakk.ee\/wp-content\/uploads\/2025\/01\/Tactical-Foodpack-Sixpack-Oscar-1.png","datePublished":"2025-01-19T19:00:54+00:00","dateModified":"2026-04-15T07:31:08+00:00","description":"\u201eTactical Foodpack Sixpack Oscar\u201c \u2013 6 skan\u016bs ir maistingi paruo\u0161ti patiekalai dviem dienoms! Lengva paruo\u0161ti, nat\u016brali sud\u0117tis, galioja iki 8 met\u0173.","breadcrumb":{"@id":"https:\/\/toidupakk.ee\/lt\/toode\/sixpack-oscar\/#breadcrumb"},"inLanguage":"lt-LT","potentialAction":[{"@type":"ReadAction","target":["https:\/\/toidupakk.ee\/lt\/toode\/sixpack-oscar\/"]}]},{"@type":"ImageObject","inLanguage":"lt-LT","@id":"https:\/\/toidupakk.ee\/lt\/toode\/sixpack-oscar\/#primaryimage","url":"https:\/\/toidupakk.ee\/wp-content\/uploads\/2025\/01\/Tactical-Foodpack-Sixpack-Oscar-1.png","contentUrl":"https:\/\/toidupakk.ee\/wp-content\/uploads\/2025\/01\/Tactical-Foodpack-Sixpack-Oscar-1.png","width":800,"height":800,"caption":"\u201eSixpack OSCAR\u201c produkto nuotrauka"},{"@type":"BreadcrumbList","@id":"https:\/\/toidupakk.ee\/lt\/toode\/sixpack-oscar\/#breadcrumb","itemListElement":[{"@type":"ListItem","position":1,"name":"Avaleht","item":"https:\/\/toidupakk.ee\/lt\/"},{"@type":"ListItem","position":2,"name":"El. parduotuv\u0117","item":"https:\/\/toidupakk.ee\/lt\/el-parduotuve\/"},{"@type":"ListItem","position":3,"name":"Sixpack Oscar"}]},{"@type":"WebSite","@id":"https:\/\/toidupakk.ee\/lt\/#website","url":"https:\/\/toidupakk.ee\/lt\/","name":"Toidupakk.ee - Tactical Foodpack toidupakid","description":"Tactical Foodpack k\u00fclmkuivatatud toidupakid ja matkaeined","publisher":{"@id":"https:\/\/toidupakk.ee\/lt\/#organization"},"potentialAction":[{"@type":"SearchAction","target":{"@type":"EntryPoint","urlTemplate":"https:\/\/toidupakk.ee\/lt\/?s={search_term_string}"},"query-input":{"@type":"PropertyValueSpecification","valueRequired":true,"valueName":"search_term_string"}}],"inLanguage":"lt-LT"},{"@type":"Organization","@id":"https:\/\/toidupakk.ee\/lt\/#organization","name":"Tactical Foodpack matkaeined","url":"https:\/\/toidupakk.ee\/lt\/","logo":{"@type":"ImageObject","inLanguage":"lt-LT","@id":"https:\/\/toidupakk.ee\/lt\/#\/schema\/logo\/image\/","url":"https:\/\/toidupakk.ee\/wp-content\/uploads\/2022\/01\/Toidupakk-matkapood-logo-transparent.png","contentUrl":"https:\/\/toidupakk.ee\/wp-content\/uploads\/2022\/01\/Toidupakk-matkapood-logo-transparent.png","width":500,"height":500,"caption":"Tactical Foodpack matkaeined"},"image":{"@id":"https:\/\/toidupakk.ee\/lt\/#\/schema\/logo\/image\/"},"sameAs":["https:\/\/www.facebook.com\/Toidupakk","https:\/\/www.instagram.com\/toidupakk\/"]}]}},"jetpack_sharing_enabled":true,"_links":{"self":[{"href":"https:\/\/toidupakk.ee\/lt\/wp-json\/wp\/v2\/product\/45883","targetHints":{"allow":["GET"]}}],"collection":[{"href":"https:\/\/toidupakk.ee\/lt\/wp-json\/wp\/v2\/product"}],"about":[{"href":"https:\/\/toidupakk.ee\/lt\/wp-json\/wp\/v2\/types\/product"}],"replies":[{"embeddable":true,"href":"https:\/\/toidupakk.ee\/lt\/wp-json\/wp\/v2\/comments?post=45883"}],"wp:featuredmedia":[{"embeddable":true,"href":"https:\/\/toidupakk.ee\/lt\/wp-json\/wp\/v2\/media\/45897"}],"wp:attachment":[{"href":"https:\/\/toidupakk.ee\/lt\/wp-json\/wp\/v2\/media?parent=45883"}],"wp:term":[{"taxonomy":"product_brand","embeddable":true,"href":"https:\/\/toidupakk.ee\/lt\/wp-json\/wp\/v2\/product_brand?post=45883"},{"taxonomy":"product_cat","embeddable":true,"href":"https:\/\/toidupakk.ee\/lt\/wp-json\/wp\/v2\/product_cat?post=45883"},{"taxonomy":"product_tag","embeddable":true,"href":"https:\/\/toidupakk.ee\/lt\/wp-json\/wp\/v2\/product_tag?post=45883"}],"curies":[{"name":"wp","href":"https:\/\/api.w.org\/{rel}","templated":true}]}}