{"id":45882,"date":"2024-10-09T14:00:14","date_gmt":"2024-10-09T11:00:14","guid":{"rendered":"https:\/\/toidupakk.ee\/toode\/nesiojamasis-radijas-muse\/"},"modified":"2026-04-16T15:31:16","modified_gmt":"2026-04-16T12:31:16","slug":"nesiojamasis-radijas-muse","status":"publish","type":"product","link":"https:\/\/toidupakk.ee\/lt\/toode\/nesiojamasis-radijas-muse\/","title":{"rendered":"Ne\u0161iojamasis radijas \u201eMuse\u201c"},"content":{"rendered":"<h1><img fetchpriority=\"high\" decoding=\"async\" class=\"alignnone size-full wp-image-27623\" src=\"https:\/\/toidupakk.ee\/wp-content\/uploads\/2024\/10\/M-030-R-R-3641-SCENE-01.avif\" alt=\"\" width=\"1920\" height=\"774\" srcset=\"https:\/\/toidupakk.ee\/wp-content\/uploads\/2024\/10\/M-030-R-R-3641-SCENE-01.avif 1920w, https:\/\/toidupakk.ee\/wp-content\/uploads\/2024\/10\/M-030-R-R-3641-SCENE-01-800x323.avif 800w, https:\/\/toidupakk.ee\/wp-content\/uploads\/2024\/10\/M-030-R-R-3641-SCENE-01-300x121.avif 300w, https:\/\/toidupakk.ee\/wp-content\/uploads\/2024\/10\/M-030-R-R-3641-SCENE-01-1024x413.avif 1024w, https:\/\/toidupakk.ee\/wp-content\/uploads\/2024\/10\/M-030-R-R-3641-SCENE-01-768x310.avif 768w, https:\/\/toidupakk.ee\/wp-content\/uploads\/2024\/10\/M-030-R-R-3641-SCENE-01-1536x619.avif 1536w\" sizes=\"(max-width: 1920px) 100vw, 1920px\" \/><\/h1>\n<h1><strong>Ne\u0161iojamasis radijas \u201eMuse\u201c \u2013 idealus sprendimas kasdieniam naudojimui<\/strong><\/h1>\n<p><img decoding=\"async\" class=\"alignright wp-image-27612 size-medium\" src=\"https:\/\/toidupakk.ee\/wp-content\/uploads\/2024\/10\/Kaasaskantav-taskuraadio-patareidega-Muse-3-300x300.png\" alt=\"Ne\u0161iojamasis radijas su baterijomis\" width=\"300\" height=\"300\" srcset=\"https:\/\/toidupakk.ee\/wp-content\/uploads\/2024\/10\/Kaasaskantav-taskuraadio-patareidega-Muse-3-300x300.png 300w, https:\/\/toidupakk.ee\/wp-content\/uploads\/2024\/10\/Kaasaskantav-taskuraadio-patareidega-Muse-3-400x400.png 400w, https:\/\/toidupakk.ee\/wp-content\/uploads\/2024\/10\/Kaasaskantav-taskuraadio-patareidega-Muse-3-100x100.png 100w, https:\/\/toidupakk.ee\/wp-content\/uploads\/2024\/10\/Kaasaskantav-taskuraadio-patareidega-Muse-3-500x500.png 500w, https:\/\/toidupakk.ee\/wp-content\/uploads\/2024\/10\/Kaasaskantav-taskuraadio-patareidega-Muse-3-768x768.png 768w, https:\/\/toidupakk.ee\/wp-content\/uploads\/2024\/10\/Kaasaskantav-taskuraadio-patareidega-Muse-3.png 800w\" sizes=\"(max-width: 300px) 100vw, 300px\" \/><\/p>\n<p>Jei ie\u0161kai kompakti\u0161ko ir patikimo ne\u0161iojamojo radijo, \u0161is modelis yra puikus pasirinkimas. Jis tinka kasdieniam naudojimui tiek namuose, tiek keliaujant. D\u0117l <strong>FM\/MW dviej\u0173 da\u017eni\u0173 juost\u0173<\/strong> gal\u0117si klausytis \u012fvairiausi\u0173 radijo sto\u010di\u0173 \u2013 muzikos, naujien\u0173 ar pramogini\u0173 laid\u0173.  <\/p>\n<p><strong>\u201eMuse\u201c <\/strong>i\u0161siskiria savo <strong>paprastumu<\/strong> ir <strong>kompakti\u0161kumu<\/strong>. Ma\u017eo svorio (tik 0,18 kg) radij\u0105 lengva ne\u0161iotis, ypa\u010d su <strong>pridedamu dir\u017eeliu<\/strong>. Tod\u0117l jis idealiai tinka naudoti namuose, biure ar lauke \u2013 jis visada bus \u0161alia ir u\u017etikrins kokybi\u0161k\u0105 radijo patirt\u012f.  <\/p>\n<p><strong>Teleskopin\u0117 antena<\/strong> leid\u017eia lengvai reguliuoti ir optimizuoti signalo pri\u0117mim\u0105, kad radijo klausymasis visada b\u016bt\u0173 be trukd\u017ei\u0173. Nesvarbu, ar esi patalpoje, ar lauke, su <strong>\u201eMuse\u201c <\/strong>gali klausytis savo m\u0117gstam\u0173 laid\u0173 ir muzikos bet kuriuo metu. <\/p>\n<p><img decoding=\"async\" class=\"alignleft wp-image-27616 size-medium\" src=\"https:\/\/toidupakk.ee\/wp-content\/uploads\/2024\/10\/Kaasaskantav-taskuraadio-patareidega-Muse-7-300x300.png\" alt=\"ma\u017eas ne\u0161iojamasis radijas su baterijomis\" width=\"300\" height=\"300\" srcset=\"https:\/\/toidupakk.ee\/wp-content\/uploads\/2024\/10\/Kaasaskantav-taskuraadio-patareidega-Muse-7-300x300.png 300w, https:\/\/toidupakk.ee\/wp-content\/uploads\/2024\/10\/Kaasaskantav-taskuraadio-patareidega-Muse-7-400x400.png 400w, https:\/\/toidupakk.ee\/wp-content\/uploads\/2024\/10\/Kaasaskantav-taskuraadio-patareidega-Muse-7-100x100.png 100w, https:\/\/toidupakk.ee\/wp-content\/uploads\/2024\/10\/Kaasaskantav-taskuraadio-patareidega-Muse-7-500x500.png 500w, https:\/\/toidupakk.ee\/wp-content\/uploads\/2024\/10\/Kaasaskantav-taskuraadio-patareidega-Muse-7-768x768.png 768w, https:\/\/toidupakk.ee\/wp-content\/uploads\/2024\/10\/Kaasaskantav-taskuraadio-patareidega-Muse-7.png 800w\" sizes=\"(max-width: 300px) 100vw, 300px\" \/><\/p>\n<p><strong>Lankst\u016bs maitinimo \u0161altiniai<\/strong> suteikia didel\u0119 laisv\u0119. Radijas veikia su <strong>3 AA tipo baterijomis<\/strong> arba <strong>5V DC maitinimo \u0161altiniu<\/strong>, o tai rei\u0161kia, kad gali j\u012f naudoti ir be elektros tinklo. D\u0117l to <strong>\u201eMuse\u201c <\/strong>yra puikus sprendimas tiek namuose, tiek ten, kur n\u0117ra elektros jungties. Be to, radijas turi <strong>ausini\u0173 lizd\u0105<\/strong>, leid\u017eiant\u012f klausytis priva\u010diai ir netrukdomai.   <\/p>\n<p><strong>Paprastas ir intuityvus dizainas<\/strong> u\u017etikrina itin patog\u0173 naudojim\u0105. Radijas turi <strong>patog\u0173 garsumo reguliavim\u0105<\/strong>, kur\u012f lengvai pritaikysi pagal poreik\u012f. Valdymo mygtukai yra ai\u0161kiai matomi ir lengvai pasiekiami, tod\u0117l juo paprasta naudotis bet kokiomis s\u0105lygomis, net tamsoje.  <\/p>\n<p>Jei nori patikimo ir funkcionalaus radijo, <strong>\u201eMuse\u201c <\/strong>yra idealus pasirinkimas. Tai ne tik radijas \u2013 tai kasdienis palydovas, teikiantis pramogas ir naujienas, kad ir kur b\u016btum. <strong>\u201eMuse\u201c <\/strong>sukurtas tam, kad suteikt\u0173 kokybi\u0161k\u0105 patirt\u012f ir patogum\u0105, kuriuo gali pasitik\u0117ti. <\/p>\n<p>Radijas puikiai tinka \u017emon\u0117ms, vertinantiems paprastum\u0105, patikimum\u0105 ir mobilum\u0105. Be kompakti\u0161kumo ir lengvumo, jis yra pakankamai patvarus, kad atlaikyt\u0173 kasdien\u012f naudojim\u0105. <strong>\u201eMuse\u201c <\/strong>sukurtas kaip ilgalaikis ir patikimas sprendimas tavo kasdieniams poreikiams. <\/p>\n<p><strong>U\u017esisakyk \u201eMuse\u201c jau \u0161iandien ir m\u0117gaukis \u0161variu garsu, kad ir kur b\u016btum!<\/strong><\/p>\n<p>\u017di\u016br\u0117k turizmo prekes <a href=\"https:\/\/toidupakk.ee\/lt\/tootekategooria\/zygio-iranga\/#section-3-79\">\u010cIA<\/a><br \/>\n\u017di\u016br\u0117k maist\u0105 \u017eygiams <a href=\"https:\/\/toidupakk.ee\/lt\/el-parduotuve\/\">\u010cIA<\/a><br \/>\nPasisemk \u012fkv\u0117pimo kitiems nuotykiams \u201eToidupakk\u201c <a href=\"https:\/\/www.instagram.com\/toidupakk\/\">Instagram<\/a> ir <a href=\"https:\/\/www.facebook.com\/Toidupakk\/\">Facebook<\/a> paskyrose.<\/p>\n","protected":false},"excerpt":{"rendered":"<p><strong>Maloniai ma\u017eas ir lengvas ne\u0161iojamasis ki\u0161eninis radijas, skirtas tiek kasdieniam naudojimui, tiek kelion\u0117ms.<\/strong><\/p>\n<ul>\n<li>Maitinamas baterijomis, naudojamos AA tipo baterijos (3 vnt.)<\/li>\n<li>FM\/MW \u2013 klausykis \u012fvairiausi\u0173 radijo sto\u010di\u0173: muzikos, naujien\u0173 ar pramogini\u0173 laid\u0173<\/li>\n<li>Itin lengvas \u2013 radijas sveria tik 0,18 kg<\/li>\n<li>Teleskopin\u0117 antena signalo pri\u0117mimui reguliuoti<\/li>\n<li>Komplekte yra dir\u017eelis ne\u0161iojimui<\/li>\n<li>3,5 mm ausini\u0173 lizdas<\/li>\n<li>Gaminio matmenys: auk\u0161tis 82 mm, plotis 144 mm, storis 37 mm<\/li>\n<li>NB! Baterijos \u012f komplekt\u0105 ne\u012feina <\/li>\n<\/ul>\n<p><img loading=\"lazy\" decoding=\"async\" class=\"alignnone wp-image-27618\" src=\"https:\/\/toidupakk.ee\/wp-content\/uploads\/2024\/10\/carrying-strap-1.webp\" alt=\"\" width=\"100\" height=\"56\"> <img loading=\"lazy\" decoding=\"async\" class=\"alignnone wp-image-27619\" src=\"https:\/\/toidupakk.ee\/wp-content\/uploads\/2024\/10\/phones-jack-1.webp\" alt=\"\" width=\"100\" height=\"56\"> <img loading=\"lazy\" decoding=\"async\" class=\"alignnone wp-image-27620\" src=\"https:\/\/toidupakk.ee\/wp-content\/uploads\/2024\/10\/fm-antenna-1.webp\" alt=\"\" width=\"100\" height=\"56\"> <img loading=\"lazy\" decoding=\"async\" class=\"alignnone wp-image-27621\" src=\"https:\/\/toidupakk.ee\/wp-content\/uploads\/2024\/10\/dc-jack-1.webp\" alt=\"\" width=\"100\" height=\"56\"> <img loading=\"lazy\" decoding=\"async\" class=\"alignnone wp-image-27622\" src=\"https:\/\/toidupakk.ee\/wp-content\/uploads\/2024\/10\/fm-mw-radio_1-1.webp\" alt=\"\" width=\"100\" height=\"56\"><\/p>\n<p>\u2705 Turime sand\u0117lyje, greitas pristatymas per 1\u20133 darbo dienas<\/p>\n","protected":false},"featured_media":27616,"comment_status":"open","ping_status":"closed","template":"","meta":{"_acf_changed":false},"product_brand":[],"product_cat":[207,242,189,190],"product_tag":[194],"class_list":{"0":"post-45882","1":"product","2":"type-product","3":"status-publish","4":"has-post-thumbnail","6":"product_cat-elektronika","7":"product_cat-radijai","8":"product_cat-zygio-iranga","9":"product_cat-zygio-prekes","10":"product_tag-no_ads","12":"first","13":"instock","14":"sale","15":"taxable","16":"shipping-taxable","17":"purchasable","18":"product-type-simple"},"bundled_by":[],"bundle_stock_status":"instock","bundle_stock_quantity":4,"bundle_virtual":false,"bundle_layout":"","bundle_add_to_cart_form_location":"","bundle_editable_in_cart":false,"bundle_sold_individually_context":"","bundle_item_grouping":"","bundle_min_size":"","bundle_max_size":"","bundle_price":[],"bundled_items":[],"bundle_sell_ids":[],"acf":[],"yoast_head":"<!-- This site is optimized with the Yoast SEO plugin v27.3 - https:\/\/yoast.com\/product\/yoast-seo-wordpress\/ -->\n<title>Ne\u0161iojamasis radijas \u201eMuse\u201c<\/title>\n<meta name=\"description\" content=\"Ne\u0161iojamasis radijas \u201eMuse\u201c idealiai tinka kasdieniam naudojimui. Lengvas ir kompakti\u0161kas radijas. Naudok namuose arba pasiimk su savimi. Veikia su AA tipo baterijomis (3 vnt.).\" \/>\n<meta name=\"robots\" content=\"index, follow, max-snippet:-1, max-image-preview:large, max-video-preview:-1\" \/>\n<link rel=\"canonical\" href=\"https:\/\/toidupakk.ee\/lt\/toode\/nesiojamasis-radijas-muse\/\" \/>\n<meta property=\"og:locale\" content=\"lt_LT\" \/>\n<meta property=\"og:type\" content=\"article\" \/>\n<meta property=\"og:title\" content=\"Ne\u0161iojamasis radijas \u201eMuse\u201c\" \/>\n<meta property=\"og:description\" content=\"Ne\u0161iojamasis radijas \u201eMuse\u201c idealiai tinka kasdieniam naudojimui. Lengvas ir kompakti\u0161kas radijas. Naudok namuose arba pasiimk su savimi. Veikia su AA tipo baterijomis (3 vnt.).\" \/>\n<meta property=\"og:url\" content=\"https:\/\/toidupakk.ee\/lt\/toode\/nesiojamasis-radijas-muse\/\" \/>\n<meta property=\"og:site_name\" content=\"Toidupakk.ee - Tactical Foodpack toidupakid\" \/>\n<meta property=\"article:publisher\" content=\"https:\/\/www.facebook.com\/Toidupakk\" \/>\n<meta property=\"article:modified_time\" content=\"2026-04-16T12:31:16+00:00\" \/>\n<meta property=\"og:image\" content=\"https:\/\/toidupakk.ee\/wp-content\/uploads\/2024\/10\/Kaasaskantav-taskuraadio-patareidega-Muse-7.png\" \/>\n\t<meta property=\"og:image:width\" content=\"800\" \/>\n\t<meta property=\"og:image:height\" content=\"800\" \/>\n\t<meta property=\"og:image:type\" content=\"image\/png\" \/>\n<meta name=\"twitter:card\" content=\"summary_large_image\" \/>\n<meta name=\"twitter:label1\" content=\"Est. reading time\" \/>\n\t<meta name=\"twitter:data1\" content=\"2 minut\u0117s\" \/>\n<script type=\"application\/ld+json\" class=\"yoast-schema-graph\">{\"@context\":\"https:\\\/\\\/schema.org\",\"@graph\":[{\"@type\":\"WebPage\",\"@id\":\"https:\\\/\\\/toidupakk.ee\\\/lt\\\/toode\\\/nesiojamasis-radijas-muse\\\/\",\"url\":\"https:\\\/\\\/toidupakk.ee\\\/lt\\\/toode\\\/nesiojamasis-radijas-muse\\\/\",\"name\":\"Ne\u0161iojamasis radijas \u201eMuse\u201c\",\"isPartOf\":{\"@id\":\"https:\\\/\\\/toidupakk.ee\\\/lt\\\/#website\"},\"primaryImageOfPage\":{\"@id\":\"https:\\\/\\\/toidupakk.ee\\\/lt\\\/toode\\\/nesiojamasis-radijas-muse\\\/#primaryimage\"},\"image\":{\"@id\":\"https:\\\/\\\/toidupakk.ee\\\/lt\\\/toode\\\/nesiojamasis-radijas-muse\\\/#primaryimage\"},\"thumbnailUrl\":\"https:\\\/\\\/toidupakk.ee\\\/wp-content\\\/uploads\\\/2024\\\/10\\\/Kaasaskantav-taskuraadio-patareidega-Muse-7.png\",\"datePublished\":\"2024-10-09T11:00:14+00:00\",\"dateModified\":\"2026-04-16T12:31:16+00:00\",\"description\":\"Ne\u0161iojamasis radijas \u201eMuse\u201c idealiai tinka kasdieniam naudojimui. Lengvas ir kompakti\u0161kas radijas. Naudok namuose arba pasiimk su savimi. Veikia su AA tipo baterijomis (3 vnt.).\",\"breadcrumb\":{\"@id\":\"https:\\\/\\\/toidupakk.ee\\\/lt\\\/toode\\\/nesiojamasis-radijas-muse\\\/#breadcrumb\"},\"inLanguage\":\"lt-LT\",\"potentialAction\":[{\"@type\":\"ReadAction\",\"target\":[\"https:\\\/\\\/toidupakk.ee\\\/lt\\\/toode\\\/nesiojamasis-radijas-muse\\\/\"]}]},{\"@type\":\"ImageObject\",\"inLanguage\":\"lt-LT\",\"@id\":\"https:\\\/\\\/toidupakk.ee\\\/lt\\\/toode\\\/nesiojamasis-radijas-muse\\\/#primaryimage\",\"url\":\"https:\\\/\\\/toidupakk.ee\\\/wp-content\\\/uploads\\\/2024\\\/10\\\/Kaasaskantav-taskuraadio-patareidega-Muse-7.png\",\"contentUrl\":\"https:\\\/\\\/toidupakk.ee\\\/wp-content\\\/uploads\\\/2024\\\/10\\\/Kaasaskantav-taskuraadio-patareidega-Muse-7.png\",\"width\":800,\"height\":800},{\"@type\":\"BreadcrumbList\",\"@id\":\"https:\\\/\\\/toidupakk.ee\\\/lt\\\/toode\\\/nesiojamasis-radijas-muse\\\/#breadcrumb\",\"itemListElement\":[{\"@type\":\"ListItem\",\"position\":1,\"name\":\"Avaleht\",\"item\":\"https:\\\/\\\/toidupakk.ee\\\/lt\\\/\"},{\"@type\":\"ListItem\",\"position\":2,\"name\":\"El. parduotuv\u0117\",\"item\":\"https:\\\/\\\/toidupakk.ee\\\/lt\\\/el-parduotuve\\\/\"},{\"@type\":\"ListItem\",\"position\":3,\"name\":\"Ne\u0161iojamasis radijas \u201eMuse\u201c\"}]},{\"@type\":\"WebSite\",\"@id\":\"https:\\\/\\\/toidupakk.ee\\\/lt\\\/#website\",\"url\":\"https:\\\/\\\/toidupakk.ee\\\/lt\\\/\",\"name\":\"Toidupakk.ee - Tactical Foodpack toidupakid\",\"description\":\"Tactical Foodpack k\u00fclmkuivatatud toidupakid ja matkaeined\",\"publisher\":{\"@id\":\"https:\\\/\\\/toidupakk.ee\\\/lt\\\/#organization\"},\"potentialAction\":[{\"@type\":\"SearchAction\",\"target\":{\"@type\":\"EntryPoint\",\"urlTemplate\":\"https:\\\/\\\/toidupakk.ee\\\/lt\\\/?s={search_term_string}\"},\"query-input\":{\"@type\":\"PropertyValueSpecification\",\"valueRequired\":true,\"valueName\":\"search_term_string\"}}],\"inLanguage\":\"lt-LT\"},{\"@type\":\"Organization\",\"@id\":\"https:\\\/\\\/toidupakk.ee\\\/lt\\\/#organization\",\"name\":\"Tactical Foodpack matkaeined\",\"url\":\"https:\\\/\\\/toidupakk.ee\\\/lt\\\/\",\"logo\":{\"@type\":\"ImageObject\",\"inLanguage\":\"lt-LT\",\"@id\":\"https:\\\/\\\/toidupakk.ee\\\/lt\\\/#\\\/schema\\\/logo\\\/image\\\/\",\"url\":\"https:\\\/\\\/toidupakk.ee\\\/wp-content\\\/uploads\\\/2022\\\/01\\\/Toidupakk-matkapood-logo-transparent.png\",\"contentUrl\":\"https:\\\/\\\/toidupakk.ee\\\/wp-content\\\/uploads\\\/2022\\\/01\\\/Toidupakk-matkapood-logo-transparent.png\",\"width\":500,\"height\":500,\"caption\":\"Tactical Foodpack matkaeined\"},\"image\":{\"@id\":\"https:\\\/\\\/toidupakk.ee\\\/lt\\\/#\\\/schema\\\/logo\\\/image\\\/\"},\"sameAs\":[\"https:\\\/\\\/www.facebook.com\\\/Toidupakk\",\"https:\\\/\\\/www.instagram.com\\\/toidupakk\\\/\"]}]}<\/script>\n<!-- \/ Yoast SEO plugin. -->","yoast_head_json":{"title":"Ne\u0161iojamasis radijas \u201eMuse\u201c","description":"Ne\u0161iojamasis radijas \u201eMuse\u201c idealiai tinka kasdieniam naudojimui. Lengvas ir kompakti\u0161kas radijas. Naudok namuose arba pasiimk su savimi. Veikia su AA tipo baterijomis (3 vnt.).","robots":{"index":"index","follow":"follow","max-snippet":"max-snippet:-1","max-image-preview":"max-image-preview:large","max-video-preview":"max-video-preview:-1"},"canonical":"https:\/\/toidupakk.ee\/lt\/toode\/nesiojamasis-radijas-muse\/","og_locale":"lt_LT","og_type":"article","og_title":"Ne\u0161iojamasis radijas \u201eMuse\u201c","og_description":"Ne\u0161iojamasis radijas \u201eMuse\u201c idealiai tinka kasdieniam naudojimui. Lengvas ir kompakti\u0161kas radijas. Naudok namuose arba pasiimk su savimi. Veikia su AA tipo baterijomis (3 vnt.).","og_url":"https:\/\/toidupakk.ee\/lt\/toode\/nesiojamasis-radijas-muse\/","og_site_name":"Toidupakk.ee - Tactical Foodpack toidupakid","article_publisher":"https:\/\/www.facebook.com\/Toidupakk","article_modified_time":"2026-04-16T12:31:16+00:00","og_image":[{"width":800,"height":800,"url":"https:\/\/toidupakk.ee\/wp-content\/uploads\/2024\/10\/Kaasaskantav-taskuraadio-patareidega-Muse-7.png","type":"image\/png"}],"twitter_card":"summary_large_image","twitter_misc":{"Est. reading time":"2 minut\u0117s"},"schema":{"@context":"https:\/\/schema.org","@graph":[{"@type":"WebPage","@id":"https:\/\/toidupakk.ee\/lt\/toode\/nesiojamasis-radijas-muse\/","url":"https:\/\/toidupakk.ee\/lt\/toode\/nesiojamasis-radijas-muse\/","name":"Ne\u0161iojamasis radijas \u201eMuse\u201c","isPartOf":{"@id":"https:\/\/toidupakk.ee\/lt\/#website"},"primaryImageOfPage":{"@id":"https:\/\/toidupakk.ee\/lt\/toode\/nesiojamasis-radijas-muse\/#primaryimage"},"image":{"@id":"https:\/\/toidupakk.ee\/lt\/toode\/nesiojamasis-radijas-muse\/#primaryimage"},"thumbnailUrl":"https:\/\/toidupakk.ee\/wp-content\/uploads\/2024\/10\/Kaasaskantav-taskuraadio-patareidega-Muse-7.png","datePublished":"2024-10-09T11:00:14+00:00","dateModified":"2026-04-16T12:31:16+00:00","description":"Ne\u0161iojamasis radijas \u201eMuse\u201c idealiai tinka kasdieniam naudojimui. Lengvas ir kompakti\u0161kas radijas. Naudok namuose arba pasiimk su savimi. Veikia su AA tipo baterijomis (3 vnt.).","breadcrumb":{"@id":"https:\/\/toidupakk.ee\/lt\/toode\/nesiojamasis-radijas-muse\/#breadcrumb"},"inLanguage":"lt-LT","potentialAction":[{"@type":"ReadAction","target":["https:\/\/toidupakk.ee\/lt\/toode\/nesiojamasis-radijas-muse\/"]}]},{"@type":"ImageObject","inLanguage":"lt-LT","@id":"https:\/\/toidupakk.ee\/lt\/toode\/nesiojamasis-radijas-muse\/#primaryimage","url":"https:\/\/toidupakk.ee\/wp-content\/uploads\/2024\/10\/Kaasaskantav-taskuraadio-patareidega-Muse-7.png","contentUrl":"https:\/\/toidupakk.ee\/wp-content\/uploads\/2024\/10\/Kaasaskantav-taskuraadio-patareidega-Muse-7.png","width":800,"height":800},{"@type":"BreadcrumbList","@id":"https:\/\/toidupakk.ee\/lt\/toode\/nesiojamasis-radijas-muse\/#breadcrumb","itemListElement":[{"@type":"ListItem","position":1,"name":"Avaleht","item":"https:\/\/toidupakk.ee\/lt\/"},{"@type":"ListItem","position":2,"name":"El. parduotuv\u0117","item":"https:\/\/toidupakk.ee\/lt\/el-parduotuve\/"},{"@type":"ListItem","position":3,"name":"Ne\u0161iojamasis radijas \u201eMuse\u201c"}]},{"@type":"WebSite","@id":"https:\/\/toidupakk.ee\/lt\/#website","url":"https:\/\/toidupakk.ee\/lt\/","name":"Toidupakk.ee - Tactical Foodpack toidupakid","description":"Tactical Foodpack k\u00fclmkuivatatud toidupakid ja matkaeined","publisher":{"@id":"https:\/\/toidupakk.ee\/lt\/#organization"},"potentialAction":[{"@type":"SearchAction","target":{"@type":"EntryPoint","urlTemplate":"https:\/\/toidupakk.ee\/lt\/?s={search_term_string}"},"query-input":{"@type":"PropertyValueSpecification","valueRequired":true,"valueName":"search_term_string"}}],"inLanguage":"lt-LT"},{"@type":"Organization","@id":"https:\/\/toidupakk.ee\/lt\/#organization","name":"Tactical Foodpack matkaeined","url":"https:\/\/toidupakk.ee\/lt\/","logo":{"@type":"ImageObject","inLanguage":"lt-LT","@id":"https:\/\/toidupakk.ee\/lt\/#\/schema\/logo\/image\/","url":"https:\/\/toidupakk.ee\/wp-content\/uploads\/2022\/01\/Toidupakk-matkapood-logo-transparent.png","contentUrl":"https:\/\/toidupakk.ee\/wp-content\/uploads\/2022\/01\/Toidupakk-matkapood-logo-transparent.png","width":500,"height":500,"caption":"Tactical Foodpack matkaeined"},"image":{"@id":"https:\/\/toidupakk.ee\/lt\/#\/schema\/logo\/image\/"},"sameAs":["https:\/\/www.facebook.com\/Toidupakk","https:\/\/www.instagram.com\/toidupakk\/"]}]}},"jetpack_sharing_enabled":true,"_links":{"self":[{"href":"https:\/\/toidupakk.ee\/lt\/wp-json\/wp\/v2\/product\/45882","targetHints":{"allow":["GET"]}}],"collection":[{"href":"https:\/\/toidupakk.ee\/lt\/wp-json\/wp\/v2\/product"}],"about":[{"href":"https:\/\/toidupakk.ee\/lt\/wp-json\/wp\/v2\/types\/product"}],"replies":[{"embeddable":true,"href":"https:\/\/toidupakk.ee\/lt\/wp-json\/wp\/v2\/comments?post=45882"}],"wp:featuredmedia":[{"embeddable":true,"href":"https:\/\/toidupakk.ee\/lt\/wp-json\/wp\/v2\/media\/27616"}],"wp:attachment":[{"href":"https:\/\/toidupakk.ee\/lt\/wp-json\/wp\/v2\/media?parent=45882"}],"wp:term":[{"taxonomy":"product_brand","embeddable":true,"href":"https:\/\/toidupakk.ee\/lt\/wp-json\/wp\/v2\/product_brand?post=45882"},{"taxonomy":"product_cat","embeddable":true,"href":"https:\/\/toidupakk.ee\/lt\/wp-json\/wp\/v2\/product_cat?post=45882"},{"taxonomy":"product_tag","embeddable":true,"href":"https:\/\/toidupakk.ee\/lt\/wp-json\/wp\/v2\/product_tag?post=45882"}],"curies":[{"name":"wp","href":"https:\/\/api.w.org\/{rel}","templated":true}]}}