{"id":45880,"date":"2023-12-21T11:51:55","date_gmt":"2023-12-21T09:51:55","guid":{"rendered":"https:\/\/toidupakk.ee\/toode\/silta-kepure-camouflage\/"},"modified":"2026-04-04T00:00:06","modified_gmt":"2026-04-03T21:00:06","slug":"silta-kepure-camouflage","status":"publish","type":"product","link":"https:\/\/toidupakk.ee\/lt\/toode\/silta-kepure-camouflage\/","title":{"rendered":"\u0160ilta kepur\u0117 \u201eCamouflage\u201c"},"content":{"rendered":"<p>Domiesi \u017eygio prek\u0117mis? Su\u017einok daugiau <a href=\"https:\/\/toidupakk.ee\/lt\/tootekategooria\/zygio-iranga\/#section-3-79\">\u010cIA<\/a><\/p>\n<p>O gal domina \u017eygio maistas? \u017di\u016br\u0117k <a href=\"https:\/\/toidupakk.ee\/tootekategooria\/zygio-maistas\/pearoad\/\">\u010cIA<\/a><\/p>\n<p>Pasisemk \u012fkv\u0117pimo kitiems nuotykiams \u201eToidupakk\u201c <a href=\"https:\/\/www.instagram.com\/toidupakk\/\">Instagram<\/a> ir <a href=\"https:\/\/www.facebook.com\/Toidupakk\/\">Facebook<\/a> paskyrose.<\/p>\n","protected":false},"excerpt":{"rendered":"<p><strong>\u0160ilta \u017eiemin\u0117 maskuojamojo ra\u0161to kepur\u0117. \u0160iltas ir dr\u0117gm\u0119 atstumiantis 100 % akrilas yra populiarus pasirinkimas. <\/strong><\/p>\n<ul>\n<li>Vienas dydis visiems (universalus dydis)<\/li>\n<li>Gamintojas \u201eFostex Garments\u201c<\/li>\n<li>Kepur\u0117s svoris 40 g<\/li>\n<li><img decoding=\"async\" class=\"alignnone wp-image-12692\" src=\"https:\/\/toidupakk.ee\/wp-content\/uploads\/2023\/08\/Fostex-Garments-logo-300x126.png\" alt=\"fostex logotipas\" width=\"200\" height=\"84\" srcset=\"https:\/\/toidupakk.ee\/wp-content\/uploads\/2023\/08\/Fostex-Garments-logo-300x126.png 300w, https:\/\/toidupakk.ee\/wp-content\/uploads\/2023\/08\/Fostex-Garments-logo.png 420w\" sizes=\"(max-width: 200px) 100vw, 200px\" \/><\/li>\n<\/ul>\n<p>\u2705 Turime sand\u0117lyje, greitas pristatymas per 1\u20133 darbo dienas<\/p>\n","protected":false},"featured_media":17912,"comment_status":"open","ping_status":"closed","template":"","meta":{"_acf_changed":false},"product_brand":[],"product_cat":[191,221,199,189,190],"product_tag":[],"class_list":{"0":"post-45880","1":"product","2":"type-product","3":"status-publish","4":"has-post-thumbnail","6":"product_cat-drabuziai","7":"product_cat-kepures","8":"product_cat-ziemos-prekes","9":"product_cat-zygio-iranga","10":"product_cat-zygio-prekes","12":"first","13":"instock","14":"sale","15":"taxable","16":"shipping-taxable","17":"purchasable","18":"product-type-simple"},"bundled_by":[],"bundle_stock_status":"instock","bundle_stock_quantity":2,"bundle_virtual":false,"bundle_layout":"","bundle_add_to_cart_form_location":"","bundle_editable_in_cart":false,"bundle_sold_individually_context":"","bundle_item_grouping":"","bundle_min_size":"","bundle_max_size":"","bundle_price":[],"bundled_items":[],"bundle_sell_ids":[],"acf":[],"yoast_head":"<!-- This site is optimized with the Yoast SEO plugin v27.1.1 - https:\/\/yoast.com\/product\/yoast-seo-wordpress\/ -->\n<title>\u0160ilta kepur\u0117 \u201eCamouflage\u201c<\/title>\n<meta name=\"description\" content=\"\u0160ilta kepur\u0117 \u201eCamouflage\u201c pagaminta i\u0161 100 % akrilo pluo\u0161to, kuris u\u017etikrina ma\u017e\u0105 svor\u012f, suteikia \u0161ilumos ir pasi\u017eymi dr\u0117gm\u0119 atstumian\u010diomis savyb\u0117mis.\" \/>\n<meta name=\"robots\" content=\"index, follow, max-snippet:-1, max-image-preview:large, max-video-preview:-1\" \/>\n<link rel=\"canonical\" href=\"https:\/\/toidupakk.ee\/lt\/toode\/silta-kepure-camouflage\/\" \/>\n<meta property=\"og:locale\" content=\"lt_LT\" \/>\n<meta property=\"og:type\" content=\"article\" \/>\n<meta property=\"og:title\" content=\"\u0160ilta kepur\u0117 \u201eCamouflage\u201c\" \/>\n<meta property=\"og:description\" content=\"\u0160ilta kepur\u0117 \u201eCamouflage\u201c pagaminta i\u0161 100 % akrilo pluo\u0161to, kuris u\u017etikrina ma\u017e\u0105 svor\u012f, suteikia \u0161ilumos ir pasi\u017eymi dr\u0117gm\u0119 atstumian\u010diomis savyb\u0117mis.\" \/>\n<meta property=\"og:url\" content=\"https:\/\/toidupakk.ee\/lt\/toode\/silta-kepure-camouflage\/\" \/>\n<meta property=\"og:site_name\" content=\"Toidupakk.ee - Tactical Foodpack toidupakid\" \/>\n<meta property=\"article:publisher\" content=\"https:\/\/www.facebook.com\/Toidupakk\" \/>\n<meta property=\"article:modified_time\" content=\"2026-04-03T21:00:06+00:00\" \/>\n<meta property=\"og:image\" content=\"https:\/\/toidupakk.ee\/wp-content\/uploads\/2023\/12\/Soe-muts-Camouflage.png\" \/>\n\t<meta property=\"og:image:width\" content=\"800\" \/>\n\t<meta property=\"og:image:height\" content=\"800\" \/>\n\t<meta property=\"og:image:type\" content=\"image\/png\" \/>\n<meta name=\"twitter:card\" content=\"summary_large_image\" \/>\n<script type=\"application\/ld+json\" class=\"yoast-schema-graph\">{\"@context\":\"https:\/\/schema.org\",\"@graph\":[{\"@type\":\"WebPage\",\"@id\":\"https:\/\/toidupakk.ee\/lt\/toode\/silta-kepure-camouflage\/\",\"url\":\"https:\/\/toidupakk.ee\/lt\/toode\/silta-kepure-camouflage\/\",\"name\":\"\u0160ilta kepur\u0117 \u201eCamouflage\u201c\",\"isPartOf\":{\"@id\":\"https:\/\/toidupakk.ee\/lt\/#website\"},\"primaryImageOfPage\":{\"@id\":\"https:\/\/toidupakk.ee\/lt\/toode\/silta-kepure-camouflage\/#primaryimage\"},\"image\":{\"@id\":\"https:\/\/toidupakk.ee\/lt\/toode\/silta-kepure-camouflage\/#primaryimage\"},\"thumbnailUrl\":\"https:\/\/toidupakk.ee\/wp-content\/uploads\/2023\/12\/Soe-muts-Camouflage.png\",\"datePublished\":\"2023-12-21T09:51:55+00:00\",\"dateModified\":\"2026-04-03T21:00:06+00:00\",\"description\":\"\u0160ilta kepur\u0117 \u201eCamouflage\u201c pagaminta i\u0161 100 % akrilo pluo\u0161to, kuris u\u017etikrina ma\u017e\u0105 svor\u012f, suteikia \u0161ilumos ir pasi\u017eymi dr\u0117gm\u0119 atstumian\u010diomis savyb\u0117mis.\",\"breadcrumb\":{\"@id\":\"https:\/\/toidupakk.ee\/lt\/toode\/silta-kepure-camouflage\/#breadcrumb\"},\"inLanguage\":\"lt-LT\",\"potentialAction\":[{\"@type\":\"ReadAction\",\"target\":[\"https:\/\/toidupakk.ee\/lt\/toode\/silta-kepure-camouflage\/\"]}]},{\"@type\":\"ImageObject\",\"inLanguage\":\"lt-LT\",\"@id\":\"https:\/\/toidupakk.ee\/lt\/toode\/silta-kepure-camouflage\/#primaryimage\",\"url\":\"https:\/\/toidupakk.ee\/wp-content\/uploads\/2023\/12\/Soe-muts-Camouflage.png\",\"contentUrl\":\"https:\/\/toidupakk.ee\/wp-content\/uploads\/2023\/12\/Soe-muts-Camouflage.png\",\"width\":800,\"height\":800,\"caption\":\"talvem\u00fcts camo\"},{\"@type\":\"BreadcrumbList\",\"@id\":\"https:\/\/toidupakk.ee\/lt\/toode\/silta-kepure-camouflage\/#breadcrumb\",\"itemListElement\":[{\"@type\":\"ListItem\",\"position\":1,\"name\":\"Avaleht\",\"item\":\"https:\/\/toidupakk.ee\/lt\/\"},{\"@type\":\"ListItem\",\"position\":2,\"name\":\"El. parduotuv\u0117\",\"item\":\"https:\/\/toidupakk.ee\/lt\/el-parduotuve\/\"},{\"@type\":\"ListItem\",\"position\":3,\"name\":\"\u0160ilta kepur\u0117 \u201eCamouflage\u201c\"}]},{\"@type\":\"WebSite\",\"@id\":\"https:\/\/toidupakk.ee\/lt\/#website\",\"url\":\"https:\/\/toidupakk.ee\/lt\/\",\"name\":\"Toidupakk.ee - Tactical Foodpack toidupakid\",\"description\":\"Tactical Foodpack k\u00fclmkuivatatud toidupakid ja matkaeined\",\"publisher\":{\"@id\":\"https:\/\/toidupakk.ee\/lt\/#organization\"},\"potentialAction\":[{\"@type\":\"SearchAction\",\"target\":{\"@type\":\"EntryPoint\",\"urlTemplate\":\"https:\/\/toidupakk.ee\/lt\/?s={search_term_string}\"},\"query-input\":{\"@type\":\"PropertyValueSpecification\",\"valueRequired\":true,\"valueName\":\"search_term_string\"}}],\"inLanguage\":\"lt-LT\"},{\"@type\":\"Organization\",\"@id\":\"https:\/\/toidupakk.ee\/lt\/#organization\",\"name\":\"Tactical Foodpack matkaeined\",\"url\":\"https:\/\/toidupakk.ee\/lt\/\",\"logo\":{\"@type\":\"ImageObject\",\"inLanguage\":\"lt-LT\",\"@id\":\"https:\/\/toidupakk.ee\/lt\/#\/schema\/logo\/image\/\",\"url\":\"https:\/\/toidupakk.ee\/wp-content\/uploads\/2022\/01\/Toidupakk-matkapood-logo-transparent.png\",\"contentUrl\":\"https:\/\/toidupakk.ee\/wp-content\/uploads\/2022\/01\/Toidupakk-matkapood-logo-transparent.png\",\"width\":500,\"height\":500,\"caption\":\"Tactical Foodpack matkaeined\"},\"image\":{\"@id\":\"https:\/\/toidupakk.ee\/lt\/#\/schema\/logo\/image\/\"},\"sameAs\":[\"https:\/\/www.facebook.com\/Toidupakk\",\"https:\/\/www.instagram.com\/toidupakk\/\"]}]}<\/script>\n<!-- \/ Yoast SEO plugin. -->","yoast_head_json":{"title":"\u0160ilta kepur\u0117 \u201eCamouflage\u201c","description":"\u0160ilta kepur\u0117 \u201eCamouflage\u201c pagaminta i\u0161 100 % akrilo pluo\u0161to, kuris u\u017etikrina ma\u017e\u0105 svor\u012f, suteikia \u0161ilumos ir pasi\u017eymi dr\u0117gm\u0119 atstumian\u010diomis savyb\u0117mis.","robots":{"index":"index","follow":"follow","max-snippet":"max-snippet:-1","max-image-preview":"max-image-preview:large","max-video-preview":"max-video-preview:-1"},"canonical":"https:\/\/toidupakk.ee\/lt\/toode\/silta-kepure-camouflage\/","og_locale":"lt_LT","og_type":"article","og_title":"\u0160ilta kepur\u0117 \u201eCamouflage\u201c","og_description":"\u0160ilta kepur\u0117 \u201eCamouflage\u201c pagaminta i\u0161 100 % akrilo pluo\u0161to, kuris u\u017etikrina ma\u017e\u0105 svor\u012f, suteikia \u0161ilumos ir pasi\u017eymi dr\u0117gm\u0119 atstumian\u010diomis savyb\u0117mis.","og_url":"https:\/\/toidupakk.ee\/lt\/toode\/silta-kepure-camouflage\/","og_site_name":"Toidupakk.ee - Tactical Foodpack toidupakid","article_publisher":"https:\/\/www.facebook.com\/Toidupakk","article_modified_time":"2026-04-03T21:00:06+00:00","og_image":[{"width":800,"height":800,"url":"https:\/\/toidupakk.ee\/wp-content\/uploads\/2023\/12\/Soe-muts-Camouflage.png","type":"image\/png"}],"twitter_card":"summary_large_image","schema":{"@context":"https:\/\/schema.org","@graph":[{"@type":"WebPage","@id":"https:\/\/toidupakk.ee\/lt\/toode\/silta-kepure-camouflage\/","url":"https:\/\/toidupakk.ee\/lt\/toode\/silta-kepure-camouflage\/","name":"\u0160ilta kepur\u0117 \u201eCamouflage\u201c","isPartOf":{"@id":"https:\/\/toidupakk.ee\/lt\/#website"},"primaryImageOfPage":{"@id":"https:\/\/toidupakk.ee\/lt\/toode\/silta-kepure-camouflage\/#primaryimage"},"image":{"@id":"https:\/\/toidupakk.ee\/lt\/toode\/silta-kepure-camouflage\/#primaryimage"},"thumbnailUrl":"https:\/\/toidupakk.ee\/wp-content\/uploads\/2023\/12\/Soe-muts-Camouflage.png","datePublished":"2023-12-21T09:51:55+00:00","dateModified":"2026-04-03T21:00:06+00:00","description":"\u0160ilta kepur\u0117 \u201eCamouflage\u201c pagaminta i\u0161 100 % akrilo pluo\u0161to, kuris u\u017etikrina ma\u017e\u0105 svor\u012f, suteikia \u0161ilumos ir pasi\u017eymi dr\u0117gm\u0119 atstumian\u010diomis savyb\u0117mis.","breadcrumb":{"@id":"https:\/\/toidupakk.ee\/lt\/toode\/silta-kepure-camouflage\/#breadcrumb"},"inLanguage":"lt-LT","potentialAction":[{"@type":"ReadAction","target":["https:\/\/toidupakk.ee\/lt\/toode\/silta-kepure-camouflage\/"]}]},{"@type":"ImageObject","inLanguage":"lt-LT","@id":"https:\/\/toidupakk.ee\/lt\/toode\/silta-kepure-camouflage\/#primaryimage","url":"https:\/\/toidupakk.ee\/wp-content\/uploads\/2023\/12\/Soe-muts-Camouflage.png","contentUrl":"https:\/\/toidupakk.ee\/wp-content\/uploads\/2023\/12\/Soe-muts-Camouflage.png","width":800,"height":800,"caption":"talvem\u00fcts camo"},{"@type":"BreadcrumbList","@id":"https:\/\/toidupakk.ee\/lt\/toode\/silta-kepure-camouflage\/#breadcrumb","itemListElement":[{"@type":"ListItem","position":1,"name":"Avaleht","item":"https:\/\/toidupakk.ee\/lt\/"},{"@type":"ListItem","position":2,"name":"El. parduotuv\u0117","item":"https:\/\/toidupakk.ee\/lt\/el-parduotuve\/"},{"@type":"ListItem","position":3,"name":"\u0160ilta kepur\u0117 \u201eCamouflage\u201c"}]},{"@type":"WebSite","@id":"https:\/\/toidupakk.ee\/lt\/#website","url":"https:\/\/toidupakk.ee\/lt\/","name":"Toidupakk.ee - Tactical Foodpack toidupakid","description":"Tactical Foodpack k\u00fclmkuivatatud toidupakid ja matkaeined","publisher":{"@id":"https:\/\/toidupakk.ee\/lt\/#organization"},"potentialAction":[{"@type":"SearchAction","target":{"@type":"EntryPoint","urlTemplate":"https:\/\/toidupakk.ee\/lt\/?s={search_term_string}"},"query-input":{"@type":"PropertyValueSpecification","valueRequired":true,"valueName":"search_term_string"}}],"inLanguage":"lt-LT"},{"@type":"Organization","@id":"https:\/\/toidupakk.ee\/lt\/#organization","name":"Tactical Foodpack matkaeined","url":"https:\/\/toidupakk.ee\/lt\/","logo":{"@type":"ImageObject","inLanguage":"lt-LT","@id":"https:\/\/toidupakk.ee\/lt\/#\/schema\/logo\/image\/","url":"https:\/\/toidupakk.ee\/wp-content\/uploads\/2022\/01\/Toidupakk-matkapood-logo-transparent.png","contentUrl":"https:\/\/toidupakk.ee\/wp-content\/uploads\/2022\/01\/Toidupakk-matkapood-logo-transparent.png","width":500,"height":500,"caption":"Tactical Foodpack matkaeined"},"image":{"@id":"https:\/\/toidupakk.ee\/lt\/#\/schema\/logo\/image\/"},"sameAs":["https:\/\/www.facebook.com\/Toidupakk","https:\/\/www.instagram.com\/toidupakk\/"]}]}},"jetpack_sharing_enabled":true,"_links":{"self":[{"href":"https:\/\/toidupakk.ee\/lt\/wp-json\/wp\/v2\/product\/45880","targetHints":{"allow":["GET"]}}],"collection":[{"href":"https:\/\/toidupakk.ee\/lt\/wp-json\/wp\/v2\/product"}],"about":[{"href":"https:\/\/toidupakk.ee\/lt\/wp-json\/wp\/v2\/types\/product"}],"replies":[{"embeddable":true,"href":"https:\/\/toidupakk.ee\/lt\/wp-json\/wp\/v2\/comments?post=45880"}],"wp:featuredmedia":[{"embeddable":true,"href":"https:\/\/toidupakk.ee\/lt\/wp-json\/wp\/v2\/media\/17912"}],"wp:attachment":[{"href":"https:\/\/toidupakk.ee\/lt\/wp-json\/wp\/v2\/media?parent=45880"}],"wp:term":[{"taxonomy":"product_brand","embeddable":true,"href":"https:\/\/toidupakk.ee\/lt\/wp-json\/wp\/v2\/product_brand?post=45880"},{"taxonomy":"product_cat","embeddable":true,"href":"https:\/\/toidupakk.ee\/lt\/wp-json\/wp\/v2\/product_cat?post=45880"},{"taxonomy":"product_tag","embeddable":true,"href":"https:\/\/toidupakk.ee\/lt\/wp-json\/wp\/v2\/product_tag?post=45880"}],"curies":[{"name":"wp","href":"https:\/\/api.w.org\/{rel}","templated":true}]}}