{"id":45876,"date":"2025-10-06T13:23:55","date_gmt":"2025-10-06T10:23:55","guid":{"rendered":"https:\/\/toidupakk.ee\/toode\/pomidoru-sriuba-food-force\/"},"modified":"2026-04-16T22:31:51","modified_gmt":"2026-04-16T19:31:51","slug":"pomidoru-sriuba-food-force","status":"publish","type":"product","link":"https:\/\/toidupakk.ee\/lt\/toode\/pomidoru-sriuba-food-force\/","title":{"rendered":"Pomidor\u0173 sriuba FOOD FORCE"},"content":{"rendered":"<p><img decoding=\"async\" class=\"alignnone size-full wp-image-23874\" src=\"https:\/\/toidupakk.ee\/wp-content\/uploads\/2024\/06\/Food-Force-logo-transparent-150-x-75-px.png\" alt=\"\" width=\"150\" height=\"75\"><\/p>\n<h2>Pomidor\u0173 sriuba FOOD FORCE \u2013 paruo\u0161imo instrukcija<\/h2>\n<p>Atidaryk \u201eFOOD FORCE\u201c pomidor\u0173 sriubos pakuot\u0119 ir visi\u0161kai i\u0161skleisk jos dugn\u0105, kad turinys tolygiai su\u0161ilt\u0173. \u012epilk \u012f mai\u0161el\u012f apie <strong data-start=\"233\" data-end=\"254\">350 ml kar\u0161to vandens<\/strong> ir kruop\u0161\u010diai i\u0161mai\u0161yk, kol visi ingredientai su\u0161laps. Leisk sriubai pastov\u0117ti ir i\u0161brinkti <strong data-start=\"352\" data-end=\"371\">apie 5 minutes<\/strong>, kad skoniai visi\u0161kai atsiskleist\u0173. Prie\u0161 patiekdamas dar kart\u0105 i\u0161mai\u0161yk, kad tekst\u016bra b\u016bt\u0173 tolygi ir maloni. Jei nori skystesn\u0117s sriubos, gali \u012fpilti dar \u0161iek tiek kar\u0161to vandens.    <\/p>\n<h2>\u201eFood Force\u201c sausas maistas<\/h2>\n<p>\u201eFood Force\u201c yra Estijos maisto gamintojas, besispecializuojantis dehidratuot\u0173 paruo\u0161t\u0173 patiekal\u0173 ir ilgo galiojimo u\u017ekand\u017ei\u0173 gamyboje.<br data-start=\"1264\" data-end=\"1267\">Produktai skirti kariuomenei, pagalbos organizacijoms ir krizi\u0173 valdymo daliniams, ta\u010diau puikiai tinka ir \u017eygeiviams, j\u016breiviams bei visiems, kuriems reikia skanaus ir maistingo maisto neturint galimyb\u0117s jo pasigaminti i\u0161 \u0161vie\u017ei\u0173 ingredient\u0173.<\/p>\n<p>Su\u017einok daugiau apie \u201eTactical Foodpack\u201c \u017eygi\u0173 maist\u0105 <a href=\"https:\/\/toidupakk.ee\/lt\/tootekategooria\/tactical-foodpack-patiekalai\/\">\u010cIA.<\/a><\/p>\n<p>Per\u017ei\u016br\u0117k kitus \u017eygi\u0173 reikmenis <a href=\"https:\/\/toidupakk.ee\/lt\/tootekategooria\/zygio-iranga\/#section-3-79\">\u010cIA<\/a><\/p>\n<p>Pasisemk \u012fkv\u0117pimo kitiems nuotykiams \u201eToidupakk\u201c <a href=\"https:\/\/www.instagram.com\/toidupakk\/\">Instagram<\/a> ir <a href=\"https:\/\/www.facebook.com\/Toidupakk\/\">Facebook<\/a> paskyrose.<\/p>\n","protected":false},"excerpt":{"rendered":"<p><strong>Pomidor\u0173 sriuba FOOD FORCE \u2013 tai skanus ir maistingas patiekalas, puikiai tinkantis greitiems ir paprastiems pietums namuose, \u017eygyje ar krizin\u0117je situacijoje. Aromatingas pomidor\u0173, dar\u017eovi\u0173 ir prieskoni\u0173 derinys sukuria \u0161ilt\u0105 ir jauki\u0105 sriub\u0105, kuri paruo\u0161iama vos per kelias minutes u\u017epylus kar\u0161tu vandeniu ir suteikia klasikin\u012f pomidor\u0173 skon\u012f bet kada ir bet kur. <\/strong><\/p>\n<p data-start=\"529\" data-end=\"839\"><strong data-start=\"529\" data-end=\"545\">Sudedamosios dalys:<\/strong><br data-start=\"545\" data-end=\"548\">Sultinio mi\u0161inys [dar\u017eov\u0117s (pomidorai 17,8 %, morkos, \u010desnakai, porai), augaliniai riebalai (palmi\u0173), druska, prieskoniai ir \u017eolel\u0117s, \u017eirni\u0173 baltymai, grietin\u0117l\u0117s milteliai, kvapiosios med\u017eiagos, hidrolizuoti augaliniai baltymai, mieli\u0173 ekstraktas, soj\u0173 pada\u017eo milteliai], makaronai (kvie\u010di\u0173), malta m\u0117sa 5 % (jautiena 99,75 %, antioksidantas: rozmarinas).<\/p>\n<p data-start=\"841\" data-end=\"1036\"><strong data-start=\"841\" data-end=\"877\">Maistin\u0117 vert\u0117 100 g: <\/strong>energin\u0117 vert\u0117 1880 kJ \/ 450 kcal, riebalai 22 g (i\u0161 kuri\u0173 so\u010di\u0173j\u0173 riebal\u0173 r\u016bg\u0161\u010di\u0173 11 g), angliavandeniai 46 g (i\u0161 kuri\u0173 cukr\u0173 16 g), skaidulin\u0117s med\u017eiagos 6,6 g, baltymai 13 g, druska 6,2 g<\/p>\n<p data-start=\"841\" data-end=\"1036\">\u2705 Turime sand\u0117lyje, greitas pristatymas per 1\u20133 darbo dienas<\/p>\n","protected":false},"featured_media":39662,"comment_status":"open","ping_status":"closed","template":"","meta":{"_acf_changed":false},"product_brand":[],"product_cat":[232,250,249,189,231,190],"product_tag":[194],"class_list":{"0":"post-45876","1":"product","2":"type-product","3":"status-publish","4":"has-post-thumbnail","6":"product_cat-food-force-sauso-maisto-paketai","7":"product_cat-food-force-sriubos","8":"product_cat-sriubos","9":"product_cat-zygio-iranga","10":"product_cat-zygio-maistas","11":"product_cat-zygio-prekes","12":"product_tag-no_ads","14":"first","15":"instock","16":"taxable","17":"shipping-taxable","18":"purchasable","19":"product-type-simple"},"bundled_by":[],"bundle_stock_status":"instock","bundle_stock_quantity":19,"bundle_virtual":false,"bundle_layout":"","bundle_add_to_cart_form_location":"","bundle_editable_in_cart":false,"bundle_sold_individually_context":"","bundle_item_grouping":"","bundle_min_size":"","bundle_max_size":"","bundle_price":[],"bundled_items":[],"bundle_sell_ids":[],"acf":[],"yoast_head":"<!-- This site is optimized with the Yoast SEO plugin v27.3 - https:\/\/yoast.com\/product\/yoast-seo-wordpress\/ -->\n<title>Pomidor\u0173 sriuba FOOD FORCE<\/title>\n<meta name=\"description\" content=\"Pomidor\u0173 sriuba FOOD FORCE \u2013 greitas ir skanus patiekalas, paruo\u0161iamas su kar\u0161tu vandeniu per kelias minutes. Klasikinis pomidor\u0173 skonis, maistingas ir patogus sprendimas bet kokioje situacijoje.\" \/>\n<meta name=\"robots\" content=\"index, follow, max-snippet:-1, max-image-preview:large, max-video-preview:-1\" \/>\n<link rel=\"canonical\" href=\"https:\/\/toidupakk.ee\/lt\/toode\/pomidoru-sriuba-food-force\/\" \/>\n<meta property=\"og:locale\" content=\"lt_LT\" \/>\n<meta property=\"og:type\" content=\"article\" \/>\n<meta property=\"og:title\" content=\"Pomidor\u0173 sriuba FOOD FORCE\" \/>\n<meta property=\"og:description\" content=\"Pomidor\u0173 sriuba FOOD FORCE \u2013 greitas ir skanus patiekalas, paruo\u0161iamas su kar\u0161tu vandeniu per kelias minutes. Klasikinis pomidor\u0173 skonis, maistingas ir patogus sprendimas bet kokioje situacijoje.\" \/>\n<meta property=\"og:url\" content=\"https:\/\/toidupakk.ee\/lt\/toode\/pomidoru-sriuba-food-force\/\" \/>\n<meta property=\"og:site_name\" content=\"Toidupakk.ee - Tactical Foodpack toidupakid\" \/>\n<meta property=\"article:publisher\" content=\"https:\/\/www.facebook.com\/Toidupakk\" \/>\n<meta property=\"article:modified_time\" content=\"2026-04-16T19:31:51+00:00\" \/>\n<meta property=\"og:image\" content=\"https:\/\/toidupakk.ee\/wp-content\/uploads\/2025\/10\/Nimetu-kujundus-34.png\" \/>\n\t<meta property=\"og:image:width\" content=\"800\" \/>\n\t<meta property=\"og:image:height\" content=\"800\" \/>\n\t<meta property=\"og:image:type\" content=\"image\/png\" \/>\n<meta name=\"twitter:card\" content=\"summary_large_image\" \/>\n<meta name=\"twitter:label1\" content=\"Est. reading time\" \/>\n\t<meta name=\"twitter:data1\" content=\"1 minut\u0117\" \/>\n<script type=\"application\/ld+json\" class=\"yoast-schema-graph\">{\"@context\":\"https:\\\/\\\/schema.org\",\"@graph\":[{\"@type\":\"WebPage\",\"@id\":\"https:\\\/\\\/toidupakk.ee\\\/lt\\\/toode\\\/pomidoru-sriuba-food-force\\\/\",\"url\":\"https:\\\/\\\/toidupakk.ee\\\/lt\\\/toode\\\/pomidoru-sriuba-food-force\\\/\",\"name\":\"Pomidor\u0173 sriuba FOOD FORCE\",\"isPartOf\":{\"@id\":\"https:\\\/\\\/toidupakk.ee\\\/lt\\\/#website\"},\"primaryImageOfPage\":{\"@id\":\"https:\\\/\\\/toidupakk.ee\\\/lt\\\/toode\\\/pomidoru-sriuba-food-force\\\/#primaryimage\"},\"image\":{\"@id\":\"https:\\\/\\\/toidupakk.ee\\\/lt\\\/toode\\\/pomidoru-sriuba-food-force\\\/#primaryimage\"},\"thumbnailUrl\":\"https:\\\/\\\/toidupakk.ee\\\/wp-content\\\/uploads\\\/2025\\\/10\\\/Nimetu-kujundus-34.png\",\"datePublished\":\"2025-10-06T10:23:55+00:00\",\"dateModified\":\"2026-04-16T19:31:51+00:00\",\"description\":\"Pomidor\u0173 sriuba FOOD FORCE \u2013 greitas ir skanus patiekalas, paruo\u0161iamas su kar\u0161tu vandeniu per kelias minutes. Klasikinis pomidor\u0173 skonis, maistingas ir patogus sprendimas bet kokioje situacijoje.\",\"breadcrumb\":{\"@id\":\"https:\\\/\\\/toidupakk.ee\\\/lt\\\/toode\\\/pomidoru-sriuba-food-force\\\/#breadcrumb\"},\"inLanguage\":\"lt-LT\",\"potentialAction\":[{\"@type\":\"ReadAction\",\"target\":[\"https:\\\/\\\/toidupakk.ee\\\/lt\\\/toode\\\/pomidoru-sriuba-food-force\\\/\"]}]},{\"@type\":\"ImageObject\",\"inLanguage\":\"lt-LT\",\"@id\":\"https:\\\/\\\/toidupakk.ee\\\/lt\\\/toode\\\/pomidoru-sriuba-food-force\\\/#primaryimage\",\"url\":\"https:\\\/\\\/toidupakk.ee\\\/wp-content\\\/uploads\\\/2025\\\/10\\\/Nimetu-kujundus-34.png\",\"contentUrl\":\"https:\\\/\\\/toidupakk.ee\\\/wp-content\\\/uploads\\\/2025\\\/10\\\/Nimetu-kujundus-34.png\",\"width\":800,\"height\":800,\"caption\":\"N\u00e4dalapikkuse matkas\u00f6\u00f6gi planeerimine\"},{\"@type\":\"BreadcrumbList\",\"@id\":\"https:\\\/\\\/toidupakk.ee\\\/lt\\\/toode\\\/pomidoru-sriuba-food-force\\\/#breadcrumb\",\"itemListElement\":[{\"@type\":\"ListItem\",\"position\":1,\"name\":\"Avaleht\",\"item\":\"https:\\\/\\\/toidupakk.ee\\\/lt\\\/\"},{\"@type\":\"ListItem\",\"position\":2,\"name\":\"El. parduotuv\u0117\",\"item\":\"https:\\\/\\\/toidupakk.ee\\\/lt\\\/el-parduotuve\\\/\"},{\"@type\":\"ListItem\",\"position\":3,\"name\":\"Pomidor\u0173 sriuba FOOD FORCE\"}]},{\"@type\":\"WebSite\",\"@id\":\"https:\\\/\\\/toidupakk.ee\\\/lt\\\/#website\",\"url\":\"https:\\\/\\\/toidupakk.ee\\\/lt\\\/\",\"name\":\"Toidupakk.ee - Tactical Foodpack toidupakid\",\"description\":\"Tactical Foodpack k\u00fclmkuivatatud toidupakid ja matkaeined\",\"publisher\":{\"@id\":\"https:\\\/\\\/toidupakk.ee\\\/lt\\\/#organization\"},\"potentialAction\":[{\"@type\":\"SearchAction\",\"target\":{\"@type\":\"EntryPoint\",\"urlTemplate\":\"https:\\\/\\\/toidupakk.ee\\\/lt\\\/?s={search_term_string}\"},\"query-input\":{\"@type\":\"PropertyValueSpecification\",\"valueRequired\":true,\"valueName\":\"search_term_string\"}}],\"inLanguage\":\"lt-LT\"},{\"@type\":\"Organization\",\"@id\":\"https:\\\/\\\/toidupakk.ee\\\/lt\\\/#organization\",\"name\":\"Tactical Foodpack matkaeined\",\"url\":\"https:\\\/\\\/toidupakk.ee\\\/lt\\\/\",\"logo\":{\"@type\":\"ImageObject\",\"inLanguage\":\"lt-LT\",\"@id\":\"https:\\\/\\\/toidupakk.ee\\\/lt\\\/#\\\/schema\\\/logo\\\/image\\\/\",\"url\":\"https:\\\/\\\/toidupakk.ee\\\/wp-content\\\/uploads\\\/2022\\\/01\\\/Toidupakk-matkapood-logo-transparent.png\",\"contentUrl\":\"https:\\\/\\\/toidupakk.ee\\\/wp-content\\\/uploads\\\/2022\\\/01\\\/Toidupakk-matkapood-logo-transparent.png\",\"width\":500,\"height\":500,\"caption\":\"Tactical Foodpack matkaeined\"},\"image\":{\"@id\":\"https:\\\/\\\/toidupakk.ee\\\/lt\\\/#\\\/schema\\\/logo\\\/image\\\/\"},\"sameAs\":[\"https:\\\/\\\/www.facebook.com\\\/Toidupakk\",\"https:\\\/\\\/www.instagram.com\\\/toidupakk\\\/\"]}]}<\/script>\n<!-- \/ Yoast SEO plugin. -->","yoast_head_json":{"title":"Pomidor\u0173 sriuba FOOD FORCE","description":"Pomidor\u0173 sriuba FOOD FORCE \u2013 greitas ir skanus patiekalas, paruo\u0161iamas su kar\u0161tu vandeniu per kelias minutes. Klasikinis pomidor\u0173 skonis, maistingas ir patogus sprendimas bet kokioje situacijoje.","robots":{"index":"index","follow":"follow","max-snippet":"max-snippet:-1","max-image-preview":"max-image-preview:large","max-video-preview":"max-video-preview:-1"},"canonical":"https:\/\/toidupakk.ee\/lt\/toode\/pomidoru-sriuba-food-force\/","og_locale":"lt_LT","og_type":"article","og_title":"Pomidor\u0173 sriuba FOOD FORCE","og_description":"Pomidor\u0173 sriuba FOOD FORCE \u2013 greitas ir skanus patiekalas, paruo\u0161iamas su kar\u0161tu vandeniu per kelias minutes. Klasikinis pomidor\u0173 skonis, maistingas ir patogus sprendimas bet kokioje situacijoje.","og_url":"https:\/\/toidupakk.ee\/lt\/toode\/pomidoru-sriuba-food-force\/","og_site_name":"Toidupakk.ee - Tactical Foodpack toidupakid","article_publisher":"https:\/\/www.facebook.com\/Toidupakk","article_modified_time":"2026-04-16T19:31:51+00:00","og_image":[{"width":800,"height":800,"url":"https:\/\/toidupakk.ee\/wp-content\/uploads\/2025\/10\/Nimetu-kujundus-34.png","type":"image\/png"}],"twitter_card":"summary_large_image","twitter_misc":{"Est. reading time":"1 minut\u0117"},"schema":{"@context":"https:\/\/schema.org","@graph":[{"@type":"WebPage","@id":"https:\/\/toidupakk.ee\/lt\/toode\/pomidoru-sriuba-food-force\/","url":"https:\/\/toidupakk.ee\/lt\/toode\/pomidoru-sriuba-food-force\/","name":"Pomidor\u0173 sriuba FOOD FORCE","isPartOf":{"@id":"https:\/\/toidupakk.ee\/lt\/#website"},"primaryImageOfPage":{"@id":"https:\/\/toidupakk.ee\/lt\/toode\/pomidoru-sriuba-food-force\/#primaryimage"},"image":{"@id":"https:\/\/toidupakk.ee\/lt\/toode\/pomidoru-sriuba-food-force\/#primaryimage"},"thumbnailUrl":"https:\/\/toidupakk.ee\/wp-content\/uploads\/2025\/10\/Nimetu-kujundus-34.png","datePublished":"2025-10-06T10:23:55+00:00","dateModified":"2026-04-16T19:31:51+00:00","description":"Pomidor\u0173 sriuba FOOD FORCE \u2013 greitas ir skanus patiekalas, paruo\u0161iamas su kar\u0161tu vandeniu per kelias minutes. Klasikinis pomidor\u0173 skonis, maistingas ir patogus sprendimas bet kokioje situacijoje.","breadcrumb":{"@id":"https:\/\/toidupakk.ee\/lt\/toode\/pomidoru-sriuba-food-force\/#breadcrumb"},"inLanguage":"lt-LT","potentialAction":[{"@type":"ReadAction","target":["https:\/\/toidupakk.ee\/lt\/toode\/pomidoru-sriuba-food-force\/"]}]},{"@type":"ImageObject","inLanguage":"lt-LT","@id":"https:\/\/toidupakk.ee\/lt\/toode\/pomidoru-sriuba-food-force\/#primaryimage","url":"https:\/\/toidupakk.ee\/wp-content\/uploads\/2025\/10\/Nimetu-kujundus-34.png","contentUrl":"https:\/\/toidupakk.ee\/wp-content\/uploads\/2025\/10\/Nimetu-kujundus-34.png","width":800,"height":800,"caption":"N\u00e4dalapikkuse matkas\u00f6\u00f6gi planeerimine"},{"@type":"BreadcrumbList","@id":"https:\/\/toidupakk.ee\/lt\/toode\/pomidoru-sriuba-food-force\/#breadcrumb","itemListElement":[{"@type":"ListItem","position":1,"name":"Avaleht","item":"https:\/\/toidupakk.ee\/lt\/"},{"@type":"ListItem","position":2,"name":"El. parduotuv\u0117","item":"https:\/\/toidupakk.ee\/lt\/el-parduotuve\/"},{"@type":"ListItem","position":3,"name":"Pomidor\u0173 sriuba FOOD FORCE"}]},{"@type":"WebSite","@id":"https:\/\/toidupakk.ee\/lt\/#website","url":"https:\/\/toidupakk.ee\/lt\/","name":"Toidupakk.ee - Tactical Foodpack toidupakid","description":"Tactical Foodpack k\u00fclmkuivatatud toidupakid ja matkaeined","publisher":{"@id":"https:\/\/toidupakk.ee\/lt\/#organization"},"potentialAction":[{"@type":"SearchAction","target":{"@type":"EntryPoint","urlTemplate":"https:\/\/toidupakk.ee\/lt\/?s={search_term_string}"},"query-input":{"@type":"PropertyValueSpecification","valueRequired":true,"valueName":"search_term_string"}}],"inLanguage":"lt-LT"},{"@type":"Organization","@id":"https:\/\/toidupakk.ee\/lt\/#organization","name":"Tactical Foodpack matkaeined","url":"https:\/\/toidupakk.ee\/lt\/","logo":{"@type":"ImageObject","inLanguage":"lt-LT","@id":"https:\/\/toidupakk.ee\/lt\/#\/schema\/logo\/image\/","url":"https:\/\/toidupakk.ee\/wp-content\/uploads\/2022\/01\/Toidupakk-matkapood-logo-transparent.png","contentUrl":"https:\/\/toidupakk.ee\/wp-content\/uploads\/2022\/01\/Toidupakk-matkapood-logo-transparent.png","width":500,"height":500,"caption":"Tactical Foodpack matkaeined"},"image":{"@id":"https:\/\/toidupakk.ee\/lt\/#\/schema\/logo\/image\/"},"sameAs":["https:\/\/www.facebook.com\/Toidupakk","https:\/\/www.instagram.com\/toidupakk\/"]}]}},"jetpack_sharing_enabled":true,"_links":{"self":[{"href":"https:\/\/toidupakk.ee\/lt\/wp-json\/wp\/v2\/product\/45876","targetHints":{"allow":["GET"]}}],"collection":[{"href":"https:\/\/toidupakk.ee\/lt\/wp-json\/wp\/v2\/product"}],"about":[{"href":"https:\/\/toidupakk.ee\/lt\/wp-json\/wp\/v2\/types\/product"}],"replies":[{"embeddable":true,"href":"https:\/\/toidupakk.ee\/lt\/wp-json\/wp\/v2\/comments?post=45876"}],"wp:featuredmedia":[{"embeddable":true,"href":"https:\/\/toidupakk.ee\/lt\/wp-json\/wp\/v2\/media\/39662"}],"wp:attachment":[{"href":"https:\/\/toidupakk.ee\/lt\/wp-json\/wp\/v2\/media?parent=45876"}],"wp:term":[{"taxonomy":"product_brand","embeddable":true,"href":"https:\/\/toidupakk.ee\/lt\/wp-json\/wp\/v2\/product_brand?post=45876"},{"taxonomy":"product_cat","embeddable":true,"href":"https:\/\/toidupakk.ee\/lt\/wp-json\/wp\/v2\/product_cat?post=45876"},{"taxonomy":"product_tag","embeddable":true,"href":"https:\/\/toidupakk.ee\/lt\/wp-json\/wp\/v2\/product_tag?post=45876"}],"curies":[{"name":"wp","href":"https:\/\/api.w.org\/{rel}","templated":true}]}}