{"id":45874,"date":"2025-10-17T11:25:36","date_gmt":"2025-10-17T08:25:36","guid":{"rendered":"https:\/\/toidupakk.ee\/toode\/ziemines-dujos-optimus-energy-230-g\/"},"modified":"2026-04-04T00:00:16","modified_gmt":"2026-04-03T21:00:16","slug":"ziemines-dujos-optimus-energy-230-g","status":"publish","type":"product","link":"https:\/\/toidupakk.ee\/lt\/toode\/ziemines-dujos-optimus-energy-230-g\/","title":{"rendered":"\u017diemin\u0117s dujos OPTIMUS ENERGY, 230 g"},"content":{"rendered":"<h2 data-start=\"240\" data-end=\"310\">\u017diemin\u0117s dujos OPTIMUS ENERGY, 230 g \u2013 patikimas \u017eygeivio palydovas<\/h2>\n<p data-start=\"312\" data-end=\"595\">\u017diemin\u0117s dujos OPTIMUS ENERGY, 230 g, yra auk\u0161tos kokyb\u0117s \u017eieminis duj\u0173 mi\u0161inys, u\u017etikrinantis patikim\u0105 degim\u0105 net ir \u0161altomis bei kintan\u010diomis oro s\u0105lygomis. Tai patikimas palydovas \u017eygeiviams, med\u017eiotojams, \u017evejams ir lauko virtuv\u0117s m\u0117g\u0117jams, kuriems reikia stabilaus ir saugaus energijos \u0161altinio. <\/p>\n<p data-start=\"597\" data-end=\"847\">Puikiai tinka naudoti su turistin\u0117mis virykl\u0117mis, dujiniais \u0161ildytuvais, lempomis ir kitais degikliais, turin\u010diais 7\/16 sriegio jungt\u012f. D\u0117l saugaus vo\u017etuvo balion\u0117l\u012f galima naudoti pakartotinai, i\u0161laikant saugum\u0105 ir patogum\u0105. <\/p>\n<p data-start=\"597\" data-end=\"847\"><img fetchpriority=\"high\" decoding=\"async\" class=\"alignright wp-image-39994 size-thumbnail\" src=\"https:\/\/toidupakk.ee\/wp-content\/uploads\/2025\/10\/2-1-500x500.png\" alt=\"\u017diemin\u0117s dujos OPTIMUS ENERGY, 450 g ir 230 g\" width=\"500\" height=\"500\" srcset=\"https:\/\/toidupakk.ee\/wp-content\/uploads\/2025\/10\/2-1-500x500.png 500w, https:\/\/toidupakk.ee\/wp-content\/uploads\/2025\/10\/2-1-300x300.png 300w, https:\/\/toidupakk.ee\/wp-content\/uploads\/2025\/10\/2-1-768x768.png 768w, https:\/\/toidupakk.ee\/wp-content\/uploads\/2025\/10\/2-1-400x400.png 400w, https:\/\/toidupakk.ee\/wp-content\/uploads\/2025\/10\/2-1-100x100.png 100w, https:\/\/toidupakk.ee\/wp-content\/uploads\/2025\/10\/2-1.png 800w\" sizes=\"(max-width: 500px) 100vw, 500px\" \/><\/p>\n<h3 data-start=\"849\" data-end=\"890\">230 g duj\u0173 balion\u0117lio naudojimo sritys<\/h3>\n<p data-start=\"891\" data-end=\"1165\">\u017dygeiviai ir stovyklautojai \u2013 idealus sprendimas ruo\u0161ti \u0161ilt\u0105 maist\u0105 ir virti vanden\u012f \u0161altame klimate.<br data-start=\"996\" data-end=\"999\">Med\u017eiotojai ir \u017evejai \u2013 patikima net ankstyv\u0105 ryt\u0105 ar \u017eiemos s\u0105lygomis.<br data-start=\"1087\" data-end=\"1090\">Piknik\u0173 ir lauko virtuv\u0117s m\u0117g\u0117jai \u2013 patogus ir saugus pasirinkimas lauko virtuv\u0117je.<\/p>\n<h2 data-start=\"240\" data-end=\"310\">\u017diemin\u0117s dujos OPTIMUS ENERGY, 230 g \u2013 savyb\u0117s<\/h2>\n<p data-start=\"1239\" data-end=\"1500\">\u201eOptimus Energy\u201c sud\u0117tyje yra subalansuotas butano (50 %), izobutano (25 %) ir propano (25 %) mi\u0161inys.<br data-start=\"1346\" data-end=\"1349\">D\u0117l to dujos dega efektyviai ir stabiliai net esant \u017eemai temperat\u016brai, suteikdamos \u0161ilumos energij\u0105 tada, kai kiti mi\u0161iniai nebeveikia.<\/p>\n<h2 data-start=\"1502\" data-end=\"1529\">Universali jungtis<\/h2>\n<p data-start=\"1530\" data-end=\"1703\">Balion\u0117lis turi sriegin\u012f vo\u017etuv\u0105 (7\/16) \u2013 tai da\u017eniausiai pasitaikantis standartas turistin\u0117se virykl\u0117se ir degikliuose.<br data-start=\"1622\" data-end=\"1625\">Tinka visiems prietaisams, veikiantiems su tiesioginio sl\u0117gio butano-propano mi\u0161iniu.<\/p>\n<h2 data-start=\"1705\" data-end=\"1739\">Saugumas ir daugkartinis naudojimas<\/h2>\n<p data-start=\"1740\" data-end=\"1937\">Saugus vo\u017etuvas suma\u017eina duj\u0173 nuot\u0117kio rizik\u0105 ir leid\u017eia balion\u0117l\u012f naudoti kelis kartus.<br data-start=\"1842\" data-end=\"1845\">Kompakti\u0161ka, tvirta ir patvari konstrukcija u\u017etikrina ilg\u0105 tarnavimo laik\u0105 net intensyvi\u0173 \u017eygi\u0173 metu.<\/p>\n<h2 data-start=\"240\" data-end=\"310\">\u017diemin\u0117s dujos OPTIMUS ENERGY, 230 g \u2013 techniniai duomenys<\/h2>\n<ul>\n<li data-start=\"1970\" data-end=\"1991\">Talpa: 230 g<\/li>\n<li data-start=\"1970\" data-end=\"1991\">Svoris: 362 g<\/li>\n<li data-start=\"1970\" data-end=\"1991\">Sud\u0117tis: butanas 50 %, izobutanas 25 %, propanas 25 %<\/li>\n<li data-start=\"1970\" data-end=\"1991\">Jungtis: 7\/16 sriegis<\/li>\n<li data-start=\"1970\" data-end=\"1991\">Tinka naudoti ir \u0161altomis s\u0105lygomis \u2013 \u017eieminis mi\u0161inys!<\/li>\n<\/ul>\n<h2 data-start=\"2163\" data-end=\"2222\">Kod\u0117l verta rinktis \u017eiemines dujas OPTIMUS ENERGY, 450 g?<\/h2>\n<p data-start=\"2223\" data-end=\"2628\">\u2744\ufe0f Patikimumas \u017eiem\u0105: i\u0161lieka efektyvios net esant \u017eemai temperat\u016brai.<br data-start=\"2296\" data-end=\"2299\">\ud83d\udd12 Saugumas: kokybi\u0161ka vo\u017etuvo konstrukcija apsaugo nuo duj\u0173 nuot\u0117kio.<br data-start=\"2381\" data-end=\"2384\">\ud83c\udf0d Universalumas: tinka daugumai turistini\u0173 prietais\u0173.<br data-start=\"2445\" data-end=\"2448\">\ud83e\uddf3 Kompakti\u0161kas ir patogus ne\u0161iotis: idealiai tinka \u017eygiams, \u017evejybai ir nuotykiams.<br data-start=\"2534\" data-end=\"2537\">\u267b\ufe0f Daugkartinis naudojimas: tvirtas korpusas ir patikimas vo\u017etuvas leid\u017eia naudoti balion\u0117l\u012f kelis kartus.<\/p>\n<h2 data-start=\"2635\" data-end=\"2671\">Kaip naudoti duj\u0173 balion\u0117l\u012f?<\/h2>\n<ol>\n<li data-start=\"2675\" data-end=\"2781\">Nuimk sen\u0105 balion\u0117l\u012f: \u012fsitikink, kad senas balion\u0117lis tu\u0161\u010dias, ir atsuk j\u012f nuo prietaiso prie\u0161 laikrod\u017eio rodykl\u0119.<\/li>\n<li data-start=\"2675\" data-end=\"2781\">Prijunk nauj\u0105 balion\u0117l\u012f: nuimk apsaugin\u012f dangtel\u012f ir prisuk nauj\u0105 balion\u0117l\u012f prie prietaiso pagal laikrod\u017eio rodykl\u0119, naudodamas tik rank\u0173 j\u0117g\u0105.<\/li>\n<li data-start=\"2675\" data-end=\"2781\">Naudojimas: atsuk vo\u017etuv\u0105 ir u\u017edek prietais\u0105 pagal instrukcij\u0105. Nenaudok atviros liepsnos tiesiai \u0161alia balion\u0117lio. <\/li>\n<li data-start=\"2675\" data-end=\"2781\">Laikymas: laikyk balion\u0117l\u012f v\u0117sioje ir sausoje vietoje, atokiau nuo tiesiogini\u0173 saul\u0117s spinduli\u0173 ir \u0161ilumos \u0161altini\u0173.<\/li>\n<\/ol>\n<h3>Pasisemk \u012fkv\u0117pimo ir prad\u0117k nuotykius!<\/h3>\n<p>Daugiau turizmo preki\u0173 rasi  <a href=\"https:\/\/toidupakk.ee\/lt\/tootekategooria\/zygio-iranga\/#section-3-79\">\u010cIA<\/a><\/p>\n<p>Pasisemk \u012fkv\u0117pimo kitiems nuotykiams \u201eToidupakk\u201c <a href=\"https:\/\/www.instagram.com\/toidupakk\/\">Instagram<\/a> ir <a href=\"https:\/\/www.facebook.com\/Toidupakk\/\">Facebook<\/a> paskyrose.<\/p>\n","protected":false},"excerpt":{"rendered":"<p data-start=\"188\" data-end=\"509\"><strong>\u017diemin\u0117s dujos OPTIMUS ENERGY, 230 g, yra auk\u0161tos kokyb\u0117s \u017eieminis duj\u0173 mi\u0161inys, patikimai veikiantis net ir \u0161altomis oro s\u0105lygomis. Tinka naudoti \u017eygiuose, med\u017eiokl\u0117je, mi\u0161ke, kelion\u0117se laivu ar kitur gamtoje. Tinka visoms turistin\u0117ms virykl\u0117ms ir prietaisams su sriegine jungtimi. Saugus srieginis vo\u017etuvas leid\u017eia balion\u0117l\u012f naudoti pakartotinai.    <\/strong><\/p>\n<ul>\n<li>Srieginis duj\u0173 balion\u0117lis \/ turistin\u0117s dujos (7\/16 sriegis, da\u017eniausiai naudojamas duj\u0173 prietaisuose)<\/li>\n<li>Talpa: 230 g<\/li>\n<li>Sud\u0117tis: butanas 50 %, izobutanas 25 %, propanas 25 %<\/li>\n<li>Svoris: 362 g<\/li>\n<li><strong>Tinka naudoti ir \u0161altomis s\u0105lygomis \u2013 \u017eieminis mi\u0161inys!<\/strong><\/li>\n<\/ul>\n<p data-start=\"511\" data-end=\"782\">\u2705 Turime sand\u0117lyje, greitas pristatymas per 1\u20133 darbo dienas<\/p>\n","protected":false},"featured_media":39997,"comment_status":"open","ping_status":"closed","template":"","meta":{"_acf_changed":false},"product_brand":[],"product_cat":[247,199,189,190],"product_tag":[194],"class_list":{"0":"post-45874","1":"product","2":"type-product","3":"status-publish","4":"has-post-thumbnail","6":"product_cat-dujos","7":"product_cat-ziemos-prekes","8":"product_cat-zygio-iranga","9":"product_cat-zygio-prekes","10":"product_tag-no_ads","12":"first","13":"instock","14":"taxable","15":"shipping-taxable","16":"purchasable","17":"product-type-simple"},"bundled_by":[],"bundle_stock_status":"instock","bundle_stock_quantity":2,"bundle_virtual":false,"bundle_layout":"","bundle_add_to_cart_form_location":"","bundle_editable_in_cart":false,"bundle_sold_individually_context":"","bundle_item_grouping":"","bundle_min_size":"","bundle_max_size":"","bundle_price":[],"bundled_items":[],"bundle_sell_ids":[],"acf":[],"yoast_head":"<!-- This site is optimized with the Yoast SEO plugin v27.1.1 - https:\/\/yoast.com\/product\/yoast-seo-wordpress\/ -->\n<title>\u017diemin\u0117s dujos OPTIMUS ENERGY, 230 g<\/title>\n<meta name=\"description\" content=\"\u017diemin\u0117s dujos OPTIMUS ENERGY, 230 g, u\u017etikrina patikim\u0105 veikim\u0105 net ir \u0161altomis s\u0105lygomis. Idealiai tinka \u017eygeiviams, med\u017eiotojams ir lauko virtuv\u0117s meistrams.\" \/>\n<meta name=\"robots\" content=\"index, follow, max-snippet:-1, max-image-preview:large, max-video-preview:-1\" \/>\n<link rel=\"canonical\" href=\"https:\/\/toidupakk.ee\/lt\/toode\/ziemines-dujos-optimus-energy-230-g\/\" \/>\n<meta property=\"og:locale\" content=\"lt_LT\" \/>\n<meta property=\"og:type\" content=\"article\" \/>\n<meta property=\"og:title\" content=\"\u017diemin\u0117s dujos OPTIMUS ENERGY, 230 g\" \/>\n<meta property=\"og:description\" content=\"\u017diemin\u0117s dujos OPTIMUS ENERGY, 230 g, u\u017etikrina patikim\u0105 veikim\u0105 net ir \u0161altomis s\u0105lygomis. Idealiai tinka \u017eygeiviams, med\u017eiotojams ir lauko virtuv\u0117s meistrams.\" \/>\n<meta property=\"og:url\" content=\"https:\/\/toidupakk.ee\/lt\/toode\/ziemines-dujos-optimus-energy-230-g\/\" \/>\n<meta property=\"og:site_name\" content=\"Toidupakk.ee - Tactical Foodpack toidupakid\" \/>\n<meta property=\"article:publisher\" content=\"https:\/\/www.facebook.com\/Toidupakk\" \/>\n<meta property=\"article:modified_time\" content=\"2026-04-03T21:00:16+00:00\" \/>\n<meta property=\"og:image\" content=\"https:\/\/toidupakk.ee\/wp-content\/uploads\/2025\/10\/Nimetu-kujundus-37.png\" \/>\n\t<meta property=\"og:image:width\" content=\"800\" \/>\n\t<meta property=\"og:image:height\" content=\"800\" \/>\n\t<meta property=\"og:image:type\" content=\"image\/png\" \/>\n<meta name=\"twitter:card\" content=\"summary_large_image\" \/>\n<meta name=\"twitter:label1\" content=\"Est. reading time\" \/>\n\t<meta name=\"twitter:data1\" content=\"2 minut\u0117s\" \/>\n<script type=\"application\/ld+json\" class=\"yoast-schema-graph\">{\"@context\":\"https:\/\/schema.org\",\"@graph\":[{\"@type\":\"WebPage\",\"@id\":\"https:\/\/toidupakk.ee\/lt\/toode\/ziemines-dujos-optimus-energy-230-g\/\",\"url\":\"https:\/\/toidupakk.ee\/lt\/toode\/ziemines-dujos-optimus-energy-230-g\/\",\"name\":\"\u017diemin\u0117s dujos OPTIMUS ENERGY, 230 g\",\"isPartOf\":{\"@id\":\"https:\/\/toidupakk.ee\/lt\/#website\"},\"primaryImageOfPage\":{\"@id\":\"https:\/\/toidupakk.ee\/lt\/toode\/ziemines-dujos-optimus-energy-230-g\/#primaryimage\"},\"image\":{\"@id\":\"https:\/\/toidupakk.ee\/lt\/toode\/ziemines-dujos-optimus-energy-230-g\/#primaryimage\"},\"thumbnailUrl\":\"https:\/\/toidupakk.ee\/wp-content\/uploads\/2025\/10\/Nimetu-kujundus-37.png\",\"datePublished\":\"2025-10-17T08:25:36+00:00\",\"dateModified\":\"2026-04-03T21:00:16+00:00\",\"description\":\"\u017diemin\u0117s dujos OPTIMUS ENERGY, 230 g, u\u017etikrina patikim\u0105 veikim\u0105 net ir \u0161altomis s\u0105lygomis. Idealiai tinka \u017eygeiviams, med\u017eiotojams ir lauko virtuv\u0117s meistrams.\",\"breadcrumb\":{\"@id\":\"https:\/\/toidupakk.ee\/lt\/toode\/ziemines-dujos-optimus-energy-230-g\/#breadcrumb\"},\"inLanguage\":\"lt-LT\",\"potentialAction\":[{\"@type\":\"ReadAction\",\"target\":[\"https:\/\/toidupakk.ee\/lt\/toode\/ziemines-dujos-optimus-energy-230-g\/\"]}]},{\"@type\":\"ImageObject\",\"inLanguage\":\"lt-LT\",\"@id\":\"https:\/\/toidupakk.ee\/lt\/toode\/ziemines-dujos-optimus-energy-230-g\/#primaryimage\",\"url\":\"https:\/\/toidupakk.ee\/wp-content\/uploads\/2025\/10\/Nimetu-kujundus-37.png\",\"contentUrl\":\"https:\/\/toidupakk.ee\/wp-content\/uploads\/2025\/10\/Nimetu-kujundus-37.png\",\"width\":800,\"height\":800},{\"@type\":\"BreadcrumbList\",\"@id\":\"https:\/\/toidupakk.ee\/lt\/toode\/ziemines-dujos-optimus-energy-230-g\/#breadcrumb\",\"itemListElement\":[{\"@type\":\"ListItem\",\"position\":1,\"name\":\"Avaleht\",\"item\":\"https:\/\/toidupakk.ee\/lt\/\"},{\"@type\":\"ListItem\",\"position\":2,\"name\":\"El. parduotuv\u0117\",\"item\":\"https:\/\/toidupakk.ee\/lt\/el-parduotuve\/\"},{\"@type\":\"ListItem\",\"position\":3,\"name\":\"\u017diemin\u0117s dujos OPTIMUS ENERGY, 230 g\"}]},{\"@type\":\"WebSite\",\"@id\":\"https:\/\/toidupakk.ee\/lt\/#website\",\"url\":\"https:\/\/toidupakk.ee\/lt\/\",\"name\":\"Toidupakk.ee - Tactical Foodpack toidupakid\",\"description\":\"Tactical Foodpack k\u00fclmkuivatatud toidupakid ja matkaeined\",\"publisher\":{\"@id\":\"https:\/\/toidupakk.ee\/lt\/#organization\"},\"potentialAction\":[{\"@type\":\"SearchAction\",\"target\":{\"@type\":\"EntryPoint\",\"urlTemplate\":\"https:\/\/toidupakk.ee\/lt\/?s={search_term_string}\"},\"query-input\":{\"@type\":\"PropertyValueSpecification\",\"valueRequired\":true,\"valueName\":\"search_term_string\"}}],\"inLanguage\":\"lt-LT\"},{\"@type\":\"Organization\",\"@id\":\"https:\/\/toidupakk.ee\/lt\/#organization\",\"name\":\"Tactical Foodpack matkaeined\",\"url\":\"https:\/\/toidupakk.ee\/lt\/\",\"logo\":{\"@type\":\"ImageObject\",\"inLanguage\":\"lt-LT\",\"@id\":\"https:\/\/toidupakk.ee\/lt\/#\/schema\/logo\/image\/\",\"url\":\"https:\/\/toidupakk.ee\/wp-content\/uploads\/2022\/01\/Toidupakk-matkapood-logo-transparent.png\",\"contentUrl\":\"https:\/\/toidupakk.ee\/wp-content\/uploads\/2022\/01\/Toidupakk-matkapood-logo-transparent.png\",\"width\":500,\"height\":500,\"caption\":\"Tactical Foodpack matkaeined\"},\"image\":{\"@id\":\"https:\/\/toidupakk.ee\/lt\/#\/schema\/logo\/image\/\"},\"sameAs\":[\"https:\/\/www.facebook.com\/Toidupakk\",\"https:\/\/www.instagram.com\/toidupakk\/\"]}]}<\/script>\n<!-- \/ Yoast SEO plugin. -->","yoast_head_json":{"title":"\u017diemin\u0117s dujos OPTIMUS ENERGY, 230 g","description":"\u017diemin\u0117s dujos OPTIMUS ENERGY, 230 g, u\u017etikrina patikim\u0105 veikim\u0105 net ir \u0161altomis s\u0105lygomis. Idealiai tinka \u017eygeiviams, med\u017eiotojams ir lauko virtuv\u0117s meistrams.","robots":{"index":"index","follow":"follow","max-snippet":"max-snippet:-1","max-image-preview":"max-image-preview:large","max-video-preview":"max-video-preview:-1"},"canonical":"https:\/\/toidupakk.ee\/lt\/toode\/ziemines-dujos-optimus-energy-230-g\/","og_locale":"lt_LT","og_type":"article","og_title":"\u017diemin\u0117s dujos OPTIMUS ENERGY, 230 g","og_description":"\u017diemin\u0117s dujos OPTIMUS ENERGY, 230 g, u\u017etikrina patikim\u0105 veikim\u0105 net ir \u0161altomis s\u0105lygomis. Idealiai tinka \u017eygeiviams, med\u017eiotojams ir lauko virtuv\u0117s meistrams.","og_url":"https:\/\/toidupakk.ee\/lt\/toode\/ziemines-dujos-optimus-energy-230-g\/","og_site_name":"Toidupakk.ee - Tactical Foodpack toidupakid","article_publisher":"https:\/\/www.facebook.com\/Toidupakk","article_modified_time":"2026-04-03T21:00:16+00:00","og_image":[{"width":800,"height":800,"url":"https:\/\/toidupakk.ee\/wp-content\/uploads\/2025\/10\/Nimetu-kujundus-37.png","type":"image\/png"}],"twitter_card":"summary_large_image","twitter_misc":{"Est. reading time":"2 minut\u0117s"},"schema":{"@context":"https:\/\/schema.org","@graph":[{"@type":"WebPage","@id":"https:\/\/toidupakk.ee\/lt\/toode\/ziemines-dujos-optimus-energy-230-g\/","url":"https:\/\/toidupakk.ee\/lt\/toode\/ziemines-dujos-optimus-energy-230-g\/","name":"\u017diemin\u0117s dujos OPTIMUS ENERGY, 230 g","isPartOf":{"@id":"https:\/\/toidupakk.ee\/lt\/#website"},"primaryImageOfPage":{"@id":"https:\/\/toidupakk.ee\/lt\/toode\/ziemines-dujos-optimus-energy-230-g\/#primaryimage"},"image":{"@id":"https:\/\/toidupakk.ee\/lt\/toode\/ziemines-dujos-optimus-energy-230-g\/#primaryimage"},"thumbnailUrl":"https:\/\/toidupakk.ee\/wp-content\/uploads\/2025\/10\/Nimetu-kujundus-37.png","datePublished":"2025-10-17T08:25:36+00:00","dateModified":"2026-04-03T21:00:16+00:00","description":"\u017diemin\u0117s dujos OPTIMUS ENERGY, 230 g, u\u017etikrina patikim\u0105 veikim\u0105 net ir \u0161altomis s\u0105lygomis. Idealiai tinka \u017eygeiviams, med\u017eiotojams ir lauko virtuv\u0117s meistrams.","breadcrumb":{"@id":"https:\/\/toidupakk.ee\/lt\/toode\/ziemines-dujos-optimus-energy-230-g\/#breadcrumb"},"inLanguage":"lt-LT","potentialAction":[{"@type":"ReadAction","target":["https:\/\/toidupakk.ee\/lt\/toode\/ziemines-dujos-optimus-energy-230-g\/"]}]},{"@type":"ImageObject","inLanguage":"lt-LT","@id":"https:\/\/toidupakk.ee\/lt\/toode\/ziemines-dujos-optimus-energy-230-g\/#primaryimage","url":"https:\/\/toidupakk.ee\/wp-content\/uploads\/2025\/10\/Nimetu-kujundus-37.png","contentUrl":"https:\/\/toidupakk.ee\/wp-content\/uploads\/2025\/10\/Nimetu-kujundus-37.png","width":800,"height":800},{"@type":"BreadcrumbList","@id":"https:\/\/toidupakk.ee\/lt\/toode\/ziemines-dujos-optimus-energy-230-g\/#breadcrumb","itemListElement":[{"@type":"ListItem","position":1,"name":"Avaleht","item":"https:\/\/toidupakk.ee\/lt\/"},{"@type":"ListItem","position":2,"name":"El. parduotuv\u0117","item":"https:\/\/toidupakk.ee\/lt\/el-parduotuve\/"},{"@type":"ListItem","position":3,"name":"\u017diemin\u0117s dujos OPTIMUS ENERGY, 230 g"}]},{"@type":"WebSite","@id":"https:\/\/toidupakk.ee\/lt\/#website","url":"https:\/\/toidupakk.ee\/lt\/","name":"Toidupakk.ee - Tactical Foodpack toidupakid","description":"Tactical Foodpack k\u00fclmkuivatatud toidupakid ja matkaeined","publisher":{"@id":"https:\/\/toidupakk.ee\/lt\/#organization"},"potentialAction":[{"@type":"SearchAction","target":{"@type":"EntryPoint","urlTemplate":"https:\/\/toidupakk.ee\/lt\/?s={search_term_string}"},"query-input":{"@type":"PropertyValueSpecification","valueRequired":true,"valueName":"search_term_string"}}],"inLanguage":"lt-LT"},{"@type":"Organization","@id":"https:\/\/toidupakk.ee\/lt\/#organization","name":"Tactical Foodpack matkaeined","url":"https:\/\/toidupakk.ee\/lt\/","logo":{"@type":"ImageObject","inLanguage":"lt-LT","@id":"https:\/\/toidupakk.ee\/lt\/#\/schema\/logo\/image\/","url":"https:\/\/toidupakk.ee\/wp-content\/uploads\/2022\/01\/Toidupakk-matkapood-logo-transparent.png","contentUrl":"https:\/\/toidupakk.ee\/wp-content\/uploads\/2022\/01\/Toidupakk-matkapood-logo-transparent.png","width":500,"height":500,"caption":"Tactical Foodpack matkaeined"},"image":{"@id":"https:\/\/toidupakk.ee\/lt\/#\/schema\/logo\/image\/"},"sameAs":["https:\/\/www.facebook.com\/Toidupakk","https:\/\/www.instagram.com\/toidupakk\/"]}]}},"jetpack_sharing_enabled":true,"_links":{"self":[{"href":"https:\/\/toidupakk.ee\/lt\/wp-json\/wp\/v2\/product\/45874","targetHints":{"allow":["GET"]}}],"collection":[{"href":"https:\/\/toidupakk.ee\/lt\/wp-json\/wp\/v2\/product"}],"about":[{"href":"https:\/\/toidupakk.ee\/lt\/wp-json\/wp\/v2\/types\/product"}],"replies":[{"embeddable":true,"href":"https:\/\/toidupakk.ee\/lt\/wp-json\/wp\/v2\/comments?post=45874"}],"wp:featuredmedia":[{"embeddable":true,"href":"https:\/\/toidupakk.ee\/lt\/wp-json\/wp\/v2\/media\/39997"}],"wp:attachment":[{"href":"https:\/\/toidupakk.ee\/lt\/wp-json\/wp\/v2\/media?parent=45874"}],"wp:term":[{"taxonomy":"product_brand","embeddable":true,"href":"https:\/\/toidupakk.ee\/lt\/wp-json\/wp\/v2\/product_brand?post=45874"},{"taxonomy":"product_cat","embeddable":true,"href":"https:\/\/toidupakk.ee\/lt\/wp-json\/wp\/v2\/product_cat?post=45874"},{"taxonomy":"product_tag","embeddable":true,"href":"https:\/\/toidupakk.ee\/lt\/wp-json\/wp\/v2\/product_tag?post=45874"}],"curies":[{"name":"wp","href":"https:\/\/api.w.org\/{rel}","templated":true}]}}