{"id":45862,"date":"2025-11-03T16:00:59","date_gmt":"2025-11-03T14:00:59","guid":{"rendered":"https:\/\/toidupakk.ee\/toode\/baltyminiai-rutuliukai\/"},"modified":"2026-04-29T16:32:04","modified_gmt":"2026-04-29T13:32:04","slug":"baltyminiai-rutuliukai","status":"publish","type":"product","link":"https:\/\/toidupakk.ee\/lt\/toode\/baltyminiai-rutuliukai\/","title":{"rendered":"Baltyminiai rutuliukai"},"content":{"rendered":"<h2 data-start=\"241\" data-end=\"302\">Baltyminiai rutuliukai \u2013 nat\u016brali energija ir grynas skonis<\/h2>\n<p data-start=\"262\" data-end=\"310\">\ud83c\udf4b<strong> Citrin\u0173 ir pistacij\u0173 baltyminiai rutuliukai<\/strong><\/p>\n<p data-start=\"311\" data-end=\"832\">Baltyminiai rutuliukai su citrinomis ir pistacijomis \u2013 tai augalinis, sodraus skonio ir gaiviai energingas u\u017ekandis. Kiekvienas rutuliukas papuo\u0161tas \u0161viesiai \u017eali\u0173 pistacij\u0173 gabal\u0117liais ir smulkiais rie\u0161ut\u0173 miltais, pabr\u0117\u017eian\u010diais nat\u016bral\u0173 jo gro\u017e\u012f bei skon\u012f. Tikra citrin\u0173 citrusin\u0117 gaiva susipina su rie\u0161ut\u0173 sodrumu, sukurdama tobul\u0105 pusiausvyr\u0105. \u0160ie ma\u017ei, bet maistingi rutuliukai suteikia 7 g augalini\u0173 baltym\u0173, juose gausu skaidul\u0173, n\u0117ra prid\u0117tinio cukraus, o sud\u0117tyje esantys vitaminai B12, C ir D3 u\u017etikrina gryn\u0105 energij\u0105 ir gaiv\u0105 kiekviename k\u0105snyje.   <\/p>\n<p data-start=\"311\" data-end=\"832\"><img fetchpriority=\"high\" decoding=\"async\" class=\"alignright wp-image-40162 size-thumbnail\" src=\"https:\/\/toidupakk.ee\/wp-content\/uploads\/2025\/10\/The-Protein-Ball-Co-Protein-Balls-Lemon-_-Pistachio3-500x500.webp\" alt=\"Baltyminiai rutuliukai \u2013 nat\u016brali energija ir grynas skonis\" width=\"500\" height=\"500\" srcset=\"https:\/\/toidupakk.ee\/wp-content\/uploads\/2025\/10\/The-Protein-Ball-Co-Protein-Balls-Lemon-_-Pistachio3-500x500.webp 500w, https:\/\/toidupakk.ee\/wp-content\/uploads\/2025\/10\/The-Protein-Ball-Co-Protein-Balls-Lemon-_-Pistachio3-300x300.webp 300w, https:\/\/toidupakk.ee\/wp-content\/uploads\/2025\/10\/The-Protein-Ball-Co-Protein-Balls-Lemon-_-Pistachio3-400x400.webp 400w, https:\/\/toidupakk.ee\/wp-content\/uploads\/2025\/10\/The-Protein-Ball-Co-Protein-Balls-Lemon-_-Pistachio3-100x100.webp 100w, https:\/\/toidupakk.ee\/wp-content\/uploads\/2025\/10\/The-Protein-Ball-Co-Protein-Balls-Lemon-_-Pistachio3.webp 713w\" sizes=\"(max-width: 500px) 100vw, 500px\" \/><\/p>\n<hr data-start=\"834\" data-end=\"837\">\n<p data-start=\"839\" data-end=\"883\">\ud83c\udf6b <strong>Kakavos ir apelsin\u0173 baltyminiai rutuliukai<\/strong><\/p>\n<p data-start=\"884\" data-end=\"1444\">Kakavos ir apelsin\u0173 baltyminis rutuliukas \u2013 tai tikra \u0161okoladin\u0117 patirtis: trigubas malonumas i\u0161 tamsios kakavos ir gaivaus apelsin\u0173 aliejaus. Kiekvienas rutuliukas u\u017epildytas sodria kakava, kreminiais i\u0161r\u016bg\u0173 baltymais, sultingomis datul\u0117mis ir tra\u0161kiais kakavos pupeli\u0173 gabal\u0117liais, sukurian\u010diais sodri\u0105 bei aksomin\u0119 tekst\u016br\u0105. Skonis primena prabang\u0173 triufel\u012f, ta\u010diau sud\u0117tis sveikesn\u0117 ir maistingesn\u0117. Vienas rutuliukas suteikia 10 g baltym\u0173, jame gausu skaidul\u0173, n\u0117ra prid\u0117tinio cukraus, o vitaminai B12, C ir D3 paver\u010dia j\u012f idealiu skan\u0117stu \u0161okolado m\u0117g\u0117jams, ie\u0161kantiems grynos energijos.   <\/p>\n<hr data-start=\"1446\" data-end=\"1449\">\n<p data-start=\"1451\" data-end=\"1490\">\ud83e\udd5c <strong>\u017dem\u0117s rie\u0161ut\u0173 sviestas <\/strong> <\/p>\n<p data-start=\"1491\" data-end=\"2056\">\u017dem\u0117s rie\u0161ut\u0173 sviesto baltyminis rutuliukas sujungia tobul\u0105 saldumo ir s\u016brumo pusiausvyr\u0105. Kiekvienas u\u017ekandis pagamintas i\u0161 41 % skrudint\u0173 \u017eem\u0117s rie\u0161ut\u0173 sviesto ir rie\u0161ut\u0173, kuriems sultingos datul\u0117s bei \u017eiupsnelis druskos suteikia malonaus gylio. I\u0161or\u0117je rutuliukas padengtas tra\u0161kiais rie\u0161ut\u0173 gabal\u0117liais, suteikian\u010diais tekst\u016bros ir malonaus tra\u0161kumo. \u0160ie baltym\u0173 gaus\u016bs rutuliukai suteikia 13 g baltym\u0173, turi daug skaidul\u0173, yra be prid\u0117tinio cukraus ir praturtinti vitaminais B12, C bei D3. Maloniai kreminis ir nat\u016bralus u\u017ekandis, pamaloninsiantis tiek saldumyn\u0173, tiek s\u016bri\u0173 skoni\u0173 m\u0117g\u0117jus.    <\/p>\n<hr data-start=\"2058\" data-end=\"2061\">\n<p data-start=\"2063\" data-end=\"2104\">\ud83e\uddc2 <strong>S\u016brios karamel\u0117s <\/strong> <\/p>\n<p data-start=\"2105\" data-end=\"2595\">S\u016brios karamel\u0117s baltyminiai rutuliukai atskleid\u017eia harmoning\u0105 saldumo ir s\u016brumo derin\u012f, pa\u017eadinant\u012f visus skonio receptorius. Mink\u0161tas datuli\u0173 ir migdol\u0173 saldumas susipina su \u0161velniu ro\u017ein\u0117s Himalaj\u0173 druskos akcentu, sukurdamas tobul\u0105 karamel\u0117s balans\u0105. Kiekvienas rutuliukas pagamintas i\u0161 nat\u016brali\u0173 ingredient\u0173 ir praturtintas vitaminais B12 bei D3, palaikan\u010diais ger\u0105 savijaut\u0105 ir energij\u0105. Sveikas, maistingas ir steb\u0117tinai prabangaus skonio \u2013 tarsi desertas, kuriuo galima m\u0117gautis be jokios s\u0105\u017ein\u0117s grau\u017eaties. Geriausias greitas u\u017ekandis!    <\/p>\n<p>Per\u017ei\u016br\u0117k visus u\u017ekand\u017eius  <a href=\"\/?product_cat=snakk#section-3-79\">\u010cIA<\/a><\/p>\n<p>Per\u017ei\u016br\u0117k \u017eygi\u0173 reikmenis <a href=\"https:\/\/toidupakk.ee\/lt\/tootekategooria\/zygio-iranga\/#section-3-79\">\u010cIA<\/a><\/p>\n<p>Pasisemk \u012fkv\u0117pimo kitiems nuotykiams \u201eToidupakk\u201c <a href=\"https:\/\/www.instagram.com\/toidupakk\/\">Instagram<\/a> ir <a href=\"https:\/\/www.facebook.com\/Toidupakk\/\">Facebook<\/a> paskyrose.<\/p>\n<p>&nbsp;<\/p>\n","protected":false},"excerpt":{"rendered":"<p data-start=\"144\" data-end=\"167\"><strong>Baltyminiai rutuliukai \u201eLemon &amp; Pistachio\u201c \u2013 tai lyg ma\u017ei energijos u\u017etaisai, palaikantys tavo aktyvum\u0105 vis\u0105 dien\u0105. Didelis baltym\u0173 kiekis palaiko aktyv\u0173 gyvenimo b\u016bd\u0105 ir suteikia j\u0117g\u0173 treniruot\u0117ms bei darbui. Kiekvienas rutuliukas kruop\u0161\u010diai suformuotas rankomis i\u0161 nat\u016brali\u0173 ingredient\u0173 \u2013 taip, kaip ir turi b\u016bti tikras maistas.  <\/strong><\/p>\n<ul>\n<li data-start=\"144\" data-end=\"167\">Be prid\u0117tinio cukraus<\/li>\n<li data-start=\"170\" data-end=\"194\">Daug baltym\u0173<\/li>\n<li data-start=\"197\" data-end=\"223\">Gausu skaidul\u0173<\/li>\n<li data-start=\"226\" data-end=\"251\">Be glitimo<\/li>\n<li data-start=\"254\" data-end=\"301\">Be geneti\u0161kai modifikuot\u0173 ingredient\u0173<\/li>\n<li data-start=\"304\" data-end=\"333\">Pagaminta be palmi\u0173 aliejaus<\/li>\n<\/ul>\n<p>\u2705 Turime sand\u0117lyje, greitas pristatymas per 1\u20133 d. d.<\/p>\n","protected":false},"featured_media":40161,"comment_status":"open","ping_status":"closed","template":"","meta":{"_acf_changed":false},"product_brand":[],"product_cat":[214,248,213,231,190],"product_tag":[194],"class_list":{"0":"post-45862","1":"product","2":"type-product","3":"status-publish","4":"has-post-thumbnail","6":"product_cat-energijos-batoneliai","7":"product_cat-energiniai-geliai","8":"product_cat-uzkandziai","9":"product_cat-zygio-maistas","10":"product_cat-zygio-prekes","11":"product_tag-no_ads","13":"first","14":"outofstock","15":"taxable","16":"shipping-taxable","17":"purchasable","18":"product-type-variable","19":"has-default-attributes"},"bundled_by":[],"bundle_stock_status":"outofstock","bundle_stock_quantity":null,"bundle_virtual":false,"bundle_layout":"","bundle_add_to_cart_form_location":"","bundle_editable_in_cart":false,"bundle_sold_individually_context":"","bundle_item_grouping":"","bundle_min_size":"","bundle_max_size":"","bundle_price":[],"bundled_items":[],"bundle_sell_ids":[],"acf":[],"yoast_head":"<!-- This site is optimized with the Yoast SEO plugin v27.3 - https:\/\/yoast.com\/product\/yoast-seo-wordpress\/ -->\n<title>Baltyminiai rutuliukai<\/title>\n<meta name=\"description\" content=\"Augaliniai baltyminiai rutuliukai, kupini nat\u016bralios energijos skoni\u0173. Daug baltym\u0173, gausu skaidul\u0173, vitaminai B12, C ir D3 \u2013 be prid\u0117tinio cukraus.\" \/>\n<meta name=\"robots\" content=\"index, follow, max-snippet:-1, max-image-preview:large, max-video-preview:-1\" \/>\n<link rel=\"canonical\" href=\"https:\/\/toidupakk.ee\/lt\/toode\/baltyminiai-rutuliukai\/\" \/>\n<meta property=\"og:locale\" content=\"lt_LT\" \/>\n<meta property=\"og:type\" content=\"article\" \/>\n<meta property=\"og:title\" content=\"Baltyminiai rutuliukai\" \/>\n<meta property=\"og:description\" content=\"Augaliniai baltyminiai rutuliukai, kupini nat\u016bralios energijos skoni\u0173. Daug baltym\u0173, gausu skaidul\u0173, vitaminai B12, C ir D3 \u2013 be prid\u0117tinio cukraus.\" \/>\n<meta property=\"og:url\" content=\"https:\/\/toidupakk.ee\/lt\/toode\/baltyminiai-rutuliukai\/\" \/>\n<meta property=\"og:site_name\" content=\"Toidupakk.ee - Tactical Foodpack toidupakid\" \/>\n<meta property=\"article:publisher\" content=\"https:\/\/www.facebook.com\/Toidupakk\" \/>\n<meta property=\"article:modified_time\" content=\"2026-04-29T13:32:04+00:00\" \/>\n<meta property=\"og:image\" content=\"https:\/\/toidupakk.ee\/wp-content\/uploads\/2025\/10\/1-3.png\" \/>\n\t<meta property=\"og:image:width\" content=\"800\" \/>\n\t<meta property=\"og:image:height\" content=\"800\" \/>\n\t<meta property=\"og:image:type\" content=\"image\/png\" \/>\n<meta name=\"twitter:card\" content=\"summary_large_image\" \/>\n<meta name=\"twitter:label1\" content=\"Est. reading time\" \/>\n\t<meta name=\"twitter:data1\" content=\"2 minut\u0117s\" \/>\n<script type=\"application\/ld+json\" class=\"yoast-schema-graph\">{\"@context\":\"https:\\\/\\\/schema.org\",\"@graph\":[{\"@type\":\"WebPage\",\"@id\":\"https:\\\/\\\/toidupakk.ee\\\/lt\\\/toode\\\/baltyminiai-rutuliukai\\\/\",\"url\":\"https:\\\/\\\/toidupakk.ee\\\/lt\\\/toode\\\/baltyminiai-rutuliukai\\\/\",\"name\":\"Baltyminiai rutuliukai\",\"isPartOf\":{\"@id\":\"https:\\\/\\\/toidupakk.ee\\\/lt\\\/#website\"},\"primaryImageOfPage\":{\"@id\":\"https:\\\/\\\/toidupakk.ee\\\/lt\\\/toode\\\/baltyminiai-rutuliukai\\\/#primaryimage\"},\"image\":{\"@id\":\"https:\\\/\\\/toidupakk.ee\\\/lt\\\/toode\\\/baltyminiai-rutuliukai\\\/#primaryimage\"},\"thumbnailUrl\":\"https:\\\/\\\/toidupakk.ee\\\/wp-content\\\/uploads\\\/2025\\\/10\\\/1-3.png\",\"datePublished\":\"2025-11-03T14:00:59+00:00\",\"dateModified\":\"2026-04-29T13:32:04+00:00\",\"description\":\"Augaliniai baltyminiai rutuliukai, kupini nat\u016bralios energijos skoni\u0173. Daug baltym\u0173, gausu skaidul\u0173, vitaminai B12, C ir D3 \u2013 be prid\u0117tinio cukraus.\",\"breadcrumb\":{\"@id\":\"https:\\\/\\\/toidupakk.ee\\\/lt\\\/toode\\\/baltyminiai-rutuliukai\\\/#breadcrumb\"},\"inLanguage\":\"lt-LT\",\"potentialAction\":[{\"@type\":\"ReadAction\",\"target\":[\"https:\\\/\\\/toidupakk.ee\\\/lt\\\/toode\\\/baltyminiai-rutuliukai\\\/\"]}]},{\"@type\":\"ImageObject\",\"inLanguage\":\"lt-LT\",\"@id\":\"https:\\\/\\\/toidupakk.ee\\\/lt\\\/toode\\\/baltyminiai-rutuliukai\\\/#primaryimage\",\"url\":\"https:\\\/\\\/toidupakk.ee\\\/wp-content\\\/uploads\\\/2025\\\/10\\\/1-3.png\",\"contentUrl\":\"https:\\\/\\\/toidupakk.ee\\\/wp-content\\\/uploads\\\/2025\\\/10\\\/1-3.png\",\"width\":800,\"height\":800},{\"@type\":\"BreadcrumbList\",\"@id\":\"https:\\\/\\\/toidupakk.ee\\\/lt\\\/toode\\\/baltyminiai-rutuliukai\\\/#breadcrumb\",\"itemListElement\":[{\"@type\":\"ListItem\",\"position\":1,\"name\":\"Avaleht\",\"item\":\"https:\\\/\\\/toidupakk.ee\\\/lt\\\/\"},{\"@type\":\"ListItem\",\"position\":2,\"name\":\"El. parduotuv\u0117\",\"item\":\"https:\\\/\\\/toidupakk.ee\\\/lt\\\/el-parduotuve\\\/\"},{\"@type\":\"ListItem\",\"position\":3,\"name\":\"Baltyminiai rutuliukai\"}]},{\"@type\":\"WebSite\",\"@id\":\"https:\\\/\\\/toidupakk.ee\\\/lt\\\/#website\",\"url\":\"https:\\\/\\\/toidupakk.ee\\\/lt\\\/\",\"name\":\"Toidupakk.ee - Tactical Foodpack toidupakid\",\"description\":\"Tactical Foodpack k\u00fclmkuivatatud toidupakid ja matkaeined\",\"publisher\":{\"@id\":\"https:\\\/\\\/toidupakk.ee\\\/lt\\\/#organization\"},\"potentialAction\":[{\"@type\":\"SearchAction\",\"target\":{\"@type\":\"EntryPoint\",\"urlTemplate\":\"https:\\\/\\\/toidupakk.ee\\\/lt\\\/?s={search_term_string}\"},\"query-input\":{\"@type\":\"PropertyValueSpecification\",\"valueRequired\":true,\"valueName\":\"search_term_string\"}}],\"inLanguage\":\"lt-LT\"},{\"@type\":\"Organization\",\"@id\":\"https:\\\/\\\/toidupakk.ee\\\/lt\\\/#organization\",\"name\":\"Tactical Foodpack matkaeined\",\"url\":\"https:\\\/\\\/toidupakk.ee\\\/lt\\\/\",\"logo\":{\"@type\":\"ImageObject\",\"inLanguage\":\"lt-LT\",\"@id\":\"https:\\\/\\\/toidupakk.ee\\\/lt\\\/#\\\/schema\\\/logo\\\/image\\\/\",\"url\":\"https:\\\/\\\/toidupakk.ee\\\/wp-content\\\/uploads\\\/2022\\\/01\\\/Toidupakk-matkapood-logo-transparent.png\",\"contentUrl\":\"https:\\\/\\\/toidupakk.ee\\\/wp-content\\\/uploads\\\/2022\\\/01\\\/Toidupakk-matkapood-logo-transparent.png\",\"width\":500,\"height\":500,\"caption\":\"Tactical Foodpack matkaeined\"},\"image\":{\"@id\":\"https:\\\/\\\/toidupakk.ee\\\/lt\\\/#\\\/schema\\\/logo\\\/image\\\/\"},\"sameAs\":[\"https:\\\/\\\/www.facebook.com\\\/Toidupakk\",\"https:\\\/\\\/www.instagram.com\\\/toidupakk\\\/\"]}]}<\/script>\n<!-- \/ Yoast SEO plugin. -->","yoast_head_json":{"title":"Baltyminiai rutuliukai","description":"Augaliniai baltyminiai rutuliukai, kupini nat\u016bralios energijos skoni\u0173. Daug baltym\u0173, gausu skaidul\u0173, vitaminai B12, C ir D3 \u2013 be prid\u0117tinio cukraus.","robots":{"index":"index","follow":"follow","max-snippet":"max-snippet:-1","max-image-preview":"max-image-preview:large","max-video-preview":"max-video-preview:-1"},"canonical":"https:\/\/toidupakk.ee\/lt\/toode\/baltyminiai-rutuliukai\/","og_locale":"lt_LT","og_type":"article","og_title":"Baltyminiai rutuliukai","og_description":"Augaliniai baltyminiai rutuliukai, kupini nat\u016bralios energijos skoni\u0173. Daug baltym\u0173, gausu skaidul\u0173, vitaminai B12, C ir D3 \u2013 be prid\u0117tinio cukraus.","og_url":"https:\/\/toidupakk.ee\/lt\/toode\/baltyminiai-rutuliukai\/","og_site_name":"Toidupakk.ee - Tactical Foodpack toidupakid","article_publisher":"https:\/\/www.facebook.com\/Toidupakk","article_modified_time":"2026-04-29T13:32:04+00:00","og_image":[{"width":800,"height":800,"url":"https:\/\/toidupakk.ee\/wp-content\/uploads\/2025\/10\/1-3.png","type":"image\/png"}],"twitter_card":"summary_large_image","twitter_misc":{"Est. reading time":"2 minut\u0117s"},"schema":{"@context":"https:\/\/schema.org","@graph":[{"@type":"WebPage","@id":"https:\/\/toidupakk.ee\/lt\/toode\/baltyminiai-rutuliukai\/","url":"https:\/\/toidupakk.ee\/lt\/toode\/baltyminiai-rutuliukai\/","name":"Baltyminiai rutuliukai","isPartOf":{"@id":"https:\/\/toidupakk.ee\/lt\/#website"},"primaryImageOfPage":{"@id":"https:\/\/toidupakk.ee\/lt\/toode\/baltyminiai-rutuliukai\/#primaryimage"},"image":{"@id":"https:\/\/toidupakk.ee\/lt\/toode\/baltyminiai-rutuliukai\/#primaryimage"},"thumbnailUrl":"https:\/\/toidupakk.ee\/wp-content\/uploads\/2025\/10\/1-3.png","datePublished":"2025-11-03T14:00:59+00:00","dateModified":"2026-04-29T13:32:04+00:00","description":"Augaliniai baltyminiai rutuliukai, kupini nat\u016bralios energijos skoni\u0173. Daug baltym\u0173, gausu skaidul\u0173, vitaminai B12, C ir D3 \u2013 be prid\u0117tinio cukraus.","breadcrumb":{"@id":"https:\/\/toidupakk.ee\/lt\/toode\/baltyminiai-rutuliukai\/#breadcrumb"},"inLanguage":"lt-LT","potentialAction":[{"@type":"ReadAction","target":["https:\/\/toidupakk.ee\/lt\/toode\/baltyminiai-rutuliukai\/"]}]},{"@type":"ImageObject","inLanguage":"lt-LT","@id":"https:\/\/toidupakk.ee\/lt\/toode\/baltyminiai-rutuliukai\/#primaryimage","url":"https:\/\/toidupakk.ee\/wp-content\/uploads\/2025\/10\/1-3.png","contentUrl":"https:\/\/toidupakk.ee\/wp-content\/uploads\/2025\/10\/1-3.png","width":800,"height":800},{"@type":"BreadcrumbList","@id":"https:\/\/toidupakk.ee\/lt\/toode\/baltyminiai-rutuliukai\/#breadcrumb","itemListElement":[{"@type":"ListItem","position":1,"name":"Avaleht","item":"https:\/\/toidupakk.ee\/lt\/"},{"@type":"ListItem","position":2,"name":"El. parduotuv\u0117","item":"https:\/\/toidupakk.ee\/lt\/el-parduotuve\/"},{"@type":"ListItem","position":3,"name":"Baltyminiai rutuliukai"}]},{"@type":"WebSite","@id":"https:\/\/toidupakk.ee\/lt\/#website","url":"https:\/\/toidupakk.ee\/lt\/","name":"Toidupakk.ee - Tactical Foodpack toidupakid","description":"Tactical Foodpack k\u00fclmkuivatatud toidupakid ja matkaeined","publisher":{"@id":"https:\/\/toidupakk.ee\/lt\/#organization"},"potentialAction":[{"@type":"SearchAction","target":{"@type":"EntryPoint","urlTemplate":"https:\/\/toidupakk.ee\/lt\/?s={search_term_string}"},"query-input":{"@type":"PropertyValueSpecification","valueRequired":true,"valueName":"search_term_string"}}],"inLanguage":"lt-LT"},{"@type":"Organization","@id":"https:\/\/toidupakk.ee\/lt\/#organization","name":"Tactical Foodpack matkaeined","url":"https:\/\/toidupakk.ee\/lt\/","logo":{"@type":"ImageObject","inLanguage":"lt-LT","@id":"https:\/\/toidupakk.ee\/lt\/#\/schema\/logo\/image\/","url":"https:\/\/toidupakk.ee\/wp-content\/uploads\/2022\/01\/Toidupakk-matkapood-logo-transparent.png","contentUrl":"https:\/\/toidupakk.ee\/wp-content\/uploads\/2022\/01\/Toidupakk-matkapood-logo-transparent.png","width":500,"height":500,"caption":"Tactical Foodpack matkaeined"},"image":{"@id":"https:\/\/toidupakk.ee\/lt\/#\/schema\/logo\/image\/"},"sameAs":["https:\/\/www.facebook.com\/Toidupakk","https:\/\/www.instagram.com\/toidupakk\/"]}]}},"jetpack_sharing_enabled":true,"_links":{"self":[{"href":"https:\/\/toidupakk.ee\/lt\/wp-json\/wp\/v2\/product\/45862","targetHints":{"allow":["GET"]}}],"collection":[{"href":"https:\/\/toidupakk.ee\/lt\/wp-json\/wp\/v2\/product"}],"about":[{"href":"https:\/\/toidupakk.ee\/lt\/wp-json\/wp\/v2\/types\/product"}],"replies":[{"embeddable":true,"href":"https:\/\/toidupakk.ee\/lt\/wp-json\/wp\/v2\/comments?post=45862"}],"wp:featuredmedia":[{"embeddable":true,"href":"https:\/\/toidupakk.ee\/lt\/wp-json\/wp\/v2\/media\/40161"}],"wp:attachment":[{"href":"https:\/\/toidupakk.ee\/lt\/wp-json\/wp\/v2\/media?parent=45862"}],"wp:term":[{"taxonomy":"product_brand","embeddable":true,"href":"https:\/\/toidupakk.ee\/lt\/wp-json\/wp\/v2\/product_brand?post=45862"},{"taxonomy":"product_cat","embeddable":true,"href":"https:\/\/toidupakk.ee\/lt\/wp-json\/wp\/v2\/product_cat?post=45862"},{"taxonomy":"product_tag","embeddable":true,"href":"https:\/\/toidupakk.ee\/lt\/wp-json\/wp\/v2\/product_tag?post=45862"}],"curies":[{"name":"wp","href":"https:\/\/api.w.org\/{rel}","templated":true}]}}