{"id":45848,"date":"2025-10-21T14:41:33","date_gmt":"2025-10-21T11:41:33","guid":{"rendered":"https:\/\/toidupakk.ee\/toode\/readywise-maisto-atsargu-rinkinys-saltyje-dziovinti-vaisiai-120-porciju\/"},"modified":"2026-04-04T00:00:33","modified_gmt":"2026-04-03T21:00:33","slug":"readywise-maisto-atsargu-rinkinys-saltyje-dziovinti-vaisiai-120-porciju","status":"publish","type":"product","link":"https:\/\/toidupakk.ee\/lt\/toode\/readywise-maisto-atsargu-rinkinys-saltyje-dziovinti-vaisiai-120-porciju\/","title":{"rendered":"READYWISE\u00ae maisto atsarg\u0173 rinkinys \u2013 \u0161altyje d\u017eiovinti vaisiai \u2013 120 porcij\u0173"},"content":{"rendered":"<h1><img fetchpriority=\"high\" decoding=\"async\" class=\"alignright wp-image-8697 size-thumbnail\" src=\"https:\/\/toidupakk.ee\/wp-content\/uploads\/2023\/05\/readywise-puuviljad-500x500.png\" alt=\"\u201eReadyWise\u201c vaisi\u0173 kibir\u0117lis\" width=\"500\" height=\"500\" srcset=\"https:\/\/toidupakk.ee\/wp-content\/uploads\/2023\/05\/readywise-puuviljad-500x500.png 500w, https:\/\/toidupakk.ee\/wp-content\/uploads\/2023\/05\/readywise-puuviljad-400x400.png 400w, https:\/\/toidupakk.ee\/wp-content\/uploads\/2023\/05\/readywise-puuviljad-100x100.png 100w, https:\/\/toidupakk.ee\/wp-content\/uploads\/2023\/05\/readywise-puuviljad-800x800.png 800w, https:\/\/toidupakk.ee\/wp-content\/uploads\/2023\/05\/readywise-puuviljad-300x300.png 300w, https:\/\/toidupakk.ee\/wp-content\/uploads\/2023\/05\/readywise-puuviljad-1024x1024.png 1024w, https:\/\/toidupakk.ee\/wp-content\/uploads\/2023\/05\/readywise-puuviljad-768x768.png 768w, https:\/\/toidupakk.ee\/wp-content\/uploads\/2023\/05\/readywise-puuviljad.png 1080w\" sizes=\"(max-width: 500px) 100vw, 500px\" \/>Papildyk savo atsargas vertingais produktais \u2013 \u201eReadyWise\u201c vaisi\u0173 kibir\u0117lis tau pad\u0117s!<\/h1>\n<p>\u201eReadyWise\u201c \u0161altyje d\u017eiovint\u0173 vaisi\u0173 kibir\u0117lis yra idealus papildymas bet kokioms maisto atsargoms \u2013 nesvarbu, ar tai b\u016bt\u0173 p\u016bga, uraganas ar kita stichija, pasiruo\u0161ti visada verta.<\/p>\n<p>Vaisiai u\u017e\u0161aldomi, o tada i\u0161d\u017eiovinami, kad pailg\u0117t\u0173 j\u0173 galiojimo laikas ir i\u0161likt\u0173 visos maistin\u0117s med\u017eiagos. \u201eReadyWise\u201c vaisius paruo\u0161ti paprasta, juos galima naudoti \u012fvairiuose patiekaluose. <\/p>\n<p><strong>\u012esid\u0117k \u012f l\u0117k\u0161t\u0119, valgyk ir m\u0117gaukis!<\/strong><strong> <\/strong><\/p>\n<p><strong>Paruo\u0161ta valgyti i\u0161kart<\/strong><\/p>\n<p><strong>Galiojimo laikas iki 20 met\u0173<\/strong><\/p>\n<h2>Kas sudaro \u201eReadyWise\u201c vaisi\u0173 kibir\u0117l\u012f?<\/h2>\n<p>Kibir\u0117lyje yra 120 vaisi\u0173 porcij\u0173.<\/p>\n<p>BANANAI: 32 porcijos<\/p>\n<p>PERSIKAI: 16 porcij\u0173<\/p>\n<p>BRA\u0160K\u0116S: 32 porcijos<\/p>\n<p>OBUOLIAI: 40 porcij\u0173<\/p>\n<p>&nbsp;<\/p>\n<h2>\u201eReadyWise\u201c privalumai<\/h2>\n<p><strong>Laikymas<\/strong>: maisto atsargos yra dehidratuotos, tod\u0117l jos ilgai negenda ir jas patogu laikyti atsarg\u0173 vietose ar imti \u012f \u017eygius. Vandeniui atsparus krep\u0161ys apsaugo produktus nuo dr\u0117gm\u0117s ir aplinkos poveikio. <\/p>\n<p><strong>Maistin\u0117 vert\u0117<\/strong>: \u201eReadyWise\u201c maiste gausu baltym\u0173, skaidul\u0173 ir kit\u0173 svarbi\u0173 med\u017eiag\u0173. Tai puikus pasirinkimas norintiems so\u010diai ir maistingai pavalgyti greitai. <\/p>\n<p><strong>Universalumas<\/strong>: \u201eReadyWise\u201c maisto rinkiniuose yra \u012fvairi\u0173 patiekal\u0173, tinkan\u010di\u0173 pusry\u010diams, pietums ir vakarienei. Tai suteikia tau didel\u0119 pasirinkimo laisv\u0119 ir leid\u017eia m\u0117gautis skirtingais skoniais. <\/p>\n<p><strong>Lengvas transportavimas<\/strong>: \u201eReadyWise\u201c maisto atsarg\u0173 rinkinys yra kompakti\u0161kas ir lengvas, o vandeniui atsparus krep\u0161ys u\u017etikrina patog\u0173 gabenim\u0105.<\/p>\n<p>&nbsp;<\/p>\n<h2>READYWISE<\/h2>\n<p>\u201eReadyWise\u201c taiko inovatyv\u0173 po\u017ei\u016br\u012f, kad pasi\u016blyt\u0173 patikim\u0105, paprast\u0105 ir prieinam\u0105 \u0161altyje d\u017eiovint\u0105 maist\u0105 ekstremalioms situacijoms bei naudojimui lauke.<\/p>\n<p>Jie si\u016blo plat\u0173 auk\u0161\u010diausios kokyb\u0117s maisto atsarg\u0173 ir \u017eygio patiekal\u0173 asortiment\u0105, kur\u012f gali kaupti atsargoms arba naudoti kasdien kaip maistingus ir lengvai paruo\u0161iamus patiekalus.<\/p>\n<p>Svarbiausias j\u0173 prioritetas \u2013 vartotoj\u0173 saugumas, tod\u0117l jie did\u017eiuojasi gal\u0117dami pad\u0117ti \u0161eimoms pasiruo\u0161ti netik\u0117tumams.<\/p>\n<p>&nbsp;<\/p>\n<p>Kitus \u017eygio reikmenis rasi <a href=\"https:\/\/toidupakk.ee\/lt\/tootekategooria\/zygio-iranga\/#section-3-79\">\u010cIA<\/a><\/p>\n<p>Domina maistas \u017eygiams? \u017di\u016br\u0117k <a href=\"\/?product_cat=snakk#section-3-79\">\u010cIA<\/a><\/p>\n<p>Pasisemk \u012fkv\u0117pimo kitiems nuotykiams \u201eToidupakk\u201c <a href=\"https:\/\/www.instagram.com\/toidupakk\/\">Instagram<\/a> ir <a href=\"https:\/\/www.facebook.com\/Toidupakk\/\">Facebook<\/a> paskyrose.<\/p>\n","protected":false},"excerpt":{"rendered":"<p><strong>\u201eReadyWise\u201c vaisi\u0173 kibir\u0117lis skirtas situacijoms, kai maisto gaminimas gali b\u016bti sud\u0117tingas ar ne\u012fmanomas. Jame yra 120 porcij\u0173. Patogu naudoti \u017eygiuose, stovyklaujant ar leid\u017eiant laik\u0105 gamtoje. Maistas supakuotas sandariuose \u201eMylar\u201c mai\u0161eliuose, u\u017etikrinan\u010diuose ilg\u0105 galiojimo laik\u0105.   <\/strong><\/p>\n<ul>\n<li>Maisto atsarg\u0173 rinkinys: kiekviename kibir\u0117lyje yra 120 vaisi\u0173 porcij\u0173 \u2013 d\u017eiovinti bananai, bra\u0161k\u0117s, persikai ir obuoliai.<\/li>\n<li>Sandar\u016bs mai\u0161eliai i\u0161laiko produktus \u0161vie\u017eius iki 20 met\u0173.<\/li>\n<\/ul>\n<p>\u2705 \u0160iuo metu vyksta i\u0161ankstinis u\u017esakymas, nauja partija atvyks vasario antroje pus\u0117je<br \/>\n\u2705 Pirk dabar, mok\u0117k v\u0117liau (0 % pal\u016bkanos)<\/p>\n","protected":false},"featured_media":45849,"comment_status":"open","ping_status":"closed","template":"","meta":{"_acf_changed":false},"product_brand":[],"product_cat":[235,246,245,189,190],"product_tag":[],"class_list":{"0":"post-45848","1":"product","2":"type-product","3":"status-publish","4":"has-post-thumbnail","6":"product_cat-dideli-maisto-atsargu-rinkiniai","7":"product_cat-maisto-atsargu-rinkiniai","8":"product_cat-ypac-dideli-readywise-maisto-atsargu-rinkiniai","9":"product_cat-zygio-iranga","10":"product_cat-zygio-prekes","12":"first","13":"instock","14":"sale","15":"taxable","16":"shipping-taxable","17":"purchasable","18":"product-type-simple"},"bundled_by":[],"bundle_stock_status":"instock","bundle_stock_quantity":3,"bundle_virtual":false,"bundle_layout":"","bundle_add_to_cart_form_location":"","bundle_editable_in_cart":false,"bundle_sold_individually_context":"","bundle_item_grouping":"","bundle_min_size":"","bundle_max_size":"","bundle_price":[],"bundled_items":[],"bundle_sell_ids":[],"acf":[],"yoast_head":"<!-- This site is optimized with the Yoast SEO plugin v27.1.1 - https:\/\/yoast.com\/product\/yoast-seo-wordpress\/ -->\n<title>READYWISE\u00ae maisto atsarg\u0173 rinkinys \u2013 \u0161altyje d\u017eiovinti vaisiai \u2013 120 porcij\u0173<\/title>\n<meta name=\"description\" content=\"\u201eReadyWise\u201c vaisi\u0173 kibir\u0117lis yra puikus pasirinkimas norintiems greitai ir lengvai paruo\u0161ti sveik\u0105 maist\u0105 ekstremaliomis s\u0105lygomis ar i\u0161vykose.\" \/>\n<meta name=\"robots\" content=\"index, follow, max-snippet:-1, max-image-preview:large, max-video-preview:-1\" \/>\n<link rel=\"canonical\" href=\"https:\/\/toidupakk.ee\/lt\/toode\/readywise-maisto-atsargu-rinkinys-saltyje-dziovinti-vaisiai-120-porciju\/\" \/>\n<meta property=\"og:locale\" content=\"lt_LT\" \/>\n<meta property=\"og:type\" content=\"article\" \/>\n<meta property=\"og:title\" content=\"READYWISE\u00ae maisto atsarg\u0173 rinkinys \u2013 \u0161altyje d\u017eiovinti vaisiai \u2013 120 porcij\u0173\" \/>\n<meta property=\"og:description\" content=\"\u201eReadyWise\u201c vaisi\u0173 kibir\u0117lis yra puikus pasirinkimas norintiems greitai ir lengvai paruo\u0161ti sveik\u0105 maist\u0105 ekstremaliomis s\u0105lygomis ar i\u0161vykose.\" \/>\n<meta property=\"og:url\" content=\"https:\/\/toidupakk.ee\/lt\/toode\/readywise-maisto-atsargu-rinkinys-saltyje-dziovinti-vaisiai-120-porciju\/\" \/>\n<meta property=\"og:site_name\" content=\"Toidupakk.ee - Tactical Foodpack toidupakid\" \/>\n<meta property=\"article:publisher\" content=\"https:\/\/www.facebook.com\/Toidupakk\" \/>\n<meta property=\"article:modified_time\" content=\"2026-04-03T21:00:33+00:00\" \/>\n<meta property=\"og:image\" content=\"https:\/\/toidupakk.ee\/wp-content\/uploads\/2023\/05\/readywise-puuviljad.png\" \/>\n\t<meta property=\"og:image:width\" content=\"1080\" \/>\n\t<meta property=\"og:image:height\" content=\"1080\" \/>\n\t<meta property=\"og:image:type\" content=\"image\/png\" \/>\n<meta name=\"twitter:card\" content=\"summary_large_image\" \/>\n<meta name=\"twitter:label1\" content=\"Est. reading time\" \/>\n\t<meta name=\"twitter:data1\" content=\"2 minut\u0117s\" \/>\n<script type=\"application\/ld+json\" class=\"yoast-schema-graph\">{\"@context\":\"https:\/\/schema.org\",\"@graph\":[{\"@type\":\"WebPage\",\"@id\":\"https:\/\/toidupakk.ee\/lt\/toode\/readywise-maisto-atsargu-rinkinys-saltyje-dziovinti-vaisiai-120-porciju\/\",\"url\":\"https:\/\/toidupakk.ee\/lt\/toode\/readywise-maisto-atsargu-rinkinys-saltyje-dziovinti-vaisiai-120-porciju\/\",\"name\":\"READYWISE\u00ae maisto atsarg\u0173 rinkinys \u2013 \u0161altyje d\u017eiovinti vaisiai \u2013 120 porcij\u0173\",\"isPartOf\":{\"@id\":\"https:\/\/toidupakk.ee\/lt\/#website\"},\"primaryImageOfPage\":{\"@id\":\"https:\/\/toidupakk.ee\/lt\/toode\/readywise-maisto-atsargu-rinkinys-saltyje-dziovinti-vaisiai-120-porciju\/#primaryimage\"},\"image\":{\"@id\":\"https:\/\/toidupakk.ee\/lt\/toode\/readywise-maisto-atsargu-rinkinys-saltyje-dziovinti-vaisiai-120-porciju\/#primaryimage\"},\"thumbnailUrl\":\"https:\/\/toidupakk.ee\/wp-content\/uploads\/2023\/05\/readywise-puuviljad.png\",\"datePublished\":\"2025-10-21T11:41:33+00:00\",\"dateModified\":\"2026-04-03T21:00:33+00:00\",\"description\":\"\u201eReadyWise\u201c vaisi\u0173 kibir\u0117lis yra puikus pasirinkimas norintiems greitai ir lengvai paruo\u0161ti sveik\u0105 maist\u0105 ekstremaliomis s\u0105lygomis ar i\u0161vykose.\",\"breadcrumb\":{\"@id\":\"https:\/\/toidupakk.ee\/lt\/toode\/readywise-maisto-atsargu-rinkinys-saltyje-dziovinti-vaisiai-120-porciju\/#breadcrumb\"},\"inLanguage\":\"lt-LT\",\"potentialAction\":[{\"@type\":\"ReadAction\",\"target\":[\"https:\/\/toidupakk.ee\/lt\/toode\/readywise-maisto-atsargu-rinkinys-saltyje-dziovinti-vaisiai-120-porciju\/\"]}]},{\"@type\":\"ImageObject\",\"inLanguage\":\"lt-LT\",\"@id\":\"https:\/\/toidupakk.ee\/lt\/toode\/readywise-maisto-atsargu-rinkinys-saltyje-dziovinti-vaisiai-120-porciju\/#primaryimage\",\"url\":\"https:\/\/toidupakk.ee\/wp-content\/uploads\/2023\/05\/readywise-puuviljad.png\",\"contentUrl\":\"https:\/\/toidupakk.ee\/wp-content\/uploads\/2023\/05\/readywise-puuviljad.png\",\"width\":1080,\"height\":1080,\"caption\":\"\u201eReadyWise\u201c vaisi\u0173 kibir\u0117lis\"},{\"@type\":\"BreadcrumbList\",\"@id\":\"https:\/\/toidupakk.ee\/lt\/toode\/readywise-maisto-atsargu-rinkinys-saltyje-dziovinti-vaisiai-120-porciju\/#breadcrumb\",\"itemListElement\":[{\"@type\":\"ListItem\",\"position\":1,\"name\":\"Avaleht\",\"item\":\"https:\/\/toidupakk.ee\/lt\/\"},{\"@type\":\"ListItem\",\"position\":2,\"name\":\"El. parduotuv\u0117\",\"item\":\"https:\/\/toidupakk.ee\/lt\/el-parduotuve\/\"},{\"@type\":\"ListItem\",\"position\":3,\"name\":\"READYWISE\u00ae maisto atsarg\u0173 rinkinys \u2013 \u0161altyje d\u017eiovinti vaisiai \u2013 120 porcij\u0173\"}]},{\"@type\":\"WebSite\",\"@id\":\"https:\/\/toidupakk.ee\/lt\/#website\",\"url\":\"https:\/\/toidupakk.ee\/lt\/\",\"name\":\"Toidupakk.ee - Tactical Foodpack toidupakid\",\"description\":\"Tactical Foodpack k\u00fclmkuivatatud toidupakid ja matkaeined\",\"publisher\":{\"@id\":\"https:\/\/toidupakk.ee\/lt\/#organization\"},\"potentialAction\":[{\"@type\":\"SearchAction\",\"target\":{\"@type\":\"EntryPoint\",\"urlTemplate\":\"https:\/\/toidupakk.ee\/lt\/?s={search_term_string}\"},\"query-input\":{\"@type\":\"PropertyValueSpecification\",\"valueRequired\":true,\"valueName\":\"search_term_string\"}}],\"inLanguage\":\"lt-LT\"},{\"@type\":\"Organization\",\"@id\":\"https:\/\/toidupakk.ee\/lt\/#organization\",\"name\":\"Tactical Foodpack matkaeined\",\"url\":\"https:\/\/toidupakk.ee\/lt\/\",\"logo\":{\"@type\":\"ImageObject\",\"inLanguage\":\"lt-LT\",\"@id\":\"https:\/\/toidupakk.ee\/lt\/#\/schema\/logo\/image\/\",\"url\":\"https:\/\/toidupakk.ee\/wp-content\/uploads\/2022\/01\/Toidupakk-matkapood-logo-transparent.png\",\"contentUrl\":\"https:\/\/toidupakk.ee\/wp-content\/uploads\/2022\/01\/Toidupakk-matkapood-logo-transparent.png\",\"width\":500,\"height\":500,\"caption\":\"Tactical Foodpack matkaeined\"},\"image\":{\"@id\":\"https:\/\/toidupakk.ee\/lt\/#\/schema\/logo\/image\/\"},\"sameAs\":[\"https:\/\/www.facebook.com\/Toidupakk\",\"https:\/\/www.instagram.com\/toidupakk\/\"]}]}<\/script>\n<!-- \/ Yoast SEO plugin. -->","yoast_head_json":{"title":"READYWISE\u00ae maisto atsarg\u0173 rinkinys \u2013 \u0161altyje d\u017eiovinti vaisiai \u2013 120 porcij\u0173","description":"\u201eReadyWise\u201c vaisi\u0173 kibir\u0117lis yra puikus pasirinkimas norintiems greitai ir lengvai paruo\u0161ti sveik\u0105 maist\u0105 ekstremaliomis s\u0105lygomis ar i\u0161vykose.","robots":{"index":"index","follow":"follow","max-snippet":"max-snippet:-1","max-image-preview":"max-image-preview:large","max-video-preview":"max-video-preview:-1"},"canonical":"https:\/\/toidupakk.ee\/lt\/toode\/readywise-maisto-atsargu-rinkinys-saltyje-dziovinti-vaisiai-120-porciju\/","og_locale":"lt_LT","og_type":"article","og_title":"READYWISE\u00ae maisto atsarg\u0173 rinkinys \u2013 \u0161altyje d\u017eiovinti vaisiai \u2013 120 porcij\u0173","og_description":"\u201eReadyWise\u201c vaisi\u0173 kibir\u0117lis yra puikus pasirinkimas norintiems greitai ir lengvai paruo\u0161ti sveik\u0105 maist\u0105 ekstremaliomis s\u0105lygomis ar i\u0161vykose.","og_url":"https:\/\/toidupakk.ee\/lt\/toode\/readywise-maisto-atsargu-rinkinys-saltyje-dziovinti-vaisiai-120-porciju\/","og_site_name":"Toidupakk.ee - Tactical Foodpack toidupakid","article_publisher":"https:\/\/www.facebook.com\/Toidupakk","article_modified_time":"2026-04-03T21:00:33+00:00","og_image":[{"width":1080,"height":1080,"url":"https:\/\/toidupakk.ee\/wp-content\/uploads\/2023\/05\/readywise-puuviljad.png","type":"image\/png"}],"twitter_card":"summary_large_image","twitter_misc":{"Est. reading time":"2 minut\u0117s"},"schema":{"@context":"https:\/\/schema.org","@graph":[{"@type":"WebPage","@id":"https:\/\/toidupakk.ee\/lt\/toode\/readywise-maisto-atsargu-rinkinys-saltyje-dziovinti-vaisiai-120-porciju\/","url":"https:\/\/toidupakk.ee\/lt\/toode\/readywise-maisto-atsargu-rinkinys-saltyje-dziovinti-vaisiai-120-porciju\/","name":"READYWISE\u00ae maisto atsarg\u0173 rinkinys \u2013 \u0161altyje d\u017eiovinti vaisiai \u2013 120 porcij\u0173","isPartOf":{"@id":"https:\/\/toidupakk.ee\/lt\/#website"},"primaryImageOfPage":{"@id":"https:\/\/toidupakk.ee\/lt\/toode\/readywise-maisto-atsargu-rinkinys-saltyje-dziovinti-vaisiai-120-porciju\/#primaryimage"},"image":{"@id":"https:\/\/toidupakk.ee\/lt\/toode\/readywise-maisto-atsargu-rinkinys-saltyje-dziovinti-vaisiai-120-porciju\/#primaryimage"},"thumbnailUrl":"https:\/\/toidupakk.ee\/wp-content\/uploads\/2023\/05\/readywise-puuviljad.png","datePublished":"2025-10-21T11:41:33+00:00","dateModified":"2026-04-03T21:00:33+00:00","description":"\u201eReadyWise\u201c vaisi\u0173 kibir\u0117lis yra puikus pasirinkimas norintiems greitai ir lengvai paruo\u0161ti sveik\u0105 maist\u0105 ekstremaliomis s\u0105lygomis ar i\u0161vykose.","breadcrumb":{"@id":"https:\/\/toidupakk.ee\/lt\/toode\/readywise-maisto-atsargu-rinkinys-saltyje-dziovinti-vaisiai-120-porciju\/#breadcrumb"},"inLanguage":"lt-LT","potentialAction":[{"@type":"ReadAction","target":["https:\/\/toidupakk.ee\/lt\/toode\/readywise-maisto-atsargu-rinkinys-saltyje-dziovinti-vaisiai-120-porciju\/"]}]},{"@type":"ImageObject","inLanguage":"lt-LT","@id":"https:\/\/toidupakk.ee\/lt\/toode\/readywise-maisto-atsargu-rinkinys-saltyje-dziovinti-vaisiai-120-porciju\/#primaryimage","url":"https:\/\/toidupakk.ee\/wp-content\/uploads\/2023\/05\/readywise-puuviljad.png","contentUrl":"https:\/\/toidupakk.ee\/wp-content\/uploads\/2023\/05\/readywise-puuviljad.png","width":1080,"height":1080,"caption":"\u201eReadyWise\u201c vaisi\u0173 kibir\u0117lis"},{"@type":"BreadcrumbList","@id":"https:\/\/toidupakk.ee\/lt\/toode\/readywise-maisto-atsargu-rinkinys-saltyje-dziovinti-vaisiai-120-porciju\/#breadcrumb","itemListElement":[{"@type":"ListItem","position":1,"name":"Avaleht","item":"https:\/\/toidupakk.ee\/lt\/"},{"@type":"ListItem","position":2,"name":"El. parduotuv\u0117","item":"https:\/\/toidupakk.ee\/lt\/el-parduotuve\/"},{"@type":"ListItem","position":3,"name":"READYWISE\u00ae maisto atsarg\u0173 rinkinys \u2013 \u0161altyje d\u017eiovinti vaisiai \u2013 120 porcij\u0173"}]},{"@type":"WebSite","@id":"https:\/\/toidupakk.ee\/lt\/#website","url":"https:\/\/toidupakk.ee\/lt\/","name":"Toidupakk.ee - Tactical Foodpack toidupakid","description":"Tactical Foodpack k\u00fclmkuivatatud toidupakid ja matkaeined","publisher":{"@id":"https:\/\/toidupakk.ee\/lt\/#organization"},"potentialAction":[{"@type":"SearchAction","target":{"@type":"EntryPoint","urlTemplate":"https:\/\/toidupakk.ee\/lt\/?s={search_term_string}"},"query-input":{"@type":"PropertyValueSpecification","valueRequired":true,"valueName":"search_term_string"}}],"inLanguage":"lt-LT"},{"@type":"Organization","@id":"https:\/\/toidupakk.ee\/lt\/#organization","name":"Tactical Foodpack matkaeined","url":"https:\/\/toidupakk.ee\/lt\/","logo":{"@type":"ImageObject","inLanguage":"lt-LT","@id":"https:\/\/toidupakk.ee\/lt\/#\/schema\/logo\/image\/","url":"https:\/\/toidupakk.ee\/wp-content\/uploads\/2022\/01\/Toidupakk-matkapood-logo-transparent.png","contentUrl":"https:\/\/toidupakk.ee\/wp-content\/uploads\/2022\/01\/Toidupakk-matkapood-logo-transparent.png","width":500,"height":500,"caption":"Tactical Foodpack matkaeined"},"image":{"@id":"https:\/\/toidupakk.ee\/lt\/#\/schema\/logo\/image\/"},"sameAs":["https:\/\/www.facebook.com\/Toidupakk","https:\/\/www.instagram.com\/toidupakk\/"]}]}},"jetpack_sharing_enabled":true,"_links":{"self":[{"href":"https:\/\/toidupakk.ee\/lt\/wp-json\/wp\/v2\/product\/45848","targetHints":{"allow":["GET"]}}],"collection":[{"href":"https:\/\/toidupakk.ee\/lt\/wp-json\/wp\/v2\/product"}],"about":[{"href":"https:\/\/toidupakk.ee\/lt\/wp-json\/wp\/v2\/types\/product"}],"replies":[{"embeddable":true,"href":"https:\/\/toidupakk.ee\/lt\/wp-json\/wp\/v2\/comments?post=45848"}],"wp:featuredmedia":[{"embeddable":true,"href":"https:\/\/toidupakk.ee\/lt\/wp-json\/wp\/v2\/media\/45849"}],"wp:attachment":[{"href":"https:\/\/toidupakk.ee\/lt\/wp-json\/wp\/v2\/media?parent=45848"}],"wp:term":[{"taxonomy":"product_brand","embeddable":true,"href":"https:\/\/toidupakk.ee\/lt\/wp-json\/wp\/v2\/product_brand?post=45848"},{"taxonomy":"product_cat","embeddable":true,"href":"https:\/\/toidupakk.ee\/lt\/wp-json\/wp\/v2\/product_cat?post=45848"},{"taxonomy":"product_tag","embeddable":true,"href":"https:\/\/toidupakk.ee\/lt\/wp-json\/wp\/v2\/product_tag?post=45848"}],"curies":[{"name":"wp","href":"https:\/\/api.w.org\/{rel}","templated":true}]}}