{"id":45838,"date":"2025-10-21T14:49:20","date_gmt":"2025-10-21T11:49:20","guid":{"rendered":"https:\/\/toidupakk.ee\/toode\/readywise-saltyje-dziovintos-darzoves-120-porciju\/"},"modified":"2026-04-04T00:01:11","modified_gmt":"2026-04-03T21:01:11","slug":"readywise-saltyje-dziovintos-darzoves-120-porciju","status":"publish","type":"product","link":"https:\/\/toidupakk.ee\/lt\/toode\/readywise-saltyje-dziovintos-darzoves-120-porciju\/","title":{"rendered":"READYWISE\u00ae \u0160altyje d\u017eiovintos dar\u017eov\u0117s \u2013 120 porcij\u0173"},"content":{"rendered":"<h1><img fetchpriority=\"high\" decoding=\"async\" class=\"alignright wp-image-8373 size-thumbnail\" src=\"https:\/\/toidupakk.ee\/wp-content\/uploads\/2023\/05\/RW-juurvilja-komplekt-500x500.png\" alt=\"\u201eReadyWise\u201c \u0161altyje d\u017eiovintos dar\u017eov\u0117s\" width=\"500\" height=\"500\" srcset=\"https:\/\/toidupakk.ee\/wp-content\/uploads\/2023\/05\/RW-juurvilja-komplekt-500x500.png 500w, https:\/\/toidupakk.ee\/wp-content\/uploads\/2023\/05\/RW-juurvilja-komplekt-400x400.png 400w, https:\/\/toidupakk.ee\/wp-content\/uploads\/2023\/05\/RW-juurvilja-komplekt-100x100.png 100w, https:\/\/toidupakk.ee\/wp-content\/uploads\/2023\/05\/RW-juurvilja-komplekt-800x800.png 800w, https:\/\/toidupakk.ee\/wp-content\/uploads\/2023\/05\/RW-juurvilja-komplekt-300x300.png 300w, https:\/\/toidupakk.ee\/wp-content\/uploads\/2023\/05\/RW-juurvilja-komplekt-1024x1024.png 1024w, https:\/\/toidupakk.ee\/wp-content\/uploads\/2023\/05\/RW-juurvilja-komplekt-768x768.png 768w, https:\/\/toidupakk.ee\/wp-content\/uploads\/2023\/05\/RW-juurvilja-komplekt.png 1080w\" sizes=\"(max-width: 500px) 100vw, 500px\" \/>\u201eReadyWise\u201c \u0161altyje d\u017eiovintos dar\u017eov\u0117s \u2013 pasir\u016bpink visaver\u010diu maistu savo ekstremali\u0173 situacij\u0173 atsargose \u2013 \u201eReadyWise\u201c dar\u017eovi\u0173 kibir\u0117lis<\/h1>\n<p>\u201eReadyWise\u201c ekstremali\u0173 situacij\u0173 \u0161altyje d\u017eiovint\u0173 dar\u017eovi\u0173 kibir\u0117lis yra idealus papildymas bet kokioms maisto atsargoms \u2013 nesvarbu, ar tai b\u016bt\u0173 p\u016bga, uraganas ar kitos oro s\u0105lygos, verta b\u016bti pasiruo\u0161us.<\/p>\n<p>Produktai yra d\u017eiovinami \u0161altyje, kad pailg\u0117t\u0173 j\u0173 galiojimo laikas ir i\u0161likt\u0173 maistin\u0117s med\u017eiagos. \u201eReadyWise\u201c \u0161altyje d\u017eiovintas dar\u017eoves lengva paruo\u0161ti ir jas galima naudoti \u012fvairiuose patiekaluose. <\/p>\n<h2><strong>Kaip paruo\u0161ti:  <\/strong><\/h2>\n<p><strong>PASIRINK VIEN\u0104 <\/strong><strong>MAISTO PAKET\u0104<\/strong><strong>. <\/strong>Atidaryk \u201eReadyWise\u201c dar\u017eovi\u0173 kibir\u0117l\u012f ir pasirink reikiam\u0105 paket\u0173 kiek\u012f. Kad b\u016bt\u0173 i\u0161vengta \u0161vaistymo, kiekviename pakete yra 4 porcijos. <\/p>\n<p><strong>\u012ePILK \u0160ALTO ARBA KAR\u0160TO VANDENS <\/strong>M\u016bs\u0173 produktai apdorojami specialiu procesu, kad i\u0161likt\u0173 j\u0173 skonis ir tekst\u016bra. Vienai porcijai \u012fpilk 1 stiklin\u0119 vandens ir i\u0161mai\u0161yk. M\u016bs\u0173 maistas paruo\u0161iamas tiek su \u0161iltu, tiek su \u0161altu vandeniu.  <\/p>\n<p><strong>I\u0160MAI\u0160YK IR M\u0116GAUKIS <\/strong>Supilk paketo turin\u012f \u012f vanden\u012f, i\u0161mai\u0161yk. U\u017edenk ir palauk 15 minu\u010di\u0173 (arba 30 minu\u010di\u0173, jei naudoji kambario temperat\u016bros vanden\u012f). \u012esid\u0117k \u012f l\u0117k\u0161t\u0119, valgyk ir m\u0117gaukis!  <\/p>\n<p><strong>\u012esid\u0117k \u012f l\u0117k\u0161t\u0119, valgyk ir m\u0117gaukis!<\/strong><strong> <\/strong><\/p>\n<p><strong>Paruo\u0161ta valgyti i\u0161kart<\/strong><\/p>\n<p><strong>Galiojimo laikas iki 25 met\u0173<\/strong><\/p>\n<p><img decoding=\"async\" class=\"alignnone wp-image-42321 size-medium\" src=\"https:\/\/toidupakk.ee\/wp-content\/uploads\/2025\/10\/Readywise-kulmkuivatatud-juurviljad-herned-300x300.jpg\" alt=\"\" width=\"300\" height=\"300\" srcset=\"https:\/\/toidupakk.ee\/wp-content\/uploads\/2025\/10\/Readywise-kulmkuivatatud-juurviljad-herned-300x300.jpg 300w, https:\/\/toidupakk.ee\/wp-content\/uploads\/2025\/10\/Readywise-kulmkuivatatud-juurviljad-herned-500x500.jpg 500w, https:\/\/toidupakk.ee\/wp-content\/uploads\/2025\/10\/Readywise-kulmkuivatatud-juurviljad-herned-768x768.jpg 768w, https:\/\/toidupakk.ee\/wp-content\/uploads\/2025\/10\/Readywise-kulmkuivatatud-juurviljad-herned-400x400.jpg 400w, https:\/\/toidupakk.ee\/wp-content\/uploads\/2025\/10\/Readywise-kulmkuivatatud-juurviljad-herned-100x100.jpg 100w, https:\/\/toidupakk.ee\/wp-content\/uploads\/2025\/10\/Readywise-kulmkuivatatud-juurviljad-herned-50x50.jpg 50w, https:\/\/toidupakk.ee\/wp-content\/uploads\/2025\/10\/Readywise-kulmkuivatatud-juurviljad-herned.jpg 800w\" sizes=\"(max-width: 300px) 100vw, 300px\" \/> <img decoding=\"async\" class=\"alignnone wp-image-42322 size-medium\" src=\"https:\/\/toidupakk.ee\/wp-content\/uploads\/2025\/10\/Readywise-kulmkuivatatud-juurviljad-mais-300x300.jpg\" alt=\"\" width=\"300\" height=\"300\" srcset=\"https:\/\/toidupakk.ee\/wp-content\/uploads\/2025\/10\/Readywise-kulmkuivatatud-juurviljad-mais-300x300.jpg 300w, https:\/\/toidupakk.ee\/wp-content\/uploads\/2025\/10\/Readywise-kulmkuivatatud-juurviljad-mais-500x500.jpg 500w, https:\/\/toidupakk.ee\/wp-content\/uploads\/2025\/10\/Readywise-kulmkuivatatud-juurviljad-mais-768x768.jpg 768w, https:\/\/toidupakk.ee\/wp-content\/uploads\/2025\/10\/Readywise-kulmkuivatatud-juurviljad-mais-400x400.jpg 400w, https:\/\/toidupakk.ee\/wp-content\/uploads\/2025\/10\/Readywise-kulmkuivatatud-juurviljad-mais-100x100.jpg 100w, https:\/\/toidupakk.ee\/wp-content\/uploads\/2025\/10\/Readywise-kulmkuivatatud-juurviljad-mais-50x50.jpg 50w, https:\/\/toidupakk.ee\/wp-content\/uploads\/2025\/10\/Readywise-kulmkuivatatud-juurviljad-mais.jpg 800w\" sizes=\"(max-width: 300px) 100vw, 300px\" \/> <img loading=\"lazy\" decoding=\"async\" class=\"alignnone wp-image-42323 size-medium\" src=\"https:\/\/toidupakk.ee\/wp-content\/uploads\/2025\/10\/Readywise-kulmkuivatatud-juurviljad-oad-300x300.jpg\" alt=\"\" width=\"300\" height=\"300\" srcset=\"https:\/\/toidupakk.ee\/wp-content\/uploads\/2025\/10\/Readywise-kulmkuivatatud-juurviljad-oad-300x300.jpg 300w, https:\/\/toidupakk.ee\/wp-content\/uploads\/2025\/10\/Readywise-kulmkuivatatud-juurviljad-oad-500x500.jpg 500w, https:\/\/toidupakk.ee\/wp-content\/uploads\/2025\/10\/Readywise-kulmkuivatatud-juurviljad-oad-768x768.jpg 768w, https:\/\/toidupakk.ee\/wp-content\/uploads\/2025\/10\/Readywise-kulmkuivatatud-juurviljad-oad-400x400.jpg 400w, https:\/\/toidupakk.ee\/wp-content\/uploads\/2025\/10\/Readywise-kulmkuivatatud-juurviljad-oad-100x100.jpg 100w, https:\/\/toidupakk.ee\/wp-content\/uploads\/2025\/10\/Readywise-kulmkuivatatud-juurviljad-oad-50x50.jpg 50w, https:\/\/toidupakk.ee\/wp-content\/uploads\/2025\/10\/Readywise-kulmkuivatatud-juurviljad-oad.jpg 800w\" sizes=\"(max-width: 300px) 100vw, 300px\" \/> <img loading=\"lazy\" decoding=\"async\" class=\"alignnone wp-image-42320 size-medium\" src=\"https:\/\/toidupakk.ee\/wp-content\/uploads\/2025\/10\/Readywise-kulmkuivatatud-juurviljad-brokoli-300x300.jpg\" alt=\"\" width=\"300\" height=\"300\" srcset=\"https:\/\/toidupakk.ee\/wp-content\/uploads\/2025\/10\/Readywise-kulmkuivatatud-juurviljad-brokoli-300x300.jpg 300w, https:\/\/toidupakk.ee\/wp-content\/uploads\/2025\/10\/Readywise-kulmkuivatatud-juurviljad-brokoli-500x500.jpg 500w, https:\/\/toidupakk.ee\/wp-content\/uploads\/2025\/10\/Readywise-kulmkuivatatud-juurviljad-brokoli-768x768.jpg 768w, https:\/\/toidupakk.ee\/wp-content\/uploads\/2025\/10\/Readywise-kulmkuivatatud-juurviljad-brokoli-400x400.jpg 400w, https:\/\/toidupakk.ee\/wp-content\/uploads\/2025\/10\/Readywise-kulmkuivatatud-juurviljad-brokoli-100x100.jpg 100w, https:\/\/toidupakk.ee\/wp-content\/uploads\/2025\/10\/Readywise-kulmkuivatatud-juurviljad-brokoli-50x50.jpg 50w, https:\/\/toidupakk.ee\/wp-content\/uploads\/2025\/10\/Readywise-kulmkuivatatud-juurviljad-brokoli.jpg 800w\" sizes=\"(max-width: 300px) 100vw, 300px\" \/><\/p>\n<h2>Kas yra \u201eReadyWise\u201c \u0161altyje d\u017eiovint\u0173 dar\u017eovi\u0173 kibir\u0117lyje?<\/h2>\n<p>Kibir\u0117lyje yra 120 porcij\u0173. \u0160is puikaus skonio \u0161altyje d\u017eiovintas maistas paruo\u0161iamas per kelias minutes. Tiesiog \u012fpilk vandens. Prid\u0117k \u0161i\u0173 dar\u017eovi\u0173 \u012f jau paruo\u0161t\u0105 maist\u0105 arba valgyk vienas.   <\/p>\n<p>KUKUR\u016aZAI: 32 porcijos<\/p>\n<p>\u017dIRNIAI: 24 porcijos<\/p>\n<p>BROKOLIAI: 32 porcijos<\/p>\n<p>PUPEL\u0116S: 32 porcijos<\/p>\n<p>&nbsp;<\/p>\n<h2>\u201eReadyWise\u201c privalumai<\/h2>\n<p><strong>I\u0161saugojimas<\/strong>: Maisto atsargos yra dehidratuotos, tod\u0117l jos galioja ilgai ir gali b\u016bti lengvai laikomos atsarg\u0173 vietose arba imamos \u012f \u017eygius. Sandarus krep\u0161ys apsaugo produktus nuo dr\u0117gm\u0117s ir kit\u0173 aplinkos veiksni\u0173. <\/p>\n<p><strong>Maistin\u0117 vert\u0117<\/strong>: \u201eReadyWise\u201c maiste gausu baltym\u0173, skaidul\u0173 ir kit\u0173 svarbi\u0173 maistini\u0173 med\u017eiag\u0173. Tai puikus pasirinkimas tiems, kurie nori b\u016bti sot\u016bs ir kuriems reikia greito bei naudingo maisto. <\/p>\n<p><strong>Universalumas<\/strong>: \u201eReadyWise\u201c maisto atsarg\u0173 rinkinyje yra \u012fvairi\u0173 patiekal\u0173, tinkan\u010di\u0173 pusry\u010diams, pietums ir vakarienei. Tai suteikia daug pasirinkimo galimybi\u0173 ir leid\u017eia m\u0117gautis skirtingais skoniais. <\/p>\n<p><strong>Lengvas transportavimas<\/strong>: \u201eReadyWise\u201c maisto atsarg\u0173 rinkinys yra kompakti\u0161kas ir lengvas, o vandeniui atsparus krep\u0161ys leid\u017eia j\u012f patogiai transportuoti.<\/p>\n<p>&nbsp;<\/p>\n<h2>READYWISE<\/h2>\n<p>\u201eReadyWise\u201c naudoja inovatyv\u0173 po\u017ei\u016br\u012f, kad pasi\u016blyt\u0173 patikim\u0105, paprast\u0105 ir prieinam\u0105 \u0161altyje d\u017eiovint\u0105 maist\u0105 ekstremalioms situacijoms ir naudojimui lauko s\u0105lygomis.<\/p>\n<p>Jie si\u016blo \u012fvair\u0173 auk\u0161\u010diausios kokyb\u0117s maist\u0105 ekstremalioms situacijoms ir \u017eygiams, kur\u012f gali kaupti atsargoms arba naudoti kasdien kaip maistingus ir prakti\u0161kus, lengvai paruo\u0161iamus patiekalus.<\/p>\n<p>J\u0173 svarbiausias prioritetas \u2013 vartotoj\u0173 saugumas, tod\u0117l jie did\u017eiuojasi pad\u0117dami \u0161eimoms pasiruo\u0161ti netik\u0117tumams.<\/p>\n<p>&nbsp;<\/p>\n<p>Daugiau \u017eygio reikmen\u0173 rasi <a href=\"https:\/\/toidupakk.ee\/lt\/tootekategooria\/zygio-iranga\/#section-3-79\">\u010cIA<\/a><\/p>\n<p>Jei domina maistas \u017eygiams \u2013 \u017ei\u016br\u0117k <a href=\"\/?product_cat=snakk#section-3-79\">\u010cIA<\/a><\/p>\n<p>Pasisemk \u012fkv\u0117pimo kitiems nuotykiams \u201eToidupakk\u201c <a href=\"https:\/\/www.instagram.com\/toidupakk\/\">Instagram<\/a> ir <a href=\"https:\/\/www.facebook.com\/Toidupakk\/\">Facebook<\/a> paskyrose.<\/p>\n<p>&nbsp;<\/p>\n<p>&nbsp;<\/p>\n","protected":false},"excerpt":{"rendered":"<p><strong>\u201eReadyWise\u201c dar\u017eovi\u0173 kibir\u0117lis skirtas situacijoms, kai maisto gaminimas gali b\u016bti apsunkintas arba ne\u012fmanomas. Jis lengvas ir kompakti\u0161kas, tod\u0117l patogus pasiimti bet kur. Produktai supakuoti sandariuose \u201eMylar\u201c paketuose, u\u017etikrinan\u010diuose 25 met\u0173 galiojimo laik\u0105.  <\/strong><\/p>\n<ul>\n<li>Kiekviename kibir\u0117lyje rasi 120 porcij\u0173 dar\u017eovi\u0173 \u2013 \u017eirni\u0173, kukur\u016bz\u0173, brokoli\u0173 ir \u017eali\u0173j\u0173 pupeli\u0173.<\/li>\n<li>Skirta krizi\u0173 atsargoms, kai norima saugiai sand\u0117liuoti maist\u0105 ilgam laikotarpiui.<\/li>\n<li>Patvar\u016bs, sandar\u016bs \u201eMylar\u201c maisto paketai i\u0161laiko produktus \u0161vie\u017eius iki 25 met\u0173.<\/li>\n<\/ul>\n<p>\u2705 Turime sand\u0117lyje, greitas pristatymas per 1\u20133 d. d.<br \/>\n\u2705 Pirk dabar, mok\u0117k v\u0117liau (pal\u016bkanos 0 %)<\/p>\n","protected":false},"featured_media":8373,"comment_status":"open","ping_status":"closed","template":"","meta":{"_acf_changed":false},"product_brand":[],"product_cat":[235,245,189,190],"product_tag":[],"class_list":{"0":"post-45838","1":"product","2":"type-product","3":"status-publish","4":"has-post-thumbnail","6":"product_cat-dideli-maisto-atsargu-rinkiniai","7":"product_cat-ypac-dideli-readywise-maisto-atsargu-rinkiniai","8":"product_cat-zygio-iranga","9":"product_cat-zygio-prekes","11":"first","12":"instock","13":"taxable","14":"shipping-taxable","15":"purchasable","16":"product-type-simple"},"bundled_by":[],"bundle_stock_status":"instock","bundle_stock_quantity":5,"bundle_virtual":false,"bundle_layout":"","bundle_add_to_cart_form_location":"","bundle_editable_in_cart":false,"bundle_sold_individually_context":"","bundle_item_grouping":"","bundle_min_size":"","bundle_max_size":"","bundle_price":[],"bundled_items":[],"bundle_sell_ids":[],"acf":[],"yoast_head":"<!-- This site is optimized with the Yoast SEO plugin v27.1.1 - https:\/\/yoast.com\/product\/yoast-seo-wordpress\/ -->\n<title>READYWISE\u00ae \u0160altyje d\u017eiovintos dar\u017eov\u0117s \u2013 120 porcij\u0173<\/title>\n<meta name=\"description\" content=\"\u201eReadyWise\u201c \u0161altyje d\u017eiovint\u0173 dar\u017eovi\u0173 kibir\u0117lis, jei nori greitai ir lengvai paruo\u0161ti sveik\u0105 maist\u0105 didelei \u017emoni\u0173 grupei. Arba pasiruo\u0161ti atsarg\u0173 krizei.\" \/>\n<meta name=\"robots\" content=\"index, follow, max-snippet:-1, max-image-preview:large, max-video-preview:-1\" \/>\n<link rel=\"canonical\" href=\"https:\/\/toidupakk.ee\/lt\/toode\/readywise-saltyje-dziovintos-darzoves-120-porciju\/\" \/>\n<meta property=\"og:locale\" content=\"lt_LT\" \/>\n<meta property=\"og:type\" content=\"article\" \/>\n<meta property=\"og:title\" content=\"READYWISE\u00ae \u0160altyje d\u017eiovintos dar\u017eov\u0117s \u2013 120 porcij\u0173\" \/>\n<meta property=\"og:description\" content=\"\u201eReadyWise\u201c \u0161altyje d\u017eiovint\u0173 dar\u017eovi\u0173 kibir\u0117lis, jei nori greitai ir lengvai paruo\u0161ti sveik\u0105 maist\u0105 didelei \u017emoni\u0173 grupei. Arba pasiruo\u0161ti atsarg\u0173 krizei.\" \/>\n<meta property=\"og:url\" content=\"https:\/\/toidupakk.ee\/lt\/toode\/readywise-saltyje-dziovintos-darzoves-120-porciju\/\" \/>\n<meta property=\"og:site_name\" content=\"Toidupakk.ee - Tactical Foodpack toidupakid\" \/>\n<meta property=\"article:publisher\" content=\"https:\/\/www.facebook.com\/Toidupakk\" \/>\n<meta property=\"article:modified_time\" content=\"2026-04-03T21:01:11+00:00\" \/>\n<meta property=\"og:image\" content=\"https:\/\/toidupakk.ee\/wp-content\/uploads\/2023\/05\/RW-juurvilja-komplekt.png\" \/>\n\t<meta property=\"og:image:width\" content=\"1080\" \/>\n\t<meta property=\"og:image:height\" content=\"1080\" \/>\n\t<meta property=\"og:image:type\" content=\"image\/png\" \/>\n<meta name=\"twitter:card\" content=\"summary_large_image\" \/>\n<meta name=\"twitter:label1\" content=\"Est. reading time\" \/>\n\t<meta name=\"twitter:data1\" content=\"2 minut\u0117s\" \/>\n<script type=\"application\/ld+json\" class=\"yoast-schema-graph\">{\"@context\":\"https:\/\/schema.org\",\"@graph\":[{\"@type\":\"WebPage\",\"@id\":\"https:\/\/toidupakk.ee\/lt\/toode\/readywise-saltyje-dziovintos-darzoves-120-porciju\/\",\"url\":\"https:\/\/toidupakk.ee\/lt\/toode\/readywise-saltyje-dziovintos-darzoves-120-porciju\/\",\"name\":\"READYWISE\u00ae \u0160altyje d\u017eiovintos dar\u017eov\u0117s \u2013 120 porcij\u0173\",\"isPartOf\":{\"@id\":\"https:\/\/toidupakk.ee\/lt\/#website\"},\"primaryImageOfPage\":{\"@id\":\"https:\/\/toidupakk.ee\/lt\/toode\/readywise-saltyje-dziovintos-darzoves-120-porciju\/#primaryimage\"},\"image\":{\"@id\":\"https:\/\/toidupakk.ee\/lt\/toode\/readywise-saltyje-dziovintos-darzoves-120-porciju\/#primaryimage\"},\"thumbnailUrl\":\"https:\/\/toidupakk.ee\/wp-content\/uploads\/2023\/05\/RW-juurvilja-komplekt.png\",\"datePublished\":\"2025-10-21T11:49:20+00:00\",\"dateModified\":\"2026-04-03T21:01:11+00:00\",\"description\":\"\u201eReadyWise\u201c \u0161altyje d\u017eiovint\u0173 dar\u017eovi\u0173 kibir\u0117lis, jei nori greitai ir lengvai paruo\u0161ti sveik\u0105 maist\u0105 didelei \u017emoni\u0173 grupei. Arba pasiruo\u0161ti atsarg\u0173 krizei.\",\"breadcrumb\":{\"@id\":\"https:\/\/toidupakk.ee\/lt\/toode\/readywise-saltyje-dziovintos-darzoves-120-porciju\/#breadcrumb\"},\"inLanguage\":\"lt-LT\",\"potentialAction\":[{\"@type\":\"ReadAction\",\"target\":[\"https:\/\/toidupakk.ee\/lt\/toode\/readywise-saltyje-dziovintos-darzoves-120-porciju\/\"]}]},{\"@type\":\"ImageObject\",\"inLanguage\":\"lt-LT\",\"@id\":\"https:\/\/toidupakk.ee\/lt\/toode\/readywise-saltyje-dziovintos-darzoves-120-porciju\/#primaryimage\",\"url\":\"https:\/\/toidupakk.ee\/wp-content\/uploads\/2023\/05\/RW-juurvilja-komplekt.png\",\"contentUrl\":\"https:\/\/toidupakk.ee\/wp-content\/uploads\/2023\/05\/RW-juurvilja-komplekt.png\",\"width\":1080,\"height\":1080,\"caption\":\"Readywise juurvilja\u00e4mber\"},{\"@type\":\"BreadcrumbList\",\"@id\":\"https:\/\/toidupakk.ee\/lt\/toode\/readywise-saltyje-dziovintos-darzoves-120-porciju\/#breadcrumb\",\"itemListElement\":[{\"@type\":\"ListItem\",\"position\":1,\"name\":\"Avaleht\",\"item\":\"https:\/\/toidupakk.ee\/lt\/\"},{\"@type\":\"ListItem\",\"position\":2,\"name\":\"El. parduotuv\u0117\",\"item\":\"https:\/\/toidupakk.ee\/lt\/el-parduotuve\/\"},{\"@type\":\"ListItem\",\"position\":3,\"name\":\"READYWISE\u00ae \u0160altyje d\u017eiovintos dar\u017eov\u0117s \u2013 120 porcij\u0173\"}]},{\"@type\":\"WebSite\",\"@id\":\"https:\/\/toidupakk.ee\/lt\/#website\",\"url\":\"https:\/\/toidupakk.ee\/lt\/\",\"name\":\"Toidupakk.ee - Tactical Foodpack toidupakid\",\"description\":\"Tactical Foodpack k\u00fclmkuivatatud toidupakid ja matkaeined\",\"publisher\":{\"@id\":\"https:\/\/toidupakk.ee\/lt\/#organization\"},\"potentialAction\":[{\"@type\":\"SearchAction\",\"target\":{\"@type\":\"EntryPoint\",\"urlTemplate\":\"https:\/\/toidupakk.ee\/lt\/?s={search_term_string}\"},\"query-input\":{\"@type\":\"PropertyValueSpecification\",\"valueRequired\":true,\"valueName\":\"search_term_string\"}}],\"inLanguage\":\"lt-LT\"},{\"@type\":\"Organization\",\"@id\":\"https:\/\/toidupakk.ee\/lt\/#organization\",\"name\":\"Tactical Foodpack matkaeined\",\"url\":\"https:\/\/toidupakk.ee\/lt\/\",\"logo\":{\"@type\":\"ImageObject\",\"inLanguage\":\"lt-LT\",\"@id\":\"https:\/\/toidupakk.ee\/lt\/#\/schema\/logo\/image\/\",\"url\":\"https:\/\/toidupakk.ee\/wp-content\/uploads\/2022\/01\/Toidupakk-matkapood-logo-transparent.png\",\"contentUrl\":\"https:\/\/toidupakk.ee\/wp-content\/uploads\/2022\/01\/Toidupakk-matkapood-logo-transparent.png\",\"width\":500,\"height\":500,\"caption\":\"Tactical Foodpack matkaeined\"},\"image\":{\"@id\":\"https:\/\/toidupakk.ee\/lt\/#\/schema\/logo\/image\/\"},\"sameAs\":[\"https:\/\/www.facebook.com\/Toidupakk\",\"https:\/\/www.instagram.com\/toidupakk\/\"]}]}<\/script>\n<!-- \/ Yoast SEO plugin. -->","yoast_head_json":{"title":"READYWISE\u00ae \u0160altyje d\u017eiovintos dar\u017eov\u0117s \u2013 120 porcij\u0173","description":"\u201eReadyWise\u201c \u0161altyje d\u017eiovint\u0173 dar\u017eovi\u0173 kibir\u0117lis, jei nori greitai ir lengvai paruo\u0161ti sveik\u0105 maist\u0105 didelei \u017emoni\u0173 grupei. Arba pasiruo\u0161ti atsarg\u0173 krizei.","robots":{"index":"index","follow":"follow","max-snippet":"max-snippet:-1","max-image-preview":"max-image-preview:large","max-video-preview":"max-video-preview:-1"},"canonical":"https:\/\/toidupakk.ee\/lt\/toode\/readywise-saltyje-dziovintos-darzoves-120-porciju\/","og_locale":"lt_LT","og_type":"article","og_title":"READYWISE\u00ae \u0160altyje d\u017eiovintos dar\u017eov\u0117s \u2013 120 porcij\u0173","og_description":"\u201eReadyWise\u201c \u0161altyje d\u017eiovint\u0173 dar\u017eovi\u0173 kibir\u0117lis, jei nori greitai ir lengvai paruo\u0161ti sveik\u0105 maist\u0105 didelei \u017emoni\u0173 grupei. Arba pasiruo\u0161ti atsarg\u0173 krizei.","og_url":"https:\/\/toidupakk.ee\/lt\/toode\/readywise-saltyje-dziovintos-darzoves-120-porciju\/","og_site_name":"Toidupakk.ee - Tactical Foodpack toidupakid","article_publisher":"https:\/\/www.facebook.com\/Toidupakk","article_modified_time":"2026-04-03T21:01:11+00:00","og_image":[{"width":1080,"height":1080,"url":"https:\/\/toidupakk.ee\/wp-content\/uploads\/2023\/05\/RW-juurvilja-komplekt.png","type":"image\/png"}],"twitter_card":"summary_large_image","twitter_misc":{"Est. reading time":"2 minut\u0117s"},"schema":{"@context":"https:\/\/schema.org","@graph":[{"@type":"WebPage","@id":"https:\/\/toidupakk.ee\/lt\/toode\/readywise-saltyje-dziovintos-darzoves-120-porciju\/","url":"https:\/\/toidupakk.ee\/lt\/toode\/readywise-saltyje-dziovintos-darzoves-120-porciju\/","name":"READYWISE\u00ae \u0160altyje d\u017eiovintos dar\u017eov\u0117s \u2013 120 porcij\u0173","isPartOf":{"@id":"https:\/\/toidupakk.ee\/lt\/#website"},"primaryImageOfPage":{"@id":"https:\/\/toidupakk.ee\/lt\/toode\/readywise-saltyje-dziovintos-darzoves-120-porciju\/#primaryimage"},"image":{"@id":"https:\/\/toidupakk.ee\/lt\/toode\/readywise-saltyje-dziovintos-darzoves-120-porciju\/#primaryimage"},"thumbnailUrl":"https:\/\/toidupakk.ee\/wp-content\/uploads\/2023\/05\/RW-juurvilja-komplekt.png","datePublished":"2025-10-21T11:49:20+00:00","dateModified":"2026-04-03T21:01:11+00:00","description":"\u201eReadyWise\u201c \u0161altyje d\u017eiovint\u0173 dar\u017eovi\u0173 kibir\u0117lis, jei nori greitai ir lengvai paruo\u0161ti sveik\u0105 maist\u0105 didelei \u017emoni\u0173 grupei. Arba pasiruo\u0161ti atsarg\u0173 krizei.","breadcrumb":{"@id":"https:\/\/toidupakk.ee\/lt\/toode\/readywise-saltyje-dziovintos-darzoves-120-porciju\/#breadcrumb"},"inLanguage":"lt-LT","potentialAction":[{"@type":"ReadAction","target":["https:\/\/toidupakk.ee\/lt\/toode\/readywise-saltyje-dziovintos-darzoves-120-porciju\/"]}]},{"@type":"ImageObject","inLanguage":"lt-LT","@id":"https:\/\/toidupakk.ee\/lt\/toode\/readywise-saltyje-dziovintos-darzoves-120-porciju\/#primaryimage","url":"https:\/\/toidupakk.ee\/wp-content\/uploads\/2023\/05\/RW-juurvilja-komplekt.png","contentUrl":"https:\/\/toidupakk.ee\/wp-content\/uploads\/2023\/05\/RW-juurvilja-komplekt.png","width":1080,"height":1080,"caption":"Readywise juurvilja\u00e4mber"},{"@type":"BreadcrumbList","@id":"https:\/\/toidupakk.ee\/lt\/toode\/readywise-saltyje-dziovintos-darzoves-120-porciju\/#breadcrumb","itemListElement":[{"@type":"ListItem","position":1,"name":"Avaleht","item":"https:\/\/toidupakk.ee\/lt\/"},{"@type":"ListItem","position":2,"name":"El. parduotuv\u0117","item":"https:\/\/toidupakk.ee\/lt\/el-parduotuve\/"},{"@type":"ListItem","position":3,"name":"READYWISE\u00ae \u0160altyje d\u017eiovintos dar\u017eov\u0117s \u2013 120 porcij\u0173"}]},{"@type":"WebSite","@id":"https:\/\/toidupakk.ee\/lt\/#website","url":"https:\/\/toidupakk.ee\/lt\/","name":"Toidupakk.ee - Tactical Foodpack toidupakid","description":"Tactical Foodpack k\u00fclmkuivatatud toidupakid ja matkaeined","publisher":{"@id":"https:\/\/toidupakk.ee\/lt\/#organization"},"potentialAction":[{"@type":"SearchAction","target":{"@type":"EntryPoint","urlTemplate":"https:\/\/toidupakk.ee\/lt\/?s={search_term_string}"},"query-input":{"@type":"PropertyValueSpecification","valueRequired":true,"valueName":"search_term_string"}}],"inLanguage":"lt-LT"},{"@type":"Organization","@id":"https:\/\/toidupakk.ee\/lt\/#organization","name":"Tactical Foodpack matkaeined","url":"https:\/\/toidupakk.ee\/lt\/","logo":{"@type":"ImageObject","inLanguage":"lt-LT","@id":"https:\/\/toidupakk.ee\/lt\/#\/schema\/logo\/image\/","url":"https:\/\/toidupakk.ee\/wp-content\/uploads\/2022\/01\/Toidupakk-matkapood-logo-transparent.png","contentUrl":"https:\/\/toidupakk.ee\/wp-content\/uploads\/2022\/01\/Toidupakk-matkapood-logo-transparent.png","width":500,"height":500,"caption":"Tactical Foodpack matkaeined"},"image":{"@id":"https:\/\/toidupakk.ee\/lt\/#\/schema\/logo\/image\/"},"sameAs":["https:\/\/www.facebook.com\/Toidupakk","https:\/\/www.instagram.com\/toidupakk\/"]}]}},"jetpack_sharing_enabled":true,"_links":{"self":[{"href":"https:\/\/toidupakk.ee\/lt\/wp-json\/wp\/v2\/product\/45838","targetHints":{"allow":["GET"]}}],"collection":[{"href":"https:\/\/toidupakk.ee\/lt\/wp-json\/wp\/v2\/product"}],"about":[{"href":"https:\/\/toidupakk.ee\/lt\/wp-json\/wp\/v2\/types\/product"}],"replies":[{"embeddable":true,"href":"https:\/\/toidupakk.ee\/lt\/wp-json\/wp\/v2\/comments?post=45838"}],"wp:featuredmedia":[{"embeddable":true,"href":"https:\/\/toidupakk.ee\/lt\/wp-json\/wp\/v2\/media\/8373"}],"wp:attachment":[{"href":"https:\/\/toidupakk.ee\/lt\/wp-json\/wp\/v2\/media?parent=45838"}],"wp:term":[{"taxonomy":"product_brand","embeddable":true,"href":"https:\/\/toidupakk.ee\/lt\/wp-json\/wp\/v2\/product_brand?post=45838"},{"taxonomy":"product_cat","embeddable":true,"href":"https:\/\/toidupakk.ee\/lt\/wp-json\/wp\/v2\/product_cat?post=45838"},{"taxonomy":"product_tag","embeddable":true,"href":"https:\/\/toidupakk.ee\/lt\/wp-json\/wp\/v2\/product_tag?post=45838"}],"curies":[{"name":"wp","href":"https:\/\/api.w.org\/{rel}","templated":true}]}}