{"id":45810,"date":"2025-10-20T11:49:56","date_gmt":"2025-10-20T08:49:56","guid":{"rendered":"https:\/\/toidupakk.ee\/toode\/zibintas-isorine-baterija-nebo-big-poppy-rc-300\/"},"modified":"2026-04-16T06:30:18","modified_gmt":"2026-04-16T03:30:18","slug":"zibintas-isorine-baterija-nebo-big-poppy-rc-300","status":"publish","type":"product","link":"https:\/\/toidupakk.ee\/lt\/toode\/zibintas-isorine-baterija-nebo-big-poppy-rc-300\/","title":{"rendered":"\u017dibintas-i\u0161orin\u0117 baterija Nebo BIG POPPY\u2122 RC 300"},"content":{"rendered":"<h2 data-start=\"80\" data-end=\"185\"><strong data-start=\"80\" data-end=\"185\">\u017dibintas-i\u0161orin\u0117 baterija Nebo BIG POPPY\u2122 RC 300 \u2013 universalus ap\u0161vietimas ir maitinimo \u0161altinis visoms tavo kelion\u0117ms<\/strong><\/h2>\n<p data-start=\"187\" data-end=\"1029\"><img fetchpriority=\"high\" decoding=\"async\" class=\"alignright wp-image-39979 size-thumbnail\" src=\"https:\/\/toidupakk.ee\/wp-content\/uploads\/2025\/10\/BigPoppy-500x500.png\" alt=\"\u017eibintas-i\u0161orin\u0117 baterija Big Poppy\" width=\"500\" height=\"500\" srcset=\"https:\/\/toidupakk.ee\/wp-content\/uploads\/2025\/10\/BigPoppy-500x500.png 500w, https:\/\/toidupakk.ee\/wp-content\/uploads\/2025\/10\/BigPoppy-300x300.png 300w, https:\/\/toidupakk.ee\/wp-content\/uploads\/2025\/10\/BigPoppy-768x768.png 768w, https:\/\/toidupakk.ee\/wp-content\/uploads\/2025\/10\/BigPoppy-400x400.png 400w, https:\/\/toidupakk.ee\/wp-content\/uploads\/2025\/10\/BigPoppy-100x100.png 100w, https:\/\/toidupakk.ee\/wp-content\/uploads\/2025\/10\/BigPoppy.png 800w\" sizes=\"(max-width: 500px) 100vw, 500px\" \/><\/p>\n<p data-start=\"187\" data-end=\"1029\"><strong>Nebo BIG POPPY\u2122 RC 300<\/strong> yra universalus ir patvarus \u017eibintas-i\u0161orin\u0117 baterija, apjungiantis plat\u0173 funkcij\u0173 pasirinkim\u0105, kad u\u017etikrint\u0173 ap\u0161vietim\u0105 ir energij\u0105 bet kokiomis aplinkyb\u0117mis. Nesvarbu, ar stovyklauji, \u017eygiuoji, ar tiesiog leidi vakar\u0105 sode, \u0161is gaminys sukurtas patenkinti visus tavo ap\u0161vietimo poreikius. <strong>BIG POPPY\u2122<\/strong> si\u016blo <strong>tris<\/strong> skirtingus ap\u0161vietimo re\u017eimus: <strong>\u017eibinto, kryptin\u0117s \u0161viesos ir liepsnos efekto,<\/strong> kad atitikt\u0173 bet kokius pageidavimus. \u017dibinto re\u017eimas suteikia stipr\u0173 300 liumen\u0173 ap\u0161vietim\u0105, kurio spindulys siekia <strong>14 metr\u0173<\/strong>, o veikimo trukm\u0117 \u2013 apie <strong>3 valandas.<\/strong> Kryptin\u0117s \u0161viesos re\u017eimas su <strong>120 liumen\u0173<\/strong> u\u017etikrina ry\u0161k\u0173 ir toli siekiant\u012f ap\u0161vietim\u0105 iki <strong>150 metr\u0173<\/strong>, veikiant\u012f iki <strong>15 valand\u0173.<\/strong> I\u0161skirtinis liepsnos efektas sukuria \u0161ilt\u0105 ir jauki\u0105 atmosfer\u0105, imituojan\u010di\u0105 tikr\u0105 ugn\u012f be jokio pavojaus \u2013 \u0161i funkcija veikia iki <strong>8 valand\u0173<\/strong> ir ap\u0161vie\u010dia <strong>4 metr\u0173<\/strong> spinduliu.  <\/p>\n<p data-start=\"1031\" data-end=\"1568\"><strong>BIG POPPY\u2122 RC 300<\/strong> dizainas sukurtas patogumui ir patvarumui. \u0160is \u017eibintas turi \u012fkraunam\u0105 <strong>2600 mAh<\/strong> li\u010dio jon\u0173 baterij\u0105 ir <strong>vandeniui bei sm\u016bgiams atspar\u0173 gumin\u012f<\/strong> korpus\u0105, u\u017etikrinant\u012f ilgaam\u017ei\u0161kum\u0105 ir patikim\u0105 veikim\u0105 net at\u0161iauriausiomis s\u0105lygomis. Ergonomi\u0161ka ir reguliuojama rankena leid\u017eia j\u012f lengvai ne\u0161iotis ir pastatyti ten, kur reikia. Be to, gaminys turi <strong>atminties funkcij\u0105,<\/strong> kuri \u012fsimena paskutin\u012f naudot\u0105 ap\u0161vietimo re\u017eim\u0105, kad gal\u0117tum j\u012f greitai \u012fjungti kaskart nenustatin\u0117damas i\u0161 naujo.   <\/p>\n<p data-start=\"1570\" data-end=\"1977\"><strong>BIG POPPY\u2122 RC 300<\/strong> yra ne tik \u017eibintas, bet ir <strong>efektyvi i\u0161orin\u0117 baterija<\/strong>. Ji leid\u017eia per USB \u012fkrauti \u012frenginius, pavyzd\u017eiui, i\u0161maniuosius telefonus ar GPS prietaisus, tod\u0117l tai idealus sprendimas \u017eygiuose ar stovyklose, kur n\u0117ra prieigos prie elektros tinklo. Naudotis juo paprasta \u2013 \u012frenginio \u0161one yra <strong>ON\/OFF mygtukas<\/strong>, o visi reikiami priedai, \u012fskaitant <strong>USB-micro-USB \u012fkrovimo laid\u0105<\/strong>, yra komplekte.  <\/p>\n<p data-start=\"1979\" data-end=\"2403\">Gaminys turi li\u010dio jon\u0173 baterij\u0105, kuri pilnai \u012fsikrauna per ma\u017edaug <strong>2 valandas<\/strong>, priklausomai nuo USB jungties galios. Visos \u0161ios savyb\u0117s paver\u010dia <strong>BIG POPPY\u2122 RC 300<\/strong> puikiu pasirinkimu bet kokiai veiklai, kur reikalingas ap\u0161vietimas ir \u012frengini\u0173 \u012fkrovimas. Nesvarbu, ar tai b\u016bt\u0173 \u017eygis, vakaras lauke ar kasdien\u0117 veikla, \u0161is gaminys u\u017etikrina patikim\u0105 ir saug\u0173 ap\u0161vietim\u0105 kartu su galimybe \u012fkrauti kitus prietaisus.  <\/p>\n<p data-start=\"2405\" data-end=\"2707\"><strong>Nebo BIG POPPY\u2122 RC 300<\/strong> sukurtas taip, kad u\u017etikrint\u0173 kokybi\u0161k\u0105 ap\u0161vietim\u0105 ir funkcionalum\u0105 bet kokioje aplinkoje. D\u0117l \u012fkraunamos baterijos, \u012fvairi\u0173 ap\u0161vietimo re\u017eim\u0173 ir i\u0161orin\u0117s baterijos funkcijos tai yra tikras \u201eviskas viename\u201c sprendimas tavo kasdienybei ir nuotykiams. <\/p>\n<p data-start=\"2405\" data-end=\"2707\"><img decoding=\"async\" class=\"alignnone wp-image-39981 size-thumbnail\" src=\"https:\/\/toidupakk.ee\/wp-content\/uploads\/2025\/10\/BigPoppy-2-500x500.png\" alt=\"trys \u017eibinto-i\u0161orin\u0117s baterijos ap\u0161vietimo b\u016bdai\" width=\"500\" height=\"500\" srcset=\"https:\/\/toidupakk.ee\/wp-content\/uploads\/2025\/10\/BigPoppy-2-500x500.png 500w, https:\/\/toidupakk.ee\/wp-content\/uploads\/2025\/10\/BigPoppy-2-300x300.png 300w, https:\/\/toidupakk.ee\/wp-content\/uploads\/2025\/10\/BigPoppy-2-768x768.png 768w, https:\/\/toidupakk.ee\/wp-content\/uploads\/2025\/10\/BigPoppy-2-400x400.png 400w, https:\/\/toidupakk.ee\/wp-content\/uploads\/2025\/10\/BigPoppy-2-100x100.png 100w, https:\/\/toidupakk.ee\/wp-content\/uploads\/2025\/10\/BigPoppy-2.png 800w\" sizes=\"(max-width: 500px) 100vw, 500px\" \/> <img decoding=\"async\" class=\"alignnone wp-image-39982 size-thumbnail\" src=\"https:\/\/toidupakk.ee\/wp-content\/uploads\/2025\/10\/BigPoppy-3-500x500.png\" alt=\"\u012fkraunamas \u017eibintas-i\u0161orin\u0117 baterija\" width=\"500\" height=\"500\" srcset=\"https:\/\/toidupakk.ee\/wp-content\/uploads\/2025\/10\/BigPoppy-3-500x500.png 500w, https:\/\/toidupakk.ee\/wp-content\/uploads\/2025\/10\/BigPoppy-3-300x300.png 300w, https:\/\/toidupakk.ee\/wp-content\/uploads\/2025\/10\/BigPoppy-3-768x768.png 768w, https:\/\/toidupakk.ee\/wp-content\/uploads\/2025\/10\/BigPoppy-3-400x400.png 400w, https:\/\/toidupakk.ee\/wp-content\/uploads\/2025\/10\/BigPoppy-3-100x100.png 100w, https:\/\/toidupakk.ee\/wp-content\/uploads\/2025\/10\/BigPoppy-3.png 800w\" sizes=\"(max-width: 500px) 100vw, 500px\" \/><\/p>\n<p>\u017di\u016br\u0117k prekes \u017eygiams <a href=\"https:\/\/toidupakk.ee\/lt\/tootekategooria\/zygio-iranga\/#section-3-79\">\u010cIA<\/a><\/p>\n<p>\u017di\u016br\u0117k maist\u0105 \u017eygiams <a href=\"https:\/\/toidupakk.ee\/lt\/el-parduotuve\/\">\u010cIA<\/a><\/p>\n<p>Rask \u012fkv\u0117pimo kitiems nuotykiams Toidupakk <a href=\"https:\/\/www.instagram.com\/toidupakk\/\">Instagram<\/a> ir <a href=\"https:\/\/www.facebook.com\/Toidupakk\/\">Facebook<\/a> paskyrose.<\/p>\n","protected":false},"excerpt":{"rendered":"<p data-start=\"49\" data-end=\"399\"><strong>Nebo BIG POPPY\u2122 RC 300 yra daugiafunkcis \u017eibintas-i\u0161orin\u0117 baterija, u\u017etikrinantis galing\u0105 ap\u0161vietim\u0105 ir patogi\u0105 energijos atsarg\u0105. Kompakti\u0161kas ir patvarus, jis idealiai tinka kempingui, \u017eygiams ir vakarams lauke. Trys ap\u0161vietimo re\u017eimai ir USB \u012fkrovimo galimyb\u0117 paver\u010dia j\u012f universaliu palydovu kiekviename nuotykyje.  <\/strong><\/p>\n<ul>\n<li data-start=\"403\" data-end=\"501\"><strong data-start=\"403\" data-end=\"430\">300 liumen\u0173 ap\u0161vietimas<\/strong> ir realisti\u0161kas liepsnos efektas, tinkantis bet kokiai veiklai lauke ar viduje<\/li>\n<li data-start=\"504\" data-end=\"570\"><strong data-start=\"504\" data-end=\"529\">Trys ap\u0161vietimo re\u017eimai<\/strong>: \u017eibintas, kryptin\u0117 \u0161viesa ir liepsnos imitacija<\/li>\n<li data-start=\"573\" data-end=\"643\"><strong data-start=\"573\" data-end=\"590\">USB i\u0161orin\u0117 baterija<\/strong> \u012frengini\u0173 \u012fkrovimui (pvz., telefonams, GPS prietaisams)<\/li>\n<li data-start=\"646\" data-end=\"718\"><strong data-start=\"646\" data-end=\"674\">Vandeniui ir sm\u016bgiams atsparus<\/strong> dizainas, idealus \u017eygiams ir stovyklavimui<\/li>\n<li data-start=\"721\" data-end=\"794\"><strong data-start=\"721\" data-end=\"747\">\u012ekraunama li\u010dio jon\u0173 baterija<\/strong> (2600 mAh), pilnas \u012fkrovimas trunka apie 2 val.<\/li>\n<li data-start=\"797\" data-end=\"857\"><strong data-start=\"797\" data-end=\"821\">Reguliuojama rankena<\/strong> patogiam ne\u0161iojimui ir pakabinimui<\/li>\n<li data-start=\"860\" data-end=\"932\"><strong data-start=\"860\" data-end=\"882\">Lengvas ir kompakti\u0161kas<\/strong>, svoris 136 g, matmenys: auk\u0161tis 15 cm, skersmuo 10 cm<\/li>\n<\/ul>\n<p data-start=\"934\" data-end=\"975\">\u2705 Turime sand\u0117lyje, greitas pristatymas per 1\u20133 d. d.<\/p>\n","protected":false},"featured_media":39979,"comment_status":"open","ping_status":"closed","template":"","meta":{"_acf_changed":false},"product_brand":[],"product_cat":[207,217,206,208,244,189,190],"product_tag":[],"class_list":{"0":"post-45810","1":"product","2":"type-product","3":"status-publish","4":"has-post-thumbnail","6":"product_cat-elektronika","7":"product_cat-nakvyne-gamtoje","8":"product_cat-prozektoriai","9":"product_cat-sviesa","10":"product_cat-zibintai","11":"product_cat-zygio-iranga","12":"product_cat-zygio-prekes","14":"first","15":"instock","16":"taxable","17":"shipping-taxable","18":"purchasable","19":"product-type-simple"},"bundled_by":[],"bundle_stock_status":"instock","bundle_stock_quantity":1,"bundle_virtual":false,"bundle_layout":"","bundle_add_to_cart_form_location":"","bundle_editable_in_cart":false,"bundle_sold_individually_context":"","bundle_item_grouping":"","bundle_min_size":"","bundle_max_size":"","bundle_price":[],"bundled_items":[],"bundle_sell_ids":[],"acf":[],"yoast_head":"<!-- This site is optimized with the Yoast SEO plugin v27.3 - https:\/\/yoast.com\/product\/yoast-seo-wordpress\/ -->\n<title>\u017dibintas-i\u0161orin\u0117 baterija Nebo BIG POPPY\u2122 RC 300<\/title>\n<meta name=\"description\" content=\"Nebo BIG POPPY\u2122 RC 300 \u017eibintas-i\u0161orin\u0117 baterija pasi\u017eymi 300 liumen\u0173 ap\u0161vietimu, liepsnos efektu ir USB \u012fkrovimo galimybe. Idealiai tinka kempingui ir \u017eygiams.\" \/>\n<meta name=\"robots\" content=\"index, follow, max-snippet:-1, max-image-preview:large, max-video-preview:-1\" \/>\n<link rel=\"canonical\" href=\"https:\/\/toidupakk.ee\/lt\/toode\/zibintas-isorine-baterija-nebo-big-poppy-rc-300\/\" \/>\n<meta property=\"og:locale\" content=\"lt_LT\" \/>\n<meta property=\"og:type\" content=\"article\" \/>\n<meta property=\"og:title\" content=\"\u017dibintas-i\u0161orin\u0117 baterija Nebo BIG POPPY\u2122 RC 300\" \/>\n<meta property=\"og:description\" content=\"Nebo BIG POPPY\u2122 RC 300 \u017eibintas-i\u0161orin\u0117 baterija pasi\u017eymi 300 liumen\u0173 ap\u0161vietimu, liepsnos efektu ir USB \u012fkrovimo galimybe. Idealiai tinka kempingui ir \u017eygiams.\" \/>\n<meta property=\"og:url\" content=\"https:\/\/toidupakk.ee\/lt\/toode\/zibintas-isorine-baterija-nebo-big-poppy-rc-300\/\" \/>\n<meta property=\"og:site_name\" content=\"Toidupakk.ee - Tactical Foodpack toidupakid\" \/>\n<meta property=\"article:publisher\" content=\"https:\/\/www.facebook.com\/Toidupakk\" \/>\n<meta property=\"article:modified_time\" content=\"2026-04-16T03:30:18+00:00\" \/>\n<meta property=\"og:image\" content=\"https:\/\/toidupakk.ee\/wp-content\/uploads\/2025\/10\/BigPoppy.png\" \/>\n\t<meta property=\"og:image:width\" content=\"800\" \/>\n\t<meta property=\"og:image:height\" content=\"800\" \/>\n\t<meta property=\"og:image:type\" content=\"image\/png\" \/>\n<meta name=\"twitter:card\" content=\"summary_large_image\" \/>\n<meta name=\"twitter:label1\" content=\"Est. reading time\" \/>\n\t<meta name=\"twitter:data1\" content=\"2 minut\u0117s\" \/>\n<script type=\"application\/ld+json\" class=\"yoast-schema-graph\">{\"@context\":\"https:\\\/\\\/schema.org\",\"@graph\":[{\"@type\":\"WebPage\",\"@id\":\"https:\\\/\\\/toidupakk.ee\\\/lt\\\/toode\\\/zibintas-isorine-baterija-nebo-big-poppy-rc-300\\\/\",\"url\":\"https:\\\/\\\/toidupakk.ee\\\/lt\\\/toode\\\/zibintas-isorine-baterija-nebo-big-poppy-rc-300\\\/\",\"name\":\"\u017dibintas-i\u0161orin\u0117 baterija Nebo BIG POPPY\u2122 RC 300\",\"isPartOf\":{\"@id\":\"https:\\\/\\\/toidupakk.ee\\\/lt\\\/#website\"},\"primaryImageOfPage\":{\"@id\":\"https:\\\/\\\/toidupakk.ee\\\/lt\\\/toode\\\/zibintas-isorine-baterija-nebo-big-poppy-rc-300\\\/#primaryimage\"},\"image\":{\"@id\":\"https:\\\/\\\/toidupakk.ee\\\/lt\\\/toode\\\/zibintas-isorine-baterija-nebo-big-poppy-rc-300\\\/#primaryimage\"},\"thumbnailUrl\":\"https:\\\/\\\/toidupakk.ee\\\/wp-content\\\/uploads\\\/2025\\\/10\\\/BigPoppy.png\",\"datePublished\":\"2025-10-20T08:49:56+00:00\",\"dateModified\":\"2026-04-16T03:30:18+00:00\",\"description\":\"Nebo BIG POPPY\u2122 RC 300 \u017eibintas-i\u0161orin\u0117 baterija pasi\u017eymi 300 liumen\u0173 ap\u0161vietimu, liepsnos efektu ir USB \u012fkrovimo galimybe. Idealiai tinka kempingui ir \u017eygiams.\",\"breadcrumb\":{\"@id\":\"https:\\\/\\\/toidupakk.ee\\\/lt\\\/toode\\\/zibintas-isorine-baterija-nebo-big-poppy-rc-300\\\/#breadcrumb\"},\"inLanguage\":\"lt-LT\",\"potentialAction\":[{\"@type\":\"ReadAction\",\"target\":[\"https:\\\/\\\/toidupakk.ee\\\/lt\\\/toode\\\/zibintas-isorine-baterija-nebo-big-poppy-rc-300\\\/\"]}]},{\"@type\":\"ImageObject\",\"inLanguage\":\"lt-LT\",\"@id\":\"https:\\\/\\\/toidupakk.ee\\\/lt\\\/toode\\\/zibintas-isorine-baterija-nebo-big-poppy-rc-300\\\/#primaryimage\",\"url\":\"https:\\\/\\\/toidupakk.ee\\\/wp-content\\\/uploads\\\/2025\\\/10\\\/BigPoppy.png\",\"contentUrl\":\"https:\\\/\\\/toidupakk.ee\\\/wp-content\\\/uploads\\\/2025\\\/10\\\/BigPoppy.png\",\"width\":800,\"height\":800,\"caption\":\"latern-akupank Big Poppy\"},{\"@type\":\"BreadcrumbList\",\"@id\":\"https:\\\/\\\/toidupakk.ee\\\/lt\\\/toode\\\/zibintas-isorine-baterija-nebo-big-poppy-rc-300\\\/#breadcrumb\",\"itemListElement\":[{\"@type\":\"ListItem\",\"position\":1,\"name\":\"Avaleht\",\"item\":\"https:\\\/\\\/toidupakk.ee\\\/lt\\\/\"},{\"@type\":\"ListItem\",\"position\":2,\"name\":\"El. parduotuv\u0117\",\"item\":\"https:\\\/\\\/toidupakk.ee\\\/lt\\\/el-parduotuve\\\/\"},{\"@type\":\"ListItem\",\"position\":3,\"name\":\"\u017dibintas-i\u0161orin\u0117 baterija Nebo BIG POPPY\u2122 RC 300\"}]},{\"@type\":\"WebSite\",\"@id\":\"https:\\\/\\\/toidupakk.ee\\\/lt\\\/#website\",\"url\":\"https:\\\/\\\/toidupakk.ee\\\/lt\\\/\",\"name\":\"Toidupakk.ee - Tactical Foodpack toidupakid\",\"description\":\"Tactical Foodpack k\u00fclmkuivatatud toidupakid ja matkaeined\",\"publisher\":{\"@id\":\"https:\\\/\\\/toidupakk.ee\\\/lt\\\/#organization\"},\"potentialAction\":[{\"@type\":\"SearchAction\",\"target\":{\"@type\":\"EntryPoint\",\"urlTemplate\":\"https:\\\/\\\/toidupakk.ee\\\/lt\\\/?s={search_term_string}\"},\"query-input\":{\"@type\":\"PropertyValueSpecification\",\"valueRequired\":true,\"valueName\":\"search_term_string\"}}],\"inLanguage\":\"lt-LT\"},{\"@type\":\"Organization\",\"@id\":\"https:\\\/\\\/toidupakk.ee\\\/lt\\\/#organization\",\"name\":\"Tactical Foodpack matkaeined\",\"url\":\"https:\\\/\\\/toidupakk.ee\\\/lt\\\/\",\"logo\":{\"@type\":\"ImageObject\",\"inLanguage\":\"lt-LT\",\"@id\":\"https:\\\/\\\/toidupakk.ee\\\/lt\\\/#\\\/schema\\\/logo\\\/image\\\/\",\"url\":\"https:\\\/\\\/toidupakk.ee\\\/wp-content\\\/uploads\\\/2022\\\/01\\\/Toidupakk-matkapood-logo-transparent.png\",\"contentUrl\":\"https:\\\/\\\/toidupakk.ee\\\/wp-content\\\/uploads\\\/2022\\\/01\\\/Toidupakk-matkapood-logo-transparent.png\",\"width\":500,\"height\":500,\"caption\":\"Tactical Foodpack matkaeined\"},\"image\":{\"@id\":\"https:\\\/\\\/toidupakk.ee\\\/lt\\\/#\\\/schema\\\/logo\\\/image\\\/\"},\"sameAs\":[\"https:\\\/\\\/www.facebook.com\\\/Toidupakk\",\"https:\\\/\\\/www.instagram.com\\\/toidupakk\\\/\"]}]}<\/script>\n<!-- \/ Yoast SEO plugin. -->","yoast_head_json":{"title":"\u017dibintas-i\u0161orin\u0117 baterija Nebo BIG POPPY\u2122 RC 300","description":"Nebo BIG POPPY\u2122 RC 300 \u017eibintas-i\u0161orin\u0117 baterija pasi\u017eymi 300 liumen\u0173 ap\u0161vietimu, liepsnos efektu ir USB \u012fkrovimo galimybe. Idealiai tinka kempingui ir \u017eygiams.","robots":{"index":"index","follow":"follow","max-snippet":"max-snippet:-1","max-image-preview":"max-image-preview:large","max-video-preview":"max-video-preview:-1"},"canonical":"https:\/\/toidupakk.ee\/lt\/toode\/zibintas-isorine-baterija-nebo-big-poppy-rc-300\/","og_locale":"lt_LT","og_type":"article","og_title":"\u017dibintas-i\u0161orin\u0117 baterija Nebo BIG POPPY\u2122 RC 300","og_description":"Nebo BIG POPPY\u2122 RC 300 \u017eibintas-i\u0161orin\u0117 baterija pasi\u017eymi 300 liumen\u0173 ap\u0161vietimu, liepsnos efektu ir USB \u012fkrovimo galimybe. Idealiai tinka kempingui ir \u017eygiams.","og_url":"https:\/\/toidupakk.ee\/lt\/toode\/zibintas-isorine-baterija-nebo-big-poppy-rc-300\/","og_site_name":"Toidupakk.ee - Tactical Foodpack toidupakid","article_publisher":"https:\/\/www.facebook.com\/Toidupakk","article_modified_time":"2026-04-16T03:30:18+00:00","og_image":[{"width":800,"height":800,"url":"https:\/\/toidupakk.ee\/wp-content\/uploads\/2025\/10\/BigPoppy.png","type":"image\/png"}],"twitter_card":"summary_large_image","twitter_misc":{"Est. reading time":"2 minut\u0117s"},"schema":{"@context":"https:\/\/schema.org","@graph":[{"@type":"WebPage","@id":"https:\/\/toidupakk.ee\/lt\/toode\/zibintas-isorine-baterija-nebo-big-poppy-rc-300\/","url":"https:\/\/toidupakk.ee\/lt\/toode\/zibintas-isorine-baterija-nebo-big-poppy-rc-300\/","name":"\u017dibintas-i\u0161orin\u0117 baterija Nebo BIG POPPY\u2122 RC 300","isPartOf":{"@id":"https:\/\/toidupakk.ee\/lt\/#website"},"primaryImageOfPage":{"@id":"https:\/\/toidupakk.ee\/lt\/toode\/zibintas-isorine-baterija-nebo-big-poppy-rc-300\/#primaryimage"},"image":{"@id":"https:\/\/toidupakk.ee\/lt\/toode\/zibintas-isorine-baterija-nebo-big-poppy-rc-300\/#primaryimage"},"thumbnailUrl":"https:\/\/toidupakk.ee\/wp-content\/uploads\/2025\/10\/BigPoppy.png","datePublished":"2025-10-20T08:49:56+00:00","dateModified":"2026-04-16T03:30:18+00:00","description":"Nebo BIG POPPY\u2122 RC 300 \u017eibintas-i\u0161orin\u0117 baterija pasi\u017eymi 300 liumen\u0173 ap\u0161vietimu, liepsnos efektu ir USB \u012fkrovimo galimybe. Idealiai tinka kempingui ir \u017eygiams.","breadcrumb":{"@id":"https:\/\/toidupakk.ee\/lt\/toode\/zibintas-isorine-baterija-nebo-big-poppy-rc-300\/#breadcrumb"},"inLanguage":"lt-LT","potentialAction":[{"@type":"ReadAction","target":["https:\/\/toidupakk.ee\/lt\/toode\/zibintas-isorine-baterija-nebo-big-poppy-rc-300\/"]}]},{"@type":"ImageObject","inLanguage":"lt-LT","@id":"https:\/\/toidupakk.ee\/lt\/toode\/zibintas-isorine-baterija-nebo-big-poppy-rc-300\/#primaryimage","url":"https:\/\/toidupakk.ee\/wp-content\/uploads\/2025\/10\/BigPoppy.png","contentUrl":"https:\/\/toidupakk.ee\/wp-content\/uploads\/2025\/10\/BigPoppy.png","width":800,"height":800,"caption":"latern-akupank Big Poppy"},{"@type":"BreadcrumbList","@id":"https:\/\/toidupakk.ee\/lt\/toode\/zibintas-isorine-baterija-nebo-big-poppy-rc-300\/#breadcrumb","itemListElement":[{"@type":"ListItem","position":1,"name":"Avaleht","item":"https:\/\/toidupakk.ee\/lt\/"},{"@type":"ListItem","position":2,"name":"El. parduotuv\u0117","item":"https:\/\/toidupakk.ee\/lt\/el-parduotuve\/"},{"@type":"ListItem","position":3,"name":"\u017dibintas-i\u0161orin\u0117 baterija Nebo BIG POPPY\u2122 RC 300"}]},{"@type":"WebSite","@id":"https:\/\/toidupakk.ee\/lt\/#website","url":"https:\/\/toidupakk.ee\/lt\/","name":"Toidupakk.ee - Tactical Foodpack toidupakid","description":"Tactical Foodpack k\u00fclmkuivatatud toidupakid ja matkaeined","publisher":{"@id":"https:\/\/toidupakk.ee\/lt\/#organization"},"potentialAction":[{"@type":"SearchAction","target":{"@type":"EntryPoint","urlTemplate":"https:\/\/toidupakk.ee\/lt\/?s={search_term_string}"},"query-input":{"@type":"PropertyValueSpecification","valueRequired":true,"valueName":"search_term_string"}}],"inLanguage":"lt-LT"},{"@type":"Organization","@id":"https:\/\/toidupakk.ee\/lt\/#organization","name":"Tactical Foodpack matkaeined","url":"https:\/\/toidupakk.ee\/lt\/","logo":{"@type":"ImageObject","inLanguage":"lt-LT","@id":"https:\/\/toidupakk.ee\/lt\/#\/schema\/logo\/image\/","url":"https:\/\/toidupakk.ee\/wp-content\/uploads\/2022\/01\/Toidupakk-matkapood-logo-transparent.png","contentUrl":"https:\/\/toidupakk.ee\/wp-content\/uploads\/2022\/01\/Toidupakk-matkapood-logo-transparent.png","width":500,"height":500,"caption":"Tactical Foodpack matkaeined"},"image":{"@id":"https:\/\/toidupakk.ee\/lt\/#\/schema\/logo\/image\/"},"sameAs":["https:\/\/www.facebook.com\/Toidupakk","https:\/\/www.instagram.com\/toidupakk\/"]}]}},"jetpack_sharing_enabled":true,"_links":{"self":[{"href":"https:\/\/toidupakk.ee\/lt\/wp-json\/wp\/v2\/product\/45810","targetHints":{"allow":["GET"]}}],"collection":[{"href":"https:\/\/toidupakk.ee\/lt\/wp-json\/wp\/v2\/product"}],"about":[{"href":"https:\/\/toidupakk.ee\/lt\/wp-json\/wp\/v2\/types\/product"}],"replies":[{"embeddable":true,"href":"https:\/\/toidupakk.ee\/lt\/wp-json\/wp\/v2\/comments?post=45810"}],"wp:featuredmedia":[{"embeddable":true,"href":"https:\/\/toidupakk.ee\/lt\/wp-json\/wp\/v2\/media\/39979"}],"wp:attachment":[{"href":"https:\/\/toidupakk.ee\/lt\/wp-json\/wp\/v2\/media?parent=45810"}],"wp:term":[{"taxonomy":"product_brand","embeddable":true,"href":"https:\/\/toidupakk.ee\/lt\/wp-json\/wp\/v2\/product_brand?post=45810"},{"taxonomy":"product_cat","embeddable":true,"href":"https:\/\/toidupakk.ee\/lt\/wp-json\/wp\/v2\/product_cat?post=45810"},{"taxonomy":"product_tag","embeddable":true,"href":"https:\/\/toidupakk.ee\/lt\/wp-json\/wp\/v2\/product_tag?post=45810"}],"curies":[{"name":"wp","href":"https:\/\/api.w.org\/{rel}","templated":true}]}}