{"id":45808,"date":"2025-11-07T11:50:13","date_gmt":"2025-11-07T09:50:13","guid":{"rendered":"https:\/\/toidupakk.ee\/toode\/presto-grietininiai-makaronai-su-vistiena-rinkinyje-yra-5-vnt\/"},"modified":"2026-04-04T00:01:07","modified_gmt":"2026-04-03T21:01:07","slug":"presto-grietininiai-makaronai-su-vistiena-rinkinyje-yra-5-vnt","status":"publish","type":"product","link":"https:\/\/toidupakk.ee\/lt\/toode\/presto-grietininiai-makaronai-su-vistiena-rinkinyje-yra-5-vnt\/","title":{"rendered":"PRESTO grietininiai makaronai su vi\u0161tiena (rinkinyje yra 5 vnt.)"},"content":{"rendered":"<h1><img fetchpriority=\"high\" decoding=\"async\" class=\"alignright wp-image-41117 size-thumbnail\" src=\"https:\/\/toidupakk.ee\/wp-content\/uploads\/2025\/11\/6-500x500.png\" alt=\"PRESTO grietininiai makaronai su vi\u0161tiena \u2013 skanus ir patogus patiekalas, kuriame dera kreminis s\u016brio pada\u017eas, sultinga vi\u0161tienos \u0161launeli\u0173 m\u0117sa, dar\u017eov\u0117s ir makaronai. Pagaminta Estijoje.\" width=\"500\" height=\"500\" srcset=\"https:\/\/toidupakk.ee\/wp-content\/uploads\/2025\/11\/6-500x500.png 500w, https:\/\/toidupakk.ee\/wp-content\/uploads\/2025\/11\/6-300x300.png 300w, https:\/\/toidupakk.ee\/wp-content\/uploads\/2025\/11\/6-768x768.png 768w, https:\/\/toidupakk.ee\/wp-content\/uploads\/2025\/11\/6-400x400.png 400w, https:\/\/toidupakk.ee\/wp-content\/uploads\/2025\/11\/6-100x100.png 100w, https:\/\/toidupakk.ee\/wp-content\/uploads\/2025\/11\/6-50x50.png 50w, https:\/\/toidupakk.ee\/wp-content\/uploads\/2025\/11\/6.png 800w\" sizes=\"(max-width: 500px) 100vw, 500px\" \/>PRESTO grietininiai makaronai su vi\u0161tiena \u2013 5 porcij\u0173 rinkinys<\/h1>\n<p><strong>Sudedamosios dalys \u2013 PRESTO grietininiai makaronai su vi\u0161tiena<\/strong><br \/>\nVanduo, broileri\u0173 \u0161launeli\u0173 m\u0117sa 18 %, morkos, \u0161paragin\u0117s pupel\u0117s, s\u016brio pada\u017eas 8 % [s\u016bris, nugriebto pieno milteliai, emulsinimo druskos (E452, E331, E450, E339)], makaronai 6 % (kiet\u0173j\u0173 kvie\u010di\u0173 miltai, kiau\u0161ini\u0173 baltymai), svog\u016bnai, salier\u0173 stiebai, grietin\u0117l\u0117s milteliai 2 % (pienas), raps\u0173 aliejus, modifikuotas krakmolas, druska, cukrus, prieskoniai (\u012fskaitant garsty\u010dias), tir\u0161tiklis (ksantano derva)<\/p>\n<p class=\"mb-2 text-arwen-100\"><strong>Maistin\u0117 vert\u0117 100 g<\/strong><\/p>\n<ul>\n<li>energin\u0117 vert\u0117 429 kJ \/ 102 kcal<\/li>\n<li>riebalai 4,5 g, i\u0161 kuri\u0173 so\u010di\u0173j\u0173 riebal\u0173 r\u016bg\u0161\u010di\u0173 1,4 g<\/li>\n<li>angliavandeniai 8,7 g, i\u0161 kuri\u0173 cukr\u0173 2,7 g<\/li>\n<li>baltymai 6,1 g<\/li>\n<li>druska 0,95 g<\/li>\n<\/ul>\n<h2 class=\"text-arwen-900 mt-10 mb-6\">Vartojimo instrukcija<\/h2>\n<div class=\"custom-content\">\n<p>Vartoti paruo\u0161tas produktas. <strong>3 \u0161ildymo b\u016bdai<\/strong>:<\/p>\n<ol>\n<li>Praverk pakuot\u0119 apie 2 cm ir 2 minut\u0117ms \u012fd\u0117k \u012f mikrobang\u0173 krosnel\u0119 nustat\u0119s did\u017eiausi\u0105 gali\u0105.<\/li>\n<li>Supilk turin\u012f \u012f puod\u0105 ir \u0161ildyk 5 minutes retkar\u010diais pamai\u0161ydamas.<\/li>\n<li>\u012ed\u0117k neatidaryt\u0105 pakuot\u0119 \u012f verdant\u012f vanden\u012f ir kaitink 4\u20135 minutes.<\/li>\n<\/ol>\n<\/div>\n<p>&nbsp;<\/p>\n<p>Domiesi \u017eygio reikmenimis? Su\u017einok daugiau <a href=\"https:\/\/toidupakk.ee\/lt\/tootekategooria\/zygio-iranga\/#section-3-79\">\u010cIA<\/a><\/p>\n<p>O gal domina \u017eygio maistas? \u017di\u016br\u0117k <a href=\"https:\/\/toidupakk.ee\/tootekategooria\/zygio-maistas\/pearoad\/\">\u010cIA<\/a><\/p>\n<p>Pasisemk \u012fkv\u0117pimo kitiems nuotykiams \u201eToidupakk\u201c <a href=\"https:\/\/www.instagram.com\/toidupakk\/\">Instagram<\/a> ir <a href=\"https:\/\/www.facebook.com\/Toidupakk\/\">Facebook<\/a> paskyrose.<\/p>\n","protected":false},"excerpt":{"rendered":"<p><strong>Patogus maistas \u2013 greitas ir paprastas sprendimas kiekvienai dienai. Tereikia pa\u0161ildyti!<\/strong><\/p>\n<ul>\n<li><strong>D\u0117\u017eut\u0117je rasi 5 x 300 g produktus<\/strong><\/li>\n<li><strong data-start=\"298\" data-end=\"336\">Klasikinis ir pam\u0117gtas receptas<\/strong>, d\u017eiuginantis tiek didelius, tiek ma\u017eus<\/li>\n<li><strong data-start=\"379\" data-end=\"403\">Kreminis s\u016brio pada\u017eas<\/strong>, sultinga broileri\u0173 \u0161launeli\u0173 m\u0117sa ir \u0161vie\u017eios dar\u017eov\u0117s sukuria tobul\u0105 derin\u012f<\/li>\n<li><strong>PRESTO grietininiai makaronai su vi\u0161tiena<\/strong> \u2013 tai visavertis patiekalas, kuris <strong>tinka bet kuriai akimirkai<\/strong>.<\/li>\n<li>Juo paprasta m\u0117gautis bet kada \u2013 \u017eygyje, biure ar kaip <strong>\u012fprastu patiekalu namuose<\/strong>.<\/li>\n<li>Pakuot\u0117 be aliuminio, s<strong>augiai naudojama ir mikrobang\u0173 krosnel\u0117je<\/strong><\/li>\n<li><strong>Pagaminta Estijoje<\/strong><\/li>\n<li><strong>Be konservant\u0173<\/strong>, tinka tiek <strong>vaikams, tiek suaugusiesiems<\/strong>.<\/li>\n<li><strong>\u012e kain\u0105 \u012fskai\u010diuoti 5 vnt. \/ i\u0161 viso 1,5 kg maisto<\/strong><\/li>\n<\/ul>\n<p>\u2705 Turime sand\u0117lyje, greitas pristatymas per 1\u20133 darbo dienas<\/p>\n","protected":false},"featured_media":41117,"comment_status":"open","ping_status":"closed","template":"","meta":{"_acf_changed":false},"product_brand":[],"product_cat":[240],"product_tag":[],"class_list":{"0":"post-45808","1":"product","2":"type-product","3":"status-publish","4":"has-post-thumbnail","6":"product_cat-presto-paruosti-patiekalai","8":"first","9":"outofstock","10":"sale","11":"taxable","12":"shipping-taxable","13":"purchasable","14":"product-type-simple"},"bundled_by":[],"bundle_stock_status":"outofstock","bundle_stock_quantity":0,"bundle_virtual":false,"bundle_layout":"","bundle_add_to_cart_form_location":"","bundle_editable_in_cart":false,"bundle_sold_individually_context":"","bundle_item_grouping":"","bundle_min_size":"","bundle_max_size":"","bundle_price":[],"bundled_items":[],"bundle_sell_ids":[],"acf":[],"yoast_head":"<!-- This site is optimized with the Yoast SEO plugin v27.1.1 - https:\/\/yoast.com\/product\/yoast-seo-wordpress\/ -->\n<title>PRESTO grietininiai makaronai su vi\u0161tiena (rinkinyje yra 5 vnt.)<\/title>\n<meta name=\"description\" content=\"PRESTO grietininiai makaronai su vi\u0161tiena \u2013 skanus ir patogus patiekalas, kuriame dera kreminis s\u016brio pada\u017eas, sultinga vi\u0161tienos \u0161launeli\u0173 m\u0117sa, dar\u017eov\u0117s ir makaronai. Pagaminta Estijoje.\" \/>\n<meta name=\"robots\" content=\"index, follow, max-snippet:-1, max-image-preview:large, max-video-preview:-1\" \/>\n<link rel=\"canonical\" href=\"https:\/\/toidupakk.ee\/lt\/toode\/presto-grietininiai-makaronai-su-vistiena-rinkinyje-yra-5-vnt\/\" \/>\n<meta property=\"og:locale\" content=\"lt_LT\" \/>\n<meta property=\"og:type\" content=\"article\" \/>\n<meta property=\"og:title\" content=\"PRESTO grietininiai makaronai su vi\u0161tiena (rinkinyje yra 5 vnt.)\" \/>\n<meta property=\"og:description\" content=\"PRESTO grietininiai makaronai su vi\u0161tiena \u2013 skanus ir patogus patiekalas, kuriame dera kreminis s\u016brio pada\u017eas, sultinga vi\u0161tienos \u0161launeli\u0173 m\u0117sa, dar\u017eov\u0117s ir makaronai. Pagaminta Estijoje.\" \/>\n<meta property=\"og:url\" content=\"https:\/\/toidupakk.ee\/lt\/toode\/presto-grietininiai-makaronai-su-vistiena-rinkinyje-yra-5-vnt\/\" \/>\n<meta property=\"og:site_name\" content=\"Toidupakk.ee - Tactical Foodpack toidupakid\" \/>\n<meta property=\"article:publisher\" content=\"https:\/\/www.facebook.com\/Toidupakk\" \/>\n<meta property=\"article:modified_time\" content=\"2026-04-03T21:01:07+00:00\" \/>\n<meta property=\"og:image\" content=\"https:\/\/toidupakk.ee\/wp-content\/uploads\/2025\/11\/6.png\" \/>\n\t<meta property=\"og:image:width\" content=\"800\" \/>\n\t<meta property=\"og:image:height\" content=\"800\" \/>\n\t<meta property=\"og:image:type\" content=\"image\/png\" \/>\n<meta name=\"twitter:card\" content=\"summary_large_image\" \/>\n<meta name=\"twitter:label1\" content=\"Est. reading time\" \/>\n\t<meta name=\"twitter:data1\" content=\"1 minut\u0117\" \/>\n<script type=\"application\/ld+json\" class=\"yoast-schema-graph\">{\"@context\":\"https:\/\/schema.org\",\"@graph\":[{\"@type\":\"WebPage\",\"@id\":\"https:\/\/toidupakk.ee\/lt\/toode\/presto-grietininiai-makaronai-su-vistiena-rinkinyje-yra-5-vnt\/\",\"url\":\"https:\/\/toidupakk.ee\/lt\/toode\/presto-grietininiai-makaronai-su-vistiena-rinkinyje-yra-5-vnt\/\",\"name\":\"PRESTO grietininiai makaronai su vi\u0161tiena (rinkinyje yra 5 vnt.)\",\"isPartOf\":{\"@id\":\"https:\/\/toidupakk.ee\/lt\/#website\"},\"primaryImageOfPage\":{\"@id\":\"https:\/\/toidupakk.ee\/lt\/toode\/presto-grietininiai-makaronai-su-vistiena-rinkinyje-yra-5-vnt\/#primaryimage\"},\"image\":{\"@id\":\"https:\/\/toidupakk.ee\/lt\/toode\/presto-grietininiai-makaronai-su-vistiena-rinkinyje-yra-5-vnt\/#primaryimage\"},\"thumbnailUrl\":\"https:\/\/toidupakk.ee\/wp-content\/uploads\/2025\/11\/6.png\",\"datePublished\":\"2025-11-07T09:50:13+00:00\",\"dateModified\":\"2026-04-03T21:01:07+00:00\",\"description\":\"PRESTO grietininiai makaronai su vi\u0161tiena \u2013 skanus ir patogus patiekalas, kuriame dera kreminis s\u016brio pada\u017eas, sultinga vi\u0161tienos \u0161launeli\u0173 m\u0117sa, dar\u017eov\u0117s ir makaronai. Pagaminta Estijoje.\",\"breadcrumb\":{\"@id\":\"https:\/\/toidupakk.ee\/lt\/toode\/presto-grietininiai-makaronai-su-vistiena-rinkinyje-yra-5-vnt\/#breadcrumb\"},\"inLanguage\":\"lt-LT\",\"potentialAction\":[{\"@type\":\"ReadAction\",\"target\":[\"https:\/\/toidupakk.ee\/lt\/toode\/presto-grietininiai-makaronai-su-vistiena-rinkinyje-yra-5-vnt\/\"]}]},{\"@type\":\"ImageObject\",\"inLanguage\":\"lt-LT\",\"@id\":\"https:\/\/toidupakk.ee\/lt\/toode\/presto-grietininiai-makaronai-su-vistiena-rinkinyje-yra-5-vnt\/#primaryimage\",\"url\":\"https:\/\/toidupakk.ee\/wp-content\/uploads\/2025\/11\/6.png\",\"contentUrl\":\"https:\/\/toidupakk.ee\/wp-content\/uploads\/2025\/11\/6.png\",\"width\":800,\"height\":800,\"caption\":\"PREST\u00d3 Koorene kanapasta-maitsev ja mugav eine, mis \u00fchendab kreemja juustukastme, mahlase kanakintsuliha, k\u00f6\u00f6giviljad ja pasta. Valmistatud Eestis.\"},{\"@type\":\"BreadcrumbList\",\"@id\":\"https:\/\/toidupakk.ee\/lt\/toode\/presto-grietininiai-makaronai-su-vistiena-rinkinyje-yra-5-vnt\/#breadcrumb\",\"itemListElement\":[{\"@type\":\"ListItem\",\"position\":1,\"name\":\"Avaleht\",\"item\":\"https:\/\/toidupakk.ee\/lt\/\"},{\"@type\":\"ListItem\",\"position\":2,\"name\":\"El. parduotuv\u0117\",\"item\":\"https:\/\/toidupakk.ee\/lt\/el-parduotuve\/\"},{\"@type\":\"ListItem\",\"position\":3,\"name\":\"PRESTO grietininiai makaronai su vi\u0161tiena (rinkinyje yra 5 vnt.)\"}]},{\"@type\":\"WebSite\",\"@id\":\"https:\/\/toidupakk.ee\/lt\/#website\",\"url\":\"https:\/\/toidupakk.ee\/lt\/\",\"name\":\"Toidupakk.ee - Tactical Foodpack toidupakid\",\"description\":\"Tactical Foodpack k\u00fclmkuivatatud toidupakid ja matkaeined\",\"publisher\":{\"@id\":\"https:\/\/toidupakk.ee\/lt\/#organization\"},\"potentialAction\":[{\"@type\":\"SearchAction\",\"target\":{\"@type\":\"EntryPoint\",\"urlTemplate\":\"https:\/\/toidupakk.ee\/lt\/?s={search_term_string}\"},\"query-input\":{\"@type\":\"PropertyValueSpecification\",\"valueRequired\":true,\"valueName\":\"search_term_string\"}}],\"inLanguage\":\"lt-LT\"},{\"@type\":\"Organization\",\"@id\":\"https:\/\/toidupakk.ee\/lt\/#organization\",\"name\":\"Tactical Foodpack matkaeined\",\"url\":\"https:\/\/toidupakk.ee\/lt\/\",\"logo\":{\"@type\":\"ImageObject\",\"inLanguage\":\"lt-LT\",\"@id\":\"https:\/\/toidupakk.ee\/lt\/#\/schema\/logo\/image\/\",\"url\":\"https:\/\/toidupakk.ee\/wp-content\/uploads\/2022\/01\/Toidupakk-matkapood-logo-transparent.png\",\"contentUrl\":\"https:\/\/toidupakk.ee\/wp-content\/uploads\/2022\/01\/Toidupakk-matkapood-logo-transparent.png\",\"width\":500,\"height\":500,\"caption\":\"Tactical Foodpack matkaeined\"},\"image\":{\"@id\":\"https:\/\/toidupakk.ee\/lt\/#\/schema\/logo\/image\/\"},\"sameAs\":[\"https:\/\/www.facebook.com\/Toidupakk\",\"https:\/\/www.instagram.com\/toidupakk\/\"]}]}<\/script>\n<!-- \/ Yoast SEO plugin. -->","yoast_head_json":{"title":"PRESTO grietininiai makaronai su vi\u0161tiena (rinkinyje yra 5 vnt.)","description":"PRESTO grietininiai makaronai su vi\u0161tiena \u2013 skanus ir patogus patiekalas, kuriame dera kreminis s\u016brio pada\u017eas, sultinga vi\u0161tienos \u0161launeli\u0173 m\u0117sa, dar\u017eov\u0117s ir makaronai. Pagaminta Estijoje.","robots":{"index":"index","follow":"follow","max-snippet":"max-snippet:-1","max-image-preview":"max-image-preview:large","max-video-preview":"max-video-preview:-1"},"canonical":"https:\/\/toidupakk.ee\/lt\/toode\/presto-grietininiai-makaronai-su-vistiena-rinkinyje-yra-5-vnt\/","og_locale":"lt_LT","og_type":"article","og_title":"PRESTO grietininiai makaronai su vi\u0161tiena (rinkinyje yra 5 vnt.)","og_description":"PRESTO grietininiai makaronai su vi\u0161tiena \u2013 skanus ir patogus patiekalas, kuriame dera kreminis s\u016brio pada\u017eas, sultinga vi\u0161tienos \u0161launeli\u0173 m\u0117sa, dar\u017eov\u0117s ir makaronai. Pagaminta Estijoje.","og_url":"https:\/\/toidupakk.ee\/lt\/toode\/presto-grietininiai-makaronai-su-vistiena-rinkinyje-yra-5-vnt\/","og_site_name":"Toidupakk.ee - Tactical Foodpack toidupakid","article_publisher":"https:\/\/www.facebook.com\/Toidupakk","article_modified_time":"2026-04-03T21:01:07+00:00","og_image":[{"width":800,"height":800,"url":"https:\/\/toidupakk.ee\/wp-content\/uploads\/2025\/11\/6.png","type":"image\/png"}],"twitter_card":"summary_large_image","twitter_misc":{"Est. reading time":"1 minut\u0117"},"schema":{"@context":"https:\/\/schema.org","@graph":[{"@type":"WebPage","@id":"https:\/\/toidupakk.ee\/lt\/toode\/presto-grietininiai-makaronai-su-vistiena-rinkinyje-yra-5-vnt\/","url":"https:\/\/toidupakk.ee\/lt\/toode\/presto-grietininiai-makaronai-su-vistiena-rinkinyje-yra-5-vnt\/","name":"PRESTO grietininiai makaronai su vi\u0161tiena (rinkinyje yra 5 vnt.)","isPartOf":{"@id":"https:\/\/toidupakk.ee\/lt\/#website"},"primaryImageOfPage":{"@id":"https:\/\/toidupakk.ee\/lt\/toode\/presto-grietininiai-makaronai-su-vistiena-rinkinyje-yra-5-vnt\/#primaryimage"},"image":{"@id":"https:\/\/toidupakk.ee\/lt\/toode\/presto-grietininiai-makaronai-su-vistiena-rinkinyje-yra-5-vnt\/#primaryimage"},"thumbnailUrl":"https:\/\/toidupakk.ee\/wp-content\/uploads\/2025\/11\/6.png","datePublished":"2025-11-07T09:50:13+00:00","dateModified":"2026-04-03T21:01:07+00:00","description":"PRESTO grietininiai makaronai su vi\u0161tiena \u2013 skanus ir patogus patiekalas, kuriame dera kreminis s\u016brio pada\u017eas, sultinga vi\u0161tienos \u0161launeli\u0173 m\u0117sa, dar\u017eov\u0117s ir makaronai. Pagaminta Estijoje.","breadcrumb":{"@id":"https:\/\/toidupakk.ee\/lt\/toode\/presto-grietininiai-makaronai-su-vistiena-rinkinyje-yra-5-vnt\/#breadcrumb"},"inLanguage":"lt-LT","potentialAction":[{"@type":"ReadAction","target":["https:\/\/toidupakk.ee\/lt\/toode\/presto-grietininiai-makaronai-su-vistiena-rinkinyje-yra-5-vnt\/"]}]},{"@type":"ImageObject","inLanguage":"lt-LT","@id":"https:\/\/toidupakk.ee\/lt\/toode\/presto-grietininiai-makaronai-su-vistiena-rinkinyje-yra-5-vnt\/#primaryimage","url":"https:\/\/toidupakk.ee\/wp-content\/uploads\/2025\/11\/6.png","contentUrl":"https:\/\/toidupakk.ee\/wp-content\/uploads\/2025\/11\/6.png","width":800,"height":800,"caption":"PREST\u00d3 Koorene kanapasta-maitsev ja mugav eine, mis \u00fchendab kreemja juustukastme, mahlase kanakintsuliha, k\u00f6\u00f6giviljad ja pasta. Valmistatud Eestis."},{"@type":"BreadcrumbList","@id":"https:\/\/toidupakk.ee\/lt\/toode\/presto-grietininiai-makaronai-su-vistiena-rinkinyje-yra-5-vnt\/#breadcrumb","itemListElement":[{"@type":"ListItem","position":1,"name":"Avaleht","item":"https:\/\/toidupakk.ee\/lt\/"},{"@type":"ListItem","position":2,"name":"El. parduotuv\u0117","item":"https:\/\/toidupakk.ee\/lt\/el-parduotuve\/"},{"@type":"ListItem","position":3,"name":"PRESTO grietininiai makaronai su vi\u0161tiena (rinkinyje yra 5 vnt.)"}]},{"@type":"WebSite","@id":"https:\/\/toidupakk.ee\/lt\/#website","url":"https:\/\/toidupakk.ee\/lt\/","name":"Toidupakk.ee - Tactical Foodpack toidupakid","description":"Tactical Foodpack k\u00fclmkuivatatud toidupakid ja matkaeined","publisher":{"@id":"https:\/\/toidupakk.ee\/lt\/#organization"},"potentialAction":[{"@type":"SearchAction","target":{"@type":"EntryPoint","urlTemplate":"https:\/\/toidupakk.ee\/lt\/?s={search_term_string}"},"query-input":{"@type":"PropertyValueSpecification","valueRequired":true,"valueName":"search_term_string"}}],"inLanguage":"lt-LT"},{"@type":"Organization","@id":"https:\/\/toidupakk.ee\/lt\/#organization","name":"Tactical Foodpack matkaeined","url":"https:\/\/toidupakk.ee\/lt\/","logo":{"@type":"ImageObject","inLanguage":"lt-LT","@id":"https:\/\/toidupakk.ee\/lt\/#\/schema\/logo\/image\/","url":"https:\/\/toidupakk.ee\/wp-content\/uploads\/2022\/01\/Toidupakk-matkapood-logo-transparent.png","contentUrl":"https:\/\/toidupakk.ee\/wp-content\/uploads\/2022\/01\/Toidupakk-matkapood-logo-transparent.png","width":500,"height":500,"caption":"Tactical Foodpack matkaeined"},"image":{"@id":"https:\/\/toidupakk.ee\/lt\/#\/schema\/logo\/image\/"},"sameAs":["https:\/\/www.facebook.com\/Toidupakk","https:\/\/www.instagram.com\/toidupakk\/"]}]}},"jetpack_sharing_enabled":true,"_links":{"self":[{"href":"https:\/\/toidupakk.ee\/lt\/wp-json\/wp\/v2\/product\/45808","targetHints":{"allow":["GET"]}}],"collection":[{"href":"https:\/\/toidupakk.ee\/lt\/wp-json\/wp\/v2\/product"}],"about":[{"href":"https:\/\/toidupakk.ee\/lt\/wp-json\/wp\/v2\/types\/product"}],"replies":[{"embeddable":true,"href":"https:\/\/toidupakk.ee\/lt\/wp-json\/wp\/v2\/comments?post=45808"}],"wp:featuredmedia":[{"embeddable":true,"href":"https:\/\/toidupakk.ee\/lt\/wp-json\/wp\/v2\/media\/41117"}],"wp:attachment":[{"href":"https:\/\/toidupakk.ee\/lt\/wp-json\/wp\/v2\/media?parent=45808"}],"wp:term":[{"taxonomy":"product_brand","embeddable":true,"href":"https:\/\/toidupakk.ee\/lt\/wp-json\/wp\/v2\/product_brand?post=45808"},{"taxonomy":"product_cat","embeddable":true,"href":"https:\/\/toidupakk.ee\/lt\/wp-json\/wp\/v2\/product_cat?post=45808"},{"taxonomy":"product_tag","embeddable":true,"href":"https:\/\/toidupakk.ee\/lt\/wp-json\/wp\/v2\/product_tag?post=45808"}],"curies":[{"name":"wp","href":"https:\/\/api.w.org\/{rel}","templated":true}]}}