{"id":45771,"date":"2025-11-20T10:57:44","date_gmt":"2025-11-20T08:57:44","guid":{"rendered":"https:\/\/toidupakk.ee\/toode\/galingas-isorinis-akumuliatorius-sandberg-130w-50-000-mah\/"},"modified":"2026-04-15T06:31:04","modified_gmt":"2026-04-15T03:31:04","slug":"galingas-isorinis-akumuliatorius-sandberg-130w-50-000-mah","status":"publish","type":"product","link":"https:\/\/toidupakk.ee\/lt\/toode\/galingas-isorinis-akumuliatorius-sandberg-130w-50-000-mah\/","title":{"rendered":"Galingas i\u0161orinis akumuliatorius \u201eSandberg\u00ae\u201c 130W 50 000 mAh"},"content":{"rendered":"<h1 data-start=\"317\" data-end=\"406\"><strong data-start=\"319\" data-end=\"406\">Galingas i\u0161orinis akumuliatorius \u201eSandberg\u00ae\u201c 130W 50 000 mAh \u2013 galingas, talpus ir universalus<\/strong><\/h1>\n<p data-start=\"408\" data-end=\"857\">Galingas i\u0161orinis akumuliatorius \u201eSandberg\u00ae\u201c 130W 50 000 mAh sukurtas situacijoms, kai reikia maksimalaus na\u0161umo ir itin didelio energijos rezervo. \u0160is akumuliatorius u\u017etikrina greit\u0105 \u012fkrovim\u0105, turi kelias i\u0161vestis ir leid\u017eia \u012fkrauti telefonus, plan\u0161etes, \u017eaidim\u0173 konsoles bei USB-C ne\u0161iojamuosius kompiuterius. USB-A ir USB-C PD 30 W + 100 W palaikymas u\u017etikrina optimal\u0173 \u012fkrovimo greit\u012f \u012fvairiems \u012frenginiams.<br data-start=\"771\" data-end=\"774\">Integruotas 2 W \u017eibintas padeda rasti keli\u0105 tamsoje arba ap\u0161viesti aplink\u0105.  <\/p>\n<p data-start=\"864\" data-end=\"947\"><strong data-start=\"867\" data-end=\"947\">Didelis na\u0161umas <\/strong><\/p>\n<p data-start=\"949\" data-end=\"1202\">Turi 50 000 mAh \/ 185 Wh talpos li\u010dio jon\u0173 akumuliatori\u0173.<br data-start=\"1053\" data-end=\"1056\">Jis suteikia pakankamai energijos pakartotiniam keli\u0173 \u012frengini\u0173 \u012fkrovimui ir puikiai tinka naudoti ten, kur artimiausias elektros lizdas gali b\u016bti toli.<\/p>\n<p data-start=\"1204\" data-end=\"1270\"><strong data-start=\"1204\" data-end=\"1222\">Akumuliatoriaus talpa:<\/strong> 50 000 mAh \/ 185 Wh<br data-start=\"1242\" data-end=\"1245\"><strong data-start=\"1245\" data-end=\"1257\">Akumuliatoriaus tipas:<\/strong> li\u010dio jon\u0173<\/p>\n<div style=\"width: 1920px;\" class=\"wp-video\"><video class=\"wp-video-shortcode\" id=\"video-45771-1\" width=\"1920\" height=\"1080\" poster=\"https:\/\/toidupakk.ee\/wp-content\/uploads\/2025\/11\/Sandberg-Powerbank-USB-C-PD-130W-50000-mp3-image.jpg\" preload=\"metadata\" controls=\"controls\"><source type=\"video\/mp4\" src=\"https:\/\/toidupakk.ee\/wp-content\/uploads\/2025\/11\/Sandberg-Powerbank-USB-C-PD-130W-50000-2.mp4?_=1\" \/><a href=\"https:\/\/toidupakk.ee\/wp-content\/uploads\/2025\/11\/Sandberg-Powerbank-USB-C-PD-130W-50000-2.mp4\">https:\/\/toidupakk.ee\/wp-content\/uploads\/2025\/11\/Sandberg-Powerbank-USB-C-PD-130W-50000-2.mp4<\/a><\/video><\/div>\n<h2 data-start=\"1277\" data-end=\"1376\"><strong data-start=\"1280\" data-end=\"1376\">Krauk ne\u0161iojamuosius kompiuterius pilnu grei\u010diu \u2013 iki 100 W i\u0161vestis<\/strong><\/h2>\n<p data-start=\"1378\" data-end=\"1611\">I\u0161orinis akumuliatorius palaiko USB-C PD \u012fkrovim\u0105 iki 100 W galia, tod\u0117l USB-C maitinamus \u012frenginius galima \u012fkrauti maksimaliu grei\u010diu.<br data-start=\"1507\" data-end=\"1510\">Be to, antrasis USB-C prievadas u\u017etikrina iki 30 W i\u0161vest\u012f, o USB-A lizdai \u2013 iki 18 W bendr\u0105 i\u0161vest\u012f.<\/p>\n<h2 data-start=\"2157\" data-end=\"2249\"><strong data-start=\"2160\" data-end=\"2249\">Krauk iki 5 \u012frengini\u0173 vienu metu \u2013 keli\u0173 \u012frengini\u0173 palaikymas<\/strong><\/h2>\n<p data-start=\"2251\" data-end=\"2441\">Akumuliatorius turi tris USB-A i\u0161vestis ir du USB-C prievadus, leid\u017eian\u010dius vienu metu \u012fkrauti iki penki\u0173 \u012frengini\u0173.<br data-start=\"2358\" data-end=\"2361\">Tai suteikia lankstumo vienu metu naudoti kelis telefonus, \u012frenginius ar priedus.<\/p>\n<p data-start=\"2251\" data-end=\"2441\"><img fetchpriority=\"high\" decoding=\"async\" class=\"alignright wp-image-42512 size-thumbnail\" src=\"https:\/\/toidupakk.ee\/wp-content\/uploads\/2025\/11\/4-5-500x500.png\" alt=\"Galingas i\u0161orinis akumuliatorius \u201eSandberg\u00ae\u201c 130W 50 000 mAh krauna ne\u0161iojamuosius kompiuterius pilnu grei\u010diu, palaiko greit\u0105 USB-C PD \u012fkrovim\u0105 ir leid\u017eia vienu metu \u012fkrauti iki 5 \u012frengini\u0173.\" width=\"500\" height=\"500\" srcset=\"https:\/\/toidupakk.ee\/wp-content\/uploads\/2025\/11\/4-5-500x500.png 500w, https:\/\/toidupakk.ee\/wp-content\/uploads\/2025\/11\/4-5-300x300.png 300w, https:\/\/toidupakk.ee\/wp-content\/uploads\/2025\/11\/4-5-768x768.png 768w, https:\/\/toidupakk.ee\/wp-content\/uploads\/2025\/11\/4-5-400x400.png 400w, https:\/\/toidupakk.ee\/wp-content\/uploads\/2025\/11\/4-5-100x100.png 100w, https:\/\/toidupakk.ee\/wp-content\/uploads\/2025\/11\/4-5-50x50.png 50w, https:\/\/toidupakk.ee\/wp-content\/uploads\/2025\/11\/4-5.png 800w\" sizes=\"(max-width: 500px) 100vw, 500px\" \/><\/p>\n<h2 data-start=\"2448\" data-end=\"2544\"><strong data-start=\"2451\" data-end=\"2544\">\u201eAlways-ON\u201c re\u017eimas \u2013 palaiko ma\u017eos galios \u012frenginius<\/strong><\/h2>\n<p data-start=\"2546\" data-end=\"2692\">\u012erenginys palaiko \u201eAlways-ON Mode\u201c funkcij\u0105, kuri leid\u017eia \u012fkrauti net ir labai ma\u017eos galios \u012frenginius, akumuliatoriui automati\u0161kai nei\u0161sijungiant.<\/p>\n<h2 data-start=\"2699\" data-end=\"2784\"><strong data-start=\"2702\" data-end=\"2784\">Integruotas 2 W \u017eibintas \u2013 papildomas ap\u0161vietimas<\/strong><\/h2>\n<p data-start=\"2786\" data-end=\"2947\">\u201eSandberg\u00ae\u201c 130W akumuliatorius turi integruot\u0105 2 W \u017eibint\u0105, suteikiant\u012f papildomos \u0161viesos tamsiu paros metu.<br data-start=\"2894\" data-end=\"2897\">\u017dibintas leid\u017eia ap\u0161viesti darbo zon\u0105, kambar\u012f ar palapin\u0119.<\/p>\n<h2 data-start=\"2954\" data-end=\"3030\"><strong data-start=\"2957\" data-end=\"3030\">\u012ekrovos b\u016bsenos ekranas \u2013 \u201eSandberg\u00ae\u201c 130W 50 000 mAh indikatorius<\/strong><\/h2>\n<p data-start=\"3032\" data-end=\"3128\">Akumuliatorius turi vizual\u0173 \u012fkrovos b\u016bsenos indikatori\u0173, rodant\u012f baterijos lyg\u012f ir aktyvius prievad\u0173 re\u017eimus.<\/p>\n<h2 data-start=\"3278\" data-end=\"3344\"><strong data-start=\"3281\" data-end=\"3344\">Techniniai duomenys \u2013 Galingas i\u0161orinis akumuliatorius \u201eSandberg\u00ae\u201c 130W 50 000 mAh<\/strong><\/h2>\n<ul>\n<li data-start=\"3348\" data-end=\"3380\">Talpa: 50 000 mAh \/ 185 Wh<\/li>\n<li data-start=\"3383\" data-end=\"3406\">Akumuliatoriaus tipas: li\u010dio jon\u0173<\/li>\n<li data-start=\"3409\" data-end=\"3462\">I\u0161vestys: USB-C (30 W + 100 W), USB-A (i\u0161 viso 18 W)<\/li>\n<li data-start=\"3465\" data-end=\"3496\">\u012evestys: USB-C (18 W + 60 W)<\/li>\n<li data-start=\"3499\" data-end=\"3524\">Integruotas \u017eibintas: 2 W<\/li>\n<li data-start=\"3527\" data-end=\"3548\">\u201eAlways-ON Mode\u201c palaikymas<\/li>\n<li data-start=\"3551\" data-end=\"3573\">\u012ekrovos b\u016bsenos ekranas<\/li>\n<li data-start=\"3576\" data-end=\"3600\">\u012ekrovimo temp.: 0\u201360 \u00b0C<\/li>\n<li data-start=\"3603\" data-end=\"3629\">I\u0161krovimo temp.: \u201310\u201360 \u00b0C<\/li>\n<\/ul>\n<p>Komplekte:<\/p>\n<ul>\n<li data-start=\"3603\" data-end=\"3629\">1 \u201eSandberg Powerbank USB-C PD 130W 50000\u201c<\/li>\n<li><i class=\"fa fa-check\"><\/i>1 trumpas vadovas<\/li>\n<li><i class=\"fa fa-check\"><\/i>1 USB-C \u012f USB-C laidas, maks. 100 W, ilgis 50 cm<\/li>\n<li><i class=\"fa fa-check\"><\/i>1 USB-A \u012f USB-C laidas, maks. 2 A, ilgis 50 cm<\/li>\n<\/ul>\n<p>&nbsp;<\/p>\n<p data-start=\"1710\" data-end=\"1733\">1 prievadas \u2013 USB-C OUT:<\/p>\n<ul>\n<li data-start=\"1736\" data-end=\"1745\">5 V \/ 3,0 A<\/li>\n<li data-start=\"1748\" data-end=\"1757\">9 V \/ 3,0 A<\/li>\n<li data-start=\"1760\" data-end=\"1784\">12 V \/ 2,5 A<br data-start=\"1768\" data-end=\"1771\"><em data-start=\"1771\" data-end=\"1784\">(iki 30 W)<\/em><\/li>\n<\/ul>\n<p data-start=\"1786\" data-end=\"1808\">2 prievadas \u2013 USB-C IN:<\/p>\n<ul>\n<li data-start=\"1811\" data-end=\"1820\">5 V \/ 2,0 A<\/li>\n<li data-start=\"1823\" data-end=\"1846\">9 V \/ 2,0 A<br data-start=\"1830\" data-end=\"1833\"><em data-start=\"1833\" data-end=\"1846\">(iki 18 W)<\/em><\/li>\n<\/ul>\n<p data-start=\"1848\" data-end=\"1871\">3 prievadas \u2013 USB-C OUT:<\/p>\n<ul>\n<li data-start=\"1874\" data-end=\"1883\">5 V \/ 3,0 A<\/li>\n<li data-start=\"1886\" data-end=\"1895\">9 V \/ 3,0 A<\/li>\n<li data-start=\"1898\" data-end=\"1908\">12 V \/ 3,0 A<\/li>\n<li data-start=\"1911\" data-end=\"1921\">15 V \/ 3,0 A<\/li>\n<li data-start=\"1924\" data-end=\"1949\">20 V \/ 5,0 A<br data-start=\"1932\" data-end=\"1935\"><em data-start=\"1935\" data-end=\"1949\">(iki 100 W)<\/em><\/li>\n<\/ul>\n<p data-start=\"1951\" data-end=\"1973\">3 prievadas \u2013 USB-C IN:<\/p>\n<ul>\n<li data-start=\"1976\" data-end=\"1985\">5 V \/ 3,0 A<\/li>\n<li data-start=\"1988\" data-end=\"1997\">9 V \/ 3,0 A<\/li>\n<li data-start=\"2000\" data-end=\"2010\">12 V \/ 3,0 A<\/li>\n<li data-start=\"2013\" data-end=\"2023\">15 V \/ 3,0 A<\/li>\n<li data-start=\"2026\" data-end=\"2050\">20 V \/ 3,0 A<br data-start=\"2034\" data-end=\"2037\"><em data-start=\"2037\" data-end=\"2050\">(iki 60 W)<\/em><\/li>\n<\/ul>\n<p data-start=\"2052\" data-end=\"2093\">4 \/ 5 \/ 6 prievadai \u2013 USB-A OUT:<\/p>\n<ul>\n<li data-start=\"2096\" data-end=\"2150\">5 V \/ 3,0 A<br data-start=\"2103\" data-end=\"2106\"><em data-start=\"2106\" data-end=\"2150\">(i\u0161 viso iki 18 W, subalansuota apkrova)<\/em><\/li>\n<\/ul>\n<p data-start=\"2823\" data-end=\"2862\">\u017di\u016br\u0117k <strong data-start=\"2829\" data-end=\"2850\">visus i\u0161orinius akumuliatorius<\/strong> <a href=\"https:\/\/toidupakk.ee\/lt\/tootekategooria\/isoriniai-akumuliatoriai\/\">\u010cIA<\/a><\/p>\n<p data-start=\"2864\" data-end=\"2916\">Domina <strong data-start=\"2879\" data-end=\"2897\">maistas \u017eygiams<\/strong>? \u017di\u016br\u0117k <a href=\"https:\/\/toidupakk.ee\/tootekategooria\/zygio-maistas\/pearoad\/\">\u010cIA<\/a> <\/p>\n<p data-start=\"2918\" data-end=\"3008\">Pasisemk \u012fkv\u0117pimo kitam nuotykiui <strong data-start=\"2960\" data-end=\"2986\">\u201eToidupakk\u201c <a href=\"https:\/\/www.instagram.com\/toidupakk\/\">Instagram<\/a> ir <a href=\"https:\/\/www.facebook.com\/Toidupakk\/\">Facebook<\/a> paskyrose.<\/strong><\/p>\n","protected":false},"excerpt":{"rendered":"<p data-start=\"313\" data-end=\"648\"><strong>\u201eSandberg\u00ae\u201c 130W 50 000 mAh yra galingas i\u0161orinis akumuliatorius, pasi\u017eymintis dideliu grei\u010diu, puikiu na\u0161umu ir itin didele talpa. Kai n\u0117ra elektros tinklo, jis u\u017etikrina optimal\u0173 bet kurio mobiliojo \u012frenginio \u012fkrovim\u0105. Palaiko USB-A ir USB-C PD 30 W + 100 W \u012fkrovim\u0105 bei leid\u017eia krauti USB-C ne\u0161iojamuosius kompiuterius. Integruotas \u017eibintas padeda ap\u0161viesti aplink\u0105 tamsoje.   <\/strong><\/p>\n<ul>\n<li>Leid\u017eia krauti <strong data-start=\"763\" data-end=\"798\">USB-C ne\u0161iojamuosius kompiuterius pilnu grei\u010diu<\/strong><\/li>\n<li data-start=\"652\" data-end=\"696\">Akumuliatoriaus talpa <strong data-start=\"671\" data-end=\"694\">50 000 mAh \/ 185 Wh<\/strong><\/li>\n<li data-start=\"699\" data-end=\"742\">Palaiko <strong data-start=\"706\" data-end=\"740\">USB-A ir USB-C PD 30 W + 100 W<\/strong><\/li>\n<li data-start=\"803\" data-end=\"835\">Krauna <strong data-start=\"808\" data-end=\"833\">iki 5 \u012frengini\u0173 vienu metu<\/strong><\/li>\n<li data-start=\"838\" data-end=\"866\">Integruotas <strong data-start=\"852\" data-end=\"864\">2 W \u017eibintas<\/strong><\/li>\n<li data-start=\"899\" data-end=\"925\">\u012ekrovos b\u016bsenos <strong data-start=\"913\" data-end=\"923\">ekranas<\/strong><\/li>\n<li>Palaiko <strong data-start=\"876\" data-end=\"894\">\u201eAlways-ON Mode\u201c<\/strong><\/li>\n<\/ul>\n<p>\u2705 Turime sand\u0117lyje, greitas pristatymas per 1\u20133 d. d.<br data-start=\"1889\" data-end=\"1892\">\u2705 Pirk dabar, mok\u0117k v\u0117liau (0 % pal\u016bkan\u0173)<\/p>\n","protected":false},"featured_media":45794,"comment_status":"open","ping_status":"closed","template":"","meta":{"_acf_changed":false},"product_brand":[],"product_cat":[207,243,200,189,190],"product_tag":[],"class_list":{"0":"post-45771","1":"product","2":"type-product","3":"status-publish","4":"has-post-thumbnail","6":"product_cat-elektronika","7":"product_cat-isoriniai-akumuliatoriai","8":"product_cat-praktiskos-dovanu-idejos","9":"product_cat-zygio-iranga","10":"product_cat-zygio-prekes","12":"first","13":"onbackorder","14":"sale","15":"taxable","16":"shipping-taxable","17":"purchasable","18":"product-type-simple"},"bundled_by":[],"bundle_stock_status":"onbackorder","bundle_stock_quantity":0,"bundle_virtual":false,"bundle_layout":"","bundle_add_to_cart_form_location":"","bundle_editable_in_cart":false,"bundle_sold_individually_context":"","bundle_item_grouping":"","bundle_min_size":"","bundle_max_size":"","bundle_price":[],"bundled_items":[],"bundle_sell_ids":[],"acf":[],"yoast_head":"<!-- This site is optimized with the Yoast SEO plugin v27.3 - https:\/\/yoast.com\/product\/yoast-seo-wordpress\/ -->\n<title>Galingas i\u0161orinis akumuliatorius \u201eSandberg\u00ae\u201c 130W 50 000 mAh<\/title>\n<meta name=\"description\" content=\"Galingas i\u0161orinis akumuliatorius \u201eSandberg\u00ae\u201c 130W 50 000 mAh krauna ne\u0161iojamuosius kompiuterius pilnu grei\u010diu, palaiko greit\u0105 USB-C PD \u012fkrovim\u0105 ir leid\u017eia vienu metu \u012fkrauti iki 5 \u012frengini\u0173.\" \/>\n<meta name=\"robots\" content=\"index, follow, max-snippet:-1, max-image-preview:large, max-video-preview:-1\" \/>\n<link rel=\"canonical\" href=\"https:\/\/toidupakk.ee\/lt\/toode\/galingas-isorinis-akumuliatorius-sandberg-130w-50-000-mah\/\" \/>\n<meta property=\"og:locale\" content=\"lt_LT\" \/>\n<meta property=\"og:type\" content=\"article\" \/>\n<meta property=\"og:title\" content=\"Galingas i\u0161orinis akumuliatorius \u201eSandberg\u00ae\u201c 130W 50 000 mAh\" \/>\n<meta property=\"og:description\" content=\"Galingas i\u0161orinis akumuliatorius \u201eSandberg\u00ae\u201c 130W 50 000 mAh krauna ne\u0161iojamuosius kompiuterius pilnu grei\u010diu, palaiko greit\u0105 USB-C PD \u012fkrovim\u0105 ir leid\u017eia vienu metu \u012fkrauti iki 5 \u012frengini\u0173.\" \/>\n<meta property=\"og:url\" content=\"https:\/\/toidupakk.ee\/lt\/toode\/galingas-isorinis-akumuliatorius-sandberg-130w-50-000-mah\/\" \/>\n<meta property=\"og:site_name\" content=\"Toidupakk.ee - Tactical Foodpack toidupakid\" \/>\n<meta property=\"article:publisher\" content=\"https:\/\/www.facebook.com\/Toidupakk\" \/>\n<meta property=\"article:modified_time\" content=\"2026-04-15T03:31:04+00:00\" \/>\n<meta property=\"og:image\" content=\"https:\/\/toidupakk.ee\/wp-content\/uploads\/2025\/11\/1-5.png\" \/>\n\t<meta property=\"og:image:width\" content=\"800\" \/>\n\t<meta property=\"og:image:height\" content=\"800\" \/>\n\t<meta property=\"og:image:type\" content=\"image\/png\" \/>\n<meta name=\"twitter:card\" content=\"summary_large_image\" \/>\n<meta name=\"twitter:label1\" content=\"Est. reading time\" \/>\n\t<meta name=\"twitter:data1\" content=\"2 minut\u0117s\" \/>\n<script type=\"application\/ld+json\" class=\"yoast-schema-graph\">{\"@context\":\"https:\\\/\\\/schema.org\",\"@graph\":[{\"@type\":\"WebPage\",\"@id\":\"https:\\\/\\\/toidupakk.ee\\\/lt\\\/toode\\\/galingas-isorinis-akumuliatorius-sandberg-130w-50-000-mah\\\/\",\"url\":\"https:\\\/\\\/toidupakk.ee\\\/lt\\\/toode\\\/galingas-isorinis-akumuliatorius-sandberg-130w-50-000-mah\\\/\",\"name\":\"Galingas i\u0161orinis akumuliatorius \u201eSandberg\u00ae\u201c 130W 50 000 mAh\",\"isPartOf\":{\"@id\":\"https:\\\/\\\/toidupakk.ee\\\/lt\\\/#website\"},\"primaryImageOfPage\":{\"@id\":\"https:\\\/\\\/toidupakk.ee\\\/lt\\\/toode\\\/galingas-isorinis-akumuliatorius-sandberg-130w-50-000-mah\\\/#primaryimage\"},\"image\":{\"@id\":\"https:\\\/\\\/toidupakk.ee\\\/lt\\\/toode\\\/galingas-isorinis-akumuliatorius-sandberg-130w-50-000-mah\\\/#primaryimage\"},\"thumbnailUrl\":\"https:\\\/\\\/toidupakk.ee\\\/wp-content\\\/uploads\\\/2025\\\/11\\\/1-5.png\",\"datePublished\":\"2025-11-20T08:57:44+00:00\",\"dateModified\":\"2026-04-15T03:31:04+00:00\",\"description\":\"Galingas i\u0161orinis akumuliatorius \u201eSandberg\u00ae\u201c 130W 50 000 mAh krauna ne\u0161iojamuosius kompiuterius pilnu grei\u010diu, palaiko greit\u0105 USB-C PD \u012fkrovim\u0105 ir leid\u017eia vienu metu \u012fkrauti iki 5 \u012frengini\u0173.\",\"breadcrumb\":{\"@id\":\"https:\\\/\\\/toidupakk.ee\\\/lt\\\/toode\\\/galingas-isorinis-akumuliatorius-sandberg-130w-50-000-mah\\\/#breadcrumb\"},\"inLanguage\":\"lt-LT\",\"potentialAction\":[{\"@type\":\"ReadAction\",\"target\":[\"https:\\\/\\\/toidupakk.ee\\\/lt\\\/toode\\\/galingas-isorinis-akumuliatorius-sandberg-130w-50-000-mah\\\/\"]}]},{\"@type\":\"ImageObject\",\"inLanguage\":\"lt-LT\",\"@id\":\"https:\\\/\\\/toidupakk.ee\\\/lt\\\/toode\\\/galingas-isorinis-akumuliatorius-sandberg-130w-50-000-mah\\\/#primaryimage\",\"url\":\"https:\\\/\\\/toidupakk.ee\\\/wp-content\\\/uploads\\\/2025\\\/11\\\/1-5.png\",\"contentUrl\":\"https:\\\/\\\/toidupakk.ee\\\/wp-content\\\/uploads\\\/2025\\\/11\\\/1-5.png\",\"width\":800,\"height\":800},{\"@type\":\"BreadcrumbList\",\"@id\":\"https:\\\/\\\/toidupakk.ee\\\/lt\\\/toode\\\/galingas-isorinis-akumuliatorius-sandberg-130w-50-000-mah\\\/#breadcrumb\",\"itemListElement\":[{\"@type\":\"ListItem\",\"position\":1,\"name\":\"Avaleht\",\"item\":\"https:\\\/\\\/toidupakk.ee\\\/lt\\\/\"},{\"@type\":\"ListItem\",\"position\":2,\"name\":\"El. parduotuv\u0117\",\"item\":\"https:\\\/\\\/toidupakk.ee\\\/lt\\\/el-parduotuve\\\/\"},{\"@type\":\"ListItem\",\"position\":3,\"name\":\"Galingas i\u0161orinis akumuliatorius \u201eSandberg\u00ae\u201c 130W 50 000 mAh\"}]},{\"@type\":\"WebSite\",\"@id\":\"https:\\\/\\\/toidupakk.ee\\\/lt\\\/#website\",\"url\":\"https:\\\/\\\/toidupakk.ee\\\/lt\\\/\",\"name\":\"Toidupakk.ee - Tactical Foodpack toidupakid\",\"description\":\"Tactical Foodpack k\u00fclmkuivatatud toidupakid ja matkaeined\",\"publisher\":{\"@id\":\"https:\\\/\\\/toidupakk.ee\\\/lt\\\/#organization\"},\"potentialAction\":[{\"@type\":\"SearchAction\",\"target\":{\"@type\":\"EntryPoint\",\"urlTemplate\":\"https:\\\/\\\/toidupakk.ee\\\/lt\\\/?s={search_term_string}\"},\"query-input\":{\"@type\":\"PropertyValueSpecification\",\"valueRequired\":true,\"valueName\":\"search_term_string\"}}],\"inLanguage\":\"lt-LT\"},{\"@type\":\"Organization\",\"@id\":\"https:\\\/\\\/toidupakk.ee\\\/lt\\\/#organization\",\"name\":\"Tactical Foodpack matkaeined\",\"url\":\"https:\\\/\\\/toidupakk.ee\\\/lt\\\/\",\"logo\":{\"@type\":\"ImageObject\",\"inLanguage\":\"lt-LT\",\"@id\":\"https:\\\/\\\/toidupakk.ee\\\/lt\\\/#\\\/schema\\\/logo\\\/image\\\/\",\"url\":\"https:\\\/\\\/toidupakk.ee\\\/wp-content\\\/uploads\\\/2022\\\/01\\\/Toidupakk-matkapood-logo-transparent.png\",\"contentUrl\":\"https:\\\/\\\/toidupakk.ee\\\/wp-content\\\/uploads\\\/2022\\\/01\\\/Toidupakk-matkapood-logo-transparent.png\",\"width\":500,\"height\":500,\"caption\":\"Tactical Foodpack matkaeined\"},\"image\":{\"@id\":\"https:\\\/\\\/toidupakk.ee\\\/lt\\\/#\\\/schema\\\/logo\\\/image\\\/\"},\"sameAs\":[\"https:\\\/\\\/www.facebook.com\\\/Toidupakk\",\"https:\\\/\\\/www.instagram.com\\\/toidupakk\\\/\"]}]}<\/script>\n<!-- \/ Yoast SEO plugin. -->","yoast_head_json":{"title":"Galingas i\u0161orinis akumuliatorius \u201eSandberg\u00ae\u201c 130W 50 000 mAh","description":"Galingas i\u0161orinis akumuliatorius \u201eSandberg\u00ae\u201c 130W 50 000 mAh krauna ne\u0161iojamuosius kompiuterius pilnu grei\u010diu, palaiko greit\u0105 USB-C PD \u012fkrovim\u0105 ir leid\u017eia vienu metu \u012fkrauti iki 5 \u012frengini\u0173.","robots":{"index":"index","follow":"follow","max-snippet":"max-snippet:-1","max-image-preview":"max-image-preview:large","max-video-preview":"max-video-preview:-1"},"canonical":"https:\/\/toidupakk.ee\/lt\/toode\/galingas-isorinis-akumuliatorius-sandberg-130w-50-000-mah\/","og_locale":"lt_LT","og_type":"article","og_title":"Galingas i\u0161orinis akumuliatorius \u201eSandberg\u00ae\u201c 130W 50 000 mAh","og_description":"Galingas i\u0161orinis akumuliatorius \u201eSandberg\u00ae\u201c 130W 50 000 mAh krauna ne\u0161iojamuosius kompiuterius pilnu grei\u010diu, palaiko greit\u0105 USB-C PD \u012fkrovim\u0105 ir leid\u017eia vienu metu \u012fkrauti iki 5 \u012frengini\u0173.","og_url":"https:\/\/toidupakk.ee\/lt\/toode\/galingas-isorinis-akumuliatorius-sandberg-130w-50-000-mah\/","og_site_name":"Toidupakk.ee - Tactical Foodpack toidupakid","article_publisher":"https:\/\/www.facebook.com\/Toidupakk","article_modified_time":"2026-04-15T03:31:04+00:00","og_image":[{"width":800,"height":800,"url":"https:\/\/toidupakk.ee\/wp-content\/uploads\/2025\/11\/1-5.png","type":"image\/png"}],"twitter_card":"summary_large_image","twitter_misc":{"Est. reading time":"2 minut\u0117s"},"schema":{"@context":"https:\/\/schema.org","@graph":[{"@type":"WebPage","@id":"https:\/\/toidupakk.ee\/lt\/toode\/galingas-isorinis-akumuliatorius-sandberg-130w-50-000-mah\/","url":"https:\/\/toidupakk.ee\/lt\/toode\/galingas-isorinis-akumuliatorius-sandberg-130w-50-000-mah\/","name":"Galingas i\u0161orinis akumuliatorius \u201eSandberg\u00ae\u201c 130W 50 000 mAh","isPartOf":{"@id":"https:\/\/toidupakk.ee\/lt\/#website"},"primaryImageOfPage":{"@id":"https:\/\/toidupakk.ee\/lt\/toode\/galingas-isorinis-akumuliatorius-sandberg-130w-50-000-mah\/#primaryimage"},"image":{"@id":"https:\/\/toidupakk.ee\/lt\/toode\/galingas-isorinis-akumuliatorius-sandberg-130w-50-000-mah\/#primaryimage"},"thumbnailUrl":"https:\/\/toidupakk.ee\/wp-content\/uploads\/2025\/11\/1-5.png","datePublished":"2025-11-20T08:57:44+00:00","dateModified":"2026-04-15T03:31:04+00:00","description":"Galingas i\u0161orinis akumuliatorius \u201eSandberg\u00ae\u201c 130W 50 000 mAh krauna ne\u0161iojamuosius kompiuterius pilnu grei\u010diu, palaiko greit\u0105 USB-C PD \u012fkrovim\u0105 ir leid\u017eia vienu metu \u012fkrauti iki 5 \u012frengini\u0173.","breadcrumb":{"@id":"https:\/\/toidupakk.ee\/lt\/toode\/galingas-isorinis-akumuliatorius-sandberg-130w-50-000-mah\/#breadcrumb"},"inLanguage":"lt-LT","potentialAction":[{"@type":"ReadAction","target":["https:\/\/toidupakk.ee\/lt\/toode\/galingas-isorinis-akumuliatorius-sandberg-130w-50-000-mah\/"]}]},{"@type":"ImageObject","inLanguage":"lt-LT","@id":"https:\/\/toidupakk.ee\/lt\/toode\/galingas-isorinis-akumuliatorius-sandberg-130w-50-000-mah\/#primaryimage","url":"https:\/\/toidupakk.ee\/wp-content\/uploads\/2025\/11\/1-5.png","contentUrl":"https:\/\/toidupakk.ee\/wp-content\/uploads\/2025\/11\/1-5.png","width":800,"height":800},{"@type":"BreadcrumbList","@id":"https:\/\/toidupakk.ee\/lt\/toode\/galingas-isorinis-akumuliatorius-sandberg-130w-50-000-mah\/#breadcrumb","itemListElement":[{"@type":"ListItem","position":1,"name":"Avaleht","item":"https:\/\/toidupakk.ee\/lt\/"},{"@type":"ListItem","position":2,"name":"El. parduotuv\u0117","item":"https:\/\/toidupakk.ee\/lt\/el-parduotuve\/"},{"@type":"ListItem","position":3,"name":"Galingas i\u0161orinis akumuliatorius \u201eSandberg\u00ae\u201c 130W 50 000 mAh"}]},{"@type":"WebSite","@id":"https:\/\/toidupakk.ee\/lt\/#website","url":"https:\/\/toidupakk.ee\/lt\/","name":"Toidupakk.ee - Tactical Foodpack toidupakid","description":"Tactical Foodpack k\u00fclmkuivatatud toidupakid ja matkaeined","publisher":{"@id":"https:\/\/toidupakk.ee\/lt\/#organization"},"potentialAction":[{"@type":"SearchAction","target":{"@type":"EntryPoint","urlTemplate":"https:\/\/toidupakk.ee\/lt\/?s={search_term_string}"},"query-input":{"@type":"PropertyValueSpecification","valueRequired":true,"valueName":"search_term_string"}}],"inLanguage":"lt-LT"},{"@type":"Organization","@id":"https:\/\/toidupakk.ee\/lt\/#organization","name":"Tactical Foodpack matkaeined","url":"https:\/\/toidupakk.ee\/lt\/","logo":{"@type":"ImageObject","inLanguage":"lt-LT","@id":"https:\/\/toidupakk.ee\/lt\/#\/schema\/logo\/image\/","url":"https:\/\/toidupakk.ee\/wp-content\/uploads\/2022\/01\/Toidupakk-matkapood-logo-transparent.png","contentUrl":"https:\/\/toidupakk.ee\/wp-content\/uploads\/2022\/01\/Toidupakk-matkapood-logo-transparent.png","width":500,"height":500,"caption":"Tactical Foodpack matkaeined"},"image":{"@id":"https:\/\/toidupakk.ee\/lt\/#\/schema\/logo\/image\/"},"sameAs":["https:\/\/www.facebook.com\/Toidupakk","https:\/\/www.instagram.com\/toidupakk\/"]}]}},"jetpack_sharing_enabled":true,"_links":{"self":[{"href":"https:\/\/toidupakk.ee\/lt\/wp-json\/wp\/v2\/product\/45771","targetHints":{"allow":["GET"]}}],"collection":[{"href":"https:\/\/toidupakk.ee\/lt\/wp-json\/wp\/v2\/product"}],"about":[{"href":"https:\/\/toidupakk.ee\/lt\/wp-json\/wp\/v2\/types\/product"}],"replies":[{"embeddable":true,"href":"https:\/\/toidupakk.ee\/lt\/wp-json\/wp\/v2\/comments?post=45771"}],"wp:featuredmedia":[{"embeddable":true,"href":"https:\/\/toidupakk.ee\/lt\/wp-json\/wp\/v2\/media\/45794"}],"wp:attachment":[{"href":"https:\/\/toidupakk.ee\/lt\/wp-json\/wp\/v2\/media?parent=45771"}],"wp:term":[{"taxonomy":"product_brand","embeddable":true,"href":"https:\/\/toidupakk.ee\/lt\/wp-json\/wp\/v2\/product_brand?post=45771"},{"taxonomy":"product_cat","embeddable":true,"href":"https:\/\/toidupakk.ee\/lt\/wp-json\/wp\/v2\/product_cat?post=45771"},{"taxonomy":"product_tag","embeddable":true,"href":"https:\/\/toidupakk.ee\/lt\/wp-json\/wp\/v2\/product_tag?post=45771"}],"curies":[{"name":"wp","href":"https:\/\/api.w.org\/{rel}","templated":true}]}}