{"id":45763,"date":"2025-11-07T11:43:30","date_gmt":"2025-11-07T09:43:30","guid":{"rendered":"https:\/\/toidupakk.ee\/toode\/presto-chilli-sin-carne-rinkinyje-yra-5-vnt\/"},"modified":"2026-04-04T00:00:03","modified_gmt":"2026-04-03T21:00:03","slug":"presto-chilli-sin-carne-rinkinyje-yra-5-vnt","status":"publish","type":"product","link":"https:\/\/toidupakk.ee\/lt\/toode\/presto-chilli-sin-carne-rinkinyje-yra-5-vnt\/","title":{"rendered":"PRESTO Chilli sin carne (rinkinyje yra 5 vnt.)"},"content":{"rendered":"<h1><img fetchpriority=\"high\" decoding=\"async\" class=\"alignright wp-image-41126 size-thumbnail\" src=\"https:\/\/toidupakk.ee\/wp-content\/uploads\/2025\/11\/15-500x500.png\" alt=\"\" width=\"500\" height=\"500\" srcset=\"https:\/\/toidupakk.ee\/wp-content\/uploads\/2025\/11\/15-500x500.png 500w, https:\/\/toidupakk.ee\/wp-content\/uploads\/2025\/11\/15-300x300.png 300w, https:\/\/toidupakk.ee\/wp-content\/uploads\/2025\/11\/15-768x768.png 768w, https:\/\/toidupakk.ee\/wp-content\/uploads\/2025\/11\/15-400x400.png 400w, https:\/\/toidupakk.ee\/wp-content\/uploads\/2025\/11\/15-100x100.png 100w, https:\/\/toidupakk.ee\/wp-content\/uploads\/2025\/11\/15-50x50.png 50w, https:\/\/toidupakk.ee\/wp-content\/uploads\/2025\/11\/15.png 800w\" sizes=\"(max-width: 500px) 100vw, 500px\" \/>PRESTO Chilli sin carne \u2013 5 patiekal\u0173 rinkinys<\/h1>\n<p><strong>Sudedamosios dalys<\/strong><br \/>\nRaudonosios pupel\u0117s (25 %), pomidor\u0173 kubeliai, raudonoji paprika, vanduo, juodosios pupel\u0117s (10 %), svog\u016bnai, morkos, pomidor\u0173 pasta, raps\u0173 aliejus, \u010desnakai, cukrus, j\u016bros druska, modifikuotas krakmolas, \u017eolel\u0117s ir prieskoniai.<\/p>\n<p class=\"mb-2 text-arwen-100\"><strong>Maistin\u0117 vert\u0117 100 g<\/strong><\/p>\n<ul>\n<li>energin\u0117 vert\u0117 474 kJ \/ 113 kcal<\/li>\n<li>riebalai 2,5 g, i\u0161 kuri\u0173 so\u010di\u0173j\u0173 riebal\u0173 r\u016bg\u0161\u010di\u0173 0,2 g<\/li>\n<li>angliavandeniai 16 g, i\u0161 kuri\u0173 cukr\u0173 5,3 g<\/li>\n<li>baltymai 5,1 g<\/li>\n<li>druska 1,1 g<\/li>\n<\/ul>\n<h2>PRESTO Chilli sin carne vartojimo instrukcija<\/h2>\n<div class=\"custom-content\">\n<p>Vartoti paruo\u0161tas produktas. <strong>3 \u0161ildymo b\u016bdai<\/strong>:<\/p>\n<ol>\n<li>Prapjauk pakuot\u0119 apie 2 cm ir d\u0117k 2 minut\u0117ms \u012f mikrobang\u0173 krosnel\u0119 nustat\u0119s did\u017eiausi\u0105 gali\u0105.<\/li>\n<li>Supilk pada\u017e\u0105 \u012f puod\u0105 ir \u0161ildyk 5 minutes retkar\u010diais pamai\u0161ydamas.<\/li>\n<li>\u012ed\u0117k neatidaryt\u0105 pakuot\u0119 \u012f verdant\u012f vanden\u012f ir kaitink 4\u20135 minutes.<\/li>\n<\/ol>\n<\/div>\n<p>&nbsp;<\/p>\n<p>Domiesi \u017eygio reikmenimis? Su\u017einok daugiau <a href=\"https:\/\/toidupakk.ee\/lt\/tootekategooria\/zygio-iranga\/#section-3-79\">\u010cIA<\/a><\/p>\n<p>O gal domina \u017eygio maistas? \u017di\u016br\u0117k <a href=\"https:\/\/toidupakk.ee\/tootekategooria\/zygio-maistas\/pearoad\/\">\u010cIA<\/a><\/p>\n<p>Pasisemk \u012fkv\u0117pimo kitiems nuotykiams \u201eToidupakk\u201c <a href=\"https:\/\/www.instagram.com\/toidupakk\/\">Instagram<\/a> ir <a href=\"https:\/\/www.facebook.com\/Toidupakk\/\">Facebook<\/a> paskyrose.<\/p>\n","protected":false},"excerpt":{"rendered":"<p><strong>Patogus maistas, si\u016blantis greit\u0105 ir paprast\u0105 sprendim\u0105 kiekvienai dienai \u2013 tereikia pa\u0161ildyti!<\/strong><\/p>\n<ul>\n<li><strong>D\u0117\u017eut\u0117je rasi 5 x 350 g produktus<\/strong><\/li>\n<li><strong>Naminis ir klasikinis receptas<\/strong>, kur\u012f \u017eino ir m\u0117gsta visi \u0161eimos nariai<\/li>\n<li><strong>\u017dinomas ir m\u0117gstamas meksikieti\u0161kas patiekalas<\/strong>, kurio a\u0161trus ir sodrus skonis suteiks \u0161ilumos kiekvienam valgiui.<\/li>\n<li>\u201ePresto Chilli sin carne\u201c yra visavertis patiekalas, kuris <strong>tinka bet kuriai akimirkai<\/strong>.<\/li>\n<li>Juos lengva m\u0117gautis bet kada \u2013 tiek \u017eygyje, tiek biure ar kaip <strong>\u012fprastu patiekalu namuose<\/strong>.<\/li>\n<li>Pakuot\u0117 be aliuminio, <strong>tinkama naudoti ir mikrobang\u0173 krosnel\u0117je<\/strong><\/li>\n<li><strong>Pagaminta Estijoje<\/strong><\/li>\n<li><strong>Be konservant\u0173<\/strong>, tinka tiek <strong>vaikams, tiek suaugusiesiems<\/strong>.<\/li>\n<li><strong>\u012e kain\u0105 \u012fskai\u010diuoti 5 vnt. \/ i\u0161 viso 1,75 kg maisto<\/strong><\/li>\n<\/ul>\n<p>\u2705 Turime sand\u0117lyje, greitas pristatymas per 1\u20133 darbo dienas<\/p>\n","protected":false},"featured_media":41126,"comment_status":"open","ping_status":"closed","template":"","meta":{"_acf_changed":false},"product_brand":[],"product_cat":[240],"product_tag":[],"class_list":{"0":"post-45763","1":"product","2":"type-product","3":"status-publish","4":"has-post-thumbnail","6":"product_cat-presto-paruosti-patiekalai","8":"first","9":"instock","10":"sale","11":"taxable","12":"shipping-taxable","13":"purchasable","14":"product-type-simple"},"bundled_by":[],"bundle_stock_status":"instock","bundle_stock_quantity":10,"bundle_virtual":false,"bundle_layout":"","bundle_add_to_cart_form_location":"","bundle_editable_in_cart":false,"bundle_sold_individually_context":"","bundle_item_grouping":"","bundle_min_size":"","bundle_max_size":"","bundle_price":[],"bundled_items":[],"bundle_sell_ids":[],"acf":[],"yoast_head":"<!-- This site is optimized with the Yoast SEO plugin v27.1.1 - https:\/\/yoast.com\/product\/yoast-seo-wordpress\/ -->\n<title>PRESTO Chilli sin carne (rinkinyje yra 5 vnt.)<\/title>\n<meta name=\"description\" content=\"PRESTO Chilli sin carne \u2013 5 patiekal\u0173 rinkinys. Patogus maistas, si\u016blantis greit\u0105 ir paprast\u0105 sprendim\u0105 kiekvienai dienai \u2013 tereikia pa\u0161ildyti.\" \/>\n<meta name=\"robots\" content=\"index, follow, max-snippet:-1, max-image-preview:large, max-video-preview:-1\" \/>\n<link rel=\"canonical\" href=\"https:\/\/toidupakk.ee\/lt\/toode\/presto-chilli-sin-carne-rinkinyje-yra-5-vnt\/\" \/>\n<meta property=\"og:locale\" content=\"lt_LT\" \/>\n<meta property=\"og:type\" content=\"article\" \/>\n<meta property=\"og:title\" content=\"PRESTO Chilli sin carne (rinkinyje yra 5 vnt.)\" \/>\n<meta property=\"og:description\" content=\"PRESTO Chilli sin carne \u2013 5 patiekal\u0173 rinkinys. Patogus maistas, si\u016blantis greit\u0105 ir paprast\u0105 sprendim\u0105 kiekvienai dienai \u2013 tereikia pa\u0161ildyti.\" \/>\n<meta property=\"og:url\" content=\"https:\/\/toidupakk.ee\/lt\/toode\/presto-chilli-sin-carne-rinkinyje-yra-5-vnt\/\" \/>\n<meta property=\"og:site_name\" content=\"Toidupakk.ee - Tactical Foodpack toidupakid\" \/>\n<meta property=\"article:publisher\" content=\"https:\/\/www.facebook.com\/Toidupakk\" \/>\n<meta property=\"article:modified_time\" content=\"2026-04-03T21:00:03+00:00\" \/>\n<meta property=\"og:image\" content=\"https:\/\/toidupakk.ee\/wp-content\/uploads\/2025\/11\/15.png\" \/>\n\t<meta property=\"og:image:width\" content=\"800\" \/>\n\t<meta property=\"og:image:height\" content=\"800\" \/>\n\t<meta property=\"og:image:type\" content=\"image\/png\" \/>\n<meta name=\"twitter:card\" content=\"summary_large_image\" \/>\n<meta name=\"twitter:label1\" content=\"Est. reading time\" \/>\n\t<meta name=\"twitter:data1\" content=\"1 minut\u0117\" \/>\n<script type=\"application\/ld+json\" class=\"yoast-schema-graph\">{\"@context\":\"https:\/\/schema.org\",\"@graph\":[{\"@type\":\"WebPage\",\"@id\":\"https:\/\/toidupakk.ee\/lt\/toode\/presto-chilli-sin-carne-rinkinyje-yra-5-vnt\/\",\"url\":\"https:\/\/toidupakk.ee\/lt\/toode\/presto-chilli-sin-carne-rinkinyje-yra-5-vnt\/\",\"name\":\"PRESTO Chilli sin carne (rinkinyje yra 5 vnt.)\",\"isPartOf\":{\"@id\":\"https:\/\/toidupakk.ee\/lt\/#website\"},\"primaryImageOfPage\":{\"@id\":\"https:\/\/toidupakk.ee\/lt\/toode\/presto-chilli-sin-carne-rinkinyje-yra-5-vnt\/#primaryimage\"},\"image\":{\"@id\":\"https:\/\/toidupakk.ee\/lt\/toode\/presto-chilli-sin-carne-rinkinyje-yra-5-vnt\/#primaryimage\"},\"thumbnailUrl\":\"https:\/\/toidupakk.ee\/wp-content\/uploads\/2025\/11\/15.png\",\"datePublished\":\"2025-11-07T09:43:30+00:00\",\"dateModified\":\"2026-04-03T21:00:03+00:00\",\"description\":\"PRESTO Chilli sin carne \u2013 5 patiekal\u0173 rinkinys. Patogus maistas, si\u016blantis greit\u0105 ir paprast\u0105 sprendim\u0105 kiekvienai dienai \u2013 tereikia pa\u0161ildyti.\",\"breadcrumb\":{\"@id\":\"https:\/\/toidupakk.ee\/lt\/toode\/presto-chilli-sin-carne-rinkinyje-yra-5-vnt\/#breadcrumb\"},\"inLanguage\":\"lt-LT\",\"potentialAction\":[{\"@type\":\"ReadAction\",\"target\":[\"https:\/\/toidupakk.ee\/lt\/toode\/presto-chilli-sin-carne-rinkinyje-yra-5-vnt\/\"]}]},{\"@type\":\"ImageObject\",\"inLanguage\":\"lt-LT\",\"@id\":\"https:\/\/toidupakk.ee\/lt\/toode\/presto-chilli-sin-carne-rinkinyje-yra-5-vnt\/#primaryimage\",\"url\":\"https:\/\/toidupakk.ee\/wp-content\/uploads\/2025\/11\/15.png\",\"contentUrl\":\"https:\/\/toidupakk.ee\/wp-content\/uploads\/2025\/11\/15.png\",\"width\":800,\"height\":800,\"caption\":\"Presto Chilli sin carne. Rikkalik ja v\u00fcrtsikas mehhikop\u00e4rane lihavaba oaroog, mis on suure oasisalduse t\u00f5ttu valgu- ja toitaineterikas. Maailmak\u00f6\u00f6gi klassikasse kuuluv toit, mille antud versioon sobib ka taimetoitlaste men\u00fc\u00fcsse.\"},{\"@type\":\"BreadcrumbList\",\"@id\":\"https:\/\/toidupakk.ee\/lt\/toode\/presto-chilli-sin-carne-rinkinyje-yra-5-vnt\/#breadcrumb\",\"itemListElement\":[{\"@type\":\"ListItem\",\"position\":1,\"name\":\"Avaleht\",\"item\":\"https:\/\/toidupakk.ee\/lt\/\"},{\"@type\":\"ListItem\",\"position\":2,\"name\":\"El. parduotuv\u0117\",\"item\":\"https:\/\/toidupakk.ee\/lt\/el-parduotuve\/\"},{\"@type\":\"ListItem\",\"position\":3,\"name\":\"PRESTO Chilli sin carne (rinkinyje yra 5 vnt.)\"}]},{\"@type\":\"WebSite\",\"@id\":\"https:\/\/toidupakk.ee\/lt\/#website\",\"url\":\"https:\/\/toidupakk.ee\/lt\/\",\"name\":\"Toidupakk.ee - Tactical Foodpack toidupakid\",\"description\":\"Tactical Foodpack k\u00fclmkuivatatud toidupakid ja matkaeined\",\"publisher\":{\"@id\":\"https:\/\/toidupakk.ee\/lt\/#organization\"},\"potentialAction\":[{\"@type\":\"SearchAction\",\"target\":{\"@type\":\"EntryPoint\",\"urlTemplate\":\"https:\/\/toidupakk.ee\/lt\/?s={search_term_string}\"},\"query-input\":{\"@type\":\"PropertyValueSpecification\",\"valueRequired\":true,\"valueName\":\"search_term_string\"}}],\"inLanguage\":\"lt-LT\"},{\"@type\":\"Organization\",\"@id\":\"https:\/\/toidupakk.ee\/lt\/#organization\",\"name\":\"Tactical Foodpack matkaeined\",\"url\":\"https:\/\/toidupakk.ee\/lt\/\",\"logo\":{\"@type\":\"ImageObject\",\"inLanguage\":\"lt-LT\",\"@id\":\"https:\/\/toidupakk.ee\/lt\/#\/schema\/logo\/image\/\",\"url\":\"https:\/\/toidupakk.ee\/wp-content\/uploads\/2022\/01\/Toidupakk-matkapood-logo-transparent.png\",\"contentUrl\":\"https:\/\/toidupakk.ee\/wp-content\/uploads\/2022\/01\/Toidupakk-matkapood-logo-transparent.png\",\"width\":500,\"height\":500,\"caption\":\"Tactical Foodpack matkaeined\"},\"image\":{\"@id\":\"https:\/\/toidupakk.ee\/lt\/#\/schema\/logo\/image\/\"},\"sameAs\":[\"https:\/\/www.facebook.com\/Toidupakk\",\"https:\/\/www.instagram.com\/toidupakk\/\"]}]}<\/script>\n<!-- \/ Yoast SEO plugin. -->","yoast_head_json":{"title":"PRESTO Chilli sin carne (rinkinyje yra 5 vnt.)","description":"PRESTO Chilli sin carne \u2013 5 patiekal\u0173 rinkinys. Patogus maistas, si\u016blantis greit\u0105 ir paprast\u0105 sprendim\u0105 kiekvienai dienai \u2013 tereikia pa\u0161ildyti.","robots":{"index":"index","follow":"follow","max-snippet":"max-snippet:-1","max-image-preview":"max-image-preview:large","max-video-preview":"max-video-preview:-1"},"canonical":"https:\/\/toidupakk.ee\/lt\/toode\/presto-chilli-sin-carne-rinkinyje-yra-5-vnt\/","og_locale":"lt_LT","og_type":"article","og_title":"PRESTO Chilli sin carne (rinkinyje yra 5 vnt.)","og_description":"PRESTO Chilli sin carne \u2013 5 patiekal\u0173 rinkinys. Patogus maistas, si\u016blantis greit\u0105 ir paprast\u0105 sprendim\u0105 kiekvienai dienai \u2013 tereikia pa\u0161ildyti.","og_url":"https:\/\/toidupakk.ee\/lt\/toode\/presto-chilli-sin-carne-rinkinyje-yra-5-vnt\/","og_site_name":"Toidupakk.ee - Tactical Foodpack toidupakid","article_publisher":"https:\/\/www.facebook.com\/Toidupakk","article_modified_time":"2026-04-03T21:00:03+00:00","og_image":[{"width":800,"height":800,"url":"https:\/\/toidupakk.ee\/wp-content\/uploads\/2025\/11\/15.png","type":"image\/png"}],"twitter_card":"summary_large_image","twitter_misc":{"Est. reading time":"1 minut\u0117"},"schema":{"@context":"https:\/\/schema.org","@graph":[{"@type":"WebPage","@id":"https:\/\/toidupakk.ee\/lt\/toode\/presto-chilli-sin-carne-rinkinyje-yra-5-vnt\/","url":"https:\/\/toidupakk.ee\/lt\/toode\/presto-chilli-sin-carne-rinkinyje-yra-5-vnt\/","name":"PRESTO Chilli sin carne (rinkinyje yra 5 vnt.)","isPartOf":{"@id":"https:\/\/toidupakk.ee\/lt\/#website"},"primaryImageOfPage":{"@id":"https:\/\/toidupakk.ee\/lt\/toode\/presto-chilli-sin-carne-rinkinyje-yra-5-vnt\/#primaryimage"},"image":{"@id":"https:\/\/toidupakk.ee\/lt\/toode\/presto-chilli-sin-carne-rinkinyje-yra-5-vnt\/#primaryimage"},"thumbnailUrl":"https:\/\/toidupakk.ee\/wp-content\/uploads\/2025\/11\/15.png","datePublished":"2025-11-07T09:43:30+00:00","dateModified":"2026-04-03T21:00:03+00:00","description":"PRESTO Chilli sin carne \u2013 5 patiekal\u0173 rinkinys. Patogus maistas, si\u016blantis greit\u0105 ir paprast\u0105 sprendim\u0105 kiekvienai dienai \u2013 tereikia pa\u0161ildyti.","breadcrumb":{"@id":"https:\/\/toidupakk.ee\/lt\/toode\/presto-chilli-sin-carne-rinkinyje-yra-5-vnt\/#breadcrumb"},"inLanguage":"lt-LT","potentialAction":[{"@type":"ReadAction","target":["https:\/\/toidupakk.ee\/lt\/toode\/presto-chilli-sin-carne-rinkinyje-yra-5-vnt\/"]}]},{"@type":"ImageObject","inLanguage":"lt-LT","@id":"https:\/\/toidupakk.ee\/lt\/toode\/presto-chilli-sin-carne-rinkinyje-yra-5-vnt\/#primaryimage","url":"https:\/\/toidupakk.ee\/wp-content\/uploads\/2025\/11\/15.png","contentUrl":"https:\/\/toidupakk.ee\/wp-content\/uploads\/2025\/11\/15.png","width":800,"height":800,"caption":"Presto Chilli sin carne. Rikkalik ja v\u00fcrtsikas mehhikop\u00e4rane lihavaba oaroog, mis on suure oasisalduse t\u00f5ttu valgu- ja toitaineterikas. Maailmak\u00f6\u00f6gi klassikasse kuuluv toit, mille antud versioon sobib ka taimetoitlaste men\u00fc\u00fcsse."},{"@type":"BreadcrumbList","@id":"https:\/\/toidupakk.ee\/lt\/toode\/presto-chilli-sin-carne-rinkinyje-yra-5-vnt\/#breadcrumb","itemListElement":[{"@type":"ListItem","position":1,"name":"Avaleht","item":"https:\/\/toidupakk.ee\/lt\/"},{"@type":"ListItem","position":2,"name":"El. parduotuv\u0117","item":"https:\/\/toidupakk.ee\/lt\/el-parduotuve\/"},{"@type":"ListItem","position":3,"name":"PRESTO Chilli sin carne (rinkinyje yra 5 vnt.)"}]},{"@type":"WebSite","@id":"https:\/\/toidupakk.ee\/lt\/#website","url":"https:\/\/toidupakk.ee\/lt\/","name":"Toidupakk.ee - Tactical Foodpack toidupakid","description":"Tactical Foodpack k\u00fclmkuivatatud toidupakid ja matkaeined","publisher":{"@id":"https:\/\/toidupakk.ee\/lt\/#organization"},"potentialAction":[{"@type":"SearchAction","target":{"@type":"EntryPoint","urlTemplate":"https:\/\/toidupakk.ee\/lt\/?s={search_term_string}"},"query-input":{"@type":"PropertyValueSpecification","valueRequired":true,"valueName":"search_term_string"}}],"inLanguage":"lt-LT"},{"@type":"Organization","@id":"https:\/\/toidupakk.ee\/lt\/#organization","name":"Tactical Foodpack matkaeined","url":"https:\/\/toidupakk.ee\/lt\/","logo":{"@type":"ImageObject","inLanguage":"lt-LT","@id":"https:\/\/toidupakk.ee\/lt\/#\/schema\/logo\/image\/","url":"https:\/\/toidupakk.ee\/wp-content\/uploads\/2022\/01\/Toidupakk-matkapood-logo-transparent.png","contentUrl":"https:\/\/toidupakk.ee\/wp-content\/uploads\/2022\/01\/Toidupakk-matkapood-logo-transparent.png","width":500,"height":500,"caption":"Tactical Foodpack matkaeined"},"image":{"@id":"https:\/\/toidupakk.ee\/lt\/#\/schema\/logo\/image\/"},"sameAs":["https:\/\/www.facebook.com\/Toidupakk","https:\/\/www.instagram.com\/toidupakk\/"]}]}},"jetpack_sharing_enabled":true,"_links":{"self":[{"href":"https:\/\/toidupakk.ee\/lt\/wp-json\/wp\/v2\/product\/45763","targetHints":{"allow":["GET"]}}],"collection":[{"href":"https:\/\/toidupakk.ee\/lt\/wp-json\/wp\/v2\/product"}],"about":[{"href":"https:\/\/toidupakk.ee\/lt\/wp-json\/wp\/v2\/types\/product"}],"replies":[{"embeddable":true,"href":"https:\/\/toidupakk.ee\/lt\/wp-json\/wp\/v2\/comments?post=45763"}],"wp:featuredmedia":[{"embeddable":true,"href":"https:\/\/toidupakk.ee\/lt\/wp-json\/wp\/v2\/media\/41126"}],"wp:attachment":[{"href":"https:\/\/toidupakk.ee\/lt\/wp-json\/wp\/v2\/media?parent=45763"}],"wp:term":[{"taxonomy":"product_brand","embeddable":true,"href":"https:\/\/toidupakk.ee\/lt\/wp-json\/wp\/v2\/product_brand?post=45763"},{"taxonomy":"product_cat","embeddable":true,"href":"https:\/\/toidupakk.ee\/lt\/wp-json\/wp\/v2\/product_cat?post=45763"},{"taxonomy":"product_tag","embeddable":true,"href":"https:\/\/toidupakk.ee\/lt\/wp-json\/wp\/v2\/product_tag?post=45763"}],"curies":[{"name":"wp","href":"https:\/\/api.w.org\/{rel}","templated":true}]}}