{"id":45716,"date":"2025-11-26T14:18:51","date_gmt":"2025-11-26T12:18:51","guid":{"rendered":"https:\/\/toidupakk.ee\/toode\/bulviu-ploksteles-long-chips-su-saliamio-picu-skoniu\/"},"modified":"2026-04-29T17:31:13","modified_gmt":"2026-04-29T14:31:13","slug":"bulviu-ploksteles-long-chips-su-saliamio-picu-skoniu","status":"publish","type":"product","link":"https:\/\/toidupakk.ee\/lt\/toode\/bulviu-ploksteles-long-chips-su-saliamio-picu-skoniu\/","title":{"rendered":"Bulvi\u0173 plok\u0161tel\u0117s \u201eLong Chips\u201c su saliamio pic\u0173 skoniu"},"content":{"rendered":"<p><strong>Bulvi\u0173 plok\u0161tel\u0117s \u201eLong Chips\u201c su saliamio pic\u0173 skoniu \u2013 tai maloniai lengvas ir tra\u0161kus u\u017ekandis. Pomidor\u0173, \u017eoleli\u0173 ir saliamio picos derinys sukuria sodr\u0173, \u0161iek tiek d\u016bmin\u012f skon\u012f, tod\u0117l \u0161is skan\u0117stas tampa itin malonus. Idealus pasirinkimas akimirkoms, kai norisi ko nors skanaus ir viliojan\u010dio.  <\/strong><\/p>\n<h2>Vartojimo rekomendacijos<\/h2>\n<ul>\n<li>Patiek kaip gurmani\u0161k\u0105 u\u017ekand\u012f prie vyno ar \u0161ampano.<\/li>\n<li>Papildyk s\u016bri\u0173 ir m\u0117sos rinkinius, kad suteiktum sve\u010diams prabangi\u0173 skonio potyri\u0173.<\/li>\n<li>M\u0117gaukis kaip ypatingu u\u017ekand\u017eiu per darbo ar film\u0173 pertrauk\u0117les.<\/li>\n<\/ul>\n<hr>\n<h2>Bulvi\u0173 plok\u0161tel\u0117s \u201eLong Chips\u201c su saliamio pic\u0173 skoniu \u2013 kod\u0117l verta rinktis b\u016btent jas?<\/h2>\n<ul>\n<li>Unikali ilga ir plona forma, besiskirianti nuo \u012fprast\u0173 tra\u0161ku\u010di\u0173.<\/li>\n<li>Nepakartojamai sodrus saliamio picos skonis \u2013 tikras malonumas ie\u0161kantiems gilesni\u0173 ir ry\u0161kesni\u0173 u\u017ekand\u017ei\u0173 potyri\u0173.<\/li>\n<li>Lengva, tra\u0161ki tekst\u016bra ir intensyvus skonis.<\/li>\n<li>Puikiai tinka tiek dovanoms, tiek pasilepinti pa\u010diam.<\/li>\n<\/ul>\n<p>Daugiau u\u017ekand\u017ei\u0173 rasi <a href=\"https:\/\/toidupakk.ee\/lt\/tootekategooria\/uzkandziai\/\">\u010cIA<\/a>.<\/p>\n<p>Pasisemk \u012fkv\u0117pimo kitiems nuotykiams \u201eToidupakk\u201c <a href=\"https:\/\/www.instagram.com\/toidupakk\/\">Instagram<\/a> ir <a href=\"https:\/\/www.facebook.com\/Toidupakk\/\">Facebook<\/a> paskyrose.<\/p>\n","protected":false},"excerpt":{"rendered":"<p><strong>Atrask nauj\u0105 tra\u0161ki\u0173 bulvi\u0173 plok\u0161teli\u0173 lyg\u012f \u2013 \u201eLong Chips\u201c ant tavo stalo atne\u0161a tikr\u0105 saliamio picos dvelksm\u0105: pomidor\u0173, \u017eoleli\u0173 ir lengvo d\u016bmo derin\u012f, puikiai tinkant\u012f tiek \u0161vent\u0117ms, tiek kasdieniam u\u017ekand\u017eiavimui.<\/strong><\/p>\n<ul>\n<li>\u201eLong Chips\u201c bulvi\u0173 plok\u0161tel\u0117s gaminamos i\u0161 tikros bulvi\u0173 ko\u0161\u0117s<\/li>\n<li>Tobulas tra\u0161kumas ir maloniai ori tekst\u016bra pasiekiami d\u0117ka greito kepimo technologijos, kai kiekviena plok\u0161tel\u0117 kepama vos 10 sekund\u017ei\u0173<\/li>\n<li>Pagaminta Latvijoje<\/li>\n<li>Svoris 75 g<\/li>\n<li>Laikyti sausoje ir v\u0117sioje vietoje<\/li>\n<\/ul>\n<p><strong>Sudedamosios dalys:<\/strong> bulvi\u0173 dribsniai (48 %), saul\u0117gr\u0105\u017e\u0173 aliejus, kvie\u010di\u0173 man\u0173 kruopos, bulvi\u0173 krakmolas, prieskoni\u0173 mi\u0161inys [kvietiniai miltai, druska, dekstroz\u0117, skonio ir aromato stiprikliai (mononatrio glutamatas ir dinatrio 5\u2019-ribonukleotidai), kvapioji med\u017eiaga (pienas), i\u0161r\u016bg\u0173 milteliai (i\u0161 pieno), pomidor\u0173 milteliai, d\u017eiovinti svog\u016bnai, \u017eolel\u0117s, prieskoniai, r\u016bg\u0161tis (citrin\u0173 r\u016bg\u0161tis), da\u017eiklis (paprik\u0173 ekstraktas), d\u016bmo skonio maltodekstrinas, augalinis aliejus (saul\u0117gr\u0105\u017e\u0173 aliejus)], druska, antioksidantas (rozmarin\u0173 ekstraktas). Gali b\u016bti garsty\u010di\u0173 p\u0117dsak\u0173. <\/p>\n<p>\u2705 Turime sand\u0117lyje, greitas pristatymas per 1\u20133 darbo dienas<\/p>\n","protected":false},"featured_media":42855,"comment_status":"open","ping_status":"closed","template":"","meta":{"_acf_changed":false},"product_brand":[],"product_cat":[222,213,189,190],"product_tag":[194],"class_list":{"0":"post-45716","1":"product","2":"type-product","3":"status-publish","4":"has-post-thumbnail","6":"product_cat-long-chips-bulviu-vafliai","7":"product_cat-uzkandziai","8":"product_cat-zygio-iranga","9":"product_cat-zygio-prekes","10":"product_tag-no_ads","12":"first","13":"instock","14":"taxable","15":"shipping-taxable","16":"purchasable","17":"product-type-simple"},"bundled_by":[],"bundle_stock_status":"instock","bundle_stock_quantity":5,"bundle_virtual":false,"bundle_layout":"","bundle_add_to_cart_form_location":"","bundle_editable_in_cart":false,"bundle_sold_individually_context":"","bundle_item_grouping":"","bundle_min_size":"","bundle_max_size":"","bundle_price":[],"bundled_items":[],"bundle_sell_ids":[],"acf":[],"yoast_head":"<!-- This site is optimized with the Yoast SEO plugin v27.3 - https:\/\/yoast.com\/product\/yoast-seo-wordpress\/ -->\n<title>Bulvi\u0173 plok\u0161tel\u0117s \u201eLong Chips\u201c su saliamio pic\u0173 skoniu<\/title>\n<meta name=\"description\" content=\"Saliamio pic\u0173 skonio bulvi\u0173 plok\u0161tel\u0117s suteikia tra\u0161k\u0173 potyr\u012f su pomidor\u0173, \u017eoleli\u0173 ir lengvo d\u016bmo natomis \u2013 idealus u\u017ekandis \u0161vent\u0117ms.\" \/>\n<meta name=\"robots\" content=\"index, follow, max-snippet:-1, max-image-preview:large, max-video-preview:-1\" \/>\n<link rel=\"canonical\" href=\"https:\/\/toidupakk.ee\/lt\/toode\/bulviu-ploksteles-long-chips-su-saliamio-picu-skoniu\/\" \/>\n<meta property=\"og:locale\" content=\"lt_LT\" \/>\n<meta property=\"og:type\" content=\"article\" \/>\n<meta property=\"og:title\" content=\"Bulvi\u0173 plok\u0161tel\u0117s \u201eLong Chips\u201c su saliamio pic\u0173 skoniu\" \/>\n<meta property=\"og:description\" content=\"Saliamio pic\u0173 skonio bulvi\u0173 plok\u0161tel\u0117s suteikia tra\u0161k\u0173 potyr\u012f su pomidor\u0173, \u017eoleli\u0173 ir lengvo d\u016bmo natomis \u2013 idealus u\u017ekandis \u0161vent\u0117ms.\" \/>\n<meta property=\"og:url\" content=\"https:\/\/toidupakk.ee\/lt\/toode\/bulviu-ploksteles-long-chips-su-saliamio-picu-skoniu\/\" \/>\n<meta property=\"og:site_name\" content=\"Toidupakk.ee - Tactical Foodpack toidupakid\" \/>\n<meta property=\"article:publisher\" content=\"https:\/\/www.facebook.com\/Toidupakk\" \/>\n<meta property=\"article:modified_time\" content=\"2026-04-29T14:31:13+00:00\" \/>\n<meta property=\"og:image\" content=\"https:\/\/toidupakk.ee\/wp-content\/uploads\/2025\/11\/Nimetu-kujundus-5.png\" \/>\n\t<meta property=\"og:image:width\" content=\"800\" \/>\n\t<meta property=\"og:image:height\" content=\"800\" \/>\n\t<meta property=\"og:image:type\" content=\"image\/png\" \/>\n<meta name=\"twitter:card\" content=\"summary_large_image\" \/>\n<meta name=\"twitter:label1\" content=\"Est. reading time\" \/>\n\t<meta name=\"twitter:data1\" content=\"1 minut\u0117\" \/>\n<script type=\"application\/ld+json\" class=\"yoast-schema-graph\">{\"@context\":\"https:\\\/\\\/schema.org\",\"@graph\":[{\"@type\":\"WebPage\",\"@id\":\"https:\\\/\\\/toidupakk.ee\\\/lt\\\/toode\\\/bulviu-ploksteles-long-chips-su-saliamio-picu-skoniu\\\/\",\"url\":\"https:\\\/\\\/toidupakk.ee\\\/lt\\\/toode\\\/bulviu-ploksteles-long-chips-su-saliamio-picu-skoniu\\\/\",\"name\":\"Bulvi\u0173 plok\u0161tel\u0117s \u201eLong Chips\u201c su saliamio pic\u0173 skoniu\",\"isPartOf\":{\"@id\":\"https:\\\/\\\/toidupakk.ee\\\/lt\\\/#website\"},\"primaryImageOfPage\":{\"@id\":\"https:\\\/\\\/toidupakk.ee\\\/lt\\\/toode\\\/bulviu-ploksteles-long-chips-su-saliamio-picu-skoniu\\\/#primaryimage\"},\"image\":{\"@id\":\"https:\\\/\\\/toidupakk.ee\\\/lt\\\/toode\\\/bulviu-ploksteles-long-chips-su-saliamio-picu-skoniu\\\/#primaryimage\"},\"thumbnailUrl\":\"https:\\\/\\\/toidupakk.ee\\\/wp-content\\\/uploads\\\/2025\\\/11\\\/Nimetu-kujundus-5.png\",\"datePublished\":\"2025-11-26T12:18:51+00:00\",\"dateModified\":\"2026-04-29T14:31:13+00:00\",\"description\":\"Saliamio pic\u0173 skonio bulvi\u0173 plok\u0161tel\u0117s suteikia tra\u0161k\u0173 potyr\u012f su pomidor\u0173, \u017eoleli\u0173 ir lengvo d\u016bmo natomis \u2013 idealus u\u017ekandis \u0161vent\u0117ms.\",\"breadcrumb\":{\"@id\":\"https:\\\/\\\/toidupakk.ee\\\/lt\\\/toode\\\/bulviu-ploksteles-long-chips-su-saliamio-picu-skoniu\\\/#breadcrumb\"},\"inLanguage\":\"lt-LT\",\"potentialAction\":[{\"@type\":\"ReadAction\",\"target\":[\"https:\\\/\\\/toidupakk.ee\\\/lt\\\/toode\\\/bulviu-ploksteles-long-chips-su-saliamio-picu-skoniu\\\/\"]}]},{\"@type\":\"ImageObject\",\"inLanguage\":\"lt-LT\",\"@id\":\"https:\\\/\\\/toidupakk.ee\\\/lt\\\/toode\\\/bulviu-ploksteles-long-chips-su-saliamio-picu-skoniu\\\/#primaryimage\",\"url\":\"https:\\\/\\\/toidupakk.ee\\\/wp-content\\\/uploads\\\/2025\\\/11\\\/Nimetu-kujundus-5.png\",\"contentUrl\":\"https:\\\/\\\/toidupakk.ee\\\/wp-content\\\/uploads\\\/2025\\\/11\\\/Nimetu-kujundus-5.png\",\"width\":800,\"height\":800,\"caption\":\"Kartulivahvlid salaami pitsa maitsega pakub tomatist, \u00fcrtidest ja kergelt suitsusest maitsetoonist koosnevat kr\u00f5bedat elamust \u2013 ideaalne pidulikuks ampsuks.\"},{\"@type\":\"BreadcrumbList\",\"@id\":\"https:\\\/\\\/toidupakk.ee\\\/lt\\\/toode\\\/bulviu-ploksteles-long-chips-su-saliamio-picu-skoniu\\\/#breadcrumb\",\"itemListElement\":[{\"@type\":\"ListItem\",\"position\":1,\"name\":\"Avaleht\",\"item\":\"https:\\\/\\\/toidupakk.ee\\\/lt\\\/\"},{\"@type\":\"ListItem\",\"position\":2,\"name\":\"El. parduotuv\u0117\",\"item\":\"https:\\\/\\\/toidupakk.ee\\\/lt\\\/el-parduotuve\\\/\"},{\"@type\":\"ListItem\",\"position\":3,\"name\":\"Bulvi\u0173 plok\u0161tel\u0117s \u201eLong Chips\u201c su saliamio pic\u0173 skoniu\"}]},{\"@type\":\"WebSite\",\"@id\":\"https:\\\/\\\/toidupakk.ee\\\/lt\\\/#website\",\"url\":\"https:\\\/\\\/toidupakk.ee\\\/lt\\\/\",\"name\":\"Toidupakk.ee - Tactical Foodpack toidupakid\",\"description\":\"Tactical Foodpack k\u00fclmkuivatatud toidupakid ja matkaeined\",\"publisher\":{\"@id\":\"https:\\\/\\\/toidupakk.ee\\\/lt\\\/#organization\"},\"potentialAction\":[{\"@type\":\"SearchAction\",\"target\":{\"@type\":\"EntryPoint\",\"urlTemplate\":\"https:\\\/\\\/toidupakk.ee\\\/lt\\\/?s={search_term_string}\"},\"query-input\":{\"@type\":\"PropertyValueSpecification\",\"valueRequired\":true,\"valueName\":\"search_term_string\"}}],\"inLanguage\":\"lt-LT\"},{\"@type\":\"Organization\",\"@id\":\"https:\\\/\\\/toidupakk.ee\\\/lt\\\/#organization\",\"name\":\"Tactical Foodpack matkaeined\",\"url\":\"https:\\\/\\\/toidupakk.ee\\\/lt\\\/\",\"logo\":{\"@type\":\"ImageObject\",\"inLanguage\":\"lt-LT\",\"@id\":\"https:\\\/\\\/toidupakk.ee\\\/lt\\\/#\\\/schema\\\/logo\\\/image\\\/\",\"url\":\"https:\\\/\\\/toidupakk.ee\\\/wp-content\\\/uploads\\\/2022\\\/01\\\/Toidupakk-matkapood-logo-transparent.png\",\"contentUrl\":\"https:\\\/\\\/toidupakk.ee\\\/wp-content\\\/uploads\\\/2022\\\/01\\\/Toidupakk-matkapood-logo-transparent.png\",\"width\":500,\"height\":500,\"caption\":\"Tactical Foodpack matkaeined\"},\"image\":{\"@id\":\"https:\\\/\\\/toidupakk.ee\\\/lt\\\/#\\\/schema\\\/logo\\\/image\\\/\"},\"sameAs\":[\"https:\\\/\\\/www.facebook.com\\\/Toidupakk\",\"https:\\\/\\\/www.instagram.com\\\/toidupakk\\\/\"]}]}<\/script>\n<!-- \/ Yoast SEO plugin. -->","yoast_head_json":{"title":"Bulvi\u0173 plok\u0161tel\u0117s \u201eLong Chips\u201c su saliamio pic\u0173 skoniu","description":"Saliamio pic\u0173 skonio bulvi\u0173 plok\u0161tel\u0117s suteikia tra\u0161k\u0173 potyr\u012f su pomidor\u0173, \u017eoleli\u0173 ir lengvo d\u016bmo natomis \u2013 idealus u\u017ekandis \u0161vent\u0117ms.","robots":{"index":"index","follow":"follow","max-snippet":"max-snippet:-1","max-image-preview":"max-image-preview:large","max-video-preview":"max-video-preview:-1"},"canonical":"https:\/\/toidupakk.ee\/lt\/toode\/bulviu-ploksteles-long-chips-su-saliamio-picu-skoniu\/","og_locale":"lt_LT","og_type":"article","og_title":"Bulvi\u0173 plok\u0161tel\u0117s \u201eLong Chips\u201c su saliamio pic\u0173 skoniu","og_description":"Saliamio pic\u0173 skonio bulvi\u0173 plok\u0161tel\u0117s suteikia tra\u0161k\u0173 potyr\u012f su pomidor\u0173, \u017eoleli\u0173 ir lengvo d\u016bmo natomis \u2013 idealus u\u017ekandis \u0161vent\u0117ms.","og_url":"https:\/\/toidupakk.ee\/lt\/toode\/bulviu-ploksteles-long-chips-su-saliamio-picu-skoniu\/","og_site_name":"Toidupakk.ee - Tactical Foodpack toidupakid","article_publisher":"https:\/\/www.facebook.com\/Toidupakk","article_modified_time":"2026-04-29T14:31:13+00:00","og_image":[{"width":800,"height":800,"url":"https:\/\/toidupakk.ee\/wp-content\/uploads\/2025\/11\/Nimetu-kujundus-5.png","type":"image\/png"}],"twitter_card":"summary_large_image","twitter_misc":{"Est. reading time":"1 minut\u0117"},"schema":{"@context":"https:\/\/schema.org","@graph":[{"@type":"WebPage","@id":"https:\/\/toidupakk.ee\/lt\/toode\/bulviu-ploksteles-long-chips-su-saliamio-picu-skoniu\/","url":"https:\/\/toidupakk.ee\/lt\/toode\/bulviu-ploksteles-long-chips-su-saliamio-picu-skoniu\/","name":"Bulvi\u0173 plok\u0161tel\u0117s \u201eLong Chips\u201c su saliamio pic\u0173 skoniu","isPartOf":{"@id":"https:\/\/toidupakk.ee\/lt\/#website"},"primaryImageOfPage":{"@id":"https:\/\/toidupakk.ee\/lt\/toode\/bulviu-ploksteles-long-chips-su-saliamio-picu-skoniu\/#primaryimage"},"image":{"@id":"https:\/\/toidupakk.ee\/lt\/toode\/bulviu-ploksteles-long-chips-su-saliamio-picu-skoniu\/#primaryimage"},"thumbnailUrl":"https:\/\/toidupakk.ee\/wp-content\/uploads\/2025\/11\/Nimetu-kujundus-5.png","datePublished":"2025-11-26T12:18:51+00:00","dateModified":"2026-04-29T14:31:13+00:00","description":"Saliamio pic\u0173 skonio bulvi\u0173 plok\u0161tel\u0117s suteikia tra\u0161k\u0173 potyr\u012f su pomidor\u0173, \u017eoleli\u0173 ir lengvo d\u016bmo natomis \u2013 idealus u\u017ekandis \u0161vent\u0117ms.","breadcrumb":{"@id":"https:\/\/toidupakk.ee\/lt\/toode\/bulviu-ploksteles-long-chips-su-saliamio-picu-skoniu\/#breadcrumb"},"inLanguage":"lt-LT","potentialAction":[{"@type":"ReadAction","target":["https:\/\/toidupakk.ee\/lt\/toode\/bulviu-ploksteles-long-chips-su-saliamio-picu-skoniu\/"]}]},{"@type":"ImageObject","inLanguage":"lt-LT","@id":"https:\/\/toidupakk.ee\/lt\/toode\/bulviu-ploksteles-long-chips-su-saliamio-picu-skoniu\/#primaryimage","url":"https:\/\/toidupakk.ee\/wp-content\/uploads\/2025\/11\/Nimetu-kujundus-5.png","contentUrl":"https:\/\/toidupakk.ee\/wp-content\/uploads\/2025\/11\/Nimetu-kujundus-5.png","width":800,"height":800,"caption":"Kartulivahvlid salaami pitsa maitsega pakub tomatist, \u00fcrtidest ja kergelt suitsusest maitsetoonist koosnevat kr\u00f5bedat elamust \u2013 ideaalne pidulikuks ampsuks."},{"@type":"BreadcrumbList","@id":"https:\/\/toidupakk.ee\/lt\/toode\/bulviu-ploksteles-long-chips-su-saliamio-picu-skoniu\/#breadcrumb","itemListElement":[{"@type":"ListItem","position":1,"name":"Avaleht","item":"https:\/\/toidupakk.ee\/lt\/"},{"@type":"ListItem","position":2,"name":"El. parduotuv\u0117","item":"https:\/\/toidupakk.ee\/lt\/el-parduotuve\/"},{"@type":"ListItem","position":3,"name":"Bulvi\u0173 plok\u0161tel\u0117s \u201eLong Chips\u201c su saliamio pic\u0173 skoniu"}]},{"@type":"WebSite","@id":"https:\/\/toidupakk.ee\/lt\/#website","url":"https:\/\/toidupakk.ee\/lt\/","name":"Toidupakk.ee - Tactical Foodpack toidupakid","description":"Tactical Foodpack k\u00fclmkuivatatud toidupakid ja matkaeined","publisher":{"@id":"https:\/\/toidupakk.ee\/lt\/#organization"},"potentialAction":[{"@type":"SearchAction","target":{"@type":"EntryPoint","urlTemplate":"https:\/\/toidupakk.ee\/lt\/?s={search_term_string}"},"query-input":{"@type":"PropertyValueSpecification","valueRequired":true,"valueName":"search_term_string"}}],"inLanguage":"lt-LT"},{"@type":"Organization","@id":"https:\/\/toidupakk.ee\/lt\/#organization","name":"Tactical Foodpack matkaeined","url":"https:\/\/toidupakk.ee\/lt\/","logo":{"@type":"ImageObject","inLanguage":"lt-LT","@id":"https:\/\/toidupakk.ee\/lt\/#\/schema\/logo\/image\/","url":"https:\/\/toidupakk.ee\/wp-content\/uploads\/2022\/01\/Toidupakk-matkapood-logo-transparent.png","contentUrl":"https:\/\/toidupakk.ee\/wp-content\/uploads\/2022\/01\/Toidupakk-matkapood-logo-transparent.png","width":500,"height":500,"caption":"Tactical Foodpack matkaeined"},"image":{"@id":"https:\/\/toidupakk.ee\/lt\/#\/schema\/logo\/image\/"},"sameAs":["https:\/\/www.facebook.com\/Toidupakk","https:\/\/www.instagram.com\/toidupakk\/"]}]}},"jetpack_sharing_enabled":true,"_links":{"self":[{"href":"https:\/\/toidupakk.ee\/lt\/wp-json\/wp\/v2\/product\/45716","targetHints":{"allow":["GET"]}}],"collection":[{"href":"https:\/\/toidupakk.ee\/lt\/wp-json\/wp\/v2\/product"}],"about":[{"href":"https:\/\/toidupakk.ee\/lt\/wp-json\/wp\/v2\/types\/product"}],"replies":[{"embeddable":true,"href":"https:\/\/toidupakk.ee\/lt\/wp-json\/wp\/v2\/comments?post=45716"}],"wp:featuredmedia":[{"embeddable":true,"href":"https:\/\/toidupakk.ee\/lt\/wp-json\/wp\/v2\/media\/42855"}],"wp:attachment":[{"href":"https:\/\/toidupakk.ee\/lt\/wp-json\/wp\/v2\/media?parent=45716"}],"wp:term":[{"taxonomy":"product_brand","embeddable":true,"href":"https:\/\/toidupakk.ee\/lt\/wp-json\/wp\/v2\/product_brand?post=45716"},{"taxonomy":"product_cat","embeddable":true,"href":"https:\/\/toidupakk.ee\/lt\/wp-json\/wp\/v2\/product_cat?post=45716"},{"taxonomy":"product_tag","embeddable":true,"href":"https:\/\/toidupakk.ee\/lt\/wp-json\/wp\/v2\/product_tag?post=45716"}],"curies":[{"name":"wp","href":"https:\/\/api.w.org\/{rel}","templated":true}]}}