{"id":45706,"date":"2025-12-21T12:55:21","date_gmt":"2025-12-21T10:55:21","guid":{"rendered":"https:\/\/toidupakk.ee\/toode\/elektrine-dviracio-pompa-ir-galinis-zibintas-130-psi\/"},"modified":"2026-05-14T07:30:07","modified_gmt":"2026-05-14T04:30:07","slug":"elektrine-dviracio-pompa-ir-galinis-zibintas-130-psi","status":"publish","type":"product","link":"https:\/\/toidupakk.ee\/lt\/toode\/elektrine-dviracio-pompa-ir-galinis-zibintas-130-psi\/","title":{"rendered":"Elektrin\u0117 dvira\u010dio pompa ir galinis \u017eibintas 130 PSI"},"content":{"rendered":"<h2 data-start=\"236\" data-end=\"280\">Elektrin\u0117 dvira\u010dio pompa ir galinis \u017eibintas 130 PSI<\/h2>\n<p data-start=\"282\" data-end=\"662\"><strong data-start=\"282\" data-end=\"336\">Elektrin\u0117 dvira\u010dio pompa ir galinis \u017eibintas 130 PSI<\/strong> sukurta tiems, kurie nori sujungti prakti\u0161kum\u0105, tikslum\u0105 ir kompakti\u0161kum\u0105 viename prietaise. TINY TIRE PUMP 200 i\u0161siskiria savo ma\u017eais matmenimis ir lengvu svoriu \u2013 tik 130 gram\u0173 \u2013 tod\u0117l j\u0105 lengva visada tur\u0117ti su savimi. D\u0117l sumanaus dizaino ji tinka naudoti tiek va\u017ein\u0117jant mieste, tiek ilgesn\u0117se kelion\u0117se dvira\u010diu.  <\/p>\n<p data-start=\"282\" data-end=\"662\"><img fetchpriority=\"high\" decoding=\"async\" class=\"wp-image-43649 size-full aligncenter\" src=\"https:\/\/toidupakk.ee\/wp-content\/uploads\/2025\/12\/1_8300fe8a-ee6e-4501-a135-734193b3946c.webp\" alt=\"Elektrin\u0117 dvira\u010dio pompa ir galinis \u017eibintas 130 PSI sujungia galing\u0105 pomp\u0105, tiksl\u0173 manometr\u0105 ir matom\u0105 galin\u012f \u017eibint\u0105 kompakti\u0161kame 130 g prietaise.\" width=\"1920\" height=\"720\" srcset=\"https:\/\/toidupakk.ee\/wp-content\/uploads\/2025\/12\/1_8300fe8a-ee6e-4501-a135-734193b3946c.webp 1920w, https:\/\/toidupakk.ee\/wp-content\/uploads\/2025\/12\/1_8300fe8a-ee6e-4501-a135-734193b3946c-300x113.webp 300w, https:\/\/toidupakk.ee\/wp-content\/uploads\/2025\/12\/1_8300fe8a-ee6e-4501-a135-734193b3946c-1024x384.webp 1024w, https:\/\/toidupakk.ee\/wp-content\/uploads\/2025\/12\/1_8300fe8a-ee6e-4501-a135-734193b3946c-768x288.webp 768w, https:\/\/toidupakk.ee\/wp-content\/uploads\/2025\/12\/1_8300fe8a-ee6e-4501-a135-734193b3946c-1536x576.webp 1536w, https:\/\/toidupakk.ee\/wp-content\/uploads\/2025\/12\/1_8300fe8a-ee6e-4501-a135-734193b3946c-800x300.webp 800w\" sizes=\"(max-width: 1920px) 100vw, 1920px\" \/><\/p>\n<h3 data-start=\"669\" data-end=\"701\">Galingas sl\u0117gis ir greitas prip\u016btimas<\/h3>\n<p data-start=\"703\" data-end=\"1066\">Nepaisant kompakti\u0161ko dyd\u017eio, pompa pasi\u017eymi \u012fsp\u016bdingu na\u0161umu. Maksimalus sl\u0117gis siekia iki <strong data-start=\"805\" data-end=\"826\">130 PSI (896 kPa)<\/strong>, tod\u0117l prietaisas tinka plento ir kaln\u0173 dvira\u010di\u0173 padangoms, taip pat motociklams. Galingas be\u0161epet\u0117lis variklis, kurio sukimosi greitis <strong data-start=\"952\" data-end=\"968\">11 500 s\u016bk.\/min.<\/strong>, leid\u017eia pasiekti <strong data-start=\"989\" data-end=\"1023\">100 PSI per ma\u017edaug 50 sekund\u017ei\u0173<\/strong>, u\u017etikrinant greit\u0105 ir efektyv\u0173 padang\u0173 prip\u016btim\u0105.  <\/p>\n<h3 data-start=\"1073\" data-end=\"1117\">Tiksli kontrol\u0117 ir automatinis i\u0161sijungimas<\/h3>\n<p data-start=\"1119\" data-end=\"1468\">Pompa turi tiksl\u0173 skaitmenin\u012f manometr\u0105, kurio matavimo paklaida yra <strong data-start=\"1190\" data-end=\"1200\">\u00b11 PSI<\/strong>. LED skaitmeninis ekranas ai\u0161kiai rodo tiek esam\u0105 padang\u0173 sl\u0117g\u012f, tiek akumuliatoriaus \u012fkrovos lyg\u012f, tod\u0117l vis\u0105 reikiam\u0105 informacij\u0105 matai i\u0161kart. Pasiekus pageidaujam\u0105 sl\u0117g\u012f, prietaisas automati\u0161kai i\u0161sijungia, o tai padeda i\u0161vengti per didelio prip\u016btimo ir u\u017etikrina paprast\u0105 bei kontroliuojam\u0105 naudojim\u0105.  <\/p>\n<p data-start=\"1119\" data-end=\"1468\"><img decoding=\"async\" class=\"size-full wp-image-43650 aligncenter\" src=\"https:\/\/toidupakk.ee\/wp-content\/uploads\/2025\/12\/2_b50df320-254f-4bbc-806f-49c4b6bcca8a.webp\" alt=\"\" width=\"1920\" height=\"591\" srcset=\"https:\/\/toidupakk.ee\/wp-content\/uploads\/2025\/12\/2_b50df320-254f-4bbc-806f-49c4b6bcca8a.webp 1920w, https:\/\/toidupakk.ee\/wp-content\/uploads\/2025\/12\/2_b50df320-254f-4bbc-806f-49c4b6bcca8a-300x92.webp 300w, https:\/\/toidupakk.ee\/wp-content\/uploads\/2025\/12\/2_b50df320-254f-4bbc-806f-49c4b6bcca8a-1024x315.webp 1024w, https:\/\/toidupakk.ee\/wp-content\/uploads\/2025\/12\/2_b50df320-254f-4bbc-806f-49c4b6bcca8a-768x236.webp 768w, https:\/\/toidupakk.ee\/wp-content\/uploads\/2025\/12\/2_b50df320-254f-4bbc-806f-49c4b6bcca8a-1536x473.webp 1536w, https:\/\/toidupakk.ee\/wp-content\/uploads\/2025\/12\/2_b50df320-254f-4bbc-806f-49c4b6bcca8a-800x246.webp 800w\" sizes=\"(max-width: 1920px) 100vw, 1920px\" \/><\/p>\n<h3 data-start=\"1475\" data-end=\"1510\">Integruotas dvira\u010dio galinis \u017eibintas<\/h3>\n<p data-start=\"1512\" data-end=\"1869\">Prietaise taip pat \u012fmontuotas <strong data-start=\"1537\" data-end=\"1559\">dvira\u010dio galinis \u017eibintas<\/strong>, kuris suteikia papildomo funkcionalumo ir pagerina matomum\u0105. Raudona LED \u0161viesa, kurios spalvin\u0117 temperat\u016bra <strong data-start=\"1648\" data-end=\"1657\">1000 K<\/strong>, u\u017etikrina iki <strong data-start=\"1669\" data-end=\"1684\">15 liumen\u0173<\/strong> \u0161viesos sraut\u0105. Skirtingi darbo re\u017eimai leid\u017eia pasirinkti tinkam\u0105 naudojimo b\u016bd\u0105, o maksimalus veikimo laikas siekia iki <strong data-start=\"1803\" data-end=\"1819\">12,5 valandos<\/strong>. Galinis \u017eibintas matomas iki <strong data-start=\"1845\" data-end=\"1858\">20 metr\u0173<\/strong> atstumu.   <\/p>\n<p data-start=\"1512\" data-end=\"1869\"><img decoding=\"async\" class=\"aligncenter wp-image-43651 size-full\" src=\"https:\/\/toidupakk.ee\/wp-content\/uploads\/2025\/12\/3_274679d0-f581-4106-a9da-c8b32addcf95.webp\" alt=\"\" width=\"1920\" height=\"591\" srcset=\"https:\/\/toidupakk.ee\/wp-content\/uploads\/2025\/12\/3_274679d0-f581-4106-a9da-c8b32addcf95.webp 1920w, https:\/\/toidupakk.ee\/wp-content\/uploads\/2025\/12\/3_274679d0-f581-4106-a9da-c8b32addcf95-300x92.webp 300w, https:\/\/toidupakk.ee\/wp-content\/uploads\/2025\/12\/3_274679d0-f581-4106-a9da-c8b32addcf95-1024x315.webp 1024w, https:\/\/toidupakk.ee\/wp-content\/uploads\/2025\/12\/3_274679d0-f581-4106-a9da-c8b32addcf95-768x236.webp 768w, https:\/\/toidupakk.ee\/wp-content\/uploads\/2025\/12\/3_274679d0-f581-4106-a9da-c8b32addcf95-1536x473.webp 1536w, https:\/\/toidupakk.ee\/wp-content\/uploads\/2025\/12\/3_274679d0-f581-4106-a9da-c8b32addcf95-800x246.webp 800w\" sizes=\"(max-width: 1920px) 100vw, 1920px\" \/><\/p>\n<h3 data-start=\"1876\" data-end=\"1915\">Greitas \u012fkrovimas ir platus pritaikymas \u2013 elektrin\u0117 dvira\u010dio pompa ir galinis \u017eibintas 130 PSI<\/h3>\n<p data-start=\"1917\" data-end=\"2294\">Pompa naudoja <strong data-start=\"1930\" data-end=\"1953\">USB-C greit\u0105j\u012f \u012fkrovim\u0105<\/strong>, kuriuo akumuliatori\u0173 galima visi\u0161kai \u012fkrauti per ma\u017edaug <strong data-start=\"1991\" data-end=\"2006\">35 minutes<\/strong>. Prietaisas tinka ne tik dvira\u010diams, bet ir <strong data-start=\"2057\" data-end=\"2079\">kamuoliams p\u016bsti<\/strong> bei, prireikus, <strong data-start=\"2095\" data-end=\"2139\">trumpam automobili\u0173 padang\u0173 prip\u016btimui<\/strong>. D\u0117l savo universalumo ir apgalvot\u0173 funkcij\u0173 <strong data-start=\"2200\" data-end=\"2254\">elektrin\u0117 dvira\u010dio pompa ir galinis \u017eibintas <\/strong>yra patikimas kiekvieno dviratininko palydovas. Ma\u017eas, bet apgalvotas prietaisas, kuris visada pasiruo\u0161\u0119s keliauti kartu \u2013 nesvarbu, ar laukia kasdien\u0117 kelion\u0117 mieste, ar ilgesnis kelias \u012f ne\u017eini\u0105. Jis nesiekia b\u016bti d\u0117mesio centre, o savo vaidmen\u012f atlieka tyliai ir uztikrintai, leisdamas dviratininkui susikoncentruoti \u012f pat\u012f va\u017eiavim\u0105. D\u0117l savo kompakti\u0161kumo jis nepastebimai randa viet\u0105 \u012frangoje, netapdamas na\u0161ta ar trukd\u017eiu. B\u016btent tokiose detal\u0117se slypi patogumas \u2013 \u017einojimas, kad esi pasiruo\u0161\u0119s netik\u0117toms akimirkoms be joki\u0173 kompromis\u0173.      <\/p>\n<p data-start=\"1917\" data-end=\"2294\"><img loading=\"lazy\" decoding=\"async\" class=\"aligncenter wp-image-43663 size-full\" src=\"https:\/\/toidupakk.ee\/wp-content\/uploads\/2025\/12\/5_47881418-6092-451f-9d11-988783409b68.webp\" alt=\"Elektrin\u0117 dvira\u010dio pompa ir galinis \u017eibintas 130 PSI sujungia galing\u0105 pomp\u0105, tiksl\u0173 manometr\u0105 ir matom\u0105 galin\u012f \u017eibint\u0105 kompakti\u0161kame 130 g prietaise.\" width=\"1146\" height=\"564\" srcset=\"https:\/\/toidupakk.ee\/wp-content\/uploads\/2025\/12\/5_47881418-6092-451f-9d11-988783409b68.webp 1146w, https:\/\/toidupakk.ee\/wp-content\/uploads\/2025\/12\/5_47881418-6092-451f-9d11-988783409b68-300x148.webp 300w, https:\/\/toidupakk.ee\/wp-content\/uploads\/2025\/12\/5_47881418-6092-451f-9d11-988783409b68-1024x504.webp 1024w, https:\/\/toidupakk.ee\/wp-content\/uploads\/2025\/12\/5_47881418-6092-451f-9d11-988783409b68-768x378.webp 768w, https:\/\/toidupakk.ee\/wp-content\/uploads\/2025\/12\/5_47881418-6092-451f-9d11-988783409b68-800x394.webp 800w\" sizes=\"(max-width: 1146px) 100vw, 1146px\" \/><\/p>\n<p>Daugiau turizmo preki\u0173 rasi <a href=\"https:\/\/toidupakk.ee\/lt\/tootekategooria\/zygio-iranga\/#section-3-79\">\u010cIA<\/a><\/p>\n<p>Pasisemk \u012fkv\u0117pimo kitoms kelion\u0117ms Toidupakk <a href=\"https:\/\/www.instagram.com\/toidupakk\/\">Instagram<\/a> ir <a href=\"https:\/\/www.facebook.com\/Toidupakk\/\">Facebook<\/a> paskyrose.<\/p>\n","protected":false},"excerpt":{"rendered":"<p data-start=\"160\" data-end=\"377\"><strong>Kompakti\u0161ka ir labai lengva elektrin\u0117 dvira\u010dio pompa, u\u017etikrinanti patikim\u0105 veikim\u0105 iki 130 PSI sl\u0117gio. Tikslus skaitmeninis manometras ir \u012fmontuotas galinis \u017eibintas leid\u017eia patogiai p\u016bsti padangas tiek namuose, tiek kelyje. <\/strong><\/p>\n<p><strong data-start=\"381\" data-end=\"424\">Maksimalus sl\u0117gis iki 130 PSI (896 kPa)<\/strong><\/p>\n<ul>\n<li><strong data-start=\"429\" data-end=\"447\">Greita <\/strong>\u2013 100 PSI per ma\u017edaug 50 sekund\u017ei\u0173<\/li>\n<li><strong data-start=\"481\" data-end=\"503\">Tikslus sl\u0117gio matavimas<\/strong> \u2013 paklaida \u00b11 PSI<\/li>\n<li><strong data-start=\"527\" data-end=\"554\">Automatinis i\u0161sijungimas<\/strong> pasiekus nustatyt\u0105 sl\u0117g\u012f<\/li>\n<li><strong data-start=\"595\" data-end=\"613\">LED skaitmeninis ekranas<\/strong>, rodantis padang\u0173 sl\u0117g\u012f ir akumuliatoriaus lyg\u012f<\/li>\n<li><strong data-start=\"653\" data-end=\"679\">\u012emontuotas galinis \u017eibintas<\/strong> \u2013 1000 K, 15 lm, veikimo laikas iki 12,5 valandos<\/li>\n<li><strong data-start=\"723\" data-end=\"746\">USB-C greitasis \u012fkrovimas<\/strong>, \u012fkrovimo laikas apie 35 minutes<\/li>\n<li><strong data-start=\"785\" data-end=\"817\">Itin lengvas ir kompakti\u0161kas dizainas<\/strong> \u2013 svoris tik 130 g<\/li>\n<\/ul>\n<p dir=\"ltr\"><strong>Komplekte: <\/strong>pompa, USB-C laidas, galinio \u017eibinto laikiklis, Presta ventilio adapteris, Schrader ventilio adapteris, adata kamuoliams, priedai, naudojimo instrukcija.<\/p>\n<p data-start=\"379\" data-end=\"961\"><img decoding=\"async\" class=\"emoji\" role=\"img\" draggable=\"false\" src=\"https:\/\/s.w.org\/images\/core\/emoji\/17.0.2\/svg\/2705.svg\" alt=\"\u2705\">  Turime sand\u0117lyje, greitas pristatymas \u012f pa\u0161tomat\u0105 per 1\u20133 darbo dienas<br \/>\n<img decoding=\"async\" class=\"emoji\" role=\"img\" draggable=\"false\" src=\"https:\/\/s.w.org\/images\/core\/emoji\/17.0.2\/svg\/2705.svg\" alt=\"\u2705\"> Pirk dabar, mok\u0117k v\u0117liau (pal\u016bkanos 0 %)<\/p>\n","protected":false},"featured_media":43645,"comment_status":"open","ping_status":"closed","template":"","meta":{"_acf_changed":false},"product_brand":[],"product_cat":[207,217,200,239,208,189,190],"product_tag":[],"class_list":{"0":"post-45706","1":"product","2":"type-product","3":"status-publish","4":"has-post-thumbnail","6":"product_cat-elektronika","7":"product_cat-nakvyne-gamtoje","8":"product_cat-praktiskos-dovanu-idejos","9":"product_cat-priedai","10":"product_cat-sviesa","11":"product_cat-zygio-iranga","12":"product_cat-zygio-prekes","14":"first","15":"outofstock","16":"taxable","17":"shipping-taxable","18":"purchasable","19":"product-type-simple"},"bundled_by":[],"bundle_stock_status":"outofstock","bundle_stock_quantity":0,"bundle_virtual":false,"bundle_layout":"","bundle_add_to_cart_form_location":"","bundle_editable_in_cart":false,"bundle_sold_individually_context":"","bundle_item_grouping":"","bundle_min_size":"","bundle_max_size":"","bundle_price":[],"bundled_items":[],"bundle_sell_ids":[],"acf":[],"yoast_head":"<!-- This site is optimized with the Yoast SEO plugin v27.3 - https:\/\/yoast.com\/product\/yoast-seo-wordpress\/ -->\n<title>Elektrin\u0117 dvira\u010dio pompa ir galinis \u017eibintas 130 PSI<\/title>\n<meta name=\"description\" content=\"Elektrin\u0117 dvira\u010dio pompa ir galinis \u017eibintas 130 PSI sujungia galing\u0105 pomp\u0105, tiksl\u0173 manometr\u0105 ir matom\u0105 galin\u012f \u017eibint\u0105 kompakti\u0161kame 130 g prietaise.\" \/>\n<meta name=\"robots\" content=\"index, follow, max-snippet:-1, max-image-preview:large, max-video-preview:-1\" \/>\n<link rel=\"canonical\" href=\"https:\/\/toidupakk.ee\/lt\/toode\/elektrine-dviracio-pompa-ir-galinis-zibintas-130-psi\/\" \/>\n<meta property=\"og:locale\" content=\"lt_LT\" \/>\n<meta property=\"og:type\" content=\"article\" \/>\n<meta property=\"og:title\" content=\"Elektrin\u0117 dvira\u010dio pompa ir galinis \u017eibintas 130 PSI\" \/>\n<meta property=\"og:description\" content=\"Elektrin\u0117 dvira\u010dio pompa ir galinis \u017eibintas 130 PSI sujungia galing\u0105 pomp\u0105, tiksl\u0173 manometr\u0105 ir matom\u0105 galin\u012f \u017eibint\u0105 kompakti\u0161kame 130 g prietaise.\" \/>\n<meta property=\"og:url\" content=\"https:\/\/toidupakk.ee\/lt\/toode\/elektrine-dviracio-pompa-ir-galinis-zibintas-130-psi\/\" \/>\n<meta property=\"og:site_name\" content=\"Toidupakk.ee - Tactical Foodpack toidupakid\" \/>\n<meta property=\"article:publisher\" content=\"https:\/\/www.facebook.com\/Toidupakk\" \/>\n<meta property=\"article:modified_time\" content=\"2026-05-14T04:30:07+00:00\" \/>\n<meta property=\"og:image\" content=\"https:\/\/toidupakk.ee\/wp-content\/uploads\/2025\/12\/Ha749f9a6ab9149b58fa55841b72e871aV.png\" \/>\n\t<meta property=\"og:image:width\" content=\"2000\" \/>\n\t<meta property=\"og:image:height\" content=\"2000\" \/>\n\t<meta property=\"og:image:type\" content=\"image\/png\" \/>\n<meta name=\"twitter:card\" content=\"summary_large_image\" \/>\n<meta name=\"twitter:label1\" content=\"Est. reading time\" \/>\n\t<meta name=\"twitter:data1\" content=\"2 minut\u0117s\" \/>\n<script type=\"application\/ld+json\" class=\"yoast-schema-graph\">{\"@context\":\"https:\\\/\\\/schema.org\",\"@graph\":[{\"@type\":\"WebPage\",\"@id\":\"https:\\\/\\\/toidupakk.ee\\\/lt\\\/toode\\\/elektrine-dviracio-pompa-ir-galinis-zibintas-130-psi\\\/\",\"url\":\"https:\\\/\\\/toidupakk.ee\\\/lt\\\/toode\\\/elektrine-dviracio-pompa-ir-galinis-zibintas-130-psi\\\/\",\"name\":\"Elektrin\u0117 dvira\u010dio pompa ir galinis \u017eibintas 130 PSI\",\"isPartOf\":{\"@id\":\"https:\\\/\\\/toidupakk.ee\\\/lt\\\/#website\"},\"primaryImageOfPage\":{\"@id\":\"https:\\\/\\\/toidupakk.ee\\\/lt\\\/toode\\\/elektrine-dviracio-pompa-ir-galinis-zibintas-130-psi\\\/#primaryimage\"},\"image\":{\"@id\":\"https:\\\/\\\/toidupakk.ee\\\/lt\\\/toode\\\/elektrine-dviracio-pompa-ir-galinis-zibintas-130-psi\\\/#primaryimage\"},\"thumbnailUrl\":\"https:\\\/\\\/toidupakk.ee\\\/wp-content\\\/uploads\\\/2025\\\/12\\\/Ha749f9a6ab9149b58fa55841b72e871aV.png\",\"datePublished\":\"2025-12-21T10:55:21+00:00\",\"dateModified\":\"2026-05-14T04:30:07+00:00\",\"description\":\"Elektrin\u0117 dvira\u010dio pompa ir galinis \u017eibintas 130 PSI sujungia galing\u0105 pomp\u0105, tiksl\u0173 manometr\u0105 ir matom\u0105 galin\u012f \u017eibint\u0105 kompakti\u0161kame 130 g prietaise.\",\"breadcrumb\":{\"@id\":\"https:\\\/\\\/toidupakk.ee\\\/lt\\\/toode\\\/elektrine-dviracio-pompa-ir-galinis-zibintas-130-psi\\\/#breadcrumb\"},\"inLanguage\":\"lt-LT\",\"potentialAction\":[{\"@type\":\"ReadAction\",\"target\":[\"https:\\\/\\\/toidupakk.ee\\\/lt\\\/toode\\\/elektrine-dviracio-pompa-ir-galinis-zibintas-130-psi\\\/\"]}]},{\"@type\":\"ImageObject\",\"inLanguage\":\"lt-LT\",\"@id\":\"https:\\\/\\\/toidupakk.ee\\\/lt\\\/toode\\\/elektrine-dviracio-pompa-ir-galinis-zibintas-130-psi\\\/#primaryimage\",\"url\":\"https:\\\/\\\/toidupakk.ee\\\/wp-content\\\/uploads\\\/2025\\\/12\\\/Ha749f9a6ab9149b58fa55841b72e871aV.png\",\"contentUrl\":\"https:\\\/\\\/toidupakk.ee\\\/wp-content\\\/uploads\\\/2025\\\/12\\\/Ha749f9a6ab9149b58fa55841b72e871aV.png\",\"width\":2000,\"height\":2000},{\"@type\":\"BreadcrumbList\",\"@id\":\"https:\\\/\\\/toidupakk.ee\\\/lt\\\/toode\\\/elektrine-dviracio-pompa-ir-galinis-zibintas-130-psi\\\/#breadcrumb\",\"itemListElement\":[{\"@type\":\"ListItem\",\"position\":1,\"name\":\"Avaleht\",\"item\":\"https:\\\/\\\/toidupakk.ee\\\/lt\\\/\"},{\"@type\":\"ListItem\",\"position\":2,\"name\":\"El. parduotuv\u0117\",\"item\":\"https:\\\/\\\/toidupakk.ee\\\/lt\\\/el-parduotuve\\\/\"},{\"@type\":\"ListItem\",\"position\":3,\"name\":\"Elektrin\u0117 dvira\u010dio pompa ir galinis \u017eibintas 130 PSI\"}]},{\"@type\":\"WebSite\",\"@id\":\"https:\\\/\\\/toidupakk.ee\\\/lt\\\/#website\",\"url\":\"https:\\\/\\\/toidupakk.ee\\\/lt\\\/\",\"name\":\"Toidupakk.ee - Tactical Foodpack toidupakid\",\"description\":\"Tactical Foodpack k\u00fclmkuivatatud toidupakid ja matkaeined\",\"publisher\":{\"@id\":\"https:\\\/\\\/toidupakk.ee\\\/lt\\\/#organization\"},\"potentialAction\":[{\"@type\":\"SearchAction\",\"target\":{\"@type\":\"EntryPoint\",\"urlTemplate\":\"https:\\\/\\\/toidupakk.ee\\\/lt\\\/?s={search_term_string}\"},\"query-input\":{\"@type\":\"PropertyValueSpecification\",\"valueRequired\":true,\"valueName\":\"search_term_string\"}}],\"inLanguage\":\"lt-LT\"},{\"@type\":\"Organization\",\"@id\":\"https:\\\/\\\/toidupakk.ee\\\/lt\\\/#organization\",\"name\":\"Tactical Foodpack matkaeined\",\"url\":\"https:\\\/\\\/toidupakk.ee\\\/lt\\\/\",\"logo\":{\"@type\":\"ImageObject\",\"inLanguage\":\"lt-LT\",\"@id\":\"https:\\\/\\\/toidupakk.ee\\\/lt\\\/#\\\/schema\\\/logo\\\/image\\\/\",\"url\":\"https:\\\/\\\/toidupakk.ee\\\/wp-content\\\/uploads\\\/2022\\\/01\\\/Toidupakk-matkapood-logo-transparent.png\",\"contentUrl\":\"https:\\\/\\\/toidupakk.ee\\\/wp-content\\\/uploads\\\/2022\\\/01\\\/Toidupakk-matkapood-logo-transparent.png\",\"width\":500,\"height\":500,\"caption\":\"Tactical Foodpack matkaeined\"},\"image\":{\"@id\":\"https:\\\/\\\/toidupakk.ee\\\/lt\\\/#\\\/schema\\\/logo\\\/image\\\/\"},\"sameAs\":[\"https:\\\/\\\/www.facebook.com\\\/Toidupakk\",\"https:\\\/\\\/www.instagram.com\\\/toidupakk\\\/\"]}]}<\/script>\n<!-- \/ Yoast SEO plugin. -->","yoast_head_json":{"title":"Elektrin\u0117 dvira\u010dio pompa ir galinis \u017eibintas 130 PSI","description":"Elektrin\u0117 dvira\u010dio pompa ir galinis \u017eibintas 130 PSI sujungia galing\u0105 pomp\u0105, tiksl\u0173 manometr\u0105 ir matom\u0105 galin\u012f \u017eibint\u0105 kompakti\u0161kame 130 g prietaise.","robots":{"index":"index","follow":"follow","max-snippet":"max-snippet:-1","max-image-preview":"max-image-preview:large","max-video-preview":"max-video-preview:-1"},"canonical":"https:\/\/toidupakk.ee\/lt\/toode\/elektrine-dviracio-pompa-ir-galinis-zibintas-130-psi\/","og_locale":"lt_LT","og_type":"article","og_title":"Elektrin\u0117 dvira\u010dio pompa ir galinis \u017eibintas 130 PSI","og_description":"Elektrin\u0117 dvira\u010dio pompa ir galinis \u017eibintas 130 PSI sujungia galing\u0105 pomp\u0105, tiksl\u0173 manometr\u0105 ir matom\u0105 galin\u012f \u017eibint\u0105 kompakti\u0161kame 130 g prietaise.","og_url":"https:\/\/toidupakk.ee\/lt\/toode\/elektrine-dviracio-pompa-ir-galinis-zibintas-130-psi\/","og_site_name":"Toidupakk.ee - Tactical Foodpack toidupakid","article_publisher":"https:\/\/www.facebook.com\/Toidupakk","article_modified_time":"2026-05-14T04:30:07+00:00","og_image":[{"width":2000,"height":2000,"url":"https:\/\/toidupakk.ee\/wp-content\/uploads\/2025\/12\/Ha749f9a6ab9149b58fa55841b72e871aV.png","type":"image\/png"}],"twitter_card":"summary_large_image","twitter_misc":{"Est. reading time":"2 minut\u0117s"},"schema":{"@context":"https:\/\/schema.org","@graph":[{"@type":"WebPage","@id":"https:\/\/toidupakk.ee\/lt\/toode\/elektrine-dviracio-pompa-ir-galinis-zibintas-130-psi\/","url":"https:\/\/toidupakk.ee\/lt\/toode\/elektrine-dviracio-pompa-ir-galinis-zibintas-130-psi\/","name":"Elektrin\u0117 dvira\u010dio pompa ir galinis \u017eibintas 130 PSI","isPartOf":{"@id":"https:\/\/toidupakk.ee\/lt\/#website"},"primaryImageOfPage":{"@id":"https:\/\/toidupakk.ee\/lt\/toode\/elektrine-dviracio-pompa-ir-galinis-zibintas-130-psi\/#primaryimage"},"image":{"@id":"https:\/\/toidupakk.ee\/lt\/toode\/elektrine-dviracio-pompa-ir-galinis-zibintas-130-psi\/#primaryimage"},"thumbnailUrl":"https:\/\/toidupakk.ee\/wp-content\/uploads\/2025\/12\/Ha749f9a6ab9149b58fa55841b72e871aV.png","datePublished":"2025-12-21T10:55:21+00:00","dateModified":"2026-05-14T04:30:07+00:00","description":"Elektrin\u0117 dvira\u010dio pompa ir galinis \u017eibintas 130 PSI sujungia galing\u0105 pomp\u0105, tiksl\u0173 manometr\u0105 ir matom\u0105 galin\u012f \u017eibint\u0105 kompakti\u0161kame 130 g prietaise.","breadcrumb":{"@id":"https:\/\/toidupakk.ee\/lt\/toode\/elektrine-dviracio-pompa-ir-galinis-zibintas-130-psi\/#breadcrumb"},"inLanguage":"lt-LT","potentialAction":[{"@type":"ReadAction","target":["https:\/\/toidupakk.ee\/lt\/toode\/elektrine-dviracio-pompa-ir-galinis-zibintas-130-psi\/"]}]},{"@type":"ImageObject","inLanguage":"lt-LT","@id":"https:\/\/toidupakk.ee\/lt\/toode\/elektrine-dviracio-pompa-ir-galinis-zibintas-130-psi\/#primaryimage","url":"https:\/\/toidupakk.ee\/wp-content\/uploads\/2025\/12\/Ha749f9a6ab9149b58fa55841b72e871aV.png","contentUrl":"https:\/\/toidupakk.ee\/wp-content\/uploads\/2025\/12\/Ha749f9a6ab9149b58fa55841b72e871aV.png","width":2000,"height":2000},{"@type":"BreadcrumbList","@id":"https:\/\/toidupakk.ee\/lt\/toode\/elektrine-dviracio-pompa-ir-galinis-zibintas-130-psi\/#breadcrumb","itemListElement":[{"@type":"ListItem","position":1,"name":"Avaleht","item":"https:\/\/toidupakk.ee\/lt\/"},{"@type":"ListItem","position":2,"name":"El. parduotuv\u0117","item":"https:\/\/toidupakk.ee\/lt\/el-parduotuve\/"},{"@type":"ListItem","position":3,"name":"Elektrin\u0117 dvira\u010dio pompa ir galinis \u017eibintas 130 PSI"}]},{"@type":"WebSite","@id":"https:\/\/toidupakk.ee\/lt\/#website","url":"https:\/\/toidupakk.ee\/lt\/","name":"Toidupakk.ee - Tactical Foodpack toidupakid","description":"Tactical Foodpack k\u00fclmkuivatatud toidupakid ja matkaeined","publisher":{"@id":"https:\/\/toidupakk.ee\/lt\/#organization"},"potentialAction":[{"@type":"SearchAction","target":{"@type":"EntryPoint","urlTemplate":"https:\/\/toidupakk.ee\/lt\/?s={search_term_string}"},"query-input":{"@type":"PropertyValueSpecification","valueRequired":true,"valueName":"search_term_string"}}],"inLanguage":"lt-LT"},{"@type":"Organization","@id":"https:\/\/toidupakk.ee\/lt\/#organization","name":"Tactical Foodpack matkaeined","url":"https:\/\/toidupakk.ee\/lt\/","logo":{"@type":"ImageObject","inLanguage":"lt-LT","@id":"https:\/\/toidupakk.ee\/lt\/#\/schema\/logo\/image\/","url":"https:\/\/toidupakk.ee\/wp-content\/uploads\/2022\/01\/Toidupakk-matkapood-logo-transparent.png","contentUrl":"https:\/\/toidupakk.ee\/wp-content\/uploads\/2022\/01\/Toidupakk-matkapood-logo-transparent.png","width":500,"height":500,"caption":"Tactical Foodpack matkaeined"},"image":{"@id":"https:\/\/toidupakk.ee\/lt\/#\/schema\/logo\/image\/"},"sameAs":["https:\/\/www.facebook.com\/Toidupakk","https:\/\/www.instagram.com\/toidupakk\/"]}]}},"jetpack_sharing_enabled":true,"_links":{"self":[{"href":"https:\/\/toidupakk.ee\/lt\/wp-json\/wp\/v2\/product\/45706","targetHints":{"allow":["GET"]}}],"collection":[{"href":"https:\/\/toidupakk.ee\/lt\/wp-json\/wp\/v2\/product"}],"about":[{"href":"https:\/\/toidupakk.ee\/lt\/wp-json\/wp\/v2\/types\/product"}],"replies":[{"embeddable":true,"href":"https:\/\/toidupakk.ee\/lt\/wp-json\/wp\/v2\/comments?post=45706"}],"wp:featuredmedia":[{"embeddable":true,"href":"https:\/\/toidupakk.ee\/lt\/wp-json\/wp\/v2\/media\/43645"}],"wp:attachment":[{"href":"https:\/\/toidupakk.ee\/lt\/wp-json\/wp\/v2\/media?parent=45706"}],"wp:term":[{"taxonomy":"product_brand","embeddable":true,"href":"https:\/\/toidupakk.ee\/lt\/wp-json\/wp\/v2\/product_brand?post=45706"},{"taxonomy":"product_cat","embeddable":true,"href":"https:\/\/toidupakk.ee\/lt\/wp-json\/wp\/v2\/product_cat?post=45706"},{"taxonomy":"product_tag","embeddable":true,"href":"https:\/\/toidupakk.ee\/lt\/wp-json\/wp\/v2\/product_tag?post=45706"}],"curies":[{"name":"wp","href":"https:\/\/api.w.org\/{rel}","templated":true}]}}