{"id":45693,"date":"2025-12-03T12:32:28","date_gmt":"2025-12-03T10:32:28","guid":{"rendered":"https:\/\/toidupakk.ee\/toode\/iconfit-whey-protein-80-geriausiai-parduodamas-1-kg\/"},"modified":"2026-05-14T07:30:53","modified_gmt":"2026-05-14T04:30:53","slug":"iconfit-whey-protein-80-geriausiai-parduodamas-1-kg","status":"publish","type":"product","link":"https:\/\/toidupakk.ee\/lt\/toode\/iconfit-whey-protein-80-geriausiai-parduodamas-1-kg\/","title":{"rendered":"ICONFIT Whey Protein 80 (Geriausiai parduodamas, 1 kg)"},"content":{"rendered":"<p><img fetchpriority=\"high\" decoding=\"async\" class=\"alignright wp-image-43152 size-thumbnail\" src=\"https:\/\/toidupakk.ee\/wp-content\/uploads\/2025\/12\/ICONFIT-Whey-protein-80fit-31-500x500.jpg\" alt=\"whey protein 80 iconfit\" width=\"500\" height=\"500\" srcset=\"https:\/\/toidupakk.ee\/wp-content\/uploads\/2025\/12\/ICONFIT-Whey-protein-80fit-31-500x500.jpg 500w, https:\/\/toidupakk.ee\/wp-content\/uploads\/2025\/12\/ICONFIT-Whey-protein-80fit-31-400x400.jpg 400w, https:\/\/toidupakk.ee\/wp-content\/uploads\/2025\/12\/ICONFIT-Whey-protein-80fit-31-100x100.jpg 100w, https:\/\/toidupakk.ee\/wp-content\/uploads\/2025\/12\/ICONFIT-Whey-protein-80fit-31-50x50.jpg 50w\" sizes=\"(max-width: 500px) 100vw, 500px\" \/><\/p>\n<p><strong>ICONFIT WHEY PROTEIN 80<\/strong> pagrindas \u2013 puikiai tirpstantis auk\u0161tos kokyb\u0117s i\u0161r\u016bg\u0173 baltym\u0173 koncentratas. \u0160is produktas pagamintas i\u0161 geriausi\u0173 \u017ealiav\u0173, kurios pasi\u017eymi puikiu tirpumu, nesudaro gumul\u0117li\u0173 ir yra \u0161velnaus skonio. Puikus aminor\u016bg\u0161\u010di\u0173 profilis palaiko raumen\u0173 vystym\u0105si ir atsistatym\u0105 po treniruot\u0117s! Be nereikaling\u0173 da\u017eikli\u0173 ar stabilizatori\u0173. Galima rinktis nat\u016bralaus skonio arba saldint\u0105 sukraloze ar stevija. Kod\u0117l verta rinktis \u201eWhey Protein 80\u201c, o ne kitus i\u0161r\u016bg\u0173 baltymus?     <\/p>\n<p><strong>ICONFIT KOKYB\u0116S GARANTIJA!<\/strong> Pa\u017eadame, kad niekada nedarysime kompromis\u0173 d\u0117l sudedam\u0173j\u0173 dali\u0173 kokyb\u0117s! ICONFIT produktuose n\u0117ra nereikaling\u0173 dirbtini\u0173 da\u017eikli\u0173 ar stabilizatori\u0173. Nenaudojame pigiausi\u0173 \u017eemesn\u0117s kokyb\u0117s ingredient\u0173, o renkam\u0117s tik geriausius, kad u\u017etikrintume auk\u0161t\u0105 kokyb\u0119 ir puik\u0173 tirpum\u0105.  <\/p>\n<p>ICONFIT Whey Protein 80 skonio variantai \u2013 tai auk\u0161tos kokyb\u0117s i\u0161r\u016bg\u0173 baltym\u0173 koncentratai su kvapiosiomis med\u017eiagomis, kakavos milteliais ir nedideliu kiekiu sukraloz\u0117s arba stevijos maloniam saldumui pasiekti.<\/p>\n<p>Nat\u016bralaus skonio \u201eWhey Protein 80\u201c yra tiesiog grynas, auk\u0161tos kokyb\u0117s i\u0161r\u016bg\u0173 baltym\u0173 koncentratas be joki\u0173 pried\u0173! Puikiai tinka g\u0117rim\u0173 ir maisto baltym\u0173 kiekiui padidinti, taip pat galima mai\u0161yti su kitais baltymais. <\/p>\n<p>&nbsp;<\/p>\n<p>Daugiau maisto papild\u0173 rasi <a href=\"https:\/\/toidupakk.ee\/lt\/tootekategooria\/maisto-papildai\/\">\u010cIA<\/a><\/p>\n<p>Domina maistas \u017eygiams? \u017di\u016br\u0117k <a href=\"\/?product_cat=snakk#section-3-79\">\u010cIA<\/a><\/p>\n<p>Pasisemk \u012fkv\u0117pimo kitiems nuotykiams \u201eToidupakk\u201c <a href=\"https:\/\/www.instagram.com\/toidupakk\/\">Instagram<\/a> ir <a href=\"https:\/\/www.facebook.com\/Toidupakk\/\">Facebook<\/a> paskyrose.<\/p>\n","protected":false},"excerpt":{"rendered":"<p><strong>ICONFIT WHEY PROTEIN 80<\/strong> pagrindas \u2013 puikiai tirpstantis auk\u0161tos kokyb\u0117s i\u0161r\u016bg\u0173 baltym\u0173 koncentratas. \u0160is produktas pagamintas i\u0161 geriausi\u0173 \u017ealiav\u0173, kurios puikiai tirpsta, nesudaro gumul\u0117li\u0173 ir yra \u0161velnaus skonio. Puikus aminor\u016bg\u0161\u010di\u0173 profilis palaiko raumen\u0173 vystym\u0105si ir atsistatym\u0105 po treniruot\u0117s! Be nereikaling\u0173 da\u017eikli\u0173 ar stabilizatori\u0173.   <\/p>\n<ul>\n<li>Geriausiai parduodamas ICONFIT produktas d\u0117l puikios kokyb\u0117s ir skonio.<\/li>\n<li>Kiekvienoje porcijoje yra 4,4 g (4400 mg) BCAA!<\/li>\n<li>Baltymai padeda auginti ir i\u0161saugoti raumen\u0173 mas\u0119.<\/li>\n<li><strong>Skonis: \u0161okoladinis<\/strong><\/li>\n<\/ul>\n<p><img decoding=\"async\" class=\"alignnone size-medium wp-image-43146\" src=\"https:\/\/toidupakk.ee\/wp-content\/uploads\/2025\/12\/iconfit-logo-300x79.avif\" alt=\"\" width=\"300\" height=\"79\" srcset=\"https:\/\/toidupakk.ee\/wp-content\/uploads\/2025\/12\/iconfit-logo-300x79.avif 300w, https:\/\/toidupakk.ee\/wp-content\/uploads\/2025\/12\/iconfit-logo.avif 447w\" sizes=\"(max-width: 300px) 100vw, 300px\" \/><\/p>\n<p>\u2705 Turime sand\u0117lyje, greitas pristatymas \u012f tavo pa\u0161tomat\u0105 per 1\u20133 d. d.<\/p>\n","protected":false},"featured_media":43157,"comment_status":"open","ping_status":"closed","template":"","meta":{"_acf_changed":false},"product_brand":[],"product_cat":[237,238],"product_tag":[],"class_list":{"0":"post-45693","1":"product","2":"type-product","3":"status-publish","4":"has-post-thumbnail","6":"product_cat-maisto-papildai","7":"product_cat-svorio-metimas","9":"first","10":"instock","11":"taxable","12":"shipping-taxable","13":"purchasable","14":"product-type-simple"},"bundled_by":[],"bundle_stock_status":"instock","bundle_stock_quantity":4,"bundle_virtual":false,"bundle_layout":"","bundle_add_to_cart_form_location":"","bundle_editable_in_cart":false,"bundle_sold_individually_context":"","bundle_item_grouping":"","bundle_min_size":"","bundle_max_size":"","bundle_price":[],"bundled_items":[],"bundle_sell_ids":[],"acf":[],"yoast_head":"<!-- This site is optimized with the Yoast SEO plugin v27.3 - https:\/\/yoast.com\/product\/yoast-seo-wordpress\/ -->\n<title>ICONFIT Whey Protein 80 (Geriausiai parduodamas, 1 kg)<\/title>\n<meta name=\"description\" content=\"ICONFIT Whey Protein 80 \u0161okoladinis \u2013 kokybi\u0161ki i\u0161r\u016bg\u0173 baltymai raumen\u0173 augimui ir atsistatymui. Puikiai tirpsta, \u0161velnaus skonio, greitas pristatymas per 1\u20132 d. d.\" \/>\n<meta name=\"robots\" content=\"index, follow, max-snippet:-1, max-image-preview:large, max-video-preview:-1\" \/>\n<link rel=\"canonical\" href=\"https:\/\/toidupakk.ee\/lt\/toode\/iconfit-whey-protein-80-geriausiai-parduodamas-1-kg\/\" \/>\n<meta property=\"og:locale\" content=\"lt_LT\" \/>\n<meta property=\"og:type\" content=\"article\" \/>\n<meta property=\"og:title\" content=\"ICONFIT Whey Protein 80 (Geriausiai parduodamas, 1 kg)\" \/>\n<meta property=\"og:description\" content=\"ICONFIT Whey Protein 80 \u0161okoladinis \u2013 kokybi\u0161ki i\u0161r\u016bg\u0173 baltymai raumen\u0173 augimui ir atsistatymui. Puikiai tirpsta, \u0161velnaus skonio, greitas pristatymas per 1\u20132 d. d.\" \/>\n<meta property=\"og:url\" content=\"https:\/\/toidupakk.ee\/lt\/toode\/iconfit-whey-protein-80-geriausiai-parduodamas-1-kg\/\" \/>\n<meta property=\"og:site_name\" content=\"Toidupakk.ee - Tactical Foodpack toidupakid\" \/>\n<meta property=\"article:publisher\" content=\"https:\/\/www.facebook.com\/Toidupakk\" \/>\n<meta property=\"article:modified_time\" content=\"2026-05-14T04:30:53+00:00\" \/>\n<meta property=\"og:image\" content=\"https:\/\/toidupakk.ee\/wp-content\/uploads\/2025\/12\/ICONFIT-Whey-Protein-80.png\" \/>\n\t<meta property=\"og:image:width\" content=\"800\" \/>\n\t<meta property=\"og:image:height\" content=\"800\" \/>\n\t<meta property=\"og:image:type\" content=\"image\/png\" \/>\n<meta name=\"twitter:card\" content=\"summary_large_image\" \/>\n<meta name=\"twitter:label1\" content=\"Est. reading time\" \/>\n\t<meta name=\"twitter:data1\" content=\"1 minut\u0117\" \/>\n<script type=\"application\/ld+json\" class=\"yoast-schema-graph\">{\"@context\":\"https:\\\/\\\/schema.org\",\"@graph\":[{\"@type\":\"WebPage\",\"@id\":\"https:\\\/\\\/toidupakk.ee\\\/lt\\\/toode\\\/iconfit-whey-protein-80-geriausiai-parduodamas-1-kg\\\/\",\"url\":\"https:\\\/\\\/toidupakk.ee\\\/lt\\\/toode\\\/iconfit-whey-protein-80-geriausiai-parduodamas-1-kg\\\/\",\"name\":\"ICONFIT Whey Protein 80 (Geriausiai parduodamas, 1 kg)\",\"isPartOf\":{\"@id\":\"https:\\\/\\\/toidupakk.ee\\\/lt\\\/#website\"},\"primaryImageOfPage\":{\"@id\":\"https:\\\/\\\/toidupakk.ee\\\/lt\\\/toode\\\/iconfit-whey-protein-80-geriausiai-parduodamas-1-kg\\\/#primaryimage\"},\"image\":{\"@id\":\"https:\\\/\\\/toidupakk.ee\\\/lt\\\/toode\\\/iconfit-whey-protein-80-geriausiai-parduodamas-1-kg\\\/#primaryimage\"},\"thumbnailUrl\":\"https:\\\/\\\/toidupakk.ee\\\/wp-content\\\/uploads\\\/2025\\\/12\\\/ICONFIT-Whey-Protein-80.png\",\"datePublished\":\"2025-12-03T10:32:28+00:00\",\"dateModified\":\"2026-05-14T04:30:53+00:00\",\"description\":\"ICONFIT Whey Protein 80 \u0161okoladinis \u2013 kokybi\u0161ki i\u0161r\u016bg\u0173 baltymai raumen\u0173 augimui ir atsistatymui. Puikiai tirpsta, \u0161velnaus skonio, greitas pristatymas per 1\u20132 d. d.\",\"breadcrumb\":{\"@id\":\"https:\\\/\\\/toidupakk.ee\\\/lt\\\/toode\\\/iconfit-whey-protein-80-geriausiai-parduodamas-1-kg\\\/#breadcrumb\"},\"inLanguage\":\"lt-LT\",\"potentialAction\":[{\"@type\":\"ReadAction\",\"target\":[\"https:\\\/\\\/toidupakk.ee\\\/lt\\\/toode\\\/iconfit-whey-protein-80-geriausiai-parduodamas-1-kg\\\/\"]}]},{\"@type\":\"ImageObject\",\"inLanguage\":\"lt-LT\",\"@id\":\"https:\\\/\\\/toidupakk.ee\\\/lt\\\/toode\\\/iconfit-whey-protein-80-geriausiai-parduodamas-1-kg\\\/#primaryimage\",\"url\":\"https:\\\/\\\/toidupakk.ee\\\/wp-content\\\/uploads\\\/2025\\\/12\\\/ICONFIT-Whey-Protein-80.png\",\"contentUrl\":\"https:\\\/\\\/toidupakk.ee\\\/wp-content\\\/uploads\\\/2025\\\/12\\\/ICONFIT-Whey-Protein-80.png\",\"width\":800,\"height\":800},{\"@type\":\"BreadcrumbList\",\"@id\":\"https:\\\/\\\/toidupakk.ee\\\/lt\\\/toode\\\/iconfit-whey-protein-80-geriausiai-parduodamas-1-kg\\\/#breadcrumb\",\"itemListElement\":[{\"@type\":\"ListItem\",\"position\":1,\"name\":\"Avaleht\",\"item\":\"https:\\\/\\\/toidupakk.ee\\\/lt\\\/\"},{\"@type\":\"ListItem\",\"position\":2,\"name\":\"El. parduotuv\u0117\",\"item\":\"https:\\\/\\\/toidupakk.ee\\\/lt\\\/el-parduotuve\\\/\"},{\"@type\":\"ListItem\",\"position\":3,\"name\":\"ICONFIT Whey Protein 80 (Geriausiai parduodamas, 1 kg)\"}]},{\"@type\":\"WebSite\",\"@id\":\"https:\\\/\\\/toidupakk.ee\\\/lt\\\/#website\",\"url\":\"https:\\\/\\\/toidupakk.ee\\\/lt\\\/\",\"name\":\"Toidupakk.ee - Tactical Foodpack toidupakid\",\"description\":\"Tactical Foodpack k\u00fclmkuivatatud toidupakid ja matkaeined\",\"publisher\":{\"@id\":\"https:\\\/\\\/toidupakk.ee\\\/lt\\\/#organization\"},\"potentialAction\":[{\"@type\":\"SearchAction\",\"target\":{\"@type\":\"EntryPoint\",\"urlTemplate\":\"https:\\\/\\\/toidupakk.ee\\\/lt\\\/?s={search_term_string}\"},\"query-input\":{\"@type\":\"PropertyValueSpecification\",\"valueRequired\":true,\"valueName\":\"search_term_string\"}}],\"inLanguage\":\"lt-LT\"},{\"@type\":\"Organization\",\"@id\":\"https:\\\/\\\/toidupakk.ee\\\/lt\\\/#organization\",\"name\":\"Tactical Foodpack matkaeined\",\"url\":\"https:\\\/\\\/toidupakk.ee\\\/lt\\\/\",\"logo\":{\"@type\":\"ImageObject\",\"inLanguage\":\"lt-LT\",\"@id\":\"https:\\\/\\\/toidupakk.ee\\\/lt\\\/#\\\/schema\\\/logo\\\/image\\\/\",\"url\":\"https:\\\/\\\/toidupakk.ee\\\/wp-content\\\/uploads\\\/2022\\\/01\\\/Toidupakk-matkapood-logo-transparent.png\",\"contentUrl\":\"https:\\\/\\\/toidupakk.ee\\\/wp-content\\\/uploads\\\/2022\\\/01\\\/Toidupakk-matkapood-logo-transparent.png\",\"width\":500,\"height\":500,\"caption\":\"Tactical Foodpack matkaeined\"},\"image\":{\"@id\":\"https:\\\/\\\/toidupakk.ee\\\/lt\\\/#\\\/schema\\\/logo\\\/image\\\/\"},\"sameAs\":[\"https:\\\/\\\/www.facebook.com\\\/Toidupakk\",\"https:\\\/\\\/www.instagram.com\\\/toidupakk\\\/\"]}]}<\/script>\n<!-- \/ Yoast SEO plugin. -->","yoast_head_json":{"title":"ICONFIT Whey Protein 80 (Geriausiai parduodamas, 1 kg)","description":"ICONFIT Whey Protein 80 \u0161okoladinis \u2013 kokybi\u0161ki i\u0161r\u016bg\u0173 baltymai raumen\u0173 augimui ir atsistatymui. Puikiai tirpsta, \u0161velnaus skonio, greitas pristatymas per 1\u20132 d. d.","robots":{"index":"index","follow":"follow","max-snippet":"max-snippet:-1","max-image-preview":"max-image-preview:large","max-video-preview":"max-video-preview:-1"},"canonical":"https:\/\/toidupakk.ee\/lt\/toode\/iconfit-whey-protein-80-geriausiai-parduodamas-1-kg\/","og_locale":"lt_LT","og_type":"article","og_title":"ICONFIT Whey Protein 80 (Geriausiai parduodamas, 1 kg)","og_description":"ICONFIT Whey Protein 80 \u0161okoladinis \u2013 kokybi\u0161ki i\u0161r\u016bg\u0173 baltymai raumen\u0173 augimui ir atsistatymui. Puikiai tirpsta, \u0161velnaus skonio, greitas pristatymas per 1\u20132 d. d.","og_url":"https:\/\/toidupakk.ee\/lt\/toode\/iconfit-whey-protein-80-geriausiai-parduodamas-1-kg\/","og_site_name":"Toidupakk.ee - Tactical Foodpack toidupakid","article_publisher":"https:\/\/www.facebook.com\/Toidupakk","article_modified_time":"2026-05-14T04:30:53+00:00","og_image":[{"width":800,"height":800,"url":"https:\/\/toidupakk.ee\/wp-content\/uploads\/2025\/12\/ICONFIT-Whey-Protein-80.png","type":"image\/png"}],"twitter_card":"summary_large_image","twitter_misc":{"Est. reading time":"1 minut\u0117"},"schema":{"@context":"https:\/\/schema.org","@graph":[{"@type":"WebPage","@id":"https:\/\/toidupakk.ee\/lt\/toode\/iconfit-whey-protein-80-geriausiai-parduodamas-1-kg\/","url":"https:\/\/toidupakk.ee\/lt\/toode\/iconfit-whey-protein-80-geriausiai-parduodamas-1-kg\/","name":"ICONFIT Whey Protein 80 (Geriausiai parduodamas, 1 kg)","isPartOf":{"@id":"https:\/\/toidupakk.ee\/lt\/#website"},"primaryImageOfPage":{"@id":"https:\/\/toidupakk.ee\/lt\/toode\/iconfit-whey-protein-80-geriausiai-parduodamas-1-kg\/#primaryimage"},"image":{"@id":"https:\/\/toidupakk.ee\/lt\/toode\/iconfit-whey-protein-80-geriausiai-parduodamas-1-kg\/#primaryimage"},"thumbnailUrl":"https:\/\/toidupakk.ee\/wp-content\/uploads\/2025\/12\/ICONFIT-Whey-Protein-80.png","datePublished":"2025-12-03T10:32:28+00:00","dateModified":"2026-05-14T04:30:53+00:00","description":"ICONFIT Whey Protein 80 \u0161okoladinis \u2013 kokybi\u0161ki i\u0161r\u016bg\u0173 baltymai raumen\u0173 augimui ir atsistatymui. Puikiai tirpsta, \u0161velnaus skonio, greitas pristatymas per 1\u20132 d. d.","breadcrumb":{"@id":"https:\/\/toidupakk.ee\/lt\/toode\/iconfit-whey-protein-80-geriausiai-parduodamas-1-kg\/#breadcrumb"},"inLanguage":"lt-LT","potentialAction":[{"@type":"ReadAction","target":["https:\/\/toidupakk.ee\/lt\/toode\/iconfit-whey-protein-80-geriausiai-parduodamas-1-kg\/"]}]},{"@type":"ImageObject","inLanguage":"lt-LT","@id":"https:\/\/toidupakk.ee\/lt\/toode\/iconfit-whey-protein-80-geriausiai-parduodamas-1-kg\/#primaryimage","url":"https:\/\/toidupakk.ee\/wp-content\/uploads\/2025\/12\/ICONFIT-Whey-Protein-80.png","contentUrl":"https:\/\/toidupakk.ee\/wp-content\/uploads\/2025\/12\/ICONFIT-Whey-Protein-80.png","width":800,"height":800},{"@type":"BreadcrumbList","@id":"https:\/\/toidupakk.ee\/lt\/toode\/iconfit-whey-protein-80-geriausiai-parduodamas-1-kg\/#breadcrumb","itemListElement":[{"@type":"ListItem","position":1,"name":"Avaleht","item":"https:\/\/toidupakk.ee\/lt\/"},{"@type":"ListItem","position":2,"name":"El. parduotuv\u0117","item":"https:\/\/toidupakk.ee\/lt\/el-parduotuve\/"},{"@type":"ListItem","position":3,"name":"ICONFIT Whey Protein 80 (Geriausiai parduodamas, 1 kg)"}]},{"@type":"WebSite","@id":"https:\/\/toidupakk.ee\/lt\/#website","url":"https:\/\/toidupakk.ee\/lt\/","name":"Toidupakk.ee - Tactical Foodpack toidupakid","description":"Tactical Foodpack k\u00fclmkuivatatud toidupakid ja matkaeined","publisher":{"@id":"https:\/\/toidupakk.ee\/lt\/#organization"},"potentialAction":[{"@type":"SearchAction","target":{"@type":"EntryPoint","urlTemplate":"https:\/\/toidupakk.ee\/lt\/?s={search_term_string}"},"query-input":{"@type":"PropertyValueSpecification","valueRequired":true,"valueName":"search_term_string"}}],"inLanguage":"lt-LT"},{"@type":"Organization","@id":"https:\/\/toidupakk.ee\/lt\/#organization","name":"Tactical Foodpack matkaeined","url":"https:\/\/toidupakk.ee\/lt\/","logo":{"@type":"ImageObject","inLanguage":"lt-LT","@id":"https:\/\/toidupakk.ee\/lt\/#\/schema\/logo\/image\/","url":"https:\/\/toidupakk.ee\/wp-content\/uploads\/2022\/01\/Toidupakk-matkapood-logo-transparent.png","contentUrl":"https:\/\/toidupakk.ee\/wp-content\/uploads\/2022\/01\/Toidupakk-matkapood-logo-transparent.png","width":500,"height":500,"caption":"Tactical Foodpack matkaeined"},"image":{"@id":"https:\/\/toidupakk.ee\/lt\/#\/schema\/logo\/image\/"},"sameAs":["https:\/\/www.facebook.com\/Toidupakk","https:\/\/www.instagram.com\/toidupakk\/"]}]}},"jetpack_sharing_enabled":true,"_links":{"self":[{"href":"https:\/\/toidupakk.ee\/lt\/wp-json\/wp\/v2\/product\/45693","targetHints":{"allow":["GET"]}}],"collection":[{"href":"https:\/\/toidupakk.ee\/lt\/wp-json\/wp\/v2\/product"}],"about":[{"href":"https:\/\/toidupakk.ee\/lt\/wp-json\/wp\/v2\/types\/product"}],"replies":[{"embeddable":true,"href":"https:\/\/toidupakk.ee\/lt\/wp-json\/wp\/v2\/comments?post=45693"}],"wp:featuredmedia":[{"embeddable":true,"href":"https:\/\/toidupakk.ee\/lt\/wp-json\/wp\/v2\/media\/43157"}],"wp:attachment":[{"href":"https:\/\/toidupakk.ee\/lt\/wp-json\/wp\/v2\/media?parent=45693"}],"wp:term":[{"taxonomy":"product_brand","embeddable":true,"href":"https:\/\/toidupakk.ee\/lt\/wp-json\/wp\/v2\/product_brand?post=45693"},{"taxonomy":"product_cat","embeddable":true,"href":"https:\/\/toidupakk.ee\/lt\/wp-json\/wp\/v2\/product_cat?post=45693"},{"taxonomy":"product_tag","embeddable":true,"href":"https:\/\/toidupakk.ee\/lt\/wp-json\/wp\/v2\/product_tag?post=45693"}],"curies":[{"name":"wp","href":"https:\/\/api.w.org\/{rel}","templated":true}]}}