{"id":45684,"date":"2025-09-30T12:26:24","date_gmt":"2025-09-30T09:26:24","guid":{"rendered":"https:\/\/toidupakk.ee\/toode\/koju-pirstu-sildytuvai-matkapro\/"},"modified":"2026-04-04T00:01:12","modified_gmt":"2026-04-03T21:01:12","slug":"koju-pirstu-sildytuvai-matkapro","status":"publish","type":"product","link":"https:\/\/toidupakk.ee\/lt\/toode\/koju-pirstu-sildytuvai-matkapro\/","title":{"rendered":"Koj\u0173 pir\u0161t\u0173 \u0161ildytuvai MATKAPRO"},"content":{"rendered":"<p>&nbsp;<\/p>\n<h1><img fetchpriority=\"high\" decoding=\"async\" class=\"alignright wp-image-39585 size-thumbnail\" src=\"https:\/\/toidupakk.ee\/wp-content\/uploads\/2025\/09\/Varbasoojendajad-MATKAPRO9-500x500.png\" alt=\"koj\u0173 pir\u0161t\u0173 \u0161ildytuv\u0173 naudojimo sritys\" width=\"500\" height=\"500\" srcset=\"https:\/\/toidupakk.ee\/wp-content\/uploads\/2025\/09\/Varbasoojendajad-MATKAPRO9-500x500.png 500w, https:\/\/toidupakk.ee\/wp-content\/uploads\/2025\/09\/Varbasoojendajad-MATKAPRO9-300x300.png 300w, https:\/\/toidupakk.ee\/wp-content\/uploads\/2025\/09\/Varbasoojendajad-MATKAPRO9-768x768.png 768w, https:\/\/toidupakk.ee\/wp-content\/uploads\/2025\/09\/Varbasoojendajad-MATKAPRO9-400x400.png 400w, https:\/\/toidupakk.ee\/wp-content\/uploads\/2025\/09\/Varbasoojendajad-MATKAPRO9-100x100.png 100w, https:\/\/toidupakk.ee\/wp-content\/uploads\/2025\/09\/Varbasoojendajad-MATKAPRO9.png 800w\" sizes=\"(max-width: 500px) 100vw, 500px\" \/><\/h1>\n<h1>Koj\u0173 pir\u0161t\u0173 \u0161ildytuvai MATKAPRO ir kaip naudoti gamin\u012f<\/h1>\n<p>Atpl\u0117\u0161k <strong>koj\u0173 pir\u0161t\u0173 \u0161ildytuv\u0173 MATKAPRO<\/strong> pakuot\u0119 rankomis tam numatytose vietose. Atidarydamas pakuot\u0119 nenaudok \u017eirkli\u0173, peilio ar kit\u0173 pana\u0161i\u0173 a\u0161tri\u0173 \u012franki\u0173! Kelias minutes pakratyk ir paminkyk pagalv\u0117les, kad aktyvuotum \u0161ildymo proces\u0105. Gaminys darbin\u0119 temperat\u016br\u0105 pasiekia per kelias minutes. Nuimk apsaugin\u0119 pl\u0117vel\u0119 nuo pagalv\u0117li\u0173, kad atidengtum lipn\u0173 pavir\u0161i\u0173. Priklijuok \u0161ildytuvus prie kojin\u0117s i\u0161or\u0117s po pir\u0161tais. Kai kurie \u017emon\u0117s mieliau klijuoja ant pir\u0161t\u0173 vir\u0161aus. Gaminys skirtas naudoti avalyn\u0117s viduje. Tur\u0117k omenyje, kad storos kojin\u0117s gali \u0161iek tiek suma\u017einti \u0161ilumos poj\u016bt\u012f. Neklijuok gaminio tiesiai ant odos. Jei \u0161ildytuvas tampa nemaloniai kar\u0161tas, nedelsdamas nustok j\u012f naudoti. Neskirta vaikams iki 12 met\u0173. Panaudoj\u0119s ir gaminiui atv\u0117sus, i\u0161mesk \u012f buitines atliekas.            <\/p>\n<p><strong>Koj\u0173 pir\u0161t\u0173 \u0161ildytuv\u0173 negalima naudoti:<\/strong><\/p>\n<ul>\n<li>Ant patinim\u0173 ar m\u0117lyni\u0173<\/li>\n<li>Ant nu\u0161alusios odos<\/li>\n<li>Vaikams iki 12 met\u0173<\/li>\n<li>Medicininiais tikslais<\/li>\n<\/ul>\n<p>Nebandyk atidaryti pagalv\u0117li\u0173, t. y. nepa\u017eeisk gaminio. Jei turinio patekt\u0173 \u012f burn\u0105 ar akis, nedelsdamas kreipkis \u012f gydytoj\u0105 pirmosios pagalbos. <\/p>\n<h2>Koj\u0173 pir\u0161t\u0173 \u0161ildytuv\u0173 MATKAPRO naudojimo sritys<\/h2>\n<p>Gaminys puikiai tinka \u017eygeiviams, dirbantiems v\u0117sioje aplinkoje, \u017evejams, med\u017eiotojams, dviratininkams, slidininkams. Taip pat turgavie\u010di\u0173 pardav\u0117jams, sporto var\u017eyb\u0173 \u017ei\u016brovams. Plonas ir patogus \u2013 tinka naudoti bet kokioje avalyn\u0117je.  <\/p>\n<p>Daugiau \u017eygio reikmen\u0173 rasi <a href=\"https:\/\/toidupakk.ee\/lt\/tootekategooria\/zygio-iranga\/#section-3-79\">\u010cIA<\/a><\/p>\n<p>Pasisemk \u012fkv\u0117pimo kitiems nuotykiams Toidupakk <a href=\"https:\/\/www.instagram.com\/toidupakk\/\">Instagram<\/a> ir <a href=\"https:\/\/www.facebook.com\/Toidupakk\/\">Facebook<\/a> paskyrose.<\/p>\n","protected":false},"excerpt":{"rendered":"<p><strong>Koj\u0173 pir\u0161t\u0173 \u0161ildytuvai palaikys tavo pir\u0161tus maloniai \u0161iltus net ir per did\u017eiausius \u0161al\u010dius. 100 % nat\u016bralios pagalv\u0117l\u0117s klijuojamos ant kojin\u0117s po pir\u0161tais ir yra skirtos naudoti avalyn\u0117s viduje. \u0160ildo iki 8 valand\u0173. Sud\u0117tyje n\u0117ra pavojing\u0173 med\u017eiag\u0173!   <\/strong><\/p>\n<ul>\n<li>\u0160ildo <strong>iki 8 valand\u0173<\/strong><\/li>\n<li><strong>Be pavojing\u0173 med\u017eiag\u0173<\/strong><\/li>\n<li>Nesukelia alergij\u0173<\/li>\n<li><strong>Aktyvuojasi s\u0105lytyje su oru<\/strong> atidarius pakuot\u0119<\/li>\n<li>Tinka naudoti ir <strong>pir\u0161tin\u0117se, ki\u0161en\u0117je ar miegmai\u0161yje<\/strong><\/li>\n<li><strong>Komplekte 2 pagalv\u0117l\u0117s<\/strong> (1 pora)<\/li>\n<li>Sud\u0117tis: vermikulitas, druska, aktyvuota anglis, gele\u017eies milteliai ir vanduo<\/li>\n<li>Pagalv\u0117li\u0173 matmenys: 9 cm x 7,5 cm<\/li>\n<li>Skirta vienkartiniam naudojimui; panaudojus ir atv\u0117sus i\u0161mesti \u012f buitines atliekas<\/li>\n<li>Laikymas: sausoje vietoje, atokiau nuo tiesiogini\u0173 saul\u0117s spinduli\u0173<\/li>\n<\/ul>\n<p>\u2705 Turime sand\u0117lyje, greitas pristatymas per 1\u20133 darbo dienas<\/p>\n","protected":false},"featured_media":39583,"comment_status":"open","ping_status":"closed","template":"","meta":{"_acf_changed":false},"product_brand":[],"product_cat":[229,228,199,189,190],"product_tag":[],"class_list":{"0":"post-45684","1":"product","2":"type-product","3":"status-publish","4":"has-post-thumbnail","6":"product_cat-kuno-sildytuvai","7":"product_cat-sildymo-elementai","8":"product_cat-ziemos-prekes","9":"product_cat-zygio-iranga","10":"product_cat-zygio-prekes","12":"first","13":"instock","14":"sale","15":"taxable","16":"shipping-taxable","17":"purchasable","18":"product-type-simple"},"bundled_by":[],"bundle_stock_status":"instock","bundle_stock_quantity":387,"bundle_virtual":false,"bundle_layout":"","bundle_add_to_cart_form_location":"","bundle_editable_in_cart":false,"bundle_sold_individually_context":"","bundle_item_grouping":"","bundle_min_size":"","bundle_max_size":"","bundle_price":[],"bundled_items":[],"bundle_sell_ids":[],"acf":[],"yoast_head":"<!-- This site is optimized with the Yoast SEO plugin v27.1.1 - https:\/\/yoast.com\/product\/yoast-seo-wordpress\/ -->\n<title>Koj\u0173 pir\u0161t\u0173 \u0161ildytuvai MATKAPRO<\/title>\n<meta name=\"description\" content=\"Koj\u0173 pir\u0161t\u0173 \u0161ildytuvai palaikys tavo pir\u0161tus maloniai \u0161iltus net ir per did\u017eiausius \u0161al\u010dius. \u0160ildo iki 8 valand\u0173. Sud\u0117tyje n\u0117ra pavojing\u0173 med\u017eiag\u0173.\" \/>\n<meta name=\"robots\" content=\"index, follow, max-snippet:-1, max-image-preview:large, max-video-preview:-1\" \/>\n<link rel=\"canonical\" href=\"https:\/\/toidupakk.ee\/lt\/toode\/koju-pirstu-sildytuvai-matkapro\/\" \/>\n<meta property=\"og:locale\" content=\"lt_LT\" \/>\n<meta property=\"og:type\" content=\"article\" \/>\n<meta property=\"og:title\" content=\"Koj\u0173 pir\u0161t\u0173 \u0161ildytuvai MATKAPRO\" \/>\n<meta property=\"og:description\" content=\"Koj\u0173 pir\u0161t\u0173 \u0161ildytuvai palaikys tavo pir\u0161tus maloniai \u0161iltus net ir per did\u017eiausius \u0161al\u010dius. \u0160ildo iki 8 valand\u0173. Sud\u0117tyje n\u0117ra pavojing\u0173 med\u017eiag\u0173.\" \/>\n<meta property=\"og:url\" content=\"https:\/\/toidupakk.ee\/lt\/toode\/koju-pirstu-sildytuvai-matkapro\/\" \/>\n<meta property=\"og:site_name\" content=\"Toidupakk.ee - Tactical Foodpack toidupakid\" \/>\n<meta property=\"article:publisher\" content=\"https:\/\/www.facebook.com\/Toidupakk\" \/>\n<meta property=\"article:modified_time\" content=\"2026-04-03T21:01:12+00:00\" \/>\n<meta property=\"og:image\" content=\"https:\/\/toidupakk.ee\/wp-content\/uploads\/2025\/09\/Varbasoojendajad-MATKAPRO7.png\" \/>\n\t<meta property=\"og:image:width\" content=\"800\" \/>\n\t<meta property=\"og:image:height\" content=\"800\" \/>\n\t<meta property=\"og:image:type\" content=\"image\/png\" \/>\n<meta name=\"twitter:card\" content=\"summary_large_image\" \/>\n<meta name=\"twitter:label1\" content=\"Est. reading time\" \/>\n\t<meta name=\"twitter:data1\" content=\"1 minut\u0117\" \/>\n<script type=\"application\/ld+json\" class=\"yoast-schema-graph\">{\"@context\":\"https:\/\/schema.org\",\"@graph\":[{\"@type\":\"WebPage\",\"@id\":\"https:\/\/toidupakk.ee\/lt\/toode\/koju-pirstu-sildytuvai-matkapro\/\",\"url\":\"https:\/\/toidupakk.ee\/lt\/toode\/koju-pirstu-sildytuvai-matkapro\/\",\"name\":\"Koj\u0173 pir\u0161t\u0173 \u0161ildytuvai MATKAPRO\",\"isPartOf\":{\"@id\":\"https:\/\/toidupakk.ee\/lt\/#website\"},\"primaryImageOfPage\":{\"@id\":\"https:\/\/toidupakk.ee\/lt\/toode\/koju-pirstu-sildytuvai-matkapro\/#primaryimage\"},\"image\":{\"@id\":\"https:\/\/toidupakk.ee\/lt\/toode\/koju-pirstu-sildytuvai-matkapro\/#primaryimage\"},\"thumbnailUrl\":\"https:\/\/toidupakk.ee\/wp-content\/uploads\/2025\/09\/Varbasoojendajad-MATKAPRO7.png\",\"datePublished\":\"2025-09-30T09:26:24+00:00\",\"dateModified\":\"2026-04-03T21:01:12+00:00\",\"description\":\"Koj\u0173 pir\u0161t\u0173 \u0161ildytuvai palaikys tavo pir\u0161tus maloniai \u0161iltus net ir per did\u017eiausius \u0161al\u010dius. \u0160ildo iki 8 valand\u0173. Sud\u0117tyje n\u0117ra pavojing\u0173 med\u017eiag\u0173.\",\"breadcrumb\":{\"@id\":\"https:\/\/toidupakk.ee\/lt\/toode\/koju-pirstu-sildytuvai-matkapro\/#breadcrumb\"},\"inLanguage\":\"lt-LT\",\"potentialAction\":[{\"@type\":\"ReadAction\",\"target\":[\"https:\/\/toidupakk.ee\/lt\/toode\/koju-pirstu-sildytuvai-matkapro\/\"]}]},{\"@type\":\"ImageObject\",\"inLanguage\":\"lt-LT\",\"@id\":\"https:\/\/toidupakk.ee\/lt\/toode\/koju-pirstu-sildytuvai-matkapro\/#primaryimage\",\"url\":\"https:\/\/toidupakk.ee\/wp-content\/uploads\/2025\/09\/Varbasoojendajad-MATKAPRO7.png\",\"contentUrl\":\"https:\/\/toidupakk.ee\/wp-content\/uploads\/2025\/09\/Varbasoojendajad-MATKAPRO7.png\",\"width\":800,\"height\":800,\"caption\":\"varbasoojendajad komplektis 2 soojendajat\"},{\"@type\":\"BreadcrumbList\",\"@id\":\"https:\/\/toidupakk.ee\/lt\/toode\/koju-pirstu-sildytuvai-matkapro\/#breadcrumb\",\"itemListElement\":[{\"@type\":\"ListItem\",\"position\":1,\"name\":\"Avaleht\",\"item\":\"https:\/\/toidupakk.ee\/lt\/\"},{\"@type\":\"ListItem\",\"position\":2,\"name\":\"El. parduotuv\u0117\",\"item\":\"https:\/\/toidupakk.ee\/lt\/el-parduotuve\/\"},{\"@type\":\"ListItem\",\"position\":3,\"name\":\"Koj\u0173 pir\u0161t\u0173 \u0161ildytuvai MATKAPRO\"}]},{\"@type\":\"WebSite\",\"@id\":\"https:\/\/toidupakk.ee\/lt\/#website\",\"url\":\"https:\/\/toidupakk.ee\/lt\/\",\"name\":\"Toidupakk.ee - Tactical Foodpack toidupakid\",\"description\":\"Tactical Foodpack k\u00fclmkuivatatud toidupakid ja matkaeined\",\"publisher\":{\"@id\":\"https:\/\/toidupakk.ee\/lt\/#organization\"},\"potentialAction\":[{\"@type\":\"SearchAction\",\"target\":{\"@type\":\"EntryPoint\",\"urlTemplate\":\"https:\/\/toidupakk.ee\/lt\/?s={search_term_string}\"},\"query-input\":{\"@type\":\"PropertyValueSpecification\",\"valueRequired\":true,\"valueName\":\"search_term_string\"}}],\"inLanguage\":\"lt-LT\"},{\"@type\":\"Organization\",\"@id\":\"https:\/\/toidupakk.ee\/lt\/#organization\",\"name\":\"Tactical Foodpack matkaeined\",\"url\":\"https:\/\/toidupakk.ee\/lt\/\",\"logo\":{\"@type\":\"ImageObject\",\"inLanguage\":\"lt-LT\",\"@id\":\"https:\/\/toidupakk.ee\/lt\/#\/schema\/logo\/image\/\",\"url\":\"https:\/\/toidupakk.ee\/wp-content\/uploads\/2022\/01\/Toidupakk-matkapood-logo-transparent.png\",\"contentUrl\":\"https:\/\/toidupakk.ee\/wp-content\/uploads\/2022\/01\/Toidupakk-matkapood-logo-transparent.png\",\"width\":500,\"height\":500,\"caption\":\"Tactical Foodpack matkaeined\"},\"image\":{\"@id\":\"https:\/\/toidupakk.ee\/lt\/#\/schema\/logo\/image\/\"},\"sameAs\":[\"https:\/\/www.facebook.com\/Toidupakk\",\"https:\/\/www.instagram.com\/toidupakk\/\"]}]}<\/script>\n<!-- \/ Yoast SEO plugin. -->","yoast_head_json":{"title":"Koj\u0173 pir\u0161t\u0173 \u0161ildytuvai MATKAPRO","description":"Koj\u0173 pir\u0161t\u0173 \u0161ildytuvai palaikys tavo pir\u0161tus maloniai \u0161iltus net ir per did\u017eiausius \u0161al\u010dius. \u0160ildo iki 8 valand\u0173. Sud\u0117tyje n\u0117ra pavojing\u0173 med\u017eiag\u0173.","robots":{"index":"index","follow":"follow","max-snippet":"max-snippet:-1","max-image-preview":"max-image-preview:large","max-video-preview":"max-video-preview:-1"},"canonical":"https:\/\/toidupakk.ee\/lt\/toode\/koju-pirstu-sildytuvai-matkapro\/","og_locale":"lt_LT","og_type":"article","og_title":"Koj\u0173 pir\u0161t\u0173 \u0161ildytuvai MATKAPRO","og_description":"Koj\u0173 pir\u0161t\u0173 \u0161ildytuvai palaikys tavo pir\u0161tus maloniai \u0161iltus net ir per did\u017eiausius \u0161al\u010dius. \u0160ildo iki 8 valand\u0173. Sud\u0117tyje n\u0117ra pavojing\u0173 med\u017eiag\u0173.","og_url":"https:\/\/toidupakk.ee\/lt\/toode\/koju-pirstu-sildytuvai-matkapro\/","og_site_name":"Toidupakk.ee - Tactical Foodpack toidupakid","article_publisher":"https:\/\/www.facebook.com\/Toidupakk","article_modified_time":"2026-04-03T21:01:12+00:00","og_image":[{"width":800,"height":800,"url":"https:\/\/toidupakk.ee\/wp-content\/uploads\/2025\/09\/Varbasoojendajad-MATKAPRO7.png","type":"image\/png"}],"twitter_card":"summary_large_image","twitter_misc":{"Est. reading time":"1 minut\u0117"},"schema":{"@context":"https:\/\/schema.org","@graph":[{"@type":"WebPage","@id":"https:\/\/toidupakk.ee\/lt\/toode\/koju-pirstu-sildytuvai-matkapro\/","url":"https:\/\/toidupakk.ee\/lt\/toode\/koju-pirstu-sildytuvai-matkapro\/","name":"Koj\u0173 pir\u0161t\u0173 \u0161ildytuvai MATKAPRO","isPartOf":{"@id":"https:\/\/toidupakk.ee\/lt\/#website"},"primaryImageOfPage":{"@id":"https:\/\/toidupakk.ee\/lt\/toode\/koju-pirstu-sildytuvai-matkapro\/#primaryimage"},"image":{"@id":"https:\/\/toidupakk.ee\/lt\/toode\/koju-pirstu-sildytuvai-matkapro\/#primaryimage"},"thumbnailUrl":"https:\/\/toidupakk.ee\/wp-content\/uploads\/2025\/09\/Varbasoojendajad-MATKAPRO7.png","datePublished":"2025-09-30T09:26:24+00:00","dateModified":"2026-04-03T21:01:12+00:00","description":"Koj\u0173 pir\u0161t\u0173 \u0161ildytuvai palaikys tavo pir\u0161tus maloniai \u0161iltus net ir per did\u017eiausius \u0161al\u010dius. \u0160ildo iki 8 valand\u0173. Sud\u0117tyje n\u0117ra pavojing\u0173 med\u017eiag\u0173.","breadcrumb":{"@id":"https:\/\/toidupakk.ee\/lt\/toode\/koju-pirstu-sildytuvai-matkapro\/#breadcrumb"},"inLanguage":"lt-LT","potentialAction":[{"@type":"ReadAction","target":["https:\/\/toidupakk.ee\/lt\/toode\/koju-pirstu-sildytuvai-matkapro\/"]}]},{"@type":"ImageObject","inLanguage":"lt-LT","@id":"https:\/\/toidupakk.ee\/lt\/toode\/koju-pirstu-sildytuvai-matkapro\/#primaryimage","url":"https:\/\/toidupakk.ee\/wp-content\/uploads\/2025\/09\/Varbasoojendajad-MATKAPRO7.png","contentUrl":"https:\/\/toidupakk.ee\/wp-content\/uploads\/2025\/09\/Varbasoojendajad-MATKAPRO7.png","width":800,"height":800,"caption":"varbasoojendajad komplektis 2 soojendajat"},{"@type":"BreadcrumbList","@id":"https:\/\/toidupakk.ee\/lt\/toode\/koju-pirstu-sildytuvai-matkapro\/#breadcrumb","itemListElement":[{"@type":"ListItem","position":1,"name":"Avaleht","item":"https:\/\/toidupakk.ee\/lt\/"},{"@type":"ListItem","position":2,"name":"El. parduotuv\u0117","item":"https:\/\/toidupakk.ee\/lt\/el-parduotuve\/"},{"@type":"ListItem","position":3,"name":"Koj\u0173 pir\u0161t\u0173 \u0161ildytuvai MATKAPRO"}]},{"@type":"WebSite","@id":"https:\/\/toidupakk.ee\/lt\/#website","url":"https:\/\/toidupakk.ee\/lt\/","name":"Toidupakk.ee - Tactical Foodpack toidupakid","description":"Tactical Foodpack k\u00fclmkuivatatud toidupakid ja matkaeined","publisher":{"@id":"https:\/\/toidupakk.ee\/lt\/#organization"},"potentialAction":[{"@type":"SearchAction","target":{"@type":"EntryPoint","urlTemplate":"https:\/\/toidupakk.ee\/lt\/?s={search_term_string}"},"query-input":{"@type":"PropertyValueSpecification","valueRequired":true,"valueName":"search_term_string"}}],"inLanguage":"lt-LT"},{"@type":"Organization","@id":"https:\/\/toidupakk.ee\/lt\/#organization","name":"Tactical Foodpack matkaeined","url":"https:\/\/toidupakk.ee\/lt\/","logo":{"@type":"ImageObject","inLanguage":"lt-LT","@id":"https:\/\/toidupakk.ee\/lt\/#\/schema\/logo\/image\/","url":"https:\/\/toidupakk.ee\/wp-content\/uploads\/2022\/01\/Toidupakk-matkapood-logo-transparent.png","contentUrl":"https:\/\/toidupakk.ee\/wp-content\/uploads\/2022\/01\/Toidupakk-matkapood-logo-transparent.png","width":500,"height":500,"caption":"Tactical Foodpack matkaeined"},"image":{"@id":"https:\/\/toidupakk.ee\/lt\/#\/schema\/logo\/image\/"},"sameAs":["https:\/\/www.facebook.com\/Toidupakk","https:\/\/www.instagram.com\/toidupakk\/"]}]}},"jetpack_sharing_enabled":true,"_links":{"self":[{"href":"https:\/\/toidupakk.ee\/lt\/wp-json\/wp\/v2\/product\/45684","targetHints":{"allow":["GET"]}}],"collection":[{"href":"https:\/\/toidupakk.ee\/lt\/wp-json\/wp\/v2\/product"}],"about":[{"href":"https:\/\/toidupakk.ee\/lt\/wp-json\/wp\/v2\/types\/product"}],"replies":[{"embeddable":true,"href":"https:\/\/toidupakk.ee\/lt\/wp-json\/wp\/v2\/comments?post=45684"}],"wp:featuredmedia":[{"embeddable":true,"href":"https:\/\/toidupakk.ee\/lt\/wp-json\/wp\/v2\/media\/39583"}],"wp:attachment":[{"href":"https:\/\/toidupakk.ee\/lt\/wp-json\/wp\/v2\/media?parent=45684"}],"wp:term":[{"taxonomy":"product_brand","embeddable":true,"href":"https:\/\/toidupakk.ee\/lt\/wp-json\/wp\/v2\/product_brand?post=45684"},{"taxonomy":"product_cat","embeddable":true,"href":"https:\/\/toidupakk.ee\/lt\/wp-json\/wp\/v2\/product_cat?post=45684"},{"taxonomy":"product_tag","embeddable":true,"href":"https:\/\/toidupakk.ee\/lt\/wp-json\/wp\/v2\/product_tag?post=45684"}],"curies":[{"name":"wp","href":"https:\/\/api.w.org\/{rel}","templated":true}]}}