{"id":45668,"date":"2025-09-17T12:01:33","date_gmt":"2025-09-17T09:01:33","guid":{"rendered":"https:\/\/toidupakk.ee\/toode\/bulviu-ploksteles-long-chips-su-krabu-skoniu\/"},"modified":"2026-04-29T16:31:11","modified_gmt":"2026-04-29T13:31:11","slug":"bulviu-ploksteles-long-chips-su-krabu-skoniu","status":"publish","type":"product","link":"https:\/\/toidupakk.ee\/lt\/toode\/bulviu-ploksteles-long-chips-su-krabu-skoniu\/","title":{"rendered":"Bulvi\u0173 plok\u0161tel\u0117s \u201eLong Chips\u201c su krab\u0173 skoniu"},"content":{"rendered":"<p>&nbsp;<\/p>\n<p><strong>Bulvi\u0173 plok\u0161tel\u0117s su krab\u0173 skoniu \u2013 idealus pasirinkimas, jei nori ko nors ypatingo ir prabangaus. Kiekviena plona ir tra\u0161ki riekel\u0117 pagardinta tikru krab\u0173 aromatu, tod\u0117l \u0161is u\u017ekandis puikiai tinka prie vyno taur\u0117s ar prabangaus u\u017ekand\u017ei\u0173 stalo. <\/strong><\/p>\n<h2>Vartojimo rekomendacijos<\/h2>\n<ul>\n<li>Patiek kaip gurmani\u0161k\u0105 u\u017ekand\u012f prie vyno ar \u0161ampano.<\/li>\n<li>Papildyk s\u016brio ir m\u0117sos rinkinius, kad suteiktum sve\u010diams prabangi\u0173 skonio potyri\u0173.<\/li>\n<li>M\u0117gaukis kaip ypatingu u\u017ekand\u017eiu per darbo ar film\u0173 pertrauk\u0117l\u0119.<\/li>\n<\/ul>\n<hr>\n<h2>Bulvi\u0173 plok\u0161tel\u0117s su krab\u0173 skoniu \u2013 kod\u0117l verta rinktis b\u016btent jas?<\/h2>\n<ul>\n<li>Unikali ilga ir plona forma, besiskirianti nuo \u012fprast\u0173 tra\u0161ku\u010di\u0173.<\/li>\n<li>I\u0161skirtinis krab\u0173 skonis \u2013 tinka gurmanams.<\/li>\n<li>Lengva, tra\u0161ki tekst\u016bra ir intensyvus skonis.<\/li>\n<li>Idealiai tinka tiek dovan\u0173 rinkiniui, tiek pasilepinti pa\u010diam.<\/li>\n<\/ul>\n<p>Daugiau u\u017ekand\u017ei\u0173 rasi <a href=\"https:\/\/toidupakk.ee\/lt\/tootekategooria\/uzkandziai\/\">\u010cIA<\/a>.<\/p>\n<p>Pasisemk \u012fkv\u0117pimo kitiems nuotykiams \u201eToidupakk\u201c <a href=\"https:\/\/www.instagram.com\/toidupakk\/\">Instagram<\/a> ir <a href=\"https:\/\/www.facebook.com\/Toidupakk\/\">Facebook<\/a> paskyrose.<\/p>\n","protected":false},"excerpt":{"rendered":"<p><strong>Atrask nauj\u0105 tra\u0161ki\u0173 bulvi\u0173 plok\u0161teli\u0173 lyg\u012f \u2013 \u201eLong Chips\u201c tavo stalui suteiks subtil\u0173 j\u016brin\u012f krab\u0173 skon\u012f, tinkant\u012f tiek \u0161vent\u0117ms, tiek kasdieniam u\u017ekand\u017eiavimui.<\/strong><\/p>\n<ul>\n<li>\u201eLong Chips\u201c bulvi\u0173 plok\u0161tel\u0117s gaminamos i\u0161 tikros bulvi\u0173 ko\u0161\u0117s<\/li>\n<li>Tobulas bulvi\u0173 plok\u0161teli\u0173 tra\u0161kumas ir maloniai puri tekst\u016bra pasiekiami d\u0117ka greito kepimo technologijos, kai kiekviena plok\u0161tel\u0117 kepama vos 10 sekund\u017ei\u0173<\/li>\n<li>Pagaminta Latvijoje<\/li>\n<li>Svoris 75 g<\/li>\n<li>Laikyti sausoje ir v\u0117sioje vietoje<\/li>\n<\/ul>\n<p><strong>Sud\u0117tis:<\/strong> bulvi\u0173 dribsniai (48 %), saul\u0117gr\u0105\u017e\u0173 aliejus, kvietin\u0117s man\u0173 kruopos, bulvi\u0173 krakmolas, prieskoni\u0173 mi\u0161inys [i\u0161r\u016bg\u0173 milteliai (i\u0161 pieno), kvapioji med\u017eiaga, maltodekstrinas, cukrus, druska, skonio stiprikliai (mononatrio glutamatas, dinatrio 5\u2032-ribonukleotidai), r\u016bg\u0161tingum\u0105 reguliuojan\u010dios med\u017eiagos (natrio diacetatas, obuoli\u0173 r\u016bg\u0161tis), saul\u0117gr\u0105\u017e\u0173 aliejus, da\u017eiklis (paprik\u0173 ekstraktas)], druska, antioksidantas (rozmarin\u0173 ekstraktas). Gali b\u016bti garsty\u010di\u0173 p\u0117dsak\u0173. <\/p>\n<p>\u2705 Turime sand\u0117lyje, greitas pristatymas per 1\u20133 darbo dienas<\/p>\n","protected":false},"featured_media":39264,"comment_status":"open","ping_status":"closed","template":"","meta":{"_acf_changed":false},"product_brand":[],"product_cat":[222,213,189,190],"product_tag":[194],"class_list":{"0":"post-45668","1":"product","2":"type-product","3":"status-publish","4":"has-post-thumbnail","6":"product_cat-long-chips-bulviu-vafliai","7":"product_cat-uzkandziai","8":"product_cat-zygio-iranga","9":"product_cat-zygio-prekes","10":"product_tag-no_ads","12":"first","13":"instock","14":"taxable","15":"shipping-taxable","16":"purchasable","17":"product-type-simple"},"bundled_by":[],"bundle_stock_status":"instock","bundle_stock_quantity":14,"bundle_virtual":false,"bundle_layout":"","bundle_add_to_cart_form_location":"","bundle_editable_in_cart":false,"bundle_sold_individually_context":"","bundle_item_grouping":"","bundle_min_size":"","bundle_max_size":"","bundle_price":[],"bundled_items":[],"bundle_sell_ids":[],"acf":[],"yoast_head":"<!-- This site is optimized with the Yoast SEO plugin v27.3 - https:\/\/yoast.com\/product\/yoast-seo-wordpress\/ -->\n<title>Bulvi\u0173 plok\u0161tel\u0117s \u201eLong Chips\u201c su krab\u0173 skoniu<\/title>\n<meta name=\"description\" content=\"Bulvi\u0173 plok\u0161tel\u0117s \u201eLong Chips\u201c su krab\u0173 skoniu. Maloniai tra\u0161ki tekst\u016bra ir i\u0161skirtinis skonis. Turime sand\u0117lyje, greitas pristatymas per 1\u20132 dienas \u012f tavo pa\u0161tomat\u0105.\" \/>\n<meta name=\"robots\" content=\"index, follow, max-snippet:-1, max-image-preview:large, max-video-preview:-1\" \/>\n<link rel=\"canonical\" href=\"https:\/\/toidupakk.ee\/lt\/toode\/bulviu-ploksteles-long-chips-su-krabu-skoniu\/\" \/>\n<meta property=\"og:locale\" content=\"lt_LT\" \/>\n<meta property=\"og:type\" content=\"article\" \/>\n<meta property=\"og:title\" content=\"Bulvi\u0173 plok\u0161tel\u0117s \u201eLong Chips\u201c su krab\u0173 skoniu\" \/>\n<meta property=\"og:description\" content=\"Bulvi\u0173 plok\u0161tel\u0117s \u201eLong Chips\u201c su krab\u0173 skoniu. Maloniai tra\u0161ki tekst\u016bra ir i\u0161skirtinis skonis. Turime sand\u0117lyje, greitas pristatymas per 1\u20132 dienas \u012f tavo pa\u0161tomat\u0105.\" \/>\n<meta property=\"og:url\" content=\"https:\/\/toidupakk.ee\/lt\/toode\/bulviu-ploksteles-long-chips-su-krabu-skoniu\/\" \/>\n<meta property=\"og:site_name\" content=\"Toidupakk.ee - Tactical Foodpack toidupakid\" \/>\n<meta property=\"article:publisher\" content=\"https:\/\/www.facebook.com\/Toidupakk\" \/>\n<meta property=\"article:modified_time\" content=\"2026-04-29T13:31:11+00:00\" \/>\n<meta property=\"og:image\" content=\"https:\/\/toidupakk.ee\/wp-content\/uploads\/2025\/09\/Nimetu-kujundus-30.png\" \/>\n\t<meta property=\"og:image:width\" content=\"800\" \/>\n\t<meta property=\"og:image:height\" content=\"800\" \/>\n\t<meta property=\"og:image:type\" content=\"image\/png\" \/>\n<meta name=\"twitter:card\" content=\"summary_large_image\" \/>\n<meta name=\"twitter:label1\" content=\"Est. reading time\" \/>\n\t<meta name=\"twitter:data1\" content=\"1 minut\u0117\" \/>\n<script type=\"application\/ld+json\" class=\"yoast-schema-graph\">{\"@context\":\"https:\\\/\\\/schema.org\",\"@graph\":[{\"@type\":\"WebPage\",\"@id\":\"https:\\\/\\\/toidupakk.ee\\\/lt\\\/toode\\\/bulviu-ploksteles-long-chips-su-krabu-skoniu\\\/\",\"url\":\"https:\\\/\\\/toidupakk.ee\\\/lt\\\/toode\\\/bulviu-ploksteles-long-chips-su-krabu-skoniu\\\/\",\"name\":\"Bulvi\u0173 plok\u0161tel\u0117s \u201eLong Chips\u201c su krab\u0173 skoniu\",\"isPartOf\":{\"@id\":\"https:\\\/\\\/toidupakk.ee\\\/lt\\\/#website\"},\"primaryImageOfPage\":{\"@id\":\"https:\\\/\\\/toidupakk.ee\\\/lt\\\/toode\\\/bulviu-ploksteles-long-chips-su-krabu-skoniu\\\/#primaryimage\"},\"image\":{\"@id\":\"https:\\\/\\\/toidupakk.ee\\\/lt\\\/toode\\\/bulviu-ploksteles-long-chips-su-krabu-skoniu\\\/#primaryimage\"},\"thumbnailUrl\":\"https:\\\/\\\/toidupakk.ee\\\/wp-content\\\/uploads\\\/2025\\\/09\\\/Nimetu-kujundus-30.png\",\"datePublished\":\"2025-09-17T09:01:33+00:00\",\"dateModified\":\"2026-04-29T13:31:11+00:00\",\"description\":\"Bulvi\u0173 plok\u0161tel\u0117s \u201eLong Chips\u201c su krab\u0173 skoniu. Maloniai tra\u0161ki tekst\u016bra ir i\u0161skirtinis skonis. Turime sand\u0117lyje, greitas pristatymas per 1\u20132 dienas \u012f tavo pa\u0161tomat\u0105.\",\"breadcrumb\":{\"@id\":\"https:\\\/\\\/toidupakk.ee\\\/lt\\\/toode\\\/bulviu-ploksteles-long-chips-su-krabu-skoniu\\\/#breadcrumb\"},\"inLanguage\":\"lt-LT\",\"potentialAction\":[{\"@type\":\"ReadAction\",\"target\":[\"https:\\\/\\\/toidupakk.ee\\\/lt\\\/toode\\\/bulviu-ploksteles-long-chips-su-krabu-skoniu\\\/\"]}]},{\"@type\":\"ImageObject\",\"inLanguage\":\"lt-LT\",\"@id\":\"https:\\\/\\\/toidupakk.ee\\\/lt\\\/toode\\\/bulviu-ploksteles-long-chips-su-krabu-skoniu\\\/#primaryimage\",\"url\":\"https:\\\/\\\/toidupakk.ee\\\/wp-content\\\/uploads\\\/2025\\\/09\\\/Nimetu-kujundus-30.png\",\"contentUrl\":\"https:\\\/\\\/toidupakk.ee\\\/wp-content\\\/uploads\\\/2025\\\/09\\\/Nimetu-kujundus-30.png\",\"width\":800,\"height\":800,\"caption\":\"Kartulivahvlid Long Chips krabi maitsega\"},{\"@type\":\"BreadcrumbList\",\"@id\":\"https:\\\/\\\/toidupakk.ee\\\/lt\\\/toode\\\/bulviu-ploksteles-long-chips-su-krabu-skoniu\\\/#breadcrumb\",\"itemListElement\":[{\"@type\":\"ListItem\",\"position\":1,\"name\":\"Avaleht\",\"item\":\"https:\\\/\\\/toidupakk.ee\\\/lt\\\/\"},{\"@type\":\"ListItem\",\"position\":2,\"name\":\"El. parduotuv\u0117\",\"item\":\"https:\\\/\\\/toidupakk.ee\\\/lt\\\/el-parduotuve\\\/\"},{\"@type\":\"ListItem\",\"position\":3,\"name\":\"Bulvi\u0173 plok\u0161tel\u0117s \u201eLong Chips\u201c su krab\u0173 skoniu\"}]},{\"@type\":\"WebSite\",\"@id\":\"https:\\\/\\\/toidupakk.ee\\\/lt\\\/#website\",\"url\":\"https:\\\/\\\/toidupakk.ee\\\/lt\\\/\",\"name\":\"Toidupakk.ee - Tactical Foodpack toidupakid\",\"description\":\"Tactical Foodpack k\u00fclmkuivatatud toidupakid ja matkaeined\",\"publisher\":{\"@id\":\"https:\\\/\\\/toidupakk.ee\\\/lt\\\/#organization\"},\"potentialAction\":[{\"@type\":\"SearchAction\",\"target\":{\"@type\":\"EntryPoint\",\"urlTemplate\":\"https:\\\/\\\/toidupakk.ee\\\/lt\\\/?s={search_term_string}\"},\"query-input\":{\"@type\":\"PropertyValueSpecification\",\"valueRequired\":true,\"valueName\":\"search_term_string\"}}],\"inLanguage\":\"lt-LT\"},{\"@type\":\"Organization\",\"@id\":\"https:\\\/\\\/toidupakk.ee\\\/lt\\\/#organization\",\"name\":\"Tactical Foodpack matkaeined\",\"url\":\"https:\\\/\\\/toidupakk.ee\\\/lt\\\/\",\"logo\":{\"@type\":\"ImageObject\",\"inLanguage\":\"lt-LT\",\"@id\":\"https:\\\/\\\/toidupakk.ee\\\/lt\\\/#\\\/schema\\\/logo\\\/image\\\/\",\"url\":\"https:\\\/\\\/toidupakk.ee\\\/wp-content\\\/uploads\\\/2022\\\/01\\\/Toidupakk-matkapood-logo-transparent.png\",\"contentUrl\":\"https:\\\/\\\/toidupakk.ee\\\/wp-content\\\/uploads\\\/2022\\\/01\\\/Toidupakk-matkapood-logo-transparent.png\",\"width\":500,\"height\":500,\"caption\":\"Tactical Foodpack matkaeined\"},\"image\":{\"@id\":\"https:\\\/\\\/toidupakk.ee\\\/lt\\\/#\\\/schema\\\/logo\\\/image\\\/\"},\"sameAs\":[\"https:\\\/\\\/www.facebook.com\\\/Toidupakk\",\"https:\\\/\\\/www.instagram.com\\\/toidupakk\\\/\"]}]}<\/script>\n<!-- \/ Yoast SEO plugin. -->","yoast_head_json":{"title":"Bulvi\u0173 plok\u0161tel\u0117s \u201eLong Chips\u201c su krab\u0173 skoniu","description":"Bulvi\u0173 plok\u0161tel\u0117s \u201eLong Chips\u201c su krab\u0173 skoniu. Maloniai tra\u0161ki tekst\u016bra ir i\u0161skirtinis skonis. Turime sand\u0117lyje, greitas pristatymas per 1\u20132 dienas \u012f tavo pa\u0161tomat\u0105.","robots":{"index":"index","follow":"follow","max-snippet":"max-snippet:-1","max-image-preview":"max-image-preview:large","max-video-preview":"max-video-preview:-1"},"canonical":"https:\/\/toidupakk.ee\/lt\/toode\/bulviu-ploksteles-long-chips-su-krabu-skoniu\/","og_locale":"lt_LT","og_type":"article","og_title":"Bulvi\u0173 plok\u0161tel\u0117s \u201eLong Chips\u201c su krab\u0173 skoniu","og_description":"Bulvi\u0173 plok\u0161tel\u0117s \u201eLong Chips\u201c su krab\u0173 skoniu. Maloniai tra\u0161ki tekst\u016bra ir i\u0161skirtinis skonis. Turime sand\u0117lyje, greitas pristatymas per 1\u20132 dienas \u012f tavo pa\u0161tomat\u0105.","og_url":"https:\/\/toidupakk.ee\/lt\/toode\/bulviu-ploksteles-long-chips-su-krabu-skoniu\/","og_site_name":"Toidupakk.ee - Tactical Foodpack toidupakid","article_publisher":"https:\/\/www.facebook.com\/Toidupakk","article_modified_time":"2026-04-29T13:31:11+00:00","og_image":[{"width":800,"height":800,"url":"https:\/\/toidupakk.ee\/wp-content\/uploads\/2025\/09\/Nimetu-kujundus-30.png","type":"image\/png"}],"twitter_card":"summary_large_image","twitter_misc":{"Est. reading time":"1 minut\u0117"},"schema":{"@context":"https:\/\/schema.org","@graph":[{"@type":"WebPage","@id":"https:\/\/toidupakk.ee\/lt\/toode\/bulviu-ploksteles-long-chips-su-krabu-skoniu\/","url":"https:\/\/toidupakk.ee\/lt\/toode\/bulviu-ploksteles-long-chips-su-krabu-skoniu\/","name":"Bulvi\u0173 plok\u0161tel\u0117s \u201eLong Chips\u201c su krab\u0173 skoniu","isPartOf":{"@id":"https:\/\/toidupakk.ee\/lt\/#website"},"primaryImageOfPage":{"@id":"https:\/\/toidupakk.ee\/lt\/toode\/bulviu-ploksteles-long-chips-su-krabu-skoniu\/#primaryimage"},"image":{"@id":"https:\/\/toidupakk.ee\/lt\/toode\/bulviu-ploksteles-long-chips-su-krabu-skoniu\/#primaryimage"},"thumbnailUrl":"https:\/\/toidupakk.ee\/wp-content\/uploads\/2025\/09\/Nimetu-kujundus-30.png","datePublished":"2025-09-17T09:01:33+00:00","dateModified":"2026-04-29T13:31:11+00:00","description":"Bulvi\u0173 plok\u0161tel\u0117s \u201eLong Chips\u201c su krab\u0173 skoniu. Maloniai tra\u0161ki tekst\u016bra ir i\u0161skirtinis skonis. Turime sand\u0117lyje, greitas pristatymas per 1\u20132 dienas \u012f tavo pa\u0161tomat\u0105.","breadcrumb":{"@id":"https:\/\/toidupakk.ee\/lt\/toode\/bulviu-ploksteles-long-chips-su-krabu-skoniu\/#breadcrumb"},"inLanguage":"lt-LT","potentialAction":[{"@type":"ReadAction","target":["https:\/\/toidupakk.ee\/lt\/toode\/bulviu-ploksteles-long-chips-su-krabu-skoniu\/"]}]},{"@type":"ImageObject","inLanguage":"lt-LT","@id":"https:\/\/toidupakk.ee\/lt\/toode\/bulviu-ploksteles-long-chips-su-krabu-skoniu\/#primaryimage","url":"https:\/\/toidupakk.ee\/wp-content\/uploads\/2025\/09\/Nimetu-kujundus-30.png","contentUrl":"https:\/\/toidupakk.ee\/wp-content\/uploads\/2025\/09\/Nimetu-kujundus-30.png","width":800,"height":800,"caption":"Kartulivahvlid Long Chips krabi maitsega"},{"@type":"BreadcrumbList","@id":"https:\/\/toidupakk.ee\/lt\/toode\/bulviu-ploksteles-long-chips-su-krabu-skoniu\/#breadcrumb","itemListElement":[{"@type":"ListItem","position":1,"name":"Avaleht","item":"https:\/\/toidupakk.ee\/lt\/"},{"@type":"ListItem","position":2,"name":"El. parduotuv\u0117","item":"https:\/\/toidupakk.ee\/lt\/el-parduotuve\/"},{"@type":"ListItem","position":3,"name":"Bulvi\u0173 plok\u0161tel\u0117s \u201eLong Chips\u201c su krab\u0173 skoniu"}]},{"@type":"WebSite","@id":"https:\/\/toidupakk.ee\/lt\/#website","url":"https:\/\/toidupakk.ee\/lt\/","name":"Toidupakk.ee - Tactical Foodpack toidupakid","description":"Tactical Foodpack k\u00fclmkuivatatud toidupakid ja matkaeined","publisher":{"@id":"https:\/\/toidupakk.ee\/lt\/#organization"},"potentialAction":[{"@type":"SearchAction","target":{"@type":"EntryPoint","urlTemplate":"https:\/\/toidupakk.ee\/lt\/?s={search_term_string}"},"query-input":{"@type":"PropertyValueSpecification","valueRequired":true,"valueName":"search_term_string"}}],"inLanguage":"lt-LT"},{"@type":"Organization","@id":"https:\/\/toidupakk.ee\/lt\/#organization","name":"Tactical Foodpack matkaeined","url":"https:\/\/toidupakk.ee\/lt\/","logo":{"@type":"ImageObject","inLanguage":"lt-LT","@id":"https:\/\/toidupakk.ee\/lt\/#\/schema\/logo\/image\/","url":"https:\/\/toidupakk.ee\/wp-content\/uploads\/2022\/01\/Toidupakk-matkapood-logo-transparent.png","contentUrl":"https:\/\/toidupakk.ee\/wp-content\/uploads\/2022\/01\/Toidupakk-matkapood-logo-transparent.png","width":500,"height":500,"caption":"Tactical Foodpack matkaeined"},"image":{"@id":"https:\/\/toidupakk.ee\/lt\/#\/schema\/logo\/image\/"},"sameAs":["https:\/\/www.facebook.com\/Toidupakk","https:\/\/www.instagram.com\/toidupakk\/"]}]}},"jetpack_sharing_enabled":true,"_links":{"self":[{"href":"https:\/\/toidupakk.ee\/lt\/wp-json\/wp\/v2\/product\/45668","targetHints":{"allow":["GET"]}}],"collection":[{"href":"https:\/\/toidupakk.ee\/lt\/wp-json\/wp\/v2\/product"}],"about":[{"href":"https:\/\/toidupakk.ee\/lt\/wp-json\/wp\/v2\/types\/product"}],"replies":[{"embeddable":true,"href":"https:\/\/toidupakk.ee\/lt\/wp-json\/wp\/v2\/comments?post=45668"}],"wp:featuredmedia":[{"embeddable":true,"href":"https:\/\/toidupakk.ee\/lt\/wp-json\/wp\/v2\/media\/39264"}],"wp:attachment":[{"href":"https:\/\/toidupakk.ee\/lt\/wp-json\/wp\/v2\/media?parent=45668"}],"wp:term":[{"taxonomy":"product_brand","embeddable":true,"href":"https:\/\/toidupakk.ee\/lt\/wp-json\/wp\/v2\/product_brand?post=45668"},{"taxonomy":"product_cat","embeddable":true,"href":"https:\/\/toidupakk.ee\/lt\/wp-json\/wp\/v2\/product_cat?post=45668"},{"taxonomy":"product_tag","embeddable":true,"href":"https:\/\/toidupakk.ee\/lt\/wp-json\/wp\/v2\/product_tag?post=45668"}],"curies":[{"name":"wp","href":"https:\/\/api.w.org\/{rel}","templated":true}]}}