{"id":45655,"date":"2025-10-06T13:31:50","date_gmt":"2025-10-06T10:31:50","guid":{"rendered":"https:\/\/toidupakk.ee\/toode\/visos-savaites-maisto-atsargos-food-force\/"},"modified":"2026-04-29T17:01:16","modified_gmt":"2026-04-29T14:01:16","slug":"visos-savaites-maisto-atsargos-food-force","status":"publish","type":"product","link":"https:\/\/toidupakk.ee\/lt\/toode\/visos-savaites-maisto-atsargos-food-force\/","title":{"rendered":"Visos savait\u0117s maisto atsargos FOOD FORCE"},"content":{"rendered":"<h2><strong data-start=\"205\" data-end=\"254\">Kokiu tikslu sukurtos visos savait\u0117s maisto atsargos FOOD FORCE?<\/strong><\/h2>\n<p><br data-start=\"254\" data-end=\"257\">Visos savait\u0117s maisto atsargos FOOD FORCE sukurtos tam, kad u\u017etikrint\u0173 tau pilnavert\u0119 mityb\u0105 net ir tada, kai ne\u012fmanoma gaminti maisto i\u0161 \u0161vie\u017ei\u0173 produkt\u0173. Tai idealus sprendimas ekstremalioms situacijoms, \u017eygiams, kelion\u0117ms j\u016bra ar tiesiog atsargai, kai prireikia greito, sotaus ir skanaus maisto. Rinkin\u012f sudaro vieno asmens savait\u0117s maisto atsargos \u2013 7 pusry\u010diai ir 14 pagrindini\u0173 patiekal\u0173.  <\/p>\n<p data-start=\"634\" data-end=\"941\">Rinkinio maistin\u0117 vert\u0117: energija <strong data-start=\"667\" data-end=\"682\">11 426 kcal<\/strong>, riebalai <strong data-start=\"690\" data-end=\"701\">280,1 g<\/strong>, angliavandeniai <strong data-start=\"716\" data-end=\"728\">1820,4 g<\/strong>, baltymai <strong data-start=\"736\" data-end=\"747\">332,1 g<\/strong>.<br data-start=\"845\" data-end=\"848\">Tikslus ingredient\u0173 s\u0105ra\u0161as ir maistin\u0117 informacija nurodyta ant atskir\u0173 produkt\u0173 pakuo\u010di\u0173.<\/p>\n<p data-start=\"634\" data-end=\"941\"><img fetchpriority=\"high\" decoding=\"async\" class=\"alignnone wp-image-39657 size-thumbnail\" src=\"https:\/\/toidupakk.ee\/wp-content\/uploads\/2025\/10\/2-500x500.png\" alt=\"Visos savait\u0117s maisto atsargos FOOD FORCE \u2013 pilnavertis maisto rinkinys 7 dienoms. Didel\u0117 energin\u0117 vert\u0117, 21 patiekalas ir paprastas paruo\u0161imas bet kokiomis s\u0105lygomis.\" width=\"500\" height=\"500\" srcset=\"https:\/\/toidupakk.ee\/wp-content\/uploads\/2025\/10\/2-500x500.png 500w, https:\/\/toidupakk.ee\/wp-content\/uploads\/2025\/10\/2-300x300.png 300w, https:\/\/toidupakk.ee\/wp-content\/uploads\/2025\/10\/2-768x768.png 768w, https:\/\/toidupakk.ee\/wp-content\/uploads\/2025\/10\/2-400x400.png 400w, https:\/\/toidupakk.ee\/wp-content\/uploads\/2025\/10\/2-100x100.png 100w, https:\/\/toidupakk.ee\/wp-content\/uploads\/2025\/10\/2.png 800w\" sizes=\"(max-width: 500px) 100vw, 500px\" \/><\/p>\n<h2>Savait\u0117s maisto atsarg\u0173 rinkin\u012f sudaro gana \u012fvairus meniu. K\u0105 rasi rinkinyje? <\/h2>\n<h2>Visos savait\u0117s maisto atsargos FOOD FORCE<\/h2>\n<p data-start=\"1177\" data-end=\"1404\"><strong data-start=\"1177\" data-end=\"1187\">1 diena<\/strong><br data-start=\"1187\" data-end=\"1190\">Prad\u0117k dien\u0105 su kremin\u0117 ir \u0161ildan\u010dia vaniline ko\u0161e. Pietums tav\u0119s laukia sot\u016bs makaronai su vi\u0161tiena, kurie palaikys stabil\u0173 energijos lyg\u012f. Vakare gal\u0117si m\u0117gautis skoningais tailandieti\u0161kais ry\u017eiais su vi\u0161tiena \u2013 idealus b\u016bdas u\u017ebaigti dien\u0105.  <\/p>\n<p data-start=\"1406\" data-end=\"1626\"><strong data-start=\"1406\" data-end=\"1416\">2 diena<\/strong><br data-start=\"1416\" data-end=\"1419\">Pusry\u010diams \u2013 \u0161vie\u017eia ir skani bra\u0161kin\u0117 granola, suteiksianti j\u0117g\u0173 visai dienai. Pietums \u2013 klasikiniai makaronai \u201eBolognese\u201c su sodriu pomidor\u0173 pada\u017eu. Vakarienei \u2013 kepti ry\u017eiai su vi\u0161tiena \u2013 paprastas ir visada skanus pasirinkimas.  <\/p>\n<p data-start=\"1628\" data-end=\"1822\"><strong data-start=\"1628\" data-end=\"1638\">3 diena<\/strong><br data-start=\"1638\" data-end=\"1641\">Prad\u0117k dien\u0105 su jaukia obuoli\u0173 ir kanapi\u0173 ko\u0161e. Pietums tav\u0119s laukia sot\u016bs makaronai \u201eCarbonara\u201c, kurie atne\u0161 Italijos skonius tiesiai ant tavo stalo. Vakarienei \u2013 \u0161iltas ir naminis bulvi\u0173 tro\u0161kinys su jautiena.  <\/p>\n<p data-start=\"1824\" data-end=\"1998\"><strong data-start=\"1824\" data-end=\"1834\">4 diena<\/strong><br data-start=\"1834\" data-end=\"1837\">Dienos prad\u017eiai \u2013 pa\u017e\u012fstama vanilin\u0117 ko\u0161\u0117, po kurios pietums \u2013 skan\u016bs kepti ry\u017eiai su vi\u0161tiena. Vakarienei laukia a\u0161trus ir skoningas meksikieti\u0161kas tro\u0161kinys su ry\u017eiais. <\/p>\n<p data-start=\"2000\" data-end=\"2156\"><strong data-start=\"2000\" data-end=\"2010\">5 diena<\/strong><br data-start=\"2010\" data-end=\"2013\">Pusry\u010diams \u2013 lengva ir energijos suteikianti bra\u0161kin\u0117 granola. Pietums \u2013 naminis jautienos gulia\u0161as su bulv\u0117mis. Vakarienei \u2013 v\u0117l paprasti ir sot\u016bs makaronai su vi\u0161tiena.  <\/p>\n<p data-start=\"2158\" data-end=\"2308\"><strong data-start=\"2158\" data-end=\"2168\">6 diena<\/strong><br data-start=\"2168\" data-end=\"2171\">Prad\u0117k dien\u0105 su \u0161vie\u017eia uog\u0173 granola. Pietums \u2013 a\u0161trus meksikieti\u0161kas tro\u0161kinys su ry\u017eiais. Vakarienei \u2013 klasikiniai ir m\u0117gstami makaronai \u201eBolognese\u201c.  <\/p>\n<p data-start=\"2310\" data-end=\"2472\"><strong data-start=\"2310\" data-end=\"2320\">7 diena<\/strong><br data-start=\"2320\" data-end=\"2323\">Pusry\u010diams \u2013 obuoli\u0173 ir cinamono ko\u0161\u0117. Pietums \u2013 naminis bulvi\u0173 tro\u0161kinys su jautiena. Vakarienei \u2013 tailandieti\u0161ki ry\u017eiai su vi\u0161tiena \u2013 idealus b\u016bdas u\u017ebaigti savait\u0119.  <\/p>\n<h3 data-start=\"2479\" data-end=\"2507\">Kas \u012feina \u012f rinkin\u012f?<\/h3>\n<p data-start=\"2509\" data-end=\"2652\">Visos savait\u0117s maisto atsargos FOOD FORCE apima kruop\u0161\u010diai atrinktus ir subalansuotus patiekalus, kurie patenkins visus tavo poreikius per 7 dienas. \u012e rinkin\u012f \u012feina: <\/p>\n<ul>\n<li>2x granola su bra\u0161k\u0117mis<\/li>\n<li>2x vanilin\u0117 ko\u0161\u0117<\/li>\n<li>2x obuoli\u0173 ir cinamono ko\u0161\u0117<\/li>\n<li>1x granola su uogomis<\/li>\n<li>2x makaronai su vi\u0161tiena<\/li>\n<li>2x bulvi\u0173 tro\u0161kinys su jautiena<\/li>\n<li>2x meksikieti\u0161kas tro\u0161kinys su ry\u017eiais<\/li>\n<li>2x makaronai \u201eBolognese\u201c<\/li>\n<li>2x kepti ry\u017eiai su vi\u0161tiena<\/li>\n<li>2x tailandieti\u0161ki ry\u017eiai su vi\u0161tiena<\/li>\n<li>1x makaronai \u201eCarbonara\u201c<\/li>\n<li>1x jautienos gulia\u0161as su bulv\u0117mis<\/li>\n<\/ul>\n<p>\u0160is 21 valgio rinkinys si\u016blo \u012fvairius skonius ir yra prakti\u0161kas pasirinkimas tiek krizin\u0117ms situacijoms, tiek \u017eygiams ar kitai veiklai lauke. Visada tur\u0117si atsargoje sot\u0173 ir skan\u0173 patiekal\u0105, kad palaikytum k\u016bno ir sielos pusiausvyr\u0105. <\/p>\n<p>Pasisemk \u012fkv\u0117pimo ir i\u0161 \u201eToidupakk\u201c<\/p>\n<p>Daugiau \u017eygio preki\u0173 rasi <a href=\"https:\/\/toidupakk.ee\/lt\/tootekategooria\/zygio-iranga\/#section-3-79\">\u010cIA<\/a><\/p>\n<p>Rask \u012fkv\u0117pimo kitiems nuotykiams \u201eToidupakk\u201c <a href=\"https:\/\/www.instagram.com\/toidupakk\/\">Instagram<\/a> ir <a href=\"https:\/\/www.facebook.com\/Toidupakk\/\">Facebook<\/a> paskyrose.<\/p>\n","protected":false},"excerpt":{"rendered":"<p><strong>Visos savait\u0117s maisto atsargos FOOD FORCE yra paruo\u0161tas sprendimas savaitei \u2013 7 pusry\u010diai ir 14 so\u010di\u0173 pagrindini\u0173 patiekal\u0173, i\u0161 viso 21 pilnavert\u0117 maisto pakuot\u0117.<\/strong><\/p>\n<ul>\n<li>Savait\u0117s maisto atsarg\u0173 rinkin\u012f <strong>sudaro 21 valgis<\/strong> \u2013 visos savait\u0117s maisto atsargos vienam asmeniui<\/li>\n<li>Pagrindiniams patiekalams paruo\u0161ti naudojamas kar\u0161tas vanduo<\/li>\n<li>Grynasis svoris: 2,9 kg<\/li>\n<li><strong>Geriausias iki: 5 metai nuo pagaminimo datos<\/strong><\/li>\n<\/ul>\n<p><strong>Vienos savait\u0117s maisto paket\u0105 (21 patiekalas) sudaro<\/strong>: 2x makaronai su vi\u0161tiena, 2x bulvi\u0173 tro\u0161kinys su jautiena, 2x meksikieti\u0161kas tro\u0161kinys su ry\u017eiais, 2x makaronai \u201eBolognese\u201c, 2x kepti ry\u017eiai su vi\u0161tiena, 2x tailandieti\u0161ki ry\u017eiai su vi\u0161tiena, 1x makaronai \u201eCarbonara\u201c, 1x jautienos gulia\u0161as su bulv\u0117mis, 2x granola su bra\u0161k\u0117mis, 2x vanilin\u0117 ko\u0161\u0117, 2x obuoli\u0173 ir cinamono ko\u0161\u0117, 1x granola su uogomis, <strong>Vienos savait\u0117s maisto paketas (21 patiekalas)<\/strong><\/p>\n<p> <strong> maistin\u0117 vert\u0117:<\/strong> energija 11 426 kcal, riebalai 280,1 g, angliavandeniai 1820,4 g, baltymai 332,1 g.<\/p>\n<p>Tikslus ingredient\u0173 s\u0105ra\u0161as ir maistin\u0117 informacija nurodyta ant atskir\u0173 produkt\u0173 pakuo\u010di\u0173.<\/p>\n<p>\u2705 Turime sand\u0117lyje, greitas pristatymas per 1\u20133 darbo dienas<br \/>\n\u2705 Nemokamas siuntimas \u012f pa\u0161tomatus<br \/>\n\u2705 Pirk dabar, mok\u0117k v\u0117liau (pal\u016bkanos 0 %)<\/p>\n","protected":false},"featured_media":54658,"comment_status":"open","ping_status":"closed","template":"","meta":{"_acf_changed":false},"product_brand":[],"product_cat":[233,235,232,234,200,230,189,231,190],"product_tag":[],"class_list":{"0":"post-45655","1":"product","2":"type-product","3":"status-publish","4":"has-post-thumbnail","6":"product_cat-buk-pasiruoses-krizes-atsargos","7":"product_cat-dideli-maisto-atsargu-rinkiniai","8":"product_cat-food-force-sauso-maisto-paketai","9":"product_cat-food-force-savaites-maisto-atsargos","10":"product_cat-praktiskos-dovanu-idejos","11":"product_cat-savaites-maisto-atsargu-rinkiniai","12":"product_cat-zygio-iranga","13":"product_cat-zygio-maistas","14":"product_cat-zygio-prekes","16":"first","17":"instock","18":"sale","19":"taxable","20":"shipping-taxable","21":"purchasable","22":"product-type-simple"},"bundled_by":[],"bundle_stock_status":"instock","bundle_stock_quantity":17,"bundle_virtual":false,"bundle_layout":"","bundle_add_to_cart_form_location":"","bundle_editable_in_cart":false,"bundle_sold_individually_context":"","bundle_item_grouping":"","bundle_min_size":"","bundle_max_size":"","bundle_price":[],"bundled_items":[],"bundle_sell_ids":[],"acf":[],"yoast_head":"<!-- This site is optimized with the Yoast SEO plugin v27.3 - https:\/\/yoast.com\/product\/yoast-seo-wordpress\/ -->\n<title>Visos savait\u0117s maisto atsargos FOOD FORCE<\/title>\n<meta name=\"description\" content=\"Visos savait\u0117s maisto atsargos FOOD FORCE \u2013 pilnavertis maisto rinkinys 7 dienoms. Didel\u0117 energin\u0117 vert\u0117, 21 patiekalas ir paprastas paruo\u0161imas bet kokiomis s\u0105lygomis.\" \/>\n<meta name=\"robots\" content=\"index, follow, max-snippet:-1, max-image-preview:large, max-video-preview:-1\" \/>\n<link rel=\"canonical\" href=\"https:\/\/toidupakk.ee\/lt\/toode\/visos-savaites-maisto-atsargos-food-force\/\" \/>\n<meta property=\"og:locale\" content=\"lt_LT\" \/>\n<meta property=\"og:type\" content=\"article\" \/>\n<meta property=\"og:title\" content=\"Visos savait\u0117s maisto atsargos FOOD FORCE\" \/>\n<meta property=\"og:description\" content=\"Visos savait\u0117s maisto atsargos FOOD FORCE \u2013 pilnavertis maisto rinkinys 7 dienoms. Didel\u0117 energin\u0117 vert\u0117, 21 patiekalas ir paprastas paruo\u0161imas bet kokiomis s\u0105lygomis.\" \/>\n<meta property=\"og:url\" content=\"https:\/\/toidupakk.ee\/lt\/toode\/visos-savaites-maisto-atsargos-food-force\/\" \/>\n<meta property=\"og:site_name\" content=\"Toidupakk.ee - Tactical Foodpack toidupakid\" \/>\n<meta property=\"article:publisher\" content=\"https:\/\/www.facebook.com\/Toidupakk\" \/>\n<meta property=\"article:modified_time\" content=\"2026-04-29T14:01:16+00:00\" \/>\n<meta property=\"og:image\" content=\"https:\/\/toidupakk.ee\/wp-content\/uploads\/2025\/10\/nadala-toiduvaru-foodforce-kast.webp\" \/>\n\t<meta property=\"og:image:width\" content=\"1680\" \/>\n\t<meta property=\"og:image:height\" content=\"1680\" \/>\n\t<meta property=\"og:image:type\" content=\"image\/webp\" \/>\n<meta name=\"twitter:card\" content=\"summary_large_image\" \/>\n<meta name=\"twitter:label1\" content=\"Est. reading time\" \/>\n\t<meta name=\"twitter:data1\" content=\"2 minut\u0117s\" \/>\n<script type=\"application\/ld+json\" class=\"yoast-schema-graph\">{\"@context\":\"https:\\\/\\\/schema.org\",\"@graph\":[{\"@type\":\"WebPage\",\"@id\":\"https:\\\/\\\/toidupakk.ee\\\/lt\\\/toode\\\/visos-savaites-maisto-atsargos-food-force\\\/\",\"url\":\"https:\\\/\\\/toidupakk.ee\\\/lt\\\/toode\\\/visos-savaites-maisto-atsargos-food-force\\\/\",\"name\":\"Visos savait\u0117s maisto atsargos FOOD FORCE\",\"isPartOf\":{\"@id\":\"https:\\\/\\\/toidupakk.ee\\\/lt\\\/#website\"},\"primaryImageOfPage\":{\"@id\":\"https:\\\/\\\/toidupakk.ee\\\/lt\\\/toode\\\/visos-savaites-maisto-atsargos-food-force\\\/#primaryimage\"},\"image\":{\"@id\":\"https:\\\/\\\/toidupakk.ee\\\/lt\\\/toode\\\/visos-savaites-maisto-atsargos-food-force\\\/#primaryimage\"},\"thumbnailUrl\":\"https:\\\/\\\/toidupakk.ee\\\/wp-content\\\/uploads\\\/2025\\\/10\\\/nadala-toiduvaru-foodforce-kast.webp\",\"datePublished\":\"2025-10-06T10:31:50+00:00\",\"dateModified\":\"2026-04-29T14:01:16+00:00\",\"description\":\"Visos savait\u0117s maisto atsargos FOOD FORCE \u2013 pilnavertis maisto rinkinys 7 dienoms. Didel\u0117 energin\u0117 vert\u0117, 21 patiekalas ir paprastas paruo\u0161imas bet kokiomis s\u0105lygomis.\",\"breadcrumb\":{\"@id\":\"https:\\\/\\\/toidupakk.ee\\\/lt\\\/toode\\\/visos-savaites-maisto-atsargos-food-force\\\/#breadcrumb\"},\"inLanguage\":\"lt-LT\",\"potentialAction\":[{\"@type\":\"ReadAction\",\"target\":[\"https:\\\/\\\/toidupakk.ee\\\/lt\\\/toode\\\/visos-savaites-maisto-atsargos-food-force\\\/\"]}]},{\"@type\":\"ImageObject\",\"inLanguage\":\"lt-LT\",\"@id\":\"https:\\\/\\\/toidupakk.ee\\\/lt\\\/toode\\\/visos-savaites-maisto-atsargos-food-force\\\/#primaryimage\",\"url\":\"https:\\\/\\\/toidupakk.ee\\\/wp-content\\\/uploads\\\/2025\\\/10\\\/nadala-toiduvaru-foodforce-kast.webp\",\"contentUrl\":\"https:\\\/\\\/toidupakk.ee\\\/wp-content\\\/uploads\\\/2025\\\/10\\\/nadala-toiduvaru-foodforce-kast.webp\",\"width\":1680,\"height\":1680},{\"@type\":\"BreadcrumbList\",\"@id\":\"https:\\\/\\\/toidupakk.ee\\\/lt\\\/toode\\\/visos-savaites-maisto-atsargos-food-force\\\/#breadcrumb\",\"itemListElement\":[{\"@type\":\"ListItem\",\"position\":1,\"name\":\"Avaleht\",\"item\":\"https:\\\/\\\/toidupakk.ee\\\/lt\\\/\"},{\"@type\":\"ListItem\",\"position\":2,\"name\":\"El. parduotuv\u0117\",\"item\":\"https:\\\/\\\/toidupakk.ee\\\/lt\\\/el-parduotuve\\\/\"},{\"@type\":\"ListItem\",\"position\":3,\"name\":\"Visos savait\u0117s maisto atsargos FOOD FORCE\"}]},{\"@type\":\"WebSite\",\"@id\":\"https:\\\/\\\/toidupakk.ee\\\/lt\\\/#website\",\"url\":\"https:\\\/\\\/toidupakk.ee\\\/lt\\\/\",\"name\":\"Toidupakk.ee - Tactical Foodpack toidupakid\",\"description\":\"Tactical Foodpack k\u00fclmkuivatatud toidupakid ja matkaeined\",\"publisher\":{\"@id\":\"https:\\\/\\\/toidupakk.ee\\\/lt\\\/#organization\"},\"potentialAction\":[{\"@type\":\"SearchAction\",\"target\":{\"@type\":\"EntryPoint\",\"urlTemplate\":\"https:\\\/\\\/toidupakk.ee\\\/lt\\\/?s={search_term_string}\"},\"query-input\":{\"@type\":\"PropertyValueSpecification\",\"valueRequired\":true,\"valueName\":\"search_term_string\"}}],\"inLanguage\":\"lt-LT\"},{\"@type\":\"Organization\",\"@id\":\"https:\\\/\\\/toidupakk.ee\\\/lt\\\/#organization\",\"name\":\"Tactical Foodpack matkaeined\",\"url\":\"https:\\\/\\\/toidupakk.ee\\\/lt\\\/\",\"logo\":{\"@type\":\"ImageObject\",\"inLanguage\":\"lt-LT\",\"@id\":\"https:\\\/\\\/toidupakk.ee\\\/lt\\\/#\\\/schema\\\/logo\\\/image\\\/\",\"url\":\"https:\\\/\\\/toidupakk.ee\\\/wp-content\\\/uploads\\\/2022\\\/01\\\/Toidupakk-matkapood-logo-transparent.png\",\"contentUrl\":\"https:\\\/\\\/toidupakk.ee\\\/wp-content\\\/uploads\\\/2022\\\/01\\\/Toidupakk-matkapood-logo-transparent.png\",\"width\":500,\"height\":500,\"caption\":\"Tactical Foodpack matkaeined\"},\"image\":{\"@id\":\"https:\\\/\\\/toidupakk.ee\\\/lt\\\/#\\\/schema\\\/logo\\\/image\\\/\"},\"sameAs\":[\"https:\\\/\\\/www.facebook.com\\\/Toidupakk\",\"https:\\\/\\\/www.instagram.com\\\/toidupakk\\\/\"]}]}<\/script>\n<!-- \/ Yoast SEO plugin. -->","yoast_head_json":{"title":"Visos savait\u0117s maisto atsargos FOOD FORCE","description":"Visos savait\u0117s maisto atsargos FOOD FORCE \u2013 pilnavertis maisto rinkinys 7 dienoms. Didel\u0117 energin\u0117 vert\u0117, 21 patiekalas ir paprastas paruo\u0161imas bet kokiomis s\u0105lygomis.","robots":{"index":"index","follow":"follow","max-snippet":"max-snippet:-1","max-image-preview":"max-image-preview:large","max-video-preview":"max-video-preview:-1"},"canonical":"https:\/\/toidupakk.ee\/lt\/toode\/visos-savaites-maisto-atsargos-food-force\/","og_locale":"lt_LT","og_type":"article","og_title":"Visos savait\u0117s maisto atsargos FOOD FORCE","og_description":"Visos savait\u0117s maisto atsargos FOOD FORCE \u2013 pilnavertis maisto rinkinys 7 dienoms. Didel\u0117 energin\u0117 vert\u0117, 21 patiekalas ir paprastas paruo\u0161imas bet kokiomis s\u0105lygomis.","og_url":"https:\/\/toidupakk.ee\/lt\/toode\/visos-savaites-maisto-atsargos-food-force\/","og_site_name":"Toidupakk.ee - Tactical Foodpack toidupakid","article_publisher":"https:\/\/www.facebook.com\/Toidupakk","article_modified_time":"2026-04-29T14:01:16+00:00","og_image":[{"width":1680,"height":1680,"url":"https:\/\/toidupakk.ee\/wp-content\/uploads\/2025\/10\/nadala-toiduvaru-foodforce-kast.webp","type":"image\/webp"}],"twitter_card":"summary_large_image","twitter_misc":{"Est. reading time":"2 minut\u0117s"},"schema":{"@context":"https:\/\/schema.org","@graph":[{"@type":"WebPage","@id":"https:\/\/toidupakk.ee\/lt\/toode\/visos-savaites-maisto-atsargos-food-force\/","url":"https:\/\/toidupakk.ee\/lt\/toode\/visos-savaites-maisto-atsargos-food-force\/","name":"Visos savait\u0117s maisto atsargos FOOD FORCE","isPartOf":{"@id":"https:\/\/toidupakk.ee\/lt\/#website"},"primaryImageOfPage":{"@id":"https:\/\/toidupakk.ee\/lt\/toode\/visos-savaites-maisto-atsargos-food-force\/#primaryimage"},"image":{"@id":"https:\/\/toidupakk.ee\/lt\/toode\/visos-savaites-maisto-atsargos-food-force\/#primaryimage"},"thumbnailUrl":"https:\/\/toidupakk.ee\/wp-content\/uploads\/2025\/10\/nadala-toiduvaru-foodforce-kast.webp","datePublished":"2025-10-06T10:31:50+00:00","dateModified":"2026-04-29T14:01:16+00:00","description":"Visos savait\u0117s maisto atsargos FOOD FORCE \u2013 pilnavertis maisto rinkinys 7 dienoms. Didel\u0117 energin\u0117 vert\u0117, 21 patiekalas ir paprastas paruo\u0161imas bet kokiomis s\u0105lygomis.","breadcrumb":{"@id":"https:\/\/toidupakk.ee\/lt\/toode\/visos-savaites-maisto-atsargos-food-force\/#breadcrumb"},"inLanguage":"lt-LT","potentialAction":[{"@type":"ReadAction","target":["https:\/\/toidupakk.ee\/lt\/toode\/visos-savaites-maisto-atsargos-food-force\/"]}]},{"@type":"ImageObject","inLanguage":"lt-LT","@id":"https:\/\/toidupakk.ee\/lt\/toode\/visos-savaites-maisto-atsargos-food-force\/#primaryimage","url":"https:\/\/toidupakk.ee\/wp-content\/uploads\/2025\/10\/nadala-toiduvaru-foodforce-kast.webp","contentUrl":"https:\/\/toidupakk.ee\/wp-content\/uploads\/2025\/10\/nadala-toiduvaru-foodforce-kast.webp","width":1680,"height":1680},{"@type":"BreadcrumbList","@id":"https:\/\/toidupakk.ee\/lt\/toode\/visos-savaites-maisto-atsargos-food-force\/#breadcrumb","itemListElement":[{"@type":"ListItem","position":1,"name":"Avaleht","item":"https:\/\/toidupakk.ee\/lt\/"},{"@type":"ListItem","position":2,"name":"El. parduotuv\u0117","item":"https:\/\/toidupakk.ee\/lt\/el-parduotuve\/"},{"@type":"ListItem","position":3,"name":"Visos savait\u0117s maisto atsargos FOOD FORCE"}]},{"@type":"WebSite","@id":"https:\/\/toidupakk.ee\/lt\/#website","url":"https:\/\/toidupakk.ee\/lt\/","name":"Toidupakk.ee - Tactical Foodpack toidupakid","description":"Tactical Foodpack k\u00fclmkuivatatud toidupakid ja matkaeined","publisher":{"@id":"https:\/\/toidupakk.ee\/lt\/#organization"},"potentialAction":[{"@type":"SearchAction","target":{"@type":"EntryPoint","urlTemplate":"https:\/\/toidupakk.ee\/lt\/?s={search_term_string}"},"query-input":{"@type":"PropertyValueSpecification","valueRequired":true,"valueName":"search_term_string"}}],"inLanguage":"lt-LT"},{"@type":"Organization","@id":"https:\/\/toidupakk.ee\/lt\/#organization","name":"Tactical Foodpack matkaeined","url":"https:\/\/toidupakk.ee\/lt\/","logo":{"@type":"ImageObject","inLanguage":"lt-LT","@id":"https:\/\/toidupakk.ee\/lt\/#\/schema\/logo\/image\/","url":"https:\/\/toidupakk.ee\/wp-content\/uploads\/2022\/01\/Toidupakk-matkapood-logo-transparent.png","contentUrl":"https:\/\/toidupakk.ee\/wp-content\/uploads\/2022\/01\/Toidupakk-matkapood-logo-transparent.png","width":500,"height":500,"caption":"Tactical Foodpack matkaeined"},"image":{"@id":"https:\/\/toidupakk.ee\/lt\/#\/schema\/logo\/image\/"},"sameAs":["https:\/\/www.facebook.com\/Toidupakk","https:\/\/www.instagram.com\/toidupakk\/"]}]}},"jetpack_sharing_enabled":true,"_links":{"self":[{"href":"https:\/\/toidupakk.ee\/lt\/wp-json\/wp\/v2\/product\/45655","targetHints":{"allow":["GET"]}}],"collection":[{"href":"https:\/\/toidupakk.ee\/lt\/wp-json\/wp\/v2\/product"}],"about":[{"href":"https:\/\/toidupakk.ee\/lt\/wp-json\/wp\/v2\/types\/product"}],"replies":[{"embeddable":true,"href":"https:\/\/toidupakk.ee\/lt\/wp-json\/wp\/v2\/comments?post=45655"}],"wp:featuredmedia":[{"embeddable":true,"href":"https:\/\/toidupakk.ee\/lt\/wp-json\/wp\/v2\/media\/54658"}],"wp:attachment":[{"href":"https:\/\/toidupakk.ee\/lt\/wp-json\/wp\/v2\/media?parent=45655"}],"wp:term":[{"taxonomy":"product_brand","embeddable":true,"href":"https:\/\/toidupakk.ee\/lt\/wp-json\/wp\/v2\/product_brand?post=45655"},{"taxonomy":"product_cat","embeddable":true,"href":"https:\/\/toidupakk.ee\/lt\/wp-json\/wp\/v2\/product_cat?post=45655"},{"taxonomy":"product_tag","embeddable":true,"href":"https:\/\/toidupakk.ee\/lt\/wp-json\/wp\/v2\/product_tag?post=45655"}],"curies":[{"name":"wp","href":"https:\/\/api.w.org\/{rel}","templated":true}]}}