{"id":45646,"date":"2025-09-24T16:09:06","date_gmt":"2025-09-24T13:09:06","guid":{"rendered":"https:\/\/toidupakk.ee\/toode\/ranku-sildytuvai-matkapro\/"},"modified":"2026-04-16T17:31:06","modified_gmt":"2026-04-16T14:31:06","slug":"ranku-sildytuvai-matkapro","status":"publish","type":"product","link":"https:\/\/toidupakk.ee\/lt\/toode\/ranku-sildytuvai-matkapro\/","title":{"rendered":"Rank\u0173 \u0161ildytuvai MATKAPRO"},"content":{"rendered":"<h1><img fetchpriority=\"high\" decoding=\"async\" class=\"alignright wp-image-39445 size-thumbnail\" src=\"https:\/\/toidupakk.ee\/wp-content\/uploads\/2025\/09\/Katesoojendajad-MATKAPRO5-500x500.png\" alt=\"rank\u0173 \u0161ildytuvai \u017eiemai\" width=\"500\" height=\"500\" srcset=\"https:\/\/toidupakk.ee\/wp-content\/uploads\/2025\/09\/Katesoojendajad-MATKAPRO5-500x500.png 500w, https:\/\/toidupakk.ee\/wp-content\/uploads\/2025\/09\/Katesoojendajad-MATKAPRO5-300x300.png 300w, https:\/\/toidupakk.ee\/wp-content\/uploads\/2025\/09\/Katesoojendajad-MATKAPRO5-768x768.png 768w, https:\/\/toidupakk.ee\/wp-content\/uploads\/2025\/09\/Katesoojendajad-MATKAPRO5-400x400.png 400w, https:\/\/toidupakk.ee\/wp-content\/uploads\/2025\/09\/Katesoojendajad-MATKAPRO5-100x100.png 100w, https:\/\/toidupakk.ee\/wp-content\/uploads\/2025\/09\/Katesoojendajad-MATKAPRO5.png 800w\" sizes=\"(max-width: 500px) 100vw, 500px\" \/><\/h1>\n<h1>Kas yra rank\u0173 \u0161ildytuvai?<\/h1>\n<p>Rank\u0173 \u0161ildytuvai specialiai sukurti tam, kad tavo rankos i\u0161likt\u0173 \u0161iltos net ir esant did\u017eiausiam \u0161al\u010diui. \u0160ios plonos \u0161ildan\u010dios pagalv\u0117l\u0117s naudoja pa\u017eangi\u0105 technologij\u0105, leid\u017eian\u010di\u0105 skleisti \u0161ilum\u0105 iki 8 valand\u0173. Naudoti rank\u0173 \u0161ildytuvus paprasta ir patogu \u2013 tiesiog atidaryk pakuot\u0119, \u0161iek tiek papurtyk ir \u012fsid\u0117k pagalv\u0117les \u012f ki\u0161en\u0119 ar pir\u0161tin\u0119. Netrukus jos prad\u0117s skleisti \u0161ilum\u0105, kuri maloniai \u0161ildys tavo rankas.   <\/p>\n<h2><strong>Kaip veikia rank\u0173 \u0161ildytuvai?<\/strong><\/h2>\n<p>Rank\u0173 \u0161ildytuvai susideda i\u0161 dviej\u0173 dali\u0173: pagalv\u0117li\u0173 viduje yra mi\u0161inys i\u0161 gele\u017eies milteli\u0173, vermikulito, aktyvuotos anglies, mineralin\u0117s druskos ir vandens. Kai \u0161is mi\u0161inys susilie\u010dia su ore esan\u010diu deguonimi, prasideda egzotermin\u0117 reakcija, kurios metu i\u0161siskiria \u0161iluma. Neaustin\u0117s med\u017eiagos mai\u0161elis pasi\u017eymi dideliu oro pralaidumu ir neleid\u017eia milteliams i\u0161byr\u0117ti, taip u\u017etikrinant saug\u0173 ir veiksming\u0105 naudojim\u0105.  <\/p>\n<p>&nbsp;<\/p>\n<p>&nbsp;<\/p>\n<h3><strong>Naudojimo instrukcija<\/strong><\/h3>\n<ol>\n<li><strong>Atidaryk pakuot\u0119:<\/strong> I\u0161imk rank\u0173 \u0161ildytuvus i\u0161 i\u0161orin\u0117s pakuot\u0117s ir leisk jiems aktyvuotis kontaktuojant su oru.<\/li>\n<li><strong>Lengvai papurtyk:<\/strong> Lengvai papurtyk rank\u0173 \u0161ildytuv\u0105, kad \u0161ilumin\u0117 reakcija prasid\u0117t\u0173 grei\u010diau.<\/li>\n<li><strong>\u012esid\u0117k:<\/strong> \u012esid\u0117k \u0161ildytuvus \u012f ki\u0161en\u0119, pir\u0161tin\u0119 arba tiesiog laikyk rankose ir m\u0117gaukis nuolatine \u0161iluma iki 10 valand\u0173.<\/li>\n<li><strong>Draugi\u0161kas aplinkai naudojimas:<\/strong> Panaudoj\u0119s ir atv\u0117sus pagalv\u0117l\u0117ms, i\u0161mesk jas \u012f buitines atliekas, nes j\u0173 nat\u016bralios sudedamosios dalys yra nekenksmingos aplinkai.<\/li>\n<\/ol>\n<h3><strong>Kam skirti rank\u0173 \u0161ildytuvai?<\/strong><\/h3>\n<p>Rank\u0173 \u0161ildytuvai yra idealus pasirinkimas visiems, norintiems jaustis \u0161iltai ir patogiai net \u0161al\u010diausiomis dienomis. Produktas skirtas pla\u010diam vartotoj\u0173 ratui, \u012fskaitant: <\/p>\n<ul>\n<li><strong>\u017diemos pramog\u0173 m\u0117g\u0117jai:<\/strong> Tie, kurie daug laiko praleid\u017eia lauke \u0161altu oru \u2013 sportininkai, \u017eygeiviai, slidininkai ir kiti \u017eiemos entuziastai.<\/li>\n<li><strong>Dirbantys lauke:<\/strong> Statyb\u0173 ir kit\u0173 lauko darb\u0173 darbuotojai, kuriems \u0161iluma ir komfortas yra kriti\u0161kai svarb\u016bs.<\/li>\n<li><strong>Vyresnio am\u017eiaus ir l\u0117tinius skausmus ken\u010diantys \u017emon\u0117s:<\/strong> Rank\u0173 \u0161ildytuvai padeda mal\u0161inti reumato skausmus, raumen\u0173 \u012ftamp\u0105 ir s\u0105nari\u0173 sustingim\u0105.<\/li>\n<li><strong>Moterys:<\/strong> Rank\u0173 \u0161ildytuvai puikiai tinka ir menstruacij\u0173 skausmams lengvinti.<\/li>\n<\/ul>\n<h3><img decoding=\"async\" class=\"alignright wp-image-39449 size-thumbnail\" src=\"https:\/\/toidupakk.ee\/wp-content\/uploads\/2025\/09\/Katesoojendajad-MATKAPRO-katele-500x500.png\" alt=\"Rank\u0173 \u0161ildytuv\u0173 naudojimas\" width=\"500\" height=\"500\" srcset=\"https:\/\/toidupakk.ee\/wp-content\/uploads\/2025\/09\/Katesoojendajad-MATKAPRO-katele-500x500.png 500w, https:\/\/toidupakk.ee\/wp-content\/uploads\/2025\/09\/Katesoojendajad-MATKAPRO-katele-300x300.png 300w, https:\/\/toidupakk.ee\/wp-content\/uploads\/2025\/09\/Katesoojendajad-MATKAPRO-katele-768x768.png 768w, https:\/\/toidupakk.ee\/wp-content\/uploads\/2025\/09\/Katesoojendajad-MATKAPRO-katele-400x400.png 400w, https:\/\/toidupakk.ee\/wp-content\/uploads\/2025\/09\/Katesoojendajad-MATKAPRO-katele-100x100.png 100w, https:\/\/toidupakk.ee\/wp-content\/uploads\/2025\/09\/Katesoojendajad-MATKAPRO-katele.png 800w\" sizes=\"(max-width: 500px) 100vw, 500px\" \/><\/h3>\n<h3><strong>Rank\u0173 \u0161ildytuv\u0173 privalumai<\/strong><\/h3>\n<ul>\n<li><strong>Ilgas veikimo laikas:<\/strong> Rank\u0173 \u0161ildytuvai skleid\u017eia \u0161ilum\u0105 iki 10 valand\u0173, u\u017etikrindami ilgalaik\u012f komfort\u0105.<\/li>\n<li><strong>Ekologi\u0161kos sudedamosios dalys:<\/strong> Pagaminti i\u0161 nat\u016brali\u0173 med\u017eiag\u0173, kurios yra saugios ir neturi kenksming\u0173 chemikal\u0173.<\/li>\n<li><strong>Paprasta naudoti:<\/strong> Nereikia jokio specialaus pasiruo\u0161imo, tiesiog atidaryk ir m\u0117gaukis \u0161iluma.<\/li>\n<li><strong>Universalus naudojimas:<\/strong> Tinka naudoti pir\u0161tin\u0117se, ki\u0161en\u0117se, miegmai\u0161iuose arba tiesiog laikant rankose.<\/li>\n<\/ul>\n<h3><strong>Techniniai duomenys<\/strong><\/h3>\n<ul>\n<li><strong>Sud\u0117tis:<\/strong> Gele\u017eies milteliai, vermikulitas, aktyvuota anglis, mineralin\u0117 druska, vanduo<\/li>\n<li><strong>Vidutin\u0117 temperat\u016bra:<\/strong> 53 \u00b0C<\/li>\n<li><strong>Maksimali temperat\u016bra:<\/strong> 68 \u00b0C<\/li>\n<li><strong>Veikimo laikas:<\/strong> 8\u201310 valand\u0173<\/li>\n<li><strong>Matmenys:<\/strong> 9 x 5,5 cm<\/li>\n<li><strong>Svoris:<\/strong> 40 g\/vnt.<\/li>\n<li><strong>Pakuot\u0117:<\/strong> rinkin\u012f sudaro 2 pagalv\u0117l\u0117s \u2013 po vien\u0105 kiekvienai rankai<\/li>\n<li><strong>Spalva:<\/strong> Balta<\/li>\n<li><strong>Laikymas:<\/strong> Laikyti v\u0117sioje, sausoje, nuo tiesiogini\u0173 saul\u0117s spinduli\u0173 apsaugotoje vietoje<\/li>\n<li><strong>Galiojimo laikas:<\/strong> 2 metai nuo pagaminimo datos<\/li>\n<\/ul>\n<h3><strong>Kod\u0117l verta rinktis rank\u0173 \u0161ildytuvus?<\/strong><\/h3>\n<p>Patikimas sprendimas tiems, kuriems reikia nuolatin\u0117s \u0161ilumos \u0161altu oru. Jie tinka tiek kasdieniam naudojimui, tiek specifiniams poreikiams, pavyzd\u017eiui, raumen\u0173 ir s\u0105nari\u0173 skausmams mal\u0161inti. D\u0117l ilgo veikimo laiko ir saugi\u0173 sudedam\u0173j\u0173 dali\u0173 rank\u0173 \u0161ildytuvai yra puikus pasirinkimas kiekvienam, vertinan\u010diam komfort\u0105 ir kokyb\u0119.  <\/p>\n<h3><strong>U\u017esakymas ir pristatymas<\/strong><\/h3>\n<p>Produktai pristatomi greitai \u2013 vos per 1\u20133 darbo dienas. Atsargas visada turime sand\u0117lyje, kad gal\u0117tum m\u0117gautis \u0161iluma be laukimo. <\/p>\n<p>Neleisk \u0161altam orui sugadinti tavo dienos \u2013 rinkis tinkam\u0105 produkt\u0105 rankoms \u0161ildyti ir b\u016bk \u0161iltai vis\u0105 \u017eiem\u0105!<\/p>\n<p>Daugiau \u017eygio preki\u0173 rasi <a href=\"https:\/\/toidupakk.ee\/lt\/tootekategooria\/zygio-iranga\/#section-3-79\">\u010cIA<\/a><\/p>\n<p>Pasisemk \u012fkv\u0117pimo kitiems nuotykiams Toidupakk <a href=\"https:\/\/www.instagram.com\/toidupakk\/\">Instagram<\/a> ir <a href=\"https:\/\/www.facebook.com\/Toidupakk\/\">Facebook<\/a> paskyrose.<\/p>\n","protected":false},"excerpt":{"rendered":"<p><strong>Rank\u0173 \u0161ildytuvai maloniai \u0161ildo rankas net ir \u0161al\u010diausiu oru. 100 % nat\u016bralios pagalv\u0117l\u0117s skirtos naudoti pir\u0161tin\u0117se, ki\u0161en\u0117se arba tiesiog laikant rankose. \u0160ildo iki 10 valand\u0173. Sud\u0117tyje n\u0117ra pavojing\u0173 med\u017eiag\u0173.   <\/strong><\/p>\n<ul>\n<li>\u0160ildo <strong>iki 8 valand\u0173<\/strong><\/li>\n<li><strong>Aktyvuojasi kontaktuodami su oru<\/strong> atidarius pakuot\u0119<\/li>\n<li>Sud\u0117tyje n\u0117ra pavojing\u0173 med\u017eiag\u0173<\/li>\n<li>Nesukelia alergij\u0173<\/li>\n<li>Tinka naudoti pir\u0161tin\u0117se, ki\u0161en\u0117se arba miegmai\u0161iuose<\/li>\n<li><strong>Rinkinyje 2 pagalv\u0117l\u0117s (1 pora)<\/strong><\/li>\n<li>Sud\u0117tis: vermikulitas, druska, aktyvuota anglis, gele\u017eies milteliai ir vanduo<\/li>\n<li>Pagalv\u0117li\u0173 matmenys: 9 cm x 5,5 cm<\/li>\n<li>Skirta vienkartiniam naudojimui; panaudojus ir atv\u0117sus i\u0161mesti \u012f buitines atliekas<\/li>\n<li>Laikymas: sausoje aplinkoje, atokiau nuo tiesiogini\u0173 saul\u0117s spinduli\u0173<\/li>\n<\/ul>\n<p>\u2705 Turime sand\u0117lyje, greitas pristatymas per 1\u20133 darbo dienas<\/p>\n","protected":false},"featured_media":39444,"comment_status":"open","ping_status":"closed","template":"","meta":{"_acf_changed":false},"product_brand":[],"product_cat":[229,228,199,189,190],"product_tag":[],"class_list":{"0":"post-45646","1":"product","2":"type-product","3":"status-publish","4":"has-post-thumbnail","6":"product_cat-kuno-sildytuvai","7":"product_cat-sildymo-elementai","8":"product_cat-ziemos-prekes","9":"product_cat-zygio-iranga","10":"product_cat-zygio-prekes","12":"first","13":"instock","14":"taxable","15":"shipping-taxable","16":"purchasable","17":"product-type-simple"},"bundled_by":[],"bundle_stock_status":"instock","bundle_stock_quantity":3,"bundle_virtual":false,"bundle_layout":"","bundle_add_to_cart_form_location":"","bundle_editable_in_cart":false,"bundle_sold_individually_context":"","bundle_item_grouping":"","bundle_min_size":"","bundle_max_size":"","bundle_price":[],"bundled_items":[],"bundle_sell_ids":[],"acf":[],"yoast_head":"<!-- This site is optimized with the Yoast SEO plugin v27.3 - https:\/\/yoast.com\/product\/yoast-seo-wordpress\/ -->\n<title>Rank\u0173 \u0161ildytuvai MATKAPRO<\/title>\n<meta name=\"description\" content=\"Rank\u0173 \u0161ildytuvai maloniai \u0161ildo rankas net ir \u0161al\u010diausiu oru. \u0160ildo iki 8 valand\u0173. Sud\u0117tyje n\u0117ra pavojing\u0173 med\u017eiag\u0173.\" \/>\n<meta name=\"robots\" content=\"index, follow, max-snippet:-1, max-image-preview:large, max-video-preview:-1\" \/>\n<link rel=\"canonical\" href=\"https:\/\/toidupakk.ee\/lt\/toode\/ranku-sildytuvai-matkapro\/\" \/>\n<meta property=\"og:locale\" content=\"lt_LT\" \/>\n<meta property=\"og:type\" content=\"article\" \/>\n<meta property=\"og:title\" content=\"Rank\u0173 \u0161ildytuvai MATKAPRO\" \/>\n<meta property=\"og:description\" content=\"Rank\u0173 \u0161ildytuvai maloniai \u0161ildo rankas net ir \u0161al\u010diausiu oru. \u0160ildo iki 8 valand\u0173. Sud\u0117tyje n\u0117ra pavojing\u0173 med\u017eiag\u0173.\" \/>\n<meta property=\"og:url\" content=\"https:\/\/toidupakk.ee\/lt\/toode\/ranku-sildytuvai-matkapro\/\" \/>\n<meta property=\"og:site_name\" content=\"Toidupakk.ee - Tactical Foodpack toidupakid\" \/>\n<meta property=\"article:publisher\" content=\"https:\/\/www.facebook.com\/Toidupakk\" \/>\n<meta property=\"article:modified_time\" content=\"2026-04-16T14:31:06+00:00\" \/>\n<meta property=\"og:image\" content=\"https:\/\/toidupakk.ee\/wp-content\/uploads\/2025\/09\/Katesoojendajad-MATKAPRO3.png\" \/>\n\t<meta property=\"og:image:width\" content=\"800\" \/>\n\t<meta property=\"og:image:height\" content=\"800\" \/>\n\t<meta property=\"og:image:type\" content=\"image\/png\" \/>\n<meta name=\"twitter:card\" content=\"summary_large_image\" \/>\n<meta name=\"twitter:label1\" content=\"Est. reading time\" \/>\n\t<meta name=\"twitter:data1\" content=\"3 minut\u0117s\" \/>\n<script type=\"application\/ld+json\" class=\"yoast-schema-graph\">{\"@context\":\"https:\\\/\\\/schema.org\",\"@graph\":[{\"@type\":\"WebPage\",\"@id\":\"https:\\\/\\\/toidupakk.ee\\\/lt\\\/toode\\\/ranku-sildytuvai-matkapro\\\/\",\"url\":\"https:\\\/\\\/toidupakk.ee\\\/lt\\\/toode\\\/ranku-sildytuvai-matkapro\\\/\",\"name\":\"Rank\u0173 \u0161ildytuvai MATKAPRO\",\"isPartOf\":{\"@id\":\"https:\\\/\\\/toidupakk.ee\\\/lt\\\/#website\"},\"primaryImageOfPage\":{\"@id\":\"https:\\\/\\\/toidupakk.ee\\\/lt\\\/toode\\\/ranku-sildytuvai-matkapro\\\/#primaryimage\"},\"image\":{\"@id\":\"https:\\\/\\\/toidupakk.ee\\\/lt\\\/toode\\\/ranku-sildytuvai-matkapro\\\/#primaryimage\"},\"thumbnailUrl\":\"https:\\\/\\\/toidupakk.ee\\\/wp-content\\\/uploads\\\/2025\\\/09\\\/Katesoojendajad-MATKAPRO3.png\",\"datePublished\":\"2025-09-24T13:09:06+00:00\",\"dateModified\":\"2026-04-16T14:31:06+00:00\",\"description\":\"Rank\u0173 \u0161ildytuvai maloniai \u0161ildo rankas net ir \u0161al\u010diausiu oru. \u0160ildo iki 8 valand\u0173. Sud\u0117tyje n\u0117ra pavojing\u0173 med\u017eiag\u0173.\",\"breadcrumb\":{\"@id\":\"https:\\\/\\\/toidupakk.ee\\\/lt\\\/toode\\\/ranku-sildytuvai-matkapro\\\/#breadcrumb\"},\"inLanguage\":\"lt-LT\",\"potentialAction\":[{\"@type\":\"ReadAction\",\"target\":[\"https:\\\/\\\/toidupakk.ee\\\/lt\\\/toode\\\/ranku-sildytuvai-matkapro\\\/\"]}]},{\"@type\":\"ImageObject\",\"inLanguage\":\"lt-LT\",\"@id\":\"https:\\\/\\\/toidupakk.ee\\\/lt\\\/toode\\\/ranku-sildytuvai-matkapro\\\/#primaryimage\",\"url\":\"https:\\\/\\\/toidupakk.ee\\\/wp-content\\\/uploads\\\/2025\\\/09\\\/Katesoojendajad-MATKAPRO3.png\",\"contentUrl\":\"https:\\\/\\\/toidupakk.ee\\\/wp-content\\\/uploads\\\/2025\\\/09\\\/Katesoojendajad-MATKAPRO3.png\",\"width\":800,\"height\":800,\"caption\":\"K\u00e4tesoojendajad komplekt\"},{\"@type\":\"BreadcrumbList\",\"@id\":\"https:\\\/\\\/toidupakk.ee\\\/lt\\\/toode\\\/ranku-sildytuvai-matkapro\\\/#breadcrumb\",\"itemListElement\":[{\"@type\":\"ListItem\",\"position\":1,\"name\":\"Avaleht\",\"item\":\"https:\\\/\\\/toidupakk.ee\\\/lt\\\/\"},{\"@type\":\"ListItem\",\"position\":2,\"name\":\"El. parduotuv\u0117\",\"item\":\"https:\\\/\\\/toidupakk.ee\\\/lt\\\/el-parduotuve\\\/\"},{\"@type\":\"ListItem\",\"position\":3,\"name\":\"Rank\u0173 \u0161ildytuvai MATKAPRO\"}]},{\"@type\":\"WebSite\",\"@id\":\"https:\\\/\\\/toidupakk.ee\\\/lt\\\/#website\",\"url\":\"https:\\\/\\\/toidupakk.ee\\\/lt\\\/\",\"name\":\"Toidupakk.ee - Tactical Foodpack toidupakid\",\"description\":\"Tactical Foodpack k\u00fclmkuivatatud toidupakid ja matkaeined\",\"publisher\":{\"@id\":\"https:\\\/\\\/toidupakk.ee\\\/lt\\\/#organization\"},\"potentialAction\":[{\"@type\":\"SearchAction\",\"target\":{\"@type\":\"EntryPoint\",\"urlTemplate\":\"https:\\\/\\\/toidupakk.ee\\\/lt\\\/?s={search_term_string}\"},\"query-input\":{\"@type\":\"PropertyValueSpecification\",\"valueRequired\":true,\"valueName\":\"search_term_string\"}}],\"inLanguage\":\"lt-LT\"},{\"@type\":\"Organization\",\"@id\":\"https:\\\/\\\/toidupakk.ee\\\/lt\\\/#organization\",\"name\":\"Tactical Foodpack matkaeined\",\"url\":\"https:\\\/\\\/toidupakk.ee\\\/lt\\\/\",\"logo\":{\"@type\":\"ImageObject\",\"inLanguage\":\"lt-LT\",\"@id\":\"https:\\\/\\\/toidupakk.ee\\\/lt\\\/#\\\/schema\\\/logo\\\/image\\\/\",\"url\":\"https:\\\/\\\/toidupakk.ee\\\/wp-content\\\/uploads\\\/2022\\\/01\\\/Toidupakk-matkapood-logo-transparent.png\",\"contentUrl\":\"https:\\\/\\\/toidupakk.ee\\\/wp-content\\\/uploads\\\/2022\\\/01\\\/Toidupakk-matkapood-logo-transparent.png\",\"width\":500,\"height\":500,\"caption\":\"Tactical Foodpack matkaeined\"},\"image\":{\"@id\":\"https:\\\/\\\/toidupakk.ee\\\/lt\\\/#\\\/schema\\\/logo\\\/image\\\/\"},\"sameAs\":[\"https:\\\/\\\/www.facebook.com\\\/Toidupakk\",\"https:\\\/\\\/www.instagram.com\\\/toidupakk\\\/\"]}]}<\/script>\n<!-- \/ Yoast SEO plugin. -->","yoast_head_json":{"title":"Rank\u0173 \u0161ildytuvai MATKAPRO","description":"Rank\u0173 \u0161ildytuvai maloniai \u0161ildo rankas net ir \u0161al\u010diausiu oru. \u0160ildo iki 8 valand\u0173. Sud\u0117tyje n\u0117ra pavojing\u0173 med\u017eiag\u0173.","robots":{"index":"index","follow":"follow","max-snippet":"max-snippet:-1","max-image-preview":"max-image-preview:large","max-video-preview":"max-video-preview:-1"},"canonical":"https:\/\/toidupakk.ee\/lt\/toode\/ranku-sildytuvai-matkapro\/","og_locale":"lt_LT","og_type":"article","og_title":"Rank\u0173 \u0161ildytuvai MATKAPRO","og_description":"Rank\u0173 \u0161ildytuvai maloniai \u0161ildo rankas net ir \u0161al\u010diausiu oru. \u0160ildo iki 8 valand\u0173. Sud\u0117tyje n\u0117ra pavojing\u0173 med\u017eiag\u0173.","og_url":"https:\/\/toidupakk.ee\/lt\/toode\/ranku-sildytuvai-matkapro\/","og_site_name":"Toidupakk.ee - Tactical Foodpack toidupakid","article_publisher":"https:\/\/www.facebook.com\/Toidupakk","article_modified_time":"2026-04-16T14:31:06+00:00","og_image":[{"width":800,"height":800,"url":"https:\/\/toidupakk.ee\/wp-content\/uploads\/2025\/09\/Katesoojendajad-MATKAPRO3.png","type":"image\/png"}],"twitter_card":"summary_large_image","twitter_misc":{"Est. reading time":"3 minut\u0117s"},"schema":{"@context":"https:\/\/schema.org","@graph":[{"@type":"WebPage","@id":"https:\/\/toidupakk.ee\/lt\/toode\/ranku-sildytuvai-matkapro\/","url":"https:\/\/toidupakk.ee\/lt\/toode\/ranku-sildytuvai-matkapro\/","name":"Rank\u0173 \u0161ildytuvai MATKAPRO","isPartOf":{"@id":"https:\/\/toidupakk.ee\/lt\/#website"},"primaryImageOfPage":{"@id":"https:\/\/toidupakk.ee\/lt\/toode\/ranku-sildytuvai-matkapro\/#primaryimage"},"image":{"@id":"https:\/\/toidupakk.ee\/lt\/toode\/ranku-sildytuvai-matkapro\/#primaryimage"},"thumbnailUrl":"https:\/\/toidupakk.ee\/wp-content\/uploads\/2025\/09\/Katesoojendajad-MATKAPRO3.png","datePublished":"2025-09-24T13:09:06+00:00","dateModified":"2026-04-16T14:31:06+00:00","description":"Rank\u0173 \u0161ildytuvai maloniai \u0161ildo rankas net ir \u0161al\u010diausiu oru. \u0160ildo iki 8 valand\u0173. Sud\u0117tyje n\u0117ra pavojing\u0173 med\u017eiag\u0173.","breadcrumb":{"@id":"https:\/\/toidupakk.ee\/lt\/toode\/ranku-sildytuvai-matkapro\/#breadcrumb"},"inLanguage":"lt-LT","potentialAction":[{"@type":"ReadAction","target":["https:\/\/toidupakk.ee\/lt\/toode\/ranku-sildytuvai-matkapro\/"]}]},{"@type":"ImageObject","inLanguage":"lt-LT","@id":"https:\/\/toidupakk.ee\/lt\/toode\/ranku-sildytuvai-matkapro\/#primaryimage","url":"https:\/\/toidupakk.ee\/wp-content\/uploads\/2025\/09\/Katesoojendajad-MATKAPRO3.png","contentUrl":"https:\/\/toidupakk.ee\/wp-content\/uploads\/2025\/09\/Katesoojendajad-MATKAPRO3.png","width":800,"height":800,"caption":"K\u00e4tesoojendajad komplekt"},{"@type":"BreadcrumbList","@id":"https:\/\/toidupakk.ee\/lt\/toode\/ranku-sildytuvai-matkapro\/#breadcrumb","itemListElement":[{"@type":"ListItem","position":1,"name":"Avaleht","item":"https:\/\/toidupakk.ee\/lt\/"},{"@type":"ListItem","position":2,"name":"El. parduotuv\u0117","item":"https:\/\/toidupakk.ee\/lt\/el-parduotuve\/"},{"@type":"ListItem","position":3,"name":"Rank\u0173 \u0161ildytuvai MATKAPRO"}]},{"@type":"WebSite","@id":"https:\/\/toidupakk.ee\/lt\/#website","url":"https:\/\/toidupakk.ee\/lt\/","name":"Toidupakk.ee - Tactical Foodpack toidupakid","description":"Tactical Foodpack k\u00fclmkuivatatud toidupakid ja matkaeined","publisher":{"@id":"https:\/\/toidupakk.ee\/lt\/#organization"},"potentialAction":[{"@type":"SearchAction","target":{"@type":"EntryPoint","urlTemplate":"https:\/\/toidupakk.ee\/lt\/?s={search_term_string}"},"query-input":{"@type":"PropertyValueSpecification","valueRequired":true,"valueName":"search_term_string"}}],"inLanguage":"lt-LT"},{"@type":"Organization","@id":"https:\/\/toidupakk.ee\/lt\/#organization","name":"Tactical Foodpack matkaeined","url":"https:\/\/toidupakk.ee\/lt\/","logo":{"@type":"ImageObject","inLanguage":"lt-LT","@id":"https:\/\/toidupakk.ee\/lt\/#\/schema\/logo\/image\/","url":"https:\/\/toidupakk.ee\/wp-content\/uploads\/2022\/01\/Toidupakk-matkapood-logo-transparent.png","contentUrl":"https:\/\/toidupakk.ee\/wp-content\/uploads\/2022\/01\/Toidupakk-matkapood-logo-transparent.png","width":500,"height":500,"caption":"Tactical Foodpack matkaeined"},"image":{"@id":"https:\/\/toidupakk.ee\/lt\/#\/schema\/logo\/image\/"},"sameAs":["https:\/\/www.facebook.com\/Toidupakk","https:\/\/www.instagram.com\/toidupakk\/"]}]}},"jetpack_sharing_enabled":true,"_links":{"self":[{"href":"https:\/\/toidupakk.ee\/lt\/wp-json\/wp\/v2\/product\/45646","targetHints":{"allow":["GET"]}}],"collection":[{"href":"https:\/\/toidupakk.ee\/lt\/wp-json\/wp\/v2\/product"}],"about":[{"href":"https:\/\/toidupakk.ee\/lt\/wp-json\/wp\/v2\/types\/product"}],"replies":[{"embeddable":true,"href":"https:\/\/toidupakk.ee\/lt\/wp-json\/wp\/v2\/comments?post=45646"}],"wp:featuredmedia":[{"embeddable":true,"href":"https:\/\/toidupakk.ee\/lt\/wp-json\/wp\/v2\/media\/39444"}],"wp:attachment":[{"href":"https:\/\/toidupakk.ee\/lt\/wp-json\/wp\/v2\/media?parent=45646"}],"wp:term":[{"taxonomy":"product_brand","embeddable":true,"href":"https:\/\/toidupakk.ee\/lt\/wp-json\/wp\/v2\/product_brand?post=45646"},{"taxonomy":"product_cat","embeddable":true,"href":"https:\/\/toidupakk.ee\/lt\/wp-json\/wp\/v2\/product_cat?post=45646"},{"taxonomy":"product_tag","embeddable":true,"href":"https:\/\/toidupakk.ee\/lt\/wp-json\/wp\/v2\/product_tag?post=45646"}],"curies":[{"name":"wp","href":"https:\/\/api.w.org\/{rel}","templated":true}]}}