{"id":45641,"date":"2025-10-06T09:50:25","date_gmt":"2025-10-06T06:50:25","guid":{"rendered":"https:\/\/toidupakk.ee\/toode\/lenktinis-peilis-mil-tec-pakkawood\/"},"modified":"2026-04-16T09:30:24","modified_gmt":"2026-04-16T06:30:24","slug":"lenktinis-peilis-mil-tec-pakkawood","status":"publish","type":"product","link":"https:\/\/toidupakk.ee\/lt\/toode\/lenktinis-peilis-mil-tec-pakkawood\/","title":{"rendered":"Lenktinis peilis MIL-TEC\u00ae Pakkawood"},"content":{"rendered":"<h2 data-start=\"198\" data-end=\"280\"><strong data-start=\"202\" data-end=\"280\"><img fetchpriority=\"high\" decoding=\"async\" class=\"alignright wp-image-39628 size-thumbnail\" src=\"https:\/\/toidupakk.ee\/wp-content\/uploads\/2025\/10\/pakkawood-taskunuga-500x500.png\" alt=\"lenktinis peilis pakkawood i\u0161 priekio\" width=\"500\" height=\"500\" srcset=\"https:\/\/toidupakk.ee\/wp-content\/uploads\/2025\/10\/pakkawood-taskunuga-500x500.png 500w, https:\/\/toidupakk.ee\/wp-content\/uploads\/2025\/10\/pakkawood-taskunuga-300x300.png 300w, https:\/\/toidupakk.ee\/wp-content\/uploads\/2025\/10\/pakkawood-taskunuga-768x768.png 768w, https:\/\/toidupakk.ee\/wp-content\/uploads\/2025\/10\/pakkawood-taskunuga-400x400.png 400w, https:\/\/toidupakk.ee\/wp-content\/uploads\/2025\/10\/pakkawood-taskunuga-100x100.png 100w, https:\/\/toidupakk.ee\/wp-content\/uploads\/2025\/10\/pakkawood-taskunuga.png 800w\" sizes=\"(max-width: 500px) 100vw, 500px\" \/>Lenktinis peilis MIL-TEC\u00ae Pakkawood \u2013 patvarus, eleganti\u0161kas kasdienis palydovas<\/strong><\/h2>\n<p data-start=\"361\" data-end=\"733\">Jei ie\u0161kai patikimo, patvaraus ir kartu eleganti\u0161ko \u012frankio, <strong data-start=\"435\" data-end=\"467\">MIL-TEC\u00ae Pakkawood lenktinis peilis<\/strong> yra puikus pasirinkimas. \u0160is <strong data-start=\"494\" data-end=\"507\">lenktinis peilis<\/strong> idealiai tinka tiek kasdieniam naudojimui, tiek pasiimti \u012f \u017eygius, \u017evejyb\u0105 ar med\u017eiokl\u0119. Kompakti\u0161kas dizainas, kokybi\u0161kos med\u017eiagos ir patogus valdymas paver\u010dia \u0161\u012f peil\u012f patikimu palydovu tiek gamtoje, tiek mieste.  <\/p>\n<h4 data-start=\"735\" data-end=\"771\">Patvari gele\u017et\u0117 bet kokiai situacijai<\/h4>\n<p data-start=\"773\" data-end=\"1147\">\u0160io lenktinio peilio \u0161irdis \u2013 8 cm ilgio gele\u017et\u0117, pagaminta i\u0161 100 % ner\u016bdijan\u010dio plieno. Ner\u016bdijantis plienas \u017einomas d\u0117l savo atsparumo korozijai, tvirtumo ir a\u0161trumo, tod\u0117l tai puiki med\u017eiaga \u012franki\u0173 ir peili\u0173 gamybai. Gele\u017et\u0117 gerai pjauna ir ilgai i\u0161lieka a\u0161tri, nesvarbu, ar tau reikia atidaryti d\u0117\u017ees, nupjauti virv\u0119, ar paruo\u0161ti malkas lau\u017eui mi\u0161ke.  <\/p>\n<p data-start=\"1149\" data-end=\"1355\">Bendras atviro peilio ilgis yra 20 cm \u2013 tai rei\u0161kia, kad peilis yra pakankamai didelis, kad u\u017etikrint\u0173 tvirt\u0105 su\u0117mim\u0105 ir stabilum\u0105, ta\u010diau vis tiek pakankamai ma\u017eas, kad patogiai tilpt\u0173 ki\u0161en\u0117je ar prie dir\u017eo pritvirtintame d\u0117kle.<\/p>\n<h4 data-start=\"1357\" data-end=\"1402\">Eleganti\u0161ka ir patvari Pakkawood rankena<\/h4>\n<p data-start=\"1404\" data-end=\"1842\">MIL-TEC\u00ae lenktinio peilio rankena pagaminta i\u0161 ner\u016bdijan\u010dio plieno ir <strong data-start=\"1470\" data-end=\"1486\">Pakkawood<\/strong> \u2013 med\u017eiagos, apjungian\u010dios nat\u016bral\u0173 med\u017eio gro\u017e\u012f ir pramonin\u012f patvarum\u0105. Pakkawood yra sluoksniuota kietmed\u017eio mediena, apdorota auk\u0161tu sl\u0117giu ir impregnuota derva, kad b\u016bt\u0173 pasiektas maksimalus tvirtumas ir atsparumas dr\u0117gmei. Rezultatas \u2013 med\u017eiaga, kuri atrodo kaip prabangi nat\u016brali mediena, ta\u010diau atlaiko at\u0161iaurias s\u0105lygas, netr\u016bkin\u0117ja ir lengvai nesideformuoja.  <\/p>\n<p data-start=\"1844\" data-end=\"1998\">Toks derinys u\u017etikrina ilg\u0105 peilio tarnavimo laik\u0105 ir vizualin\u012f patrauklum\u0105 \u2013 kiekviena Pakkawood rankena turi \u0161iek tiek kitok\u012f ra\u0161t\u0105, tod\u0117l kiekvienas peilis yra unikalus.<\/p>\n<h4 data-start=\"2000\" data-end=\"2040\">Lenktinis peilis, tinkantis bet kokiai situacijai<\/h4>\n<p data-start=\"2042\" data-end=\"2376\">\u0160is <strong data-start=\"2046\" data-end=\"2059\">lenktinis peilis<\/strong> n\u0117ra tiesiog \u012frankis, tai patikimas palydovas, kuriuo gali pasikliauti. U\u017efiksuojama gele\u017et\u0117 u\u017etikrina saug\u0173 naudojim\u0105, o kompakti\u0161kas dizainas palengvina ne\u0161iojim\u0105si. Nesvarbu, ar \u017eygiuoji, stovyklauji, \u017evejoji, ar tiesiog esi kelyje, MIL-TEC\u00ae Pakkawood lenktinis peilis yra pasiruo\u0161\u0119s tave palaikyti kiekviename \u017eingsnyje.  <\/p>\n<p data-start=\"2378\" data-end=\"2633\">Nesvarbu, ar tau reikia peilio \u012franki\u0173 d\u0117\u017eei, \u017eygio kuprinei ar automobiliui \u2013 tai pasirinkimas, apjungiantis kokyb\u0119, patvarum\u0105 ir stili\u0173. MIL-TEC\u00ae gars\u0117ja savo patikima \u012franga, o \u0161is lenktinis peilis yra tikras j\u0173 atsidavimo kokybei pavyzdys. <\/p>\n<p data-start=\"2635\" data-end=\"2751\">Jei ie\u0161kai <strong data-start=\"2645\" data-end=\"2658\">lenktinio peilio<\/strong>, kuris tav\u0119s nenuvilt\u0173, rinkis MIL-TEC\u00ae Pakkawood \u2013 jis tvirtas, gra\u017eus ir paruo\u0161tas veiksmui.<\/p>\n<p>\u017di\u016br\u0117k daugiau \u017eygio preki\u0173  <a href=\"https:\/\/toidupakk.ee\/lt\/tootekategooria\/zygio-iranga\/#section-3-79\">\u010cIA<\/a><\/p>\n<p>Pasisemk \u012fkv\u0117pimo kitiems nuotykiams Toidupakk <a href=\"https:\/\/www.instagram.com\/toidupakk\/\">Instagram<\/a> ir <a href=\"https:\/\/www.facebook.com\/Toidupakk\/\">Facebook<\/a> paskyrose.<\/p>\n","protected":false},"excerpt":{"rendered":"<p data-start=\"170\" data-end=\"404\"><strong>Lenktinis peilis da\u017enai nuvertinamas, kol neatsiduriama situacijoje, kai jis tampa nepakei\u010diamas. Nesvarbu, ar b\u016btum mi\u0161ke, \u017eygyje, ar kasdien\u0117je sumai\u0161tyje, MIL-TEC\u00ae Pakkawood lenktinis peilis yra patikimas ir stilingas pasirinkimas, atlaikantis net ir sud\u0117tingas s\u0105lygas. <\/strong><\/p>\n<ul>\n<li data-start=\"408\" data-end=\"437\">Gele\u017et\u0117: 100 % ner\u016bdijantis plienas<\/li>\n<li data-start=\"440\" data-end=\"480\">Rankena: Pakkawood mediena ir ner\u016bdijantis plienas<\/li>\n<li data-start=\"483\" data-end=\"502\">Gele\u017et\u0117s ilgis: 8 cm<\/li>\n<li data-start=\"505\" data-end=\"524\">Bendras ilgis: 20 cm<\/li>\n<li data-start=\"527\" data-end=\"569\">U\u017efiksuojama gele\u017et\u0117 saugiam naudojimui<\/li>\n<li data-start=\"572\" data-end=\"620\">Klasikinis dizainas ir patvari konstrukcija<\/li>\n<\/ul>\n<p data-start=\"622\" data-end=\"704\">\u2705 Turime sand\u0117lyje, greitas pristatymas per 1\u20133 darbo dienas<\/p>\n","protected":false},"featured_media":39628,"comment_status":"open","ping_status":"closed","template":"","meta":{"_acf_changed":false},"product_brand":[],"product_cat":[193,227,210,189,190],"product_tag":[],"class_list":{"0":"post-45641","1":"product","2":"type-product","3":"status-publish","4":"has-post-thumbnail","6":"product_cat-karine-ekipuote","7":"product_cat-lenktiniai-ir-zygio-peiliai","8":"product_cat-mil-tec","9":"product_cat-zygio-iranga","10":"product_cat-zygio-prekes","12":"first","13":"instock","14":"taxable","15":"shipping-taxable","16":"purchasable","17":"product-type-simple"},"bundled_by":[],"bundle_stock_status":"instock","bundle_stock_quantity":5,"bundle_virtual":false,"bundle_layout":"","bundle_add_to_cart_form_location":"","bundle_editable_in_cart":false,"bundle_sold_individually_context":"","bundle_item_grouping":"","bundle_min_size":"","bundle_max_size":"","bundle_price":[],"bundled_items":[],"bundle_sell_ids":[],"acf":[],"yoast_head":"<!-- This site is optimized with the Yoast SEO plugin v27.3 - https:\/\/yoast.com\/product\/yoast-seo-wordpress\/ -->\n<title>Lenktinis peilis MIL-TEC\u00ae Pakkawood<\/title>\n<meta name=\"description\" content=\"MIL-TEC\u00ae Pakkawood lenktinis peilis yra patvarus ir stilingas pagalbininkas kasdieniam naudojimui, \u017eygiams ar med\u017eioklei. Ner\u016bdijan\u010dio plieno gele\u017et\u0117 ir eleganti\u0161ka Pakkawood rankena.\" \/>\n<meta name=\"robots\" content=\"index, follow, max-snippet:-1, max-image-preview:large, max-video-preview:-1\" \/>\n<link rel=\"canonical\" href=\"https:\/\/toidupakk.ee\/lt\/toode\/lenktinis-peilis-mil-tec-pakkawood\/\" \/>\n<meta property=\"og:locale\" content=\"lt_LT\" \/>\n<meta property=\"og:type\" content=\"article\" \/>\n<meta property=\"og:title\" content=\"Lenktinis peilis MIL-TEC\u00ae Pakkawood\" \/>\n<meta property=\"og:description\" content=\"MIL-TEC\u00ae Pakkawood lenktinis peilis yra patvarus ir stilingas pagalbininkas kasdieniam naudojimui, \u017eygiams ar med\u017eioklei. Ner\u016bdijan\u010dio plieno gele\u017et\u0117 ir eleganti\u0161ka Pakkawood rankena.\" \/>\n<meta property=\"og:url\" content=\"https:\/\/toidupakk.ee\/lt\/toode\/lenktinis-peilis-mil-tec-pakkawood\/\" \/>\n<meta property=\"og:site_name\" content=\"Toidupakk.ee - Tactical Foodpack toidupakid\" \/>\n<meta property=\"article:publisher\" content=\"https:\/\/www.facebook.com\/Toidupakk\" \/>\n<meta property=\"article:modified_time\" content=\"2026-04-16T06:30:24+00:00\" \/>\n<meta property=\"og:image\" content=\"https:\/\/toidupakk.ee\/wp-content\/uploads\/2025\/10\/pakkawood-taskunuga.png\" \/>\n\t<meta property=\"og:image:width\" content=\"800\" \/>\n\t<meta property=\"og:image:height\" content=\"800\" \/>\n\t<meta property=\"og:image:type\" content=\"image\/png\" \/>\n<meta name=\"twitter:card\" content=\"summary_large_image\" \/>\n<meta name=\"twitter:label1\" content=\"Est. reading time\" \/>\n\t<meta name=\"twitter:data1\" content=\"2 minut\u0117s\" \/>\n<script type=\"application\/ld+json\" class=\"yoast-schema-graph\">{\"@context\":\"https:\\\/\\\/schema.org\",\"@graph\":[{\"@type\":\"WebPage\",\"@id\":\"https:\\\/\\\/toidupakk.ee\\\/lt\\\/toode\\\/lenktinis-peilis-mil-tec-pakkawood\\\/\",\"url\":\"https:\\\/\\\/toidupakk.ee\\\/lt\\\/toode\\\/lenktinis-peilis-mil-tec-pakkawood\\\/\",\"name\":\"Lenktinis peilis MIL-TEC\u00ae Pakkawood\",\"isPartOf\":{\"@id\":\"https:\\\/\\\/toidupakk.ee\\\/lt\\\/#website\"},\"primaryImageOfPage\":{\"@id\":\"https:\\\/\\\/toidupakk.ee\\\/lt\\\/toode\\\/lenktinis-peilis-mil-tec-pakkawood\\\/#primaryimage\"},\"image\":{\"@id\":\"https:\\\/\\\/toidupakk.ee\\\/lt\\\/toode\\\/lenktinis-peilis-mil-tec-pakkawood\\\/#primaryimage\"},\"thumbnailUrl\":\"https:\\\/\\\/toidupakk.ee\\\/wp-content\\\/uploads\\\/2025\\\/10\\\/pakkawood-taskunuga.png\",\"datePublished\":\"2025-10-06T06:50:25+00:00\",\"dateModified\":\"2026-04-16T06:30:24+00:00\",\"description\":\"MIL-TEC\u00ae Pakkawood lenktinis peilis yra patvarus ir stilingas pagalbininkas kasdieniam naudojimui, \u017eygiams ar med\u017eioklei. Ner\u016bdijan\u010dio plieno gele\u017et\u0117 ir eleganti\u0161ka Pakkawood rankena.\",\"breadcrumb\":{\"@id\":\"https:\\\/\\\/toidupakk.ee\\\/lt\\\/toode\\\/lenktinis-peilis-mil-tec-pakkawood\\\/#breadcrumb\"},\"inLanguage\":\"lt-LT\",\"potentialAction\":[{\"@type\":\"ReadAction\",\"target\":[\"https:\\\/\\\/toidupakk.ee\\\/lt\\\/toode\\\/lenktinis-peilis-mil-tec-pakkawood\\\/\"]}]},{\"@type\":\"ImageObject\",\"inLanguage\":\"lt-LT\",\"@id\":\"https:\\\/\\\/toidupakk.ee\\\/lt\\\/toode\\\/lenktinis-peilis-mil-tec-pakkawood\\\/#primaryimage\",\"url\":\"https:\\\/\\\/toidupakk.ee\\\/wp-content\\\/uploads\\\/2025\\\/10\\\/pakkawood-taskunuga.png\",\"contentUrl\":\"https:\\\/\\\/toidupakk.ee\\\/wp-content\\\/uploads\\\/2025\\\/10\\\/pakkawood-taskunuga.png\",\"width\":800,\"height\":800,\"caption\":\"taskunuga pakkawood eesvaatest\"},{\"@type\":\"BreadcrumbList\",\"@id\":\"https:\\\/\\\/toidupakk.ee\\\/lt\\\/toode\\\/lenktinis-peilis-mil-tec-pakkawood\\\/#breadcrumb\",\"itemListElement\":[{\"@type\":\"ListItem\",\"position\":1,\"name\":\"Avaleht\",\"item\":\"https:\\\/\\\/toidupakk.ee\\\/lt\\\/\"},{\"@type\":\"ListItem\",\"position\":2,\"name\":\"El. parduotuv\u0117\",\"item\":\"https:\\\/\\\/toidupakk.ee\\\/lt\\\/el-parduotuve\\\/\"},{\"@type\":\"ListItem\",\"position\":3,\"name\":\"Lenktinis peilis MIL-TEC\u00ae Pakkawood\"}]},{\"@type\":\"WebSite\",\"@id\":\"https:\\\/\\\/toidupakk.ee\\\/lt\\\/#website\",\"url\":\"https:\\\/\\\/toidupakk.ee\\\/lt\\\/\",\"name\":\"Toidupakk.ee - Tactical Foodpack toidupakid\",\"description\":\"Tactical Foodpack k\u00fclmkuivatatud toidupakid ja matkaeined\",\"publisher\":{\"@id\":\"https:\\\/\\\/toidupakk.ee\\\/lt\\\/#organization\"},\"potentialAction\":[{\"@type\":\"SearchAction\",\"target\":{\"@type\":\"EntryPoint\",\"urlTemplate\":\"https:\\\/\\\/toidupakk.ee\\\/lt\\\/?s={search_term_string}\"},\"query-input\":{\"@type\":\"PropertyValueSpecification\",\"valueRequired\":true,\"valueName\":\"search_term_string\"}}],\"inLanguage\":\"lt-LT\"},{\"@type\":\"Organization\",\"@id\":\"https:\\\/\\\/toidupakk.ee\\\/lt\\\/#organization\",\"name\":\"Tactical Foodpack matkaeined\",\"url\":\"https:\\\/\\\/toidupakk.ee\\\/lt\\\/\",\"logo\":{\"@type\":\"ImageObject\",\"inLanguage\":\"lt-LT\",\"@id\":\"https:\\\/\\\/toidupakk.ee\\\/lt\\\/#\\\/schema\\\/logo\\\/image\\\/\",\"url\":\"https:\\\/\\\/toidupakk.ee\\\/wp-content\\\/uploads\\\/2022\\\/01\\\/Toidupakk-matkapood-logo-transparent.png\",\"contentUrl\":\"https:\\\/\\\/toidupakk.ee\\\/wp-content\\\/uploads\\\/2022\\\/01\\\/Toidupakk-matkapood-logo-transparent.png\",\"width\":500,\"height\":500,\"caption\":\"Tactical Foodpack matkaeined\"},\"image\":{\"@id\":\"https:\\\/\\\/toidupakk.ee\\\/lt\\\/#\\\/schema\\\/logo\\\/image\\\/\"},\"sameAs\":[\"https:\\\/\\\/www.facebook.com\\\/Toidupakk\",\"https:\\\/\\\/www.instagram.com\\\/toidupakk\\\/\"]}]}<\/script>\n<!-- \/ Yoast SEO plugin. -->","yoast_head_json":{"title":"Lenktinis peilis MIL-TEC\u00ae Pakkawood","description":"MIL-TEC\u00ae Pakkawood lenktinis peilis yra patvarus ir stilingas pagalbininkas kasdieniam naudojimui, \u017eygiams ar med\u017eioklei. Ner\u016bdijan\u010dio plieno gele\u017et\u0117 ir eleganti\u0161ka Pakkawood rankena.","robots":{"index":"index","follow":"follow","max-snippet":"max-snippet:-1","max-image-preview":"max-image-preview:large","max-video-preview":"max-video-preview:-1"},"canonical":"https:\/\/toidupakk.ee\/lt\/toode\/lenktinis-peilis-mil-tec-pakkawood\/","og_locale":"lt_LT","og_type":"article","og_title":"Lenktinis peilis MIL-TEC\u00ae Pakkawood","og_description":"MIL-TEC\u00ae Pakkawood lenktinis peilis yra patvarus ir stilingas pagalbininkas kasdieniam naudojimui, \u017eygiams ar med\u017eioklei. Ner\u016bdijan\u010dio plieno gele\u017et\u0117 ir eleganti\u0161ka Pakkawood rankena.","og_url":"https:\/\/toidupakk.ee\/lt\/toode\/lenktinis-peilis-mil-tec-pakkawood\/","og_site_name":"Toidupakk.ee - Tactical Foodpack toidupakid","article_publisher":"https:\/\/www.facebook.com\/Toidupakk","article_modified_time":"2026-04-16T06:30:24+00:00","og_image":[{"width":800,"height":800,"url":"https:\/\/toidupakk.ee\/wp-content\/uploads\/2025\/10\/pakkawood-taskunuga.png","type":"image\/png"}],"twitter_card":"summary_large_image","twitter_misc":{"Est. reading time":"2 minut\u0117s"},"schema":{"@context":"https:\/\/schema.org","@graph":[{"@type":"WebPage","@id":"https:\/\/toidupakk.ee\/lt\/toode\/lenktinis-peilis-mil-tec-pakkawood\/","url":"https:\/\/toidupakk.ee\/lt\/toode\/lenktinis-peilis-mil-tec-pakkawood\/","name":"Lenktinis peilis MIL-TEC\u00ae Pakkawood","isPartOf":{"@id":"https:\/\/toidupakk.ee\/lt\/#website"},"primaryImageOfPage":{"@id":"https:\/\/toidupakk.ee\/lt\/toode\/lenktinis-peilis-mil-tec-pakkawood\/#primaryimage"},"image":{"@id":"https:\/\/toidupakk.ee\/lt\/toode\/lenktinis-peilis-mil-tec-pakkawood\/#primaryimage"},"thumbnailUrl":"https:\/\/toidupakk.ee\/wp-content\/uploads\/2025\/10\/pakkawood-taskunuga.png","datePublished":"2025-10-06T06:50:25+00:00","dateModified":"2026-04-16T06:30:24+00:00","description":"MIL-TEC\u00ae Pakkawood lenktinis peilis yra patvarus ir stilingas pagalbininkas kasdieniam naudojimui, \u017eygiams ar med\u017eioklei. Ner\u016bdijan\u010dio plieno gele\u017et\u0117 ir eleganti\u0161ka Pakkawood rankena.","breadcrumb":{"@id":"https:\/\/toidupakk.ee\/lt\/toode\/lenktinis-peilis-mil-tec-pakkawood\/#breadcrumb"},"inLanguage":"lt-LT","potentialAction":[{"@type":"ReadAction","target":["https:\/\/toidupakk.ee\/lt\/toode\/lenktinis-peilis-mil-tec-pakkawood\/"]}]},{"@type":"ImageObject","inLanguage":"lt-LT","@id":"https:\/\/toidupakk.ee\/lt\/toode\/lenktinis-peilis-mil-tec-pakkawood\/#primaryimage","url":"https:\/\/toidupakk.ee\/wp-content\/uploads\/2025\/10\/pakkawood-taskunuga.png","contentUrl":"https:\/\/toidupakk.ee\/wp-content\/uploads\/2025\/10\/pakkawood-taskunuga.png","width":800,"height":800,"caption":"taskunuga pakkawood eesvaatest"},{"@type":"BreadcrumbList","@id":"https:\/\/toidupakk.ee\/lt\/toode\/lenktinis-peilis-mil-tec-pakkawood\/#breadcrumb","itemListElement":[{"@type":"ListItem","position":1,"name":"Avaleht","item":"https:\/\/toidupakk.ee\/lt\/"},{"@type":"ListItem","position":2,"name":"El. parduotuv\u0117","item":"https:\/\/toidupakk.ee\/lt\/el-parduotuve\/"},{"@type":"ListItem","position":3,"name":"Lenktinis peilis MIL-TEC\u00ae Pakkawood"}]},{"@type":"WebSite","@id":"https:\/\/toidupakk.ee\/lt\/#website","url":"https:\/\/toidupakk.ee\/lt\/","name":"Toidupakk.ee - Tactical Foodpack toidupakid","description":"Tactical Foodpack k\u00fclmkuivatatud toidupakid ja matkaeined","publisher":{"@id":"https:\/\/toidupakk.ee\/lt\/#organization"},"potentialAction":[{"@type":"SearchAction","target":{"@type":"EntryPoint","urlTemplate":"https:\/\/toidupakk.ee\/lt\/?s={search_term_string}"},"query-input":{"@type":"PropertyValueSpecification","valueRequired":true,"valueName":"search_term_string"}}],"inLanguage":"lt-LT"},{"@type":"Organization","@id":"https:\/\/toidupakk.ee\/lt\/#organization","name":"Tactical Foodpack matkaeined","url":"https:\/\/toidupakk.ee\/lt\/","logo":{"@type":"ImageObject","inLanguage":"lt-LT","@id":"https:\/\/toidupakk.ee\/lt\/#\/schema\/logo\/image\/","url":"https:\/\/toidupakk.ee\/wp-content\/uploads\/2022\/01\/Toidupakk-matkapood-logo-transparent.png","contentUrl":"https:\/\/toidupakk.ee\/wp-content\/uploads\/2022\/01\/Toidupakk-matkapood-logo-transparent.png","width":500,"height":500,"caption":"Tactical Foodpack matkaeined"},"image":{"@id":"https:\/\/toidupakk.ee\/lt\/#\/schema\/logo\/image\/"},"sameAs":["https:\/\/www.facebook.com\/Toidupakk","https:\/\/www.instagram.com\/toidupakk\/"]}]}},"jetpack_sharing_enabled":true,"_links":{"self":[{"href":"https:\/\/toidupakk.ee\/lt\/wp-json\/wp\/v2\/product\/45641","targetHints":{"allow":["GET"]}}],"collection":[{"href":"https:\/\/toidupakk.ee\/lt\/wp-json\/wp\/v2\/product"}],"about":[{"href":"https:\/\/toidupakk.ee\/lt\/wp-json\/wp\/v2\/types\/product"}],"replies":[{"embeddable":true,"href":"https:\/\/toidupakk.ee\/lt\/wp-json\/wp\/v2\/comments?post=45641"}],"wp:featuredmedia":[{"embeddable":true,"href":"https:\/\/toidupakk.ee\/lt\/wp-json\/wp\/v2\/media\/39628"}],"wp:attachment":[{"href":"https:\/\/toidupakk.ee\/lt\/wp-json\/wp\/v2\/media?parent=45641"}],"wp:term":[{"taxonomy":"product_brand","embeddable":true,"href":"https:\/\/toidupakk.ee\/lt\/wp-json\/wp\/v2\/product_brand?post=45641"},{"taxonomy":"product_cat","embeddable":true,"href":"https:\/\/toidupakk.ee\/lt\/wp-json\/wp\/v2\/product_cat?post=45641"},{"taxonomy":"product_tag","embeddable":true,"href":"https:\/\/toidupakk.ee\/lt\/wp-json\/wp\/v2\/product_tag?post=45641"}],"curies":[{"name":"wp","href":"https:\/\/api.w.org\/{rel}","templated":true}]}}