{"id":45631,"date":"2025-10-20T11:38:38","date_gmt":"2025-10-20T08:38:38","guid":{"rendered":"https:\/\/toidupakk.ee\/toode\/saules-moduliu-rinkinys-sandberg-30w\/"},"modified":"2026-04-14T23:30:28","modified_gmt":"2026-04-14T20:30:28","slug":"saules-moduliu-rinkinys-sandberg-30w","status":"publish","type":"product","link":"https:\/\/toidupakk.ee\/lt\/toode\/saules-moduliu-rinkinys-sandberg-30w\/","title":{"rendered":"Saul\u0117s moduli\u0173 rinkinys \u201eSandberg 30W\u201c"},"content":{"rendered":"<h2>\u201eSandberg 30W\u201c saul\u0117s modulis: patikima \u017ealioji energija bet kur<\/h2>\n<p data-start=\"148\" data-end=\"564\"><strong data-start=\"148\" data-end=\"178\">Sandberg 30W saul\u0117s modulis<\/strong> yra idealus palydovas visiems, vertinantiems <strong data-start=\"222\" data-end=\"243\">\u017eali\u0105j\u0105 energij\u0105<\/strong> ir ie\u0161kantiems patikimo sprendimo \u012frenginiams \u012fkrauti gamtoje. \u0160\u012f modul\u012f gali naudoti \u012fvairiems \u012frenginiams, pavyzd\u017eiui, <strong data-start=\"367\" data-end=\"385\">i\u0161maniesiems telefonams<\/strong>, <strong data-start=\"387\" data-end=\"405\">plan\u0161et\u0117ms<\/strong> ir <strong data-start=\"409\" data-end=\"423\">i\u0161orin\u0117ms baterijoms<\/strong> \u012fkrauti. D\u0117l <strong data-start=\"446\" data-end=\"490\">monokristalinio 30W saul\u0117s modulio<\/strong> tai efektyvus pasirinkimas, u\u017etikrinantis greit\u0105 \u012fkrovim\u0105 net ir esant silpnesnei saulei.  <\/p>\n<p data-start=\"566\" data-end=\"1095\">Modulio komponentai kruop\u0161\u010diai parinkti: jis <strong data-start=\"615\" data-end=\"642\">atitinka IP67 standart\u0105<\/strong>, o tai rei\u0161kia, kad yra ir <strong data-start=\"672\" data-end=\"685\">atsparus vandeniui<\/strong>, ir <strong data-start=\"693\" data-end=\"708\">atsparus dulk\u0117ms<\/strong>, tod\u0117l suteikia pasitik\u0117jimo net lyjant ar dulk\u0117tomis s\u0105lygomis. Speciali <strong data-start=\"784\" data-end=\"802\">ETFE danga<\/strong> u\u017etikrina modulio ilgaam\u017ei\u0161kum\u0105 ir maksimal\u0173 efektyvum\u0105, o lengva konstrukcija ir vos <strong data-start=\"917\" data-end=\"938\">700 gram\u0173 svoris<\/strong> paver\u010dia j\u012f patogiu palydovu visuose nuotykiuose. Nesvarbu, ar \u017eygiuoji, stovyklauji ar keliauji, \u0161is saul\u0117s modulis ras savo viet\u0105 bet kokiomis s\u0105lygomis.  <\/p>\n<p data-start=\"566\" data-end=\"1095\"><img fetchpriority=\"high\" decoding=\"async\" class=\"alignnone wp-image-40037 size-thumbnail\" src=\"https:\/\/toidupakk.ee\/wp-content\/uploads\/2025\/10\/421-19_lg_0-500x500.png\" alt=\"I\u0161skleistas saul\u0117s modulis\" width=\"500\" height=\"500\" srcset=\"https:\/\/toidupakk.ee\/wp-content\/uploads\/2025\/10\/421-19_lg_0-500x500.png 500w, https:\/\/toidupakk.ee\/wp-content\/uploads\/2025\/10\/421-19_lg_0-300x300.png 300w, https:\/\/toidupakk.ee\/wp-content\/uploads\/2025\/10\/421-19_lg_0-768x768.png 768w, https:\/\/toidupakk.ee\/wp-content\/uploads\/2025\/10\/421-19_lg_0-400x400.png 400w, https:\/\/toidupakk.ee\/wp-content\/uploads\/2025\/10\/421-19_lg_0-100x100.png 100w, https:\/\/toidupakk.ee\/wp-content\/uploads\/2025\/10\/421-19_lg_0.png 800w\" sizes=\"(max-width: 500px) 100vw, 500px\" \/><\/p>\n<p data-start=\"1097\" data-end=\"1622\">Saul\u0117s modulio dizainas kompakti\u0161kas ir prakti\u0161kas, nes jis yra <strong data-start=\"1159\" data-end=\"1174\">sulankstomas<\/strong>, tod\u0117l j\u012f lengva transportuoti ir laikyti. Nesvarbu, ar krauni \u012frenginius dien\u0105 \u017eygiuodamas, ar po dienos stovykloje, \u0161is modulis visada pad\u0117s u\u017etikrinti reikiam\u0105 energijos tiekim\u0105. Modulyje yra kelios skirtingos <strong data-start=\"1395\" data-end=\"1412\">i\u0161vesties jungtys<\/strong>, \u012fskaitant <strong data-start=\"1425\" data-end=\"1434\">USB-A<\/strong>, <strong data-start=\"1436\" data-end=\"1445\">USB-C<\/strong> ir <strong data-start=\"1449\" data-end=\"1455\">DC<\/strong>, leid\u017eian\u010dios vienu metu \u012fkrauti kelis \u012frenginius. Naudotis \u0161iuo prietaisu paprasta: prijunk savo \u012frengin\u012f prie modulio valdymo bloko ir leisk saulei atlikti savo darb\u0105.   <\/p>\n<p data-start=\"1097\" data-end=\"1622\"><img decoding=\"async\" class=\"alignnone wp-image-40040 size-thumbnail\" src=\"https:\/\/toidupakk.ee\/wp-content\/uploads\/2025\/10\/421-19_lg_3-500x500.png\" alt=\"Saul\u0117s modulio jungtys\" width=\"500\" height=\"500\" srcset=\"https:\/\/toidupakk.ee\/wp-content\/uploads\/2025\/10\/421-19_lg_3-500x500.png 500w, https:\/\/toidupakk.ee\/wp-content\/uploads\/2025\/10\/421-19_lg_3-300x300.png 300w, https:\/\/toidupakk.ee\/wp-content\/uploads\/2025\/10\/421-19_lg_3-768x768.png 768w, https:\/\/toidupakk.ee\/wp-content\/uploads\/2025\/10\/421-19_lg_3-400x400.png 400w, https:\/\/toidupakk.ee\/wp-content\/uploads\/2025\/10\/421-19_lg_3-100x100.png 100w, https:\/\/toidupakk.ee\/wp-content\/uploads\/2025\/10\/421-19_lg_3.png 800w\" sizes=\"(max-width: 500px) 100vw, 500px\" \/><\/p>\n<p data-start=\"1624\" data-end=\"2026\"><strong data-start=\"1624\" data-end=\"1654\">Sandberg 30W saul\u0117s modulis<\/strong> skirtas naudoti visose aplinkose, kur n\u0117ra <strong data-start=\"1706\" data-end=\"1722\">elektros tinklo<\/strong>. Jo <strong data-start=\"1737\" data-end=\"1750\">vandeniui atsparus<\/strong> ir patvarus dizainas paver\u010dia j\u012f idealiu sprendimu visoms laisvalaikio veikloms, kur saul\u0117s energija gali b\u016bti vienintelis energijos \u0161altinis. Jei ie\u0161kai patikimo ir <strong data-start=\"1920\" data-end=\"1953\">ekologi\u0161ko sprendimo<\/strong>, <strong data-start=\"1963\" data-end=\"1993\">Sandberg 30W saul\u0117s modulis<\/strong> yra puikus pasirinkimas kiekvienam nuotykiui.  <\/p>\n<h4 data-start=\"1624\" data-end=\"2026\"><img decoding=\"async\" class=\"alignnone wp-image-40038 size-thumbnail\" src=\"https:\/\/toidupakk.ee\/wp-content\/uploads\/2025\/10\/421-19_lg_1-500x500.png\" alt=\"Sulankstytas saul\u0117s modulis\" width=\"500\" height=\"500\" srcset=\"https:\/\/toidupakk.ee\/wp-content\/uploads\/2025\/10\/421-19_lg_1-500x500.png 500w, https:\/\/toidupakk.ee\/wp-content\/uploads\/2025\/10\/421-19_lg_1-300x300.png 300w, https:\/\/toidupakk.ee\/wp-content\/uploads\/2025\/10\/421-19_lg_1-768x768.png 768w, https:\/\/toidupakk.ee\/wp-content\/uploads\/2025\/10\/421-19_lg_1-400x400.png 400w, https:\/\/toidupakk.ee\/wp-content\/uploads\/2025\/10\/421-19_lg_1-100x100.png 100w, https:\/\/toidupakk.ee\/wp-content\/uploads\/2025\/10\/421-19_lg_1.png 800w\" sizes=\"(max-width: 500px) 100vw, 500px\" \/><\/h4>\n<h4 data-start=\"2028\" data-end=\"2050\"><strong data-start=\"2028\" data-end=\"2050\">Techniniai duomenys<\/strong><\/h4>\n<ul>\n<li data-start=\"2054\" data-end=\"2096\"><strong data-start=\"2054\" data-end=\"2072\">Saul\u0117s modulis:<\/strong> 30 W (monokristalinis)<\/li>\n<li data-start=\"2099\" data-end=\"2133\"><strong data-start=\"2099\" data-end=\"2128\">Atsparumas vandeniui ir dulk\u0117ms:<\/strong> IP67<\/li>\n<li data-start=\"2136\" data-end=\"2168\"><strong data-start=\"2136\" data-end=\"2155\">Konstrukcija:<\/strong> su ETFE danga<\/li>\n<li data-start=\"2171\" data-end=\"2275\"><strong data-start=\"2171\" data-end=\"2189\">I\u0161vesties jungtys:<\/strong> USB-A (5 V \/ 3,4 A, 9 V \/ 2,5 A, 12 V \/ 2 A), USB-C (5 V \/ 3 A, 9 V \/ 2,2 A, 12 V \/ 1,67 A), DC (16,5 V \/ 1,82 A)<\/li>\n<li data-start=\"2278\" data-end=\"2312\"><strong data-start=\"2278\" data-end=\"2297\">Darbin\u0117 temperat\u016bra:<\/strong> nuo -10 \u2103 iki +65 \u2103<\/li>\n<li data-start=\"2315\" data-end=\"2330\"><strong data-start=\"2315\" data-end=\"2324\">Svoris:<\/strong> 700 g<\/li>\n<li data-start=\"2333\" data-end=\"2374\"><strong data-start=\"2333\" data-end=\"2357\">Matmenys i\u0161skleidus:<\/strong> 620 x 345 x 5 mm<\/li>\n<li data-start=\"2377\" data-end=\"2419\"><strong data-start=\"2377\" data-end=\"2401\">Matmenys sulanks\u010dius:<\/strong> 345 x 205 x 30 mm<\/li>\n<\/ul>\n<p>&nbsp;<\/p>\n<p>Pasisemk \u012fkv\u0117pimo kitiems nuotykiams \u201eToidupakk\u201c <a href=\"https:\/\/www.instagram.com\/toidupakk\/\">Instagram<\/a> ir <a href=\"https:\/\/www.facebook.com\/Toidupakk\/\">Facebook<\/a> paskyrose.<\/p>\n<p>\u017di\u016br\u0117k prekes \u017eygiams <a href=\"https:\/\/toidupakk.ee\/lt\/tootekategooria\/zygio-iranga\/#section-3-79\">\u010cIA<\/a>.<\/p>\n","protected":false},"excerpt":{"rendered":"<p data-start=\"92\" data-end=\"651\"><strong>\u201eSandberg 30W\u201c saul\u0117s modulis yra kompakti\u0161kas ir vandeniui atsparus energijos sprendimas, leid\u017eiantis gamtoje \u012fkrauti i\u0161maniuosius telefonus, plan\u0161etes ir kitus \u012frenginius. Modulis \u012fkrauna \u012frenginius tiesiogiai saul\u0117s energija ir turi USB-A, USB-C bei DC jungtis. D\u0117l sulankstomo dizaino j\u012f patogu ne\u0161iotis. IP67 atsparumo vandeniui konstrukcija u\u017etikrina patikimum\u0105 net lyjant ar dulk\u0117toje aplinkoje. Modulis yra idealus pasirinkimas \u017eygiams, stovyklavimui ir naudojimui lauke, suteikiantis \u017eali\u0105j\u0105 energij\u0105 bet kuriuo metu ir bet kurioje vietoje.    <\/strong><\/p>\n<ul>\n<li data-start=\"655\" data-end=\"695\">Saul\u0117s modulis: 30 W monokristalinis<\/li>\n<li data-start=\"698\" data-end=\"732\">Atsparus vandeniui ir dulk\u0117ms: IP67<\/li>\n<li data-start=\"735\" data-end=\"750\">Svoris: 700 g<\/li>\n<li data-start=\"753\" data-end=\"788\">Kompakti\u0161kas ir sulankstomas dizainas<\/li>\n<li data-start=\"791\" data-end=\"836\">\u012evairios \u012fkrovimo jungtys: USB-A, USB-C, DC<\/li>\n<li data-start=\"791\" data-end=\"836\">Gamintojo garantija: 5 m.<\/li>\n<\/ul>\n<p data-start=\"838\" data-end=\"928\">\u2705 Turime sand\u0117lyje, greitas pristatymas per 1\u20133 d. d.<br data-start=\"883\" data-end=\"886\">\u2705 Pirk dabar, mok\u0117k v\u0117liau (pal\u016bkanos 0 %)<\/p>\n","protected":false},"featured_media":45636,"comment_status":"open","ping_status":"closed","template":"","meta":{"_acf_changed":false},"product_brand":[],"product_cat":[207,226,200,189,190],"product_tag":[],"class_list":{"0":"post-45631","1":"product","2":"type-product","3":"status-publish","4":"has-post-thumbnail","6":"product_cat-elektronika","7":"product_cat-irenginiai-su-saules-moduliais","8":"product_cat-praktiskos-dovanu-idejos","9":"product_cat-zygio-iranga","10":"product_cat-zygio-prekes","12":"first","13":"onbackorder","14":"sale","15":"taxable","16":"shipping-taxable","17":"purchasable","18":"product-type-simple"},"bundled_by":[],"bundle_stock_status":"onbackorder","bundle_stock_quantity":-1,"bundle_virtual":false,"bundle_layout":"","bundle_add_to_cart_form_location":"","bundle_editable_in_cart":false,"bundle_sold_individually_context":"","bundle_item_grouping":"","bundle_min_size":"","bundle_max_size":"","bundle_price":[],"bundled_items":[],"bundle_sell_ids":[],"acf":[],"yoast_head":"<!-- This site is optimized with the Yoast SEO plugin v27.3 - https:\/\/yoast.com\/product\/yoast-seo-wordpress\/ -->\n<title>Saul\u0117s moduli\u0173 rinkinys \u201eSandberg 30W\u201c<\/title>\n<meta name=\"description\" content=\"Saul\u0117s modulis \u201eSandberg 30W\u201c \u2013 tai vandeniui atsparus ir kompakti\u0161kas energijos sprendimas, leid\u017eiantis greitai ir efektyviai \u012fkrauti \u012frenginius gamtoje.\" \/>\n<meta name=\"robots\" content=\"index, follow, max-snippet:-1, max-image-preview:large, max-video-preview:-1\" \/>\n<link rel=\"canonical\" href=\"https:\/\/toidupakk.ee\/lt\/toode\/saules-moduliu-rinkinys-sandberg-30w\/\" \/>\n<meta property=\"og:locale\" content=\"lt_LT\" \/>\n<meta property=\"og:type\" content=\"article\" \/>\n<meta property=\"og:title\" content=\"Saul\u0117s moduli\u0173 rinkinys \u201eSandberg 30W\u201c\" \/>\n<meta property=\"og:description\" content=\"Saul\u0117s modulis \u201eSandberg 30W\u201c \u2013 tai vandeniui atsparus ir kompakti\u0161kas energijos sprendimas, leid\u017eiantis greitai ir efektyviai \u012fkrauti \u012frenginius gamtoje.\" \/>\n<meta property=\"og:url\" content=\"https:\/\/toidupakk.ee\/lt\/toode\/saules-moduliu-rinkinys-sandberg-30w\/\" \/>\n<meta property=\"og:site_name\" content=\"Toidupakk.ee - Tactical Foodpack toidupakid\" \/>\n<meta property=\"article:publisher\" content=\"https:\/\/www.facebook.com\/Toidupakk\" \/>\n<meta property=\"article:modified_time\" content=\"2026-04-14T20:30:28+00:00\" \/>\n<meta property=\"og:image\" content=\"https:\/\/toidupakk.ee\/wp-content\/uploads\/2025\/10\/421-19_lg.png\" \/>\n\t<meta property=\"og:image:width\" content=\"800\" \/>\n\t<meta property=\"og:image:height\" content=\"800\" \/>\n\t<meta property=\"og:image:type\" content=\"image\/png\" \/>\n<meta name=\"twitter:card\" content=\"summary_large_image\" \/>\n<meta name=\"twitter:label1\" content=\"Est. reading time\" \/>\n\t<meta name=\"twitter:data1\" content=\"2 minut\u0117s\" \/>\n<script type=\"application\/ld+json\" class=\"yoast-schema-graph\">{\"@context\":\"https:\\\/\\\/schema.org\",\"@graph\":[{\"@type\":\"WebPage\",\"@id\":\"https:\\\/\\\/toidupakk.ee\\\/lt\\\/toode\\\/saules-moduliu-rinkinys-sandberg-30w\\\/\",\"url\":\"https:\\\/\\\/toidupakk.ee\\\/lt\\\/toode\\\/saules-moduliu-rinkinys-sandberg-30w\\\/\",\"name\":\"Saul\u0117s moduli\u0173 rinkinys \u201eSandberg 30W\u201c\",\"isPartOf\":{\"@id\":\"https:\\\/\\\/toidupakk.ee\\\/lt\\\/#website\"},\"primaryImageOfPage\":{\"@id\":\"https:\\\/\\\/toidupakk.ee\\\/lt\\\/toode\\\/saules-moduliu-rinkinys-sandberg-30w\\\/#primaryimage\"},\"image\":{\"@id\":\"https:\\\/\\\/toidupakk.ee\\\/lt\\\/toode\\\/saules-moduliu-rinkinys-sandberg-30w\\\/#primaryimage\"},\"thumbnailUrl\":\"https:\\\/\\\/toidupakk.ee\\\/wp-content\\\/uploads\\\/2025\\\/10\\\/421-19_lg.png\",\"datePublished\":\"2025-10-20T08:38:38+00:00\",\"dateModified\":\"2026-04-14T20:30:28+00:00\",\"description\":\"Saul\u0117s modulis \u201eSandberg 30W\u201c \u2013 tai vandeniui atsparus ir kompakti\u0161kas energijos sprendimas, leid\u017eiantis greitai ir efektyviai \u012fkrauti \u012frenginius gamtoje.\",\"breadcrumb\":{\"@id\":\"https:\\\/\\\/toidupakk.ee\\\/lt\\\/toode\\\/saules-moduliu-rinkinys-sandberg-30w\\\/#breadcrumb\"},\"inLanguage\":\"lt-LT\",\"potentialAction\":[{\"@type\":\"ReadAction\",\"target\":[\"https:\\\/\\\/toidupakk.ee\\\/lt\\\/toode\\\/saules-moduliu-rinkinys-sandberg-30w\\\/\"]}]},{\"@type\":\"ImageObject\",\"inLanguage\":\"lt-LT\",\"@id\":\"https:\\\/\\\/toidupakk.ee\\\/lt\\\/toode\\\/saules-moduliu-rinkinys-sandberg-30w\\\/#primaryimage\",\"url\":\"https:\\\/\\\/toidupakk.ee\\\/wp-content\\\/uploads\\\/2025\\\/10\\\/421-19_lg.png\",\"contentUrl\":\"https:\\\/\\\/toidupakk.ee\\\/wp-content\\\/uploads\\\/2025\\\/10\\\/421-19_lg.png\",\"width\":800,\"height\":800,\"caption\":\"Ma\u017eiau i\u0161skleistas saul\u0117s modulis\"},{\"@type\":\"BreadcrumbList\",\"@id\":\"https:\\\/\\\/toidupakk.ee\\\/lt\\\/toode\\\/saules-moduliu-rinkinys-sandberg-30w\\\/#breadcrumb\",\"itemListElement\":[{\"@type\":\"ListItem\",\"position\":1,\"name\":\"Avaleht\",\"item\":\"https:\\\/\\\/toidupakk.ee\\\/lt\\\/\"},{\"@type\":\"ListItem\",\"position\":2,\"name\":\"El. parduotuv\u0117\",\"item\":\"https:\\\/\\\/toidupakk.ee\\\/lt\\\/el-parduotuve\\\/\"},{\"@type\":\"ListItem\",\"position\":3,\"name\":\"Saul\u0117s moduli\u0173 rinkinys \u201eSandberg 30W\u201c\"}]},{\"@type\":\"WebSite\",\"@id\":\"https:\\\/\\\/toidupakk.ee\\\/lt\\\/#website\",\"url\":\"https:\\\/\\\/toidupakk.ee\\\/lt\\\/\",\"name\":\"Toidupakk.ee - Tactical Foodpack toidupakid\",\"description\":\"Tactical Foodpack k\u00fclmkuivatatud toidupakid ja matkaeined\",\"publisher\":{\"@id\":\"https:\\\/\\\/toidupakk.ee\\\/lt\\\/#organization\"},\"potentialAction\":[{\"@type\":\"SearchAction\",\"target\":{\"@type\":\"EntryPoint\",\"urlTemplate\":\"https:\\\/\\\/toidupakk.ee\\\/lt\\\/?s={search_term_string}\"},\"query-input\":{\"@type\":\"PropertyValueSpecification\",\"valueRequired\":true,\"valueName\":\"search_term_string\"}}],\"inLanguage\":\"lt-LT\"},{\"@type\":\"Organization\",\"@id\":\"https:\\\/\\\/toidupakk.ee\\\/lt\\\/#organization\",\"name\":\"Tactical Foodpack matkaeined\",\"url\":\"https:\\\/\\\/toidupakk.ee\\\/lt\\\/\",\"logo\":{\"@type\":\"ImageObject\",\"inLanguage\":\"lt-LT\",\"@id\":\"https:\\\/\\\/toidupakk.ee\\\/lt\\\/#\\\/schema\\\/logo\\\/image\\\/\",\"url\":\"https:\\\/\\\/toidupakk.ee\\\/wp-content\\\/uploads\\\/2022\\\/01\\\/Toidupakk-matkapood-logo-transparent.png\",\"contentUrl\":\"https:\\\/\\\/toidupakk.ee\\\/wp-content\\\/uploads\\\/2022\\\/01\\\/Toidupakk-matkapood-logo-transparent.png\",\"width\":500,\"height\":500,\"caption\":\"Tactical Foodpack matkaeined\"},\"image\":{\"@id\":\"https:\\\/\\\/toidupakk.ee\\\/lt\\\/#\\\/schema\\\/logo\\\/image\\\/\"},\"sameAs\":[\"https:\\\/\\\/www.facebook.com\\\/Toidupakk\",\"https:\\\/\\\/www.instagram.com\\\/toidupakk\\\/\"]}]}<\/script>\n<!-- \/ Yoast SEO plugin. -->","yoast_head_json":{"title":"Saul\u0117s moduli\u0173 rinkinys \u201eSandberg 30W\u201c","description":"Saul\u0117s modulis \u201eSandberg 30W\u201c \u2013 tai vandeniui atsparus ir kompakti\u0161kas energijos sprendimas, leid\u017eiantis greitai ir efektyviai \u012fkrauti \u012frenginius gamtoje.","robots":{"index":"index","follow":"follow","max-snippet":"max-snippet:-1","max-image-preview":"max-image-preview:large","max-video-preview":"max-video-preview:-1"},"canonical":"https:\/\/toidupakk.ee\/lt\/toode\/saules-moduliu-rinkinys-sandberg-30w\/","og_locale":"lt_LT","og_type":"article","og_title":"Saul\u0117s moduli\u0173 rinkinys \u201eSandberg 30W\u201c","og_description":"Saul\u0117s modulis \u201eSandberg 30W\u201c \u2013 tai vandeniui atsparus ir kompakti\u0161kas energijos sprendimas, leid\u017eiantis greitai ir efektyviai \u012fkrauti \u012frenginius gamtoje.","og_url":"https:\/\/toidupakk.ee\/lt\/toode\/saules-moduliu-rinkinys-sandberg-30w\/","og_site_name":"Toidupakk.ee - Tactical Foodpack toidupakid","article_publisher":"https:\/\/www.facebook.com\/Toidupakk","article_modified_time":"2026-04-14T20:30:28+00:00","og_image":[{"width":800,"height":800,"url":"https:\/\/toidupakk.ee\/wp-content\/uploads\/2025\/10\/421-19_lg.png","type":"image\/png"}],"twitter_card":"summary_large_image","twitter_misc":{"Est. reading time":"2 minut\u0117s"},"schema":{"@context":"https:\/\/schema.org","@graph":[{"@type":"WebPage","@id":"https:\/\/toidupakk.ee\/lt\/toode\/saules-moduliu-rinkinys-sandberg-30w\/","url":"https:\/\/toidupakk.ee\/lt\/toode\/saules-moduliu-rinkinys-sandberg-30w\/","name":"Saul\u0117s moduli\u0173 rinkinys \u201eSandberg 30W\u201c","isPartOf":{"@id":"https:\/\/toidupakk.ee\/lt\/#website"},"primaryImageOfPage":{"@id":"https:\/\/toidupakk.ee\/lt\/toode\/saules-moduliu-rinkinys-sandberg-30w\/#primaryimage"},"image":{"@id":"https:\/\/toidupakk.ee\/lt\/toode\/saules-moduliu-rinkinys-sandberg-30w\/#primaryimage"},"thumbnailUrl":"https:\/\/toidupakk.ee\/wp-content\/uploads\/2025\/10\/421-19_lg.png","datePublished":"2025-10-20T08:38:38+00:00","dateModified":"2026-04-14T20:30:28+00:00","description":"Saul\u0117s modulis \u201eSandberg 30W\u201c \u2013 tai vandeniui atsparus ir kompakti\u0161kas energijos sprendimas, leid\u017eiantis greitai ir efektyviai \u012fkrauti \u012frenginius gamtoje.","breadcrumb":{"@id":"https:\/\/toidupakk.ee\/lt\/toode\/saules-moduliu-rinkinys-sandberg-30w\/#breadcrumb"},"inLanguage":"lt-LT","potentialAction":[{"@type":"ReadAction","target":["https:\/\/toidupakk.ee\/lt\/toode\/saules-moduliu-rinkinys-sandberg-30w\/"]}]},{"@type":"ImageObject","inLanguage":"lt-LT","@id":"https:\/\/toidupakk.ee\/lt\/toode\/saules-moduliu-rinkinys-sandberg-30w\/#primaryimage","url":"https:\/\/toidupakk.ee\/wp-content\/uploads\/2025\/10\/421-19_lg.png","contentUrl":"https:\/\/toidupakk.ee\/wp-content\/uploads\/2025\/10\/421-19_lg.png","width":800,"height":800,"caption":"Ma\u017eiau i\u0161skleistas saul\u0117s modulis"},{"@type":"BreadcrumbList","@id":"https:\/\/toidupakk.ee\/lt\/toode\/saules-moduliu-rinkinys-sandberg-30w\/#breadcrumb","itemListElement":[{"@type":"ListItem","position":1,"name":"Avaleht","item":"https:\/\/toidupakk.ee\/lt\/"},{"@type":"ListItem","position":2,"name":"El. parduotuv\u0117","item":"https:\/\/toidupakk.ee\/lt\/el-parduotuve\/"},{"@type":"ListItem","position":3,"name":"Saul\u0117s moduli\u0173 rinkinys \u201eSandberg 30W\u201c"}]},{"@type":"WebSite","@id":"https:\/\/toidupakk.ee\/lt\/#website","url":"https:\/\/toidupakk.ee\/lt\/","name":"Toidupakk.ee - Tactical Foodpack toidupakid","description":"Tactical Foodpack k\u00fclmkuivatatud toidupakid ja matkaeined","publisher":{"@id":"https:\/\/toidupakk.ee\/lt\/#organization"},"potentialAction":[{"@type":"SearchAction","target":{"@type":"EntryPoint","urlTemplate":"https:\/\/toidupakk.ee\/lt\/?s={search_term_string}"},"query-input":{"@type":"PropertyValueSpecification","valueRequired":true,"valueName":"search_term_string"}}],"inLanguage":"lt-LT"},{"@type":"Organization","@id":"https:\/\/toidupakk.ee\/lt\/#organization","name":"Tactical Foodpack matkaeined","url":"https:\/\/toidupakk.ee\/lt\/","logo":{"@type":"ImageObject","inLanguage":"lt-LT","@id":"https:\/\/toidupakk.ee\/lt\/#\/schema\/logo\/image\/","url":"https:\/\/toidupakk.ee\/wp-content\/uploads\/2022\/01\/Toidupakk-matkapood-logo-transparent.png","contentUrl":"https:\/\/toidupakk.ee\/wp-content\/uploads\/2022\/01\/Toidupakk-matkapood-logo-transparent.png","width":500,"height":500,"caption":"Tactical Foodpack matkaeined"},"image":{"@id":"https:\/\/toidupakk.ee\/lt\/#\/schema\/logo\/image\/"},"sameAs":["https:\/\/www.facebook.com\/Toidupakk","https:\/\/www.instagram.com\/toidupakk\/"]}]}},"jetpack_sharing_enabled":true,"_links":{"self":[{"href":"https:\/\/toidupakk.ee\/lt\/wp-json\/wp\/v2\/product\/45631","targetHints":{"allow":["GET"]}}],"collection":[{"href":"https:\/\/toidupakk.ee\/lt\/wp-json\/wp\/v2\/product"}],"about":[{"href":"https:\/\/toidupakk.ee\/lt\/wp-json\/wp\/v2\/types\/product"}],"replies":[{"embeddable":true,"href":"https:\/\/toidupakk.ee\/lt\/wp-json\/wp\/v2\/comments?post=45631"}],"wp:featuredmedia":[{"embeddable":true,"href":"https:\/\/toidupakk.ee\/lt\/wp-json\/wp\/v2\/media\/45636"}],"wp:attachment":[{"href":"https:\/\/toidupakk.ee\/lt\/wp-json\/wp\/v2\/media?parent=45631"}],"wp:term":[{"taxonomy":"product_brand","embeddable":true,"href":"https:\/\/toidupakk.ee\/lt\/wp-json\/wp\/v2\/product_brand?post=45631"},{"taxonomy":"product_cat","embeddable":true,"href":"https:\/\/toidupakk.ee\/lt\/wp-json\/wp\/v2\/product_cat?post=45631"},{"taxonomy":"product_tag","embeddable":true,"href":"https:\/\/toidupakk.ee\/lt\/wp-json\/wp\/v2\/product_tag?post=45631"}],"curies":[{"name":"wp","href":"https:\/\/api.w.org\/{rel}","templated":true}]}}