{"id":45586,"date":"2025-11-20T11:37:27","date_gmt":"2025-11-20T09:37:27","guid":{"rendered":"https:\/\/toidupakk.ee\/toode\/beanie-tipo-kepure-mil-tec-camo\/"},"modified":"2026-04-03T22:01:10","modified_gmt":"2026-04-03T19:01:10","slug":"beanie-tipo-kepure-mil-tec-camo","status":"publish","type":"product","link":"https:\/\/toidupakk.ee\/lt\/toode\/beanie-tipo-kepure-mil-tec-camo\/","title":{"rendered":"\u201eBeanie\u201c tipo kepur\u0117 MIL-TEC\u00ae Camo"},"content":{"rendered":"<p data-start=\"51\" data-end=\"424\"><strong data-start=\"68\" data-end=\"97\">\u201eBeanie\u201c tipo kepur\u0117 MIL-TEC\u00ae Camo<\/strong> yra paprasta ir prakti\u0161ka megzta kepur\u0117, puikiai tinkanti tiek kasdienai, tiek aktyviam laisvalaikiui gryname ore. Lengva konstrukcija maloniai \u0161ildo galv\u0105, o elastingas akrilo audinys gerai tempiasi, tod\u0117l kepur\u0117 patogiai laikosi nespausdama. <\/p>\n<p data-start=\"426\" data-end=\"639\">Klasikinis <em data-start=\"439\" data-end=\"449\">woodland<\/em> kamuflia\u017eo ra\u0161tas suteikia kepurei b\u016bding\u0105 karin\u012f stili\u0173, kuris tinka \u017eygeiviams, dirbantiems lauke bei vertinantiems prakti\u0161k\u0105 ir sporti\u0161k\u0105 \u012fvaizd\u012f mieste.<\/p>\n<p data-start=\"641\" data-end=\"809\" data-is-last-node=\"\" data-is-only-node=\"\">Kepur\u0117 pagaminta i\u0161 100 % akrilo, j\u0105 suk\u016br\u0117 \u201eMil-Tec\u201c \u2013 prek\u0117s \u017eenklas, \u017einomas d\u0117l savo patikimos, patvarios ir funkcionalios \u012frangos.<\/p>\n<p data-start=\"482\" data-end=\"630\" data-is-last-node=\"\" data-is-only-node=\"\"><img fetchpriority=\"high\" decoding=\"async\" class=\"alignright wp-image-42530 size-thumbnail\" src=\"https:\/\/toidupakk.ee\/wp-content\/uploads\/2025\/11\/Nimetu-kujundus-1-500x500.png\" alt=\"\u201eBeanie\u201c tipo kepur\u0117 MIL-TEC\u00ae Camo yra lengva ir \u0161ilta megzta kepur\u0117, kuri patogiai priglunda ir tinka tiek kasdieniam ne\u0161iojimui, tiek veiklai lauke. \" width=\"500\" height=\"500\" srcset=\"https:\/\/toidupakk.ee\/wp-content\/uploads\/2025\/11\/Nimetu-kujundus-1-500x500.png 500w, https:\/\/toidupakk.ee\/wp-content\/uploads\/2025\/11\/Nimetu-kujundus-1-300x300.png 300w, https:\/\/toidupakk.ee\/wp-content\/uploads\/2025\/11\/Nimetu-kujundus-1-768x768.png 768w, https:\/\/toidupakk.ee\/wp-content\/uploads\/2025\/11\/Nimetu-kujundus-1-400x400.png 400w, https:\/\/toidupakk.ee\/wp-content\/uploads\/2025\/11\/Nimetu-kujundus-1-100x100.png 100w, https:\/\/toidupakk.ee\/wp-content\/uploads\/2025\/11\/Nimetu-kujundus-1-50x50.png 50w, https:\/\/toidupakk.ee\/wp-content\/uploads\/2025\/11\/Nimetu-kujundus-1.png 800w\" sizes=\"(max-width: 500px) 100vw, 500px\" \/><\/p>\n<p>Domiesi \u017eygio reikmenimis? Su\u017einok daugiau <a href=\"https:\/\/toidupakk.ee\/lt\/tootekategooria\/zygio-iranga\/#section-3-79\">\u010cIA<\/a><\/p>\n<p>O gal domina \u017eygio maistas? \u017di\u016br\u0117k <a href=\"https:\/\/toidupakk.ee\/tootekategooria\/matkatoidud\/pearoad\/\">\u010cIA<\/a><\/p>\n<p>Pasisemk \u012fkv\u0117pimo kitiems nuotykiams \u201eToidupakk\u201c <a href=\"https:\/\/www.instagram.com\/toidupakk\/\">Instagram<\/a> ir <a href=\"https:\/\/www.facebook.com\/Toidupakk\/\">Facebook<\/a> paskyrose.<\/p>\n<p>&nbsp;<\/p>\n","protected":false},"excerpt":{"rendered":"<p><strong>Lengva ir patogi MIL-TEC\u00ae megzta kepur\u0117. Lengva konstrukcija efektyviai sulaiko \u0161ilum\u0105, o elastingas akrilas u\u017etikrina komfort\u0105. Pagaminta i\u0161 patvaraus 100 % akrilo, tinka ne\u0161ioti tiek mieste, tiek gamtoje. <\/strong><\/p>\n<ul>\n<li>Vienas dydis (universalus)<\/li>\n<li>MIL-TEC\u00ae prek\u0117s \u017eenklas<\/li>\n<\/ul>\n<p>\u2705 Turime sand\u0117lyje, greitas pristatymas per 1\u20133 d. d.<\/p>\n<p>\u2705 NEMOKAMAS gr\u0105\u017einimas ir keitimas, jei netinka dydis<\/p>\n<p><img decoding=\"async\" class=\"alignleft wp-image-42529\" src=\"https:\/\/toidupakk.ee\/wp-content\/uploads\/2025\/11\/miltec-300x79.png\" alt=\"\" width=\"200\" height=\"53\" srcset=\"https:\/\/toidupakk.ee\/wp-content\/uploads\/2025\/11\/miltec-300x79.png 300w, https:\/\/toidupakk.ee\/wp-content\/uploads\/2025\/11\/miltec.png 340w\" sizes=\"(max-width: 200px) 100vw, 200px\" \/><\/p>\n","protected":false},"featured_media":42531,"comment_status":"open","ping_status":"closed","template":"","meta":{"_acf_changed":false},"product_brand":[],"product_cat":[191,221,210,199,189,190],"product_tag":[194],"class_list":{"0":"post-45586","1":"product","2":"type-product","3":"status-publish","4":"has-post-thumbnail","6":"product_cat-drabuziai","7":"product_cat-kepures","8":"product_cat-mil-tec","9":"product_cat-ziemos-prekes","10":"product_cat-zygio-iranga","11":"product_cat-zygio-prekes","12":"product_tag-no_ads","14":"first","15":"instock","16":"taxable","17":"shipping-taxable","18":"purchasable","19":"product-type-simple"},"bundled_by":[],"bundle_stock_status":"instock","bundle_stock_quantity":9,"bundle_virtual":false,"bundle_layout":"","bundle_add_to_cart_form_location":"","bundle_editable_in_cart":false,"bundle_sold_individually_context":"","bundle_item_grouping":"","bundle_min_size":"","bundle_max_size":"","bundle_price":[],"bundled_items":[],"bundle_sell_ids":[],"acf":[],"yoast_head":"<!-- This site is optimized with the Yoast SEO plugin v27.1.1 - https:\/\/yoast.com\/product\/yoast-seo-wordpress\/ -->\n<title>\u201eBeanie\u201c tipo kepur\u0117 MIL-TEC\u00ae Camo<\/title>\n<meta name=\"description\" content=\"\u201eBeanie\u201c tipo kepur\u0117 MIL-TEC\u00ae Camo yra lengva ir \u0161ilta megzta kepur\u0117, kuri patogiai priglunda ir tinka tiek kasdieniam ne\u0161iojimui, tiek veiklai lauke.\" \/>\n<meta name=\"robots\" content=\"index, follow, max-snippet:-1, max-image-preview:large, max-video-preview:-1\" \/>\n<link rel=\"canonical\" href=\"https:\/\/toidupakk.ee\/lt\/toode\/beanie-tipo-kepure-mil-tec-camo\/\" \/>\n<meta property=\"og:locale\" content=\"lt_LT\" \/>\n<meta property=\"og:type\" content=\"article\" \/>\n<meta property=\"og:title\" content=\"\u201eBeanie\u201c tipo kepur\u0117 MIL-TEC\u00ae Camo\" \/>\n<meta property=\"og:description\" content=\"\u201eBeanie\u201c tipo kepur\u0117 MIL-TEC\u00ae Camo yra lengva ir \u0161ilta megzta kepur\u0117, kuri patogiai priglunda ir tinka tiek kasdieniam ne\u0161iojimui, tiek veiklai lauke.\" \/>\n<meta property=\"og:url\" content=\"https:\/\/toidupakk.ee\/lt\/toode\/beanie-tipo-kepure-mil-tec-camo\/\" \/>\n<meta property=\"og:site_name\" content=\"Toidupakk.ee - Tactical Foodpack toidupakid\" \/>\n<meta property=\"article:publisher\" content=\"https:\/\/www.facebook.com\/Toidupakk\" \/>\n<meta property=\"article:modified_time\" content=\"2026-04-03T19:01:10+00:00\" \/>\n<meta property=\"og:image\" content=\"https:\/\/toidupakk.ee\/wp-content\/uploads\/2025\/11\/Nimetu-kujundus.png\" \/>\n\t<meta property=\"og:image:width\" content=\"800\" \/>\n\t<meta property=\"og:image:height\" content=\"800\" \/>\n\t<meta property=\"og:image:type\" content=\"image\/png\" \/>\n<meta name=\"twitter:card\" content=\"summary_large_image\" \/>\n<meta name=\"twitter:label1\" content=\"Est. reading time\" \/>\n\t<meta name=\"twitter:data1\" content=\"1 minut\u0117\" \/>\n<script type=\"application\/ld+json\" class=\"yoast-schema-graph\">{\"@context\":\"https:\/\/schema.org\",\"@graph\":[{\"@type\":\"WebPage\",\"@id\":\"https:\/\/toidupakk.ee\/lt\/toode\/beanie-tipo-kepure-mil-tec-camo\/\",\"url\":\"https:\/\/toidupakk.ee\/lt\/toode\/beanie-tipo-kepure-mil-tec-camo\/\",\"name\":\"\u201eBeanie\u201c tipo kepur\u0117 MIL-TEC\u00ae Camo\",\"isPartOf\":{\"@id\":\"https:\/\/toidupakk.ee\/lt\/#website\"},\"primaryImageOfPage\":{\"@id\":\"https:\/\/toidupakk.ee\/lt\/toode\/beanie-tipo-kepure-mil-tec-camo\/#primaryimage\"},\"image\":{\"@id\":\"https:\/\/toidupakk.ee\/lt\/toode\/beanie-tipo-kepure-mil-tec-camo\/#primaryimage\"},\"thumbnailUrl\":\"https:\/\/toidupakk.ee\/wp-content\/uploads\/2025\/11\/Nimetu-kujundus.png\",\"datePublished\":\"2025-11-20T09:37:27+00:00\",\"dateModified\":\"2026-04-03T19:01:10+00:00\",\"description\":\"\u201eBeanie\u201c tipo kepur\u0117 MIL-TEC\u00ae Camo yra lengva ir \u0161ilta megzta kepur\u0117, kuri patogiai priglunda ir tinka tiek kasdieniam ne\u0161iojimui, tiek veiklai lauke.\",\"breadcrumb\":{\"@id\":\"https:\/\/toidupakk.ee\/lt\/toode\/beanie-tipo-kepure-mil-tec-camo\/#breadcrumb\"},\"inLanguage\":\"lt-LT\",\"potentialAction\":[{\"@type\":\"ReadAction\",\"target\":[\"https:\/\/toidupakk.ee\/lt\/toode\/beanie-tipo-kepure-mil-tec-camo\/\"]}]},{\"@type\":\"ImageObject\",\"inLanguage\":\"lt-LT\",\"@id\":\"https:\/\/toidupakk.ee\/lt\/toode\/beanie-tipo-kepure-mil-tec-camo\/#primaryimage\",\"url\":\"https:\/\/toidupakk.ee\/wp-content\/uploads\/2025\/11\/Nimetu-kujundus.png\",\"contentUrl\":\"https:\/\/toidupakk.ee\/wp-content\/uploads\/2025\/11\/Nimetu-kujundus.png\",\"width\":800,\"height\":800},{\"@type\":\"BreadcrumbList\",\"@id\":\"https:\/\/toidupakk.ee\/lt\/toode\/beanie-tipo-kepure-mil-tec-camo\/#breadcrumb\",\"itemListElement\":[{\"@type\":\"ListItem\",\"position\":1,\"name\":\"Avaleht\",\"item\":\"https:\/\/toidupakk.ee\/lt\/\"},{\"@type\":\"ListItem\",\"position\":2,\"name\":\"El. parduotuv\u0117\",\"item\":\"https:\/\/toidupakk.ee\/lt\/el-parduotuve\/\"},{\"@type\":\"ListItem\",\"position\":3,\"name\":\"\u201eBeanie\u201c tipo kepur\u0117 MIL-TEC\u00ae Camo\"}]},{\"@type\":\"WebSite\",\"@id\":\"https:\/\/toidupakk.ee\/lt\/#website\",\"url\":\"https:\/\/toidupakk.ee\/lt\/\",\"name\":\"Toidupakk.ee - Tactical Foodpack toidupakid\",\"description\":\"Tactical Foodpack k\u00fclmkuivatatud toidupakid ja matkaeined\",\"publisher\":{\"@id\":\"https:\/\/toidupakk.ee\/lt\/#organization\"},\"potentialAction\":[{\"@type\":\"SearchAction\",\"target\":{\"@type\":\"EntryPoint\",\"urlTemplate\":\"https:\/\/toidupakk.ee\/lt\/?s={search_term_string}\"},\"query-input\":{\"@type\":\"PropertyValueSpecification\",\"valueRequired\":true,\"valueName\":\"search_term_string\"}}],\"inLanguage\":\"lt-LT\"},{\"@type\":\"Organization\",\"@id\":\"https:\/\/toidupakk.ee\/lt\/#organization\",\"name\":\"Tactical Foodpack matkaeined\",\"url\":\"https:\/\/toidupakk.ee\/lt\/\",\"logo\":{\"@type\":\"ImageObject\",\"inLanguage\":\"lt-LT\",\"@id\":\"https:\/\/toidupakk.ee\/lt\/#\/schema\/logo\/image\/\",\"url\":\"https:\/\/toidupakk.ee\/wp-content\/uploads\/2022\/01\/Toidupakk-matkapood-logo-transparent.png\",\"contentUrl\":\"https:\/\/toidupakk.ee\/wp-content\/uploads\/2022\/01\/Toidupakk-matkapood-logo-transparent.png\",\"width\":500,\"height\":500,\"caption\":\"Tactical Foodpack matkaeined\"},\"image\":{\"@id\":\"https:\/\/toidupakk.ee\/lt\/#\/schema\/logo\/image\/\"},\"sameAs\":[\"https:\/\/www.facebook.com\/Toidupakk\",\"https:\/\/www.instagram.com\/toidupakk\/\"]}]}<\/script>\n<!-- \/ Yoast SEO plugin. -->","yoast_head_json":{"title":"\u201eBeanie\u201c tipo kepur\u0117 MIL-TEC\u00ae Camo","description":"\u201eBeanie\u201c tipo kepur\u0117 MIL-TEC\u00ae Camo yra lengva ir \u0161ilta megzta kepur\u0117, kuri patogiai priglunda ir tinka tiek kasdieniam ne\u0161iojimui, tiek veiklai lauke.","robots":{"index":"index","follow":"follow","max-snippet":"max-snippet:-1","max-image-preview":"max-image-preview:large","max-video-preview":"max-video-preview:-1"},"canonical":"https:\/\/toidupakk.ee\/lt\/toode\/beanie-tipo-kepure-mil-tec-camo\/","og_locale":"lt_LT","og_type":"article","og_title":"\u201eBeanie\u201c tipo kepur\u0117 MIL-TEC\u00ae Camo","og_description":"\u201eBeanie\u201c tipo kepur\u0117 MIL-TEC\u00ae Camo yra lengva ir \u0161ilta megzta kepur\u0117, kuri patogiai priglunda ir tinka tiek kasdieniam ne\u0161iojimui, tiek veiklai lauke.","og_url":"https:\/\/toidupakk.ee\/lt\/toode\/beanie-tipo-kepure-mil-tec-camo\/","og_site_name":"Toidupakk.ee - Tactical Foodpack toidupakid","article_publisher":"https:\/\/www.facebook.com\/Toidupakk","article_modified_time":"2026-04-03T19:01:10+00:00","og_image":[{"width":800,"height":800,"url":"https:\/\/toidupakk.ee\/wp-content\/uploads\/2025\/11\/Nimetu-kujundus.png","type":"image\/png"}],"twitter_card":"summary_large_image","twitter_misc":{"Est. reading time":"1 minut\u0117"},"schema":{"@context":"https:\/\/schema.org","@graph":[{"@type":"WebPage","@id":"https:\/\/toidupakk.ee\/lt\/toode\/beanie-tipo-kepure-mil-tec-camo\/","url":"https:\/\/toidupakk.ee\/lt\/toode\/beanie-tipo-kepure-mil-tec-camo\/","name":"\u201eBeanie\u201c tipo kepur\u0117 MIL-TEC\u00ae Camo","isPartOf":{"@id":"https:\/\/toidupakk.ee\/lt\/#website"},"primaryImageOfPage":{"@id":"https:\/\/toidupakk.ee\/lt\/toode\/beanie-tipo-kepure-mil-tec-camo\/#primaryimage"},"image":{"@id":"https:\/\/toidupakk.ee\/lt\/toode\/beanie-tipo-kepure-mil-tec-camo\/#primaryimage"},"thumbnailUrl":"https:\/\/toidupakk.ee\/wp-content\/uploads\/2025\/11\/Nimetu-kujundus.png","datePublished":"2025-11-20T09:37:27+00:00","dateModified":"2026-04-03T19:01:10+00:00","description":"\u201eBeanie\u201c tipo kepur\u0117 MIL-TEC\u00ae Camo yra lengva ir \u0161ilta megzta kepur\u0117, kuri patogiai priglunda ir tinka tiek kasdieniam ne\u0161iojimui, tiek veiklai lauke.","breadcrumb":{"@id":"https:\/\/toidupakk.ee\/lt\/toode\/beanie-tipo-kepure-mil-tec-camo\/#breadcrumb"},"inLanguage":"lt-LT","potentialAction":[{"@type":"ReadAction","target":["https:\/\/toidupakk.ee\/lt\/toode\/beanie-tipo-kepure-mil-tec-camo\/"]}]},{"@type":"ImageObject","inLanguage":"lt-LT","@id":"https:\/\/toidupakk.ee\/lt\/toode\/beanie-tipo-kepure-mil-tec-camo\/#primaryimage","url":"https:\/\/toidupakk.ee\/wp-content\/uploads\/2025\/11\/Nimetu-kujundus.png","contentUrl":"https:\/\/toidupakk.ee\/wp-content\/uploads\/2025\/11\/Nimetu-kujundus.png","width":800,"height":800},{"@type":"BreadcrumbList","@id":"https:\/\/toidupakk.ee\/lt\/toode\/beanie-tipo-kepure-mil-tec-camo\/#breadcrumb","itemListElement":[{"@type":"ListItem","position":1,"name":"Avaleht","item":"https:\/\/toidupakk.ee\/lt\/"},{"@type":"ListItem","position":2,"name":"El. parduotuv\u0117","item":"https:\/\/toidupakk.ee\/lt\/el-parduotuve\/"},{"@type":"ListItem","position":3,"name":"\u201eBeanie\u201c tipo kepur\u0117 MIL-TEC\u00ae Camo"}]},{"@type":"WebSite","@id":"https:\/\/toidupakk.ee\/lt\/#website","url":"https:\/\/toidupakk.ee\/lt\/","name":"Toidupakk.ee - Tactical Foodpack toidupakid","description":"Tactical Foodpack k\u00fclmkuivatatud toidupakid ja matkaeined","publisher":{"@id":"https:\/\/toidupakk.ee\/lt\/#organization"},"potentialAction":[{"@type":"SearchAction","target":{"@type":"EntryPoint","urlTemplate":"https:\/\/toidupakk.ee\/lt\/?s={search_term_string}"},"query-input":{"@type":"PropertyValueSpecification","valueRequired":true,"valueName":"search_term_string"}}],"inLanguage":"lt-LT"},{"@type":"Organization","@id":"https:\/\/toidupakk.ee\/lt\/#organization","name":"Tactical Foodpack matkaeined","url":"https:\/\/toidupakk.ee\/lt\/","logo":{"@type":"ImageObject","inLanguage":"lt-LT","@id":"https:\/\/toidupakk.ee\/lt\/#\/schema\/logo\/image\/","url":"https:\/\/toidupakk.ee\/wp-content\/uploads\/2022\/01\/Toidupakk-matkapood-logo-transparent.png","contentUrl":"https:\/\/toidupakk.ee\/wp-content\/uploads\/2022\/01\/Toidupakk-matkapood-logo-transparent.png","width":500,"height":500,"caption":"Tactical Foodpack matkaeined"},"image":{"@id":"https:\/\/toidupakk.ee\/lt\/#\/schema\/logo\/image\/"},"sameAs":["https:\/\/www.facebook.com\/Toidupakk","https:\/\/www.instagram.com\/toidupakk\/"]}]}},"jetpack_sharing_enabled":true,"_links":{"self":[{"href":"https:\/\/toidupakk.ee\/lt\/wp-json\/wp\/v2\/product\/45586","targetHints":{"allow":["GET"]}}],"collection":[{"href":"https:\/\/toidupakk.ee\/lt\/wp-json\/wp\/v2\/product"}],"about":[{"href":"https:\/\/toidupakk.ee\/lt\/wp-json\/wp\/v2\/types\/product"}],"replies":[{"embeddable":true,"href":"https:\/\/toidupakk.ee\/lt\/wp-json\/wp\/v2\/comments?post=45586"}],"wp:featuredmedia":[{"embeddable":true,"href":"https:\/\/toidupakk.ee\/lt\/wp-json\/wp\/v2\/media\/42531"}],"wp:attachment":[{"href":"https:\/\/toidupakk.ee\/lt\/wp-json\/wp\/v2\/media?parent=45586"}],"wp:term":[{"taxonomy":"product_brand","embeddable":true,"href":"https:\/\/toidupakk.ee\/lt\/wp-json\/wp\/v2\/product_brand?post=45586"},{"taxonomy":"product_cat","embeddable":true,"href":"https:\/\/toidupakk.ee\/lt\/wp-json\/wp\/v2\/product_cat?post=45586"},{"taxonomy":"product_tag","embeddable":true,"href":"https:\/\/toidupakk.ee\/lt\/wp-json\/wp\/v2\/product_tag?post=45586"}],"curies":[{"name":"wp","href":"https:\/\/api.w.org\/{rel}","templated":true}]}}