{"id":45488,"date":"2025-04-07T16:03:41","date_gmt":"2025-04-07T13:03:41","guid":{"rendered":"https:\/\/toidupakk.ee\/toode\/lauko-dusas-su-akumuliatoriumi-flextail\/"},"modified":"2026-04-29T17:01:41","modified_gmt":"2026-04-29T14:01:41","slug":"lauko-dusas-su-akumuliatoriumi-flextail","status":"publish","type":"product","link":"https:\/\/toidupakk.ee\/lt\/toode\/lauko-dusas-su-akumuliatoriumi-flextail\/","title":{"rendered":"Lauko du\u0161as su akumuliatoriumi FlexTail\u00ae"},"content":{"rendered":"<h2 class=\"\" data-start=\"711\" data-end=\"765\">MAX Shower \u2013 <strong data-start=\"727\" data-end=\"745\">lauko du\u0161as su akumuliatoriumi<\/strong> bet kur gamtoje<\/h2>\n<p class=\"\" data-start=\"767\" data-end=\"1072\"><strong data-start=\"767\" data-end=\"790\">FLEXTAIL MAX Shower<\/strong> yra i\u0161manus, kompakti\u0161kas ir patvarus <strong data-start=\"827\" data-end=\"845\">lauko du\u0161as su akumuliatoriumi<\/strong>, leid\u017eiantis nusiprausti, nuskalauti \u012frang\u0105 ar greitai atsiv\u0117sinti kar\u0161t\u0105 dien\u0105. \u0160is \u201eviskas viename\u201c ne\u0161iojamas sprendimas sukurtas naudoti \u017eygiuose, stovyklaujant, \u017evejyboje, papl\u016bdimyje ar kitur, kur n\u0117ra tekan\u010dio vandens. <\/p>\n<div style=\"width: 1920px;\" class=\"wp-video\"><video class=\"wp-video-shortcode\" id=\"video-45488-1\" width=\"1920\" height=\"1080\" loop autoplay preload=\"metadata\" controls=\"controls\"><source type=\"video\/mp4\" src=\"https:\/\/toidupakk.ee\/wp-content\/uploads\/2025\/04\/ezgif-4e69f38a62dc8a.mp4?_=1\" \/><a href=\"https:\/\/toidupakk.ee\/wp-content\/uploads\/2025\/04\/ezgif-4e69f38a62dc8a.mp4\">https:\/\/toidupakk.ee\/wp-content\/uploads\/2025\/04\/ezgif-4e69f38a62dc8a.mp4<\/a><\/video><\/div>\n<p data-start=\"767\" data-end=\"1072\"><img fetchpriority=\"high\" decoding=\"async\" class=\"size-full wp-image-33482 alignnone\" src=\"https:\/\/toidupakk.ee\/wp-content\/uploads\/2025\/03\/MAX_SHOWER_USE_1e4e0bca-559f-457b-9555-3c8e96f28fd0.webp\" alt=\"\" width=\"1148\" height=\"564\" srcset=\"https:\/\/toidupakk.ee\/wp-content\/uploads\/2025\/03\/MAX_SHOWER_USE_1e4e0bca-559f-457b-9555-3c8e96f28fd0.webp 1148w, https:\/\/toidupakk.ee\/wp-content\/uploads\/2025\/03\/MAX_SHOWER_USE_1e4e0bca-559f-457b-9555-3c8e96f28fd0-800x393.webp 800w, https:\/\/toidupakk.ee\/wp-content\/uploads\/2025\/03\/MAX_SHOWER_USE_1e4e0bca-559f-457b-9555-3c8e96f28fd0-300x147.webp 300w, https:\/\/toidupakk.ee\/wp-content\/uploads\/2025\/03\/MAX_SHOWER_USE_1e4e0bca-559f-457b-9555-3c8e96f28fd0-1024x503.webp 1024w, https:\/\/toidupakk.ee\/wp-content\/uploads\/2025\/03\/MAX_SHOWER_USE_1e4e0bca-559f-457b-9555-3c8e96f28fd0-768x377.webp 768w\" sizes=\"(max-width: 1148px) 100vw, 1148px\" \/><\/p>\n<h2 class=\"\" data-start=\"118\" data-end=\"158\">Kompakti\u0161kas dizainas \u2013 lengva pasiimti kartu<\/h2>\n<p class=\"\" data-start=\"160\" data-end=\"750\"><strong data-start=\"160\" data-end=\"183\">FLEXTAIL MAX Shower<\/strong> sukurtas tam, kad j\u012f b\u016bt\u0173 lengva ne\u0161iotis kiekviename \u017eygyje, kelion\u0117je ar savaitgalio nuotykyje. \u012erenginys sveria tik <strong data-start=\"309\" data-end=\"323\">305 gramus<\/strong>, o d\u0117l kompakti\u0161k\u0173 matmen\u0173 (<strong data-start=\"360\" data-end=\"380\">120 \u00d7 69 \u00d7 40 mm<\/strong>) jis patogiai telpa tiek ma\u017eesn\u0117je kuprin\u0117je, tiek automobilyje ar rankiniame baga\u017ee. <\/p>\n<p data-start=\"160\" data-end=\"750\"><img decoding=\"async\" class=\"size-full wp-image-33480 alignnone\" src=\"https:\/\/toidupakk.ee\/wp-content\/uploads\/2025\/03\/Max_Shower_ec89d81f-097a-4da4-8bf5-ae1b299e7105.webp\" alt=\"\" width=\"1920\" height=\"720\" srcset=\"https:\/\/toidupakk.ee\/wp-content\/uploads\/2025\/03\/Max_Shower_ec89d81f-097a-4da4-8bf5-ae1b299e7105.webp 1920w, https:\/\/toidupakk.ee\/wp-content\/uploads\/2025\/03\/Max_Shower_ec89d81f-097a-4da4-8bf5-ae1b299e7105-800x300.webp 800w, https:\/\/toidupakk.ee\/wp-content\/uploads\/2025\/03\/Max_Shower_ec89d81f-097a-4da4-8bf5-ae1b299e7105-300x113.webp 300w, https:\/\/toidupakk.ee\/wp-content\/uploads\/2025\/03\/Max_Shower_ec89d81f-097a-4da4-8bf5-ae1b299e7105-1024x384.webp 1024w, https:\/\/toidupakk.ee\/wp-content\/uploads\/2025\/03\/Max_Shower_ec89d81f-097a-4da4-8bf5-ae1b299e7105-768x288.webp 768w, https:\/\/toidupakk.ee\/wp-content\/uploads\/2025\/03\/Max_Shower_ec89d81f-097a-4da4-8bf5-ae1b299e7105-1536x576.webp 1536w\" sizes=\"(max-width: 1920px) 100vw, 1920px\" \/><\/p>\n<h2 class=\"\" data-start=\"1340\" data-end=\"1373\">Lengva naudoti \u2013 2 vandens re\u017eimai<\/h2>\n<p class=\"\" data-start=\"1375\" data-end=\"1631\">MAX Shower paruo\u0161iamas naudoti per kelias akimirkas \u2013 \u012fmerk \u017earn\u0105 \u012f vandens talp\u0105, paspausk mygtuk\u0105 ir naudok du\u0161o re\u017eim\u0105 arba nuolatin\u0119 srov\u0119. Pridedamas du\u0161o laikiklis leid\u017eia siurbl\u012f patogiai pritvirtinti, pavyzd\u017eiui, prie med\u017eio \u0161akos, palapin\u0117s konstrukcijos ar transporto priemon\u0117s. D\u0117l savo svorio ir formos jis idealiai tinka ir tiems, kurie teikia pirmenyb\u0119 lengvesnei \u012frangai, bet nenori atsisakyti komforto net b\u016bdami gamtoje.  <\/p>\n<h2 class=\"\" data-start=\"1638\" data-end=\"1688\">Patikimas <strong data-start=\"1651\" data-end=\"1669\">lauko du\u0161as su akumuliatoriumi<\/strong> ir greitas \u012fkrovimas<\/h2>\n<p class=\"\" data-start=\"1690\" data-end=\"1936\">\u012erenginyje integruotas 18.5 Wh li\u010dio jon\u0173 akumuliatorius, leid\u017eiantis du\u0161u naudotis iki 70\u2013110 minu\u010di\u0173 (priklausomai nuo re\u017eimo). Pilnas \u012fkrovimas trunka apie 4 valandas per USB-C jungt\u012f. Akumuliatorius yra integruotas ir jo keisti nereikia.  <\/p>\n<h2 class=\"\" data-start=\"2223\" data-end=\"2262\">Efektyvi srov\u0117 \u2013 reguliuojamas na\u0161umas<\/h2>\n<p class=\"\" data-start=\"2264\" data-end=\"2465\">\u012erenginys u\u017etikrina 2.2\u20133.0 litr\u0173 per minut\u0119 vandens sraut\u0105, garantuojant\u012f pakankam\u0105 sl\u0117g\u012f k\u016bnui, kojoms, \u012frangai ar net augintiniui nuplauti. Srov\u0117s stiprum\u0105 galima patogiai reguliuoti kei\u010diamu antgaliu. <\/p>\n<p data-start=\"1690\" data-end=\"1936\"><img decoding=\"async\" class=\"size-full wp-image-33481 alignnone\" src=\"https:\/\/toidupakk.ee\/wp-content\/uploads\/2025\/03\/MAX_SHOWER_54fc48c5-0259-430e-95b2-62516c82d4ee.webp\" alt=\"\" width=\"1920\" height=\"720\" srcset=\"https:\/\/toidupakk.ee\/wp-content\/uploads\/2025\/03\/MAX_SHOWER_54fc48c5-0259-430e-95b2-62516c82d4ee.webp 1920w, https:\/\/toidupakk.ee\/wp-content\/uploads\/2025\/03\/MAX_SHOWER_54fc48c5-0259-430e-95b2-62516c82d4ee-800x300.webp 800w, https:\/\/toidupakk.ee\/wp-content\/uploads\/2025\/03\/MAX_SHOWER_54fc48c5-0259-430e-95b2-62516c82d4ee-300x113.webp 300w, https:\/\/toidupakk.ee\/wp-content\/uploads\/2025\/03\/MAX_SHOWER_54fc48c5-0259-430e-95b2-62516c82d4ee-1024x384.webp 1024w, https:\/\/toidupakk.ee\/wp-content\/uploads\/2025\/03\/MAX_SHOWER_54fc48c5-0259-430e-95b2-62516c82d4ee-768x288.webp 768w, https:\/\/toidupakk.ee\/wp-content\/uploads\/2025\/03\/MAX_SHOWER_54fc48c5-0259-430e-95b2-62516c82d4ee-1536x576.webp 1536w\" sizes=\"(max-width: 1920px) 100vw, 1920px\" \/><\/p>\n<h2 class=\"\" data-start=\"1943\" data-end=\"1992\">IPX7 atsparumas vandeniui \u2013 patikimas bet kokiomis s\u0105lygomis<\/h2>\n<p class=\"\" data-start=\"1994\" data-end=\"2216\">MAX Shower turi IPX7 atsparumo vandeniui klas\u0119, o tai rei\u0161kia, kad \u012frenginys gali i\u0161b\u016bti iki 1 metro gylyje iki 30 minu\u010di\u0173. Tai idealiai tinka naudoti lauko s\u0105lygomis \u2013 net lyjant ar dr\u0117gnoje aplinkoje. <\/p>\n<h2 class=\"\" data-start=\"2472\" data-end=\"2533\">Techniniai duomenys \u2013 FLEXTAIL MAX Shower <strong data-start=\"2515\" data-end=\"2533\">lauko du\u0161as su akumuliatoriumi<\/strong><\/h2>\n<ul>\n<li data-start=\"2537\" data-end=\"2570\"><strong data-start=\"2537\" data-end=\"2553\">Akumuliatoriaus veikimo laikas:<\/strong> 70\u2013110 minu\u010di\u0173<\/li>\n<li data-start=\"2537\" data-end=\"2570\"><strong data-start=\"2573\" data-end=\"2589\">\u012ekrovimo laikas:<\/strong> ~4 valandos<\/li>\n<li data-start=\"2537\" data-end=\"2570\"><strong data-start=\"2603\" data-end=\"2611\">Akumuliatorius:<\/strong> apie 5000 mAh arba 18.5 Wh li\u010dio jon\u0173<\/li>\n<li data-start=\"2537\" data-end=\"2570\"><strong data-start=\"2636\" data-end=\"2651\">Atsparumas vandeniui:<\/strong> IPX7<\/li>\n<li data-start=\"2537\" data-end=\"2570\"><strong data-start=\"2661\" data-end=\"2670\">Svoris:<\/strong> 305 g<\/li>\n<li data-start=\"2537\" data-end=\"2570\"><strong data-start=\"2681\" data-end=\"2693\">Matmenys:<\/strong> 120 \u00d7 69 \u00d7 40 mm<\/li>\n<li data-start=\"2537\" data-end=\"2570\"><strong data-start=\"2715\" data-end=\"2734\">\u017darnos ilgis:<\/strong> 2 m<\/li>\n<li data-start=\"2537\" data-end=\"2570\"><strong data-start=\"2743\" data-end=\"2760\">Du\u0161o re\u017eimai:<\/strong> Nuolatin\u0117 srov\u0117 \/ du\u0161o re\u017eimas<\/li>\n<li data-start=\"2537\" data-end=\"2570\"><strong data-start=\"2789\" data-end=\"2805\">Srauto greitis:<\/strong> 2.2\u20133.0 litrai per minut\u0119<\/li>\n<li data-start=\"2537\" data-end=\"2570\"><strong data-start=\"2834\" data-end=\"2848\">\u012ekrovimas:<\/strong> USB-C<\/li>\n<\/ul>\n<p>&nbsp;<\/p>\n<p>Daugiau preki\u0173 \u017eygiams rasi <a href=\"https:\/\/toidupakk.ee\/lt\/tootekategooria\/zygio-iranga\/#section-3-79\">\u010cIA<\/a><\/p>\n<p>Maist\u0105 \u017eygiams, kur\u012f verta pasiimti, rasi <a href=\"https:\/\/toidupakk.ee\/lt\/el-parduotuve\/\">\u010cIA<\/a><\/p>\n<p>Pasisemk \u012fkv\u0117pimo kitiems nuotykiams Toidupakk <a href=\"https:\/\/www.instagram.com\/toidupakk\/\">Instagram<\/a> ir <a href=\"https:\/\/www.facebook.com\/Toidupakk\/\">Facebook<\/a> paskyrose.<\/p>\n","protected":false},"excerpt":{"rendered":"<p class=\"\" data-start=\"295\" data-end=\"656\"><strong>FLEXTAIL MAX Shower yra kompakti\u0161kas, efektyvus ir lengvai naudojamas ne\u0161iojamas du\u0161as, puikiai tinkantis \u017eygiams, kempingui, \u017evejybai ar greitam atsiv\u0117sinimui kar\u0161t\u0105 dien\u0105. Prijunk komplekte esan\u010di\u0105 \u017earn\u0105 prie vandens talpos, \u012fjunk siurbl\u012f ir m\u0117gaukis maloniu du\u0161u visur, kur tau jo reikia. <\/strong><\/p>\n<ul>\n<li data-start=\"658\" data-end=\"1393\">Itin lengvas ir kompakti\u0161kas ne\u0161iojamas du\u0161o komplektas su akumuliatoriumi<\/li>\n<li data-start=\"658\" data-end=\"1393\">Tur\u0117k galimyb\u0119 nusiprausti bet kur ir bet kada<\/li>\n<li data-start=\"658\" data-end=\"1393\">Prausimuisi naudok vanden\u012f i\u0161 talpos arba tiesiai i\u0161 up\u0117s ar e\u017eero<\/li>\n<li data-start=\"658\" data-end=\"1393\">Stiprus vandens sl\u0117gis (3.0 l\/min.)<\/li>\n<li data-start=\"658\" data-end=\"1393\">Akumuliatorius veikia iki 110 minu\u010di\u0173 (priklausomai nuo naudojamo re\u017eimo)<\/li>\n<li data-start=\"658\" data-end=\"1393\">2 vandens srov\u0117s re\u017eimai \u2013 stipri srov\u0117 arba silpnesnis re\u017eimas, taupantis vanden\u012f ir akumuliatori\u0173<\/li>\n<li data-start=\"658\" data-end=\"1393\">\u012erenginys sveria tik 305 g (120 \u00d7 69 \u00d7 40 mm) ir lengvai telpa \u012f \u017eygio kuprin\u0119.<\/li>\n<li data-start=\"658\" data-end=\"1393\">\u012ekraunamas akumuliatorius (5000 mAh): darbo laikas 70\u2013110 minu\u010di\u0173, priklausomai nuo pasirinkto re\u017eimo. Pilnas \u012fkrovimas per USB-C <\/li>\n<li data-start=\"658\" data-end=\"1393\">IPX7 atsparumas vandeniui: atlaiko visi\u0161k\u0105 panardinim\u0105 iki 1 metro gylyje \u2013 idealiai tinka naudoti lauke.<\/li>\n<li data-start=\"658\" data-end=\"1393\">Lengva naudoti: valdymas vienu mygtuko paspaudimu ir greitas \u017earnos prijungimas.<\/li>\n<li data-start=\"658\" data-end=\"1393\">Gamintojo garantija: 1 metai<\/li>\n<\/ul>\n<p class=\"\" data-start=\"658\" data-end=\"1393\">\u2705 Turime sand\u0117lyje, greitas pristatymas per 1\u20133 d. d.<br \/>\n\u2705 Pirk dabar, mok\u0117k v\u0117liau (pal\u016bkanos 0 %)<\/p>\n","protected":false},"featured_media":33476,"comment_status":"open","ping_status":"closed","template":"","meta":{"_acf_changed":false},"product_brand":[],"product_cat":[200,189,190],"product_tag":[],"class_list":{"0":"post-45488","1":"product","2":"type-product","3":"status-publish","4":"has-post-thumbnail","6":"product_cat-praktiskos-dovanu-idejos","7":"product_cat-zygio-iranga","8":"product_cat-zygio-prekes","10":"first","11":"instock","12":"sale","13":"taxable","14":"shipping-taxable","15":"purchasable","16":"product-type-simple"},"bundled_by":[],"bundle_stock_status":"instock","bundle_stock_quantity":26,"bundle_virtual":false,"bundle_layout":"","bundle_add_to_cart_form_location":"","bundle_editable_in_cart":false,"bundle_sold_individually_context":"","bundle_item_grouping":"","bundle_min_size":"","bundle_max_size":"","bundle_price":[],"bundled_items":[],"bundle_sell_ids":[],"acf":[],"yoast_head":"<!-- This site is optimized with the Yoast SEO plugin v27.3 - https:\/\/yoast.com\/product\/yoast-seo-wordpress\/ -->\n<title>Lauko du\u0161as su akumuliatoriumi FlexTail\u00ae<\/title>\n<meta name=\"description\" content=\"Kompakti\u0161kas ir vandeniui atsparus lauko du\u0161as su akumuliatoriumi \u2013 FLEXTAIL MAX Shower tinka \u017eygiams, kempingui ar naudoti pirtyje. Veikia iki 110 minu\u010di\u0173 ir \u012fkraunamas per USB-C.\" \/>\n<meta name=\"robots\" content=\"index, follow, max-snippet:-1, max-image-preview:large, max-video-preview:-1\" \/>\n<link rel=\"canonical\" href=\"https:\/\/toidupakk.ee\/lt\/toode\/lauko-dusas-su-akumuliatoriumi-flextail\/\" \/>\n<meta property=\"og:locale\" content=\"lt_LT\" \/>\n<meta property=\"og:type\" content=\"article\" \/>\n<meta property=\"og:title\" content=\"Lauko du\u0161as su akumuliatoriumi FlexTail\u00ae\" \/>\n<meta property=\"og:description\" content=\"Kompakti\u0161kas ir vandeniui atsparus lauko du\u0161as su akumuliatoriumi \u2013 FLEXTAIL MAX Shower tinka \u017eygiams, kempingui ar naudoti pirtyje. Veikia iki 110 minu\u010di\u0173 ir \u012fkraunamas per USB-C.\" \/>\n<meta property=\"og:url\" content=\"https:\/\/toidupakk.ee\/lt\/toode\/lauko-dusas-su-akumuliatoriumi-flextail\/\" \/>\n<meta property=\"og:site_name\" content=\"Toidupakk.ee - Tactical Foodpack toidupakid\" \/>\n<meta property=\"article:publisher\" content=\"https:\/\/www.facebook.com\/Toidupakk\" \/>\n<meta property=\"article:modified_time\" content=\"2026-04-29T14:01:41+00:00\" \/>\n<meta property=\"og:image\" content=\"https:\/\/toidupakk.ee\/wp-content\/uploads\/2025\/03\/1-9.png\" \/>\n\t<meta property=\"og:image:width\" content=\"800\" \/>\n\t<meta property=\"og:image:height\" content=\"800\" \/>\n\t<meta property=\"og:image:type\" content=\"image\/png\" \/>\n<meta name=\"twitter:card\" content=\"summary_large_image\" \/>\n<meta name=\"twitter:label1\" content=\"Est. reading time\" \/>\n\t<meta name=\"twitter:data1\" content=\"2 minut\u0117s\" \/>\n<script type=\"application\/ld+json\" class=\"yoast-schema-graph\">{\"@context\":\"https:\\\/\\\/schema.org\",\"@graph\":[{\"@type\":\"WebPage\",\"@id\":\"https:\\\/\\\/toidupakk.ee\\\/lt\\\/toode\\\/lauko-dusas-su-akumuliatoriumi-flextail\\\/\",\"url\":\"https:\\\/\\\/toidupakk.ee\\\/lt\\\/toode\\\/lauko-dusas-su-akumuliatoriumi-flextail\\\/\",\"name\":\"Lauko du\u0161as su akumuliatoriumi FlexTail\u00ae\",\"isPartOf\":{\"@id\":\"https:\\\/\\\/toidupakk.ee\\\/lt\\\/#website\"},\"primaryImageOfPage\":{\"@id\":\"https:\\\/\\\/toidupakk.ee\\\/lt\\\/toode\\\/lauko-dusas-su-akumuliatoriumi-flextail\\\/#primaryimage\"},\"image\":{\"@id\":\"https:\\\/\\\/toidupakk.ee\\\/lt\\\/toode\\\/lauko-dusas-su-akumuliatoriumi-flextail\\\/#primaryimage\"},\"thumbnailUrl\":\"https:\\\/\\\/toidupakk.ee\\\/wp-content\\\/uploads\\\/2025\\\/03\\\/1-9.png\",\"datePublished\":\"2025-04-07T13:03:41+00:00\",\"dateModified\":\"2026-04-29T14:01:41+00:00\",\"description\":\"Kompakti\u0161kas ir vandeniui atsparus lauko du\u0161as su akumuliatoriumi \u2013 FLEXTAIL MAX Shower tinka \u017eygiams, kempingui ar naudoti pirtyje. Veikia iki 110 minu\u010di\u0173 ir \u012fkraunamas per USB-C.\",\"breadcrumb\":{\"@id\":\"https:\\\/\\\/toidupakk.ee\\\/lt\\\/toode\\\/lauko-dusas-su-akumuliatoriumi-flextail\\\/#breadcrumb\"},\"inLanguage\":\"lt-LT\",\"potentialAction\":[{\"@type\":\"ReadAction\",\"target\":[\"https:\\\/\\\/toidupakk.ee\\\/lt\\\/toode\\\/lauko-dusas-su-akumuliatoriumi-flextail\\\/\"]}]},{\"@type\":\"ImageObject\",\"inLanguage\":\"lt-LT\",\"@id\":\"https:\\\/\\\/toidupakk.ee\\\/lt\\\/toode\\\/lauko-dusas-su-akumuliatoriumi-flextail\\\/#primaryimage\",\"url\":\"https:\\\/\\\/toidupakk.ee\\\/wp-content\\\/uploads\\\/2025\\\/03\\\/1-9.png\",\"contentUrl\":\"https:\\\/\\\/toidupakk.ee\\\/wp-content\\\/uploads\\\/2025\\\/03\\\/1-9.png\",\"width\":800,\"height\":800},{\"@type\":\"BreadcrumbList\",\"@id\":\"https:\\\/\\\/toidupakk.ee\\\/lt\\\/toode\\\/lauko-dusas-su-akumuliatoriumi-flextail\\\/#breadcrumb\",\"itemListElement\":[{\"@type\":\"ListItem\",\"position\":1,\"name\":\"Avaleht\",\"item\":\"https:\\\/\\\/toidupakk.ee\\\/lt\\\/\"},{\"@type\":\"ListItem\",\"position\":2,\"name\":\"El. parduotuv\u0117\",\"item\":\"https:\\\/\\\/toidupakk.ee\\\/lt\\\/el-parduotuve\\\/\"},{\"@type\":\"ListItem\",\"position\":3,\"name\":\"Lauko du\u0161as su akumuliatoriumi FlexTail\u00ae\"}]},{\"@type\":\"WebSite\",\"@id\":\"https:\\\/\\\/toidupakk.ee\\\/lt\\\/#website\",\"url\":\"https:\\\/\\\/toidupakk.ee\\\/lt\\\/\",\"name\":\"Toidupakk.ee - Tactical Foodpack toidupakid\",\"description\":\"Tactical Foodpack k\u00fclmkuivatatud toidupakid ja matkaeined\",\"publisher\":{\"@id\":\"https:\\\/\\\/toidupakk.ee\\\/lt\\\/#organization\"},\"potentialAction\":[{\"@type\":\"SearchAction\",\"target\":{\"@type\":\"EntryPoint\",\"urlTemplate\":\"https:\\\/\\\/toidupakk.ee\\\/lt\\\/?s={search_term_string}\"},\"query-input\":{\"@type\":\"PropertyValueSpecification\",\"valueRequired\":true,\"valueName\":\"search_term_string\"}}],\"inLanguage\":\"lt-LT\"},{\"@type\":\"Organization\",\"@id\":\"https:\\\/\\\/toidupakk.ee\\\/lt\\\/#organization\",\"name\":\"Tactical Foodpack matkaeined\",\"url\":\"https:\\\/\\\/toidupakk.ee\\\/lt\\\/\",\"logo\":{\"@type\":\"ImageObject\",\"inLanguage\":\"lt-LT\",\"@id\":\"https:\\\/\\\/toidupakk.ee\\\/lt\\\/#\\\/schema\\\/logo\\\/image\\\/\",\"url\":\"https:\\\/\\\/toidupakk.ee\\\/wp-content\\\/uploads\\\/2022\\\/01\\\/Toidupakk-matkapood-logo-transparent.png\",\"contentUrl\":\"https:\\\/\\\/toidupakk.ee\\\/wp-content\\\/uploads\\\/2022\\\/01\\\/Toidupakk-matkapood-logo-transparent.png\",\"width\":500,\"height\":500,\"caption\":\"Tactical Foodpack matkaeined\"},\"image\":{\"@id\":\"https:\\\/\\\/toidupakk.ee\\\/lt\\\/#\\\/schema\\\/logo\\\/image\\\/\"},\"sameAs\":[\"https:\\\/\\\/www.facebook.com\\\/Toidupakk\",\"https:\\\/\\\/www.instagram.com\\\/toidupakk\\\/\"]}]}<\/script>\n<!-- \/ Yoast SEO plugin. -->","yoast_head_json":{"title":"Lauko du\u0161as su akumuliatoriumi FlexTail\u00ae","description":"Kompakti\u0161kas ir vandeniui atsparus lauko du\u0161as su akumuliatoriumi \u2013 FLEXTAIL MAX Shower tinka \u017eygiams, kempingui ar naudoti pirtyje. Veikia iki 110 minu\u010di\u0173 ir \u012fkraunamas per USB-C.","robots":{"index":"index","follow":"follow","max-snippet":"max-snippet:-1","max-image-preview":"max-image-preview:large","max-video-preview":"max-video-preview:-1"},"canonical":"https:\/\/toidupakk.ee\/lt\/toode\/lauko-dusas-su-akumuliatoriumi-flextail\/","og_locale":"lt_LT","og_type":"article","og_title":"Lauko du\u0161as su akumuliatoriumi FlexTail\u00ae","og_description":"Kompakti\u0161kas ir vandeniui atsparus lauko du\u0161as su akumuliatoriumi \u2013 FLEXTAIL MAX Shower tinka \u017eygiams, kempingui ar naudoti pirtyje. Veikia iki 110 minu\u010di\u0173 ir \u012fkraunamas per USB-C.","og_url":"https:\/\/toidupakk.ee\/lt\/toode\/lauko-dusas-su-akumuliatoriumi-flextail\/","og_site_name":"Toidupakk.ee - Tactical Foodpack toidupakid","article_publisher":"https:\/\/www.facebook.com\/Toidupakk","article_modified_time":"2026-04-29T14:01:41+00:00","og_image":[{"width":800,"height":800,"url":"https:\/\/toidupakk.ee\/wp-content\/uploads\/2025\/03\/1-9.png","type":"image\/png"}],"twitter_card":"summary_large_image","twitter_misc":{"Est. reading time":"2 minut\u0117s"},"schema":{"@context":"https:\/\/schema.org","@graph":[{"@type":"WebPage","@id":"https:\/\/toidupakk.ee\/lt\/toode\/lauko-dusas-su-akumuliatoriumi-flextail\/","url":"https:\/\/toidupakk.ee\/lt\/toode\/lauko-dusas-su-akumuliatoriumi-flextail\/","name":"Lauko du\u0161as su akumuliatoriumi FlexTail\u00ae","isPartOf":{"@id":"https:\/\/toidupakk.ee\/lt\/#website"},"primaryImageOfPage":{"@id":"https:\/\/toidupakk.ee\/lt\/toode\/lauko-dusas-su-akumuliatoriumi-flextail\/#primaryimage"},"image":{"@id":"https:\/\/toidupakk.ee\/lt\/toode\/lauko-dusas-su-akumuliatoriumi-flextail\/#primaryimage"},"thumbnailUrl":"https:\/\/toidupakk.ee\/wp-content\/uploads\/2025\/03\/1-9.png","datePublished":"2025-04-07T13:03:41+00:00","dateModified":"2026-04-29T14:01:41+00:00","description":"Kompakti\u0161kas ir vandeniui atsparus lauko du\u0161as su akumuliatoriumi \u2013 FLEXTAIL MAX Shower tinka \u017eygiams, kempingui ar naudoti pirtyje. Veikia iki 110 minu\u010di\u0173 ir \u012fkraunamas per USB-C.","breadcrumb":{"@id":"https:\/\/toidupakk.ee\/lt\/toode\/lauko-dusas-su-akumuliatoriumi-flextail\/#breadcrumb"},"inLanguage":"lt-LT","potentialAction":[{"@type":"ReadAction","target":["https:\/\/toidupakk.ee\/lt\/toode\/lauko-dusas-su-akumuliatoriumi-flextail\/"]}]},{"@type":"ImageObject","inLanguage":"lt-LT","@id":"https:\/\/toidupakk.ee\/lt\/toode\/lauko-dusas-su-akumuliatoriumi-flextail\/#primaryimage","url":"https:\/\/toidupakk.ee\/wp-content\/uploads\/2025\/03\/1-9.png","contentUrl":"https:\/\/toidupakk.ee\/wp-content\/uploads\/2025\/03\/1-9.png","width":800,"height":800},{"@type":"BreadcrumbList","@id":"https:\/\/toidupakk.ee\/lt\/toode\/lauko-dusas-su-akumuliatoriumi-flextail\/#breadcrumb","itemListElement":[{"@type":"ListItem","position":1,"name":"Avaleht","item":"https:\/\/toidupakk.ee\/lt\/"},{"@type":"ListItem","position":2,"name":"El. parduotuv\u0117","item":"https:\/\/toidupakk.ee\/lt\/el-parduotuve\/"},{"@type":"ListItem","position":3,"name":"Lauko du\u0161as su akumuliatoriumi FlexTail\u00ae"}]},{"@type":"WebSite","@id":"https:\/\/toidupakk.ee\/lt\/#website","url":"https:\/\/toidupakk.ee\/lt\/","name":"Toidupakk.ee - Tactical Foodpack toidupakid","description":"Tactical Foodpack k\u00fclmkuivatatud toidupakid ja matkaeined","publisher":{"@id":"https:\/\/toidupakk.ee\/lt\/#organization"},"potentialAction":[{"@type":"SearchAction","target":{"@type":"EntryPoint","urlTemplate":"https:\/\/toidupakk.ee\/lt\/?s={search_term_string}"},"query-input":{"@type":"PropertyValueSpecification","valueRequired":true,"valueName":"search_term_string"}}],"inLanguage":"lt-LT"},{"@type":"Organization","@id":"https:\/\/toidupakk.ee\/lt\/#organization","name":"Tactical Foodpack matkaeined","url":"https:\/\/toidupakk.ee\/lt\/","logo":{"@type":"ImageObject","inLanguage":"lt-LT","@id":"https:\/\/toidupakk.ee\/lt\/#\/schema\/logo\/image\/","url":"https:\/\/toidupakk.ee\/wp-content\/uploads\/2022\/01\/Toidupakk-matkapood-logo-transparent.png","contentUrl":"https:\/\/toidupakk.ee\/wp-content\/uploads\/2022\/01\/Toidupakk-matkapood-logo-transparent.png","width":500,"height":500,"caption":"Tactical Foodpack matkaeined"},"image":{"@id":"https:\/\/toidupakk.ee\/lt\/#\/schema\/logo\/image\/"},"sameAs":["https:\/\/www.facebook.com\/Toidupakk","https:\/\/www.instagram.com\/toidupakk\/"]}]}},"jetpack_sharing_enabled":true,"_links":{"self":[{"href":"https:\/\/toidupakk.ee\/lt\/wp-json\/wp\/v2\/product\/45488","targetHints":{"allow":["GET"]}}],"collection":[{"href":"https:\/\/toidupakk.ee\/lt\/wp-json\/wp\/v2\/product"}],"about":[{"href":"https:\/\/toidupakk.ee\/lt\/wp-json\/wp\/v2\/types\/product"}],"replies":[{"embeddable":true,"href":"https:\/\/toidupakk.ee\/lt\/wp-json\/wp\/v2\/comments?post=45488"}],"wp:featuredmedia":[{"embeddable":true,"href":"https:\/\/toidupakk.ee\/lt\/wp-json\/wp\/v2\/media\/33476"}],"wp:attachment":[{"href":"https:\/\/toidupakk.ee\/lt\/wp-json\/wp\/v2\/media?parent=45488"}],"wp:term":[{"taxonomy":"product_brand","embeddable":true,"href":"https:\/\/toidupakk.ee\/lt\/wp-json\/wp\/v2\/product_brand?post=45488"},{"taxonomy":"product_cat","embeddable":true,"href":"https:\/\/toidupakk.ee\/lt\/wp-json\/wp\/v2\/product_cat?post=45488"},{"taxonomy":"product_tag","embeddable":true,"href":"https:\/\/toidupakk.ee\/lt\/wp-json\/wp\/v2\/product_tag?post=45488"}],"curies":[{"name":"wp","href":"https:\/\/api.w.org\/{rel}","templated":true}]}}