{"id":45481,"date":"2025-07-30T11:51:39","date_gmt":"2025-07-30T08:51:39","guid":{"rendered":"https:\/\/toidupakk.ee\/toode\/vandens-valymo-lasai-katadyn-mf-1000f-100-ml\/"},"modified":"2026-04-04T03:01:28","modified_gmt":"2026-04-04T00:01:28","slug":"vandens-valymo-lasai-katadyn-mf-1000f-100-ml","status":"publish","type":"product","link":"https:\/\/toidupakk.ee\/lt\/toode\/vandens-valymo-lasai-katadyn-mf-1000f-100-ml\/","title":{"rendered":"Vandens valymo la\u0161ai Katadyn MF 1000F (100 ml)"},"content":{"rendered":"<h2 data-start=\"249\" data-end=\"342\"><img fetchpriority=\"high\" decoding=\"async\" class=\"alignright wp-image-37576 size-thumbnail\" src=\"https:\/\/toidupakk.ee\/wp-content\/uploads\/2025\/07\/MF1000F-500x500.png\" alt=\"vandens valymo la\u0161ai\" width=\"500\" height=\"500\" srcset=\"https:\/\/toidupakk.ee\/wp-content\/uploads\/2025\/07\/MF1000F-500x500.png 500w, https:\/\/toidupakk.ee\/wp-content\/uploads\/2025\/07\/MF1000F-300x300.png 300w, https:\/\/toidupakk.ee\/wp-content\/uploads\/2025\/07\/MF1000F-768x768.png 768w, https:\/\/toidupakk.ee\/wp-content\/uploads\/2025\/07\/MF1000F-400x400.png 400w, https:\/\/toidupakk.ee\/wp-content\/uploads\/2025\/07\/MF1000F-100x100.png 100w, https:\/\/toidupakk.ee\/wp-content\/uploads\/2025\/07\/MF1000F.png 800w\" sizes=\"(max-width: 500px) 100vw, 500px\" \/><\/h2>\n<h2 data-start=\"249\" data-end=\"342\"><strong data-start=\"252\" data-end=\"342\">Vandens valymo la\u0161ai Katadyn MF 1000F (100 ml) \u2013 patikima apsauga nuo u\u017eter\u0161to vandens<\/strong><\/h2>\n<p data-start=\"344\" data-end=\"837\"><strong data-start=\"344\" data-end=\"391\">Vandens valymo la\u0161ai Katadyn MF 1000F (100 ml)<\/strong> yra greitas ir veiksmingas sprendimas skaidriam vandeniui dezinfekuoti keliaujant, \u017eygiuojant ar b\u016bnant gamtoje. Tai b\u016btinas \u012frangos elementas kiekvienam s\u0105moningam keliautojui, padedantis i\u0161vengti u\u017eter\u0161to vandens sukeliam\u0173 sveikatos problem\u0173. \u0160ie la\u0161ai leid\u017eia paprastai ir patikimai paversti vandentiekio, \u0161ulinio ar kito \u0161altinio vanden\u012f tinkamu gerti \u2013 tinka net kasdieniam naudojimui, pavyzd\u017eiui, valantis dantis u\u017esienyje ar \u017eygyje.  <\/p>\n<p data-start=\"839\" data-end=\"1318\">Katadyn MF 1000F la\u0161\u0173 sud\u0117tyje yra sidabro jon\u0173, kurie stabdo bakterij\u0173 dauginim\u0105si ir i\u0161laiko i\u0161valyto vandens \u0161vie\u017eum\u0105 iki \u0161e\u0161i\u0173 m\u0117nesi\u0173. D\u0117l to produktas tinka ir vandens atsargoms \u017eygiuose ar ekstremalioms situacijoms ruo\u0161ti. Tirpalas veikia greitai ir yra skirtas naudoti skaidriam vandeniui. Jei vanduo yra drumstas arba jame yra kiet\u0173j\u0173 daleli\u0173, gamintojas rekomenduoja la\u0161us naudoti kartu su mechaniniu vandens filtru, kad b\u016bt\u0173 u\u017etikrintas maksimalus efektyvumas ir saugumas.   <\/p>\n<p data-start=\"1320\" data-end=\"1587\">100 ml buteliuko pakanka keliems \u0161imtams litr\u0173 vandens i\u0161valyti, tod\u0117l, nepaisant kompakti\u0161kos formos, jis yra itin efektyvus ir ekonomi\u0161kas. D\u0117l ma\u017eo dyd\u017eio ir svorio vandens valymo la\u0161ai patogiai telpa bet kurioje kuprin\u0117je, kelioniniame krep\u0161yje ar pirmosios pagalbos rinkinyje. <\/p>\n<p data-start=\"1589\" data-end=\"1849\"><strong data-start=\"1589\" data-end=\"1636\">Vandens valymo la\u0161ai Katadyn MF 1000F (100 ml)<\/strong> tinka naudoti \u017eygiuose, kelion\u0117se, stovyklaujant ar tiesiog vandens atsargoms namuose laikyti. Tai prakti\u0161kas ir veiksmingas pasirinkimas kiekvienam, kuris vertina savo sveikat\u0105 ir nori b\u016bti pasiruo\u0161\u0119s netik\u0117toms situacijoms. <\/p>\n<p>\u017di\u016br\u0117k daugiau \u017eygio preki\u0173  <a href=\"https:\/\/toidupakk.ee\/lt\/tootekategooria\/zygio-iranga\/#section-3-79\">\u010cIA<\/a><\/p>\n<p>Pasisemk \u012fkv\u0117pimo kitiems nuotykiams Toidupakk <a href=\"https:\/\/www.instagram.com\/toidupakk\/\">Instagram<\/a> ir <a href=\"https:\/\/www.facebook.com\/Toidupakk\/\">Facebook<\/a> paskyrose.<\/p>\n","protected":false},"excerpt":{"rendered":"<p><strong>Katadyn Micropur Forte MF 1&#8217;000F vandens valymo la\u0161ai geriamajam vandeniui dezinfekuoti ir i\u0161saugoti.<\/strong><\/p>\n<ul>\n<li data-start=\"139\" data-end=\"668\">Vandens valymo la\u0161ai Katadyn MF 1000F i\u0161valo skaidr\u0173 vanden\u012f nuo bakterij\u0173 ir i\u0161laiko j\u012f \u0161vie\u017ei\u0105 iki 6 m\u0117nesi\u0173.<\/li>\n<li data-start=\"139\" data-end=\"668\">B\u016btinas produktas keliautojui, norin\u010diam i\u0161vengti u\u017eter\u0161to vandens vartojimo<\/li>\n<li data-start=\"139\" data-end=\"668\">Naudojama, pavyzd\u017eiui, geriamajam vandeniui ir dant\u0173 valymo vandeniui paruo\u0161ti<\/li>\n<li data-start=\"139\" data-end=\"668\">Sud\u0117tyje yra sidabro jon\u0173, kurie stabdo mikroorganizm\u0173 vystym\u0105si.<\/li>\n<li data-start=\"139\" data-end=\"668\">Skirta naudoti skaidriame vandenyje; drumsto vandens atveju rekomenduojama naudoti kartu su filtru.<\/li>\n<li data-start=\"139\" data-end=\"668\">100 ml buteliuko pakanka 1000 litr\u0173 vandens i\u0161valyti (dozavimas \u2013 1 ml \/ 10 l)<\/li>\n<li data-start=\"139\" data-end=\"668\">Ma\u017eas ir lengvas \u2013 lengvai telpa \u012f kelionin\u012f krep\u0161\u012f ar avarin\u0119 \u012frang\u0105.<\/li>\n<li data-start=\"139\" data-end=\"668\">Veiksmingas sprendimas kiekvienam s\u0105moningam keliautojui ar \u017eygeiviui.<\/li>\n<li data-start=\"139\" data-end=\"668\">Prie\u0161 naudodami visada perskaitykite <a href=\"https:\/\/toidupakk.ee\/wp-content\/uploads\/2025\/07\/8018877_Micropur-Forte_liquid_en.pdf\">produkto informacij\u0105<\/a> ir <a href=\"https:\/\/toidupakk.ee\/wp-content\/uploads\/2025\/07\/SDS_Micropur_Forte_MF_Flussig_EN.pdf\">saugos duomen\u0173 lap\u0105<\/a>.<\/li>\n<li data-start=\"139\" data-end=\"668\">Veikliosios med\u017eiagos: natrio hipochloritas 19,5 mg\/g; sidabras: 0,82 mg\/g.<\/li>\n<li data-start=\"139\" data-end=\"668\">Laikyti v\u0117sioje, nuo tiesiogini\u0173 saul\u0117s spinduli\u0173 apsaugotoje vietoje, \u017eemesn\u0117je nei 25 \u00b0C temperat\u016broje<\/li>\n<\/ul>\n<p data-start=\"670\" data-end=\"711\">\u2705 Turime sand\u0117lyje, greitas pristatymas per 1\u20133 darbo dienas<\/p>\n","protected":false},"featured_media":37576,"comment_status":"open","ping_status":"closed","template":"","meta":{"_acf_changed":false},"product_brand":[],"product_cat":[211,189,190],"product_tag":[],"class_list":{"0":"post-45481","1":"product","2":"type-product","3":"status-publish","4":"has-post-thumbnail","6":"product_cat-vandens-valymas","7":"product_cat-zygio-iranga","8":"product_cat-zygio-prekes","10":"first","11":"instock","12":"taxable","13":"shipping-taxable","14":"purchasable","15":"product-type-simple"},"bundled_by":[],"bundle_stock_status":"instock","bundle_stock_quantity":4,"bundle_virtual":false,"bundle_layout":"","bundle_add_to_cart_form_location":"","bundle_editable_in_cart":false,"bundle_sold_individually_context":"","bundle_item_grouping":"","bundle_min_size":"","bundle_max_size":"","bundle_price":[],"bundled_items":[],"bundle_sell_ids":[],"acf":[],"yoast_head":"<!-- This site is optimized with the Yoast SEO plugin v27.1.1 - https:\/\/yoast.com\/product\/yoast-seo-wordpress\/ -->\n<title>Vandens valymo la\u0161ai Katadyn MF 1000F (100 ml)<\/title>\n<meta name=\"description\" content=\"Vandens valymo la\u0161ai Katadyn MF 1000F per 30 minu\u010di\u0173 i\u0161valo vanden\u012f nuo bakterij\u0173 bei virus\u0173 ir padeda i\u0161laikyti geriam\u0105j\u012f vanden\u012f \u0161vie\u017ei\u0105 iki 6 m\u0117nesi\u0173. 1000 l \u0161varaus geriamojo vandens.\" \/>\n<meta name=\"robots\" content=\"index, follow, max-snippet:-1, max-image-preview:large, max-video-preview:-1\" \/>\n<link rel=\"canonical\" href=\"https:\/\/toidupakk.ee\/lt\/toode\/vandens-valymo-lasai-katadyn-mf-1000f-100-ml\/\" \/>\n<meta property=\"og:locale\" content=\"lt_LT\" \/>\n<meta property=\"og:type\" content=\"article\" \/>\n<meta property=\"og:title\" content=\"Vandens valymo la\u0161ai Katadyn MF 1000F (100 ml)\" \/>\n<meta property=\"og:description\" content=\"Vandens valymo la\u0161ai Katadyn MF 1000F per 30 minu\u010di\u0173 i\u0161valo vanden\u012f nuo bakterij\u0173 bei virus\u0173 ir padeda i\u0161laikyti geriam\u0105j\u012f vanden\u012f \u0161vie\u017ei\u0105 iki 6 m\u0117nesi\u0173. 1000 l \u0161varaus geriamojo vandens.\" \/>\n<meta property=\"og:url\" content=\"https:\/\/toidupakk.ee\/lt\/toode\/vandens-valymo-lasai-katadyn-mf-1000f-100-ml\/\" \/>\n<meta property=\"og:site_name\" content=\"Toidupakk.ee - Tactical Foodpack toidupakid\" \/>\n<meta property=\"article:publisher\" content=\"https:\/\/www.facebook.com\/Toidupakk\" \/>\n<meta property=\"article:modified_time\" content=\"2026-04-04T00:01:28+00:00\" \/>\n<meta property=\"og:image\" content=\"https:\/\/toidupakk.ee\/wp-content\/uploads\/2025\/07\/MF1000F.png\" \/>\n\t<meta property=\"og:image:width\" content=\"800\" \/>\n\t<meta property=\"og:image:height\" content=\"800\" \/>\n\t<meta property=\"og:image:type\" content=\"image\/png\" \/>\n<meta name=\"twitter:card\" content=\"summary_large_image\" \/>\n<meta name=\"twitter:label1\" content=\"Est. reading time\" \/>\n\t<meta name=\"twitter:data1\" content=\"1 minut\u0117\" \/>\n<script type=\"application\/ld+json\" class=\"yoast-schema-graph\">{\"@context\":\"https:\/\/schema.org\",\"@graph\":[{\"@type\":\"WebPage\",\"@id\":\"https:\/\/toidupakk.ee\/lt\/toode\/vandens-valymo-lasai-katadyn-mf-1000f-100-ml\/\",\"url\":\"https:\/\/toidupakk.ee\/lt\/toode\/vandens-valymo-lasai-katadyn-mf-1000f-100-ml\/\",\"name\":\"Vandens valymo la\u0161ai Katadyn MF 1000F (100 ml)\",\"isPartOf\":{\"@id\":\"https:\/\/toidupakk.ee\/lt\/#website\"},\"primaryImageOfPage\":{\"@id\":\"https:\/\/toidupakk.ee\/lt\/toode\/vandens-valymo-lasai-katadyn-mf-1000f-100-ml\/#primaryimage\"},\"image\":{\"@id\":\"https:\/\/toidupakk.ee\/lt\/toode\/vandens-valymo-lasai-katadyn-mf-1000f-100-ml\/#primaryimage\"},\"thumbnailUrl\":\"https:\/\/toidupakk.ee\/wp-content\/uploads\/2025\/07\/MF1000F.png\",\"datePublished\":\"2025-07-30T08:51:39+00:00\",\"dateModified\":\"2026-04-04T00:01:28+00:00\",\"description\":\"Vandens valymo la\u0161ai Katadyn MF 1000F per 30 minu\u010di\u0173 i\u0161valo vanden\u012f nuo bakterij\u0173 bei virus\u0173 ir padeda i\u0161laikyti geriam\u0105j\u012f vanden\u012f \u0161vie\u017ei\u0105 iki 6 m\u0117nesi\u0173. 1000 l \u0161varaus geriamojo vandens.\",\"breadcrumb\":{\"@id\":\"https:\/\/toidupakk.ee\/lt\/toode\/vandens-valymo-lasai-katadyn-mf-1000f-100-ml\/#breadcrumb\"},\"inLanguage\":\"lt-LT\",\"potentialAction\":[{\"@type\":\"ReadAction\",\"target\":[\"https:\/\/toidupakk.ee\/lt\/toode\/vandens-valymo-lasai-katadyn-mf-1000f-100-ml\/\"]}]},{\"@type\":\"ImageObject\",\"inLanguage\":\"lt-LT\",\"@id\":\"https:\/\/toidupakk.ee\/lt\/toode\/vandens-valymo-lasai-katadyn-mf-1000f-100-ml\/#primaryimage\",\"url\":\"https:\/\/toidupakk.ee\/wp-content\/uploads\/2025\/07\/MF1000F.png\",\"contentUrl\":\"https:\/\/toidupakk.ee\/wp-content\/uploads\/2025\/07\/MF1000F.png\",\"width\":800,\"height\":800,\"caption\":\"veepuhastustilgad\"},{\"@type\":\"BreadcrumbList\",\"@id\":\"https:\/\/toidupakk.ee\/lt\/toode\/vandens-valymo-lasai-katadyn-mf-1000f-100-ml\/#breadcrumb\",\"itemListElement\":[{\"@type\":\"ListItem\",\"position\":1,\"name\":\"Avaleht\",\"item\":\"https:\/\/toidupakk.ee\/lt\/\"},{\"@type\":\"ListItem\",\"position\":2,\"name\":\"El. parduotuv\u0117\",\"item\":\"https:\/\/toidupakk.ee\/lt\/el-parduotuve\/\"},{\"@type\":\"ListItem\",\"position\":3,\"name\":\"Vandens valymo la\u0161ai Katadyn MF 1000F (100 ml)\"}]},{\"@type\":\"WebSite\",\"@id\":\"https:\/\/toidupakk.ee\/lt\/#website\",\"url\":\"https:\/\/toidupakk.ee\/lt\/\",\"name\":\"Toidupakk.ee - Tactical Foodpack toidupakid\",\"description\":\"Tactical Foodpack k\u00fclmkuivatatud toidupakid ja matkaeined\",\"publisher\":{\"@id\":\"https:\/\/toidupakk.ee\/lt\/#organization\"},\"potentialAction\":[{\"@type\":\"SearchAction\",\"target\":{\"@type\":\"EntryPoint\",\"urlTemplate\":\"https:\/\/toidupakk.ee\/lt\/?s={search_term_string}\"},\"query-input\":{\"@type\":\"PropertyValueSpecification\",\"valueRequired\":true,\"valueName\":\"search_term_string\"}}],\"inLanguage\":\"lt-LT\"},{\"@type\":\"Organization\",\"@id\":\"https:\/\/toidupakk.ee\/lt\/#organization\",\"name\":\"Tactical Foodpack matkaeined\",\"url\":\"https:\/\/toidupakk.ee\/lt\/\",\"logo\":{\"@type\":\"ImageObject\",\"inLanguage\":\"lt-LT\",\"@id\":\"https:\/\/toidupakk.ee\/lt\/#\/schema\/logo\/image\/\",\"url\":\"https:\/\/toidupakk.ee\/wp-content\/uploads\/2022\/01\/Toidupakk-matkapood-logo-transparent.png\",\"contentUrl\":\"https:\/\/toidupakk.ee\/wp-content\/uploads\/2022\/01\/Toidupakk-matkapood-logo-transparent.png\",\"width\":500,\"height\":500,\"caption\":\"Tactical Foodpack matkaeined\"},\"image\":{\"@id\":\"https:\/\/toidupakk.ee\/lt\/#\/schema\/logo\/image\/\"},\"sameAs\":[\"https:\/\/www.facebook.com\/Toidupakk\",\"https:\/\/www.instagram.com\/toidupakk\/\"]}]}<\/script>\n<!-- \/ Yoast SEO plugin. -->","yoast_head_json":{"title":"Vandens valymo la\u0161ai Katadyn MF 1000F (100 ml)","description":"Vandens valymo la\u0161ai Katadyn MF 1000F per 30 minu\u010di\u0173 i\u0161valo vanden\u012f nuo bakterij\u0173 bei virus\u0173 ir padeda i\u0161laikyti geriam\u0105j\u012f vanden\u012f \u0161vie\u017ei\u0105 iki 6 m\u0117nesi\u0173. 1000 l \u0161varaus geriamojo vandens.","robots":{"index":"index","follow":"follow","max-snippet":"max-snippet:-1","max-image-preview":"max-image-preview:large","max-video-preview":"max-video-preview:-1"},"canonical":"https:\/\/toidupakk.ee\/lt\/toode\/vandens-valymo-lasai-katadyn-mf-1000f-100-ml\/","og_locale":"lt_LT","og_type":"article","og_title":"Vandens valymo la\u0161ai Katadyn MF 1000F (100 ml)","og_description":"Vandens valymo la\u0161ai Katadyn MF 1000F per 30 minu\u010di\u0173 i\u0161valo vanden\u012f nuo bakterij\u0173 bei virus\u0173 ir padeda i\u0161laikyti geriam\u0105j\u012f vanden\u012f \u0161vie\u017ei\u0105 iki 6 m\u0117nesi\u0173. 1000 l \u0161varaus geriamojo vandens.","og_url":"https:\/\/toidupakk.ee\/lt\/toode\/vandens-valymo-lasai-katadyn-mf-1000f-100-ml\/","og_site_name":"Toidupakk.ee - Tactical Foodpack toidupakid","article_publisher":"https:\/\/www.facebook.com\/Toidupakk","article_modified_time":"2026-04-04T00:01:28+00:00","og_image":[{"width":800,"height":800,"url":"https:\/\/toidupakk.ee\/wp-content\/uploads\/2025\/07\/MF1000F.png","type":"image\/png"}],"twitter_card":"summary_large_image","twitter_misc":{"Est. reading time":"1 minut\u0117"},"schema":{"@context":"https:\/\/schema.org","@graph":[{"@type":"WebPage","@id":"https:\/\/toidupakk.ee\/lt\/toode\/vandens-valymo-lasai-katadyn-mf-1000f-100-ml\/","url":"https:\/\/toidupakk.ee\/lt\/toode\/vandens-valymo-lasai-katadyn-mf-1000f-100-ml\/","name":"Vandens valymo la\u0161ai Katadyn MF 1000F (100 ml)","isPartOf":{"@id":"https:\/\/toidupakk.ee\/lt\/#website"},"primaryImageOfPage":{"@id":"https:\/\/toidupakk.ee\/lt\/toode\/vandens-valymo-lasai-katadyn-mf-1000f-100-ml\/#primaryimage"},"image":{"@id":"https:\/\/toidupakk.ee\/lt\/toode\/vandens-valymo-lasai-katadyn-mf-1000f-100-ml\/#primaryimage"},"thumbnailUrl":"https:\/\/toidupakk.ee\/wp-content\/uploads\/2025\/07\/MF1000F.png","datePublished":"2025-07-30T08:51:39+00:00","dateModified":"2026-04-04T00:01:28+00:00","description":"Vandens valymo la\u0161ai Katadyn MF 1000F per 30 minu\u010di\u0173 i\u0161valo vanden\u012f nuo bakterij\u0173 bei virus\u0173 ir padeda i\u0161laikyti geriam\u0105j\u012f vanden\u012f \u0161vie\u017ei\u0105 iki 6 m\u0117nesi\u0173. 1000 l \u0161varaus geriamojo vandens.","breadcrumb":{"@id":"https:\/\/toidupakk.ee\/lt\/toode\/vandens-valymo-lasai-katadyn-mf-1000f-100-ml\/#breadcrumb"},"inLanguage":"lt-LT","potentialAction":[{"@type":"ReadAction","target":["https:\/\/toidupakk.ee\/lt\/toode\/vandens-valymo-lasai-katadyn-mf-1000f-100-ml\/"]}]},{"@type":"ImageObject","inLanguage":"lt-LT","@id":"https:\/\/toidupakk.ee\/lt\/toode\/vandens-valymo-lasai-katadyn-mf-1000f-100-ml\/#primaryimage","url":"https:\/\/toidupakk.ee\/wp-content\/uploads\/2025\/07\/MF1000F.png","contentUrl":"https:\/\/toidupakk.ee\/wp-content\/uploads\/2025\/07\/MF1000F.png","width":800,"height":800,"caption":"veepuhastustilgad"},{"@type":"BreadcrumbList","@id":"https:\/\/toidupakk.ee\/lt\/toode\/vandens-valymo-lasai-katadyn-mf-1000f-100-ml\/#breadcrumb","itemListElement":[{"@type":"ListItem","position":1,"name":"Avaleht","item":"https:\/\/toidupakk.ee\/lt\/"},{"@type":"ListItem","position":2,"name":"El. parduotuv\u0117","item":"https:\/\/toidupakk.ee\/lt\/el-parduotuve\/"},{"@type":"ListItem","position":3,"name":"Vandens valymo la\u0161ai Katadyn MF 1000F (100 ml)"}]},{"@type":"WebSite","@id":"https:\/\/toidupakk.ee\/lt\/#website","url":"https:\/\/toidupakk.ee\/lt\/","name":"Toidupakk.ee - Tactical Foodpack toidupakid","description":"Tactical Foodpack k\u00fclmkuivatatud toidupakid ja matkaeined","publisher":{"@id":"https:\/\/toidupakk.ee\/lt\/#organization"},"potentialAction":[{"@type":"SearchAction","target":{"@type":"EntryPoint","urlTemplate":"https:\/\/toidupakk.ee\/lt\/?s={search_term_string}"},"query-input":{"@type":"PropertyValueSpecification","valueRequired":true,"valueName":"search_term_string"}}],"inLanguage":"lt-LT"},{"@type":"Organization","@id":"https:\/\/toidupakk.ee\/lt\/#organization","name":"Tactical Foodpack matkaeined","url":"https:\/\/toidupakk.ee\/lt\/","logo":{"@type":"ImageObject","inLanguage":"lt-LT","@id":"https:\/\/toidupakk.ee\/lt\/#\/schema\/logo\/image\/","url":"https:\/\/toidupakk.ee\/wp-content\/uploads\/2022\/01\/Toidupakk-matkapood-logo-transparent.png","contentUrl":"https:\/\/toidupakk.ee\/wp-content\/uploads\/2022\/01\/Toidupakk-matkapood-logo-transparent.png","width":500,"height":500,"caption":"Tactical Foodpack matkaeined"},"image":{"@id":"https:\/\/toidupakk.ee\/lt\/#\/schema\/logo\/image\/"},"sameAs":["https:\/\/www.facebook.com\/Toidupakk","https:\/\/www.instagram.com\/toidupakk\/"]}]}},"jetpack_sharing_enabled":true,"_links":{"self":[{"href":"https:\/\/toidupakk.ee\/lt\/wp-json\/wp\/v2\/product\/45481","targetHints":{"allow":["GET"]}}],"collection":[{"href":"https:\/\/toidupakk.ee\/lt\/wp-json\/wp\/v2\/product"}],"about":[{"href":"https:\/\/toidupakk.ee\/lt\/wp-json\/wp\/v2\/types\/product"}],"replies":[{"embeddable":true,"href":"https:\/\/toidupakk.ee\/lt\/wp-json\/wp\/v2\/comments?post=45481"}],"wp:featuredmedia":[{"embeddable":true,"href":"https:\/\/toidupakk.ee\/lt\/wp-json\/wp\/v2\/media\/37576"}],"wp:attachment":[{"href":"https:\/\/toidupakk.ee\/lt\/wp-json\/wp\/v2\/media?parent=45481"}],"wp:term":[{"taxonomy":"product_brand","embeddable":true,"href":"https:\/\/toidupakk.ee\/lt\/wp-json\/wp\/v2\/product_brand?post=45481"},{"taxonomy":"product_cat","embeddable":true,"href":"https:\/\/toidupakk.ee\/lt\/wp-json\/wp\/v2\/product_cat?post=45481"},{"taxonomy":"product_tag","embeddable":true,"href":"https:\/\/toidupakk.ee\/lt\/wp-json\/wp\/v2\/product_tag?post=45481"}],"curies":[{"name":"wp","href":"https:\/\/api.w.org\/{rel}","templated":true}]}}