{"id":45456,"date":"2025-07-30T12:12:47","date_gmt":"2025-07-30T09:12:47","guid":{"rendered":"https:\/\/toidupakk.ee\/toode\/vandens-filtras-katadyn-befree-06-l-su-buteliuku-skaidrus\/"},"modified":"2026-04-04T04:01:24","modified_gmt":"2026-04-04T01:01:24","slug":"vandens-filtras-katadyn-befree-06-l-su-buteliuku-skaidrus","status":"publish","type":"product","link":"https:\/\/toidupakk.ee\/lt\/toode\/vandens-filtras-katadyn-befree-06-l-su-buteliuku-skaidrus\/","title":{"rendered":"Vandens filtras \u201eKatadyn BeFree\u201c 0,6 l su buteliuku (skaidrus)"},"content":{"rendered":"<h1 data-start=\"137\" data-end=\"210\"><strong data-start=\"141\" data-end=\"210\">Vandens filtras \u201eKatadyn BeFree\u201c 0,6 l \u2013 \u0161varus vanduo bet kur ir bet kada<\/strong><\/h1>\n<p data-start=\"212\" data-end=\"646\">Vandens filtras <strong data-start=\"222\" data-end=\"245\">Katadyn BeFree 0.6L<\/strong> yra puikus pasirinkimas aktyviam, judan\u010diam \u017emogui \u2013 nesvarbu, ar tai b\u016bt\u0173 b\u0117gikas, dviratininkas, \u017evejys ar tiesiog gamtos nuotyki\u0173 ie\u0161kotojas. D\u0117l lengvos, vos 59 gramus sverian\u010dios konstrukcijos jis yra idealus palydovas, kai tau reikia kompakti\u0161ko, bet veiksmingo sprendimo \u0161variam vandeniui gauti. Buteliukas patogiai telpa \u012f ma\u017eas ki\u0161enes, liemenes ar kuprin\u0119 ir yra lengvai pasiekiamas bet kada, kai tik i\u0161trok\u0161ti.  <\/p>\n<p data-start=\"212\" data-end=\"646\"><img fetchpriority=\"high\" decoding=\"async\" class=\"alignnone wp-image-37666 size-thumbnail\" src=\"https:\/\/toidupakk.ee\/wp-content\/uploads\/2025\/07\/4-3-500x500.png\" alt=\"Vandens filtro \u201eKatadyn BeFree\u201c pildymas po tekan\u010diu vandeniu, idealiai tinka \u017eygiams ir vandens valymui gamtoje.\" width=\"500\" height=\"500\" srcset=\"https:\/\/toidupakk.ee\/wp-content\/uploads\/2025\/07\/4-3-500x500.png 500w, https:\/\/toidupakk.ee\/wp-content\/uploads\/2025\/07\/4-3-300x300.png 300w, https:\/\/toidupakk.ee\/wp-content\/uploads\/2025\/07\/4-3-768x768.png 768w, https:\/\/toidupakk.ee\/wp-content\/uploads\/2025\/07\/4-3-400x400.png 400w, https:\/\/toidupakk.ee\/wp-content\/uploads\/2025\/07\/4-3-100x100.png 100w, https:\/\/toidupakk.ee\/wp-content\/uploads\/2025\/07\/4-3.png 800w\" sizes=\"(max-width: 500px) 100vw, 500px\" \/><\/p>\n<p data-start=\"648\" data-end=\"1045\"><strong data-start=\"648\" data-end=\"670\">EZ-Clean Membrane\u2122<\/strong> technologija pa\u0161alina i\u0161 vandens bakterijas, pirmuonis ir nuos\u0117das, suteikdama veiksming\u0105 apsaug\u0105 nuo galim\u0173 ter\u0161al\u0173 nat\u016braliuose vandens telkiniuose. Filtro por\u0173 dydis yra 0,1 mikrono, o tai u\u017etikrina tinkam\u0105 gerti vanden\u012f net ir sud\u0117tingesn\u0117je aplinkoje. D\u0117l plataus kaklelio buteliuk\u0105 galima greitai pripildyti net i\u0161 negili\u0173 \u0161altini\u0173 ar upeli\u0173, tod\u0117l tai prakti\u0161kas sprendimas keliaujant.  <\/p>\n<p data-start=\"1047\" data-end=\"1445\">Vandens filtras <strong data-start=\"1057\" data-end=\"1080\">Katadyn BeFree 0.6L<\/strong> gali filtruoti iki <strong data-start=\"1105\" data-end=\"1131\">2 litr\u0173 vandens per minut\u0119<\/strong>, u\u017etikrindamas greit\u0105 ir skland\u017ei\u0105 vandens srov\u0119. Maksimalus filtravimo paj\u0117gumas siekia iki <strong data-start=\"1215\" data-end=\"1232\">1000 litr\u0173<\/strong>, priklausomai nuo vandens \u0161varumo. Filtro valymas itin paprastas \u2013 pakanka filtr\u0105 papurtyti arba praskalauti vandenyje. Atbulinio plovimo ar \u012franki\u0173 nereikia, tod\u0117l prie\u017ei\u016bra ypa\u010d patogi net lauko s\u0105lygomis.   <\/p>\n<p data-start=\"1447\" data-end=\"1806\">Buteliukas pagamintas i\u0161 <strong data-start=\"1468\" data-end=\"1511\">100 % PVC ir BPA neturin\u010di\u0173 med\u017eiag\u0173<\/strong>, tod\u0117l yra draugi\u0161kas aplinkai ir saugus tavo sveikatai. <strong data-start=\"1571\" data-end=\"1594\">Katadyn BeFree 0.6L<\/strong> yra idealus palydovas tiems, kurie vertina prakti\u0161kum\u0105, patikimum\u0105 ir visi\u0161k\u0105 laisv\u0119 m\u0117gautis \u0161variu geriamuoju vandeniu visur, kur tave nuves gyvenimas \u2013 nesvarbu, ar tai b\u016bt\u0173 greitas b\u0117gimas, \u017eygis mi\u0161ke, ar netik\u0117tas nuotykis gamtoje.<\/p>\n<h2 data-start=\"111\" data-end=\"136\"><strong data-start=\"115\" data-end=\"136\">Techniniai duomenys \u2013 <\/strong><strong data-start=\"141\" data-end=\"210\">Vandens filtras Katadyn BeFree 0.6L<\/strong><\/h2>\n<ul>\n<li data-start=\"238\" data-end=\"281\"><strong data-start=\"238\" data-end=\"252\">Produkto tipas:<\/strong> Mink\u0161tas vandens buteliukas (softflask)<\/li>\n<li data-start=\"238\" data-end=\"281\"><strong data-start=\"284\" data-end=\"296\">Vandens srov\u0117:<\/strong> 2 litrai per minut\u0119<\/li>\n<li data-start=\"238\" data-end=\"281\"><strong data-start=\"319\" data-end=\"344\">Filtravimo paj\u0117gumas:<\/strong> Iki 1000 litr\u0173<\/li>\n<li data-start=\"238\" data-end=\"281\"><strong data-start=\"367\" data-end=\"379\">Apsaugo:<\/strong> Nuo mikroorganizm\u0173<\/li>\n<li data-start=\"238\" data-end=\"281\"><strong data-start=\"406\" data-end=\"425\">Filtro med\u017eiaga:<\/strong> Tu\u0161\u010diaviduris pluo\u0161tas (hollow fibre)<\/li>\n<li data-start=\"238\" data-end=\"281\"><strong data-start=\"455\" data-end=\"486\">Galima valyti lauko s\u0105lygomis:<\/strong> Taip<\/li>\n<li data-start=\"238\" data-end=\"281\"><strong data-start=\"495\" data-end=\"506\">Ilgis:<\/strong> 275 mm<\/li>\n<li data-start=\"238\" data-end=\"281\"><strong data-start=\"518\" data-end=\"528\">Plotis:<\/strong> 65 mm<\/li>\n<li data-start=\"238\" data-end=\"281\"><strong data-start=\"539\" data-end=\"550\">Auk\u0161tis:<\/strong> 80 mm<\/li>\n<li data-start=\"238\" data-end=\"281\"><strong data-start=\"561\" data-end=\"570\">Svoris:<\/strong> 59 g<\/li>\n<\/ul>\n<p>Daugiau \u017eygio preki\u0173 \u017ei\u016br\u0117k <a href=\"https:\/\/toidupakk.ee\/lt\/tootekategooria\/zygio-iranga\/#section-3-79\">\u010cIA<\/a><\/p>\n<p>Domina \u017eygio maistas? \u017di\u016br\u0117k <a href=\"\/?product_cat=snakk#section-3-79\">\u010cIA<\/a><\/p>\n<p>Pasisemk \u012fkv\u0117pimo kitiems nuotykiams \u201eToidupakk\u201c <a href=\"https:\/\/www.instagram.com\/toidupakk\/\">Instagram<\/a> ir <a href=\"https:\/\/www.facebook.com\/Toidupakk\/\">Facebook<\/a> paskyrose.<\/p>\n","protected":false},"excerpt":{"rendered":"<ul>\n<li data-start=\"197\" data-end=\"274\">Vandens filtras \u201eKatadyn BeFree\u201c 0,6 l pa\u0161alina i\u0161 vandens bakterijas, pirmuonis ir nuos\u0117das.<\/li>\n<li data-start=\"197\" data-end=\"274\">U\u017etikrina \u0161var\u0173 geriam\u0105j\u012f vanden\u012f bet kada ir bet kur \u2013 tiesiog pripildyk, gerk ir m\u0117gaukis.<\/li>\n<li data-start=\"197\" data-end=\"274\">Filtro por\u0173 dydis yra 0,1 mikrono, o tai u\u017etikrina didel\u012f valymo efektyvum\u0105.<\/li>\n<li data-start=\"197\" data-end=\"274\">Bendras filtro paj\u0117gumas iki 1000 litr\u0173, priklausomai nuo vandens kokyb\u0117s.<\/li>\n<li data-start=\"197\" data-end=\"274\">Vandens srov\u0117 iki 2 litr\u0173 per minut\u0119, puikiai tinka ir aktyviai veiklai.<\/li>\n<li data-start=\"197\" data-end=\"274\">Buteliukas yra sulankstomas ir pagamintas i\u0161 100 % PVC ir BPA neturin\u010di\u0173 med\u017eiag\u0173.<\/li>\n<li data-start=\"197\" data-end=\"274\">\u201eEZ-Clean Membrane\u2122\u201c filtras lengvai valomas be joki\u0173 \u012franki\u0173.<\/li>\n<\/ul>\n<p data-start=\"734\" data-end=\"775\">\u2705 Turime sand\u0117lyje, greitas pristatymas per 1\u20133 darbo dienas<\/p>\n","protected":false},"featured_media":37663,"comment_status":"open","ping_status":"closed","template":"","meta":{"_acf_changed":false},"product_brand":[],"product_cat":[200,203,211,189,190],"product_tag":[],"class_list":{"0":"post-45456","1":"product","2":"type-product","3":"status-publish","4":"has-post-thumbnail","6":"product_cat-praktiskos-dovanu-idejos","7":"product_cat-termosai-ir-gertuves","8":"product_cat-vandens-valymas","9":"product_cat-zygio-iranga","10":"product_cat-zygio-prekes","12":"first","13":"instock","14":"taxable","15":"shipping-taxable","16":"purchasable","17":"product-type-simple"},"bundled_by":[],"bundle_stock_status":"instock","bundle_stock_quantity":4,"bundle_virtual":false,"bundle_layout":"","bundle_add_to_cart_form_location":"","bundle_editable_in_cart":false,"bundle_sold_individually_context":"","bundle_item_grouping":"","bundle_min_size":"","bundle_max_size":"","bundle_price":[],"bundled_items":[],"bundle_sell_ids":[],"acf":[],"yoast_head":"<!-- This site is optimized with the Yoast SEO plugin v27.1.1 - https:\/\/yoast.com\/product\/yoast-seo-wordpress\/ -->\n<title>Vandens filtras \u201eKatadyn BeFree\u201c 0,6 l su buteliuku (skaidrus)<\/title>\n<meta name=\"description\" content=\"Lengvas ir kompakti\u0161kas \u201eKatadyn\u201c vandens filtras idealiai tinka \u017eygiams, b\u0117gimui ar kelion\u0117ms. Pa\u0161alina bakterijas ir nuos\u0117das, u\u017etikrindamas \u0161var\u0173 geriam\u0105j\u012f vanden\u012f bet kokiomis s\u0105lygomis.\" \/>\n<meta name=\"robots\" content=\"index, follow, max-snippet:-1, max-image-preview:large, max-video-preview:-1\" \/>\n<link rel=\"canonical\" href=\"https:\/\/toidupakk.ee\/lt\/toode\/vandens-filtras-katadyn-befree-06-l-su-buteliuku-skaidrus\/\" \/>\n<meta property=\"og:locale\" content=\"lt_LT\" \/>\n<meta property=\"og:type\" content=\"article\" \/>\n<meta property=\"og:title\" content=\"Vandens filtras \u201eKatadyn BeFree\u201c 0,6 l su buteliuku (skaidrus)\" \/>\n<meta property=\"og:description\" content=\"Lengvas ir kompakti\u0161kas \u201eKatadyn\u201c vandens filtras idealiai tinka \u017eygiams, b\u0117gimui ar kelion\u0117ms. Pa\u0161alina bakterijas ir nuos\u0117das, u\u017etikrindamas \u0161var\u0173 geriam\u0105j\u012f vanden\u012f bet kokiomis s\u0105lygomis.\" \/>\n<meta property=\"og:url\" content=\"https:\/\/toidupakk.ee\/lt\/toode\/vandens-filtras-katadyn-befree-06-l-su-buteliuku-skaidrus\/\" \/>\n<meta property=\"og:site_name\" content=\"Toidupakk.ee - Tactical Foodpack toidupakid\" \/>\n<meta property=\"article:publisher\" content=\"https:\/\/www.facebook.com\/Toidupakk\" \/>\n<meta property=\"article:modified_time\" content=\"2026-04-04T01:01:24+00:00\" \/>\n<meta property=\"og:image\" content=\"https:\/\/toidupakk.ee\/wp-content\/uploads\/2025\/07\/1-5.png\" \/>\n\t<meta property=\"og:image:width\" content=\"800\" \/>\n\t<meta property=\"og:image:height\" content=\"800\" \/>\n\t<meta property=\"og:image:type\" content=\"image\/png\" \/>\n<meta name=\"twitter:card\" content=\"summary_large_image\" \/>\n<meta name=\"twitter:label1\" content=\"Est. reading time\" \/>\n\t<meta name=\"twitter:data1\" content=\"2 minut\u0117s\" \/>\n<script type=\"application\/ld+json\" class=\"yoast-schema-graph\">{\"@context\":\"https:\/\/schema.org\",\"@graph\":[{\"@type\":\"WebPage\",\"@id\":\"https:\/\/toidupakk.ee\/lt\/toode\/vandens-filtras-katadyn-befree-06-l-su-buteliuku-skaidrus\/\",\"url\":\"https:\/\/toidupakk.ee\/lt\/toode\/vandens-filtras-katadyn-befree-06-l-su-buteliuku-skaidrus\/\",\"name\":\"Vandens filtras \u201eKatadyn BeFree\u201c 0,6 l su buteliuku (skaidrus)\",\"isPartOf\":{\"@id\":\"https:\/\/toidupakk.ee\/lt\/#website\"},\"primaryImageOfPage\":{\"@id\":\"https:\/\/toidupakk.ee\/lt\/toode\/vandens-filtras-katadyn-befree-06-l-su-buteliuku-skaidrus\/#primaryimage\"},\"image\":{\"@id\":\"https:\/\/toidupakk.ee\/lt\/toode\/vandens-filtras-katadyn-befree-06-l-su-buteliuku-skaidrus\/#primaryimage\"},\"thumbnailUrl\":\"https:\/\/toidupakk.ee\/wp-content\/uploads\/2025\/07\/1-5.png\",\"datePublished\":\"2025-07-30T09:12:47+00:00\",\"dateModified\":\"2026-04-04T01:01:24+00:00\",\"description\":\"Lengvas ir kompakti\u0161kas \u201eKatadyn\u201c vandens filtras idealiai tinka \u017eygiams, b\u0117gimui ar kelion\u0117ms. Pa\u0161alina bakterijas ir nuos\u0117das, u\u017etikrindamas \u0161var\u0173 geriam\u0105j\u012f vanden\u012f bet kokiomis s\u0105lygomis.\",\"breadcrumb\":{\"@id\":\"https:\/\/toidupakk.ee\/lt\/toode\/vandens-filtras-katadyn-befree-06-l-su-buteliuku-skaidrus\/#breadcrumb\"},\"inLanguage\":\"lt-LT\",\"potentialAction\":[{\"@type\":\"ReadAction\",\"target\":[\"https:\/\/toidupakk.ee\/lt\/toode\/vandens-filtras-katadyn-befree-06-l-su-buteliuku-skaidrus\/\"]}]},{\"@type\":\"ImageObject\",\"inLanguage\":\"lt-LT\",\"@id\":\"https:\/\/toidupakk.ee\/lt\/toode\/vandens-filtras-katadyn-befree-06-l-su-buteliuku-skaidrus\/#primaryimage\",\"url\":\"https:\/\/toidupakk.ee\/wp-content\/uploads\/2025\/07\/1-5.png\",\"contentUrl\":\"https:\/\/toidupakk.ee\/wp-content\/uploads\/2025\/07\/1-5.png\",\"width\":800,\"height\":800},{\"@type\":\"BreadcrumbList\",\"@id\":\"https:\/\/toidupakk.ee\/lt\/toode\/vandens-filtras-katadyn-befree-06-l-su-buteliuku-skaidrus\/#breadcrumb\",\"itemListElement\":[{\"@type\":\"ListItem\",\"position\":1,\"name\":\"Avaleht\",\"item\":\"https:\/\/toidupakk.ee\/lt\/\"},{\"@type\":\"ListItem\",\"position\":2,\"name\":\"El. parduotuv\u0117\",\"item\":\"https:\/\/toidupakk.ee\/lt\/el-parduotuve\/\"},{\"@type\":\"ListItem\",\"position\":3,\"name\":\"Vandens filtras \u201eKatadyn BeFree\u201c 0,6 l su buteliuku (skaidrus)\"}]},{\"@type\":\"WebSite\",\"@id\":\"https:\/\/toidupakk.ee\/lt\/#website\",\"url\":\"https:\/\/toidupakk.ee\/lt\/\",\"name\":\"Toidupakk.ee - Tactical Foodpack toidupakid\",\"description\":\"Tactical Foodpack k\u00fclmkuivatatud toidupakid ja matkaeined\",\"publisher\":{\"@id\":\"https:\/\/toidupakk.ee\/lt\/#organization\"},\"potentialAction\":[{\"@type\":\"SearchAction\",\"target\":{\"@type\":\"EntryPoint\",\"urlTemplate\":\"https:\/\/toidupakk.ee\/lt\/?s={search_term_string}\"},\"query-input\":{\"@type\":\"PropertyValueSpecification\",\"valueRequired\":true,\"valueName\":\"search_term_string\"}}],\"inLanguage\":\"lt-LT\"},{\"@type\":\"Organization\",\"@id\":\"https:\/\/toidupakk.ee\/lt\/#organization\",\"name\":\"Tactical Foodpack matkaeined\",\"url\":\"https:\/\/toidupakk.ee\/lt\/\",\"logo\":{\"@type\":\"ImageObject\",\"inLanguage\":\"lt-LT\",\"@id\":\"https:\/\/toidupakk.ee\/lt\/#\/schema\/logo\/image\/\",\"url\":\"https:\/\/toidupakk.ee\/wp-content\/uploads\/2022\/01\/Toidupakk-matkapood-logo-transparent.png\",\"contentUrl\":\"https:\/\/toidupakk.ee\/wp-content\/uploads\/2022\/01\/Toidupakk-matkapood-logo-transparent.png\",\"width\":500,\"height\":500,\"caption\":\"Tactical Foodpack matkaeined\"},\"image\":{\"@id\":\"https:\/\/toidupakk.ee\/lt\/#\/schema\/logo\/image\/\"},\"sameAs\":[\"https:\/\/www.facebook.com\/Toidupakk\",\"https:\/\/www.instagram.com\/toidupakk\/\"]}]}<\/script>\n<!-- \/ Yoast SEO plugin. -->","yoast_head_json":{"title":"Vandens filtras \u201eKatadyn BeFree\u201c 0,6 l su buteliuku (skaidrus)","description":"Lengvas ir kompakti\u0161kas \u201eKatadyn\u201c vandens filtras idealiai tinka \u017eygiams, b\u0117gimui ar kelion\u0117ms. Pa\u0161alina bakterijas ir nuos\u0117das, u\u017etikrindamas \u0161var\u0173 geriam\u0105j\u012f vanden\u012f bet kokiomis s\u0105lygomis.","robots":{"index":"index","follow":"follow","max-snippet":"max-snippet:-1","max-image-preview":"max-image-preview:large","max-video-preview":"max-video-preview:-1"},"canonical":"https:\/\/toidupakk.ee\/lt\/toode\/vandens-filtras-katadyn-befree-06-l-su-buteliuku-skaidrus\/","og_locale":"lt_LT","og_type":"article","og_title":"Vandens filtras \u201eKatadyn BeFree\u201c 0,6 l su buteliuku (skaidrus)","og_description":"Lengvas ir kompakti\u0161kas \u201eKatadyn\u201c vandens filtras idealiai tinka \u017eygiams, b\u0117gimui ar kelion\u0117ms. Pa\u0161alina bakterijas ir nuos\u0117das, u\u017etikrindamas \u0161var\u0173 geriam\u0105j\u012f vanden\u012f bet kokiomis s\u0105lygomis.","og_url":"https:\/\/toidupakk.ee\/lt\/toode\/vandens-filtras-katadyn-befree-06-l-su-buteliuku-skaidrus\/","og_site_name":"Toidupakk.ee - Tactical Foodpack toidupakid","article_publisher":"https:\/\/www.facebook.com\/Toidupakk","article_modified_time":"2026-04-04T01:01:24+00:00","og_image":[{"width":800,"height":800,"url":"https:\/\/toidupakk.ee\/wp-content\/uploads\/2025\/07\/1-5.png","type":"image\/png"}],"twitter_card":"summary_large_image","twitter_misc":{"Est. reading time":"2 minut\u0117s"},"schema":{"@context":"https:\/\/schema.org","@graph":[{"@type":"WebPage","@id":"https:\/\/toidupakk.ee\/lt\/toode\/vandens-filtras-katadyn-befree-06-l-su-buteliuku-skaidrus\/","url":"https:\/\/toidupakk.ee\/lt\/toode\/vandens-filtras-katadyn-befree-06-l-su-buteliuku-skaidrus\/","name":"Vandens filtras \u201eKatadyn BeFree\u201c 0,6 l su buteliuku (skaidrus)","isPartOf":{"@id":"https:\/\/toidupakk.ee\/lt\/#website"},"primaryImageOfPage":{"@id":"https:\/\/toidupakk.ee\/lt\/toode\/vandens-filtras-katadyn-befree-06-l-su-buteliuku-skaidrus\/#primaryimage"},"image":{"@id":"https:\/\/toidupakk.ee\/lt\/toode\/vandens-filtras-katadyn-befree-06-l-su-buteliuku-skaidrus\/#primaryimage"},"thumbnailUrl":"https:\/\/toidupakk.ee\/wp-content\/uploads\/2025\/07\/1-5.png","datePublished":"2025-07-30T09:12:47+00:00","dateModified":"2026-04-04T01:01:24+00:00","description":"Lengvas ir kompakti\u0161kas \u201eKatadyn\u201c vandens filtras idealiai tinka \u017eygiams, b\u0117gimui ar kelion\u0117ms. Pa\u0161alina bakterijas ir nuos\u0117das, u\u017etikrindamas \u0161var\u0173 geriam\u0105j\u012f vanden\u012f bet kokiomis s\u0105lygomis.","breadcrumb":{"@id":"https:\/\/toidupakk.ee\/lt\/toode\/vandens-filtras-katadyn-befree-06-l-su-buteliuku-skaidrus\/#breadcrumb"},"inLanguage":"lt-LT","potentialAction":[{"@type":"ReadAction","target":["https:\/\/toidupakk.ee\/lt\/toode\/vandens-filtras-katadyn-befree-06-l-su-buteliuku-skaidrus\/"]}]},{"@type":"ImageObject","inLanguage":"lt-LT","@id":"https:\/\/toidupakk.ee\/lt\/toode\/vandens-filtras-katadyn-befree-06-l-su-buteliuku-skaidrus\/#primaryimage","url":"https:\/\/toidupakk.ee\/wp-content\/uploads\/2025\/07\/1-5.png","contentUrl":"https:\/\/toidupakk.ee\/wp-content\/uploads\/2025\/07\/1-5.png","width":800,"height":800},{"@type":"BreadcrumbList","@id":"https:\/\/toidupakk.ee\/lt\/toode\/vandens-filtras-katadyn-befree-06-l-su-buteliuku-skaidrus\/#breadcrumb","itemListElement":[{"@type":"ListItem","position":1,"name":"Avaleht","item":"https:\/\/toidupakk.ee\/lt\/"},{"@type":"ListItem","position":2,"name":"El. parduotuv\u0117","item":"https:\/\/toidupakk.ee\/lt\/el-parduotuve\/"},{"@type":"ListItem","position":3,"name":"Vandens filtras \u201eKatadyn BeFree\u201c 0,6 l su buteliuku (skaidrus)"}]},{"@type":"WebSite","@id":"https:\/\/toidupakk.ee\/lt\/#website","url":"https:\/\/toidupakk.ee\/lt\/","name":"Toidupakk.ee - Tactical Foodpack toidupakid","description":"Tactical Foodpack k\u00fclmkuivatatud toidupakid ja matkaeined","publisher":{"@id":"https:\/\/toidupakk.ee\/lt\/#organization"},"potentialAction":[{"@type":"SearchAction","target":{"@type":"EntryPoint","urlTemplate":"https:\/\/toidupakk.ee\/lt\/?s={search_term_string}"},"query-input":{"@type":"PropertyValueSpecification","valueRequired":true,"valueName":"search_term_string"}}],"inLanguage":"lt-LT"},{"@type":"Organization","@id":"https:\/\/toidupakk.ee\/lt\/#organization","name":"Tactical Foodpack matkaeined","url":"https:\/\/toidupakk.ee\/lt\/","logo":{"@type":"ImageObject","inLanguage":"lt-LT","@id":"https:\/\/toidupakk.ee\/lt\/#\/schema\/logo\/image\/","url":"https:\/\/toidupakk.ee\/wp-content\/uploads\/2022\/01\/Toidupakk-matkapood-logo-transparent.png","contentUrl":"https:\/\/toidupakk.ee\/wp-content\/uploads\/2022\/01\/Toidupakk-matkapood-logo-transparent.png","width":500,"height":500,"caption":"Tactical Foodpack matkaeined"},"image":{"@id":"https:\/\/toidupakk.ee\/lt\/#\/schema\/logo\/image\/"},"sameAs":["https:\/\/www.facebook.com\/Toidupakk","https:\/\/www.instagram.com\/toidupakk\/"]}]}},"jetpack_sharing_enabled":true,"_links":{"self":[{"href":"https:\/\/toidupakk.ee\/lt\/wp-json\/wp\/v2\/product\/45456","targetHints":{"allow":["GET"]}}],"collection":[{"href":"https:\/\/toidupakk.ee\/lt\/wp-json\/wp\/v2\/product"}],"about":[{"href":"https:\/\/toidupakk.ee\/lt\/wp-json\/wp\/v2\/types\/product"}],"replies":[{"embeddable":true,"href":"https:\/\/toidupakk.ee\/lt\/wp-json\/wp\/v2\/comments?post=45456"}],"wp:featuredmedia":[{"embeddable":true,"href":"https:\/\/toidupakk.ee\/lt\/wp-json\/wp\/v2\/media\/37663"}],"wp:attachment":[{"href":"https:\/\/toidupakk.ee\/lt\/wp-json\/wp\/v2\/media?parent=45456"}],"wp:term":[{"taxonomy":"product_brand","embeddable":true,"href":"https:\/\/toidupakk.ee\/lt\/wp-json\/wp\/v2\/product_brand?post=45456"},{"taxonomy":"product_cat","embeddable":true,"href":"https:\/\/toidupakk.ee\/lt\/wp-json\/wp\/v2\/product_cat?post=45456"},{"taxonomy":"product_tag","embeddable":true,"href":"https:\/\/toidupakk.ee\/lt\/wp-json\/wp\/v2\/product_tag?post=45456"}],"curies":[{"name":"wp","href":"https:\/\/api.w.org\/{rel}","templated":true}]}}