{"id":45451,"date":"2025-06-16T14:31:37","date_gmt":"2025-06-16T11:31:37","guid":{"rendered":"https:\/\/toidupakk.ee\/toode\/superausainis-power-up-su-zemes-riesutais\/"},"modified":"2026-04-29T17:01:14","modified_gmt":"2026-04-29T14:01:14","slug":"superausainis-power-up-su-zemes-riesutais","status":"publish","type":"product","link":"https:\/\/toidupakk.ee\/lt\/toode\/superausainis-power-up-su-zemes-riesutais\/","title":{"rendered":"Superausainis POWER-UP su \u017eem\u0117s rie\u0161utais"},"content":{"rendered":"<h3 data-start=\"132\" data-end=\"225\">Superausainis POWER-UP su \u017eem\u0117s rie\u0161utais \u2013 energijos suteikiantis u\u017ekandis, tausojantis tave ir aplink\u0105<\/h3>\n<p data-start=\"227\" data-end=\"517\">Jei tau reikia greito ir maistingo u\u017ekand\u017eio, tinkan\u010dio treniruot\u0117ms, pertraukai darbe ar \u017eygiui, <strong data-start=\"327\" data-end=\"363\">Superausainis POWER-UP su \u017eem\u0117s rie\u0161utais<\/strong> yra idealus pasirinkimas. \u0160is sausainis sujungia vertingus ingredientus su skaniu \u017eem\u0117s rie\u0161ut\u0173 sviestu, suteikdamas energijos ir reikiam\u0173 maistini\u0173 med\u017eiag\u0173 bet kokioje situacijoje. <\/p>\n<p data-start=\"227\" data-end=\"517\"><img fetchpriority=\"high\" decoding=\"async\" class=\"alignnone wp-image-36342 size-thumbnail\" src=\"https:\/\/toidupakk.ee\/wp-content\/uploads\/2025\/06\/greenbite0722_huge-500x500.webp\" alt=\"Superausainis POWER-UP su \u017eem\u0117s rie\u0161utais, visa d\u0117\u017eut\u0117\" width=\"500\" height=\"500\" srcset=\"https:\/\/toidupakk.ee\/wp-content\/uploads\/2025\/06\/greenbite0722_huge-500x500.webp 500w, https:\/\/toidupakk.ee\/wp-content\/uploads\/2025\/06\/greenbite0722_huge-300x300.webp 300w, https:\/\/toidupakk.ee\/wp-content\/uploads\/2025\/06\/greenbite0722_huge-400x400.webp 400w, https:\/\/toidupakk.ee\/wp-content\/uploads\/2025\/06\/greenbite0722_huge-100x100.webp 100w\" sizes=\"(max-width: 500px) 100vw, 500px\" \/><\/p>\n<h3 data-start=\"519\" data-end=\"559\">Sveika ir subalansuota sud\u0117tis \u2013 Superausainis POWER-UP su \u017eem\u0117s rie\u0161utais<\/h3>\n<p data-start=\"561\" data-end=\"893\">Sausainis pagamintas i\u0161 nat\u016brali\u0173, \u0161vari\u0173 ingredient\u0173: avi\u017einiai dribsniai, datul\u0117s ir \u017eem\u0117s rie\u0161ut\u0173 sviestas sudaro jo maisting\u0105 pagrind\u0105. Sausainyje yra <strong data-start=\"739\" data-end=\"762\">22 g augalini\u0173 baltym\u0173 100 g produkto<\/strong>, kurie padeda atsistatyti raumenims ir suteikia ilgalaik\u012f sotumo jausm\u0105. Be to, jis yra be glitimo, be prid\u0117tinio cukraus ir 100 % vegani\u0161kas.  <\/p>\n<p data-start=\"561\" data-end=\"893\"><img decoding=\"async\" class=\"alignnone wp-image-36343 size-thumbnail\" src=\"https:\/\/toidupakk.ee\/wp-content\/uploads\/2025\/06\/greenbite0851_large-500x500.webp\" alt=\"Superausainis POWER-UP su \u017eem\u0117s rie\u0161utais, Superausainis STRENGTH su s\u016bria karamele, Superausainis POWER su \u0161okoladu ir kokosu\" width=\"500\" height=\"500\" srcset=\"https:\/\/toidupakk.ee\/wp-content\/uploads\/2025\/06\/greenbite0851_large-500x500.webp 500w, https:\/\/toidupakk.ee\/wp-content\/uploads\/2025\/06\/greenbite0851_large-300x300.webp 300w, https:\/\/toidupakk.ee\/wp-content\/uploads\/2025\/06\/greenbite0851_large-400x400.webp 400w, https:\/\/toidupakk.ee\/wp-content\/uploads\/2025\/06\/greenbite0851_large-100x100.webp 100w\" sizes=\"(max-width: 500px) 100vw, 500px\" \/><\/p>\n<h3 data-start=\"895\" data-end=\"928\">Patogus ir universalus u\u017ekandis<\/h3>\n<p data-start=\"930\" data-end=\"1169\">Superausainis idealiai tinka greitai energijai prie\u0161 treniruot\u0119, pasiimti \u012f darb\u0105 ar net i\u0161kylai. D\u0117l patogios pakuot\u0117s j\u012f lengva \u012fsimesti \u012f krep\u0161\u012f ar kuprin\u0119 ir pasiimti bet kur \u2013 i\u0161 nam\u0173 \u012f biur\u0105 ar \u012f nuotyki\u0173 kupin\u0105 \u017eyg\u012f. <\/p>\n<h3 data-start=\"1171\" data-end=\"1216\">I\u0161manesnis pasirinkimas k\u016bnui ir planetai<\/h3>\n<p data-start=\"1218\" data-end=\"1655\">Sausainyje yra tik augaliniai baltymai, pagaminti tausojant aplink\u0105 ir paliekant ma\u017eesn\u012f p\u0117dsak\u0105, palyginti su gyv\u016bniniais baltymais. Taip priimi s\u0105moning\u0105 sprendim\u0105 \u2013 palaikai tvari\u0105 mityb\u0105 ir renkiesi sveik\u0105 gyvenimo b\u016bd\u0105, tinkant\u012f tiek tau, tiek planetai.<br data-start=\"1467\" data-end=\"1470\">Tu <strong data-start=\"1473\" data-end=\"1518\">palaikai \u0161vari\u0173 ir sveik\u0173 baltym\u0173 gamyb\u0105<\/strong>, atsisakydamas tradicin\u0117s gyvulininkyst\u0117s, ir priimi <strong data-start=\"1576\" data-end=\"1605\">aplinkai draugi\u0161k\u0105 sprendim\u0105<\/strong>, padedant\u012f i\u0161laikyti pusiausvyr\u0105 tarp tav\u0119s ir gamtos. <\/p>\n<p>Domiesi \u017eygio reikmenimis? Su\u017einok daugiau  <a href=\"https:\/\/toidupakk.ee\/lt\/tootekategooria\/zygio-iranga\/#section-3-79\">\u010cIA<\/a><\/p>\n<p>O gal domina \u017eygio maistas? \u017di\u016br\u0117k <a href=\"https:\/\/toidupakk.ee\/tootekategooria\/matkatoidud\/pearoad\/\">\u010cIA<\/a><\/p>\n<p>Pasisemk \u012fkv\u0117pimo kitiems nuotykiams Toidupakk <a href=\"https:\/\/www.instagram.com\/toidupakk\/\">Instagram<\/a> ir <a href=\"https:\/\/www.facebook.com\/Toidupakk\/\">Facebook<\/a> paskyrose.<\/p>\n","protected":false},"excerpt":{"rendered":"<p><strong>Superausainis POWER-UP su \u017eem\u0117s rie\u0161utais \u2013 augalin\u0117s energijos u\u017etaisas, kuris pasotina ir palaiko!<\/strong><br data-start=\"140\" data-end=\"143\"><strong>Pagamintas i\u0161 \u017eem\u0117s rie\u0161ut\u0173 sviesto, avi\u017eini\u0173 dribsni\u0173 ir datuli\u0173 \u2013 \u0161is sausainis idealiai tinka greitam u\u017ekand\u017eiui. Vartodamas \u0161\u012f sausain\u012f, renkiesi draugi\u0161k\u0105 aplinkai variant\u0105, palaikai \u0161vari\u0173 baltym\u0173 gamyb\u0105 vietoj tradicin\u0117s gyvulininkyst\u0117s ir renkiesi i\u0161teklius tausojan\u010dius baltymus, tinkan\u010dius tiek tau, tiek planetai. <\/strong><\/p>\n<ul>\n<li data-start=\"776\" data-end=\"921\">Vegani\u0161kas<\/li>\n<li data-start=\"776\" data-end=\"921\">Be prid\u0117tinio cukraus<\/li>\n<li data-start=\"776\" data-end=\"921\">Be glitimo<\/li>\n<li data-start=\"776\" data-end=\"921\">22 g augalini\u0173 baltym\u0173 100 g produkto<\/li>\n<li data-start=\"776\" data-end=\"921\">Rank\u0173 darbo, pagaminta Estijoje<\/li>\n<li data-start=\"776\" data-end=\"921\">Daug skaidul\u0173 ir energijos<\/li>\n<\/ul>\n<p data-start=\"923\" data-end=\"1007\" data-is-last-node=\"\" data-is-only-node=\"\">\u2705 Turime sand\u0117lyje, greitas pristatymas per 1\u20133 d. d.<\/p>\n","protected":false},"featured_media":36341,"comment_status":"open","ping_status":"closed","template":"","meta":{"_acf_changed":false},"product_brand":[],"product_cat":[214,215,213,189,190],"product_tag":[194],"class_list":{"0":"post-45451","1":"product","2":"type-product","3":"status-publish","4":"has-post-thumbnail","6":"product_cat-energijos-batoneliai","7":"product_cat-svirpliu-uzkandziai","8":"product_cat-uzkandziai","9":"product_cat-zygio-iranga","10":"product_cat-zygio-prekes","11":"product_tag-no_ads","13":"first","14":"onbackorder","15":"taxable","16":"shipping-taxable","17":"purchasable","18":"product-type-simple"},"bundled_by":[],"bundle_stock_status":"onbackorder","bundle_stock_quantity":-1,"bundle_virtual":false,"bundle_layout":"","bundle_add_to_cart_form_location":"","bundle_editable_in_cart":false,"bundle_sold_individually_context":"","bundle_item_grouping":"","bundle_min_size":"","bundle_max_size":"","bundle_price":[],"bundled_items":[],"bundle_sell_ids":[],"acf":[],"yoast_head":"<!-- This site is optimized with the Yoast SEO plugin v27.3 - https:\/\/yoast.com\/product\/yoast-seo-wordpress\/ -->\n<title>Superausainis POWER-UP su \u017eem\u0117s rie\u0161utais<\/title>\n<meta name=\"description\" content=\"Superausainis POWER-UP su \u017eem\u0117s rie\u0161utais \u2013 skanus ir baltymingas u\u017ekandis su 9,6 g augalini\u0173 baltym\u0173. Vegani\u0161kas, be glitimo ir ekologi\u0161kas pasirinkimas aktyviam \u017emogui.\" \/>\n<meta name=\"robots\" content=\"index, follow, max-snippet:-1, max-image-preview:large, max-video-preview:-1\" \/>\n<link rel=\"canonical\" href=\"https:\/\/toidupakk.ee\/lt\/toode\/superausainis-power-up-su-zemes-riesutais\/\" \/>\n<meta property=\"og:locale\" content=\"lt_LT\" \/>\n<meta property=\"og:type\" content=\"article\" \/>\n<meta property=\"og:title\" content=\"Superausainis POWER-UP su \u017eem\u0117s rie\u0161utais\" \/>\n<meta property=\"og:description\" content=\"Superausainis POWER-UP su \u017eem\u0117s rie\u0161utais \u2013 skanus ir baltymingas u\u017ekandis su 9,6 g augalini\u0173 baltym\u0173. Vegani\u0161kas, be glitimo ir ekologi\u0161kas pasirinkimas aktyviam \u017emogui.\" \/>\n<meta property=\"og:url\" content=\"https:\/\/toidupakk.ee\/lt\/toode\/superausainis-power-up-su-zemes-riesutais\/\" \/>\n<meta property=\"og:site_name\" content=\"Toidupakk.ee - Tactical Foodpack toidupakid\" \/>\n<meta property=\"article:publisher\" content=\"https:\/\/www.facebook.com\/Toidupakk\" \/>\n<meta property=\"article:modified_time\" content=\"2026-04-29T14:01:14+00:00\" \/>\n<meta property=\"og:image\" content=\"https:\/\/toidupakk.ee\/wp-content\/uploads\/2025\/06\/Nimetu-kujundus-19.png\" \/>\n\t<meta property=\"og:image:width\" content=\"800\" \/>\n\t<meta property=\"og:image:height\" content=\"800\" \/>\n\t<meta property=\"og:image:type\" content=\"image\/png\" \/>\n<meta name=\"twitter:card\" content=\"summary_large_image\" \/>\n<meta name=\"twitter:label1\" content=\"Est. reading time\" \/>\n\t<meta name=\"twitter:data1\" content=\"1 minut\u0117\" \/>\n<script type=\"application\/ld+json\" class=\"yoast-schema-graph\">{\"@context\":\"https:\\\/\\\/schema.org\",\"@graph\":[{\"@type\":\"WebPage\",\"@id\":\"https:\\\/\\\/toidupakk.ee\\\/lt\\\/toode\\\/superausainis-power-up-su-zemes-riesutais\\\/\",\"url\":\"https:\\\/\\\/toidupakk.ee\\\/lt\\\/toode\\\/superausainis-power-up-su-zemes-riesutais\\\/\",\"name\":\"Superausainis POWER-UP su \u017eem\u0117s rie\u0161utais\",\"isPartOf\":{\"@id\":\"https:\\\/\\\/toidupakk.ee\\\/lt\\\/#website\"},\"primaryImageOfPage\":{\"@id\":\"https:\\\/\\\/toidupakk.ee\\\/lt\\\/toode\\\/superausainis-power-up-su-zemes-riesutais\\\/#primaryimage\"},\"image\":{\"@id\":\"https:\\\/\\\/toidupakk.ee\\\/lt\\\/toode\\\/superausainis-power-up-su-zemes-riesutais\\\/#primaryimage\"},\"thumbnailUrl\":\"https:\\\/\\\/toidupakk.ee\\\/wp-content\\\/uploads\\\/2025\\\/06\\\/Nimetu-kujundus-19.png\",\"datePublished\":\"2025-06-16T11:31:37+00:00\",\"dateModified\":\"2026-04-29T14:01:14+00:00\",\"description\":\"Superausainis POWER-UP su \u017eem\u0117s rie\u0161utais \u2013 skanus ir baltymingas u\u017ekandis su 9,6 g augalini\u0173 baltym\u0173. Vegani\u0161kas, be glitimo ir ekologi\u0161kas pasirinkimas aktyviam \u017emogui.\",\"breadcrumb\":{\"@id\":\"https:\\\/\\\/toidupakk.ee\\\/lt\\\/toode\\\/superausainis-power-up-su-zemes-riesutais\\\/#breadcrumb\"},\"inLanguage\":\"lt-LT\",\"potentialAction\":[{\"@type\":\"ReadAction\",\"target\":[\"https:\\\/\\\/toidupakk.ee\\\/lt\\\/toode\\\/superausainis-power-up-su-zemes-riesutais\\\/\"]}]},{\"@type\":\"ImageObject\",\"inLanguage\":\"lt-LT\",\"@id\":\"https:\\\/\\\/toidupakk.ee\\\/lt\\\/toode\\\/superausainis-power-up-su-zemes-riesutais\\\/#primaryimage\",\"url\":\"https:\\\/\\\/toidupakk.ee\\\/wp-content\\\/uploads\\\/2025\\\/06\\\/Nimetu-kujundus-19.png\",\"contentUrl\":\"https:\\\/\\\/toidupakk.ee\\\/wp-content\\\/uploads\\\/2025\\\/06\\\/Nimetu-kujundus-19.png\",\"width\":800,\"height\":800},{\"@type\":\"BreadcrumbList\",\"@id\":\"https:\\\/\\\/toidupakk.ee\\\/lt\\\/toode\\\/superausainis-power-up-su-zemes-riesutais\\\/#breadcrumb\",\"itemListElement\":[{\"@type\":\"ListItem\",\"position\":1,\"name\":\"Avaleht\",\"item\":\"https:\\\/\\\/toidupakk.ee\\\/lt\\\/\"},{\"@type\":\"ListItem\",\"position\":2,\"name\":\"El. parduotuv\u0117\",\"item\":\"https:\\\/\\\/toidupakk.ee\\\/lt\\\/el-parduotuve\\\/\"},{\"@type\":\"ListItem\",\"position\":3,\"name\":\"Superausainis POWER-UP su \u017eem\u0117s rie\u0161utais\"}]},{\"@type\":\"WebSite\",\"@id\":\"https:\\\/\\\/toidupakk.ee\\\/lt\\\/#website\",\"url\":\"https:\\\/\\\/toidupakk.ee\\\/lt\\\/\",\"name\":\"Toidupakk.ee - Tactical Foodpack toidupakid\",\"description\":\"Tactical Foodpack k\u00fclmkuivatatud toidupakid ja matkaeined\",\"publisher\":{\"@id\":\"https:\\\/\\\/toidupakk.ee\\\/lt\\\/#organization\"},\"potentialAction\":[{\"@type\":\"SearchAction\",\"target\":{\"@type\":\"EntryPoint\",\"urlTemplate\":\"https:\\\/\\\/toidupakk.ee\\\/lt\\\/?s={search_term_string}\"},\"query-input\":{\"@type\":\"PropertyValueSpecification\",\"valueRequired\":true,\"valueName\":\"search_term_string\"}}],\"inLanguage\":\"lt-LT\"},{\"@type\":\"Organization\",\"@id\":\"https:\\\/\\\/toidupakk.ee\\\/lt\\\/#organization\",\"name\":\"Tactical Foodpack matkaeined\",\"url\":\"https:\\\/\\\/toidupakk.ee\\\/lt\\\/\",\"logo\":{\"@type\":\"ImageObject\",\"inLanguage\":\"lt-LT\",\"@id\":\"https:\\\/\\\/toidupakk.ee\\\/lt\\\/#\\\/schema\\\/logo\\\/image\\\/\",\"url\":\"https:\\\/\\\/toidupakk.ee\\\/wp-content\\\/uploads\\\/2022\\\/01\\\/Toidupakk-matkapood-logo-transparent.png\",\"contentUrl\":\"https:\\\/\\\/toidupakk.ee\\\/wp-content\\\/uploads\\\/2022\\\/01\\\/Toidupakk-matkapood-logo-transparent.png\",\"width\":500,\"height\":500,\"caption\":\"Tactical Foodpack matkaeined\"},\"image\":{\"@id\":\"https:\\\/\\\/toidupakk.ee\\\/lt\\\/#\\\/schema\\\/logo\\\/image\\\/\"},\"sameAs\":[\"https:\\\/\\\/www.facebook.com\\\/Toidupakk\",\"https:\\\/\\\/www.instagram.com\\\/toidupakk\\\/\"]}]}<\/script>\n<!-- \/ Yoast SEO plugin. -->","yoast_head_json":{"title":"Superausainis POWER-UP su \u017eem\u0117s rie\u0161utais","description":"Superausainis POWER-UP su \u017eem\u0117s rie\u0161utais \u2013 skanus ir baltymingas u\u017ekandis su 9,6 g augalini\u0173 baltym\u0173. Vegani\u0161kas, be glitimo ir ekologi\u0161kas pasirinkimas aktyviam \u017emogui.","robots":{"index":"index","follow":"follow","max-snippet":"max-snippet:-1","max-image-preview":"max-image-preview:large","max-video-preview":"max-video-preview:-1"},"canonical":"https:\/\/toidupakk.ee\/lt\/toode\/superausainis-power-up-su-zemes-riesutais\/","og_locale":"lt_LT","og_type":"article","og_title":"Superausainis POWER-UP su \u017eem\u0117s rie\u0161utais","og_description":"Superausainis POWER-UP su \u017eem\u0117s rie\u0161utais \u2013 skanus ir baltymingas u\u017ekandis su 9,6 g augalini\u0173 baltym\u0173. Vegani\u0161kas, be glitimo ir ekologi\u0161kas pasirinkimas aktyviam \u017emogui.","og_url":"https:\/\/toidupakk.ee\/lt\/toode\/superausainis-power-up-su-zemes-riesutais\/","og_site_name":"Toidupakk.ee - Tactical Foodpack toidupakid","article_publisher":"https:\/\/www.facebook.com\/Toidupakk","article_modified_time":"2026-04-29T14:01:14+00:00","og_image":[{"width":800,"height":800,"url":"https:\/\/toidupakk.ee\/wp-content\/uploads\/2025\/06\/Nimetu-kujundus-19.png","type":"image\/png"}],"twitter_card":"summary_large_image","twitter_misc":{"Est. reading time":"1 minut\u0117"},"schema":{"@context":"https:\/\/schema.org","@graph":[{"@type":"WebPage","@id":"https:\/\/toidupakk.ee\/lt\/toode\/superausainis-power-up-su-zemes-riesutais\/","url":"https:\/\/toidupakk.ee\/lt\/toode\/superausainis-power-up-su-zemes-riesutais\/","name":"Superausainis POWER-UP su \u017eem\u0117s rie\u0161utais","isPartOf":{"@id":"https:\/\/toidupakk.ee\/lt\/#website"},"primaryImageOfPage":{"@id":"https:\/\/toidupakk.ee\/lt\/toode\/superausainis-power-up-su-zemes-riesutais\/#primaryimage"},"image":{"@id":"https:\/\/toidupakk.ee\/lt\/toode\/superausainis-power-up-su-zemes-riesutais\/#primaryimage"},"thumbnailUrl":"https:\/\/toidupakk.ee\/wp-content\/uploads\/2025\/06\/Nimetu-kujundus-19.png","datePublished":"2025-06-16T11:31:37+00:00","dateModified":"2026-04-29T14:01:14+00:00","description":"Superausainis POWER-UP su \u017eem\u0117s rie\u0161utais \u2013 skanus ir baltymingas u\u017ekandis su 9,6 g augalini\u0173 baltym\u0173. Vegani\u0161kas, be glitimo ir ekologi\u0161kas pasirinkimas aktyviam \u017emogui.","breadcrumb":{"@id":"https:\/\/toidupakk.ee\/lt\/toode\/superausainis-power-up-su-zemes-riesutais\/#breadcrumb"},"inLanguage":"lt-LT","potentialAction":[{"@type":"ReadAction","target":["https:\/\/toidupakk.ee\/lt\/toode\/superausainis-power-up-su-zemes-riesutais\/"]}]},{"@type":"ImageObject","inLanguage":"lt-LT","@id":"https:\/\/toidupakk.ee\/lt\/toode\/superausainis-power-up-su-zemes-riesutais\/#primaryimage","url":"https:\/\/toidupakk.ee\/wp-content\/uploads\/2025\/06\/Nimetu-kujundus-19.png","contentUrl":"https:\/\/toidupakk.ee\/wp-content\/uploads\/2025\/06\/Nimetu-kujundus-19.png","width":800,"height":800},{"@type":"BreadcrumbList","@id":"https:\/\/toidupakk.ee\/lt\/toode\/superausainis-power-up-su-zemes-riesutais\/#breadcrumb","itemListElement":[{"@type":"ListItem","position":1,"name":"Avaleht","item":"https:\/\/toidupakk.ee\/lt\/"},{"@type":"ListItem","position":2,"name":"El. parduotuv\u0117","item":"https:\/\/toidupakk.ee\/lt\/el-parduotuve\/"},{"@type":"ListItem","position":3,"name":"Superausainis POWER-UP su \u017eem\u0117s rie\u0161utais"}]},{"@type":"WebSite","@id":"https:\/\/toidupakk.ee\/lt\/#website","url":"https:\/\/toidupakk.ee\/lt\/","name":"Toidupakk.ee - Tactical Foodpack toidupakid","description":"Tactical Foodpack k\u00fclmkuivatatud toidupakid ja matkaeined","publisher":{"@id":"https:\/\/toidupakk.ee\/lt\/#organization"},"potentialAction":[{"@type":"SearchAction","target":{"@type":"EntryPoint","urlTemplate":"https:\/\/toidupakk.ee\/lt\/?s={search_term_string}"},"query-input":{"@type":"PropertyValueSpecification","valueRequired":true,"valueName":"search_term_string"}}],"inLanguage":"lt-LT"},{"@type":"Organization","@id":"https:\/\/toidupakk.ee\/lt\/#organization","name":"Tactical Foodpack matkaeined","url":"https:\/\/toidupakk.ee\/lt\/","logo":{"@type":"ImageObject","inLanguage":"lt-LT","@id":"https:\/\/toidupakk.ee\/lt\/#\/schema\/logo\/image\/","url":"https:\/\/toidupakk.ee\/wp-content\/uploads\/2022\/01\/Toidupakk-matkapood-logo-transparent.png","contentUrl":"https:\/\/toidupakk.ee\/wp-content\/uploads\/2022\/01\/Toidupakk-matkapood-logo-transparent.png","width":500,"height":500,"caption":"Tactical Foodpack matkaeined"},"image":{"@id":"https:\/\/toidupakk.ee\/lt\/#\/schema\/logo\/image\/"},"sameAs":["https:\/\/www.facebook.com\/Toidupakk","https:\/\/www.instagram.com\/toidupakk\/"]}]}},"jetpack_sharing_enabled":true,"_links":{"self":[{"href":"https:\/\/toidupakk.ee\/lt\/wp-json\/wp\/v2\/product\/45451","targetHints":{"allow":["GET"]}}],"collection":[{"href":"https:\/\/toidupakk.ee\/lt\/wp-json\/wp\/v2\/product"}],"about":[{"href":"https:\/\/toidupakk.ee\/lt\/wp-json\/wp\/v2\/types\/product"}],"replies":[{"embeddable":true,"href":"https:\/\/toidupakk.ee\/lt\/wp-json\/wp\/v2\/comments?post=45451"}],"wp:featuredmedia":[{"embeddable":true,"href":"https:\/\/toidupakk.ee\/lt\/wp-json\/wp\/v2\/media\/36341"}],"wp:attachment":[{"href":"https:\/\/toidupakk.ee\/lt\/wp-json\/wp\/v2\/media?parent=45451"}],"wp:term":[{"taxonomy":"product_brand","embeddable":true,"href":"https:\/\/toidupakk.ee\/lt\/wp-json\/wp\/v2\/product_brand?post=45451"},{"taxonomy":"product_cat","embeddable":true,"href":"https:\/\/toidupakk.ee\/lt\/wp-json\/wp\/v2\/product_cat?post=45451"},{"taxonomy":"product_tag","embeddable":true,"href":"https:\/\/toidupakk.ee\/lt\/wp-json\/wp\/v2\/product_tag?post=45451"}],"curies":[{"name":"wp","href":"https:\/\/api.w.org\/{rel}","templated":true}]}}