{"id":45435,"date":"2025-07-30T12:08:57","date_gmt":"2025-07-30T09:08:57","guid":{"rendered":"https:\/\/toidupakk.ee\/toode\/vandens-filtras-katadyn-befree-1-0l-su-gertuve-skaidrus\/"},"modified":"2026-04-21T12:00:36","modified_gmt":"2026-04-21T09:00:36","slug":"vandens-filtras-katadyn-befree-1-0l-su-gertuve-skaidrus","status":"publish","type":"product","link":"https:\/\/toidupakk.ee\/lt\/toode\/vandens-filtras-katadyn-befree-1-0l-su-gertuve-skaidrus\/","title":{"rendered":"Vandens filtras Katadyn BeFree 1.0L su gertuve (skaidrus)"},"content":{"rendered":"<h1 data-start=\"136\" data-end=\"210\"><strong data-start=\"140\" data-end=\"210\">Vandens filtras Katadyn BeFree 1.0L \u2013 \u0161varus vanduo bet kada ir bet kur<\/strong><\/h1>\n<p data-start=\"212\" data-end=\"627\"><strong data-start=\"212\" data-end=\"245\">Vandens filtras Katadyn BeFree 1.0L<\/strong> sukurtas aktyviam \u017emogui, vertinan\u010diam patikimum\u0105, lengvum\u0105 ir laisv\u0119 gerti \u0161var\u0173 vanden\u012f visur, kur tik nuves gyvenimas. Tai idealus sprendimas \u017eygiams, b\u0117gimui, kelion\u0117ms dvira\u010diu ar kitiems nuotykiams gamtoje. D\u0117l ma\u017eo svorio \u2013 vos 63 g \u2013 ir sulankstomo dizaino \u0161i mink\u0161ta gertuv\u0117 lengvai telpa \u012f ki\u0161en\u0119, dviratininko mar\u0161kin\u0117li\u0173 nugaros ki\u0161en\u0119 ar kuprin\u0119.  <\/p>\n<p data-start=\"212\" data-end=\"627\"><img fetchpriority=\"high\" decoding=\"async\" class=\"alignnone wp-image-37670 size-thumbnail\" src=\"https:\/\/toidupakk.ee\/wp-content\/uploads\/2025\/07\/4-4-500x500.png\" alt=\"Vandens filtro Katadyn naudojimo instrukcija: rask \u0161vie\u017eio vandens \u0161altin\u012f, u\u017esuk filtr\u0105 ant gertuv\u0117s, lengvai suspausk ir gerk tiesiai \u2013 saugus vandens vartojimas keliaujant.\" width=\"500\" height=\"500\" srcset=\"https:\/\/toidupakk.ee\/wp-content\/uploads\/2025\/07\/4-4-500x500.png 500w, https:\/\/toidupakk.ee\/wp-content\/uploads\/2025\/07\/4-4-300x300.png 300w, https:\/\/toidupakk.ee\/wp-content\/uploads\/2025\/07\/4-4-768x768.png 768w, https:\/\/toidupakk.ee\/wp-content\/uploads\/2025\/07\/4-4-400x400.png 400w, https:\/\/toidupakk.ee\/wp-content\/uploads\/2025\/07\/4-4-100x100.png 100w, https:\/\/toidupakk.ee\/wp-content\/uploads\/2025\/07\/4-4.png 800w\" sizes=\"(max-width: 500px) 100vw, 500px\" \/><\/p>\n<p data-start=\"629\" data-end=\"1007\">Katadyn BeFree 1.0L naudoja <strong data-start=\"657\" data-end=\"679\">EZ-Clean Membrane\u2122<\/strong> technologij\u0105, kuri efektyviai pa\u0161alina bakterijas, pirmuonis ir kitas priemai\u0161as i\u0161 vandens. \u0160io filtro por\u0173 dydis yra tik 0,1 mikrono, o tai rei\u0161kia, kad net i\u0161 nat\u016brali\u0173 \u0161altini\u0173 surinktas vanduo tampa saugus ir tinkamas gerti. Vandens pa\u0117mimo anga yra plati, tod\u0117l gertuv\u0119 u\u017epildyti paprasta ir greita net sekliame ar tekan\u010diame vandenyje.  <\/p>\n<p data-start=\"1009\" data-end=\"1399\"><strong data-start=\"1009\" data-end=\"1030\">Vandens filtras Katadyn<\/strong> gali filtruoti iki <strong data-start=\"1055\" data-end=\"1081\">2 litr\u0173 vandens per minut\u0119<\/strong>, u\u017etikrindamas greit\u0105 vandens srov\u0119 net judant. Maksimalus filtravimo paj\u0117gumas yra iki <strong data-start=\"1168\" data-end=\"1184\">1000 litr\u0173<\/strong>, priklausomai nuo vandens kokyb\u0117s. Valymas paprastas ir nereikalauja speciali\u0173 \u012franki\u0173 \u2013 pakanka tiesiog praskalauti filtr\u0105 arba papurtyti j\u012f vandenyje. D\u0117l to \u012frengin\u012f itin patogu naudoti tiek gamtoje, tiek namuose.   <\/p>\n<p data-start=\"1401\" data-end=\"1794\">Produktas pagamintas i\u0161 <strong data-start=\"1422\" data-end=\"1465\">100 % PVC ir BPA neturin\u010di\u0173 med\u017eiag\u0173<\/strong>, u\u017etikrinant sveikatai saug\u0173 ir aplink\u0105 tausojant\u012f naudojim\u0105. <strong data-start=\"1530\" data-end=\"1563\">Vandens filtras Katadyn BeFree 1.0L<\/strong> yra patikimas pasirinkimas nuotyki\u0173 ie\u0161kotojui, norin\u010diam gerti \u0161var\u0173 vanden\u012f nesine\u0161iojant dideli\u0173 vandens talp\u0173 ar chemini\u0173 valymo priemoni\u0173. Tai tavo patikimas palydovas tiek trumpam pasivaik\u0161\u010diojimui, tiek keli\u0173 dien\u0173 \u017eygiui. <\/p>\n<p data-start=\"1401\" data-end=\"1794\"><img decoding=\"async\" class=\"alignnone wp-image-37669 size-thumbnail\" src=\"https:\/\/toidupakk.ee\/wp-content\/uploads\/2025\/07\/3-5-500x500.jpg\" alt=\"Vandens filtro Katadyn BeFree 1.0L gertuv\u0117 prie kaln\u0173 e\u017eero vandeniui valyti \u2013 pa\u0161alina 99,99 % bakterij\u0173 ir pirmuoni\u0173 tiesiai i\u0161 nat\u016bralaus vandens \u0161altinio.\" width=\"500\" height=\"500\" srcset=\"https:\/\/toidupakk.ee\/wp-content\/uploads\/2025\/07\/3-5-500x500.jpg 500w, https:\/\/toidupakk.ee\/wp-content\/uploads\/2025\/07\/3-5-300x300.jpg 300w, https:\/\/toidupakk.ee\/wp-content\/uploads\/2025\/07\/3-5-768x768.jpg 768w, https:\/\/toidupakk.ee\/wp-content\/uploads\/2025\/07\/3-5-400x400.jpg 400w, https:\/\/toidupakk.ee\/wp-content\/uploads\/2025\/07\/3-5-100x100.jpg 100w, https:\/\/toidupakk.ee\/wp-content\/uploads\/2025\/07\/3-5.jpg 800w\" sizes=\"(max-width: 500px) 100vw, 500px\" \/><\/p>\n<h2 data-start=\"123\" data-end=\"148\"><strong data-start=\"127\" data-end=\"148\">Techniniai duomenys \u2013 <\/strong><strong data-start=\"140\" data-end=\"210\">Vandens filtras Katadyn BeFree 1.0L<\/strong><\/h2>\n<ul>\n<li data-start=\"152\" data-end=\"180\"><strong data-start=\"250\" data-end=\"264\">Produkto tipas:<\/strong> Mink\u0161ta gertuv\u0117 (softflask)<\/li>\n<li data-start=\"152\" data-end=\"180\"><strong data-start=\"296\" data-end=\"308\">Vandens srov\u0117:<\/strong> 2 litrai per minut\u0119<\/li>\n<li data-start=\"152\" data-end=\"180\"><strong data-start=\"331\" data-end=\"356\">Filtravimo paj\u0117gumas:<\/strong> Iki 1000 litr\u0173<\/li>\n<li data-start=\"152\" data-end=\"180\"><strong data-start=\"379\" data-end=\"391\">Apsaugo:<\/strong> Nuo mikroorganizm\u0173<\/li>\n<li data-start=\"152\" data-end=\"180\"><strong data-start=\"418\" data-end=\"429\">Ilgis:<\/strong> 265 mm<\/li>\n<li data-start=\"152\" data-end=\"180\"><strong data-start=\"441\" data-end=\"451\">Plotis:<\/strong> 65 mm<\/li>\n<li data-start=\"152\" data-end=\"180\"><strong data-start=\"462\" data-end=\"473\">Auk\u0161tis:<\/strong> 80 mm<\/li>\n<li data-start=\"152\" data-end=\"180\"><strong data-start=\"484\" data-end=\"493\">Svoris:<\/strong> 63 g<\/li>\n<\/ul>\n<p>Papildomai per\u017ei\u016br\u0117k \u012fvairi\u0105 reikaling\u0105 \u017eygio \u012frang\u0105 ir indus <a href=\"https:\/\/toidupakk.ee\/lt\/tootekategooria\/zygio-iranga\/#section-3-79\">\u010cIA<\/a><\/p>\n<p>Per\u017ei\u016br\u0117k daugiau \u017eygio maisto <a href=\"\/?product_cat=snakk#section-3-79\">\u010cIA<\/a><\/p>\n<p>Rask \u012fkv\u0117pimo kitiems nuotykiams Toidupakk <a href=\"https:\/\/www.instagram.com\/toidupakk\/\">Instagram<\/a> ir <a href=\"https:\/\/www.facebook.com\/Toidupakk\/\">Facebook<\/a> paskyrose.<\/p>\n","protected":false},"excerpt":{"rendered":"<p><strong>Vandens filtras Katadyn BeFree 1.0L pa\u0161alina i\u0161 vandens bakterijas, pirmuonis ir nuos\u0117das.<\/strong><\/p>\n<ul>\n<li data-start=\"160\" data-end=\"237\">Lengvas (63 g) ir patogiai ne\u0161iojamas \u2013 puikiai tinka aktyviam naudojimui.<\/li>\n<li data-start=\"160\" data-end=\"237\">Filtro por\u0173 dydis yra 0,1 mikrono, o tai u\u017etikrina auk\u0161t\u0105 valymo efektyvum\u0105.<\/li>\n<li data-start=\"160\" data-end=\"237\">Bendras filtro paj\u0117gumas iki 1000 litr\u0173, priklausomai nuo vandens kokyb\u0117s.<\/li>\n<li data-start=\"160\" data-end=\"237\">Vandens srov\u0117 iki 2 litr\u0173 per minut\u0119 \u2013 idealu ir sportuojant.<\/li>\n<li data-start=\"160\" data-end=\"237\">Gertuv\u0117 yra sulankstoma ir telpa \u012f ma\u017eas erdves, pavyzd\u017eiui, ki\u0161en\u0119 ar \u017evejybos liemen\u0119.<\/li>\n<li data-start=\"160\" data-end=\"237\">EZ-Clean Membrane\u2122 yra lengvai valoma \u2013 pakanka praskalauti arba papurtyti, be joki\u0173 \u012franki\u0173.<\/li>\n<li data-start=\"160\" data-end=\"237\">Pagaminta i\u0161 100 % PVC ir BPA neturin\u010di\u0173 med\u017eiag\u0173<\/li>\n<\/ul>\n<p>\u2705 Turime sand\u0117lyje, greitas pristatymas per 1\u20133 darbo dienas<\/p>\n","protected":false},"featured_media":37672,"comment_status":"open","ping_status":"closed","template":"","meta":{"_acf_changed":false},"product_brand":[],"product_cat":[200,203,211,189,190],"product_tag":[],"class_list":{"0":"post-45435","1":"product","2":"type-product","3":"status-publish","4":"has-post-thumbnail","6":"product_cat-praktiskos-dovanu-idejos","7":"product_cat-termosai-ir-gertuves","8":"product_cat-vandens-valymas","9":"product_cat-zygio-iranga","10":"product_cat-zygio-prekes","12":"first","13":"instock","14":"sale","15":"taxable","16":"shipping-taxable","17":"purchasable","18":"product-type-simple"},"bundled_by":[],"bundle_stock_status":"instock","bundle_stock_quantity":8,"bundle_virtual":false,"bundle_layout":"","bundle_add_to_cart_form_location":"","bundle_editable_in_cart":false,"bundle_sold_individually_context":"","bundle_item_grouping":"","bundle_min_size":"","bundle_max_size":"","bundle_price":[],"bundled_items":[],"bundle_sell_ids":[],"acf":[],"yoast_head":"<!-- This site is optimized with the Yoast SEO plugin v27.3 - https:\/\/yoast.com\/product\/yoast-seo-wordpress\/ -->\n<title>Vandens filtras Katadyn BeFree 1.0L su gertuve (skaidrus)<\/title>\n<meta name=\"description\" content=\"Vandens filtras Katadyn BeFree 1.0L yra lengvas ir sulankstomas vandens valymo \u012frenginys, kuris pa\u0161alina mikroorganizmus ir u\u017etikrina \u0161var\u0173 geriam\u0105j\u012f vanden\u012f bet kur. Idealiai tinka \u017eygiams.\" \/>\n<meta name=\"robots\" content=\"index, follow, max-snippet:-1, max-image-preview:large, max-video-preview:-1\" \/>\n<link rel=\"canonical\" href=\"https:\/\/toidupakk.ee\/lt\/toode\/vandens-filtras-katadyn-befree-1-0l-su-gertuve-skaidrus\/\" \/>\n<meta property=\"og:locale\" content=\"lt_LT\" \/>\n<meta property=\"og:type\" content=\"article\" \/>\n<meta property=\"og:title\" content=\"Vandens filtras Katadyn BeFree 1.0L su gertuve (skaidrus)\" \/>\n<meta property=\"og:description\" content=\"Vandens filtras Katadyn BeFree 1.0L yra lengvas ir sulankstomas vandens valymo \u012frenginys, kuris pa\u0161alina mikroorganizmus ir u\u017etikrina \u0161var\u0173 geriam\u0105j\u012f vanden\u012f bet kur. Idealiai tinka \u017eygiams.\" \/>\n<meta property=\"og:url\" content=\"https:\/\/toidupakk.ee\/lt\/toode\/vandens-filtras-katadyn-befree-1-0l-su-gertuve-skaidrus\/\" \/>\n<meta property=\"og:site_name\" content=\"Toidupakk.ee - Tactical Foodpack toidupakid\" \/>\n<meta property=\"article:publisher\" content=\"https:\/\/www.facebook.com\/Toidupakk\" \/>\n<meta property=\"article:modified_time\" content=\"2026-04-21T09:00:36+00:00\" \/>\n<meta property=\"og:image\" content=\"https:\/\/toidupakk.ee\/wp-content\/uploads\/2025\/07\/1-6.png\" \/>\n\t<meta property=\"og:image:width\" content=\"800\" \/>\n\t<meta property=\"og:image:height\" content=\"800\" \/>\n\t<meta property=\"og:image:type\" content=\"image\/png\" \/>\n<meta name=\"twitter:card\" content=\"summary_large_image\" \/>\n<meta name=\"twitter:label1\" content=\"Est. reading time\" \/>\n\t<meta name=\"twitter:data1\" content=\"2 minut\u0117s\" \/>\n<script type=\"application\/ld+json\" class=\"yoast-schema-graph\">{\"@context\":\"https:\\\/\\\/schema.org\",\"@graph\":[{\"@type\":\"WebPage\",\"@id\":\"https:\\\/\\\/toidupakk.ee\\\/lt\\\/toode\\\/vandens-filtras-katadyn-befree-1-0l-su-gertuve-skaidrus\\\/\",\"url\":\"https:\\\/\\\/toidupakk.ee\\\/lt\\\/toode\\\/vandens-filtras-katadyn-befree-1-0l-su-gertuve-skaidrus\\\/\",\"name\":\"Vandens filtras Katadyn BeFree 1.0L su gertuve (skaidrus)\",\"isPartOf\":{\"@id\":\"https:\\\/\\\/toidupakk.ee\\\/lt\\\/#website\"},\"primaryImageOfPage\":{\"@id\":\"https:\\\/\\\/toidupakk.ee\\\/lt\\\/toode\\\/vandens-filtras-katadyn-befree-1-0l-su-gertuve-skaidrus\\\/#primaryimage\"},\"image\":{\"@id\":\"https:\\\/\\\/toidupakk.ee\\\/lt\\\/toode\\\/vandens-filtras-katadyn-befree-1-0l-su-gertuve-skaidrus\\\/#primaryimage\"},\"thumbnailUrl\":\"https:\\\/\\\/toidupakk.ee\\\/wp-content\\\/uploads\\\/2025\\\/07\\\/1-6.png\",\"datePublished\":\"2025-07-30T09:08:57+00:00\",\"dateModified\":\"2026-04-21T09:00:36+00:00\",\"description\":\"Vandens filtras Katadyn BeFree 1.0L yra lengvas ir sulankstomas vandens valymo \u012frenginys, kuris pa\u0161alina mikroorganizmus ir u\u017etikrina \u0161var\u0173 geriam\u0105j\u012f vanden\u012f bet kur. Idealiai tinka \u017eygiams.\",\"breadcrumb\":{\"@id\":\"https:\\\/\\\/toidupakk.ee\\\/lt\\\/toode\\\/vandens-filtras-katadyn-befree-1-0l-su-gertuve-skaidrus\\\/#breadcrumb\"},\"inLanguage\":\"lt-LT\",\"potentialAction\":[{\"@type\":\"ReadAction\",\"target\":[\"https:\\\/\\\/toidupakk.ee\\\/lt\\\/toode\\\/vandens-filtras-katadyn-befree-1-0l-su-gertuve-skaidrus\\\/\"]}]},{\"@type\":\"ImageObject\",\"inLanguage\":\"lt-LT\",\"@id\":\"https:\\\/\\\/toidupakk.ee\\\/lt\\\/toode\\\/vandens-filtras-katadyn-befree-1-0l-su-gertuve-skaidrus\\\/#primaryimage\",\"url\":\"https:\\\/\\\/toidupakk.ee\\\/wp-content\\\/uploads\\\/2025\\\/07\\\/1-6.png\",\"contentUrl\":\"https:\\\/\\\/toidupakk.ee\\\/wp-content\\\/uploads\\\/2025\\\/07\\\/1-6.png\",\"width\":800,\"height\":800},{\"@type\":\"BreadcrumbList\",\"@id\":\"https:\\\/\\\/toidupakk.ee\\\/lt\\\/toode\\\/vandens-filtras-katadyn-befree-1-0l-su-gertuve-skaidrus\\\/#breadcrumb\",\"itemListElement\":[{\"@type\":\"ListItem\",\"position\":1,\"name\":\"Avaleht\",\"item\":\"https:\\\/\\\/toidupakk.ee\\\/lt\\\/\"},{\"@type\":\"ListItem\",\"position\":2,\"name\":\"El. parduotuv\u0117\",\"item\":\"https:\\\/\\\/toidupakk.ee\\\/lt\\\/el-parduotuve\\\/\"},{\"@type\":\"ListItem\",\"position\":3,\"name\":\"Vandens filtras Katadyn BeFree 1.0L su gertuve (skaidrus)\"}]},{\"@type\":\"WebSite\",\"@id\":\"https:\\\/\\\/toidupakk.ee\\\/lt\\\/#website\",\"url\":\"https:\\\/\\\/toidupakk.ee\\\/lt\\\/\",\"name\":\"Toidupakk.ee - Tactical Foodpack toidupakid\",\"description\":\"Tactical Foodpack k\u00fclmkuivatatud toidupakid ja matkaeined\",\"publisher\":{\"@id\":\"https:\\\/\\\/toidupakk.ee\\\/lt\\\/#organization\"},\"potentialAction\":[{\"@type\":\"SearchAction\",\"target\":{\"@type\":\"EntryPoint\",\"urlTemplate\":\"https:\\\/\\\/toidupakk.ee\\\/lt\\\/?s={search_term_string}\"},\"query-input\":{\"@type\":\"PropertyValueSpecification\",\"valueRequired\":true,\"valueName\":\"search_term_string\"}}],\"inLanguage\":\"lt-LT\"},{\"@type\":\"Organization\",\"@id\":\"https:\\\/\\\/toidupakk.ee\\\/lt\\\/#organization\",\"name\":\"Tactical Foodpack matkaeined\",\"url\":\"https:\\\/\\\/toidupakk.ee\\\/lt\\\/\",\"logo\":{\"@type\":\"ImageObject\",\"inLanguage\":\"lt-LT\",\"@id\":\"https:\\\/\\\/toidupakk.ee\\\/lt\\\/#\\\/schema\\\/logo\\\/image\\\/\",\"url\":\"https:\\\/\\\/toidupakk.ee\\\/wp-content\\\/uploads\\\/2022\\\/01\\\/Toidupakk-matkapood-logo-transparent.png\",\"contentUrl\":\"https:\\\/\\\/toidupakk.ee\\\/wp-content\\\/uploads\\\/2022\\\/01\\\/Toidupakk-matkapood-logo-transparent.png\",\"width\":500,\"height\":500,\"caption\":\"Tactical Foodpack matkaeined\"},\"image\":{\"@id\":\"https:\\\/\\\/toidupakk.ee\\\/lt\\\/#\\\/schema\\\/logo\\\/image\\\/\"},\"sameAs\":[\"https:\\\/\\\/www.facebook.com\\\/Toidupakk\",\"https:\\\/\\\/www.instagram.com\\\/toidupakk\\\/\"]}]}<\/script>\n<!-- \/ Yoast SEO plugin. -->","yoast_head_json":{"title":"Vandens filtras Katadyn BeFree 1.0L su gertuve (skaidrus)","description":"Vandens filtras Katadyn BeFree 1.0L yra lengvas ir sulankstomas vandens valymo \u012frenginys, kuris pa\u0161alina mikroorganizmus ir u\u017etikrina \u0161var\u0173 geriam\u0105j\u012f vanden\u012f bet kur. Idealiai tinka \u017eygiams.","robots":{"index":"index","follow":"follow","max-snippet":"max-snippet:-1","max-image-preview":"max-image-preview:large","max-video-preview":"max-video-preview:-1"},"canonical":"https:\/\/toidupakk.ee\/lt\/toode\/vandens-filtras-katadyn-befree-1-0l-su-gertuve-skaidrus\/","og_locale":"lt_LT","og_type":"article","og_title":"Vandens filtras Katadyn BeFree 1.0L su gertuve (skaidrus)","og_description":"Vandens filtras Katadyn BeFree 1.0L yra lengvas ir sulankstomas vandens valymo \u012frenginys, kuris pa\u0161alina mikroorganizmus ir u\u017etikrina \u0161var\u0173 geriam\u0105j\u012f vanden\u012f bet kur. Idealiai tinka \u017eygiams.","og_url":"https:\/\/toidupakk.ee\/lt\/toode\/vandens-filtras-katadyn-befree-1-0l-su-gertuve-skaidrus\/","og_site_name":"Toidupakk.ee - Tactical Foodpack toidupakid","article_publisher":"https:\/\/www.facebook.com\/Toidupakk","article_modified_time":"2026-04-21T09:00:36+00:00","og_image":[{"width":800,"height":800,"url":"https:\/\/toidupakk.ee\/wp-content\/uploads\/2025\/07\/1-6.png","type":"image\/png"}],"twitter_card":"summary_large_image","twitter_misc":{"Est. reading time":"2 minut\u0117s"},"schema":{"@context":"https:\/\/schema.org","@graph":[{"@type":"WebPage","@id":"https:\/\/toidupakk.ee\/lt\/toode\/vandens-filtras-katadyn-befree-1-0l-su-gertuve-skaidrus\/","url":"https:\/\/toidupakk.ee\/lt\/toode\/vandens-filtras-katadyn-befree-1-0l-su-gertuve-skaidrus\/","name":"Vandens filtras Katadyn BeFree 1.0L su gertuve (skaidrus)","isPartOf":{"@id":"https:\/\/toidupakk.ee\/lt\/#website"},"primaryImageOfPage":{"@id":"https:\/\/toidupakk.ee\/lt\/toode\/vandens-filtras-katadyn-befree-1-0l-su-gertuve-skaidrus\/#primaryimage"},"image":{"@id":"https:\/\/toidupakk.ee\/lt\/toode\/vandens-filtras-katadyn-befree-1-0l-su-gertuve-skaidrus\/#primaryimage"},"thumbnailUrl":"https:\/\/toidupakk.ee\/wp-content\/uploads\/2025\/07\/1-6.png","datePublished":"2025-07-30T09:08:57+00:00","dateModified":"2026-04-21T09:00:36+00:00","description":"Vandens filtras Katadyn BeFree 1.0L yra lengvas ir sulankstomas vandens valymo \u012frenginys, kuris pa\u0161alina mikroorganizmus ir u\u017etikrina \u0161var\u0173 geriam\u0105j\u012f vanden\u012f bet kur. Idealiai tinka \u017eygiams.","breadcrumb":{"@id":"https:\/\/toidupakk.ee\/lt\/toode\/vandens-filtras-katadyn-befree-1-0l-su-gertuve-skaidrus\/#breadcrumb"},"inLanguage":"lt-LT","potentialAction":[{"@type":"ReadAction","target":["https:\/\/toidupakk.ee\/lt\/toode\/vandens-filtras-katadyn-befree-1-0l-su-gertuve-skaidrus\/"]}]},{"@type":"ImageObject","inLanguage":"lt-LT","@id":"https:\/\/toidupakk.ee\/lt\/toode\/vandens-filtras-katadyn-befree-1-0l-su-gertuve-skaidrus\/#primaryimage","url":"https:\/\/toidupakk.ee\/wp-content\/uploads\/2025\/07\/1-6.png","contentUrl":"https:\/\/toidupakk.ee\/wp-content\/uploads\/2025\/07\/1-6.png","width":800,"height":800},{"@type":"BreadcrumbList","@id":"https:\/\/toidupakk.ee\/lt\/toode\/vandens-filtras-katadyn-befree-1-0l-su-gertuve-skaidrus\/#breadcrumb","itemListElement":[{"@type":"ListItem","position":1,"name":"Avaleht","item":"https:\/\/toidupakk.ee\/lt\/"},{"@type":"ListItem","position":2,"name":"El. parduotuv\u0117","item":"https:\/\/toidupakk.ee\/lt\/el-parduotuve\/"},{"@type":"ListItem","position":3,"name":"Vandens filtras Katadyn BeFree 1.0L su gertuve (skaidrus)"}]},{"@type":"WebSite","@id":"https:\/\/toidupakk.ee\/lt\/#website","url":"https:\/\/toidupakk.ee\/lt\/","name":"Toidupakk.ee - Tactical Foodpack toidupakid","description":"Tactical Foodpack k\u00fclmkuivatatud toidupakid ja matkaeined","publisher":{"@id":"https:\/\/toidupakk.ee\/lt\/#organization"},"potentialAction":[{"@type":"SearchAction","target":{"@type":"EntryPoint","urlTemplate":"https:\/\/toidupakk.ee\/lt\/?s={search_term_string}"},"query-input":{"@type":"PropertyValueSpecification","valueRequired":true,"valueName":"search_term_string"}}],"inLanguage":"lt-LT"},{"@type":"Organization","@id":"https:\/\/toidupakk.ee\/lt\/#organization","name":"Tactical Foodpack matkaeined","url":"https:\/\/toidupakk.ee\/lt\/","logo":{"@type":"ImageObject","inLanguage":"lt-LT","@id":"https:\/\/toidupakk.ee\/lt\/#\/schema\/logo\/image\/","url":"https:\/\/toidupakk.ee\/wp-content\/uploads\/2022\/01\/Toidupakk-matkapood-logo-transparent.png","contentUrl":"https:\/\/toidupakk.ee\/wp-content\/uploads\/2022\/01\/Toidupakk-matkapood-logo-transparent.png","width":500,"height":500,"caption":"Tactical Foodpack matkaeined"},"image":{"@id":"https:\/\/toidupakk.ee\/lt\/#\/schema\/logo\/image\/"},"sameAs":["https:\/\/www.facebook.com\/Toidupakk","https:\/\/www.instagram.com\/toidupakk\/"]}]}},"jetpack_sharing_enabled":true,"_links":{"self":[{"href":"https:\/\/toidupakk.ee\/lt\/wp-json\/wp\/v2\/product\/45435","targetHints":{"allow":["GET"]}}],"collection":[{"href":"https:\/\/toidupakk.ee\/lt\/wp-json\/wp\/v2\/product"}],"about":[{"href":"https:\/\/toidupakk.ee\/lt\/wp-json\/wp\/v2\/types\/product"}],"replies":[{"embeddable":true,"href":"https:\/\/toidupakk.ee\/lt\/wp-json\/wp\/v2\/comments?post=45435"}],"wp:featuredmedia":[{"embeddable":true,"href":"https:\/\/toidupakk.ee\/lt\/wp-json\/wp\/v2\/media\/37672"}],"wp:attachment":[{"href":"https:\/\/toidupakk.ee\/lt\/wp-json\/wp\/v2\/media?parent=45435"}],"wp:term":[{"taxonomy":"product_brand","embeddable":true,"href":"https:\/\/toidupakk.ee\/lt\/wp-json\/wp\/v2\/product_brand?post=45435"},{"taxonomy":"product_cat","embeddable":true,"href":"https:\/\/toidupakk.ee\/lt\/wp-json\/wp\/v2\/product_cat?post=45435"},{"taxonomy":"product_tag","embeddable":true,"href":"https:\/\/toidupakk.ee\/lt\/wp-json\/wp\/v2\/product_tag?post=45435"}],"curies":[{"name":"wp","href":"https:\/\/api.w.org\/{rel}","templated":true}]}}