{"id":45415,"date":"2025-07-25T10:44:21","date_gmt":"2025-07-25T07:44:21","guid":{"rendered":"https:\/\/toidupakk.ee\/toode\/taktikine-karine-kuprine-patruliu-krepsys-mil-tec-36l-melyna\/"},"modified":"2026-04-16T05:30:55","modified_gmt":"2026-04-16T02:30:55","slug":"taktikine-karine-kuprine-patruliu-krepsys-mil-tec-36l-melyna","status":"publish","type":"product","link":"https:\/\/toidupakk.ee\/lt\/toode\/taktikine-karine-kuprine-patruliu-krepsys-mil-tec-36l-melyna\/","title":{"rendered":"Taktikin\u0117 karin\u0117 kuprin\u0117, patruli\u0173 krep\u0161ys MIL-TEC\u00ae 36L (m\u0117lyna)"},"content":{"rendered":"<h1><img fetchpriority=\"high\" decoding=\"async\" class=\"alignright wp-image-37751 size-thumbnail\" src=\"https:\/\/toidupakk.ee\/wp-content\/uploads\/2025\/07\/Sinine-taktikaline-patrullkott-MIL-TEC6-500x500.png\" alt=\"\" width=\"500\" height=\"500\" srcset=\"https:\/\/toidupakk.ee\/wp-content\/uploads\/2025\/07\/Sinine-taktikaline-patrullkott-MIL-TEC6-500x500.png 500w, https:\/\/toidupakk.ee\/wp-content\/uploads\/2025\/07\/Sinine-taktikaline-patrullkott-MIL-TEC6-300x300.png 300w, https:\/\/toidupakk.ee\/wp-content\/uploads\/2025\/07\/Sinine-taktikaline-patrullkott-MIL-TEC6-768x768.png 768w, https:\/\/toidupakk.ee\/wp-content\/uploads\/2025\/07\/Sinine-taktikaline-patrullkott-MIL-TEC6-400x400.png 400w, https:\/\/toidupakk.ee\/wp-content\/uploads\/2025\/07\/Sinine-taktikaline-patrullkott-MIL-TEC6-100x100.png 100w, https:\/\/toidupakk.ee\/wp-content\/uploads\/2025\/07\/Sinine-taktikaline-patrullkott-MIL-TEC6.png 800w\" sizes=\"(max-width: 500px) 100vw, 500px\" \/><\/h1>\n<h1>Taktikin\u0117 karin\u0117 kuprin\u0117 \u2013 patruli\u0173 krep\u0161ys tinka ir kasdieniam naudojimui<\/h1>\n<p>Taktikin\u0117 karin\u0117 kuprin\u0117 pagaminta i\u0161 tankaus poliesterio, kuris yra patvari ir vandeniui atspari med\u017eiaga. Dvipusiai u\u017etrauktukai yra patvar\u016bs, su stipriomis si\u016bl\u0117mis ir leid\u017eia atidaryti ki\u0161enes i\u0161 abiej\u0173 pusi\u0173. Karin\u0117s kuprin\u0117s nugar\u0117l\u0117 ir pe\u010di\u0173 dir\u017eai pamink\u0161tinti storomis putomis, kurios padeda geriau paskirstyti svor\u012f ir ma\u017eiau vargina nugaros bei pe\u010di\u0173 srit\u012f. Ventiliuojamas tinklelis u\u017etikrina kuprin\u0117s kv\u0117pavim\u0105. Taktikin\u0117 kuprin\u0117 taip pat turi greito atsegimo juosmens dir\u017e\u0105, kuriuo krep\u0161\u012f galima lengvai pritvirtinti aplink klubus. Tai suteikia stabilumo, i\u0161laiko kuprin\u0119 prigludusi\u0105 prie k\u016bno ir padeda perkelti svor\u012f nuo pe\u010di\u0173 ant klub\u0173.     <\/p>\n<p>&nbsp;<\/p>\n<h2>Daugiafunkcin\u0117 kuprin\u0117<\/h2>\n<p>Karin\u0117 kuprin\u0117 su keliais vidiniais ir i\u0161oriniais skyriais, kuriuose telpa mobilusis telefonas, \u012fkrovikliai, \u017eibintuv\u0117lis, galvos \u017eibintas, \u201eCamelBak\u201c g\u0117rimo sistema, pir\u0161tin\u0117s, i\u0161gyvenimo reikmenys ir kt. Dvi priekin\u0117s ki\u0161en\u0117s su u\u017etrauktukais, vienas pagrindinis skyrius su u\u017etrauktuku, viena pamink\u0161tinta galin\u0117 ki\u0161en\u0117 ir skyrius hidravimo sistemai. Kiekviename skyriuje yra tinklin\u0117 arba u\u017etrauktuku u\u017esegama ki\u0161en\u0117, kad svarbiausi daiktai b\u016bt\u0173 tvarkingai sud\u0117ti.  <\/p>\n<p>&nbsp;<\/p>\n<h3>Taktikin\u0117 karin\u0117 kuprin\u0117 arba patruli\u0173 krep\u0161ys yra patogus ir patvarus pasirinkimas kasdienai<\/h3>\n<p>Ergonomi\u0161ka ir sutvirtinta kuprin\u0117 padeda suma\u017einti nugaros ir kaklo skausmus \u017eygi\u0173 metu. Plati pamink\u0161tinta nugar\u0117l\u0117 u\u017etikrina ne\u0161iojimo komfort\u0105. Kuprin\u0117 turi reguliuojam\u0105 kr\u016btin\u0117s ir juosmens dir\u017e\u0105, kad j\u0105 b\u016bt\u0173 galima ne\u0161ioti patogiai ir saugiai. Abu dir\u017eus gali nuimti, kai jie nenaudojami. Kariuomen\u0117s kuprin\u0117s yra tam tikru mastu atsparios vandeniui ir lietui, tod\u0117l idealiai tinka naudoti lauko s\u0105lygomis. \u017dygi\u0173 kuprin\u0117s nugarin\u0117je dalyje esan\u010dios dvi storos putplas\u010dio juostos ir pamink\u0161tinti pe\u010di\u0173 dir\u017eai yra ergonomi\u0161kos formos, kad suma\u017eint\u0173 spaudim\u0105 pe\u010diams, o tinklinis sluoksnis padeda i\u0161sklaidyti \u0161ilum\u0105 vasar\u0105.     <\/p>\n<p>&nbsp;<\/p>\n<h2>Kas yra MOLLE sistema?<\/h2>\n<p>Taktikin\u0117 kuprin\u0117 turi MOLLE sistem\u0105. Kuprin\u0117s i\u0161or\u0117je yra daug tvirtinimo ta\u0161k\u0173 papildomai \u012frangai. Prie kuprin\u0117s pritvirtink papildomus krep\u0161elius ar \u012frang\u0105, pavyzd\u017eiui, pirmosios pagalbos rinkin\u012f, radijo stotel\u0119, \u017eibintuv\u0117l\u012f, sulankstom\u0105 kastuv\u0105, kilim\u0117l\u012f ar miegmai\u0161\u012f. Modulin\u0117 MOLLE sistema pla\u010diai paplitusi \u012fvairi\u0173 \u0161ali\u0173 taktiniuose padaliniuose, j\u0117gos strukt\u016brose ir gynybos institucijose.    <\/p>\n<p>Pasisemk \u012fkv\u0117pimo kitiems nuotykiams \u201eToidupakk\u201c <a href=\"https:\/\/www.instagram.com\/toidupakk\/\">Instagram<\/a> ir <a href=\"https:\/\/www.facebook.com\/Toidupakk\/\">Facebook<\/a> paskyrose.<\/p>\n<p>\u017di\u016br\u0117k \u017eygio prekes <a href=\"https:\/\/toidupakk.ee\/lt\/tootekategooria\/zygio-iranga\/#section-3-79\">\u010cIA<\/a>.<\/p>\n","protected":false},"excerpt":{"rendered":"<div class=\"flex items-start justify-start\">\n<div class=\"flex-1 pt-1\">\n<p>Patruli\u0173 krep\u0161ys pla\u010diai naudojamas \u012fvairi\u0173 \u0161ali\u0173 j\u0117gos strukt\u016brose, kariuomen\u0117je ir tarp entuziast\u0173. 36 litr\u0173 talpos kuprin\u0117 yra patvari, lengva ir tinkama kasdieniam naudojimui. <\/p>\n<ul>\n<li><strong>MOLLE modulin\u0117 sistema<\/strong> leid\u017eia tvirtinti papildomus krep\u0161elius ir \u012frang\u0105<\/li>\n<li>EVA putomis pamink\u0161tinta <strong>sustiprinta nugar\u0117l\u0117<\/strong> komfortui ilg\u0173 \u017eygi\u0173 metu<\/li>\n<li><strong>Ergonomi\u0161ki pe\u010di\u0173 dir\u017eai<\/strong> yra pamink\u0161tinti, kad ne\u012fsir\u0117\u017et\u0173 ne\u0161ant sunk\u0173 krep\u0161\u012f<\/li>\n<li>Pe\u010di\u0173 dir\u017eai yra 5 cm plo\u010dio ir reguliuojami<\/li>\n<li>Greito atsegimo reguliuojamas <strong>klub\u0173 dir\u017eas tolygiam apkrovos paskirstymui<\/strong><\/li>\n<li>2 dideli pagrindiniai skyriai su papildomomis vidin\u0117mis ki\u0161en\u0117mis<\/li>\n<li>2 ma\u017eesn\u0117s papildomos ki\u0161en\u0117s greitesnei prieigai prie reikaling\u0173 daikt\u0173<\/li>\n<li>Visos ki\u0161en\u0117s turi <strong>dvipusius ZIP u\u017etrauktukus<\/strong>, leid\u017eian\u010dius patogiai pasiekti turin\u012f i\u0161 abiej\u0173 pusi\u0173<\/li>\n<li>Integruota <strong>ki\u0161en\u0117 hidravimo sistemai<\/strong><\/li>\n<li>Komplekte yra special\u016bs lipdukai <strong>laisviems dir\u017eams u\u017efiksuoti<\/strong><\/li>\n<\/ul>\n<p>&nbsp;<\/p>\n<p><strong>Matmenys:<\/strong> 51 x 29 x 28 cm<br \/>\n<strong>Talpa:<\/strong> 36L<br \/>\n<strong>Kuprin\u0117s i\u0161orin\u0117 med\u017eiaga:<\/strong> 100 % poliesteris, padengtas polivinilchloridu<br \/>\n<strong>Pamu\u0161alas:<\/strong> 100 % poliesteris<br \/>\n<strong>U\u017epildas:<\/strong> EVA putos<br \/>\n<strong>Svoris:<\/strong> apie 1 450 g <\/p>\n<p>\u2705 Turime sand\u0117lyje, greitas pristatymas per 1\u20133 d. d.<br \/>\n\u2705 Pirk dabar, mok\u0117k v\u0117liau (pal\u016bkanos 0 %)<\/p>\n<\/div>\n<\/div>\n","protected":false},"featured_media":37746,"comment_status":"open","ping_status":"closed","template":"","meta":{"_acf_changed":false},"product_brand":[],"product_cat":[193,202,201,210,189,190],"product_tag":[],"class_list":{"0":"post-45415","1":"product","2":"type-product","3":"status-publish","4":"has-post-thumbnail","6":"product_cat-karine-ekipuote","7":"product_cat-krepsiai","8":"product_cat-kuprines","9":"product_cat-mil-tec","10":"product_cat-zygio-iranga","11":"product_cat-zygio-prekes","13":"first","14":"instock","15":"sale","16":"taxable","17":"shipping-taxable","18":"purchasable","19":"product-type-simple"},"bundled_by":[],"bundle_stock_status":"instock","bundle_stock_quantity":7,"bundle_virtual":false,"bundle_layout":"","bundle_add_to_cart_form_location":"","bundle_editable_in_cart":false,"bundle_sold_individually_context":"","bundle_item_grouping":"","bundle_min_size":"","bundle_max_size":"","bundle_price":[],"bundled_items":[],"bundle_sell_ids":[],"acf":[],"yoast_head":"<!-- This site is optimized with the Yoast SEO plugin v27.3 - https:\/\/yoast.com\/product\/yoast-seo-wordpress\/ -->\n<title>Taktikin\u0117 karin\u0117 kuprin\u0117, patruli\u0173 krep\u0161ys MIL-TEC\u00ae 36L (m\u0117lyna)<\/title>\n<meta name=\"description\" content=\"Taktikin\u0117 karin\u0117 kuprin\u0117. Patruli\u0173 krep\u0161ys pla\u010diai naudojamas \u012fvairi\u0173 \u0161ali\u0173 j\u0117gos strukt\u016brose, kariuomen\u0117je ir tarp entuziast\u0173. MOLLE tvirtinimai.\" \/>\n<meta name=\"robots\" content=\"index, follow, max-snippet:-1, max-image-preview:large, max-video-preview:-1\" \/>\n<link rel=\"canonical\" href=\"https:\/\/toidupakk.ee\/lt\/toode\/taktikine-karine-kuprine-patruliu-krepsys-mil-tec-36l-melyna\/\" \/>\n<meta property=\"og:locale\" content=\"lt_LT\" \/>\n<meta property=\"og:type\" content=\"article\" \/>\n<meta property=\"og:title\" content=\"Taktikin\u0117 karin\u0117 kuprin\u0117, patruli\u0173 krep\u0161ys MIL-TEC\u00ae 36L (m\u0117lyna)\" \/>\n<meta property=\"og:description\" content=\"Taktikin\u0117 karin\u0117 kuprin\u0117. Patruli\u0173 krep\u0161ys pla\u010diai naudojamas \u012fvairi\u0173 \u0161ali\u0173 j\u0117gos strukt\u016brose, kariuomen\u0117je ir tarp entuziast\u0173. MOLLE tvirtinimai.\" \/>\n<meta property=\"og:url\" content=\"https:\/\/toidupakk.ee\/lt\/toode\/taktikine-karine-kuprine-patruliu-krepsys-mil-tec-36l-melyna\/\" \/>\n<meta property=\"og:site_name\" content=\"Toidupakk.ee - Tactical Foodpack toidupakid\" \/>\n<meta property=\"article:publisher\" content=\"https:\/\/www.facebook.com\/Toidupakk\" \/>\n<meta property=\"article:modified_time\" content=\"2026-04-16T02:30:55+00:00\" \/>\n<meta property=\"og:image\" content=\"https:\/\/toidupakk.ee\/wp-content\/uploads\/2025\/07\/Sinine-taktikaline-patrullkott-MIL-TEC1.png\" \/>\n\t<meta property=\"og:image:width\" content=\"800\" \/>\n\t<meta property=\"og:image:height\" content=\"800\" \/>\n\t<meta property=\"og:image:type\" content=\"image\/png\" \/>\n<meta name=\"twitter:card\" content=\"summary_large_image\" \/>\n<meta name=\"twitter:label1\" content=\"Est. reading time\" \/>\n\t<meta name=\"twitter:data1\" content=\"2 minut\u0117s\" \/>\n<script type=\"application\/ld+json\" class=\"yoast-schema-graph\">{\"@context\":\"https:\\\/\\\/schema.org\",\"@graph\":[{\"@type\":\"WebPage\",\"@id\":\"https:\\\/\\\/toidupakk.ee\\\/lt\\\/toode\\\/taktikine-karine-kuprine-patruliu-krepsys-mil-tec-36l-melyna\\\/\",\"url\":\"https:\\\/\\\/toidupakk.ee\\\/lt\\\/toode\\\/taktikine-karine-kuprine-patruliu-krepsys-mil-tec-36l-melyna\\\/\",\"name\":\"Taktikin\u0117 karin\u0117 kuprin\u0117, patruli\u0173 krep\u0161ys MIL-TEC\u00ae 36L (m\u0117lyna)\",\"isPartOf\":{\"@id\":\"https:\\\/\\\/toidupakk.ee\\\/lt\\\/#website\"},\"primaryImageOfPage\":{\"@id\":\"https:\\\/\\\/toidupakk.ee\\\/lt\\\/toode\\\/taktikine-karine-kuprine-patruliu-krepsys-mil-tec-36l-melyna\\\/#primaryimage\"},\"image\":{\"@id\":\"https:\\\/\\\/toidupakk.ee\\\/lt\\\/toode\\\/taktikine-karine-kuprine-patruliu-krepsys-mil-tec-36l-melyna\\\/#primaryimage\"},\"thumbnailUrl\":\"https:\\\/\\\/toidupakk.ee\\\/wp-content\\\/uploads\\\/2025\\\/07\\\/Sinine-taktikaline-patrullkott-MIL-TEC1.png\",\"datePublished\":\"2025-07-25T07:44:21+00:00\",\"dateModified\":\"2026-04-16T02:30:55+00:00\",\"description\":\"Taktikin\u0117 karin\u0117 kuprin\u0117. Patruli\u0173 krep\u0161ys pla\u010diai naudojamas \u012fvairi\u0173 \u0161ali\u0173 j\u0117gos strukt\u016brose, kariuomen\u0117je ir tarp entuziast\u0173. MOLLE tvirtinimai.\",\"breadcrumb\":{\"@id\":\"https:\\\/\\\/toidupakk.ee\\\/lt\\\/toode\\\/taktikine-karine-kuprine-patruliu-krepsys-mil-tec-36l-melyna\\\/#breadcrumb\"},\"inLanguage\":\"lt-LT\",\"potentialAction\":[{\"@type\":\"ReadAction\",\"target\":[\"https:\\\/\\\/toidupakk.ee\\\/lt\\\/toode\\\/taktikine-karine-kuprine-patruliu-krepsys-mil-tec-36l-melyna\\\/\"]}]},{\"@type\":\"ImageObject\",\"inLanguage\":\"lt-LT\",\"@id\":\"https:\\\/\\\/toidupakk.ee\\\/lt\\\/toode\\\/taktikine-karine-kuprine-patruliu-krepsys-mil-tec-36l-melyna\\\/#primaryimage\",\"url\":\"https:\\\/\\\/toidupakk.ee\\\/wp-content\\\/uploads\\\/2025\\\/07\\\/Sinine-taktikaline-patrullkott-MIL-TEC1.png\",\"contentUrl\":\"https:\\\/\\\/toidupakk.ee\\\/wp-content\\\/uploads\\\/2025\\\/07\\\/Sinine-taktikaline-patrullkott-MIL-TEC1.png\",\"width\":800,\"height\":800},{\"@type\":\"BreadcrumbList\",\"@id\":\"https:\\\/\\\/toidupakk.ee\\\/lt\\\/toode\\\/taktikine-karine-kuprine-patruliu-krepsys-mil-tec-36l-melyna\\\/#breadcrumb\",\"itemListElement\":[{\"@type\":\"ListItem\",\"position\":1,\"name\":\"Avaleht\",\"item\":\"https:\\\/\\\/toidupakk.ee\\\/lt\\\/\"},{\"@type\":\"ListItem\",\"position\":2,\"name\":\"El. parduotuv\u0117\",\"item\":\"https:\\\/\\\/toidupakk.ee\\\/lt\\\/el-parduotuve\\\/\"},{\"@type\":\"ListItem\",\"position\":3,\"name\":\"Taktikin\u0117 karin\u0117 kuprin\u0117, patruli\u0173 krep\u0161ys MIL-TEC\u00ae 36L (m\u0117lyna)\"}]},{\"@type\":\"WebSite\",\"@id\":\"https:\\\/\\\/toidupakk.ee\\\/lt\\\/#website\",\"url\":\"https:\\\/\\\/toidupakk.ee\\\/lt\\\/\",\"name\":\"Toidupakk.ee - Tactical Foodpack toidupakid\",\"description\":\"Tactical Foodpack k\u00fclmkuivatatud toidupakid ja matkaeined\",\"publisher\":{\"@id\":\"https:\\\/\\\/toidupakk.ee\\\/lt\\\/#organization\"},\"potentialAction\":[{\"@type\":\"SearchAction\",\"target\":{\"@type\":\"EntryPoint\",\"urlTemplate\":\"https:\\\/\\\/toidupakk.ee\\\/lt\\\/?s={search_term_string}\"},\"query-input\":{\"@type\":\"PropertyValueSpecification\",\"valueRequired\":true,\"valueName\":\"search_term_string\"}}],\"inLanguage\":\"lt-LT\"},{\"@type\":\"Organization\",\"@id\":\"https:\\\/\\\/toidupakk.ee\\\/lt\\\/#organization\",\"name\":\"Tactical Foodpack matkaeined\",\"url\":\"https:\\\/\\\/toidupakk.ee\\\/lt\\\/\",\"logo\":{\"@type\":\"ImageObject\",\"inLanguage\":\"lt-LT\",\"@id\":\"https:\\\/\\\/toidupakk.ee\\\/lt\\\/#\\\/schema\\\/logo\\\/image\\\/\",\"url\":\"https:\\\/\\\/toidupakk.ee\\\/wp-content\\\/uploads\\\/2022\\\/01\\\/Toidupakk-matkapood-logo-transparent.png\",\"contentUrl\":\"https:\\\/\\\/toidupakk.ee\\\/wp-content\\\/uploads\\\/2022\\\/01\\\/Toidupakk-matkapood-logo-transparent.png\",\"width\":500,\"height\":500,\"caption\":\"Tactical Foodpack matkaeined\"},\"image\":{\"@id\":\"https:\\\/\\\/toidupakk.ee\\\/lt\\\/#\\\/schema\\\/logo\\\/image\\\/\"},\"sameAs\":[\"https:\\\/\\\/www.facebook.com\\\/Toidupakk\",\"https:\\\/\\\/www.instagram.com\\\/toidupakk\\\/\"]}]}<\/script>\n<!-- \/ Yoast SEO plugin. -->","yoast_head_json":{"title":"Taktikin\u0117 karin\u0117 kuprin\u0117, patruli\u0173 krep\u0161ys MIL-TEC\u00ae 36L (m\u0117lyna)","description":"Taktikin\u0117 karin\u0117 kuprin\u0117. Patruli\u0173 krep\u0161ys pla\u010diai naudojamas \u012fvairi\u0173 \u0161ali\u0173 j\u0117gos strukt\u016brose, kariuomen\u0117je ir tarp entuziast\u0173. MOLLE tvirtinimai.","robots":{"index":"index","follow":"follow","max-snippet":"max-snippet:-1","max-image-preview":"max-image-preview:large","max-video-preview":"max-video-preview:-1"},"canonical":"https:\/\/toidupakk.ee\/lt\/toode\/taktikine-karine-kuprine-patruliu-krepsys-mil-tec-36l-melyna\/","og_locale":"lt_LT","og_type":"article","og_title":"Taktikin\u0117 karin\u0117 kuprin\u0117, patruli\u0173 krep\u0161ys MIL-TEC\u00ae 36L (m\u0117lyna)","og_description":"Taktikin\u0117 karin\u0117 kuprin\u0117. Patruli\u0173 krep\u0161ys pla\u010diai naudojamas \u012fvairi\u0173 \u0161ali\u0173 j\u0117gos strukt\u016brose, kariuomen\u0117je ir tarp entuziast\u0173. MOLLE tvirtinimai.","og_url":"https:\/\/toidupakk.ee\/lt\/toode\/taktikine-karine-kuprine-patruliu-krepsys-mil-tec-36l-melyna\/","og_site_name":"Toidupakk.ee - Tactical Foodpack toidupakid","article_publisher":"https:\/\/www.facebook.com\/Toidupakk","article_modified_time":"2026-04-16T02:30:55+00:00","og_image":[{"width":800,"height":800,"url":"https:\/\/toidupakk.ee\/wp-content\/uploads\/2025\/07\/Sinine-taktikaline-patrullkott-MIL-TEC1.png","type":"image\/png"}],"twitter_card":"summary_large_image","twitter_misc":{"Est. reading time":"2 minut\u0117s"},"schema":{"@context":"https:\/\/schema.org","@graph":[{"@type":"WebPage","@id":"https:\/\/toidupakk.ee\/lt\/toode\/taktikine-karine-kuprine-patruliu-krepsys-mil-tec-36l-melyna\/","url":"https:\/\/toidupakk.ee\/lt\/toode\/taktikine-karine-kuprine-patruliu-krepsys-mil-tec-36l-melyna\/","name":"Taktikin\u0117 karin\u0117 kuprin\u0117, patruli\u0173 krep\u0161ys MIL-TEC\u00ae 36L (m\u0117lyna)","isPartOf":{"@id":"https:\/\/toidupakk.ee\/lt\/#website"},"primaryImageOfPage":{"@id":"https:\/\/toidupakk.ee\/lt\/toode\/taktikine-karine-kuprine-patruliu-krepsys-mil-tec-36l-melyna\/#primaryimage"},"image":{"@id":"https:\/\/toidupakk.ee\/lt\/toode\/taktikine-karine-kuprine-patruliu-krepsys-mil-tec-36l-melyna\/#primaryimage"},"thumbnailUrl":"https:\/\/toidupakk.ee\/wp-content\/uploads\/2025\/07\/Sinine-taktikaline-patrullkott-MIL-TEC1.png","datePublished":"2025-07-25T07:44:21+00:00","dateModified":"2026-04-16T02:30:55+00:00","description":"Taktikin\u0117 karin\u0117 kuprin\u0117. Patruli\u0173 krep\u0161ys pla\u010diai naudojamas \u012fvairi\u0173 \u0161ali\u0173 j\u0117gos strukt\u016brose, kariuomen\u0117je ir tarp entuziast\u0173. MOLLE tvirtinimai.","breadcrumb":{"@id":"https:\/\/toidupakk.ee\/lt\/toode\/taktikine-karine-kuprine-patruliu-krepsys-mil-tec-36l-melyna\/#breadcrumb"},"inLanguage":"lt-LT","potentialAction":[{"@type":"ReadAction","target":["https:\/\/toidupakk.ee\/lt\/toode\/taktikine-karine-kuprine-patruliu-krepsys-mil-tec-36l-melyna\/"]}]},{"@type":"ImageObject","inLanguage":"lt-LT","@id":"https:\/\/toidupakk.ee\/lt\/toode\/taktikine-karine-kuprine-patruliu-krepsys-mil-tec-36l-melyna\/#primaryimage","url":"https:\/\/toidupakk.ee\/wp-content\/uploads\/2025\/07\/Sinine-taktikaline-patrullkott-MIL-TEC1.png","contentUrl":"https:\/\/toidupakk.ee\/wp-content\/uploads\/2025\/07\/Sinine-taktikaline-patrullkott-MIL-TEC1.png","width":800,"height":800},{"@type":"BreadcrumbList","@id":"https:\/\/toidupakk.ee\/lt\/toode\/taktikine-karine-kuprine-patruliu-krepsys-mil-tec-36l-melyna\/#breadcrumb","itemListElement":[{"@type":"ListItem","position":1,"name":"Avaleht","item":"https:\/\/toidupakk.ee\/lt\/"},{"@type":"ListItem","position":2,"name":"El. parduotuv\u0117","item":"https:\/\/toidupakk.ee\/lt\/el-parduotuve\/"},{"@type":"ListItem","position":3,"name":"Taktikin\u0117 karin\u0117 kuprin\u0117, patruli\u0173 krep\u0161ys MIL-TEC\u00ae 36L (m\u0117lyna)"}]},{"@type":"WebSite","@id":"https:\/\/toidupakk.ee\/lt\/#website","url":"https:\/\/toidupakk.ee\/lt\/","name":"Toidupakk.ee - Tactical Foodpack toidupakid","description":"Tactical Foodpack k\u00fclmkuivatatud toidupakid ja matkaeined","publisher":{"@id":"https:\/\/toidupakk.ee\/lt\/#organization"},"potentialAction":[{"@type":"SearchAction","target":{"@type":"EntryPoint","urlTemplate":"https:\/\/toidupakk.ee\/lt\/?s={search_term_string}"},"query-input":{"@type":"PropertyValueSpecification","valueRequired":true,"valueName":"search_term_string"}}],"inLanguage":"lt-LT"},{"@type":"Organization","@id":"https:\/\/toidupakk.ee\/lt\/#organization","name":"Tactical Foodpack matkaeined","url":"https:\/\/toidupakk.ee\/lt\/","logo":{"@type":"ImageObject","inLanguage":"lt-LT","@id":"https:\/\/toidupakk.ee\/lt\/#\/schema\/logo\/image\/","url":"https:\/\/toidupakk.ee\/wp-content\/uploads\/2022\/01\/Toidupakk-matkapood-logo-transparent.png","contentUrl":"https:\/\/toidupakk.ee\/wp-content\/uploads\/2022\/01\/Toidupakk-matkapood-logo-transparent.png","width":500,"height":500,"caption":"Tactical Foodpack matkaeined"},"image":{"@id":"https:\/\/toidupakk.ee\/lt\/#\/schema\/logo\/image\/"},"sameAs":["https:\/\/www.facebook.com\/Toidupakk","https:\/\/www.instagram.com\/toidupakk\/"]}]}},"jetpack_sharing_enabled":true,"_links":{"self":[{"href":"https:\/\/toidupakk.ee\/lt\/wp-json\/wp\/v2\/product\/45415","targetHints":{"allow":["GET"]}}],"collection":[{"href":"https:\/\/toidupakk.ee\/lt\/wp-json\/wp\/v2\/product"}],"about":[{"href":"https:\/\/toidupakk.ee\/lt\/wp-json\/wp\/v2\/types\/product"}],"replies":[{"embeddable":true,"href":"https:\/\/toidupakk.ee\/lt\/wp-json\/wp\/v2\/comments?post=45415"}],"wp:featuredmedia":[{"embeddable":true,"href":"https:\/\/toidupakk.ee\/lt\/wp-json\/wp\/v2\/media\/37746"}],"wp:attachment":[{"href":"https:\/\/toidupakk.ee\/lt\/wp-json\/wp\/v2\/media?parent=45415"}],"wp:term":[{"taxonomy":"product_brand","embeddable":true,"href":"https:\/\/toidupakk.ee\/lt\/wp-json\/wp\/v2\/product_brand?post=45415"},{"taxonomy":"product_cat","embeddable":true,"href":"https:\/\/toidupakk.ee\/lt\/wp-json\/wp\/v2\/product_cat?post=45415"},{"taxonomy":"product_tag","embeddable":true,"href":"https:\/\/toidupakk.ee\/lt\/wp-json\/wp\/v2\/product_tag?post=45415"}],"curies":[{"name":"wp","href":"https:\/\/api.w.org\/{rel}","templated":true}]}}