{"id":45395,"date":"2026-02-10T11:44:28","date_gmt":"2026-02-10T09:44:28","guid":{"rendered":"https:\/\/toidupakk.ee\/toode\/tirpi-kava-kohe-colombia-10x1-8g\/"},"modified":"2026-04-15T05:01:18","modified_gmt":"2026-04-15T02:01:18","slug":"tirpi-kava-kohe-colombia-10x1-8g","status":"publish","type":"product","link":"https:\/\/toidupakk.ee\/lt\/toode\/tirpi-kava-kohe-colombia-10x1-8g\/","title":{"rendered":"Tirpi kava KOHE Colombia (10&#215;1.8g)"},"content":{"rendered":"<h1 data-start=\"23\" data-end=\"293\"><strong data-start=\"23\" data-end=\"64\">Tirpi kava KOHE Colombia (10&#215;1.8g)<\/strong><\/h1>\n<p data-start=\"23\" data-end=\"293\"><strong data-start=\"23\" data-end=\"64\">Tirpi kava KOHE Colombia (10&#215;1.8g)<\/strong> yra pagaminta i\u0161 Kolumbijos kavos pupeli\u0173 ir supakuota \u012f patogi\u0105 d\u0117\u017eut\u0119, kurioje yra de\u0161imt atskir\u0173 porcij\u0173. Kiekvienas mai\u0161elis sveria 1,8 gramo, tad tai paprastas b\u016bdas m\u0117gautis kokybi\u0161ka kava b\u016btent tada, kai nori. <\/p>\n<p data-start=\"295\" data-end=\"514\">\u0160i kava kilusi i\u0161 Kaldaso (Caldas) auginimo regiono Kolumbijoje, Huilos srities, kuri yra viena did\u017eiausi\u0173 kavos auginimo vietovi\u0173. Kavos auginimas ten daugeliui \u0161eim\u0173 yra viso gyvenimo darbas, perduodamas i\u0161 kartos \u012f kart\u0105. <\/p>\n<p data-start=\"295\" data-end=\"514\"><img fetchpriority=\"high\" decoding=\"async\" class=\"alignright wp-image-44912\" src=\"https:\/\/toidupakk.ee\/wp-content\/uploads\/2026\/02\/flat_col2.jpg\" alt=\"Tirpi kava KOHE Colombia (10x1.8g) \u2013 tai gryno ir \u0161velnaus skonio kava i\u0161 Kolumbijos su kakavos, karamel\u0117s ir granat\u0173 natomis.\" width=\"500\" height=\"500\" srcset=\"https:\/\/toidupakk.ee\/wp-content\/uploads\/2026\/02\/flat_col2.jpg 1200w, https:\/\/toidupakk.ee\/wp-content\/uploads\/2026\/02\/flat_col2-300x300.jpg 300w, https:\/\/toidupakk.ee\/wp-content\/uploads\/2026\/02\/flat_col2-1024x1024.jpg 1024w, https:\/\/toidupakk.ee\/wp-content\/uploads\/2026\/02\/flat_col2-500x500.jpg 500w, https:\/\/toidupakk.ee\/wp-content\/uploads\/2026\/02\/flat_col2-768x768.jpg 768w, https:\/\/toidupakk.ee\/wp-content\/uploads\/2026\/02\/flat_col2-400x400.jpg 400w, https:\/\/toidupakk.ee\/wp-content\/uploads\/2026\/02\/flat_col2-800x800.jpg 800w, https:\/\/toidupakk.ee\/wp-content\/uploads\/2026\/02\/flat_col2-100x100.jpg 100w, https:\/\/toidupakk.ee\/wp-content\/uploads\/2026\/02\/flat_col2-50x50.jpg 50w\" sizes=\"(max-width: 500px) 100vw, 500px\" \/><\/p>\n<h2 data-start=\"521\" data-end=\"543\">Skonis ir potyris \u2013 tirpi kava KOHE Colombia (10&#215;1.8g)<\/h2>\n<p data-start=\"545\" data-end=\"818\">Kavos skonis yra grynas, \u0161velnus ir kompleksi\u0161kas. Kiekviename puodelyje juntamos kakavos, karamel\u0117s ir granat\u0173 natos, kurios sukuria \u012fvairiapus\u012f ir harmoning\u0105 derin\u012f. \u0160ie skonio niuansai suteikia g\u0117rimui gylio bei malonaus \u0161velnumo, i\u0161laikant j\u012f ai\u0161k\u0173 ir subalansuot\u0105.  <\/p>\n<p data-start=\"820\" data-end=\"936\">Kavos charakteris atspindi auginimo viet\u0105 bei kruop\u0161t\u0173 apdorojim\u0105, i\u0161ry\u0161kindamas tiek \u0161veln\u0173, tiek sodr\u0173 skonio profil\u012f.<\/p>\n<h2 data-start=\"943\" data-end=\"979\">Kilm\u0117 ir auginimo s\u0105lygos<\/h2>\n<p data-start=\"981\" data-end=\"1125\">Kava auginama 1300\u20131700 metr\u0173 auk\u0161tyje vir\u0161 j\u016bros lygio. Dirvo\u017eemis \u2013 vulkanin\u0117 \u017eem\u0117, kuri yra \u0161io regiono kavos auginimo aplinkos dalis. <\/p>\n<p data-start=\"1127\" data-end=\"1350\">Kav\u0105 augina smulkieji \u016bkininkai, kurie nuolat tobulina savo \u017einias ir \u012fg\u016bd\u017eius, kad u\u017etikrint\u0173 pastovi\u0105 kavos kokyb\u0119. J\u0173 atsidavimas ir kruop\u0161tus darbas ai\u0161kiai juntamas gryname kavos skonyje ir \u012fvairiapusiame charakteryje. <\/p>\n<h2 data-start=\"1357\" data-end=\"1391\">Kavos r\u016b\u0161ys ir apdorojimo b\u016bdas<\/h2>\n<p data-start=\"1393\" data-end=\"1564\">Kava susideda i\u0161 100 % arabikos pupeli\u0173. Did\u017ei\u0105j\u0105 dal\u012f sudaro \u201eCaturra\u201c r\u016b\u0161is, o ma\u017eesn\u0119 \u2013 \u201eCatuai\u201c. \u0160i\u0173 r\u016b\u0161i\u0173 derinys suteikia g\u0117rimui gryn\u0105 ir \u012fvairiapus\u012f skonio profil\u012f.  <\/p>\n<p data-start=\"1566\" data-end=\"1724\">Kavos pupel\u0117s apdorotos \u0161lapiuoju b\u016bdu. \u0160is apdorojimo metodas padeda sukurti ypa\u010d gryn\u0105 ir kompleksi\u0161k\u0105 skonio patirt\u012f, kuri ai\u0161kiai juntama puodelyje. <\/p>\n<p data-start=\"1731\" data-end=\"2063\"><strong data-start=\"1731\" data-end=\"1772\">Tirpi kava<\/strong> sujungia Kolumbijos auginimo region\u0173 ypatumus, smulki\u0173j\u0173 \u016bkinink\u0173 atsidavim\u0105 ir \u012fvairiapus\u012f skonio profil\u012f. Tai kava, kuri kiekvienu gurk\u0161niu pasakoja savo istorij\u0105 \u2013 istorij\u0105 apie auk\u0161tikalnes, vulkanin\u012f dirvo\u017eem\u012f ir kruop\u0161\u010diai u\u017eaugintas pupeles, kurios pasiek\u0117 tave patogioje tirpios kavos pakuot\u0117je. \u2615<\/p>\n<div class=\"woocommerce-tabs wc-tabs-wrapper\">\n<div id=\"tab-description\" class=\"woocommerce-Tabs-panel woocommerce-Tabs-panel--description panel entry-content wc-tab\" role=\"tabpanel\" aria-labelledby=\"tab-title-description\">\n<p>Su\u017einok daugiau apie \u201eTactical Foodpack\u201c \u017eygi\u0173 maist\u0105 <a href=\"https:\/\/toidupakk.ee\/lt\/tootekategooria\/tactical-foodpack-patiekalai\/\">\u010cIA.<\/a><\/p>\n<p>Daugiau \u017eygi\u0173 reikmen\u0173 rasi <a href=\"https:\/\/toidupakk.ee\/lt\/tootekategooria\/zygio-iranga\/#section-3-79\">\u010cIA<\/a><\/p>\n<p>Pasisemk \u012fkv\u0117pimo kitiems nuotykiams \u201eToidupakk\u201c <a href=\"https:\/\/www.instagram.com\/toidupakk\/\">Instagram<\/a> ir <a href=\"https:\/\/www.facebook.com\/Toidupakk\/\">Facebook<\/a> paskyrose.<\/p>\n<\/div>\n<\/div>\n","protected":false},"excerpt":{"rendered":"<p data-start=\"105\" data-end=\"404\"><strong>Tirpi kava KOHE Colombia (10&#215;1.8g) yra gryno ir \u0161velnaus skonio tirpi kava i\u0161 Kolumbijos, pasi\u017eyminti kompleksi\u0161ku skonio profiliu bei kakavos, karamel\u0117s ir granat\u0173 natomis. Pagaminta i\u0161 arabikos pupeli\u0173 (\u201eCaturra\u201c ir \u201eCatuai\u201c), apdorota \u0161lapiuoju b\u016bdu ir u\u017eauginta 1300\u20131700 m auk\u0161tyje vulkaniniame dirvo\u017eemyje. <\/strong><\/p>\n<ul>\n<li><strong data-start=\"408\" data-end=\"421\">Kilm\u0117:<\/strong> Kaldasas, Kolumbija (Huilos regionas)<\/li>\n<li><strong data-start=\"460\" data-end=\"478\" data-is-only-node=\"\">Skonio profilis:<\/strong> grynas, \u0161velnus, kompleksi\u0161kas, kakavos, karamel\u0117s ir granat\u0173 natos<\/li>\n<li><strong data-start=\"547\" data-end=\"565\">Apdorojimo b\u016bdas:<\/strong> \u0161lapiasis procesas<\/li>\n<li><strong data-start=\"583\" data-end=\"599\">Auginimo auk\u0161tis:<\/strong> 1300\u20131700 m vir\u0161 j\u016bros lygio<\/li>\n<li><strong data-start=\"630\" data-end=\"641\">Pakuot\u0117:<\/strong> 1 d\u0117\u017eut\u0117 (10 \u00d7 1,8 g)<\/li>\n<\/ul>\n<p><strong><img decoding=\"async\" class=\"emoji\" role=\"img\" draggable=\"false\" src=\"https:\/\/s.w.org\/images\/core\/emoji\/17.0.2\/svg\/2705.svg\" alt=\"\u2705\"> <\/strong>Turime sand\u0117lyje, greitas pristatymas per 1\u20133 darbo dienas<\/p>\n","protected":false},"featured_media":55010,"comment_status":"open","ping_status":"closed","template":"","meta":{"_acf_changed":false},"product_brand":[],"product_cat":[195,196,189,190],"product_tag":[194],"class_list":{"0":"post-45395","1":"product","2":"type-product","3":"status-publish","4":"has-post-thumbnail","6":"product_cat-kavos-gerimai","7":"product_cat-maisto-gaminimas","8":"product_cat-zygio-iranga","9":"product_cat-zygio-prekes","10":"product_tag-no_ads","12":"first","13":"instock","14":"sale","15":"taxable","16":"shipping-taxable","17":"purchasable","18":"product-type-simple"},"bundled_by":[],"bundle_stock_status":"instock","bundle_stock_quantity":14,"bundle_virtual":false,"bundle_layout":"","bundle_add_to_cart_form_location":"","bundle_editable_in_cart":false,"bundle_sold_individually_context":"","bundle_item_grouping":"","bundle_min_size":"","bundle_max_size":"","bundle_price":[],"bundled_items":[],"bundle_sell_ids":[],"acf":[],"yoast_head":"<!-- This site is optimized with the Yoast SEO plugin v27.3 - https:\/\/yoast.com\/product\/yoast-seo-wordpress\/ -->\n<title>Tirpi kava KOHE Colombia (10x1.8g)<\/title>\n<meta name=\"description\" content=\"Tirpi kava KOHE Colombia (10x1.8g) \u2013 tai gryno ir \u0161velnaus skonio kava i\u0161 Kolumbijos su kakavos, karamel\u0117s ir granat\u0173 natomis.\" \/>\n<meta name=\"robots\" content=\"index, follow, max-snippet:-1, max-image-preview:large, max-video-preview:-1\" \/>\n<link rel=\"canonical\" href=\"https:\/\/toidupakk.ee\/lt\/toode\/tirpi-kava-kohe-colombia-10x1-8g\/\" \/>\n<meta property=\"og:locale\" content=\"lt_LT\" \/>\n<meta property=\"og:type\" content=\"article\" \/>\n<meta property=\"og:title\" content=\"Tirpi kava KOHE Colombia (10x1.8g)\" \/>\n<meta property=\"og:description\" content=\"Tirpi kava KOHE Colombia (10x1.8g) \u2013 tai gryno ir \u0161velnaus skonio kava i\u0161 Kolumbijos su kakavos, karamel\u0117s ir granat\u0173 natomis.\" \/>\n<meta property=\"og:url\" content=\"https:\/\/toidupakk.ee\/lt\/toode\/tirpi-kava-kohe-colombia-10x1-8g\/\" \/>\n<meta property=\"og:site_name\" content=\"Toidupakk.ee - Tactical Foodpack toidupakid\" \/>\n<meta property=\"article:publisher\" content=\"https:\/\/www.facebook.com\/Toidupakk\" \/>\n<meta property=\"article:modified_time\" content=\"2026-04-15T02:01:18+00:00\" \/>\n<meta property=\"og:image\" content=\"https:\/\/toidupakk.ee\/wp-content\/uploads\/2026\/02\/1-1.png\" \/>\n\t<meta property=\"og:image:width\" content=\"800\" \/>\n\t<meta property=\"og:image:height\" content=\"800\" \/>\n\t<meta property=\"og:image:type\" content=\"image\/png\" \/>\n<meta name=\"twitter:card\" content=\"summary_large_image\" \/>\n<meta name=\"twitter:label1\" content=\"Est. reading time\" \/>\n\t<meta name=\"twitter:data1\" content=\"2 minut\u0117s\" \/>\n<script type=\"application\/ld+json\" class=\"yoast-schema-graph\">{\"@context\":\"https:\\\/\\\/schema.org\",\"@graph\":[{\"@type\":\"WebPage\",\"@id\":\"https:\\\/\\\/toidupakk.ee\\\/lt\\\/toode\\\/tirpi-kava-kohe-colombia-10x1-8g\\\/\",\"url\":\"https:\\\/\\\/toidupakk.ee\\\/lt\\\/toode\\\/tirpi-kava-kohe-colombia-10x1-8g\\\/\",\"name\":\"Tirpi kava KOHE Colombia (10x1.8g)\",\"isPartOf\":{\"@id\":\"https:\\\/\\\/toidupakk.ee\\\/lt\\\/#website\"},\"primaryImageOfPage\":{\"@id\":\"https:\\\/\\\/toidupakk.ee\\\/lt\\\/toode\\\/tirpi-kava-kohe-colombia-10x1-8g\\\/#primaryimage\"},\"image\":{\"@id\":\"https:\\\/\\\/toidupakk.ee\\\/lt\\\/toode\\\/tirpi-kava-kohe-colombia-10x1-8g\\\/#primaryimage\"},\"thumbnailUrl\":\"https:\\\/\\\/toidupakk.ee\\\/wp-content\\\/uploads\\\/2026\\\/02\\\/1-1.png\",\"datePublished\":\"2026-02-10T09:44:28+00:00\",\"dateModified\":\"2026-04-15T02:01:18+00:00\",\"description\":\"Tirpi kava KOHE Colombia (10x1.8g) \u2013 tai gryno ir \u0161velnaus skonio kava i\u0161 Kolumbijos su kakavos, karamel\u0117s ir granat\u0173 natomis.\",\"breadcrumb\":{\"@id\":\"https:\\\/\\\/toidupakk.ee\\\/lt\\\/toode\\\/tirpi-kava-kohe-colombia-10x1-8g\\\/#breadcrumb\"},\"inLanguage\":\"lt-LT\",\"potentialAction\":[{\"@type\":\"ReadAction\",\"target\":[\"https:\\\/\\\/toidupakk.ee\\\/lt\\\/toode\\\/tirpi-kava-kohe-colombia-10x1-8g\\\/\"]}]},{\"@type\":\"ImageObject\",\"inLanguage\":\"lt-LT\",\"@id\":\"https:\\\/\\\/toidupakk.ee\\\/lt\\\/toode\\\/tirpi-kava-kohe-colombia-10x1-8g\\\/#primaryimage\",\"url\":\"https:\\\/\\\/toidupakk.ee\\\/wp-content\\\/uploads\\\/2026\\\/02\\\/1-1.png\",\"contentUrl\":\"https:\\\/\\\/toidupakk.ee\\\/wp-content\\\/uploads\\\/2026\\\/02\\\/1-1.png\",\"width\":800,\"height\":800},{\"@type\":\"BreadcrumbList\",\"@id\":\"https:\\\/\\\/toidupakk.ee\\\/lt\\\/toode\\\/tirpi-kava-kohe-colombia-10x1-8g\\\/#breadcrumb\",\"itemListElement\":[{\"@type\":\"ListItem\",\"position\":1,\"name\":\"Avaleht\",\"item\":\"https:\\\/\\\/toidupakk.ee\\\/lt\\\/\"},{\"@type\":\"ListItem\",\"position\":2,\"name\":\"El. parduotuv\u0117\",\"item\":\"https:\\\/\\\/toidupakk.ee\\\/lt\\\/el-parduotuve\\\/\"},{\"@type\":\"ListItem\",\"position\":3,\"name\":\"Tirpi kava KOHE Colombia (10&#215;1.8g)\"}]},{\"@type\":\"WebSite\",\"@id\":\"https:\\\/\\\/toidupakk.ee\\\/lt\\\/#website\",\"url\":\"https:\\\/\\\/toidupakk.ee\\\/lt\\\/\",\"name\":\"Toidupakk.ee - Tactical Foodpack toidupakid\",\"description\":\"Tactical Foodpack k\u00fclmkuivatatud toidupakid ja matkaeined\",\"publisher\":{\"@id\":\"https:\\\/\\\/toidupakk.ee\\\/lt\\\/#organization\"},\"potentialAction\":[{\"@type\":\"SearchAction\",\"target\":{\"@type\":\"EntryPoint\",\"urlTemplate\":\"https:\\\/\\\/toidupakk.ee\\\/lt\\\/?s={search_term_string}\"},\"query-input\":{\"@type\":\"PropertyValueSpecification\",\"valueRequired\":true,\"valueName\":\"search_term_string\"}}],\"inLanguage\":\"lt-LT\"},{\"@type\":\"Organization\",\"@id\":\"https:\\\/\\\/toidupakk.ee\\\/lt\\\/#organization\",\"name\":\"Tactical Foodpack matkaeined\",\"url\":\"https:\\\/\\\/toidupakk.ee\\\/lt\\\/\",\"logo\":{\"@type\":\"ImageObject\",\"inLanguage\":\"lt-LT\",\"@id\":\"https:\\\/\\\/toidupakk.ee\\\/lt\\\/#\\\/schema\\\/logo\\\/image\\\/\",\"url\":\"https:\\\/\\\/toidupakk.ee\\\/wp-content\\\/uploads\\\/2022\\\/01\\\/Toidupakk-matkapood-logo-transparent.png\",\"contentUrl\":\"https:\\\/\\\/toidupakk.ee\\\/wp-content\\\/uploads\\\/2022\\\/01\\\/Toidupakk-matkapood-logo-transparent.png\",\"width\":500,\"height\":500,\"caption\":\"Tactical Foodpack matkaeined\"},\"image\":{\"@id\":\"https:\\\/\\\/toidupakk.ee\\\/lt\\\/#\\\/schema\\\/logo\\\/image\\\/\"},\"sameAs\":[\"https:\\\/\\\/www.facebook.com\\\/Toidupakk\",\"https:\\\/\\\/www.instagram.com\\\/toidupakk\\\/\"]}]}<\/script>\n<!-- \/ Yoast SEO plugin. -->","yoast_head_json":{"title":"Tirpi kava KOHE Colombia (10x1.8g)","description":"Tirpi kava KOHE Colombia (10x1.8g) \u2013 tai gryno ir \u0161velnaus skonio kava i\u0161 Kolumbijos su kakavos, karamel\u0117s ir granat\u0173 natomis.","robots":{"index":"index","follow":"follow","max-snippet":"max-snippet:-1","max-image-preview":"max-image-preview:large","max-video-preview":"max-video-preview:-1"},"canonical":"https:\/\/toidupakk.ee\/lt\/toode\/tirpi-kava-kohe-colombia-10x1-8g\/","og_locale":"lt_LT","og_type":"article","og_title":"Tirpi kava KOHE Colombia (10x1.8g)","og_description":"Tirpi kava KOHE Colombia (10x1.8g) \u2013 tai gryno ir \u0161velnaus skonio kava i\u0161 Kolumbijos su kakavos, karamel\u0117s ir granat\u0173 natomis.","og_url":"https:\/\/toidupakk.ee\/lt\/toode\/tirpi-kava-kohe-colombia-10x1-8g\/","og_site_name":"Toidupakk.ee - Tactical Foodpack toidupakid","article_publisher":"https:\/\/www.facebook.com\/Toidupakk","article_modified_time":"2026-04-15T02:01:18+00:00","og_image":[{"width":800,"height":800,"url":"https:\/\/toidupakk.ee\/wp-content\/uploads\/2026\/02\/1-1.png","type":"image\/png"}],"twitter_card":"summary_large_image","twitter_misc":{"Est. reading time":"2 minut\u0117s"},"schema":{"@context":"https:\/\/schema.org","@graph":[{"@type":"WebPage","@id":"https:\/\/toidupakk.ee\/lt\/toode\/tirpi-kava-kohe-colombia-10x1-8g\/","url":"https:\/\/toidupakk.ee\/lt\/toode\/tirpi-kava-kohe-colombia-10x1-8g\/","name":"Tirpi kava KOHE Colombia (10x1.8g)","isPartOf":{"@id":"https:\/\/toidupakk.ee\/lt\/#website"},"primaryImageOfPage":{"@id":"https:\/\/toidupakk.ee\/lt\/toode\/tirpi-kava-kohe-colombia-10x1-8g\/#primaryimage"},"image":{"@id":"https:\/\/toidupakk.ee\/lt\/toode\/tirpi-kava-kohe-colombia-10x1-8g\/#primaryimage"},"thumbnailUrl":"https:\/\/toidupakk.ee\/wp-content\/uploads\/2026\/02\/1-1.png","datePublished":"2026-02-10T09:44:28+00:00","dateModified":"2026-04-15T02:01:18+00:00","description":"Tirpi kava KOHE Colombia (10x1.8g) \u2013 tai gryno ir \u0161velnaus skonio kava i\u0161 Kolumbijos su kakavos, karamel\u0117s ir granat\u0173 natomis.","breadcrumb":{"@id":"https:\/\/toidupakk.ee\/lt\/toode\/tirpi-kava-kohe-colombia-10x1-8g\/#breadcrumb"},"inLanguage":"lt-LT","potentialAction":[{"@type":"ReadAction","target":["https:\/\/toidupakk.ee\/lt\/toode\/tirpi-kava-kohe-colombia-10x1-8g\/"]}]},{"@type":"ImageObject","inLanguage":"lt-LT","@id":"https:\/\/toidupakk.ee\/lt\/toode\/tirpi-kava-kohe-colombia-10x1-8g\/#primaryimage","url":"https:\/\/toidupakk.ee\/wp-content\/uploads\/2026\/02\/1-1.png","contentUrl":"https:\/\/toidupakk.ee\/wp-content\/uploads\/2026\/02\/1-1.png","width":800,"height":800},{"@type":"BreadcrumbList","@id":"https:\/\/toidupakk.ee\/lt\/toode\/tirpi-kava-kohe-colombia-10x1-8g\/#breadcrumb","itemListElement":[{"@type":"ListItem","position":1,"name":"Avaleht","item":"https:\/\/toidupakk.ee\/lt\/"},{"@type":"ListItem","position":2,"name":"El. parduotuv\u0117","item":"https:\/\/toidupakk.ee\/lt\/el-parduotuve\/"},{"@type":"ListItem","position":3,"name":"Tirpi kava KOHE Colombia (10&#215;1.8g)"}]},{"@type":"WebSite","@id":"https:\/\/toidupakk.ee\/lt\/#website","url":"https:\/\/toidupakk.ee\/lt\/","name":"Toidupakk.ee - Tactical Foodpack toidupakid","description":"Tactical Foodpack k\u00fclmkuivatatud toidupakid ja matkaeined","publisher":{"@id":"https:\/\/toidupakk.ee\/lt\/#organization"},"potentialAction":[{"@type":"SearchAction","target":{"@type":"EntryPoint","urlTemplate":"https:\/\/toidupakk.ee\/lt\/?s={search_term_string}"},"query-input":{"@type":"PropertyValueSpecification","valueRequired":true,"valueName":"search_term_string"}}],"inLanguage":"lt-LT"},{"@type":"Organization","@id":"https:\/\/toidupakk.ee\/lt\/#organization","name":"Tactical Foodpack matkaeined","url":"https:\/\/toidupakk.ee\/lt\/","logo":{"@type":"ImageObject","inLanguage":"lt-LT","@id":"https:\/\/toidupakk.ee\/lt\/#\/schema\/logo\/image\/","url":"https:\/\/toidupakk.ee\/wp-content\/uploads\/2022\/01\/Toidupakk-matkapood-logo-transparent.png","contentUrl":"https:\/\/toidupakk.ee\/wp-content\/uploads\/2022\/01\/Toidupakk-matkapood-logo-transparent.png","width":500,"height":500,"caption":"Tactical Foodpack matkaeined"},"image":{"@id":"https:\/\/toidupakk.ee\/lt\/#\/schema\/logo\/image\/"},"sameAs":["https:\/\/www.facebook.com\/Toidupakk","https:\/\/www.instagram.com\/toidupakk\/"]}]}},"jetpack_sharing_enabled":true,"_links":{"self":[{"href":"https:\/\/toidupakk.ee\/lt\/wp-json\/wp\/v2\/product\/45395","targetHints":{"allow":["GET"]}}],"collection":[{"href":"https:\/\/toidupakk.ee\/lt\/wp-json\/wp\/v2\/product"}],"about":[{"href":"https:\/\/toidupakk.ee\/lt\/wp-json\/wp\/v2\/types\/product"}],"replies":[{"embeddable":true,"href":"https:\/\/toidupakk.ee\/lt\/wp-json\/wp\/v2\/comments?post=45395"}],"wp:featuredmedia":[{"embeddable":true,"href":"https:\/\/toidupakk.ee\/lt\/wp-json\/wp\/v2\/media\/55010"}],"wp:attachment":[{"href":"https:\/\/toidupakk.ee\/lt\/wp-json\/wp\/v2\/media?parent=45395"}],"wp:term":[{"taxonomy":"product_brand","embeddable":true,"href":"https:\/\/toidupakk.ee\/lt\/wp-json\/wp\/v2\/product_brand?post=45395"},{"taxonomy":"product_cat","embeddable":true,"href":"https:\/\/toidupakk.ee\/lt\/wp-json\/wp\/v2\/product_cat?post=45395"},{"taxonomy":"product_tag","embeddable":true,"href":"https:\/\/toidupakk.ee\/lt\/wp-json\/wp\/v2\/product_tag?post=45395"}],"curies":[{"name":"wp","href":"https:\/\/api.w.org\/{rel}","templated":true}]}}